{"id":7637,"date":"2021-11-12T04:06:28","date_gmt":"2021-11-12T03:06:28","guid":{"rendered":"https:\/\/ibcparts.eu\/?post_type=product&#038;p=7637"},"modified":"2026-01-13T14:01:41","modified_gmt":"2026-01-13T13:01:41","slug":"adapter-za-cev-25mm-32mm-38mm-in-50mm","status":"publish","type":"product","link":"https:\/\/ibcparts.eu\/en\/product\/adapter-za-cev-25mm-32mm-38mm-in-50mm\/","title":{"rendered":"Hose adapter for IBC container 25 mm, 32 mm, 38 mm and 50 mm"},"content":{"rendered":"<p class=\" translation-block\">\u200b<strong>Nasvet:<\/strong><br>\r\nPred monta\u017eo bodite pozorni na to, da je lice ventila cisterne (kamor montiramo adapter) gladko in nepo\u0161kodovano. Nove cisterne imajo aluminijasto plombo na odprtini ventila \u2013 \u010de je ta povr\u0161no odstranjena, je lahko to vzrok slab\u0161ega tesnjenja. Vsakr\u0161ne nepravilnosti na ventilu odstranite oz pobrusite s smirkovim papirjem pred prvo monta\u017eo adapterja.<\/p>","protected":false},"excerpt":{"rendered":"<div><\/div>\n<div id=\"257745264360148125\">\n<div>\n<div id=\"element-2a2802b3-1fae-4908-9cd7-952a68cb4461\" class=\"platform-element-contents\" data-platform-element-id=\"702688850553606843-1.4.3\">\n<div class=\"simple-table-wrapper\">\n<p class=\" translation-block\"><strong>Material:<\/strong> plastic<br>\n<strong>Color:<\/strong> black<br>\n<strong>Seal:<\/strong> PE foam on the inside.<\/p>\n<p><strong>Material:\u00a0<\/strong>plastics<br \/>\n<strong>Colour:\u00a0<\/strong>Black<br \/>\n<strong>Gasket<\/strong>\u00a0made of foam (PE) on the inside.<\/p>\n<p>Excellent sealing and high durability!<\/p>\n<p><strong>Buy more, save more \u2013 quantities of different products and variations are combined!<\/strong><\/p>\n<\/div>\n<\/div>\n<\/div>\n<\/div>","protected":false},"featured_media":7638,"template":"","meta":[],"product_brand":[],"product_cat":[170,298],"product_tag":[],"class_list":{"0":"post-7637","1":"product","2":"type-product","3":"status-publish","4":"has-post-thumbnail","6":"product_cat-reducirji-in-prikljucki-za-ibc","7":"product_cat-prikljucki-za-cisterno-z-navojem-s60x6","9":"first","10":"instock","11":"shipping-taxable","12":"purchasable","13":"product-type-variable"},"yoast_head":"<!-- This site is optimized with the Yoast SEO plugin v27.1.1 - https:\/\/yoast.com\/product\/yoast-seo-wordpress\/ -->\n<title>Adapter za cev za IBC cisterno 25mm, 32mm, 38mm in 50mm | IBCparts.eu<\/title>\n<meta name=\"description\" content=\"Kvaliteten adapter + nastavek za\u00a0 cev (direktna monta\u017ea).Za cisterne z ventilom fi 55-62mm, grobi navoj S60x6 (DN50).\" \/>\n<meta name=\"robots\" content=\"index, follow, max-snippet:-1, max-image-preview:large, max-video-preview:-1\" \/>\n<link rel=\"canonical\" href=\"https:\/\/ibcparts.eu\/en\/product\/adapter-za-cev-25mm-32mm-38mm-in-50mm\/\" \/>\n<meta property=\"og:locale\" content=\"en_US\" \/>\n<meta property=\"og:type\" content=\"article\" \/>\n<meta property=\"og:title\" content=\"Adapter za cev za IBC cisterno 25mm, 32mm, 38mm in 50mm | IBCparts.eu\" \/>\n<meta property=\"og:description\" content=\"Kvaliteten adapter + nastavek za\u00a0 cev (direktna monta\u017ea).Za cisterne z ventilom fi 55-62mm, grobi navoj S60x6 (DN50).\" \/>\n<meta property=\"og:url\" content=\"https:\/\/ibcparts.eu\/en\/product\/adapter-za-cev-25mm-32mm-38mm-in-50mm\/\" \/>\n<meta property=\"og:site_name\" content=\"IBCparts.eu\" \/>\n<meta property=\"article:modified_time\" content=\"2026-01-13T13:01:41+00:00\" \/>\n<meta property=\"og:image\" content=\"https:\/\/ibcparts.eu\/wp-content\/uploads\/2021\/11\/s60-reducir-na-cev-dimezije_orig.jpg\" \/>\n\t<meta property=\"og:image:width\" content=\"1028\" \/>\n\t<meta property=\"og:image:height\" content=\"1028\" \/>\n\t<meta property=\"og:image:type\" content=\"image\/jpeg\" \/>\n<meta name=\"twitter:card\" content=\"summary_large_image\" \/>\n<script type=\"application\/ld+json\" class=\"yoast-schema-graph\">{\"@context\":\"https:\/\/schema.org\",\"@graph\":[{\"@type\":\"WebPage\",\"@id\":\"https:\/\/ibcparts.eu\/izdelek\/adapter-za-cev-25mm-32mm-38mm-in-50mm\/\",\"url\":\"https:\/\/ibcparts.eu\/izdelek\/adapter-za-cev-25mm-32mm-38mm-in-50mm\/\",\"name\":\"Adapter za cev za IBC cisterno 25mm, 32mm, 38mm in 50mm | IBCparts.eu\",\"isPartOf\":{\"@id\":\"https:\/\/ibcparts.eu\/#website\"},\"primaryImageOfPage\":{\"@id\":\"https:\/\/ibcparts.eu\/izdelek\/adapter-za-cev-25mm-32mm-38mm-in-50mm\/#primaryimage\"},\"image\":{\"@id\":\"https:\/\/ibcparts.eu\/izdelek\/adapter-za-cev-25mm-32mm-38mm-in-50mm\/#primaryimage\"},\"thumbnailUrl\":\"https:\/\/ibcparts.eu\/wp-content\/uploads\/2021\/11\/s60-reducir-na-cev-dimezije_orig.jpg\",\"datePublished\":\"2021-11-12T03:06:28+00:00\",\"dateModified\":\"2026-01-13T13:01:41+00:00\",\"description\":\"Kvaliteten adapter + nastavek za\u00a0 cev (direktna monta\u017ea).Za cisterne z ventilom fi 55-62mm, grobi navoj S60x6 (DN50).\",\"breadcrumb\":{\"@id\":\"https:\/\/ibcparts.eu\/izdelek\/adapter-za-cev-25mm-32mm-38mm-in-50mm\/#breadcrumb\"},\"inLanguage\":\"en-US\",\"potentialAction\":[{\"@type\":\"ReadAction\",\"target\":[\"https:\/\/ibcparts.eu\/izdelek\/adapter-za-cev-25mm-32mm-38mm-in-50mm\/\"]}]},{\"@type\":\"ImageObject\",\"inLanguage\":\"en-US\",\"@id\":\"https:\/\/ibcparts.eu\/izdelek\/adapter-za-cev-25mm-32mm-38mm-in-50mm\/#primaryimage\",\"url\":\"https:\/\/ibcparts.eu\/wp-content\/uploads\/2021\/11\/s60-reducir-na-cev-dimezije_orig.jpg\",\"contentUrl\":\"https:\/\/ibcparts.eu\/wp-content\/uploads\/2021\/11\/s60-reducir-na-cev-dimezije_orig.jpg\",\"width\":1028,\"height\":1028,\"caption\":\"s60-reducir-na-cev-dimezije_orig\"},{\"@type\":\"BreadcrumbList\",\"@id\":\"https:\/\/ibcparts.eu\/izdelek\/adapter-za-cev-25mm-32mm-38mm-in-50mm\/#breadcrumb\",\"itemListElement\":[{\"@type\":\"ListItem\",\"position\":1,\"name\":\"Home\",\"item\":\"https:\/\/ibcparts.eu\/\"},{\"@type\":\"ListItem\",\"position\":2,\"name\":\"Nakupujte\",\"item\":\"https:\/\/ibcparts.eu\/nakupujte\/\"},{\"@type\":\"ListItem\",\"position\":3,\"name\":\"Adapter za cev za IBC cisterno 25mm, 32mm, 38mm in 50mm\"}]},{\"@type\":\"WebSite\",\"@id\":\"https:\/\/ibcparts.eu\/#website\",\"url\":\"https:\/\/ibcparts.eu\/\",\"name\":\"IBCparts.eu\",\"description\":\"\",\"publisher\":{\"@id\":\"https:\/\/ibcparts.eu\/#organization\"},\"potentialAction\":[{\"@type\":\"SearchAction\",\"target\":{\"@type\":\"EntryPoint\",\"urlTemplate\":\"https:\/\/ibcparts.eu\/?s={search_term_string}\"},\"query-input\":{\"@type\":\"PropertyValueSpecification\",\"valueRequired\":true,\"valueName\":\"search_term_string\"}}],\"inLanguage\":\"en-US\"},{\"@type\":\"Organization\",\"@id\":\"https:\/\/ibcparts.eu\/#organization\",\"name\":\"IBCparts\",\"url\":\"https:\/\/ibcparts.eu\/\",\"logo\":{\"@type\":\"ImageObject\",\"inLanguage\":\"en-US\",\"@id\":\"https:\/\/ibcparts.eu\/#\/schema\/logo\/image\/\",\"url\":\"https:\/\/ibcparts.eu\/wp-content\/uploads\/2021\/10\/Footer-Logo.png\",\"contentUrl\":\"https:\/\/ibcparts.eu\/wp-content\/uploads\/2021\/10\/Footer-Logo.png\",\"width\":1992,\"height\":772,\"caption\":\"IBCparts\"},\"image\":{\"@id\":\"https:\/\/ibcparts.eu\/#\/schema\/logo\/image\/\"}}]}<\/script>\n<!-- \/ Yoast SEO plugin. -->","yoast_head_json":{"title":"Adapter za cev za IBC cisterno 25mm, 32mm, 38mm in 50mm | IBCparts.eu","description":"High quality adapter + hose adapter (direct mounting).For tanks with valve fi 55-62mm, coarse thread S60x6 (DN50).","robots":{"index":"index","follow":"follow","max-snippet":"max-snippet:-1","max-image-preview":"max-image-preview:large","max-video-preview":"max-video-preview:-1"},"canonical":"https:\/\/ibcparts.eu\/en\/product\/adapter-za-cev-25mm-32mm-38mm-in-50mm\/","og_locale":"en_US","og_type":"article","og_title":"Adapter za cev za IBC cisterno 25mm, 32mm, 38mm in 50mm | IBCparts.eu","og_description":"Kvaliteten adapter + nastavek za\u00a0 cev (direktna monta\u017ea).Za cisterne z ventilom fi 55-62mm, grobi navoj S60x6 (DN50).","og_url":"https:\/\/ibcparts.eu\/en\/product\/adapter-za-cev-25mm-32mm-38mm-in-50mm\/","og_site_name":"IBCparts.eu","article_modified_time":"2026-01-13T13:01:41+00:00","og_image":[{"width":1028,"height":1028,"url":"https:\/\/ibcparts.eu\/wp-content\/uploads\/2021\/11\/s60-reducir-na-cev-dimezije_orig.jpg","type":"image\/jpeg"}],"twitter_card":"summary_large_image","schema":{"@context":"https:\/\/schema.org","@graph":[{"@type":"WebPage","@id":"https:\/\/ibcparts.eu\/izdelek\/adapter-za-cev-25mm-32mm-38mm-in-50mm\/","url":"https:\/\/ibcparts.eu\/izdelek\/adapter-za-cev-25mm-32mm-38mm-in-50mm\/","name":"Adapter za cev za IBC cisterno 25mm, 32mm, 38mm in 50mm | IBCparts.eu","isPartOf":{"@id":"https:\/\/ibcparts.eu\/#website"},"primaryImageOfPage":{"@id":"https:\/\/ibcparts.eu\/izdelek\/adapter-za-cev-25mm-32mm-38mm-in-50mm\/#primaryimage"},"image":{"@id":"https:\/\/ibcparts.eu\/izdelek\/adapter-za-cev-25mm-32mm-38mm-in-50mm\/#primaryimage"},"thumbnailUrl":"https:\/\/ibcparts.eu\/wp-content\/uploads\/2021\/11\/s60-reducir-na-cev-dimezije_orig.jpg","datePublished":"2021-11-12T03:06:28+00:00","dateModified":"2026-01-13T13:01:41+00:00","description":"High quality adapter + hose adapter (direct mounting).For tanks with valve fi 55-62mm, coarse thread S60x6 (DN50).","breadcrumb":{"@id":"https:\/\/ibcparts.eu\/izdelek\/adapter-za-cev-25mm-32mm-38mm-in-50mm\/#breadcrumb"},"inLanguage":"en-US","potentialAction":[{"@type":"ReadAction","target":["https:\/\/ibcparts.eu\/izdelek\/adapter-za-cev-25mm-32mm-38mm-in-50mm\/"]}]},{"@type":"ImageObject","inLanguage":"en-US","@id":"https:\/\/ibcparts.eu\/izdelek\/adapter-za-cev-25mm-32mm-38mm-in-50mm\/#primaryimage","url":"https:\/\/ibcparts.eu\/wp-content\/uploads\/2021\/11\/s60-reducir-na-cev-dimezije_orig.jpg","contentUrl":"https:\/\/ibcparts.eu\/wp-content\/uploads\/2021\/11\/s60-reducir-na-cev-dimezije_orig.jpg","width":1028,"height":1028,"caption":"s60-reducir-na-cev-dimezije_orig"},{"@type":"BreadcrumbList","@id":"https:\/\/ibcparts.eu\/izdelek\/adapter-za-cev-25mm-32mm-38mm-in-50mm\/#breadcrumb","itemListElement":[{"@type":"ListItem","position":1,"name":"Home","item":"https:\/\/ibcparts.eu\/"},{"@type":"ListItem","position":2,"name":"Nakupujte","item":"https:\/\/ibcparts.eu\/nakupujte\/"},{"@type":"ListItem","position":3,"name":"Adapter za cev za IBC cisterno 25mm, 32mm, 38mm in 50mm"}]},{"@type":"WebSite","@id":"https:\/\/ibcparts.eu\/#website","url":"https:\/\/ibcparts.eu\/","name":"IBCparts.eu","description":"","publisher":{"@id":"https:\/\/ibcparts.eu\/#organization"},"potentialAction":[{"@type":"SearchAction","target":{"@type":"EntryPoint","urlTemplate":"https:\/\/ibcparts.eu\/?s={search_term_string}"},"query-input":{"@type":"PropertyValueSpecification","valueRequired":true,"valueName":"search_term_string"}}],"inLanguage":"en-US"},{"@type":"Organization","@id":"https:\/\/ibcparts.eu\/#organization","name":"IBCparts","url":"https:\/\/ibcparts.eu\/","logo":{"@type":"ImageObject","inLanguage":"en-US","@id":"https:\/\/ibcparts.eu\/#\/schema\/logo\/image\/","url":"https:\/\/ibcparts.eu\/wp-content\/uploads\/2021\/10\/Footer-Logo.png","contentUrl":"https:\/\/ibcparts.eu\/wp-content\/uploads\/2021\/10\/Footer-Logo.png","width":1992,"height":772,"caption":"IBCparts"},"image":{"@id":"https:\/\/ibcparts.eu\/#\/schema\/logo\/image\/"}}]}},"_links":{"self":[{"href":"https:\/\/ibcparts.eu\/en\/wp-json\/wp\/v2\/product\/7637","targetHints":{"allow":["GET"]}}],"collection":[{"href":"https:\/\/ibcparts.eu\/en\/wp-json\/wp\/v2\/product"}],"about":[{"href":"https:\/\/ibcparts.eu\/en\/wp-json\/wp\/v2\/types\/product"}],"version-history":[{"count":1,"href":"https:\/\/ibcparts.eu\/en\/wp-json\/wp\/v2\/product\/7637\/revisions"}],"predecessor-version":[{"id":20175,"href":"https:\/\/ibcparts.eu\/en\/wp-json\/wp\/v2\/product\/7637\/revisions\/20175"}],"wp:featuredmedia":[{"embeddable":true,"href":"https:\/\/ibcparts.eu\/en\/wp-json\/wp\/v2\/media\/7638"}],"wp:attachment":[{"href":"https:\/\/ibcparts.eu\/en\/wp-json\/wp\/v2\/media?parent=7637"}],"wp:term":[{"taxonomy":"product_brand","embeddable":true,"href":"https:\/\/ibcparts.eu\/en\/wp-json\/wp\/v2\/product_brand?post=7637"},{"taxonomy":"product_cat","embeddable":true,"href":"https:\/\/ibcparts.eu\/en\/wp-json\/wp\/v2\/product_cat?post=7637"},{"taxonomy":"product_tag","embeddable":true,"href":"https:\/\/ibcparts.eu\/en\/wp-json\/wp\/v2\/product_tag?post=7637"}],"curies":[{"name":"wp","href":"https:\/\/api.w.org\/{rel}","templated":true}]}}