{"id":7616,"date":"2021-11-11T13:24:52","date_gmt":"2021-11-11T12:24:52","guid":{"rendered":"https:\/\/ibcparts.eu\/?post_type=product&#038;p=7616"},"modified":"2026-01-13T14:01:01","modified_gmt":"2026-01-13T13:01:01","slug":"adapter-easy-za-cev-vec-dimenzij","status":"publish","type":"product","link":"https:\/\/ibcparts.eu\/en\/product\/easy-adapter-for-hose-multiple-sizes\/","title":{"rendered":"EASY hose adapter for IBC container (15\u201350 mm) (rotating nut)"},"content":{"rendered":"<h2 data-start=\"193\" data-end=\"269\">EASY adapter with rotating nut and hose fitting for IBC container<\/h2>\n<p data-start=\"271\" data-end=\"761\" class=\" translation-block\">Adapter EASY je kvaliteten adapter za IBC cisterne z vrtljivo matico, ki omogo\u010da la\u017ejo monta\u017eo in demonta\u017eo, tudi kadar je na adapter \u017ee priklju\u010dena dalj\u0161a cev. Namenjen je direktni monta\u017ei cevi in se uporablja kot <strong data-start=\"498\" data-end=\"544\">adapter oziroma priklju\u010dek za IBC cisterno<\/strong> pri pogostem priklapljanju in odklapljanju, na primer pri to\u010denju AdBlue. Izdelan je iz materiala HDPE in ima EPDM gumijasto tesnilo, ki zagotavlja <strong data-start=\"693\" data-end=\"760\">zanesljivo tesnjenje tudi pri manj\u0161ih nepravilnostih na ventilu<\/strong>.<\/p>\n<p data-start=\"763\" data-end=\"784\">Technical specifications<\/p>\n<ul>\n<li data-start=\"787\" data-end=\"845\">Product type: hose adapter (connector for IBC container)<\/li>\n<li data-start=\"848\" data-end=\"899\">Thread type on container: S60x6 (DN50), coarse thread<\/li>\n<li data-start=\"939\" data-end=\"980\">Hose connection: hose barb (outer diameter)<\/li>\n<li data-start=\"983\" data-end=\"995\">Dimensions:\n<ul data-start=\"998\" data-end=\"1067\">\n<li data-start=\"998\" data-end=\"1007\">\n<p data-start=\"1000\" data-end=\"1007\">15 mm<\/p>\n<\/li>\n<li data-start=\"1010\" data-end=\"1019\">\n<p data-start=\"1012\" data-end=\"1019\">20 mm<\/p>\n<\/li>\n<li data-start=\"1022\" data-end=\"1031\">\n<p data-start=\"1024\" data-end=\"1031\">25 mm<\/p>\n<\/li>\n<li data-start=\"1034\" data-end=\"1043\">\n<p data-start=\"1036\" data-end=\"1043\">32 mm<\/p>\n<\/li>\n<li data-start=\"1046\" data-end=\"1055\">\n<p data-start=\"1048\" data-end=\"1055\">40 mm<\/p>\n<\/li>\n<li data-start=\"1058\" data-end=\"1067\">\n<p data-start=\"1060\" data-end=\"1067\">50 mm<\/p>\n<\/li>\n<\/ul>\n<\/li>\n<li data-start=\"1070\" data-end=\"1115\">Posebnost: vrtljiva matica za la\u017ejo monta\u017eo<\/li>\n<li data-start=\"1118\" data-end=\"1134\">Material: HDPE<\/li>\n<li data-start=\"1137\" data-end=\"1150\">Colour: black<\/li>\n<li data-start=\"1153\" data-end=\"1173\">Tesnilo: EPDM guma<\/li>\n<\/ul>\n<p data-start=\"1175\" data-end=\"1261\" class=\" translation-block\">Additional information:<br>\nAn additional PP seal for use with AdBlue is included free of charge.<\/p>\n<p class=\" translation-block\"><strong>Nasvet:<\/strong><br>\r\nPred monta\u017eo bodite pozorni na to, da je lice ventila cisterne (kamor montiramo adapter) gladko in nepo\u0161kodovano. Nove cisterne imajo aluminijasto plombo na odprtini ventila \u2013 \u010de je ta povr\u0161no odstranjena, je lahko to vzrok slab\u0161ega tesnjenja. Vsakr\u0161ne nepravilnosti na ventilu odstranite oz pobrusite s smirkovim papirjem pred prvo monta\u017eo adapterja.<\/p>\n<p>&nbsp;<\/p>","protected":false},"excerpt":{"rendered":"<p class=\" translation-block\"><span style=\"font-size: medium\">Kvaliteten adapter za IBC cisterno <strong>z vrtljivo matico <\/strong>za la\u017ejo monta\u017eo + nastavek za\u00a0 cev (direktna monta\u017ea).<\/span><\/p>\n<p class=\" translation-block\">For tanks with a valve diameter of 55\u201362 mm, coarse thread S60\u00d76 (DN50).<\/p>\n<p class=\" translation-block\"><span style=\"font-size: medium\"><strong>Na sredini se vrti<\/strong>, kar pride zelo prav, kadar imamo na adapter priklju\u010deno dalj\u0161o cev in\u00a0 jo ve\u010dkrat priklapljamo in odklapljamo iz cisterne \u2013 npr. pri to\u010denju AdBlue.<\/span><\/p>\n<p><strong>Dimensions (outer diameter of the sprue):<\/strong><\/p>\n<ul>\n<li>15mm,<\/li>\n<li>20mm,<\/li>\n<li>25mm,<\/li>\n<li>32mm,<\/li>\n<li>40mm,<\/li>\n<li>50mm.<\/li>\n<\/ul>\n<p><strong>Material:\u00a0<\/strong>HDPE<br \/>\n<strong>Colour:\u00a0<\/strong>Black<br \/>\n<strong>Gasket<\/strong>: EPDM guma.<\/p>\n<p class=\" translation-block\"><strong>Brezpla\u010dno<\/strong> vedno dodamo PP tesnilo \u2013 za uporabo z AdBlue.<\/p>\n<p><strong>Buy more, save more \u2013 quantities of different products and variations are combined!<\/strong><\/p>","protected":false},"featured_media":7617,"template":"","meta":[],"product_brand":[],"product_cat":[170,298],"product_tag":[373],"class_list":{"0":"post-7616","1":"product","2":"type-product","3":"status-publish","4":"has-post-thumbnail","6":"product_cat-reducirji-in-prikljucki-za-ibc","7":"product_cat-prikljucki-za-cisterno-z-navojem-s60x6","8":"product_tag-kvaliteten-adapter-za-ibc-cisterno-z-vrtljivo-matico-za-lazjo-montazo","10":"first","11":"instock","12":"shipping-taxable","13":"purchasable","14":"product-type-variable"},"yoast_head":"<!-- This site is optimized with the Yoast SEO plugin v27.1.1 - https:\/\/yoast.com\/product\/yoast-seo-wordpress\/ -->\n<title>Adapter EASY za cev za IBC cisterno (15\u201350 mm)(VRTLJIVA MATICA) | IBCparts.eu<\/title>\n<meta name=\"description\" content=\"Kvaliteten adapter za IBC cisterno z vrtljivo matico za la\u017ejo monta\u017eo + nastavek za\u00a0cev (direktna monta\u017ea). Navoj S60x6.\" \/>\n<meta name=\"robots\" content=\"index, follow, max-snippet:-1, max-image-preview:large, max-video-preview:-1\" \/>\n<link rel=\"canonical\" href=\"https:\/\/ibcparts.eu\/en\/product\/easy-adapter-for-hose-multiple-sizes\/\" \/>\n<meta property=\"og:locale\" content=\"en_US\" \/>\n<meta property=\"og:type\" content=\"article\" \/>\n<meta property=\"og:title\" content=\"Adapter EASY za cev za IBC cisterno (15\u201350 mm)(VRTLJIVA MATICA) | IBCparts.eu\" \/>\n<meta property=\"og:description\" content=\"Kvaliteten adapter za IBC cisterno z vrtljivo matico za la\u017ejo monta\u017eo + nastavek za\u00a0cev (direktna monta\u017ea). Navoj S60x6.\" \/>\n<meta property=\"og:url\" content=\"https:\/\/ibcparts.eu\/en\/product\/easy-adapter-for-hose-multiple-sizes\/\" \/>\n<meta property=\"og:site_name\" content=\"IBCparts.eu\" \/>\n<meta property=\"article:modified_time\" content=\"2026-01-13T13:01:01+00:00\" \/>\n<meta property=\"og:image\" content=\"https:\/\/ibcparts.eu\/wp-content\/uploads\/2021\/11\/adapter-easy-za-ibc-cisterno_orig.jpg\" \/>\n\t<meta property=\"og:image:width\" content=\"800\" \/>\n\t<meta property=\"og:image:height\" content=\"800\" \/>\n\t<meta property=\"og:image:type\" content=\"image\/jpeg\" \/>\n<meta name=\"twitter:card\" content=\"summary_large_image\" \/>\n<meta name=\"twitter:label1\" content=\"Est. reading time\" \/>\n\t<meta name=\"twitter:data1\" content=\"1 minute\" \/>\n<script type=\"application\/ld+json\" class=\"yoast-schema-graph\">{\"@context\":\"https:\/\/schema.org\",\"@graph\":[{\"@type\":\"WebPage\",\"@id\":\"https:\/\/ibcparts.eu\/izdelek\/adapter-easy-za-cev-vec-dimenzij\/\",\"url\":\"https:\/\/ibcparts.eu\/izdelek\/adapter-easy-za-cev-vec-dimenzij\/\",\"name\":\"Adapter EASY za cev za IBC cisterno (15\u201350 mm)(VRTLJIVA MATICA) | IBCparts.eu\",\"isPartOf\":{\"@id\":\"https:\/\/ibcparts.eu\/#website\"},\"primaryImageOfPage\":{\"@id\":\"https:\/\/ibcparts.eu\/izdelek\/adapter-easy-za-cev-vec-dimenzij\/#primaryimage\"},\"image\":{\"@id\":\"https:\/\/ibcparts.eu\/izdelek\/adapter-easy-za-cev-vec-dimenzij\/#primaryimage\"},\"thumbnailUrl\":\"https:\/\/ibcparts.eu\/wp-content\/uploads\/2021\/11\/adapter-easy-za-ibc-cisterno_orig.jpg\",\"datePublished\":\"2021-11-11T12:24:52+00:00\",\"dateModified\":\"2026-01-13T13:01:01+00:00\",\"description\":\"Kvaliteten adapter za IBC cisterno z vrtljivo matico za la\u017ejo monta\u017eo + nastavek za\u00a0cev (direktna monta\u017ea). Navoj S60x6.\",\"breadcrumb\":{\"@id\":\"https:\/\/ibcparts.eu\/izdelek\/adapter-easy-za-cev-vec-dimenzij\/#breadcrumb\"},\"inLanguage\":\"en-US\",\"potentialAction\":[{\"@type\":\"ReadAction\",\"target\":[\"https:\/\/ibcparts.eu\/izdelek\/adapter-easy-za-cev-vec-dimenzij\/\"]}]},{\"@type\":\"ImageObject\",\"inLanguage\":\"en-US\",\"@id\":\"https:\/\/ibcparts.eu\/izdelek\/adapter-easy-za-cev-vec-dimenzij\/#primaryimage\",\"url\":\"https:\/\/ibcparts.eu\/wp-content\/uploads\/2021\/11\/adapter-easy-za-ibc-cisterno_orig.jpg\",\"contentUrl\":\"https:\/\/ibcparts.eu\/wp-content\/uploads\/2021\/11\/adapter-easy-za-ibc-cisterno_orig.jpg\",\"width\":800,\"height\":800,\"caption\":\"adapter-easy-za-ibc-cisterno_orig\"},{\"@type\":\"BreadcrumbList\",\"@id\":\"https:\/\/ibcparts.eu\/izdelek\/adapter-easy-za-cev-vec-dimenzij\/#breadcrumb\",\"itemListElement\":[{\"@type\":\"ListItem\",\"position\":1,\"name\":\"Home\",\"item\":\"https:\/\/ibcparts.eu\/\"},{\"@type\":\"ListItem\",\"position\":2,\"name\":\"Nakupujte\",\"item\":\"https:\/\/ibcparts.eu\/nakupujte\/\"},{\"@type\":\"ListItem\",\"position\":3,\"name\":\"Adapter EASY za cev za IBC cisterno (15\u201350 mm)(VRTLJIVA MATICA)\"}]},{\"@type\":\"WebSite\",\"@id\":\"https:\/\/ibcparts.eu\/#website\",\"url\":\"https:\/\/ibcparts.eu\/\",\"name\":\"IBCparts.eu\",\"description\":\"\",\"publisher\":{\"@id\":\"https:\/\/ibcparts.eu\/#organization\"},\"potentialAction\":[{\"@type\":\"SearchAction\",\"target\":{\"@type\":\"EntryPoint\",\"urlTemplate\":\"https:\/\/ibcparts.eu\/?s={search_term_string}\"},\"query-input\":{\"@type\":\"PropertyValueSpecification\",\"valueRequired\":true,\"valueName\":\"search_term_string\"}}],\"inLanguage\":\"en-US\"},{\"@type\":\"Organization\",\"@id\":\"https:\/\/ibcparts.eu\/#organization\",\"name\":\"IBCparts\",\"url\":\"https:\/\/ibcparts.eu\/\",\"logo\":{\"@type\":\"ImageObject\",\"inLanguage\":\"en-US\",\"@id\":\"https:\/\/ibcparts.eu\/#\/schema\/logo\/image\/\",\"url\":\"https:\/\/ibcparts.eu\/wp-content\/uploads\/2021\/10\/Footer-Logo.png\",\"contentUrl\":\"https:\/\/ibcparts.eu\/wp-content\/uploads\/2021\/10\/Footer-Logo.png\",\"width\":1992,\"height\":772,\"caption\":\"IBCparts\"},\"image\":{\"@id\":\"https:\/\/ibcparts.eu\/#\/schema\/logo\/image\/\"}}]}<\/script>\n<!-- \/ Yoast SEO plugin. -->","yoast_head_json":{"title":"Adapter EASY za cev za IBC cisterno (15\u201350 mm)(VRTLJIVA MATICA) | IBCparts.eu","description":"Kvaliteten adapter za IBC cisterno z vrtljivo matico za la\u017ejo monta\u017eo + nastavek za\u00a0cev (direktna monta\u017ea). Navoj S60x6.","robots":{"index":"index","follow":"follow","max-snippet":"max-snippet:-1","max-image-preview":"max-image-preview:large","max-video-preview":"max-video-preview:-1"},"canonical":"https:\/\/ibcparts.eu\/en\/product\/easy-adapter-for-hose-multiple-sizes\/","og_locale":"en_US","og_type":"article","og_title":"Adapter EASY za cev za IBC cisterno (15\u201350 mm)(VRTLJIVA MATICA) | IBCparts.eu","og_description":"Kvaliteten adapter za IBC cisterno z vrtljivo matico za la\u017ejo monta\u017eo + nastavek za\u00a0cev (direktna monta\u017ea). Navoj S60x6.","og_url":"https:\/\/ibcparts.eu\/en\/product\/easy-adapter-for-hose-multiple-sizes\/","og_site_name":"IBCparts.eu","article_modified_time":"2026-01-13T13:01:01+00:00","og_image":[{"width":800,"height":800,"url":"https:\/\/ibcparts.eu\/wp-content\/uploads\/2021\/11\/adapter-easy-za-ibc-cisterno_orig.jpg","type":"image\/jpeg"}],"twitter_card":"summary_large_image","twitter_misc":{"Est. reading time":"1 minute"},"schema":{"@context":"https:\/\/schema.org","@graph":[{"@type":"WebPage","@id":"https:\/\/ibcparts.eu\/izdelek\/adapter-easy-za-cev-vec-dimenzij\/","url":"https:\/\/ibcparts.eu\/izdelek\/adapter-easy-za-cev-vec-dimenzij\/","name":"Adapter EASY za cev za IBC cisterno (15\u201350 mm)(VRTLJIVA MATICA) | IBCparts.eu","isPartOf":{"@id":"https:\/\/ibcparts.eu\/#website"},"primaryImageOfPage":{"@id":"https:\/\/ibcparts.eu\/izdelek\/adapter-easy-za-cev-vec-dimenzij\/#primaryimage"},"image":{"@id":"https:\/\/ibcparts.eu\/izdelek\/adapter-easy-za-cev-vec-dimenzij\/#primaryimage"},"thumbnailUrl":"https:\/\/ibcparts.eu\/wp-content\/uploads\/2021\/11\/adapter-easy-za-ibc-cisterno_orig.jpg","datePublished":"2021-11-11T12:24:52+00:00","dateModified":"2026-01-13T13:01:01+00:00","description":"Kvaliteten adapter za IBC cisterno z vrtljivo matico za la\u017ejo monta\u017eo + nastavek za\u00a0cev (direktna monta\u017ea). Navoj S60x6.","breadcrumb":{"@id":"https:\/\/ibcparts.eu\/izdelek\/adapter-easy-za-cev-vec-dimenzij\/#breadcrumb"},"inLanguage":"en-US","potentialAction":[{"@type":"ReadAction","target":["https:\/\/ibcparts.eu\/izdelek\/adapter-easy-za-cev-vec-dimenzij\/"]}]},{"@type":"ImageObject","inLanguage":"en-US","@id":"https:\/\/ibcparts.eu\/izdelek\/adapter-easy-za-cev-vec-dimenzij\/#primaryimage","url":"https:\/\/ibcparts.eu\/wp-content\/uploads\/2021\/11\/adapter-easy-za-ibc-cisterno_orig.jpg","contentUrl":"https:\/\/ibcparts.eu\/wp-content\/uploads\/2021\/11\/adapter-easy-za-ibc-cisterno_orig.jpg","width":800,"height":800,"caption":"adapter-easy-za-ibc-cisterno_orig"},{"@type":"BreadcrumbList","@id":"https:\/\/ibcparts.eu\/izdelek\/adapter-easy-za-cev-vec-dimenzij\/#breadcrumb","itemListElement":[{"@type":"ListItem","position":1,"name":"Home","item":"https:\/\/ibcparts.eu\/"},{"@type":"ListItem","position":2,"name":"Nakupujte","item":"https:\/\/ibcparts.eu\/nakupujte\/"},{"@type":"ListItem","position":3,"name":"Adapter EASY za cev za IBC cisterno (15\u201350 mm)(VRTLJIVA MATICA)"}]},{"@type":"WebSite","@id":"https:\/\/ibcparts.eu\/#website","url":"https:\/\/ibcparts.eu\/","name":"IBCparts.eu","description":"","publisher":{"@id":"https:\/\/ibcparts.eu\/#organization"},"potentialAction":[{"@type":"SearchAction","target":{"@type":"EntryPoint","urlTemplate":"https:\/\/ibcparts.eu\/?s={search_term_string}"},"query-input":{"@type":"PropertyValueSpecification","valueRequired":true,"valueName":"search_term_string"}}],"inLanguage":"en-US"},{"@type":"Organization","@id":"https:\/\/ibcparts.eu\/#organization","name":"IBCparts","url":"https:\/\/ibcparts.eu\/","logo":{"@type":"ImageObject","inLanguage":"en-US","@id":"https:\/\/ibcparts.eu\/#\/schema\/logo\/image\/","url":"https:\/\/ibcparts.eu\/wp-content\/uploads\/2021\/10\/Footer-Logo.png","contentUrl":"https:\/\/ibcparts.eu\/wp-content\/uploads\/2021\/10\/Footer-Logo.png","width":1992,"height":772,"caption":"IBCparts"},"image":{"@id":"https:\/\/ibcparts.eu\/#\/schema\/logo\/image\/"}}]}},"_links":{"self":[{"href":"https:\/\/ibcparts.eu\/en\/wp-json\/wp\/v2\/product\/7616","targetHints":{"allow":["GET"]}}],"collection":[{"href":"https:\/\/ibcparts.eu\/en\/wp-json\/wp\/v2\/product"}],"about":[{"href":"https:\/\/ibcparts.eu\/en\/wp-json\/wp\/v2\/types\/product"}],"version-history":[{"count":4,"href":"https:\/\/ibcparts.eu\/en\/wp-json\/wp\/v2\/product\/7616\/revisions"}],"predecessor-version":[{"id":20173,"href":"https:\/\/ibcparts.eu\/en\/wp-json\/wp\/v2\/product\/7616\/revisions\/20173"}],"wp:featuredmedia":[{"embeddable":true,"href":"https:\/\/ibcparts.eu\/en\/wp-json\/wp\/v2\/media\/7617"}],"wp:attachment":[{"href":"https:\/\/ibcparts.eu\/en\/wp-json\/wp\/v2\/media?parent=7616"}],"wp:term":[{"taxonomy":"product_brand","embeddable":true,"href":"https:\/\/ibcparts.eu\/en\/wp-json\/wp\/v2\/product_brand?post=7616"},{"taxonomy":"product_cat","embeddable":true,"href":"https:\/\/ibcparts.eu\/en\/wp-json\/wp\/v2\/product_cat?post=7616"},{"taxonomy":"product_tag","embeddable":true,"href":"https:\/\/ibcparts.eu\/en\/wp-json\/wp\/v2\/product_tag?post=7616"}],"curies":[{"name":"wp","href":"https:\/\/api.w.org\/{rel}","templated":true}]}}