{"id":7604,"date":"2021-11-11T13:12:43","date_gmt":"2021-11-11T12:12:43","guid":{"rendered":"https:\/\/ibcparts.eu\/?post_type=product&#038;p=7604"},"modified":"2026-01-13T13:58:36","modified_gmt":"2026-01-13T12:58:36","slug":"adapter-s60-na-2-fini-bsp-zenski-navoj","status":"publish","type":"product","link":"https:\/\/ibcparts.eu\/en\/product\/s60-to-2-inch-bsp-female-thread-adapter\/","title":{"rendered":"S60x2\u2033 F adapter for IBC container (fine BSP female thread)"},"content":{"rendered":"<p>Very strong reducer for IBC containers with S60x6 thread and 2\u2033 internal BSP thread. Suitable for containers with S60x6 valve \u2013 this is the most common valve type on IBC containers.<\/p>\n<ul>\n<li>Thread type: internal S60x6 female thread, internal (female) 2\u2033 BSP thread \u2013 see image.<\/li>\n<li class=\" translation-block\"><strong>Material:<\/strong> PP \u2013 an extremely durable, lightweight, and waterproof material, resistant to UV rays, chemicals, and impacts. Due to its safety and stability, it is ideal for products that require a long service life and high durability.<\/li>\n<li>Colour: black<\/li>\n<li class=\" translation-block\">Seal: <strong>EPDM rubber \u2013 excellent resistance to UV radiation, weather conditions, and temperature variations<\/strong><\/li>\n<li>On the side where the thread is fine, we advise using Teflon.<\/li>\n<li>Teflon is NOT to be used between the tank valve and the reducer.<\/li>\n<li>Excellent sealing and high durability!<\/li>\n<\/ul>","protected":false},"excerpt":{"rendered":"<h2 data-start=\"143\" data-end=\"205\">S60x6 to 2\u2033 BSP female adapter for IBC container<\/h2>\n<p data-start=\"207\" data-end=\"687\" class=\" translation-block\">The S60x2\u2033 F adapter is a very strong adapter for IBC containers with S60x6 thread. It is used as an <strong>adapter or connector for an IBC container<\/strong> when connecting hoses, valves, or other systems with an internal (female) 2\u2033 BSP thread. It is made of PP material and equipped with a seal made of 100% EPDM rubber, specially developed with optimal hardness, which ensures <strong>reliable sealing even with larger irregularities on the valve<\/strong> and long-term use without leakage.<\/p>\n<p data-start=\"689\" data-end=\"710\">Technical specifications<\/p>\n<ul>\n<li data-start=\"713\" data-end=\"764\">Product type: adapter (connector for IBC container)<\/li>\n<li data-start=\"767\" data-end=\"820\">Thread type on container: S60x6, standard IBC thread<\/li>\n<li data-start=\"823\" data-end=\"868\" class=\" translation-block\">Thread type at outlet: internal (female) <strong>2\u2033<\/strong> BSP<\/li>\n<li data-start=\"901\" data-end=\"917\">Material: HDPE<\/li>\n<li data-start=\"920\" data-end=\"933\">Colour: black<\/li>\n<li class=\" translation-block\"><strong>Seal:<\/strong> <strong>100% EPDM rubber \u2013 exclusive to us. A specially developed seal<\/li>\n<li>Excellent sealing and high durability!<\/li>\n<\/ul>\n<p><strong>Buy more, save more \u2013 quantities of different products and variations are combined!<\/strong><\/p>\n<div id=\"335931145728526365\"><\/div>","protected":false},"featured_media":7605,"template":"","meta":[],"product_brand":[],"product_cat":[170,298],"product_tag":[461],"class_list":{"0":"post-7604","1":"product","2":"type-product","3":"status-publish","4":"has-post-thumbnail","6":"product_cat-reducirji-in-prikljucki-za-ibc","7":"product_cat-prikljucki-za-cisterno-z-navojem-s60x6","8":"product_tag-adapter-s60-na-2-fini-bsp-zenski-navoj-za-ibc-cisterno","10":"first","11":"instock","12":"shipping-taxable","13":"purchasable","14":"product-type-simple"},"yoast_head":"<!-- This site is optimized with the Yoast SEO plugin v27.1.1 - https:\/\/yoast.com\/product\/yoast-seo-wordpress\/ -->\n<title>Adapter S60x2&quot; F za IBC cisterno (fini BSP \u017eenski navoj) | IBCparts.eu<\/title>\n<meta name=\"description\" content=\"Adapter S60x6 na 2\u2033 \u017eenski BSP navoj za IBC cisterno. Iz PP, z EPDM tesnilom za zanesljivo tesnjenje brez pu\u0161\u010danja.\" \/>\n<meta name=\"robots\" content=\"index, follow, max-snippet:-1, max-image-preview:large, max-video-preview:-1\" \/>\n<link rel=\"canonical\" href=\"https:\/\/ibcparts.eu\/en\/product\/s60-to-2-inch-bsp-female-thread-adapter\/\" \/>\n<meta property=\"og:locale\" content=\"en_US\" \/>\n<meta property=\"og:type\" content=\"article\" \/>\n<meta property=\"og:title\" content=\"Adapter S60x2&quot; F za IBC cisterno (fini BSP \u017eenski navoj) | IBCparts.eu\" \/>\n<meta property=\"og:description\" content=\"Adapter S60x6 na 2\u2033 \u017eenski BSP navoj za IBC cisterno. Iz PP, z EPDM tesnilom za zanesljivo tesnjenje brez pu\u0161\u010danja.\" \/>\n<meta property=\"og:url\" content=\"https:\/\/ibcparts.eu\/en\/product\/s60-to-2-inch-bsp-female-thread-adapter\/\" \/>\n<meta property=\"og:site_name\" content=\"IBCparts.eu\" \/>\n<meta property=\"article:modified_time\" content=\"2026-01-13T12:58:36+00:00\" \/>\n<meta property=\"og:image\" content=\"https:\/\/ibcparts.eu\/wp-content\/uploads\/2021\/11\/s60-adapter-2-fini-enski-2_1_orig.jpg\" \/>\n\t<meta property=\"og:image:width\" content=\"1080\" \/>\n\t<meta property=\"og:image:height\" content=\"1080\" \/>\n\t<meta property=\"og:image:type\" content=\"image\/jpeg\" \/>\n<meta name=\"twitter:card\" content=\"summary_large_image\" \/>\n<meta name=\"twitter:label1\" content=\"Est. reading time\" \/>\n\t<meta name=\"twitter:data1\" content=\"1 minute\" \/>\n<script type=\"application\/ld+json\" class=\"yoast-schema-graph\">{\"@context\":\"https:\/\/schema.org\",\"@graph\":[{\"@type\":\"WebPage\",\"@id\":\"https:\/\/ibcparts.eu\/izdelek\/adapter-s60-na-2-fini-bsp-zenski-navoj\/\",\"url\":\"https:\/\/ibcparts.eu\/izdelek\/adapter-s60-na-2-fini-bsp-zenski-navoj\/\",\"name\":\"Adapter S60x2\\\" F za IBC cisterno (fini BSP \u017eenski navoj) | IBCparts.eu\",\"isPartOf\":{\"@id\":\"https:\/\/ibcparts.eu\/#website\"},\"primaryImageOfPage\":{\"@id\":\"https:\/\/ibcparts.eu\/izdelek\/adapter-s60-na-2-fini-bsp-zenski-navoj\/#primaryimage\"},\"image\":{\"@id\":\"https:\/\/ibcparts.eu\/izdelek\/adapter-s60-na-2-fini-bsp-zenski-navoj\/#primaryimage\"},\"thumbnailUrl\":\"https:\/\/ibcparts.eu\/wp-content\/uploads\/2021\/11\/s60-adapter-2-fini-enski-2_1_orig.jpg\",\"datePublished\":\"2021-11-11T12:12:43+00:00\",\"dateModified\":\"2026-01-13T12:58:36+00:00\",\"description\":\"Adapter S60x6 na 2\u2033 \u017eenski BSP navoj za IBC cisterno. Iz PP, z EPDM tesnilom za zanesljivo tesnjenje brez pu\u0161\u010danja.\",\"breadcrumb\":{\"@id\":\"https:\/\/ibcparts.eu\/izdelek\/adapter-s60-na-2-fini-bsp-zenski-navoj\/#breadcrumb\"},\"inLanguage\":\"en-US\",\"potentialAction\":[{\"@type\":\"ReadAction\",\"target\":[\"https:\/\/ibcparts.eu\/izdelek\/adapter-s60-na-2-fini-bsp-zenski-navoj\/\"]}]},{\"@type\":\"ImageObject\",\"inLanguage\":\"en-US\",\"@id\":\"https:\/\/ibcparts.eu\/izdelek\/adapter-s60-na-2-fini-bsp-zenski-navoj\/#primaryimage\",\"url\":\"https:\/\/ibcparts.eu\/wp-content\/uploads\/2021\/11\/s60-adapter-2-fini-enski-2_1_orig.jpg\",\"contentUrl\":\"https:\/\/ibcparts.eu\/wp-content\/uploads\/2021\/11\/s60-adapter-2-fini-enski-2_1_orig.jpg\",\"width\":1080,\"height\":1080,\"caption\":\"s60-adapter-2-fini-enski-2_1_orig\"},{\"@type\":\"BreadcrumbList\",\"@id\":\"https:\/\/ibcparts.eu\/izdelek\/adapter-s60-na-2-fini-bsp-zenski-navoj\/#breadcrumb\",\"itemListElement\":[{\"@type\":\"ListItem\",\"position\":1,\"name\":\"Home\",\"item\":\"https:\/\/ibcparts.eu\/\"},{\"@type\":\"ListItem\",\"position\":2,\"name\":\"Nakupujte\",\"item\":\"https:\/\/ibcparts.eu\/nakupujte\/\"},{\"@type\":\"ListItem\",\"position\":3,\"name\":\"Adapter S60x2&#8243; F za IBC cisterno (fini BSP \u017eenski navoj)\"}]},{\"@type\":\"WebSite\",\"@id\":\"https:\/\/ibcparts.eu\/#website\",\"url\":\"https:\/\/ibcparts.eu\/\",\"name\":\"IBCparts.eu\",\"description\":\"\",\"publisher\":{\"@id\":\"https:\/\/ibcparts.eu\/#organization\"},\"potentialAction\":[{\"@type\":\"SearchAction\",\"target\":{\"@type\":\"EntryPoint\",\"urlTemplate\":\"https:\/\/ibcparts.eu\/?s={search_term_string}\"},\"query-input\":{\"@type\":\"PropertyValueSpecification\",\"valueRequired\":true,\"valueName\":\"search_term_string\"}}],\"inLanguage\":\"en-US\"},{\"@type\":\"Organization\",\"@id\":\"https:\/\/ibcparts.eu\/#organization\",\"name\":\"IBCparts\",\"url\":\"https:\/\/ibcparts.eu\/\",\"logo\":{\"@type\":\"ImageObject\",\"inLanguage\":\"en-US\",\"@id\":\"https:\/\/ibcparts.eu\/#\/schema\/logo\/image\/\",\"url\":\"https:\/\/ibcparts.eu\/wp-content\/uploads\/2021\/10\/Footer-Logo.png\",\"contentUrl\":\"https:\/\/ibcparts.eu\/wp-content\/uploads\/2021\/10\/Footer-Logo.png\",\"width\":1992,\"height\":772,\"caption\":\"IBCparts\"},\"image\":{\"@id\":\"https:\/\/ibcparts.eu\/#\/schema\/logo\/image\/\"}}]}<\/script>\n<!-- \/ Yoast SEO plugin. -->","yoast_head_json":{"title":"Adapter S60x2\" F za IBC cisterno (fini BSP \u017eenski navoj) | IBCparts.eu","description":"Adapter S60x6 na 2\u2033 \u017eenski BSP navoj za IBC cisterno. Iz PP, z EPDM tesnilom za zanesljivo tesnjenje brez pu\u0161\u010danja.","robots":{"index":"index","follow":"follow","max-snippet":"max-snippet:-1","max-image-preview":"max-image-preview:large","max-video-preview":"max-video-preview:-1"},"canonical":"https:\/\/ibcparts.eu\/en\/product\/s60-to-2-inch-bsp-female-thread-adapter\/","og_locale":"en_US","og_type":"article","og_title":"Adapter S60x2\" F za IBC cisterno (fini BSP \u017eenski navoj) | IBCparts.eu","og_description":"Adapter S60x6 na 2\u2033 \u017eenski BSP navoj za IBC cisterno. Iz PP, z EPDM tesnilom za zanesljivo tesnjenje brez pu\u0161\u010danja.","og_url":"https:\/\/ibcparts.eu\/en\/product\/s60-to-2-inch-bsp-female-thread-adapter\/","og_site_name":"IBCparts.eu","article_modified_time":"2026-01-13T12:58:36+00:00","og_image":[{"width":1080,"height":1080,"url":"https:\/\/ibcparts.eu\/wp-content\/uploads\/2021\/11\/s60-adapter-2-fini-enski-2_1_orig.jpg","type":"image\/jpeg"}],"twitter_card":"summary_large_image","twitter_misc":{"Est. reading time":"1 minute"},"schema":{"@context":"https:\/\/schema.org","@graph":[{"@type":"WebPage","@id":"https:\/\/ibcparts.eu\/izdelek\/adapter-s60-na-2-fini-bsp-zenski-navoj\/","url":"https:\/\/ibcparts.eu\/izdelek\/adapter-s60-na-2-fini-bsp-zenski-navoj\/","name":"Adapter S60x2\" F za IBC cisterno (fini BSP \u017eenski navoj) | IBCparts.eu","isPartOf":{"@id":"https:\/\/ibcparts.eu\/#website"},"primaryImageOfPage":{"@id":"https:\/\/ibcparts.eu\/izdelek\/adapter-s60-na-2-fini-bsp-zenski-navoj\/#primaryimage"},"image":{"@id":"https:\/\/ibcparts.eu\/izdelek\/adapter-s60-na-2-fini-bsp-zenski-navoj\/#primaryimage"},"thumbnailUrl":"https:\/\/ibcparts.eu\/wp-content\/uploads\/2021\/11\/s60-adapter-2-fini-enski-2_1_orig.jpg","datePublished":"2021-11-11T12:12:43+00:00","dateModified":"2026-01-13T12:58:36+00:00","description":"Adapter S60x6 na 2\u2033 \u017eenski BSP navoj za IBC cisterno. Iz PP, z EPDM tesnilom za zanesljivo tesnjenje brez pu\u0161\u010danja.","breadcrumb":{"@id":"https:\/\/ibcparts.eu\/izdelek\/adapter-s60-na-2-fini-bsp-zenski-navoj\/#breadcrumb"},"inLanguage":"en-US","potentialAction":[{"@type":"ReadAction","target":["https:\/\/ibcparts.eu\/izdelek\/adapter-s60-na-2-fini-bsp-zenski-navoj\/"]}]},{"@type":"ImageObject","inLanguage":"en-US","@id":"https:\/\/ibcparts.eu\/izdelek\/adapter-s60-na-2-fini-bsp-zenski-navoj\/#primaryimage","url":"https:\/\/ibcparts.eu\/wp-content\/uploads\/2021\/11\/s60-adapter-2-fini-enski-2_1_orig.jpg","contentUrl":"https:\/\/ibcparts.eu\/wp-content\/uploads\/2021\/11\/s60-adapter-2-fini-enski-2_1_orig.jpg","width":1080,"height":1080,"caption":"s60-adapter-2-fini-enski-2_1_orig"},{"@type":"BreadcrumbList","@id":"https:\/\/ibcparts.eu\/izdelek\/adapter-s60-na-2-fini-bsp-zenski-navoj\/#breadcrumb","itemListElement":[{"@type":"ListItem","position":1,"name":"Home","item":"https:\/\/ibcparts.eu\/"},{"@type":"ListItem","position":2,"name":"Nakupujte","item":"https:\/\/ibcparts.eu\/nakupujte\/"},{"@type":"ListItem","position":3,"name":"Adapter S60x2&#8243; F za IBC cisterno (fini BSP \u017eenski navoj)"}]},{"@type":"WebSite","@id":"https:\/\/ibcparts.eu\/#website","url":"https:\/\/ibcparts.eu\/","name":"IBCparts.eu","description":"","publisher":{"@id":"https:\/\/ibcparts.eu\/#organization"},"potentialAction":[{"@type":"SearchAction","target":{"@type":"EntryPoint","urlTemplate":"https:\/\/ibcparts.eu\/?s={search_term_string}"},"query-input":{"@type":"PropertyValueSpecification","valueRequired":true,"valueName":"search_term_string"}}],"inLanguage":"en-US"},{"@type":"Organization","@id":"https:\/\/ibcparts.eu\/#organization","name":"IBCparts","url":"https:\/\/ibcparts.eu\/","logo":{"@type":"ImageObject","inLanguage":"en-US","@id":"https:\/\/ibcparts.eu\/#\/schema\/logo\/image\/","url":"https:\/\/ibcparts.eu\/wp-content\/uploads\/2021\/10\/Footer-Logo.png","contentUrl":"https:\/\/ibcparts.eu\/wp-content\/uploads\/2021\/10\/Footer-Logo.png","width":1992,"height":772,"caption":"IBCparts"},"image":{"@id":"https:\/\/ibcparts.eu\/#\/schema\/logo\/image\/"}}]}},"_links":{"self":[{"href":"https:\/\/ibcparts.eu\/en\/wp-json\/wp\/v2\/product\/7604","targetHints":{"allow":["GET"]}}],"collection":[{"href":"https:\/\/ibcparts.eu\/en\/wp-json\/wp\/v2\/product"}],"about":[{"href":"https:\/\/ibcparts.eu\/en\/wp-json\/wp\/v2\/types\/product"}],"version-history":[{"count":3,"href":"https:\/\/ibcparts.eu\/en\/wp-json\/wp\/v2\/product\/7604\/revisions"}],"predecessor-version":[{"id":20171,"href":"https:\/\/ibcparts.eu\/en\/wp-json\/wp\/v2\/product\/7604\/revisions\/20171"}],"wp:featuredmedia":[{"embeddable":true,"href":"https:\/\/ibcparts.eu\/en\/wp-json\/wp\/v2\/media\/7605"}],"wp:attachment":[{"href":"https:\/\/ibcparts.eu\/en\/wp-json\/wp\/v2\/media?parent=7604"}],"wp:term":[{"taxonomy":"product_brand","embeddable":true,"href":"https:\/\/ibcparts.eu\/en\/wp-json\/wp\/v2\/product_brand?post=7604"},{"taxonomy":"product_cat","embeddable":true,"href":"https:\/\/ibcparts.eu\/en\/wp-json\/wp\/v2\/product_cat?post=7604"},{"taxonomy":"product_tag","embeddable":true,"href":"https:\/\/ibcparts.eu\/en\/wp-json\/wp\/v2\/product_tag?post=7604"}],"curies":[{"name":"wp","href":"https:\/\/api.w.org\/{rel}","templated":true}]}}