{"id":7601,"date":"2021-11-10T13:33:53","date_gmt":"2021-11-10T12:33:53","guid":{"rendered":"https:\/\/ibcparts.eu\/?post_type=product&#038;p=7601"},"modified":"2026-01-13T13:58:19","modified_gmt":"2026-01-13T12:58:19","slug":"2-adapter-z-zenskim-bsp-navojem-in-moskim-s60x6-standardni-ibc-navoj","status":"publish","type":"product","link":"https:\/\/ibcparts.eu\/en\/product\/2-inch-adapter-with-female-bsp-thread-and-male-s60x6-standard-ibc-thread\/","title":{"rendered":"2\u2033 adapter S60x6 M za IBC cisterno (\u017eenski 60mm)"},"content":{"rendered":"<p>Product information:<br \/>\nProfessional, highly resistant adapter.<\/p>\n<p>Thread type: female 2\u2033 BSP female thread, male S60x6 (60mm) male thread - see picture.<\/p>\n<ul>\n<li>Material: plastic<\/li>\n<li>Colour: black<\/li>\n<li>Seal: EPDM<\/li>\n<\/ul>\n<p>On the side where the thread is fine, we advise using Teflon.<br \/>\n\u200b<br \/>\nTeflon is NOT to be used between the tank valve and the reducer.<\/p>\n<p>Excellent sealing and high durability!<\/p>","protected":false},"excerpt":{"rendered":"<h2 data-start=\"162\" data-end=\"236\">2\u2033 adapter z \u017eenskim BSP navojem in mo\u0161kim S60x6 za IBC cisterno<\/h2>\n<p data-start=\"238\" data-end=\"728\" class=\" translation-block\">A professional adapter for IBC containers with a male S60x6 thread (60 mm), used as an <strong>adapter or connector for an IBC container<\/strong> when connecting hoses, valves, or other systems. The outlet features an internal (female) BSP thread size 2\u2033. It is made from PP material and equipped with a 100% EPDM rubber seal, specially developed with optimal hardness to ensure <strong>reliable sealing even with larger irregularities on the valve<\/strong> and long-term, leak-free use.<\/p>\n<p>Professional, highly resistant adapter.<\/p>\n<p data-start=\"730\" data-end=\"751\">Technical specifications<\/p>\n<ul>\n<li data-start=\"754\" data-end=\"805\">Product type: adapter (connector for IBC container)<\/li>\n<li data-start=\"808\" data-end=\"875\" class=\" translation-block\">Thread type on the container: <strong>2\u2033<\/strong> internal (female) BSP (less common valve version on containers)<\/li>\n<li data-start=\"878\" data-end=\"923\">Tip navoja na izhodu: mo\u0161ki S60x6 (60 mm), standardni IBC navoj<\/li>\n<li data-start=\"956\" data-end=\"972\">Material: PP<\/li>\n<li data-start=\"975\" data-end=\"988\">Colour: black<\/li>\n<li class=\" translation-block\"><strong>Seal:<\/strong> <strong>100% EPDM rubber \u2013 exclusive to us. A specially developed seal<\/li>\n<\/ul>\n<p>On the side where the thread is fine, we advise using Teflon.<br \/>\n\u200b<br \/>\nTeflon is NOT to be used between the tank valve and the reducer.<\/p>\n<p>Excellent sealing and high durability!<\/p>","protected":false},"featured_media":18058,"template":"","meta":[],"product_brand":[],"product_cat":[305,170],"product_tag":[],"class_list":{"0":"post-7601","1":"product","2":"type-product","3":"status-publish","4":"has-post-thumbnail","6":"product_cat-60-mm-2-fini-navoj","7":"product_cat-reducirji-in-prikljucki-za-ibc","9":"first","10":"instock","11":"shipping-taxable","12":"purchasable","13":"product-type-simple"},"yoast_head":"<!-- This site is optimized with the Yoast SEO plugin v27.1.1 - https:\/\/yoast.com\/product\/yoast-seo-wordpress\/ -->\n<title>2\u2033 adapter S60x6 M za IBC cisterno (\u017eenski 60mm)<\/title>\n<meta name=\"description\" content=\"2\u2033 adapter za IBC cisterno z mo\u0161kim navojem S60x6 in \u017eenskim BSP navojem. HDPE in EPDM tesnilo za zanesljivo tesnjenje brez pu\u0161\u010danja.\" \/>\n<meta name=\"robots\" content=\"index, follow, max-snippet:-1, max-image-preview:large, max-video-preview:-1\" \/>\n<link rel=\"canonical\" href=\"https:\/\/ibcparts.eu\/en\/product\/2-inch-adapter-with-female-bsp-thread-and-male-s60x6-standard-ibc-thread\/\" \/>\n<meta property=\"og:locale\" content=\"en_US\" \/>\n<meta property=\"og:type\" content=\"article\" \/>\n<meta property=\"og:title\" content=\"2\u2033 adapter S60x6 M za IBC cisterno (\u017eenski 60mm)\" \/>\n<meta property=\"og:description\" content=\"2\u2033 adapter za IBC cisterno z mo\u0161kim navojem S60x6 in \u017eenskim BSP navojem. HDPE in EPDM tesnilo za zanesljivo tesnjenje brez pu\u0161\u010danja.\" \/>\n<meta property=\"og:url\" content=\"https:\/\/ibcparts.eu\/en\/product\/2-inch-adapter-with-female-bsp-thread-and-male-s60x6-standard-ibc-thread\/\" \/>\n<meta property=\"og:site_name\" content=\"IBCparts.eu\" \/>\n<meta property=\"article:modified_time\" content=\"2026-01-13T12:58:19+00:00\" \/>\n<meta property=\"og:image\" content=\"https:\/\/ibcparts.eu\/wp-content\/uploads\/2021\/11\/Adapter-2-fini-BSP-zenski-na-S60-moski-navoj-2.png\" \/>\n\t<meta property=\"og:image:width\" content=\"500\" \/>\n\t<meta property=\"og:image:height\" content=\"500\" \/>\n\t<meta property=\"og:image:type\" content=\"image\/png\" \/>\n<meta name=\"twitter:card\" content=\"summary_large_image\" \/>\n<script type=\"application\/ld+json\" class=\"yoast-schema-graph\">{\"@context\":\"https:\/\/schema.org\",\"@graph\":[{\"@type\":\"WebPage\",\"@id\":\"https:\/\/ibcparts.eu\/izdelek\/2-adapter-z-zenskim-bsp-navojem-in-moskim-s60x6-standardni-ibc-navoj\/\",\"url\":\"https:\/\/ibcparts.eu\/izdelek\/2-adapter-z-zenskim-bsp-navojem-in-moskim-s60x6-standardni-ibc-navoj\/\",\"name\":\"2\u2033 adapter S60x6 M za IBC cisterno (\u017eenski 60mm)\",\"isPartOf\":{\"@id\":\"https:\/\/ibcparts.eu\/#website\"},\"primaryImageOfPage\":{\"@id\":\"https:\/\/ibcparts.eu\/izdelek\/2-adapter-z-zenskim-bsp-navojem-in-moskim-s60x6-standardni-ibc-navoj\/#primaryimage\"},\"image\":{\"@id\":\"https:\/\/ibcparts.eu\/izdelek\/2-adapter-z-zenskim-bsp-navojem-in-moskim-s60x6-standardni-ibc-navoj\/#primaryimage\"},\"thumbnailUrl\":\"https:\/\/ibcparts.eu\/wp-content\/uploads\/2021\/11\/Adapter-2-fini-BSP-zenski-na-S60-moski-navoj-2.png\",\"datePublished\":\"2021-11-10T12:33:53+00:00\",\"dateModified\":\"2026-01-13T12:58:19+00:00\",\"description\":\"2\u2033 adapter za IBC cisterno z mo\u0161kim navojem S60x6 in \u017eenskim BSP navojem. HDPE in EPDM tesnilo za zanesljivo tesnjenje brez pu\u0161\u010danja.\",\"breadcrumb\":{\"@id\":\"https:\/\/ibcparts.eu\/izdelek\/2-adapter-z-zenskim-bsp-navojem-in-moskim-s60x6-standardni-ibc-navoj\/#breadcrumb\"},\"inLanguage\":\"en-US\",\"potentialAction\":[{\"@type\":\"ReadAction\",\"target\":[\"https:\/\/ibcparts.eu\/izdelek\/2-adapter-z-zenskim-bsp-navojem-in-moskim-s60x6-standardni-ibc-navoj\/\"]}]},{\"@type\":\"ImageObject\",\"inLanguage\":\"en-US\",\"@id\":\"https:\/\/ibcparts.eu\/izdelek\/2-adapter-z-zenskim-bsp-navojem-in-moskim-s60x6-standardni-ibc-navoj\/#primaryimage\",\"url\":\"https:\/\/ibcparts.eu\/wp-content\/uploads\/2021\/11\/Adapter-2-fini-BSP-zenski-na-S60-moski-navoj-2.png\",\"contentUrl\":\"https:\/\/ibcparts.eu\/wp-content\/uploads\/2021\/11\/Adapter-2-fini-BSP-zenski-na-S60-moski-navoj-2.png\",\"width\":500,\"height\":500},{\"@type\":\"BreadcrumbList\",\"@id\":\"https:\/\/ibcparts.eu\/izdelek\/2-adapter-z-zenskim-bsp-navojem-in-moskim-s60x6-standardni-ibc-navoj\/#breadcrumb\",\"itemListElement\":[{\"@type\":\"ListItem\",\"position\":1,\"name\":\"Home\",\"item\":\"https:\/\/ibcparts.eu\/\"},{\"@type\":\"ListItem\",\"position\":2,\"name\":\"Nakupujte\",\"item\":\"https:\/\/ibcparts.eu\/nakupujte\/\"},{\"@type\":\"ListItem\",\"position\":3,\"name\":\"2\u2033 adapter S60x6 M za IBC cisterno (\u017eenski 60mm)\"}]},{\"@type\":\"WebSite\",\"@id\":\"https:\/\/ibcparts.eu\/#website\",\"url\":\"https:\/\/ibcparts.eu\/\",\"name\":\"IBCparts.eu\",\"description\":\"\",\"publisher\":{\"@id\":\"https:\/\/ibcparts.eu\/#organization\"},\"potentialAction\":[{\"@type\":\"SearchAction\",\"target\":{\"@type\":\"EntryPoint\",\"urlTemplate\":\"https:\/\/ibcparts.eu\/?s={search_term_string}\"},\"query-input\":{\"@type\":\"PropertyValueSpecification\",\"valueRequired\":true,\"valueName\":\"search_term_string\"}}],\"inLanguage\":\"en-US\"},{\"@type\":\"Organization\",\"@id\":\"https:\/\/ibcparts.eu\/#organization\",\"name\":\"IBCparts\",\"url\":\"https:\/\/ibcparts.eu\/\",\"logo\":{\"@type\":\"ImageObject\",\"inLanguage\":\"en-US\",\"@id\":\"https:\/\/ibcparts.eu\/#\/schema\/logo\/image\/\",\"url\":\"https:\/\/ibcparts.eu\/wp-content\/uploads\/2021\/10\/Footer-Logo.png\",\"contentUrl\":\"https:\/\/ibcparts.eu\/wp-content\/uploads\/2021\/10\/Footer-Logo.png\",\"width\":1992,\"height\":772,\"caption\":\"IBCparts\"},\"image\":{\"@id\":\"https:\/\/ibcparts.eu\/#\/schema\/logo\/image\/\"}}]}<\/script>\n<!-- \/ Yoast SEO plugin. -->","yoast_head_json":{"title":"2\u2033 adapter S60x6 M za IBC cisterno (\u017eenski 60mm)","description":"2\u2033 adapter za IBC cisterno z mo\u0161kim navojem S60x6 in \u017eenskim BSP navojem. HDPE in EPDM tesnilo za zanesljivo tesnjenje brez pu\u0161\u010danja.","robots":{"index":"index","follow":"follow","max-snippet":"max-snippet:-1","max-image-preview":"max-image-preview:large","max-video-preview":"max-video-preview:-1"},"canonical":"https:\/\/ibcparts.eu\/en\/product\/2-inch-adapter-with-female-bsp-thread-and-male-s60x6-standard-ibc-thread\/","og_locale":"en_US","og_type":"article","og_title":"2\u2033 adapter S60x6 M za IBC cisterno (\u017eenski 60mm)","og_description":"2\u2033 adapter za IBC cisterno z mo\u0161kim navojem S60x6 in \u017eenskim BSP navojem. HDPE in EPDM tesnilo za zanesljivo tesnjenje brez pu\u0161\u010danja.","og_url":"https:\/\/ibcparts.eu\/en\/product\/2-inch-adapter-with-female-bsp-thread-and-male-s60x6-standard-ibc-thread\/","og_site_name":"IBCparts.eu","article_modified_time":"2026-01-13T12:58:19+00:00","og_image":[{"width":500,"height":500,"url":"https:\/\/ibcparts.eu\/wp-content\/uploads\/2021\/11\/Adapter-2-fini-BSP-zenski-na-S60-moski-navoj-2.png","type":"image\/png"}],"twitter_card":"summary_large_image","schema":{"@context":"https:\/\/schema.org","@graph":[{"@type":"WebPage","@id":"https:\/\/ibcparts.eu\/izdelek\/2-adapter-z-zenskim-bsp-navojem-in-moskim-s60x6-standardni-ibc-navoj\/","url":"https:\/\/ibcparts.eu\/izdelek\/2-adapter-z-zenskim-bsp-navojem-in-moskim-s60x6-standardni-ibc-navoj\/","name":"2\u2033 adapter S60x6 M za IBC cisterno (\u017eenski 60mm)","isPartOf":{"@id":"https:\/\/ibcparts.eu\/#website"},"primaryImageOfPage":{"@id":"https:\/\/ibcparts.eu\/izdelek\/2-adapter-z-zenskim-bsp-navojem-in-moskim-s60x6-standardni-ibc-navoj\/#primaryimage"},"image":{"@id":"https:\/\/ibcparts.eu\/izdelek\/2-adapter-z-zenskim-bsp-navojem-in-moskim-s60x6-standardni-ibc-navoj\/#primaryimage"},"thumbnailUrl":"https:\/\/ibcparts.eu\/wp-content\/uploads\/2021\/11\/Adapter-2-fini-BSP-zenski-na-S60-moski-navoj-2.png","datePublished":"2021-11-10T12:33:53+00:00","dateModified":"2026-01-13T12:58:19+00:00","description":"2\u2033 adapter za IBC cisterno z mo\u0161kim navojem S60x6 in \u017eenskim BSP navojem. HDPE in EPDM tesnilo za zanesljivo tesnjenje brez pu\u0161\u010danja.","breadcrumb":{"@id":"https:\/\/ibcparts.eu\/izdelek\/2-adapter-z-zenskim-bsp-navojem-in-moskim-s60x6-standardni-ibc-navoj\/#breadcrumb"},"inLanguage":"en-US","potentialAction":[{"@type":"ReadAction","target":["https:\/\/ibcparts.eu\/izdelek\/2-adapter-z-zenskim-bsp-navojem-in-moskim-s60x6-standardni-ibc-navoj\/"]}]},{"@type":"ImageObject","inLanguage":"en-US","@id":"https:\/\/ibcparts.eu\/izdelek\/2-adapter-z-zenskim-bsp-navojem-in-moskim-s60x6-standardni-ibc-navoj\/#primaryimage","url":"https:\/\/ibcparts.eu\/wp-content\/uploads\/2021\/11\/Adapter-2-fini-BSP-zenski-na-S60-moski-navoj-2.png","contentUrl":"https:\/\/ibcparts.eu\/wp-content\/uploads\/2021\/11\/Adapter-2-fini-BSP-zenski-na-S60-moski-navoj-2.png","width":500,"height":500},{"@type":"BreadcrumbList","@id":"https:\/\/ibcparts.eu\/izdelek\/2-adapter-z-zenskim-bsp-navojem-in-moskim-s60x6-standardni-ibc-navoj\/#breadcrumb","itemListElement":[{"@type":"ListItem","position":1,"name":"Home","item":"https:\/\/ibcparts.eu\/"},{"@type":"ListItem","position":2,"name":"Nakupujte","item":"https:\/\/ibcparts.eu\/nakupujte\/"},{"@type":"ListItem","position":3,"name":"2\u2033 adapter S60x6 M za IBC cisterno (\u017eenski 60mm)"}]},{"@type":"WebSite","@id":"https:\/\/ibcparts.eu\/#website","url":"https:\/\/ibcparts.eu\/","name":"IBCparts.eu","description":"","publisher":{"@id":"https:\/\/ibcparts.eu\/#organization"},"potentialAction":[{"@type":"SearchAction","target":{"@type":"EntryPoint","urlTemplate":"https:\/\/ibcparts.eu\/?s={search_term_string}"},"query-input":{"@type":"PropertyValueSpecification","valueRequired":true,"valueName":"search_term_string"}}],"inLanguage":"en-US"},{"@type":"Organization","@id":"https:\/\/ibcparts.eu\/#organization","name":"IBCparts","url":"https:\/\/ibcparts.eu\/","logo":{"@type":"ImageObject","inLanguage":"en-US","@id":"https:\/\/ibcparts.eu\/#\/schema\/logo\/image\/","url":"https:\/\/ibcparts.eu\/wp-content\/uploads\/2021\/10\/Footer-Logo.png","contentUrl":"https:\/\/ibcparts.eu\/wp-content\/uploads\/2021\/10\/Footer-Logo.png","width":1992,"height":772,"caption":"IBCparts"},"image":{"@id":"https:\/\/ibcparts.eu\/#\/schema\/logo\/image\/"}}]}},"_links":{"self":[{"href":"https:\/\/ibcparts.eu\/en\/wp-json\/wp\/v2\/product\/7601","targetHints":{"allow":["GET"]}}],"collection":[{"href":"https:\/\/ibcparts.eu\/en\/wp-json\/wp\/v2\/product"}],"about":[{"href":"https:\/\/ibcparts.eu\/en\/wp-json\/wp\/v2\/types\/product"}],"version-history":[{"count":4,"href":"https:\/\/ibcparts.eu\/en\/wp-json\/wp\/v2\/product\/7601\/revisions"}],"predecessor-version":[{"id":20170,"href":"https:\/\/ibcparts.eu\/en\/wp-json\/wp\/v2\/product\/7601\/revisions\/20170"}],"wp:featuredmedia":[{"embeddable":true,"href":"https:\/\/ibcparts.eu\/en\/wp-json\/wp\/v2\/media\/18058"}],"wp:attachment":[{"href":"https:\/\/ibcparts.eu\/en\/wp-json\/wp\/v2\/media?parent=7601"}],"wp:term":[{"taxonomy":"product_brand","embeddable":true,"href":"https:\/\/ibcparts.eu\/en\/wp-json\/wp\/v2\/product_brand?post=7601"},{"taxonomy":"product_cat","embeddable":true,"href":"https:\/\/ibcparts.eu\/en\/wp-json\/wp\/v2\/product_cat?post=7601"},{"taxonomy":"product_tag","embeddable":true,"href":"https:\/\/ibcparts.eu\/en\/wp-json\/wp\/v2\/product_tag?post=7601"}],"curies":[{"name":"wp","href":"https:\/\/api.w.org\/{rel}","templated":true}]}}