{"id":7186,"date":"2021-11-04T10:25:45","date_gmt":"2021-11-04T09:25:45","guid":{"rendered":"https:\/\/ibcparts.eu\/?post_type=product&#038;p=7186"},"modified":"2026-01-14T09:16:45","modified_gmt":"2026-01-14T08:16:45","slug":"sistem-duo-flexi","status":"publish","type":"product","link":"https:\/\/ibcparts.eu\/en\/product\/sistem-duo-flexi\/","title":{"rendered":"DUO FLEXI (fleksibilna cev) &#8211; povezava dveh IBC cistern"},"content":{"rendered":"<p style=\"margin-bottom: var(--wd-tags-margin-bottom); font-style: normal; font-variant-ligatures: normal; font-variant-caps: normal; font-weight: 400; font-family: Lato, Arial, Helvetica, sans-serif; font-size: 14px;\"><strong>Upgrade options:<\/strong><\/p>\n<ul style=\"margin-bottom: var(--list-mb); padding-left: var(--li-pl); font-style: normal; font-variant-ligatures: normal; font-variant-caps: normal; font-family: Lato, Arial, Helvetica, sans-serif; font-size: 14px; --list-mb: 20px; --li-mb: 10px; --li-pl: 17px;\">\n<li style=\"margin-bottom: var(--li-mb); font-size: 14px;\"><b>Rubber seal<\/b> 2x (GRATIS): Zgolj rezerva. Originalno penasto tesnilo se s\u010dasoma potla\u010di. \u010ce so na ventilu nepravilnosti, se lahko tako tesnilo po\u0161koduje. V tem primeru ga nadomestite z gumijastim tesnilom. Ne uporabljajte dveh tesnil hkrati, ker ni potrebe.<\/li>\n<li style=\"margin-bottom: var(--li-mb); font-size: 14px;\"><b>Duo PLUS<\/b> (Garden hose connection with valve): this upgrade adds a valve with a garden hose connection to the existing connection. It is usually very practical to always have the garden hose connected and the main tap for quick overflow to the sprinkler.<\/li>\n<li style=\"font-size: 14px;\"><b>SkyTap<\/b> (Tap raised to sprinkler height): this upgrade raises the position of the main tap on the connection to the height of the sprinkler (approx. 35 cm from the floor).<\/li>\n<\/ul>\n<p>&nbsp;<\/p>\n<p style=\"margin-bottom: var(--wd-tags-margin-bottom); font-style: normal; font-variant-ligatures: normal; font-variant-caps: normal; font-family: Lato, Arial, Helvetica, sans-serif; font-size: 14px;\"><b>Reference:<br \/>\n<\/b>If you are going to discharge water into one tank, the other tank must be vented to allow the water to flow smoothly through the valves.<\/p>\n<p><strong>There are several ways to do this:<\/strong><\/p>\n<p class=\" translation-block\"><strong style=\"color: #666666;font-family: 'Libre Franklin';font-size: 16px;font-style: normal\">1. <\/strong>If you don\u2019t mind the water flowing out through the opening of the lid of the second tank when it fills to the top, you can simply loosen the lid slightly\u2014just enough to allow air to pass through. Once both tanks are completely full, the excess water (overflow) will drain out here.<br style=\"color: #666666;font-family: 'Libre Franklin';font-size: 16px\"><strong style=\"color: #666666;font-family: 'Libre Franklin';font-size: 16px;font-style: normal\">2. <\/strong>A <a href=\"https:\/\/ibcparts.eu\/izdelek\/pokrov-z-oddusnikom\/\" target=\"_self\"><span style=\"color: #666666;font-family: Libre Franklin\">vented lid<\/span><\/a> works in a similar way \u2013 air passes through, but water also flows out once the tanks are filled to the top.<br style=\"color: #666666;font-family: 'Libre Franklin';font-size: 16px\"><strong style=\"color: #666666;font-family: 'Libre Franklin';font-size: 16px;font-style: normal\">3.<\/strong> You can use a <a style=\"color: #666666;font-family: 'Libre Franklin';font-size: 16px;font-style: normal;font-weight: 300\" href=\"https:\/\/ibcparts.eu\/izdelek\/pokrov-pipelink\/\" target=\"_self\">PipeLink lid<\/a> (as shown in the animation) or an <a href=\"https:\/\/ibcparts.eu\/izdelek\/pokrov-autovent\/\" target=\"_self\"><i>AutoVent<\/i><\/a> lid \u2013 <b>recommended.<\/b><br style=\"color: #666666;font-family: 'Libre Franklin';font-size: 16px\"><strong style=\"color: #666666;font-family: 'Libre Franklin';font-size: 16px;font-style: normal\">4.<\/strong> Use a lid with an outlet and fix a suitable fitting to it (e.g. a T-piece for PE pipe, garden hose, flexible hose, PVC pipe\u2026).<br style=\"color: #666666;font-family: 'Libre Franklin';font-size: 16px\"><strong style=\"color: #666666;font-family: 'Libre Franklin';font-size: 16px;font-style: normal\">5. <\/strong>If there is a larger height difference between the downpipe outlet and the top of the tank, you can use a <a style=\"color: #666666;font-family: 'Libre Franklin';font-size: 16px;font-style: normal;font-weight: 300\" href=\"https:\/\/ibcparts.eu\/izdelek\/skoznik-flowtek-bend\/\" target=\"_self\">FlowTek Bend bulkhead<\/a> (use a lid with an outlet or drill a hole in the tank). Connect a garden hose to this outlet. Fix the other end of the hose above the height where water enters the tank (e.g. at the downpipe branch). This way, water will not overflow even when the tanks are completely full, while the tank can still \u201cbreathe\u201d.<\/p>\n<p>&nbsp;<\/p>\n<p style=\"margin-bottom: var(--wd-tags-margin-bottom); font-style: normal; font-variant-ligatures: normal; font-variant-caps: normal; font-weight: 400; font-family: Lato, Arial, Helvetica, sans-serif; font-size: 14px;\">Please contact us for further questions and advice.<\/p>\n<p style=\"margin-bottom: var(--wd-tags-margin-bottom); font-style: normal; font-variant-ligatures: normal; font-variant-caps: normal; font-weight: 400; font-family: Lato, Arial, Helvetica, sans-serif; font-size: 14px;\">Please read the warnings\/advice below before installation.<br \/>\nWarning:<br \/>\nCisterne so na prvi pogled enake, vendar se med seboj razlikujejo. Najve\u010dja razlika je prav v ventilih. Standarden in najbolj pogost zunanji premer ventila je 60mm. V praksi se lahko razlikuje in je med\u00a055 in 62mm.<br \/>\nAll S60 reducers in our range are designed to fit all coarse threads on 60mm diameter valves (S60x6). Due to slight differences in \"standard\" valve threads, the feel of the reducer may vary when installed. It may fit perfectly, it may go a little loose or a little tighter. When it is screwed all the way in, it is tight and fixed. All reducers are of proven quality.<\/p>\n<p style=\"margin-bottom: var(--wd-tags-margin-bottom); font-style: normal; font-variant-ligatures: normal; font-variant-caps: normal; font-weight: 400; font-family: Lato, Arial, Helvetica, sans-serif; font-size: 14px;\">Tip:<br \/>\nPred monta\u017eo bodite pozorni na to, da je lice ventila cisterne (kamor montiramo reducir)\u00a0gladko in nepo\u0161kodovano. Nove cisterne imajo aluminijasto plombo na odprtini ventila \u2013 \u010de je ta povr\u0161no odstranjena, je lahko to vzrok slab\u0161ega tesnjenja reducirja. Vsakr\u0161ne nepravilnosti na ventilu odstranite oz pobrusite s smirkovim papirjem pred prvo monta\u017eo reducirja.<\/p>\n<p style=\"margin-bottom: var(--wd-tags-margin-bottom); font-style: normal; font-variant-ligatures: normal; font-variant-caps: normal; font-weight: 400; font-family: Lato, Arial, Helvetica, sans-serif; font-size: 14px;\">Reducirji AVA, uporabljeni v sistemih DUO FLEXI so izredno trpe\u017eni in UV odporni.<\/p>\n<p>Below is an animation of one of the options of a working connection (otherwise DUO CLASSIC is shown, the operation is the same):<br \/>\nUporabljen je Filter padne vode\u00a0ter pokrov\u00a0<a style=\"font-style: normal; font-variant-ligatures: normal; font-variant-caps: normal; font-weight: 400; font-family: Lato, Arial, Helvetica, sans-serif; font-size: 14px;\" href=\"https:\/\/ibcparts.eu\/izdelek\/tritonflex\/\"><i style=\"font-size: 14px;\">TritonFlex<\/i><\/a>. The other tank has a lid with a vent.<\/p>\n<p><img decoding=\"async\" src=\"https:\/\/ibcparts.eu\/wp-content\/uploads\/2021\/11\/povezava-ibc-cistern-duo-animacija-1.gif\" alt=\"\" width=\"435\" height=\"397\" \/><\/p>","protected":false},"excerpt":{"rendered":"<div class=\"paragraph\">\n<h2 data-start=\"233\" data-end=\"355\"><strong data-start=\"233\" data-end=\"355\">Mo\u010dna, zanesljiva in ugodna povezava dveh IBC cistern s fleksibilno cevjo \u2013 \u017ee sestavljena in pripravljena za monta\u017eo.<\/strong><\/h2>\n<p data-start=\"357\" data-end=\"699\">DUO FLEXI omogo\u010da hitro in varno povezavo dveh IBC cistern s <strong data-start=\"418\" data-end=\"448\">fleksibilno armirano cevjo<\/strong>, kar je idealna re\u0161itev v primerih, ko cisterne niso popolnoma poravnane ali ko potrebujete ve\u010d prilagodljivosti pri postavitvi. Sistem je primeren za zbiranje de\u017eevnice, tehni\u010dno vodo in druge aplikacije, kjer je pomembna zanesljivost brez pu\u0161\u010danja.<\/p>\n<hr data-start=\"701\" data-end=\"704\" \/>\n<h3 data-start=\"706\" data-end=\"734\">Zakaj izbrati DUO FLEXI?<\/h3>\n<ul>\n<li data-start=\"737\" data-end=\"771\">Strong and proven construction<\/li>\n<li>\u017de sestavljen sistem \u2013 brez dodatnega dela. Cev po potrebi prikraj\u0161ate z olfa no\u017eem.<\/li>\n<li data-start=\"821\" data-end=\"883\">Fleksibilna armirana cev za ve\u010djo prilagodljivost postavitve<\/li>\n<li data-start=\"886\" data-end=\"929\">100 % EPDM tesnilo (ne pu\u0161\u010da, UV odporno)<\/li>\n<li data-start=\"932\" data-end=\"993\">Also suitable for older or slightly damaged IBC valves<\/li>\n<li data-start=\"996\" data-end=\"1029\">Zelo enostavna in hitra monta\u017ea<\/li>\n<\/ul>\n<p><u><strong>Options:<br \/>\n<\/strong><\/u><strong>FLEXIBREZ: <span style=\"color: #508d24; font-size: medium;\">29,99\u20ac<\/span><\/strong>\u00a0No taps and t-pieces, just the connection between the two tanks.<br \/>\n<strong>FLEXI1<\/strong>: <strong><span style=\"color: #508d24; font-size: medium;\">42,50\u20ac <\/span><\/strong>Kovinska 3\/4&#8243; pipa\u00a0GardenFlow*\u00a0z nastavkom za cev.<br \/>\n<strong>FLEXI2<\/strong>: <strong><span style=\"color: #508d24; font-size: medium;\">48,50\u20ac <\/span><\/strong>Kovinska 3\/4&#8221; pipa\u00a0HighFlow*\u00a0z nastavkom za cev.<br \/>\n<strong>FLEXI3<\/strong>: <strong><span style=\"color: #508d24; font-size: medium;\">56,50\u20ac <\/span><\/strong>Kovinska dvojna 1\/2&#8243; PRO pipa* z nastavkom za cev in s &#8220;klik&#8221; nastavkom.<br \/>\n<strong>FLEXI4<\/strong>: <strong><span style=\"color: #508d24; font-size: medium;\">63,50\u20ac <\/span><\/strong>Kovinska dvojna 3\/4&#8243; PRO pipa* z nastavkom za cev in s &#8220;klik&#8221; nastavkom.<br \/>\n<strong>FLEXI5<\/strong>: <strong><span style=\"color: #508d24; font-size: medium;\">53,50\u20ac <\/span><\/strong>Kovinska\u00a0 1&#8243;\u00a0 pipa\u00a0QuickFlow\u00a0z nastavkom za cev.<br \/>\n<strong>FLEXI6<\/strong>: <strong><span style=\"color: #508d24; font-size: medium;\">53,50\u20ac <\/span><\/strong>Plasti\u010dni\u00a01&#8243; MF PRO ventil*\u00a0s plasti\u010dnim ravnim nastavkom za cev 25mm.<br \/>\n<strong>FLEXI7<\/strong>: <strong><span style=\"color: #508d24; font-size: medium;\">53,50\u20ac <\/span><\/strong>Kovinski\u00a0 1&#8243; PRO ventil* z medeninastim ravnim nastavkom za cev 25mm.<br \/>\n<strong>FLEXI8<\/strong>: <strong><span style=\"color: #508d24; font-size: medium;\">53,50\u20ac <\/span><\/strong>Plasti\u010dni\u00a01&#8243; MF PRO ventil*\u00a0s plasti\u010dnim nastavkom &#8211; koleno za cev 25mm.<br \/>\n\u200b<\/p>\n<p data-start=\"1858\" data-end=\"1954\">\u27a1\ufe0f <strong data-start=\"1861\" data-end=\"1900\">Sistem lahko sestavimo tudi po meri<\/strong> \u2013 ve\u010d izhodov, ventili za hidrofor, dodatne pipe itd.<\/p>\n<p><strong>*More information on taps and valves can be found at\u00a0<a href=\"https:\/\/ibcparts.eu\/kategorije\/pipe-ventili-in-medeninasti-prikljucki\/\">here<\/a>.<\/strong><\/p>\n<h3 data-start=\"2020\" data-end=\"2046\">Sealing and materials<\/h3>\n<p data-start=\"2047\" data-end=\"2313\">Ekskluzivno pri nas: <strong data-start=\"2068\" data-end=\"2116\">posebej razvito gumijasto 100 % EPDM tesnilo<\/strong> z optimalno trdoto u\u010dinkovito izravna tudi ve\u010dje nepravilnosti na ventilu in zagotavlja <strong data-start=\"2205\" data-end=\"2256\">dolgotrajno, zanesljivo tesnjenje brez pu\u0161\u010danja<\/strong>, tudi pri starej\u0161ih ali rahlo po\u0161kodovanih IBC ventilih.<\/p>\n<p data-start=\"2315\" data-end=\"2458\">Fleksibilna <strong data-start=\"2327\" data-end=\"2343\">armirana cev<\/strong> omogo\u010da varno in stabilno povezavo brez obremenjevanja ventilov ter enostavno prilagajanje razmika med cisternama.<\/p>\n<p><strong>The package includes:<\/strong><br \/>\n2x AVA reducer for tanks with valve fi 55-62mm, coarse thread S60x6 (DN50), PP T-piece F (except DUOBREZ), 2x swivel elbow F, 1x reinforced flexible hose, tap, reducer, 2x clamp 32mm.<\/p>\n<p>The gap between the tanks after installation of the DUO FLEXI system is between 2 and 6 cm.<\/p>\n<h3 data-start=\"2830\" data-end=\"2857\">Razlika med DUO sistemi<\/h3>\n<ul>\n<li class=\" translation-block\"><strong>SIMPLE<\/strong>: tap or valve on the far left or right tank (you can decide during installation \u2013 adapt it to your needs \u2013 see the image in the gallery under SIMPLE).<\/li>\n<li><strong>KLASIK<\/strong>: pipa ali ventil med dvema cisternama (med katerima dvema se lahko odlo\u010dite takrat, ko montirate \u2013 prilagodite va\u0161im potrebam \u2013 glejte sliko v galeriji pri KLASIK).<\/li>\n<li><strong>FLEXI<\/strong>: povezava dveh cistern s fleksibilno armirano cevjo \u2013 (glejte sliko v galeriji pri FLEXI).<\/li>\n<li><strong>ZAPOREDNO<\/strong>: povezava dveh cistern s fleksibilno armirano cevjo v postavitvi ena za drugo, obe obrnjeni v isto smer \u2013 (glejte sliko v galeriji pri ZAPOREDNO).<\/li>\n<li><strong>VERTIKAL<\/strong>: povezava dveh cistern v postavitvi ena na vrhu druge \u2013 (glejte sliko v galeriji pri VERTIKAL).<\/li>\n<\/ul>\n<hr data-start=\"3175\" data-end=\"3178\" \/>\n<p data-start=\"3180\" data-end=\"3478\"><strong data-start=\"3180\" data-end=\"3478\">DUO FLEXI ustreza ve\u010dini IBC cistern s standardnim ventilom S60\u00d76. Monta\u017ea je zelo enostavna, sistem je \u017ee predsestavljen in ne zahteva posebnega znanja. Vsi materiali so vzdr\u017eljivi, UV odporni in primerni za dolgotrajno zunanjo uporabo. Pri druga\u010dnem navoju ventila sistem prilagodimo po meri.<\/strong><\/p>\n<\/div>","protected":false},"featured_media":12587,"template":"","meta":[],"product_brand":[],"product_cat":[264,189],"product_tag":[332,331],"class_list":{"0":"post-7186","1":"product","2":"type-product","3":"status-publish","4":"has-post-thumbnail","6":"product_cat-sistemi-duo","7":"product_cat-sistemi-za-povezavo","8":"product_tag-ibc-connection-system","9":"product_tag-povezava-ibc-cistern-s-fleksibilno-1-cevjo","11":"first","12":"instock","13":"featured","14":"shipping-taxable","15":"purchasable","16":"product-type-variable"},"yoast_head":"<!-- This site is optimized with the Yoast SEO plugin v27.1.1 - https:\/\/yoast.com\/product\/yoast-seo-wordpress\/ -->\n<title>DUO FLEXI (fleksibilna cev) - povezava dveh IBC cistern | IBCparts.eu<\/title>\n<meta name=\"description\" content=\"Enostaven, mo\u010dan, ugoden sistem za povezavo dveh IBC cistern s fleksibilno armirano cevjo premera 32mm (1&quot;). Gumijasta EPDM tesnila.\" \/>\n<meta name=\"robots\" content=\"index, follow, max-snippet:-1, max-image-preview:large, max-video-preview:-1\" \/>\n<link rel=\"canonical\" href=\"https:\/\/ibcparts.eu\/en\/product\/sistem-duo-flexi\/\" \/>\n<meta property=\"og:locale\" content=\"en_US\" \/>\n<meta property=\"og:type\" content=\"article\" \/>\n<meta property=\"og:title\" content=\"DUO FLEXI (fleksibilna cev) - povezava dveh IBC cistern | IBCparts.eu\" \/>\n<meta property=\"og:description\" content=\"Enostaven, mo\u010dan, ugoden sistem za povezavo dveh IBC cistern s fleksibilno armirano cevjo premera 32mm (1&quot;). Gumijasta EPDM tesnila.\" \/>\n<meta property=\"og:url\" content=\"https:\/\/ibcparts.eu\/en\/product\/sistem-duo-flexi\/\" \/>\n<meta property=\"og:site_name\" content=\"IBCparts.eu\" \/>\n<meta property=\"article:modified_time\" content=\"2026-01-14T08:16:45+00:00\" \/>\n<meta property=\"og:image\" content=\"https:\/\/ibcparts.eu\/wp-content\/uploads\/2022\/01\/DUO-FLEXI.jpg\" \/>\n\t<meta property=\"og:image:width\" content=\"1181\" \/>\n\t<meta property=\"og:image:height\" content=\"1181\" \/>\n\t<meta property=\"og:image:type\" content=\"image\/jpeg\" \/>\n<meta name=\"twitter:card\" content=\"summary_large_image\" \/>\n<meta name=\"twitter:label1\" content=\"Est. reading time\" \/>\n\t<meta name=\"twitter:data1\" content=\"3 minutes\" \/>\n<script type=\"application\/ld+json\" class=\"yoast-schema-graph\">{\"@context\":\"https:\/\/schema.org\",\"@graph\":[{\"@type\":\"WebPage\",\"@id\":\"https:\/\/ibcparts.eu\/izdelek\/sistem-duo-flexi\/\",\"url\":\"https:\/\/ibcparts.eu\/izdelek\/sistem-duo-flexi\/\",\"name\":\"DUO FLEXI (fleksibilna cev) - povezava dveh IBC cistern | IBCparts.eu\",\"isPartOf\":{\"@id\":\"https:\/\/ibcparts.eu\/#website\"},\"primaryImageOfPage\":{\"@id\":\"https:\/\/ibcparts.eu\/izdelek\/sistem-duo-flexi\/#primaryimage\"},\"image\":{\"@id\":\"https:\/\/ibcparts.eu\/izdelek\/sistem-duo-flexi\/#primaryimage\"},\"thumbnailUrl\":\"https:\/\/ibcparts.eu\/wp-content\/uploads\/2022\/01\/DUO-FLEXI.jpg\",\"datePublished\":\"2021-11-04T09:25:45+00:00\",\"dateModified\":\"2026-01-14T08:16:45+00:00\",\"description\":\"Enostaven, mo\u010dan, ugoden sistem za povezavo dveh IBC cistern s fleksibilno armirano cevjo premera 32mm (1\\\"). Gumijasta EPDM tesnila.\",\"breadcrumb\":{\"@id\":\"https:\/\/ibcparts.eu\/izdelek\/sistem-duo-flexi\/#breadcrumb\"},\"inLanguage\":\"en-US\",\"potentialAction\":[{\"@type\":\"ReadAction\",\"target\":[\"https:\/\/ibcparts.eu\/izdelek\/sistem-duo-flexi\/\"]}]},{\"@type\":\"ImageObject\",\"inLanguage\":\"en-US\",\"@id\":\"https:\/\/ibcparts.eu\/izdelek\/sistem-duo-flexi\/#primaryimage\",\"url\":\"https:\/\/ibcparts.eu\/wp-content\/uploads\/2022\/01\/DUO-FLEXI.jpg\",\"contentUrl\":\"https:\/\/ibcparts.eu\/wp-content\/uploads\/2022\/01\/DUO-FLEXI.jpg\",\"width\":1181,\"height\":1181,\"caption\":\"povezava dveh IBC cistern s fleksibilno armirano cevjo\"},{\"@type\":\"BreadcrumbList\",\"@id\":\"https:\/\/ibcparts.eu\/izdelek\/sistem-duo-flexi\/#breadcrumb\",\"itemListElement\":[{\"@type\":\"ListItem\",\"position\":1,\"name\":\"Home\",\"item\":\"https:\/\/ibcparts.eu\/\"},{\"@type\":\"ListItem\",\"position\":2,\"name\":\"Nakupujte\",\"item\":\"https:\/\/ibcparts.eu\/nakupujte\/\"},{\"@type\":\"ListItem\",\"position\":3,\"name\":\"DUO FLEXI (fleksibilna cev) &#8211; povezava dveh IBC cistern\"}]},{\"@type\":\"WebSite\",\"@id\":\"https:\/\/ibcparts.eu\/#website\",\"url\":\"https:\/\/ibcparts.eu\/\",\"name\":\"IBCparts.eu\",\"description\":\"\",\"publisher\":{\"@id\":\"https:\/\/ibcparts.eu\/#organization\"},\"potentialAction\":[{\"@type\":\"SearchAction\",\"target\":{\"@type\":\"EntryPoint\",\"urlTemplate\":\"https:\/\/ibcparts.eu\/?s={search_term_string}\"},\"query-input\":{\"@type\":\"PropertyValueSpecification\",\"valueRequired\":true,\"valueName\":\"search_term_string\"}}],\"inLanguage\":\"en-US\"},{\"@type\":\"Organization\",\"@id\":\"https:\/\/ibcparts.eu\/#organization\",\"name\":\"IBCparts\",\"url\":\"https:\/\/ibcparts.eu\/\",\"logo\":{\"@type\":\"ImageObject\",\"inLanguage\":\"en-US\",\"@id\":\"https:\/\/ibcparts.eu\/#\/schema\/logo\/image\/\",\"url\":\"https:\/\/ibcparts.eu\/wp-content\/uploads\/2021\/10\/Footer-Logo.png\",\"contentUrl\":\"https:\/\/ibcparts.eu\/wp-content\/uploads\/2021\/10\/Footer-Logo.png\",\"width\":1992,\"height\":772,\"caption\":\"IBCparts\"},\"image\":{\"@id\":\"https:\/\/ibcparts.eu\/#\/schema\/logo\/image\/\"}}]}<\/script>\n<!-- \/ Yoast SEO plugin. -->","yoast_head_json":{"title":"DUO FLEXI (fleksibilna cev) - povezava dveh IBC cistern | IBCparts.eu","description":"Enostaven, mo\u010dan, ugoden sistem za povezavo dveh IBC cistern s fleksibilno armirano cevjo premera 32mm (1\"). Gumijasta EPDM tesnila.","robots":{"index":"index","follow":"follow","max-snippet":"max-snippet:-1","max-image-preview":"max-image-preview:large","max-video-preview":"max-video-preview:-1"},"canonical":"https:\/\/ibcparts.eu\/en\/product\/sistem-duo-flexi\/","og_locale":"en_US","og_type":"article","og_title":"DUO FLEXI (fleksibilna cev) - povezava dveh IBC cistern | IBCparts.eu","og_description":"Enostaven, mo\u010dan, ugoden sistem za povezavo dveh IBC cistern s fleksibilno armirano cevjo premera 32mm (1\"). Gumijasta EPDM tesnila.","og_url":"https:\/\/ibcparts.eu\/en\/product\/sistem-duo-flexi\/","og_site_name":"IBCparts.eu","article_modified_time":"2026-01-14T08:16:45+00:00","og_image":[{"width":1181,"height":1181,"url":"https:\/\/ibcparts.eu\/wp-content\/uploads\/2022\/01\/DUO-FLEXI.jpg","type":"image\/jpeg"}],"twitter_card":"summary_large_image","twitter_misc":{"Est. reading time":"3 minutes"},"schema":{"@context":"https:\/\/schema.org","@graph":[{"@type":"WebPage","@id":"https:\/\/ibcparts.eu\/izdelek\/sistem-duo-flexi\/","url":"https:\/\/ibcparts.eu\/izdelek\/sistem-duo-flexi\/","name":"DUO FLEXI (fleksibilna cev) - povezava dveh IBC cistern | IBCparts.eu","isPartOf":{"@id":"https:\/\/ibcparts.eu\/#website"},"primaryImageOfPage":{"@id":"https:\/\/ibcparts.eu\/izdelek\/sistem-duo-flexi\/#primaryimage"},"image":{"@id":"https:\/\/ibcparts.eu\/izdelek\/sistem-duo-flexi\/#primaryimage"},"thumbnailUrl":"https:\/\/ibcparts.eu\/wp-content\/uploads\/2022\/01\/DUO-FLEXI.jpg","datePublished":"2021-11-04T09:25:45+00:00","dateModified":"2026-01-14T08:16:45+00:00","description":"Enostaven, mo\u010dan, ugoden sistem za povezavo dveh IBC cistern s fleksibilno armirano cevjo premera 32mm (1\"). Gumijasta EPDM tesnila.","breadcrumb":{"@id":"https:\/\/ibcparts.eu\/izdelek\/sistem-duo-flexi\/#breadcrumb"},"inLanguage":"en-US","potentialAction":[{"@type":"ReadAction","target":["https:\/\/ibcparts.eu\/izdelek\/sistem-duo-flexi\/"]}]},{"@type":"ImageObject","inLanguage":"en-US","@id":"https:\/\/ibcparts.eu\/izdelek\/sistem-duo-flexi\/#primaryimage","url":"https:\/\/ibcparts.eu\/wp-content\/uploads\/2022\/01\/DUO-FLEXI.jpg","contentUrl":"https:\/\/ibcparts.eu\/wp-content\/uploads\/2022\/01\/DUO-FLEXI.jpg","width":1181,"height":1181,"caption":"povezava dveh IBC cistern s fleksibilno armirano cevjo"},{"@type":"BreadcrumbList","@id":"https:\/\/ibcparts.eu\/izdelek\/sistem-duo-flexi\/#breadcrumb","itemListElement":[{"@type":"ListItem","position":1,"name":"Home","item":"https:\/\/ibcparts.eu\/"},{"@type":"ListItem","position":2,"name":"Nakupujte","item":"https:\/\/ibcparts.eu\/nakupujte\/"},{"@type":"ListItem","position":3,"name":"DUO FLEXI (fleksibilna cev) &#8211; povezava dveh IBC cistern"}]},{"@type":"WebSite","@id":"https:\/\/ibcparts.eu\/#website","url":"https:\/\/ibcparts.eu\/","name":"IBCparts.eu","description":"","publisher":{"@id":"https:\/\/ibcparts.eu\/#organization"},"potentialAction":[{"@type":"SearchAction","target":{"@type":"EntryPoint","urlTemplate":"https:\/\/ibcparts.eu\/?s={search_term_string}"},"query-input":{"@type":"PropertyValueSpecification","valueRequired":true,"valueName":"search_term_string"}}],"inLanguage":"en-US"},{"@type":"Organization","@id":"https:\/\/ibcparts.eu\/#organization","name":"IBCparts","url":"https:\/\/ibcparts.eu\/","logo":{"@type":"ImageObject","inLanguage":"en-US","@id":"https:\/\/ibcparts.eu\/#\/schema\/logo\/image\/","url":"https:\/\/ibcparts.eu\/wp-content\/uploads\/2021\/10\/Footer-Logo.png","contentUrl":"https:\/\/ibcparts.eu\/wp-content\/uploads\/2021\/10\/Footer-Logo.png","width":1992,"height":772,"caption":"IBCparts"},"image":{"@id":"https:\/\/ibcparts.eu\/#\/schema\/logo\/image\/"}}]}},"_links":{"self":[{"href":"https:\/\/ibcparts.eu\/en\/wp-json\/wp\/v2\/product\/7186","targetHints":{"allow":["GET"]}}],"collection":[{"href":"https:\/\/ibcparts.eu\/en\/wp-json\/wp\/v2\/product"}],"about":[{"href":"https:\/\/ibcparts.eu\/en\/wp-json\/wp\/v2\/types\/product"}],"version-history":[{"count":5,"href":"https:\/\/ibcparts.eu\/en\/wp-json\/wp\/v2\/product\/7186\/revisions"}],"predecessor-version":[{"id":20263,"href":"https:\/\/ibcparts.eu\/en\/wp-json\/wp\/v2\/product\/7186\/revisions\/20263"}],"wp:featuredmedia":[{"embeddable":true,"href":"https:\/\/ibcparts.eu\/en\/wp-json\/wp\/v2\/media\/12587"}],"wp:attachment":[{"href":"https:\/\/ibcparts.eu\/en\/wp-json\/wp\/v2\/media?parent=7186"}],"wp:term":[{"taxonomy":"product_brand","embeddable":true,"href":"https:\/\/ibcparts.eu\/en\/wp-json\/wp\/v2\/product_brand?post=7186"},{"taxonomy":"product_cat","embeddable":true,"href":"https:\/\/ibcparts.eu\/en\/wp-json\/wp\/v2\/product_cat?post=7186"},{"taxonomy":"product_tag","embeddable":true,"href":"https:\/\/ibcparts.eu\/en\/wp-json\/wp\/v2\/product_tag?post=7186"}],"curies":[{"name":"wp","href":"https:\/\/api.w.org\/{rel}","templated":true}]}}