{"id":7126,"date":"2021-11-04T09:55:52","date_gmt":"2021-11-04T09:55:52","guid":{"rendered":"https:\/\/ibcparts.eu\/?post_type=product&#038;p=7126"},"modified":"2026-01-14T09:35:31","modified_gmt":"2026-01-14T08:35:31","slug":"sistem-trio-klasik","status":"publish","type":"product","link":"https:\/\/ibcparts.eu\/en\/product\/sistem-trio-klasik\/","title":{"rendered":"3+ KLASIK (connect 3 or more IBC containers horizontally)"},"content":{"rendered":"<p><iframe title=\"How to connect two IBC containers using DUO system.\" width=\"500\" height=\"281\" src=\"https:\/\/www.youtube.com\/embed\/ZKfg1PYo-qQ?feature=oembed\" frameborder=\"0\" allow=\"accelerometer; autoplay; clipboard-write; encrypted-media; gyroscope; picture-in-picture; web-share\" referrerpolicy=\"strict-origin-when-cross-origin\" allowfullscreen><\/iframe><\/p>\n<p class=\" translation-block\">Product information:<br>\nSystem for connecting three IBC tanks \u2013 now even stronger and more affordable!<\/p>\n<p><strong><span style=\"font-size: medium;\">Now with EPDM rubber seals FREE!<\/span><\/strong><\/p>\n<p>The package includes:<br \/>\n3x AVA reducer for tanks with valve fi 55-62mm, coarse thread S60x6 (DN50), 2x T-piece F, 3x elbow F, 3x alkaten hose*, tap, reducer<\/p>\n<p>*Alkaten tubes are slightly curved because they are stored on reels. We use LESS alkatene hoses, which are more flexible and much easier to use - you straighten them when installing and they stay in that position.<\/p>\n<p>The connections for the alkaline hose are green, as shown in the picture.<\/p>\n<p>The gap between the tanks after installation of the 3+ KLASIK system is between 2 and 6 cm - if necessary, you can shorten the pipe yourself with an olfa knife.<\/p>\n<p>Excellent sealing and high durability!<\/p>\n<p>The system is available in 1\u2033 (32mm) size.<\/p>\n<p>&nbsp;<\/p>\n<p><strong>*More information on taps and valves can be found at\u00a0<a href=\"https:\/\/ibcparts.eu\/kategorije\/pipe-ventili-in-medeninasti-prikljucki\/\">here<\/a>.<\/strong><\/p>\n<p style=\"margin-bottom: var(--wd-tags-margin-bottom); font-style: normal; font-variant-ligatures: normal; font-variant-caps: normal; font-family: Lato, Arial, Helvetica, sans-serif; font-size: 14px;\"><b>Reference:<br \/>\n<\/b>If you are going to discharge water into one tank, the other tank must be vented to allow the water to flow smoothly through the valves.<\/p>\n<p><strong>There are several ways to do this:<\/strong><\/p>\n<p class=\" translation-block\"><strong style=\"color: #666666;font-family: 'Libre Franklin';font-size: 16px;font-style: normal\">1. <\/strong>If you don\u2019t mind the water flowing out through the opening of the lid of the second tank when it fills to the top, you can simply loosen the lid slightly\u2014just enough to allow air to pass through. Once both tanks are completely full, the excess water (overflow) will drain out here.<br style=\"color: #666666;font-family: 'Libre Franklin';font-size: 16px\"><strong style=\"color: #666666;font-family: 'Libre Franklin';font-size: 16px;font-style: normal\">2. <\/strong>A <a href=\"https:\/\/ibcparts.eu\/izdelek\/pokrov-z-oddusnikom\/\" target=\"_self\"><span style=\"color: #666666;font-family: Libre Franklin\">vented lid<\/span><\/a> works in a similar way \u2013 air passes through, but water also flows out once the tanks are filled to the top.<br style=\"color: #666666;font-family: 'Libre Franklin';font-size: 16px\"><strong style=\"color: #666666;font-family: 'Libre Franklin';font-size: 16px;font-style: normal\">3.<\/strong> You can use a <a style=\"color: #666666;font-family: 'Libre Franklin';font-size: 16px;font-style: normal;font-weight: 300\" href=\"https:\/\/ibcparts.eu\/izdelek\/pokrov-pipelink\/\" target=\"_self\">PipeLink lid<\/a> (as shown in the animation) or an <a href=\"https:\/\/ibcparts.eu\/izdelek\/pokrov-autovent\/\" target=\"_self\"><i>AutoVent<\/i><\/a> lid \u2013 <b>recommended.<\/b><br style=\"color: #666666;font-family: 'Libre Franklin';font-size: 16px\"><strong style=\"color: #666666;font-family: 'Libre Franklin';font-size: 16px;font-style: normal\">4.<\/strong> Use a lid with an outlet and fix a suitable fitting to it (e.g. a T-piece for PE pipe, garden hose, flexible hose, PVC pipe\u2026).<br style=\"color: #666666;font-family: 'Libre Franklin';font-size: 16px\"><strong style=\"color: #666666;font-family: 'Libre Franklin';font-size: 16px;font-style: normal\">5. <\/strong>If there is a larger height difference between the downpipe outlet and the top of the tank, you can use a <a style=\"color: #666666;font-family: 'Libre Franklin';font-size: 16px;font-style: normal;font-weight: 300\" href=\"https:\/\/ibcparts.eu\/izdelek\/skoznik-flowtek-bend\/\" target=\"_self\">FlowTek Bend bulkhead<\/a> (use a lid with an outlet or drill a hole in the tank). Connect a garden hose to this outlet. Fix the other end of the hose above the height where water enters the tank (e.g. at the downpipe branch). This way, water will not overflow even when the tanks are completely full, while the tank can still \u201cbreathe\u201d.<\/p>\n<p>We can also design a system to your specifications. Multiple outlets, a valve to connect a hydrophore, multiple taps, etc... The hydrophore connection is most practical on the right side - because of the direction of opening of the valve handle.<\/p>\n<p>&nbsp;<\/p>\n<p>The AVA reducers used in the 3+ KLASIK systems are extremely durable and have an EPDM rubber seal.<\/p>","protected":false},"excerpt":{"rendered":"<h2 data-start=\"203\" data-end=\"323\"><strong data-start=\"203\" data-end=\"323\">Strong, reliable, and affordable horizontal connection of three or more IBC tanks \u2013 already assembled and ready for installation.<\/strong><\/h2>\n<p data-start=\"325\" data-end=\"720\" class=\" translation-block\">3+ KLASIK is an upgraded system for <strong data-start=\"359\" data-end=\"419\">connecting three or more IBC containers in a horizontal layout<\/strong>, where a <strong data-start=\"429\" data-end=\"472\">tap or valve is installed between the containers<\/strong>. You can decide which pair will serve as the outlet only during installation, allowing greater flexibility. The system is designed for efficient collection and transfer of rainwater, as well as other applications where a reliable and long-lasting leak-free solution is required.<\/p>\n<hr data-start=\"722\" data-end=\"725\" \/>\n<h3 data-start=\"727\" data-end=\"755\">Why choose 3+ CLASSIC?<\/h3>\n<ul>\n<li data-start=\"758\" data-end=\"792\">Strong and proven construction<\/li>\n<li>Pre-assembled system \u2013 no additional work required (the pipe can be shortened if necessary using a utility knife)<\/li>\n<li data-start=\"842\" data-end=\"887\" class=\" translation-block\">Designed for connecting 3 or more IBC tanks<\/li>\n<li data-start=\"890\" data-end=\"955\">Outlet (tap or valve) between tanks for greater flexibility<\/li>\n<li data-start=\"958\" data-end=\"1001\">100% EPDM seal \u2013 leak-proof, UV resistant<\/li>\n<li data-start=\"1004\" data-end=\"1070\">Softer LDPE pipe for easy installation and long service life<\/li>\n<\/ul>\n<hr data-start=\"1072\" data-end=\"1075\" \/>\n<h3 data-start=\"1077\" data-end=\"1095\">Price \/ Options:<\/h3>\n<ul>\n<li><strong><span style=\"color: #508d24; font-size: medium;\">\u200b<\/span><\/strong>Art.No.: #65X, <strong>TRIOX<\/strong>: <strong><span style=\"color: #508d24; font-size: medium;\">43,99\u20ac <\/span><\/strong>(connection only, no tap).<\/li>\n<li>Art.No.: #651,\u00a0<strong>TRIO1<\/strong>: <strong><span style=\"color: #508d24; font-size: medium;\">59,50\u20ac <\/span><\/strong>(GardenFlow 3\/4\u2033 metal tap*).<\/li>\n<li><strong><span style=\"color: #508d24; font-size: medium;\">\u200b<\/span><\/strong>Art.No.: #652, <strong>TRIO2<\/strong>: <strong><span style=\"color: #508d24; font-size: medium;\">62,50\u20ac <\/span><\/strong>(3\/4\u2033 HighFlow metal tap*).<\/li>\n<li>Art.No.: #653,\u00a0<strong>TRIO3<\/strong>: <strong><span style=\"color: #508d24; font-size: medium;\">67,50\u20ac <\/span><\/strong>(<u>double\u00a0<\/u>1\/2\u2033 PRO* metal tap).<\/li>\n<li>Art.No.: #654,\u00a0<strong>TRIO4<\/strong>: <strong><span style=\"color: #508d24; font-size: medium;\">71,50\u20ac <\/span><\/strong>(<u>double\u00a0<\/u>metal tap 3\/4\u2033 PRO*).<\/li>\n<li>Art.No.: #655, <strong>TRIO5<\/strong>:\u00a0<strong><span style=\"color: #508d24; font-size: medium;\">65,50\u20ac <\/span><\/strong>(1\u2033 QuickFlow metal tap*).<\/li>\n<li>Art.No.: #656, <strong>TRIO6<\/strong>:\u00a0<strong><span style=\"color: #508d24; font-size: medium;\">65,50\u20ac <\/span><\/strong>(plastic 1\u2033 MF PRO valve* with plastic 25mm straight hose nozzle*).<\/li>\n<li>Art.No.: #657, <strong>TRIO7<\/strong>:\u00a0<strong><span style=\"color: #508d24; font-size: medium;\">69,50\u20ac <\/span><\/strong>(metal 1\u2033 PRO valve* with brass 25mm straight pipe spigot*).<\/li>\n<li>Art.No.: #658, <strong>TRIO8<\/strong>:\u00a0<strong><span style=\"color: #508d24; font-size: medium;\">65,50\u20ac <\/span><\/strong>(plastic 1\u2033 MF PRO valve* with plastic adaptor - elbow for 25mm hose*).<\/li>\n<\/ul>\n<hr data-start=\"1914\" data-end=\"1917\" \/>\n<h3 data-start=\"1919\" data-end=\"1945\">Sealing and materials<\/h3>\n<p data-start=\"1946\" data-end=\"2224\" class=\" translation-block\">Used is <strong data-start=\"1961\" data-end=\"2005\">100% EPDM seal \u2013 exclusive to us<\/strong>, specially developed with optimal hardness that effectively compensates for even larger irregularities on the valve and ensures <strong data-start=\"2116\" data-end=\"2167\">long-lasting, reliable sealing without leaks<\/strong>, even with older or slightly damaged IBC valves.<\/p>\n<p data-start=\"2226\" data-end=\"2414\" class=\" translation-block\">The softer, flexible and UV-resistant <strong data-start=\"2264\" data-end=\"2276\">LDPE pipe<\/strong> allows for easy installation and provides a reliable, long-lasting tight connection of IBC tanks even on uneven surfaces without stressing the valves.<\/p>\n<hr data-start=\"2416\" data-end=\"2419\" \/>\n<h3 data-start=\"2421\" data-end=\"2468\">System expansion \u2013 add more tanks<\/h3>\n<p data-start=\"2469\" data-end=\"2642\" class=\" translation-block\">With the <strong data-start=\"2478\" data-end=\"2492\">Multi-link<\/strong> option, you can add <strong data-start=\"2514\" data-end=\"2552\">an unlimited number of additional tanks<\/strong> to the system in a horizontal arrangement.<br data-start=\"2576\" data-end=\"2579\">Example: connecting 5 tanks = basic package (3) + 2\u00d7 Multi-link.<\/p>\n<hr data-start=\"2644\" data-end=\"2647\" \/>\n<h3 data-start=\"2649\" data-end=\"2686\">3+ systems (how they differ):<\/h3>\n<ul>\n<li class=\" translation-block\"><strong>SIMPLE<\/strong>: tap or valve on the far left or right tank (you can decide during installation \u2013 adapt it to your needs \u2013 see the image in the gallery under SIMPLE).<\/li>\n<li class=\" translation-block\"><strong>KLASIK<\/strong>: tap or valve between two tanks (you can decide which two during installation \u2013 adapt it to your needs \u2013 see the image in the gallery under KLASIK).<\/li>\n<li class=\" translation-block\"><strong>PRO<\/strong>: tap or valve on one of the central tanks (if 3 tanks are connected, the tap is on the middle tank; if more tanks are connected, you can decide during installation \u2013 adapt it to your needs \u2013 see the image in the gallery under PRO).<\/li>\n<\/ul>\n<hr data-start=\"2946\" data-end=\"2949\" \/>\n<p data-start=\"2951\" data-end=\"3245\"><strong data-start=\"2951\" data-end=\"3245\">3+ KLASIK fits most IBC tanks with a standard S60\u00d76 valve. Installation is very simple, as the system is already assembled and does not require special knowledge. All materials are durable, UV-resistant, and suitable for long-term outdoor use. For different valve threads, the system can be custom adapted.<\/strong><\/p>","protected":false},"featured_media":12596,"template":"","meta":[],"product_brand":[],"product_cat":[191,189],"product_tag":[269,338],"class_list":{"0":"post-7126","1":"product","2":"type-product","3":"status-publish","4":"has-post-thumbnail","6":"product_cat-sistemi-3","7":"product_cat-sistemi-za-povezavo","8":"product_tag-povezava-ibc-cistern","9":"product_tag-povezite-3-ali-vec-ibc-cistern","11":"first","12":"instock","13":"shipping-taxable","14":"purchasable","15":"product-type-variable"},"yoast_head":"<!-- This site is optimized with the Yoast SEO plugin v27.1.1 - https:\/\/yoast.com\/product\/yoast-seo-wordpress\/ -->\n<title>3+ KLASIK (vodoravno pove\u017eite 3 ali ve\u010d IBC cistern) | IBCparts.eu<\/title>\n<meta name=\"description\" content=\"Sistem 3+ KLASIK za povezavo treh ali ve\u010d IBC cistern. Sedaj \u0161e mo\u010dnej\u0161i in \u0161e cenej\u0161i! Mo\u010dan. Izjemno uporaben. \u0160e ugodnej\u0161i. \u017de sestavljen!\" \/>\n<meta name=\"robots\" content=\"index, follow, max-snippet:-1, max-image-preview:large, max-video-preview:-1\" \/>\n<link rel=\"canonical\" href=\"https:\/\/ibcparts.eu\/en\/product\/sistem-trio-klasik\/\" \/>\n<meta property=\"og:locale\" content=\"en_US\" \/>\n<meta property=\"og:type\" content=\"article\" \/>\n<meta property=\"og:title\" content=\"3+ KLASIK (vodoravno pove\u017eite 3 ali ve\u010d IBC cistern) | IBCparts.eu\" \/>\n<meta property=\"og:description\" content=\"Sistem 3+ KLASIK za povezavo treh ali ve\u010d IBC cistern. Sedaj \u0161e mo\u010dnej\u0161i in \u0161e cenej\u0161i! Mo\u010dan. Izjemno uporaben. \u0160e ugodnej\u0161i. \u017de sestavljen!\" \/>\n<meta property=\"og:url\" content=\"https:\/\/ibcparts.eu\/en\/product\/sistem-trio-klasik\/\" \/>\n<meta property=\"og:site_name\" content=\"IBCparts.eu\" \/>\n<meta property=\"article:modified_time\" content=\"2026-01-14T08:35:31+00:00\" \/>\n<meta property=\"og:image\" content=\"https:\/\/ibcparts.eu\/wp-content\/uploads\/2021\/11\/TRIO-KLASIK.jpg\" \/>\n\t<meta property=\"og:image:width\" content=\"1181\" \/>\n\t<meta property=\"og:image:height\" content=\"1181\" \/>\n\t<meta property=\"og:image:type\" content=\"image\/jpeg\" \/>\n<meta name=\"twitter:card\" content=\"summary_large_image\" \/>\n<meta name=\"twitter:label1\" content=\"Est. reading time\" \/>\n\t<meta name=\"twitter:data1\" content=\"3 minutes\" \/>\n<script type=\"application\/ld+json\" class=\"yoast-schema-graph\">{\"@context\":\"https:\/\/schema.org\",\"@graph\":[{\"@type\":\"WebPage\",\"@id\":\"https:\/\/ibcparts.eu\/izdelek\/sistem-trio-klasik\/\",\"url\":\"https:\/\/ibcparts.eu\/izdelek\/sistem-trio-klasik\/\",\"name\":\"3+ KLASIK (vodoravno pove\u017eite 3 ali ve\u010d IBC cistern) | IBCparts.eu\",\"isPartOf\":{\"@id\":\"https:\/\/ibcparts.eu\/#website\"},\"primaryImageOfPage\":{\"@id\":\"https:\/\/ibcparts.eu\/izdelek\/sistem-trio-klasik\/#primaryimage\"},\"image\":{\"@id\":\"https:\/\/ibcparts.eu\/izdelek\/sistem-trio-klasik\/#primaryimage\"},\"thumbnailUrl\":\"https:\/\/ibcparts.eu\/wp-content\/uploads\/2021\/11\/TRIO-KLASIK.jpg\",\"datePublished\":\"2021-11-04T09:55:52+00:00\",\"dateModified\":\"2026-01-14T08:35:31+00:00\",\"description\":\"Sistem 3+ KLASIK za povezavo treh ali ve\u010d IBC cistern. Sedaj \u0161e mo\u010dnej\u0161i in \u0161e cenej\u0161i! Mo\u010dan. Izjemno uporaben. \u0160e ugodnej\u0161i. \u017de sestavljen!\",\"breadcrumb\":{\"@id\":\"https:\/\/ibcparts.eu\/izdelek\/sistem-trio-klasik\/#breadcrumb\"},\"inLanguage\":\"en-US\",\"potentialAction\":[{\"@type\":\"ReadAction\",\"target\":[\"https:\/\/ibcparts.eu\/izdelek\/sistem-trio-klasik\/\"]}]},{\"@type\":\"ImageObject\",\"inLanguage\":\"en-US\",\"@id\":\"https:\/\/ibcparts.eu\/izdelek\/sistem-trio-klasik\/#primaryimage\",\"url\":\"https:\/\/ibcparts.eu\/wp-content\/uploads\/2021\/11\/TRIO-KLASIK.jpg\",\"contentUrl\":\"https:\/\/ibcparts.eu\/wp-content\/uploads\/2021\/11\/TRIO-KLASIK.jpg\",\"width\":1181,\"height\":1181,\"caption\":\"Vodoravna povezava treh ali ve\u010d IBC cistern \u2013 sistem 3+ KLASIK\"},{\"@type\":\"BreadcrumbList\",\"@id\":\"https:\/\/ibcparts.eu\/izdelek\/sistem-trio-klasik\/#breadcrumb\",\"itemListElement\":[{\"@type\":\"ListItem\",\"position\":1,\"name\":\"Home\",\"item\":\"https:\/\/ibcparts.eu\/\"},{\"@type\":\"ListItem\",\"position\":2,\"name\":\"Nakupujte\",\"item\":\"https:\/\/ibcparts.eu\/nakupujte\/\"},{\"@type\":\"ListItem\",\"position\":3,\"name\":\"3+ KLASIK (vodoravno pove\u017eite 3 ali ve\u010d IBC cistern)\"}]},{\"@type\":\"WebSite\",\"@id\":\"https:\/\/ibcparts.eu\/#website\",\"url\":\"https:\/\/ibcparts.eu\/\",\"name\":\"IBCparts.eu\",\"description\":\"\",\"publisher\":{\"@id\":\"https:\/\/ibcparts.eu\/#organization\"},\"potentialAction\":[{\"@type\":\"SearchAction\",\"target\":{\"@type\":\"EntryPoint\",\"urlTemplate\":\"https:\/\/ibcparts.eu\/?s={search_term_string}\"},\"query-input\":{\"@type\":\"PropertyValueSpecification\",\"valueRequired\":true,\"valueName\":\"search_term_string\"}}],\"inLanguage\":\"en-US\"},{\"@type\":\"Organization\",\"@id\":\"https:\/\/ibcparts.eu\/#organization\",\"name\":\"IBCparts\",\"url\":\"https:\/\/ibcparts.eu\/\",\"logo\":{\"@type\":\"ImageObject\",\"inLanguage\":\"en-US\",\"@id\":\"https:\/\/ibcparts.eu\/#\/schema\/logo\/image\/\",\"url\":\"https:\/\/ibcparts.eu\/wp-content\/uploads\/2021\/10\/Footer-Logo.png\",\"contentUrl\":\"https:\/\/ibcparts.eu\/wp-content\/uploads\/2021\/10\/Footer-Logo.png\",\"width\":1992,\"height\":772,\"caption\":\"IBCparts\"},\"image\":{\"@id\":\"https:\/\/ibcparts.eu\/#\/schema\/logo\/image\/\"}}]}<\/script>\n<!-- \/ Yoast SEO plugin. -->","yoast_head_json":{"title":"3+ CLASSIC (horizontally connect 3 or more IBC tanks) | IBCparts.eu","description":"3+ KLASIK system for connecting three or more IBC tanks. Now even stronger and even cheaper! Powerful. Extremely useful. Even more affordable. Already assembled!","robots":{"index":"index","follow":"follow","max-snippet":"max-snippet:-1","max-image-preview":"max-image-preview:large","max-video-preview":"max-video-preview:-1"},"canonical":"https:\/\/ibcparts.eu\/en\/product\/sistem-trio-klasik\/","og_locale":"en_US","og_type":"article","og_title":"3+ KLASIK (vodoravno pove\u017eite 3 ali ve\u010d IBC cistern) | IBCparts.eu","og_description":"Sistem 3+ KLASIK za povezavo treh ali ve\u010d IBC cistern. Sedaj \u0161e mo\u010dnej\u0161i in \u0161e cenej\u0161i! Mo\u010dan. Izjemno uporaben. \u0160e ugodnej\u0161i. \u017de sestavljen!","og_url":"https:\/\/ibcparts.eu\/en\/product\/sistem-trio-klasik\/","og_site_name":"IBCparts.eu","article_modified_time":"2026-01-14T08:35:31+00:00","og_image":[{"width":1181,"height":1181,"url":"https:\/\/ibcparts.eu\/wp-content\/uploads\/2021\/11\/TRIO-KLASIK.jpg","type":"image\/jpeg"}],"twitter_card":"summary_large_image","twitter_misc":{"Est. reading time":"3 minutes"},"schema":{"@context":"https:\/\/schema.org","@graph":[{"@type":"WebPage","@id":"https:\/\/ibcparts.eu\/izdelek\/sistem-trio-klasik\/","url":"https:\/\/ibcparts.eu\/izdelek\/sistem-trio-klasik\/","name":"3+ CLASSIC (horizontally connect 3 or more IBC tanks) | IBCparts.eu","isPartOf":{"@id":"https:\/\/ibcparts.eu\/#website"},"primaryImageOfPage":{"@id":"https:\/\/ibcparts.eu\/izdelek\/sistem-trio-klasik\/#primaryimage"},"image":{"@id":"https:\/\/ibcparts.eu\/izdelek\/sistem-trio-klasik\/#primaryimage"},"thumbnailUrl":"https:\/\/ibcparts.eu\/wp-content\/uploads\/2021\/11\/TRIO-KLASIK.jpg","datePublished":"2021-11-04T09:55:52+00:00","dateModified":"2026-01-14T08:35:31+00:00","description":"3+ KLASIK system for connecting three or more IBC tanks. Now even stronger and even cheaper! Powerful. Extremely useful. Even more affordable. Already assembled!","breadcrumb":{"@id":"https:\/\/ibcparts.eu\/izdelek\/sistem-trio-klasik\/#breadcrumb"},"inLanguage":"en-US","potentialAction":[{"@type":"ReadAction","target":["https:\/\/ibcparts.eu\/izdelek\/sistem-trio-klasik\/"]}]},{"@type":"ImageObject","inLanguage":"en-US","@id":"https:\/\/ibcparts.eu\/izdelek\/sistem-trio-klasik\/#primaryimage","url":"https:\/\/ibcparts.eu\/wp-content\/uploads\/2021\/11\/TRIO-KLASIK.jpg","contentUrl":"https:\/\/ibcparts.eu\/wp-content\/uploads\/2021\/11\/TRIO-KLASIK.jpg","width":1181,"height":1181,"caption":"Vodoravna povezava treh ali ve\u010d IBC cistern \u2013 sistem 3+ KLASIK"},{"@type":"BreadcrumbList","@id":"https:\/\/ibcparts.eu\/izdelek\/sistem-trio-klasik\/#breadcrumb","itemListElement":[{"@type":"ListItem","position":1,"name":"Home","item":"https:\/\/ibcparts.eu\/"},{"@type":"ListItem","position":2,"name":"Nakupujte","item":"https:\/\/ibcparts.eu\/nakupujte\/"},{"@type":"ListItem","position":3,"name":"3+ KLASIK (vodoravno pove\u017eite 3 ali ve\u010d IBC cistern)"}]},{"@type":"WebSite","@id":"https:\/\/ibcparts.eu\/#website","url":"https:\/\/ibcparts.eu\/","name":"IBCparts.eu","description":"","publisher":{"@id":"https:\/\/ibcparts.eu\/#organization"},"potentialAction":[{"@type":"SearchAction","target":{"@type":"EntryPoint","urlTemplate":"https:\/\/ibcparts.eu\/?s={search_term_string}"},"query-input":{"@type":"PropertyValueSpecification","valueRequired":true,"valueName":"search_term_string"}}],"inLanguage":"en-US"},{"@type":"Organization","@id":"https:\/\/ibcparts.eu\/#organization","name":"IBCparts","url":"https:\/\/ibcparts.eu\/","logo":{"@type":"ImageObject","inLanguage":"en-US","@id":"https:\/\/ibcparts.eu\/#\/schema\/logo\/image\/","url":"https:\/\/ibcparts.eu\/wp-content\/uploads\/2021\/10\/Footer-Logo.png","contentUrl":"https:\/\/ibcparts.eu\/wp-content\/uploads\/2021\/10\/Footer-Logo.png","width":1992,"height":772,"caption":"IBCparts"},"image":{"@id":"https:\/\/ibcparts.eu\/#\/schema\/logo\/image\/"}}]}},"_links":{"self":[{"href":"https:\/\/ibcparts.eu\/en\/wp-json\/wp\/v2\/product\/7126","targetHints":{"allow":["GET"]}}],"collection":[{"href":"https:\/\/ibcparts.eu\/en\/wp-json\/wp\/v2\/product"}],"about":[{"href":"https:\/\/ibcparts.eu\/en\/wp-json\/wp\/v2\/types\/product"}],"version-history":[{"count":3,"href":"https:\/\/ibcparts.eu\/en\/wp-json\/wp\/v2\/product\/7126\/revisions"}],"predecessor-version":[{"id":20270,"href":"https:\/\/ibcparts.eu\/en\/wp-json\/wp\/v2\/product\/7126\/revisions\/20270"}],"wp:featuredmedia":[{"embeddable":true,"href":"https:\/\/ibcparts.eu\/en\/wp-json\/wp\/v2\/media\/12596"}],"wp:attachment":[{"href":"https:\/\/ibcparts.eu\/en\/wp-json\/wp\/v2\/media?parent=7126"}],"wp:term":[{"taxonomy":"product_brand","embeddable":true,"href":"https:\/\/ibcparts.eu\/en\/wp-json\/wp\/v2\/product_brand?post=7126"},{"taxonomy":"product_cat","embeddable":true,"href":"https:\/\/ibcparts.eu\/en\/wp-json\/wp\/v2\/product_cat?post=7126"},{"taxonomy":"product_tag","embeddable":true,"href":"https:\/\/ibcparts.eu\/en\/wp-json\/wp\/v2\/product_tag?post=7126"}],"curies":[{"name":"wp","href":"https:\/\/api.w.org\/{rel}","templated":true}]}}