{"id":7124,"date":"2021-11-04T09:51:22","date_gmt":"2021-11-04T09:51:22","guid":{"rendered":"https:\/\/ibcparts.eu\/?post_type=product&#038;p=7124"},"modified":"2026-01-06T13:41:18","modified_gmt":"2026-01-06T12:41:18","slug":"sistem-4x-pro","status":"publish","type":"product","link":"https:\/\/ibcparts.eu\/en\/product\/sistem-4x-pro\/","title":{"rendered":"4X PRO"},"content":{"rendered":"<p style=\"text-align: center;\"><strong>Video demonstration of how to assemble a 4x PRO system:<\/strong><br \/>\n<span style=\"color: #515151;\"><br \/>\nIn the package you usually get the tape already on the threads where it is needed or it is included.<\/span><\/p>\n<p><iframe title=\"How to connect four IBC containers (two stacked atop the other) to form a water harvesting system.\" width=\"500\" height=\"281\" src=\"https:\/\/www.youtube.com\/embed\/Bt3LsHn-2Sk?start=23&#038;feature=oembed\" frameborder=\"0\" allow=\"accelerometer; autoplay; clipboard-write; encrypted-media; gyroscope; picture-in-picture; web-share\" referrerpolicy=\"strict-origin-when-cross-origin\" allowfullscreen><\/iframe><\/p>\n<p>&nbsp;<\/p>\n<h4>The lower tank must be vented to allow water to flow smoothly through the valves.<\/h4>\n<p><img decoding=\"async\" class=\"aligncenter\" src=\"https:\/\/www.namoci.si\/uploads\/1\/1\/7\/5\/117519317\/published\/duo-vertikal-gif1.gif?1661170515\" alt=\"Picture\" \/><\/p>\n<p><strong>The easiest and cheapest ways to do this are:<\/strong><\/p>\n<p><img decoding=\"async\" class=\"\" src=\"https:\/\/ibcparts.eu\/wp-content\/uploads\/2021\/11\/pokrov-hoseflow-1.png\" sizes=\"(max-width: 500px) 100vw, 500px\" srcset=\"https:\/\/ibcparts.eu\/wp-content\/uploads\/2021\/11\/pokrov-hoseflow-1.png 500w, https:\/\/ibcparts.eu\/wp-content\/uploads\/2021\/11\/pokrov-hoseflow-1-300x300.png 300w, https:\/\/ibcparts.eu\/wp-content\/uploads\/2021\/11\/pokrov-hoseflow-1-150x150.png 150w, https:\/\/ibcparts.eu\/wp-content\/uploads\/2021\/11\/pokrov-hoseflow-1-12x12.png 12w\" alt=\"\" width=\"303\" height=\"303\" \/><br \/>\n<img decoding=\"async\" class=\"\" src=\"https:\/\/ibcparts.eu\/wp-content\/uploads\/2021\/11\/lower-ibc-venting_orig.jpg\" sizes=\"(max-width: 827px) 100vw, 827px\" srcset=\"https:\/\/ibcparts.eu\/wp-content\/uploads\/2021\/11\/lower-ibc-venting_orig.jpg 827w, https:\/\/ibcparts.eu\/wp-content\/uploads\/2021\/11\/lower-ibc-venting_orig-300x300.jpg 300w, https:\/\/ibcparts.eu\/wp-content\/uploads\/2021\/11\/lower-ibc-venting_orig-150x150.jpg 150w, https:\/\/ibcparts.eu\/wp-content\/uploads\/2021\/11\/lower-ibc-venting_orig-768x768.jpg 768w, https:\/\/ibcparts.eu\/wp-content\/uploads\/2021\/11\/lower-ibc-venting_orig-12x12.jpg 12w, https:\/\/ibcparts.eu\/wp-content\/uploads\/2021\/11\/lower-ibc-venting_orig-600x600.jpg 600w\" alt=\"\" width=\"363\" height=\"363\" \/><\/p>\n<p>Use the HoseFlow Cover (pictured)- to which you connect the garden hose - on the lower tank.  Fix the other end of the hose above the height where the water flows into the upper tank (e.g. where you have a spigot from the gutter - usually 200cm of hose is enough). This will allow the lower tank to fill smoothly via the valve.<\/p>\n<p><strong>Please note that this item can only be used if you have a tank on a metal pallet or if the tank does not have a centre leg.<\/strong><\/p>\n<p><a href=\"https:\/\/ibcparts.eu\/izdelek\/pokrov-hoseflow\/\">HoseFlow Cover (new version!)<\/a><\/p>\n<p>\u010ce \u017ee imate pokrov z navojem na sredini, lahko uporabite:<\/p>\n<p><img decoding=\"async\" src=\"https:\/\/ibcparts.eu\/wp-content\/uploads\/2021\/11\/airvent.png\" sizes=\"(max-width: 238px) 100vw, 238px\" srcset=\"https:\/\/ibcparts.eu\/wp-content\/uploads\/2021\/11\/airvent.png 238w, https:\/\/ibcparts.eu\/wp-content\/uploads\/2021\/11\/airvent-150x150.png 150w, https:\/\/ibcparts.eu\/wp-content\/uploads\/2021\/11\/airvent-12x12.png 12w\" alt=\"\" width=\"238\" height=\"238\" \/><\/p>\n<p><a href=\"https:\/\/ibcparts.eu\/izdelek\/oddusnik-easy\/\"><strong>Od<\/strong><strong>du\u0161nik AirVent<\/strong><\/a><\/p>\n<p><strong>Please note that this item can only be used if you have a tank on a metal pallet or if the tank does not have a centre leg.<\/strong><\/p>\n<p>\u010ce imate cisterno, ki ima sredinsko nogo in le-ta sedi na pokrovu spodnje cisterne, lahko zadevo re\u0161ite podobno z na\u0161imi <a href=\"https:\/\/ibcparts.eu\/kategorije\/skozniki\/\"><strong>brackets<\/strong> <\/a>&#8211; priporo\u010dljivo <strong>20 ali 25mm<\/strong>.<\/p>\n<p>Except that in this case you will need to drill a suitable hole in the top of the lower tank - preferably somewhere near the lid.<\/p>\n<p><img decoding=\"async\" class=\"alignnone wp-image-18620\" src=\"http:\/\/ibcparts.eu\/wp-content\/uploads\/2023\/03\/Skoznik-FlowTek-Bend-300x300.png\" alt=\"Skoznik FlowTek Bend (15mm, 20mm, 25mm, 50mm)\" width=\"213\" height=\"213\" srcset=\"https:\/\/ibcparts.eu\/wp-content\/uploads\/2023\/03\/Skoznik-FlowTek-Bend-300x300.png 300w, https:\/\/ibcparts.eu\/wp-content\/uploads\/2023\/03\/Skoznik-FlowTek-Bend-150x150.png 150w, https:\/\/ibcparts.eu\/wp-content\/uploads\/2023\/03\/Skoznik-FlowTek-Bend-12x12.png 12w, https:\/\/ibcparts.eu\/wp-content\/uploads\/2023\/03\/Skoznik-FlowTek-Bend.png 499w\" sizes=\"(max-width: 213px) 100vw, 213px\" \/><\/p>\n<p><strong><a href=\"https:\/\/ibcparts.eu\/izdelek\/skoznik-flowtek-bend\/\">Skozniki FlowTek Bend<\/a><\/strong><\/p>\n<p><strong>Tip!<\/strong><br \/>\nIt is highly recommended that the water passes through a filter when it enters the tank to avoid rotting, mould and excessive growth of micro-organisms in the tank.<br \/>\nWe offer rainwater filters for mounting on a hose with a gutter, which filter out larger impurities (leaves, moss, etc.).<br \/>\nWe also have a variety of fine filters for mounting on the IBC tank itself.<br \/>\nMake sure the water in your tanks stays clean for as long as possible. <a href=\"https:\/\/ibcparts.eu\/izdelek\/zascitna-ponjava-tarp-za-ibc-cisterno\/\">With UV protective mat for IBC tank<\/a> limit the growth of micro-organisms even more.<\/p>\n<p><img decoding=\"async\" class=\"alignleft\" src=\"https:\/\/www.namoci.si\/uploads\/1\/1\/7\/5\/117519317\/povezava-ibc-cistern-duo-vertikal-z-opcijo-duo-plus-31_orig.jpg\" alt=\"PLUS option for IBC tank\" width=\"214\" height=\"214\" \/><\/p>\n<p>&nbsp;<\/p>\n<p>&nbsp;<\/p>\n<p>&nbsp;<\/p>\n<p>&nbsp;<\/p>\n<p>&nbsp;<\/p>\n<p>&nbsp;<\/p>\n<p><strong><span style=\"color: #6cb83a;\">Option PLUS!<\/span><\/strong><\/p>\n<p>You can also choose an option <strong>PLUS<\/strong>. This gives you an additional outlet for the garden hose - see picture.<br \/>\nThis way, you can also completely empty the tank without interfering with the system.<\/p>","protected":false},"excerpt":{"rendered":"<p><span style=\"font-size: large;\">System for connecting four IBC tanks.<\/span><\/p>\n<p><strong><span style=\"font-size: medium;\"><span style=\"color: #5fa233;\">The tap position can be on any of the pipes\u00a0<\/span><\/span><\/strong><span style=\"font-size: medium;\"><span style=\"color: #626262;\">- you decide when it comes to installation.<\/span><\/span><\/p>\n<p><strong><span style=\"font-size: medium;\"><span style=\"color: #508d24;\">PRICE:<\/span><\/span><\/strong><br \/>\n<strong><span style=\"color: #508d24; font-size: medium;\">\u200b<\/span><\/strong>Art.No.: #570b,\u00a0<strong>4XP1<\/strong>:\u00a0<strong><span style=\"color: #508d24; font-size: medium;\">103,50\u20ac\u00a0<\/span><\/strong>(3\/4\u2033GardeFlow metal tap*).<br \/>\n<strong><span style=\"color: #508d24; font-size: medium;\">\u200b<\/span><\/strong>Art.No.: #570c,\u00a0<strong>4XP2<\/strong>:\u00a0<strong><span style=\"color: #508d24; font-size: medium;\">104,50\u20ac\u00a0<\/span><\/strong>(3\/4\" HighFlow metal tap*).<br \/>\n<strong><span style=\"color: #508d24; font-size: medium;\">\u200b<\/span><\/strong>Art.No.: #570d,\u00a0<strong>4XP3<\/strong>:\u00a0<strong><span style=\"color: #508d24; font-size: medium;\">113,50\u20ac\u00a0<\/span><\/strong>(<u>double\u00a0<\/u>1\/2\u2033 PRO* metal tap).<br \/>\n<strong><span style=\"color: #508d24; font-size: medium;\">\u200b<\/span><\/strong>Art.No.: #570e,\u00a0<strong>4XP4<\/strong>:\u00a0<strong><span style=\"color: #508d24; font-size: medium;\">117,50\u20ac\u00a0<\/span><\/strong>(<u>double\u00a0<\/u>metal tap 3\/4 PRO*).<br \/>\nArt.No.: #570f,\u00a0<strong>4XP5<\/strong>:\u00a0<strong><span style=\"color: #508d24; font-size: medium;\">109,50\u20ac\u00a0<\/span><\/strong>(1\u2033 metal tap*).<br \/>\nArt.No.: #570g,\u00a0<strong>4XP6<\/strong>:\u00a0<strong><span style=\"color: #508d24; font-size: medium;\">109,50\u20ac\u00a0<\/span><\/strong>(1\u2033 QuickFlow metal tap*).<br \/>\nArt.No.: #570h,\u00a0<strong>4XP7<\/strong>:\u00a0<strong><span style=\"color: #508d24; font-size: medium;\">109,50\u20ac\u00a0<\/span><\/strong>(3\/4\u2033 metal valve + spigot*).<br \/>\nArt.No.: #570i,\u00a0<strong>4XP8<\/strong>:\u00a0<strong><span style=\"color: #508d24; font-size: medium;\">111,50\u20ac\u00a0<\/span><\/strong>(1\u2033 metal valve + spigot*).<br \/>\nArt.No.: #570j,\u00a0<strong>4XP9<\/strong>:\u00a0<strong><span style=\"color: #508d24; font-size: medium;\">111,50\u20ac\u00a0<\/span><\/strong>(1\u2033 plastic valve + spigot*).<\/p>\n<p>Very easy installation.<br \/>\n\u200b\u200b<strong><span style=\"font-size: medium;\">Already made up for you.<\/span><\/strong><\/p>\n<p><span style=\"font-size: large;\">\u200b<\/span><br \/>\n<strong>The package includes:<\/strong><br \/>\n4x AVA reducer for tanks with valve fi 55-62mm, coarse thread S60x6 (DN50), T-piece F 5x, elbow joint 4x, hose, tap, reducer.<\/p>\n<p><strong><span style=\"font-size: medium;\">Now with EPDM rubber seals GRATIS.<\/span><\/strong><\/p>\n<p><em><span style=\"font-size: medium;\">*Alkaten tubes are slightly curved because they are stored on reels. We use LESS alkatene hoses, which are more flexible and much easier to use - you straighten them when installing and they stay in that position.<\/span><\/em><\/p>\n<p>Foam gasket (PE). Excellent sealing and high durability!<\/p>\n<p><strong>*More information on taps and valves can be found at\u00a0<a href=\"https:\/\/ibcparts.eu\/kategorije\/pipe-ventili-in-medeninasti-prikljucki\/\">here<\/a>.<\/strong><\/p>\n<p><strong>We can also design a system to your specifications. Multiple outlets, a valve to connect a hydrophore, multiple taps, etc... The hydrophore connection is most practical on the right side - because of the direction of opening of the valve handle.<\/strong><\/p>\n<p><strong>Please contact us for further questions and advice.<\/strong><\/p>","protected":false},"featured_media":12584,"template":"","meta":[],"product_brand":[],"product_cat":[190,189],"product_tag":[],"class_list":{"0":"post-7124","1":"product","2":"type-product","3":"status-publish","4":"has-post-thumbnail","6":"product_cat-sistemi-4x","7":"product_cat-sistemi-za-povezavo","9":"first","10":"instock","11":"shipping-taxable","12":"purchasable","13":"product-type-variable"},"yoast_head":"<!-- This site is optimized with the Yoast SEO plugin v27.1.1 - https:\/\/yoast.com\/product\/yoast-seo-wordpress\/ -->\n<title>4X PRO | IBCparts.eu<\/title>\n<meta name=\"description\" content=\"Sistem 4X PRO za povezavo \u0161tirih IBC cistern s postavitvijo ena na drugi (2+2).\" \/>\n<meta name=\"robots\" content=\"index, follow, max-snippet:-1, max-image-preview:large, max-video-preview:-1\" \/>\n<link rel=\"canonical\" href=\"https:\/\/ibcparts.eu\/en\/product\/sistem-4x-pro\/\" \/>\n<meta property=\"og:locale\" content=\"en_US\" \/>\n<meta property=\"og:type\" content=\"article\" \/>\n<meta property=\"og:title\" content=\"4X PRO | IBCparts.eu\" \/>\n<meta property=\"og:description\" content=\"Sistem 4X PRO za povezavo \u0161tirih IBC cistern s postavitvijo ena na drugi (2+2).\" \/>\n<meta property=\"og:url\" content=\"https:\/\/ibcparts.eu\/en\/product\/sistem-4x-pro\/\" \/>\n<meta property=\"og:site_name\" content=\"IBCparts.eu\" \/>\n<meta property=\"article:modified_time\" content=\"2026-01-06T12:41:18+00:00\" \/>\n<meta property=\"og:image\" content=\"https:\/\/ibcparts.eu\/wp-content\/uploads\/2022\/01\/4X-PRO.jpg\" \/>\n\t<meta property=\"og:image:width\" content=\"1181\" \/>\n\t<meta property=\"og:image:height\" content=\"1181\" \/>\n\t<meta property=\"og:image:type\" content=\"image\/jpeg\" \/>\n<meta name=\"twitter:card\" content=\"summary_large_image\" \/>\n<script type=\"application\/ld+json\" class=\"yoast-schema-graph\">{\"@context\":\"https:\/\/schema.org\",\"@graph\":[{\"@type\":\"WebPage\",\"@id\":\"https:\/\/ibcparts.eu\/izdelek\/sistem-4x-pro\/\",\"url\":\"https:\/\/ibcparts.eu\/izdelek\/sistem-4x-pro\/\",\"name\":\"4X PRO | IBCparts.eu\",\"isPartOf\":{\"@id\":\"https:\/\/ibcparts.eu\/#website\"},\"primaryImageOfPage\":{\"@id\":\"https:\/\/ibcparts.eu\/izdelek\/sistem-4x-pro\/#primaryimage\"},\"image\":{\"@id\":\"https:\/\/ibcparts.eu\/izdelek\/sistem-4x-pro\/#primaryimage\"},\"thumbnailUrl\":\"https:\/\/ibcparts.eu\/wp-content\/uploads\/2022\/01\/4X-PRO.jpg\",\"datePublished\":\"2021-11-04T09:51:22+00:00\",\"dateModified\":\"2026-01-06T12:41:18+00:00\",\"description\":\"Sistem 4X PRO za povezavo \u0161tirih IBC cistern s postavitvijo ena na drugi (2+2).\",\"breadcrumb\":{\"@id\":\"https:\/\/ibcparts.eu\/izdelek\/sistem-4x-pro\/#breadcrumb\"},\"inLanguage\":\"en-US\",\"potentialAction\":[{\"@type\":\"ReadAction\",\"target\":[\"https:\/\/ibcparts.eu\/izdelek\/sistem-4x-pro\/\"]}]},{\"@type\":\"ImageObject\",\"inLanguage\":\"en-US\",\"@id\":\"https:\/\/ibcparts.eu\/izdelek\/sistem-4x-pro\/#primaryimage\",\"url\":\"https:\/\/ibcparts.eu\/wp-content\/uploads\/2022\/01\/4X-PRO.jpg\",\"contentUrl\":\"https:\/\/ibcparts.eu\/wp-content\/uploads\/2022\/01\/4X-PRO.jpg\",\"width\":1181,\"height\":1181,\"caption\":\"4X PRO\"},{\"@type\":\"BreadcrumbList\",\"@id\":\"https:\/\/ibcparts.eu\/izdelek\/sistem-4x-pro\/#breadcrumb\",\"itemListElement\":[{\"@type\":\"ListItem\",\"position\":1,\"name\":\"Home\",\"item\":\"https:\/\/ibcparts.eu\/\"},{\"@type\":\"ListItem\",\"position\":2,\"name\":\"Nakupujte\",\"item\":\"https:\/\/ibcparts.eu\/nakupujte\/\"},{\"@type\":\"ListItem\",\"position\":3,\"name\":\"4X PRO\"}]},{\"@type\":\"WebSite\",\"@id\":\"https:\/\/ibcparts.eu\/#website\",\"url\":\"https:\/\/ibcparts.eu\/\",\"name\":\"IBCparts.eu\",\"description\":\"\",\"publisher\":{\"@id\":\"https:\/\/ibcparts.eu\/#organization\"},\"potentialAction\":[{\"@type\":\"SearchAction\",\"target\":{\"@type\":\"EntryPoint\",\"urlTemplate\":\"https:\/\/ibcparts.eu\/?s={search_term_string}\"},\"query-input\":{\"@type\":\"PropertyValueSpecification\",\"valueRequired\":true,\"valueName\":\"search_term_string\"}}],\"inLanguage\":\"en-US\"},{\"@type\":\"Organization\",\"@id\":\"https:\/\/ibcparts.eu\/#organization\",\"name\":\"IBCparts\",\"url\":\"https:\/\/ibcparts.eu\/\",\"logo\":{\"@type\":\"ImageObject\",\"inLanguage\":\"en-US\",\"@id\":\"https:\/\/ibcparts.eu\/#\/schema\/logo\/image\/\",\"url\":\"https:\/\/ibcparts.eu\/wp-content\/uploads\/2021\/10\/Footer-Logo.png\",\"contentUrl\":\"https:\/\/ibcparts.eu\/wp-content\/uploads\/2021\/10\/Footer-Logo.png\",\"width\":1992,\"height\":772,\"caption\":\"IBCparts\"},\"image\":{\"@id\":\"https:\/\/ibcparts.eu\/#\/schema\/logo\/image\/\"}}]}<\/script>\n<!-- \/ Yoast SEO plugin. -->","yoast_head_json":{"title":"4X PRO | IBCparts.eu","description":"4X PRO system for connecting four IBC tanks by stacking them (2+2).","robots":{"index":"index","follow":"follow","max-snippet":"max-snippet:-1","max-image-preview":"max-image-preview:large","max-video-preview":"max-video-preview:-1"},"canonical":"https:\/\/ibcparts.eu\/en\/product\/sistem-4x-pro\/","og_locale":"en_US","og_type":"article","og_title":"4X PRO | IBCparts.eu","og_description":"Sistem 4X PRO za povezavo \u0161tirih IBC cistern s postavitvijo ena na drugi (2+2).","og_url":"https:\/\/ibcparts.eu\/en\/product\/sistem-4x-pro\/","og_site_name":"IBCparts.eu","article_modified_time":"2026-01-06T12:41:18+00:00","og_image":[{"width":1181,"height":1181,"url":"https:\/\/ibcparts.eu\/wp-content\/uploads\/2022\/01\/4X-PRO.jpg","type":"image\/jpeg"}],"twitter_card":"summary_large_image","schema":{"@context":"https:\/\/schema.org","@graph":[{"@type":"WebPage","@id":"https:\/\/ibcparts.eu\/izdelek\/sistem-4x-pro\/","url":"https:\/\/ibcparts.eu\/izdelek\/sistem-4x-pro\/","name":"4X PRO | IBCparts.eu","isPartOf":{"@id":"https:\/\/ibcparts.eu\/#website"},"primaryImageOfPage":{"@id":"https:\/\/ibcparts.eu\/izdelek\/sistem-4x-pro\/#primaryimage"},"image":{"@id":"https:\/\/ibcparts.eu\/izdelek\/sistem-4x-pro\/#primaryimage"},"thumbnailUrl":"https:\/\/ibcparts.eu\/wp-content\/uploads\/2022\/01\/4X-PRO.jpg","datePublished":"2021-11-04T09:51:22+00:00","dateModified":"2026-01-06T12:41:18+00:00","description":"4X PRO system for connecting four IBC tanks by stacking them (2+2).","breadcrumb":{"@id":"https:\/\/ibcparts.eu\/izdelek\/sistem-4x-pro\/#breadcrumb"},"inLanguage":"en-US","potentialAction":[{"@type":"ReadAction","target":["https:\/\/ibcparts.eu\/izdelek\/sistem-4x-pro\/"]}]},{"@type":"ImageObject","inLanguage":"en-US","@id":"https:\/\/ibcparts.eu\/izdelek\/sistem-4x-pro\/#primaryimage","url":"https:\/\/ibcparts.eu\/wp-content\/uploads\/2022\/01\/4X-PRO.jpg","contentUrl":"https:\/\/ibcparts.eu\/wp-content\/uploads\/2022\/01\/4X-PRO.jpg","width":1181,"height":1181,"caption":"4X PRO"},{"@type":"BreadcrumbList","@id":"https:\/\/ibcparts.eu\/izdelek\/sistem-4x-pro\/#breadcrumb","itemListElement":[{"@type":"ListItem","position":1,"name":"Home","item":"https:\/\/ibcparts.eu\/"},{"@type":"ListItem","position":2,"name":"Nakupujte","item":"https:\/\/ibcparts.eu\/nakupujte\/"},{"@type":"ListItem","position":3,"name":"4X PRO"}]},{"@type":"WebSite","@id":"https:\/\/ibcparts.eu\/#website","url":"https:\/\/ibcparts.eu\/","name":"IBCparts.eu","description":"","publisher":{"@id":"https:\/\/ibcparts.eu\/#organization"},"potentialAction":[{"@type":"SearchAction","target":{"@type":"EntryPoint","urlTemplate":"https:\/\/ibcparts.eu\/?s={search_term_string}"},"query-input":{"@type":"PropertyValueSpecification","valueRequired":true,"valueName":"search_term_string"}}],"inLanguage":"en-US"},{"@type":"Organization","@id":"https:\/\/ibcparts.eu\/#organization","name":"IBCparts","url":"https:\/\/ibcparts.eu\/","logo":{"@type":"ImageObject","inLanguage":"en-US","@id":"https:\/\/ibcparts.eu\/#\/schema\/logo\/image\/","url":"https:\/\/ibcparts.eu\/wp-content\/uploads\/2021\/10\/Footer-Logo.png","contentUrl":"https:\/\/ibcparts.eu\/wp-content\/uploads\/2021\/10\/Footer-Logo.png","width":1992,"height":772,"caption":"IBCparts"},"image":{"@id":"https:\/\/ibcparts.eu\/#\/schema\/logo\/image\/"}}]}},"_links":{"self":[{"href":"https:\/\/ibcparts.eu\/en\/wp-json\/wp\/v2\/product\/7124","targetHints":{"allow":["GET"]}}],"collection":[{"href":"https:\/\/ibcparts.eu\/en\/wp-json\/wp\/v2\/product"}],"about":[{"href":"https:\/\/ibcparts.eu\/en\/wp-json\/wp\/v2\/types\/product"}],"version-history":[{"count":3,"href":"https:\/\/ibcparts.eu\/en\/wp-json\/wp\/v2\/product\/7124\/revisions"}],"predecessor-version":[{"id":19875,"href":"https:\/\/ibcparts.eu\/en\/wp-json\/wp\/v2\/product\/7124\/revisions\/19875"}],"wp:featuredmedia":[{"embeddable":true,"href":"https:\/\/ibcparts.eu\/en\/wp-json\/wp\/v2\/media\/12584"}],"wp:attachment":[{"href":"https:\/\/ibcparts.eu\/en\/wp-json\/wp\/v2\/media?parent=7124"}],"wp:term":[{"taxonomy":"product_brand","embeddable":true,"href":"https:\/\/ibcparts.eu\/en\/wp-json\/wp\/v2\/product_brand?post=7124"},{"taxonomy":"product_cat","embeddable":true,"href":"https:\/\/ibcparts.eu\/en\/wp-json\/wp\/v2\/product_cat?post=7124"},{"taxonomy":"product_tag","embeddable":true,"href":"https:\/\/ibcparts.eu\/en\/wp-json\/wp\/v2\/product_tag?post=7124"}],"curies":[{"name":"wp","href":"https:\/\/api.w.org\/{rel}","templated":true}]}}