{"id":7014,"date":"2021-11-04T07:35:15","date_gmt":"2021-11-04T06:35:15","guid":{"rendered":"https:\/\/ibcparts.eu\/?post_type=product&#038;p=7014"},"modified":"2024-05-17T08:10:09","modified_gmt":"2024-05-17T07:10:09","slug":"filter-dezevnice-master","status":"publish","type":"product","link":"https:\/\/ibcparts.eu\/en\/product\/master-rainwater-filter\/","title":{"rendered":"MASTER rainwater filter"},"content":{"rendered":"","protected":false},"excerpt":{"rendered":"<p><span style=\"font-size: large;\"><strong>Product information:<\/strong><br \/>\nGutter filter with leaf strainer.<\/span><\/p>\n<ul>\n<li>Excellent mechanical filtration with a sieve as leaf remover.<\/li>\n<li>For downpipes (gutters) fi 100mm, 80mm or 70mm - reducers included. So you can use any of these pipes above and below.<\/li>\n<li>Side outlet outer diameter 1 1\/4\u2033 - 33mm.<\/li>\n<li>Recommended for<strong> up to approx. 80 m2<\/strong>\u00a0roofs.<\/li>\n<li>Winter-Summer mode - just toggle the slider on the housing.<\/li>\n<li>High flow efficiency.<\/li>\n<li>It is suitable for permanent use without cleaning.<\/li>\n<li>Durable construction, excellent resistance.<\/li>\n<li><strong>Made in Germany.<\/strong><\/li>\n<\/ul>\n<p>Material: plastic.<br \/>\nFilter colour: grey<\/p>\n<p>The kit comes with a filter, 25cm of hose with a gasket and an anti-matrix.<\/p>","protected":false},"featured_media":16816,"template":"","meta":[],"product_brand":[],"product_cat":[186],"product_tag":[],"class_list":{"0":"post-7014","1":"product","2":"type-product","3":"status-publish","4":"has-post-thumbnail","6":"product_cat-filtri-za-dezevnico-in-pvc-redukcije","8":"first","9":"instock","10":"shipping-taxable","11":"purchasable","12":"product-type-simple"},"yoast_head":"<!-- This site is optimized with the Yoast SEO plugin v27.1.1 - https:\/\/yoast.com\/product\/yoast-seo-wordpress\/ -->\n<title>Filter de\u017eevnice MASTER | IBCparts.eu<\/title>\n<meta name=\"description\" content=\"Za padne cevi (vertikalna cev z \u017eleba) fi 100mm, 80mm ali 70mm - prilo\u017eeni so reducirji. Torej zgoraj in spodaj lahko uporabite katero koli izmed teh cevi.\" \/>\n<meta name=\"robots\" content=\"index, follow, max-snippet:-1, max-image-preview:large, max-video-preview:-1\" \/>\n<link rel=\"canonical\" href=\"https:\/\/ibcparts.eu\/en\/product\/master-rainwater-filter\/\" \/>\n<meta property=\"og:locale\" content=\"en_US\" \/>\n<meta property=\"og:type\" content=\"article\" \/>\n<meta property=\"og:title\" content=\"Filter de\u017eevnice MASTER | IBCparts.eu\" \/>\n<meta property=\"og:description\" content=\"Za padne cevi (vertikalna cev z \u017eleba) fi 100mm, 80mm ali 70mm - prilo\u017eeni so reducirji. Torej zgoraj in spodaj lahko uporabite katero koli izmed teh cevi.\" \/>\n<meta property=\"og:url\" content=\"https:\/\/ibcparts.eu\/en\/product\/master-rainwater-filter\/\" \/>\n<meta property=\"og:site_name\" content=\"IBCparts.eu\" \/>\n<meta property=\"article:modified_time\" content=\"2024-05-17T07:10:09+00:00\" \/>\n<meta property=\"og:image\" content=\"https:\/\/ibcparts.eu\/wp-content\/uploads\/2021\/11\/mstr.jpg\" \/>\n\t<meta property=\"og:image:width\" content=\"828\" \/>\n\t<meta property=\"og:image:height\" content=\"828\" \/>\n\t<meta property=\"og:image:type\" content=\"image\/jpeg\" \/>\n<meta name=\"twitter:card\" content=\"summary_large_image\" \/>\n<script type=\"application\/ld+json\" class=\"yoast-schema-graph\">{\"@context\":\"https:\/\/schema.org\",\"@graph\":[{\"@type\":\"WebPage\",\"@id\":\"https:\/\/ibcparts.eu\/izdelek\/filter-dezevnice-master\/\",\"url\":\"https:\/\/ibcparts.eu\/izdelek\/filter-dezevnice-master\/\",\"name\":\"Filter de\u017eevnice MASTER | IBCparts.eu\",\"isPartOf\":{\"@id\":\"https:\/\/ibcparts.eu\/#website\"},\"primaryImageOfPage\":{\"@id\":\"https:\/\/ibcparts.eu\/izdelek\/filter-dezevnice-master\/#primaryimage\"},\"image\":{\"@id\":\"https:\/\/ibcparts.eu\/izdelek\/filter-dezevnice-master\/#primaryimage\"},\"thumbnailUrl\":\"https:\/\/ibcparts.eu\/wp-content\/uploads\/2021\/11\/mstr.jpg\",\"datePublished\":\"2021-11-04T06:35:15+00:00\",\"dateModified\":\"2024-05-17T07:10:09+00:00\",\"description\":\"Za padne cevi (vertikalna cev z \u017eleba) fi 100mm, 80mm ali 70mm - prilo\u017eeni so reducirji. Torej zgoraj in spodaj lahko uporabite katero koli izmed teh cevi.\",\"breadcrumb\":{\"@id\":\"https:\/\/ibcparts.eu\/izdelek\/filter-dezevnice-master\/#breadcrumb\"},\"inLanguage\":\"en-US\",\"potentialAction\":[{\"@type\":\"ReadAction\",\"target\":[\"https:\/\/ibcparts.eu\/izdelek\/filter-dezevnice-master\/\"]}]},{\"@type\":\"ImageObject\",\"inLanguage\":\"en-US\",\"@id\":\"https:\/\/ibcparts.eu\/izdelek\/filter-dezevnice-master\/#primaryimage\",\"url\":\"https:\/\/ibcparts.eu\/wp-content\/uploads\/2021\/11\/mstr.jpg\",\"contentUrl\":\"https:\/\/ibcparts.eu\/wp-content\/uploads\/2021\/11\/mstr.jpg\",\"width\":828,\"height\":828},{\"@type\":\"BreadcrumbList\",\"@id\":\"https:\/\/ibcparts.eu\/izdelek\/filter-dezevnice-master\/#breadcrumb\",\"itemListElement\":[{\"@type\":\"ListItem\",\"position\":1,\"name\":\"Home\",\"item\":\"https:\/\/ibcparts.eu\/\"},{\"@type\":\"ListItem\",\"position\":2,\"name\":\"Nakupujte\",\"item\":\"https:\/\/ibcparts.eu\/nakupujte\/\"},{\"@type\":\"ListItem\",\"position\":3,\"name\":\"Filter de\u017eevnice MASTER\"}]},{\"@type\":\"WebSite\",\"@id\":\"https:\/\/ibcparts.eu\/#website\",\"url\":\"https:\/\/ibcparts.eu\/\",\"name\":\"IBCparts.eu\",\"description\":\"\",\"publisher\":{\"@id\":\"https:\/\/ibcparts.eu\/#organization\"},\"potentialAction\":[{\"@type\":\"SearchAction\",\"target\":{\"@type\":\"EntryPoint\",\"urlTemplate\":\"https:\/\/ibcparts.eu\/?s={search_term_string}\"},\"query-input\":{\"@type\":\"PropertyValueSpecification\",\"valueRequired\":true,\"valueName\":\"search_term_string\"}}],\"inLanguage\":\"en-US\"},{\"@type\":\"Organization\",\"@id\":\"https:\/\/ibcparts.eu\/#organization\",\"name\":\"IBCparts\",\"url\":\"https:\/\/ibcparts.eu\/\",\"logo\":{\"@type\":\"ImageObject\",\"inLanguage\":\"en-US\",\"@id\":\"https:\/\/ibcparts.eu\/#\/schema\/logo\/image\/\",\"url\":\"https:\/\/ibcparts.eu\/wp-content\/uploads\/2021\/10\/Footer-Logo.png\",\"contentUrl\":\"https:\/\/ibcparts.eu\/wp-content\/uploads\/2021\/10\/Footer-Logo.png\",\"width\":1992,\"height\":772,\"caption\":\"IBCparts\"},\"image\":{\"@id\":\"https:\/\/ibcparts.eu\/#\/schema\/logo\/image\/\"}}]}<\/script>\n<!-- \/ Yoast SEO plugin. -->","yoast_head_json":{"title":"MASTER rainwater filter | IBCparts.eu","description":"For downpipes (vertical pipe from the gutter) fi 100mm, 80mm or 70mm - reducers included. So above and below you can use any of these pipes.","robots":{"index":"index","follow":"follow","max-snippet":"max-snippet:-1","max-image-preview":"max-image-preview:large","max-video-preview":"max-video-preview:-1"},"canonical":"https:\/\/ibcparts.eu\/en\/product\/master-rainwater-filter\/","og_locale":"en_US","og_type":"article","og_title":"Filter de\u017eevnice MASTER | IBCparts.eu","og_description":"Za padne cevi (vertikalna cev z \u017eleba) fi 100mm, 80mm ali 70mm - prilo\u017eeni so reducirji. Torej zgoraj in spodaj lahko uporabite katero koli izmed teh cevi.","og_url":"https:\/\/ibcparts.eu\/en\/product\/master-rainwater-filter\/","og_site_name":"IBCparts.eu","article_modified_time":"2024-05-17T07:10:09+00:00","og_image":[{"width":828,"height":828,"url":"https:\/\/ibcparts.eu\/wp-content\/uploads\/2021\/11\/mstr.jpg","type":"image\/jpeg"}],"twitter_card":"summary_large_image","schema":{"@context":"https:\/\/schema.org","@graph":[{"@type":"WebPage","@id":"https:\/\/ibcparts.eu\/izdelek\/filter-dezevnice-master\/","url":"https:\/\/ibcparts.eu\/izdelek\/filter-dezevnice-master\/","name":"MASTER rainwater filter | IBCparts.eu","isPartOf":{"@id":"https:\/\/ibcparts.eu\/#website"},"primaryImageOfPage":{"@id":"https:\/\/ibcparts.eu\/izdelek\/filter-dezevnice-master\/#primaryimage"},"image":{"@id":"https:\/\/ibcparts.eu\/izdelek\/filter-dezevnice-master\/#primaryimage"},"thumbnailUrl":"https:\/\/ibcparts.eu\/wp-content\/uploads\/2021\/11\/mstr.jpg","datePublished":"2021-11-04T06:35:15+00:00","dateModified":"2024-05-17T07:10:09+00:00","description":"For downpipes (vertical pipe from the gutter) fi 100mm, 80mm or 70mm - reducers included. So above and below you can use any of these pipes.","breadcrumb":{"@id":"https:\/\/ibcparts.eu\/izdelek\/filter-dezevnice-master\/#breadcrumb"},"inLanguage":"en-US","potentialAction":[{"@type":"ReadAction","target":["https:\/\/ibcparts.eu\/izdelek\/filter-dezevnice-master\/"]}]},{"@type":"ImageObject","inLanguage":"en-US","@id":"https:\/\/ibcparts.eu\/izdelek\/filter-dezevnice-master\/#primaryimage","url":"https:\/\/ibcparts.eu\/wp-content\/uploads\/2021\/11\/mstr.jpg","contentUrl":"https:\/\/ibcparts.eu\/wp-content\/uploads\/2021\/11\/mstr.jpg","width":828,"height":828},{"@type":"BreadcrumbList","@id":"https:\/\/ibcparts.eu\/izdelek\/filter-dezevnice-master\/#breadcrumb","itemListElement":[{"@type":"ListItem","position":1,"name":"Home","item":"https:\/\/ibcparts.eu\/"},{"@type":"ListItem","position":2,"name":"Nakupujte","item":"https:\/\/ibcparts.eu\/nakupujte\/"},{"@type":"ListItem","position":3,"name":"Filter de\u017eevnice MASTER"}]},{"@type":"WebSite","@id":"https:\/\/ibcparts.eu\/#website","url":"https:\/\/ibcparts.eu\/","name":"IBCparts.eu","description":"","publisher":{"@id":"https:\/\/ibcparts.eu\/#organization"},"potentialAction":[{"@type":"SearchAction","target":{"@type":"EntryPoint","urlTemplate":"https:\/\/ibcparts.eu\/?s={search_term_string}"},"query-input":{"@type":"PropertyValueSpecification","valueRequired":true,"valueName":"search_term_string"}}],"inLanguage":"en-US"},{"@type":"Organization","@id":"https:\/\/ibcparts.eu\/#organization","name":"IBCparts","url":"https:\/\/ibcparts.eu\/","logo":{"@type":"ImageObject","inLanguage":"en-US","@id":"https:\/\/ibcparts.eu\/#\/schema\/logo\/image\/","url":"https:\/\/ibcparts.eu\/wp-content\/uploads\/2021\/10\/Footer-Logo.png","contentUrl":"https:\/\/ibcparts.eu\/wp-content\/uploads\/2021\/10\/Footer-Logo.png","width":1992,"height":772,"caption":"IBCparts"},"image":{"@id":"https:\/\/ibcparts.eu\/#\/schema\/logo\/image\/"}}]}},"_links":{"self":[{"href":"https:\/\/ibcparts.eu\/en\/wp-json\/wp\/v2\/product\/7014","targetHints":{"allow":["GET"]}}],"collection":[{"href":"https:\/\/ibcparts.eu\/en\/wp-json\/wp\/v2\/product"}],"about":[{"href":"https:\/\/ibcparts.eu\/en\/wp-json\/wp\/v2\/types\/product"}],"version-history":[{"count":0,"href":"https:\/\/ibcparts.eu\/en\/wp-json\/wp\/v2\/product\/7014\/revisions"}],"wp:featuredmedia":[{"embeddable":true,"href":"https:\/\/ibcparts.eu\/en\/wp-json\/wp\/v2\/media\/16816"}],"wp:attachment":[{"href":"https:\/\/ibcparts.eu\/en\/wp-json\/wp\/v2\/media?parent=7014"}],"wp:term":[{"taxonomy":"product_brand","embeddable":true,"href":"https:\/\/ibcparts.eu\/en\/wp-json\/wp\/v2\/product_brand?post=7014"},{"taxonomy":"product_cat","embeddable":true,"href":"https:\/\/ibcparts.eu\/en\/wp-json\/wp\/v2\/product_cat?post=7014"},{"taxonomy":"product_tag","embeddable":true,"href":"https:\/\/ibcparts.eu\/en\/wp-json\/wp\/v2\/product_tag?post=7014"}],"curies":[{"name":"wp","href":"https:\/\/api.w.org\/{rel}","templated":true}]}}