{"id":7008,"date":"2021-11-04T07:29:16","date_gmt":"2021-11-04T06:29:16","guid":{"rendered":"https:\/\/ibcparts.eu\/?post_type=product&#038;p=7008"},"modified":"2026-02-17T09:46:17","modified_gmt":"2026-02-17T08:46:17","slug":"filter-dezevnice-quadro","status":"publish","type":"product","link":"https:\/\/ibcparts.eu\/en\/product\/quadro-rainwater-filter\/","title":{"rendered":"Rainwater filter QUADRO"},"content":{"rendered":"<p>Product information:<\/p>\n<p>The perfect self-cleaning filter for rainwater.<\/p>\n<p>Excellent mechanical filtration of rainwater drained from your roof.<br \/>\nStainless steel mesh filter.<br \/>\nThanks to the patented filter design, leaves and other impurities bypass the filter and continue their journey down the pipe. Thus, only filtered water flows into the tank.<br \/>\nThis also prevents algae build-up in the tank (if you use an IBC tank as a water feeder) - combined with UV protection for the IBC, the effect is even greater.<br \/>\nIt allows water to flow quickly (no stagnation thanks to the filter!).<br \/>\nNo reduction in the cross-section of the downpipe according to DIN 1986 - important in heavy rainfall.<br \/>\nDurable construction (made in Germany) and excellent weather resistance.<br \/>\nIt is designed for long-term use.<br \/>\nSuitable for 70mm, 75mm, 100mm and 110mm hoses (includes reduction adaptors).<br \/>\nThe pipe to the tank can be 40mm, 50mm and 75mm (reducers included in the package).<br \/>\nSuitable for water volume from a roof with a surface area of 100m2.<br \/>\nDespite its self-cleaning function, it is recommended to check the mesh periodically.<br \/>\nIf properly installed, it can prevent overflow in the tank (when the tank is full).<\/p>\n<p>Material: plastic, stainless steel<br \/>\nColour: grey<\/p>\n<p>The purified water hose from the filter can be fed into the IBC tank in different ways. Check out our other products and you will find the way that suits you best.<\/p>","protected":false},"excerpt":{"rendered":"<h2 data-start=\"2\" data-end=\"77\">Odli\u010den <strong>samo\u010distilni<\/strong> filter de\u017eevnice Quadro z u\u010dinkovito mehansko filtracijo.<\/h2>\n<ul>\n<li data-start=\"80\" data-end=\"171\">Patentirana zasnova: listje in ne\u010disto\u010de obidejo filter, v cisterno prite\u010de le \u010dista voda<\/li>\n<li data-start=\"174\" data-end=\"229\">Filter iz <strong>nerjave\u010de<\/strong> mre\u017eice za dolgo \u017eivljenjsko dobo<\/li>\n<li data-start=\"232\" data-end=\"267\">Hiter pretok vode <strong>brez zastajanja<\/strong><\/li>\n<li data-start=\"270\" data-end=\"328\">Brez zmanj\u0161anja preseka padne cevi (v skladu z DIN 1986)<\/li>\n<li data-start=\"331\" data-end=\"414\" class=\" translation-block\">Zmanj\u0161uje nastajanje alg v cisterni, \u0161e posebej v kombinaciji z \n<strong><a href=\"https:\/\/ibcparts.eu\/izdelek\/zascitna-ponjava-tarp-za-ibc-cisterno\/\" target=\"_self\">\nUV za\u0161\u010dito TARP\n<\/a><\/strong> za IBC.<\/li>\n<li data-start=\"417\" data-end=\"485\"><strong>Trpe\u017ena izdelava<\/strong>, odporen na vremenske vplive (izdelano v Nem\u010diji)<\/li>\n<li data-start=\"488\" data-end=\"550\">Primeren za cevi <strong>70, 75, 100 in 110 mm<\/strong> (redukcije vklju\u010dene)<\/li>\n<li data-start=\"553\" data-end=\"623\">Izhod v cisterno mo\u017een za cevi <strong>40, 50 in 75 mm<\/strong> (redukcije vklju\u010dene)<\/li>\n<li data-start=\"626\" data-end=\"666\">Primeren za stre\u0161ne povr\u0161ine do 100 m\u00b2 &#8211; \u010disto odvisno od situacije na terenu.<\/li>\n<li data-start=\"669\" data-end=\"738\" class=\" translation-block\"><strong>When properly installed, it can prevent overflow of the IBC tank by using the \n<a href=\"https:\/\/ibcparts.eu\/en\/item\/tritonflex\/\" target=\"_self\">TritonFlex\u00a9<\/a> cover\n<\/strong><\/li>\n<li data-start=\"669\" data-end=\"738\"><strong>The combination with the TritonFlex cover enables automatic collection and additional fine filtration.<\/strong><\/li>\n<li data-start=\"669\" data-end=\"738\">V steno cisterne ali rezervoarja lahko privijete <strong>Skoznik<\/strong> premera 50mm in ju na ta na\u010din pove\u017eete.<\/li>\n<li data-start=\"741\" data-end=\"808\">Kljub samo\u010distilni funkciji priporo\u010dljiv ob\u010dasni vizualni pregled.<\/li>\n<li data-start=\"811\" data-end=\"850\">Material: PP (UV odporen polipropilen) in nerjave\u010de jeklo<\/li>\n<li data-start=\"853\" data-end=\"864\">Colour: grey<\/li>\n<\/ul>\n<p>Primeri iz prakse v galeriji.<\/p>","protected":false},"featured_media":7009,"template":"","meta":[],"product_brand":[],"product_cat":[186],"product_tag":[483],"class_list":{"0":"post-7008","1":"product","2":"type-product","3":"status-publish","4":"has-post-thumbnail","6":"product_cat-filtri-za-dezevnico-in-pvc-redukcije","7":"product_tag-filter-dezevnice-quadro","9":"first","10":"instock","11":"sale","12":"featured","13":"shipping-taxable","14":"purchasable","15":"product-type-simple"},"yoast_head":"<!-- This site is optimized with the Yoast SEO plugin v27.1.1 - https:\/\/yoast.com\/product\/yoast-seo-wordpress\/ -->\n<title>Filter de\u017eevnice QUADRO | IBCparts.eu<\/title>\n<meta name=\"description\" content=\"Odli\u010dna mehanska filtracija de\u017eevnice, speljane iz va\u0161e strehe. Primeren za cevi 70mm, 75mm, 100mm in 110mm (vklju\u010duje nastavke za redukcijo).\" \/>\n<meta name=\"robots\" content=\"index, follow, max-snippet:-1, max-image-preview:large, max-video-preview:-1\" \/>\n<link rel=\"canonical\" href=\"https:\/\/ibcparts.eu\/en\/product\/quadro-rainwater-filter\/\" \/>\n<meta property=\"og:locale\" content=\"en_US\" \/>\n<meta property=\"og:type\" content=\"article\" \/>\n<meta property=\"og:title\" content=\"Filter de\u017eevnice QUADRO | IBCparts.eu\" \/>\n<meta property=\"og:description\" content=\"Odli\u010dna mehanska filtracija de\u017eevnice, speljane iz va\u0161e strehe. Primeren za cevi 70mm, 75mm, 100mm in 110mm (vklju\u010duje nastavke za redukcijo).\" \/>\n<meta property=\"og:url\" content=\"https:\/\/ibcparts.eu\/en\/product\/quadro-rainwater-filter\/\" \/>\n<meta property=\"og:site_name\" content=\"IBCparts.eu\" \/>\n<meta property=\"article:modified_time\" content=\"2026-02-17T08:46:17+00:00\" \/>\n<meta property=\"og:image\" content=\"https:\/\/ibcparts.eu\/wp-content\/uploads\/2021\/11\/filter-kvadratni-2_orig.jpg\" \/>\n\t<meta property=\"og:image:width\" content=\"591\" \/>\n\t<meta property=\"og:image:height\" content=\"591\" \/>\n\t<meta property=\"og:image:type\" content=\"image\/jpeg\" \/>\n<meta name=\"twitter:card\" content=\"summary_large_image\" \/>\n<meta name=\"twitter:label1\" content=\"Est. reading time\" \/>\n\t<meta name=\"twitter:data1\" content=\"1 minute\" \/>\n<script type=\"application\/ld+json\" class=\"yoast-schema-graph\">{\"@context\":\"https:\/\/schema.org\",\"@graph\":[{\"@type\":\"WebPage\",\"@id\":\"https:\/\/ibcparts.eu\/izdelek\/filter-dezevnice-quadro\/\",\"url\":\"https:\/\/ibcparts.eu\/izdelek\/filter-dezevnice-quadro\/\",\"name\":\"Filter de\u017eevnice QUADRO | IBCparts.eu\",\"isPartOf\":{\"@id\":\"https:\/\/ibcparts.eu\/#website\"},\"primaryImageOfPage\":{\"@id\":\"https:\/\/ibcparts.eu\/izdelek\/filter-dezevnice-quadro\/#primaryimage\"},\"image\":{\"@id\":\"https:\/\/ibcparts.eu\/izdelek\/filter-dezevnice-quadro\/#primaryimage\"},\"thumbnailUrl\":\"https:\/\/ibcparts.eu\/wp-content\/uploads\/2021\/11\/filter-kvadratni-2_orig.jpg\",\"datePublished\":\"2021-11-04T06:29:16+00:00\",\"dateModified\":\"2026-02-17T08:46:17+00:00\",\"description\":\"Odli\u010dna mehanska filtracija de\u017eevnice, speljane iz va\u0161e strehe. Primeren za cevi 70mm, 75mm, 100mm in 110mm (vklju\u010duje nastavke za redukcijo).\",\"breadcrumb\":{\"@id\":\"https:\/\/ibcparts.eu\/izdelek\/filter-dezevnice-quadro\/#breadcrumb\"},\"inLanguage\":\"en-US\",\"potentialAction\":[{\"@type\":\"ReadAction\",\"target\":[\"https:\/\/ibcparts.eu\/izdelek\/filter-dezevnice-quadro\/\"]}]},{\"@type\":\"ImageObject\",\"inLanguage\":\"en-US\",\"@id\":\"https:\/\/ibcparts.eu\/izdelek\/filter-dezevnice-quadro\/#primaryimage\",\"url\":\"https:\/\/ibcparts.eu\/wp-content\/uploads\/2021\/11\/filter-kvadratni-2_orig.jpg\",\"contentUrl\":\"https:\/\/ibcparts.eu\/wp-content\/uploads\/2021\/11\/filter-kvadratni-2_orig.jpg\",\"width\":591,\"height\":591,\"caption\":\"Filter de\u017eevnice Quadro\"},{\"@type\":\"BreadcrumbList\",\"@id\":\"https:\/\/ibcparts.eu\/izdelek\/filter-dezevnice-quadro\/#breadcrumb\",\"itemListElement\":[{\"@type\":\"ListItem\",\"position\":1,\"name\":\"Home\",\"item\":\"https:\/\/ibcparts.eu\/\"},{\"@type\":\"ListItem\",\"position\":2,\"name\":\"Nakupujte\",\"item\":\"https:\/\/ibcparts.eu\/nakupujte\/\"},{\"@type\":\"ListItem\",\"position\":3,\"name\":\"Filter de\u017eevnice QUADRO\"}]},{\"@type\":\"WebSite\",\"@id\":\"https:\/\/ibcparts.eu\/#website\",\"url\":\"https:\/\/ibcparts.eu\/\",\"name\":\"IBCparts.eu\",\"description\":\"\",\"publisher\":{\"@id\":\"https:\/\/ibcparts.eu\/#organization\"},\"potentialAction\":[{\"@type\":\"SearchAction\",\"target\":{\"@type\":\"EntryPoint\",\"urlTemplate\":\"https:\/\/ibcparts.eu\/?s={search_term_string}\"},\"query-input\":{\"@type\":\"PropertyValueSpecification\",\"valueRequired\":true,\"valueName\":\"search_term_string\"}}],\"inLanguage\":\"en-US\"},{\"@type\":\"Organization\",\"@id\":\"https:\/\/ibcparts.eu\/#organization\",\"name\":\"IBCparts\",\"url\":\"https:\/\/ibcparts.eu\/\",\"logo\":{\"@type\":\"ImageObject\",\"inLanguage\":\"en-US\",\"@id\":\"https:\/\/ibcparts.eu\/#\/schema\/logo\/image\/\",\"url\":\"https:\/\/ibcparts.eu\/wp-content\/uploads\/2021\/10\/Footer-Logo.png\",\"contentUrl\":\"https:\/\/ibcparts.eu\/wp-content\/uploads\/2021\/10\/Footer-Logo.png\",\"width\":1992,\"height\":772,\"caption\":\"IBCparts\"},\"image\":{\"@id\":\"https:\/\/ibcparts.eu\/#\/schema\/logo\/image\/\"}}]}<\/script>\n<!-- \/ Yoast SEO plugin. -->","yoast_head_json":{"title":"QUADRO rainwater filter | IBCparts.eu","description":"Excellent mechanical filtration of rainwater drained from your roof. Suitable for 70mm, 75mm, 100mm and 110mm pipes (includes reduction adaptors).","robots":{"index":"index","follow":"follow","max-snippet":"max-snippet:-1","max-image-preview":"max-image-preview:large","max-video-preview":"max-video-preview:-1"},"canonical":"https:\/\/ibcparts.eu\/en\/product\/quadro-rainwater-filter\/","og_locale":"en_US","og_type":"article","og_title":"Filter de\u017eevnice QUADRO | IBCparts.eu","og_description":"Odli\u010dna mehanska filtracija de\u017eevnice, speljane iz va\u0161e strehe. Primeren za cevi 70mm, 75mm, 100mm in 110mm (vklju\u010duje nastavke za redukcijo).","og_url":"https:\/\/ibcparts.eu\/en\/product\/quadro-rainwater-filter\/","og_site_name":"IBCparts.eu","article_modified_time":"2026-02-17T08:46:17+00:00","og_image":[{"width":591,"height":591,"url":"https:\/\/ibcparts.eu\/wp-content\/uploads\/2021\/11\/filter-kvadratni-2_orig.jpg","type":"image\/jpeg"}],"twitter_card":"summary_large_image","twitter_misc":{"Est. reading time":"1 minute"},"schema":{"@context":"https:\/\/schema.org","@graph":[{"@type":"WebPage","@id":"https:\/\/ibcparts.eu\/izdelek\/filter-dezevnice-quadro\/","url":"https:\/\/ibcparts.eu\/izdelek\/filter-dezevnice-quadro\/","name":"QUADRO rainwater filter | IBCparts.eu","isPartOf":{"@id":"https:\/\/ibcparts.eu\/#website"},"primaryImageOfPage":{"@id":"https:\/\/ibcparts.eu\/izdelek\/filter-dezevnice-quadro\/#primaryimage"},"image":{"@id":"https:\/\/ibcparts.eu\/izdelek\/filter-dezevnice-quadro\/#primaryimage"},"thumbnailUrl":"https:\/\/ibcparts.eu\/wp-content\/uploads\/2021\/11\/filter-kvadratni-2_orig.jpg","datePublished":"2021-11-04T06:29:16+00:00","dateModified":"2026-02-17T08:46:17+00:00","description":"Excellent mechanical filtration of rainwater drained from your roof. Suitable for 70mm, 75mm, 100mm and 110mm pipes (includes reduction adaptors).","breadcrumb":{"@id":"https:\/\/ibcparts.eu\/izdelek\/filter-dezevnice-quadro\/#breadcrumb"},"inLanguage":"en-US","potentialAction":[{"@type":"ReadAction","target":["https:\/\/ibcparts.eu\/izdelek\/filter-dezevnice-quadro\/"]}]},{"@type":"ImageObject","inLanguage":"en-US","@id":"https:\/\/ibcparts.eu\/izdelek\/filter-dezevnice-quadro\/#primaryimage","url":"https:\/\/ibcparts.eu\/wp-content\/uploads\/2021\/11\/filter-kvadratni-2_orig.jpg","contentUrl":"https:\/\/ibcparts.eu\/wp-content\/uploads\/2021\/11\/filter-kvadratni-2_orig.jpg","width":591,"height":591,"caption":"Filter de\u017eevnice Quadro"},{"@type":"BreadcrumbList","@id":"https:\/\/ibcparts.eu\/izdelek\/filter-dezevnice-quadro\/#breadcrumb","itemListElement":[{"@type":"ListItem","position":1,"name":"Home","item":"https:\/\/ibcparts.eu\/"},{"@type":"ListItem","position":2,"name":"Nakupujte","item":"https:\/\/ibcparts.eu\/nakupujte\/"},{"@type":"ListItem","position":3,"name":"Filter de\u017eevnice QUADRO"}]},{"@type":"WebSite","@id":"https:\/\/ibcparts.eu\/#website","url":"https:\/\/ibcparts.eu\/","name":"IBCparts.eu","description":"","publisher":{"@id":"https:\/\/ibcparts.eu\/#organization"},"potentialAction":[{"@type":"SearchAction","target":{"@type":"EntryPoint","urlTemplate":"https:\/\/ibcparts.eu\/?s={search_term_string}"},"query-input":{"@type":"PropertyValueSpecification","valueRequired":true,"valueName":"search_term_string"}}],"inLanguage":"en-US"},{"@type":"Organization","@id":"https:\/\/ibcparts.eu\/#organization","name":"IBCparts","url":"https:\/\/ibcparts.eu\/","logo":{"@type":"ImageObject","inLanguage":"en-US","@id":"https:\/\/ibcparts.eu\/#\/schema\/logo\/image\/","url":"https:\/\/ibcparts.eu\/wp-content\/uploads\/2021\/10\/Footer-Logo.png","contentUrl":"https:\/\/ibcparts.eu\/wp-content\/uploads\/2021\/10\/Footer-Logo.png","width":1992,"height":772,"caption":"IBCparts"},"image":{"@id":"https:\/\/ibcparts.eu\/#\/schema\/logo\/image\/"}}]}},"_links":{"self":[{"href":"https:\/\/ibcparts.eu\/en\/wp-json\/wp\/v2\/product\/7008","targetHints":{"allow":["GET"]}}],"collection":[{"href":"https:\/\/ibcparts.eu\/en\/wp-json\/wp\/v2\/product"}],"about":[{"href":"https:\/\/ibcparts.eu\/en\/wp-json\/wp\/v2\/types\/product"}],"version-history":[{"count":5,"href":"https:\/\/ibcparts.eu\/en\/wp-json\/wp\/v2\/product\/7008\/revisions"}],"predecessor-version":[{"id":20641,"href":"https:\/\/ibcparts.eu\/en\/wp-json\/wp\/v2\/product\/7008\/revisions\/20641"}],"wp:featuredmedia":[{"embeddable":true,"href":"https:\/\/ibcparts.eu\/en\/wp-json\/wp\/v2\/media\/7009"}],"wp:attachment":[{"href":"https:\/\/ibcparts.eu\/en\/wp-json\/wp\/v2\/media?parent=7008"}],"wp:term":[{"taxonomy":"product_brand","embeddable":true,"href":"https:\/\/ibcparts.eu\/en\/wp-json\/wp\/v2\/product_brand?post=7008"},{"taxonomy":"product_cat","embeddable":true,"href":"https:\/\/ibcparts.eu\/en\/wp-json\/wp\/v2\/product_cat?post=7008"},{"taxonomy":"product_tag","embeddable":true,"href":"https:\/\/ibcparts.eu\/en\/wp-json\/wp\/v2\/product_tag?post=7008"}],"curies":[{"name":"wp","href":"https:\/\/api.w.org\/{rel}","templated":true}]}}