{"id":6324,"date":"2021-10-16T18:30:25","date_gmt":"2021-10-16T17:30:25","guid":{"rendered":"https:\/\/ibcparts.eu\/?post_type=product&#038;p=6324"},"modified":"2026-03-12T15:35:27","modified_gmt":"2026-03-12T14:35:27","slug":"reducir-za-ibc-cisterne-iz-s100-na-s60","status":"publish","type":"product","link":"https:\/\/ibcparts.eu\/en\/product\/reducer-for-ibc-tanks-from-s100-to-s60\/","title":{"rendered":"Reducir iz S100 na S60 za IBC cisterno z EPDM tesnilom (odporen na mraz)"},"content":{"rendered":"<p>&nbsp;<\/p>\n<p class=\" translation-block\"><strong>Tip:<\/strong><br>\nBefore installation, make sure that the sealing surface of the tank valve (where the reducer is installed) is smooth and undamaged. New tanks have an aluminum seal on the valve opening \u2013 if this is removed carelessly, it can cause poor sealing. Remove or sand any irregularities on the valve with sandpaper before the first installation of the reducer.<\/p>","protected":false},"excerpt":{"rendered":"<h2 data-start=\"156\" data-end=\"208\">Reducer from S100x8 to S60x6 for IBC container<\/h2>\n<p data-start=\"210\" data-end=\"670\">Reducir iz S100 na S60 je namenjen pretvorbi <strong data-start=\"267\" data-end=\"299\">redkej\u0161ega IBC navoja S100x8<\/strong> v <strong data-start=\"302\" data-end=\"341\">najpogosteje uporabljen navoj S60x6<\/strong>. Uporablja se kot <strong data-start=\"360\" data-end=\"406\">adapter oziroma priklju\u010dek za IBC cisterno<\/strong>, s katerim omogo\u010dite uporabo \u0161irokega nabora S60 priklju\u010dkov, pip in dodatnih nastavkov. Izdelan je iz materiala PP in ima PVC ali EPDM tesnilo na notranji strani, ki zagotavlja <strong data-start=\"576\" data-end=\"642\">zanesljivo tesnjenje tudi pri manj\u0161ih nepravilnostih na navoju<\/strong> ter dolgo \u017eivljenjsko dobo.<\/p>\n<p data-start=\"210\" data-end=\"670\">\u2705 Za ta adapter smo razvili <strong data-start=\"176\" data-end=\"196\">novo PVC tesnilo<\/strong>, ki zagotavlja zanesljivo tesnjenje tudi v hladnej\u0161ih pogojih \u2013 testirano do <strong data-start=\"274\" data-end=\"283\">-5 \u00b0C<\/strong>.<\/p>\n<p data-start=\"672\" data-end=\"697\"><strong data-start=\"672\" data-end=\"695\">Technical specifications<\/strong><\/p>\n<ul>\n<li data-start=\"700\" data-end=\"761\">Product type: reducer (adapter \/ connector for IBC container)<\/li>\n<li class=\" translation-block\"><strong>Thread type:<\/strong> Internal (female) S100x8 thread on one side, external (male) S60x6 on the other side (coarse thread).<\/li>\n<li><strong>Material:<\/strong> zelo mo\u010dna plastika (PP)<\/li>\n<li>Very high-quality workmanship.<\/li>\n<li><strong>Colour:<\/strong> Black<\/li>\n<li><strong>Seal:<\/strong> \u010disti PVC; na voljo tudi 100% EPDM guma<\/li>\n<li>Excellent sealing and high durability!<\/li>\n<li class=\" translation-block\">This adapter\/reducer is compatible with <a href=\"https:\/\/ibcparts.eu\/product-category\/reducirji-in-prikljucki-za-ibc\/prikljucki-za-cisterno-z-navojem-s60x6\/\" target=\"_self\">&lt;st_<\/li>\n<\/ul>\n<p>&nbsp;<\/p>\n<p>\u2705 Za uporabo v proizvodnih procesih, kjer se pretakajo <strong data-start=\"443\" data-end=\"496\">smole ali drugi mediji pri povi\u0161anih temperaturah<\/strong>, so pri nas na voljo tudi <strong data-start=\"515\" data-end=\"568\">silikonska ter druga temperaturno odporna tesnila<\/strong> za ta adapter.<\/p>\n<p class=\" translation-block\"><em>If you select multiple different items that include this table, or different product variations, the total quantity will be taken into account.<\/em><em> For example, 5 pieces of one item + 6 pieces of another item = a quantity discount for 11 pieces.<\/em><\/p>\n<p>&nbsp;<\/p>","protected":false},"featured_media":15925,"template":"","meta":[],"product_brand":[],"product_cat":[170,303],"product_tag":[504],"class_list":{"0":"post-6324","1":"product","2":"type-product","3":"status-publish","4":"has-post-thumbnail","6":"product_cat-reducirji-in-prikljucki-za-ibc","7":"product_cat-s100x8","8":"product_tag-s100xs60","10":"first","11":"instock","12":"featured","13":"shipping-taxable","14":"purchasable","15":"product-type-variable"},"yoast_head":"<!-- This site is optimized with the Yoast SEO plugin v27.1.1 - https:\/\/yoast.com\/product\/yoast-seo-wordpress\/ -->\n<title>Reducir iz S100 na S60 za IBC cisterno z EPDM tesnilom (odporen na mraz)<\/title>\n<meta name=\"description\" content=\"Reducir iz S100x8 na S60x6 za IBC cisterno. PP izvedba z EPDM tesnilom omogo\u010da uporabo standardnih S60 priklju\u010dkov in zagotavlja zanesljivo tesnjenje.\" \/>\n<meta name=\"robots\" content=\"index, follow, max-snippet:-1, max-image-preview:large, max-video-preview:-1\" \/>\n<link rel=\"canonical\" href=\"https:\/\/ibcparts.eu\/en\/product\/reducer-for-ibc-tanks-from-s100-to-s60\/\" \/>\n<meta property=\"og:locale\" content=\"en_US\" \/>\n<meta property=\"og:type\" content=\"article\" \/>\n<meta property=\"og:title\" content=\"Reducir iz S100 na S60 za IBC cisterno z EPDM tesnilom (odporen na mraz)\" \/>\n<meta property=\"og:description\" content=\"Reducir iz S100x8 na S60x6 za IBC cisterno. PP izvedba z EPDM tesnilom omogo\u010da uporabo standardnih S60 priklju\u010dkov in zagotavlja zanesljivo tesnjenje.\" \/>\n<meta property=\"og:url\" content=\"https:\/\/ibcparts.eu\/en\/product\/reducer-for-ibc-tanks-from-s100-to-s60\/\" \/>\n<meta property=\"og:site_name\" content=\"IBCparts.eu\" \/>\n<meta property=\"article:modified_time\" content=\"2026-03-12T14:35:27+00:00\" \/>\n<meta property=\"og:image\" content=\"https:\/\/ibcparts.eu\/wp-content\/uploads\/2021\/10\/reducir-s100-na-s60_orig.jpg\" \/>\n\t<meta property=\"og:image:width\" content=\"385\" \/>\n\t<meta property=\"og:image:height\" content=\"385\" \/>\n\t<meta property=\"og:image:type\" content=\"image\/jpeg\" \/>\n<meta name=\"twitter:card\" content=\"summary_large_image\" \/>\n<script type=\"application\/ld+json\" class=\"yoast-schema-graph\">{\"@context\":\"https:\/\/schema.org\",\"@graph\":[{\"@type\":\"WebPage\",\"@id\":\"https:\/\/ibcparts.eu\/izdelek\/reducir-za-ibc-cisterne-iz-s100-na-s60\/\",\"url\":\"https:\/\/ibcparts.eu\/izdelek\/reducir-za-ibc-cisterne-iz-s100-na-s60\/\",\"name\":\"Reducir iz S100 na S60 za IBC cisterno z EPDM tesnilom (odporen na mraz)\",\"isPartOf\":{\"@id\":\"https:\/\/ibcparts.eu\/#website\"},\"primaryImageOfPage\":{\"@id\":\"https:\/\/ibcparts.eu\/izdelek\/reducir-za-ibc-cisterne-iz-s100-na-s60\/#primaryimage\"},\"image\":{\"@id\":\"https:\/\/ibcparts.eu\/izdelek\/reducir-za-ibc-cisterne-iz-s100-na-s60\/#primaryimage\"},\"thumbnailUrl\":\"https:\/\/ibcparts.eu\/wp-content\/uploads\/2021\/10\/reducir-s100-na-s60_orig.jpg\",\"datePublished\":\"2021-10-16T17:30:25+00:00\",\"dateModified\":\"2026-03-12T14:35:27+00:00\",\"description\":\"Reducir iz S100x8 na S60x6 za IBC cisterno. PP izvedba z EPDM tesnilom omogo\u010da uporabo standardnih S60 priklju\u010dkov in zagotavlja zanesljivo tesnjenje.\",\"breadcrumb\":{\"@id\":\"https:\/\/ibcparts.eu\/izdelek\/reducir-za-ibc-cisterne-iz-s100-na-s60\/#breadcrumb\"},\"inLanguage\":\"en-US\",\"potentialAction\":[{\"@type\":\"ReadAction\",\"target\":[\"https:\/\/ibcparts.eu\/izdelek\/reducir-za-ibc-cisterne-iz-s100-na-s60\/\"]}]},{\"@type\":\"ImageObject\",\"inLanguage\":\"en-US\",\"@id\":\"https:\/\/ibcparts.eu\/izdelek\/reducir-za-ibc-cisterne-iz-s100-na-s60\/#primaryimage\",\"url\":\"https:\/\/ibcparts.eu\/wp-content\/uploads\/2021\/10\/reducir-s100-na-s60_orig.jpg\",\"contentUrl\":\"https:\/\/ibcparts.eu\/wp-content\/uploads\/2021\/10\/reducir-s100-na-s60_orig.jpg\",\"width\":385,\"height\":385,\"caption\":\"Adapter S100x6 na S60x5 za IBC cisterno\"},{\"@type\":\"BreadcrumbList\",\"@id\":\"https:\/\/ibcparts.eu\/izdelek\/reducir-za-ibc-cisterne-iz-s100-na-s60\/#breadcrumb\",\"itemListElement\":[{\"@type\":\"ListItem\",\"position\":1,\"name\":\"Home\",\"item\":\"https:\/\/ibcparts.eu\/\"},{\"@type\":\"ListItem\",\"position\":2,\"name\":\"Nakupujte\",\"item\":\"https:\/\/ibcparts.eu\/nakupujte\/\"},{\"@type\":\"ListItem\",\"position\":3,\"name\":\"Reducir iz S100 na S60 za IBC cisterno z EPDM tesnilom (odporen na mraz)\"}]},{\"@type\":\"WebSite\",\"@id\":\"https:\/\/ibcparts.eu\/#website\",\"url\":\"https:\/\/ibcparts.eu\/\",\"name\":\"IBCparts.eu\",\"description\":\"\",\"publisher\":{\"@id\":\"https:\/\/ibcparts.eu\/#organization\"},\"potentialAction\":[{\"@type\":\"SearchAction\",\"target\":{\"@type\":\"EntryPoint\",\"urlTemplate\":\"https:\/\/ibcparts.eu\/?s={search_term_string}\"},\"query-input\":{\"@type\":\"PropertyValueSpecification\",\"valueRequired\":true,\"valueName\":\"search_term_string\"}}],\"inLanguage\":\"en-US\"},{\"@type\":\"Organization\",\"@id\":\"https:\/\/ibcparts.eu\/#organization\",\"name\":\"IBCparts\",\"url\":\"https:\/\/ibcparts.eu\/\",\"logo\":{\"@type\":\"ImageObject\",\"inLanguage\":\"en-US\",\"@id\":\"https:\/\/ibcparts.eu\/#\/schema\/logo\/image\/\",\"url\":\"https:\/\/ibcparts.eu\/wp-content\/uploads\/2021\/10\/Footer-Logo.png\",\"contentUrl\":\"https:\/\/ibcparts.eu\/wp-content\/uploads\/2021\/10\/Footer-Logo.png\",\"width\":1992,\"height\":772,\"caption\":\"IBCparts\"},\"image\":{\"@id\":\"https:\/\/ibcparts.eu\/#\/schema\/logo\/image\/\"}}]}<\/script>\n<!-- \/ Yoast SEO plugin. -->","yoast_head_json":{"title":"Reducir iz S100 na S60 za IBC cisterno z EPDM tesnilom (odporen na mraz)","description":"Reducir iz S100x8 na S60x6 za IBC cisterno. PP izvedba z EPDM tesnilom omogo\u010da uporabo standardnih S60 priklju\u010dkov in zagotavlja zanesljivo tesnjenje.","robots":{"index":"index","follow":"follow","max-snippet":"max-snippet:-1","max-image-preview":"max-image-preview:large","max-video-preview":"max-video-preview:-1"},"canonical":"https:\/\/ibcparts.eu\/en\/product\/reducer-for-ibc-tanks-from-s100-to-s60\/","og_locale":"en_US","og_type":"article","og_title":"Reducir iz S100 na S60 za IBC cisterno z EPDM tesnilom (odporen na mraz)","og_description":"Reducir iz S100x8 na S60x6 za IBC cisterno. PP izvedba z EPDM tesnilom omogo\u010da uporabo standardnih S60 priklju\u010dkov in zagotavlja zanesljivo tesnjenje.","og_url":"https:\/\/ibcparts.eu\/en\/product\/reducer-for-ibc-tanks-from-s100-to-s60\/","og_site_name":"IBCparts.eu","article_modified_time":"2026-03-12T14:35:27+00:00","og_image":[{"width":385,"height":385,"url":"https:\/\/ibcparts.eu\/wp-content\/uploads\/2021\/10\/reducir-s100-na-s60_orig.jpg","type":"image\/jpeg"}],"twitter_card":"summary_large_image","schema":{"@context":"https:\/\/schema.org","@graph":[{"@type":"WebPage","@id":"https:\/\/ibcparts.eu\/izdelek\/reducir-za-ibc-cisterne-iz-s100-na-s60\/","url":"https:\/\/ibcparts.eu\/izdelek\/reducir-za-ibc-cisterne-iz-s100-na-s60\/","name":"Reducir iz S100 na S60 za IBC cisterno z EPDM tesnilom (odporen na mraz)","isPartOf":{"@id":"https:\/\/ibcparts.eu\/#website"},"primaryImageOfPage":{"@id":"https:\/\/ibcparts.eu\/izdelek\/reducir-za-ibc-cisterne-iz-s100-na-s60\/#primaryimage"},"image":{"@id":"https:\/\/ibcparts.eu\/izdelek\/reducir-za-ibc-cisterne-iz-s100-na-s60\/#primaryimage"},"thumbnailUrl":"https:\/\/ibcparts.eu\/wp-content\/uploads\/2021\/10\/reducir-s100-na-s60_orig.jpg","datePublished":"2021-10-16T17:30:25+00:00","dateModified":"2026-03-12T14:35:27+00:00","description":"Reducir iz S100x8 na S60x6 za IBC cisterno. PP izvedba z EPDM tesnilom omogo\u010da uporabo standardnih S60 priklju\u010dkov in zagotavlja zanesljivo tesnjenje.","breadcrumb":{"@id":"https:\/\/ibcparts.eu\/izdelek\/reducir-za-ibc-cisterne-iz-s100-na-s60\/#breadcrumb"},"inLanguage":"en-US","potentialAction":[{"@type":"ReadAction","target":["https:\/\/ibcparts.eu\/izdelek\/reducir-za-ibc-cisterne-iz-s100-na-s60\/"]}]},{"@type":"ImageObject","inLanguage":"en-US","@id":"https:\/\/ibcparts.eu\/izdelek\/reducir-za-ibc-cisterne-iz-s100-na-s60\/#primaryimage","url":"https:\/\/ibcparts.eu\/wp-content\/uploads\/2021\/10\/reducir-s100-na-s60_orig.jpg","contentUrl":"https:\/\/ibcparts.eu\/wp-content\/uploads\/2021\/10\/reducir-s100-na-s60_orig.jpg","width":385,"height":385,"caption":"Adapter S100x6 na S60x5 za IBC cisterno"},{"@type":"BreadcrumbList","@id":"https:\/\/ibcparts.eu\/izdelek\/reducir-za-ibc-cisterne-iz-s100-na-s60\/#breadcrumb","itemListElement":[{"@type":"ListItem","position":1,"name":"Home","item":"https:\/\/ibcparts.eu\/"},{"@type":"ListItem","position":2,"name":"Nakupujte","item":"https:\/\/ibcparts.eu\/nakupujte\/"},{"@type":"ListItem","position":3,"name":"Reducir iz S100 na S60 za IBC cisterno z EPDM tesnilom (odporen na mraz)"}]},{"@type":"WebSite","@id":"https:\/\/ibcparts.eu\/#website","url":"https:\/\/ibcparts.eu\/","name":"IBCparts.eu","description":"","publisher":{"@id":"https:\/\/ibcparts.eu\/#organization"},"potentialAction":[{"@type":"SearchAction","target":{"@type":"EntryPoint","urlTemplate":"https:\/\/ibcparts.eu\/?s={search_term_string}"},"query-input":{"@type":"PropertyValueSpecification","valueRequired":true,"valueName":"search_term_string"}}],"inLanguage":"en-US"},{"@type":"Organization","@id":"https:\/\/ibcparts.eu\/#organization","name":"IBCparts","url":"https:\/\/ibcparts.eu\/","logo":{"@type":"ImageObject","inLanguage":"en-US","@id":"https:\/\/ibcparts.eu\/#\/schema\/logo\/image\/","url":"https:\/\/ibcparts.eu\/wp-content\/uploads\/2021\/10\/Footer-Logo.png","contentUrl":"https:\/\/ibcparts.eu\/wp-content\/uploads\/2021\/10\/Footer-Logo.png","width":1992,"height":772,"caption":"IBCparts"},"image":{"@id":"https:\/\/ibcparts.eu\/#\/schema\/logo\/image\/"}}]}},"_links":{"self":[{"href":"https:\/\/ibcparts.eu\/en\/wp-json\/wp\/v2\/product\/6324","targetHints":{"allow":["GET"]}}],"collection":[{"href":"https:\/\/ibcparts.eu\/en\/wp-json\/wp\/v2\/product"}],"about":[{"href":"https:\/\/ibcparts.eu\/en\/wp-json\/wp\/v2\/types\/product"}],"version-history":[{"count":8,"href":"https:\/\/ibcparts.eu\/en\/wp-json\/wp\/v2\/product\/6324\/revisions"}],"predecessor-version":[{"id":20759,"href":"https:\/\/ibcparts.eu\/en\/wp-json\/wp\/v2\/product\/6324\/revisions\/20759"}],"wp:featuredmedia":[{"embeddable":true,"href":"https:\/\/ibcparts.eu\/en\/wp-json\/wp\/v2\/media\/15925"}],"wp:attachment":[{"href":"https:\/\/ibcparts.eu\/en\/wp-json\/wp\/v2\/media?parent=6324"}],"wp:term":[{"taxonomy":"product_brand","embeddable":true,"href":"https:\/\/ibcparts.eu\/en\/wp-json\/wp\/v2\/product_brand?post=6324"},{"taxonomy":"product_cat","embeddable":true,"href":"https:\/\/ibcparts.eu\/en\/wp-json\/wp\/v2\/product_cat?post=6324"},{"taxonomy":"product_tag","embeddable":true,"href":"https:\/\/ibcparts.eu\/en\/wp-json\/wp\/v2\/product_tag?post=6324"}],"curies":[{"name":"wp","href":"https:\/\/api.w.org\/{rel}","templated":true}]}}