{"id":6266,"date":"2021-10-15T19:59:29","date_gmt":"2021-10-15T18:59:29","guid":{"rendered":"https:\/\/ibcparts.eu\/?post_type=product&#038;p=6266"},"modified":"2026-01-13T13:56:59","modified_gmt":"2026-01-13T12:56:59","slug":"zelo-mocan-reducir-ava-z-gumijastim-tesnilom-epdm-za-ibc-cisterne","status":"publish","type":"product","link":"https:\/\/ibcparts.eu\/en\/product\/very-strong-ava-reducer-with-epdm-rubber-gasket-for-ibc-tanks\/","title":{"rendered":"AVA S60 reducer for IBC container (3\/4\u2033, 1\u2033)"},"content":{"rendered":"<p class=\" translation-block\"><strong>Thread type in the center:<\/strong> male BSP thread in two different sizes.<\/p>\n<ul>\n<li class=\" translation-block\"><strong>Thread type in the center:<\/strong> male BSP thread in two different sizes.<\/li>\n<li class=\" translation-block\"><strong>Material:<\/strong> HDPE \u2013 izjemno trpe\u017een, lahek in vodoodporen material, odporen na UV \u017earke, kemikalije in udarce. Zaradi svoje varnosti in stabilnosti je idealen za izdelke, ki zahtevajo dolgo \u017eivljenjsko dobo in visoko vzdr\u017eljivost.<\/li>\n<li><strong>Colour:<\/strong> Black<\/li>\n<li class=\" translation-block\"><strong>Seal:<\/strong> <strong>100% EPDM rubber \u2013 exclusive to us. A specially developed seal<\/li>\n<li>Excellent sealing and outstanding durability!<\/li>\n<li><strong>Also very suitable for connecting between tanks.<\/strong><\/li>\n<\/ul>\n<p><strong>Sizes:<\/strong><\/p>\n<ul>\n<li>3\/4&#8243;<\/li>\n<li>1&#8243;<\/li>\n<\/ul>\n<p>AVA reducers are original, of high quality and from a renowned supplier. They are affordable and excellent for garden irrigation use and perform perfectly the function for which they are intended.<\/p>\n<p class=\" translation-block\"><strong>Warning:<\/strong> Visually similar products on the market often do not reach comparable quality.<\/p>","protected":false},"excerpt":{"rendered":"<h2 data-start=\"225\" data-end=\"298\">AVA S60 reducer with male BSP thread for IBC container (3\/4\u2033, 1\u2033)<\/h2>\n<p data-start=\"300\" data-end=\"898\" class=\" translation-block\">The AVA S60 reducer is a very robust reducer for IBC containers with a valve diameter of 55\u201362 mm and a coarse S60x6 thread (DN50). It is used as an <strong>adapter or connector for an IBC container<\/strong> when connecting hoses, valves, or other systems. At the outlet, it features a male BSP thread in two sizes. It is made from HDPE material and equipped with a 100% EPDM rubber seal, specially developed with optimal hardness to ensure <strong>reliable sealing even with larger irregularities on the valve<\/strong> and long-term, leak-free use. Thanks to its robust design, it is also very suitable for connecting containers to each other.<\/p>\n<p data-start=\"900\" data-end=\"921\">Technical specifications<\/p>\n<ul>\n<li data-start=\"924\" data-end=\"985\">Product type: reducer (adapter \/ connector for IBC container)<\/li>\n<li data-start=\"988\" data-end=\"1039\">Thread type on container: S60x6 (DN50), coarse thread<\/li>\n<li data-start=\"1042\" data-end=\"1075\">Tip navoja na izhodu: mo\u0161ki BSP<\/li>\n<li data-start=\"1078\" data-end=\"1090\">Sizes:\n<ul data-start=\"1093\" data-end=\"1110\">\n<li data-start=\"1093\" data-end=\"1101\">\n<p data-start=\"1095\" data-end=\"1101\">3\/4\u2033<\/p>\n<\/li>\n<li data-start=\"1104\" data-end=\"1110\">\n<p data-start=\"1106\" data-end=\"1110\">1\u2033<\/p>\n<\/li>\n<\/ul>\n<\/li>\n<li data-start=\"1113\" data-end=\"1129\">Material: HDPE<\/li>\n<li data-start=\"1132\" data-end=\"1145\">Colour: black<\/li>\n<li class=\" translation-block\"><strong>Tesnilo:<\/strong> <strong>100% EPDM rubber \u2013 exclusive to us. A specially developed seal with optimal hardness effectively compensates even larger irregularities on the valve and ensures long-lasting, reliable, leak-free sealing.<\/strong><\/li>\n<li>Excellent sealing and outstanding durability!<\/li>\n<\/ul>\n<p><strong>Buy more, save more \u2013 quantities of different products and variations are combined!<\/strong><\/p>","protected":false},"featured_media":14054,"template":"","meta":[],"product_brand":[],"product_cat":[170,298],"product_tag":[392],"class_list":{"0":"post-6266","1":"product","2":"type-product","3":"status-publish","4":"has-post-thumbnail","6":"product_cat-reducirji-in-prikljucki-za-ibc","7":"product_cat-prikljucki-za-cisterno-z-navojem-s60x6","8":"product_tag-reducir-ava-z-moskim-navojem-za-ibc-cisterno","10":"first","11":"instock","12":"shipping-taxable","13":"purchasable","14":"product-type-variable"},"yoast_head":"<!-- This site is optimized with the Yoast SEO plugin v27.1.1 - https:\/\/yoast.com\/product\/yoast-seo-wordpress\/ -->\n<title>Reducir AVA S60 za IBC cisterno (3\/4\u2033, 1\u2033) | IBCparts.eu<\/title>\n<meta name=\"description\" content=\"Zelo mo\u010dan reducir AVA z gumijastim tesnilom EPDM. Za IBC cisterne z ventilom fi 55-62mm, grobi navoj S60x6 (DN50). Zelo primeren za povezavo med cisternami\" \/>\n<meta name=\"robots\" content=\"index, follow, max-snippet:-1, max-image-preview:large, max-video-preview:-1\" \/>\n<link rel=\"canonical\" href=\"https:\/\/ibcparts.eu\/en\/product\/very-strong-ava-reducer-with-epdm-rubber-gasket-for-ibc-tanks\/\" \/>\n<meta property=\"og:locale\" content=\"en_US\" \/>\n<meta property=\"og:type\" content=\"article\" \/>\n<meta property=\"og:title\" content=\"Reducir AVA S60 za IBC cisterno (3\/4\u2033, 1\u2033) | IBCparts.eu\" \/>\n<meta property=\"og:description\" content=\"Zelo mo\u010dan reducir AVA z gumijastim tesnilom EPDM. Za IBC cisterne z ventilom fi 55-62mm, grobi navoj S60x6 (DN50). Zelo primeren za povezavo med cisternami\" \/>\n<meta property=\"og:url\" content=\"https:\/\/ibcparts.eu\/en\/product\/very-strong-ava-reducer-with-epdm-rubber-gasket-for-ibc-tanks\/\" \/>\n<meta property=\"og:site_name\" content=\"IBCparts.eu\" \/>\n<meta property=\"article:modified_time\" content=\"2026-01-13T12:56:59+00:00\" \/>\n<meta property=\"og:image\" content=\"https:\/\/ibcparts.eu\/wp-content\/uploads\/2021\/10\/Reducirji-ECO-PLUS-1cola1.jpg\" \/>\n\t<meta property=\"og:image:width\" content=\"500\" \/>\n\t<meta property=\"og:image:height\" content=\"500\" \/>\n\t<meta property=\"og:image:type\" content=\"image\/jpeg\" \/>\n<meta name=\"twitter:card\" content=\"summary_large_image\" \/>\n<meta name=\"twitter:label1\" content=\"Est. reading time\" \/>\n\t<meta name=\"twitter:data1\" content=\"1 minute\" \/>\n<script type=\"application\/ld+json\" class=\"yoast-schema-graph\">{\"@context\":\"https:\/\/schema.org\",\"@graph\":[{\"@type\":\"WebPage\",\"@id\":\"https:\/\/ibcparts.eu\/izdelek\/zelo-mocan-reducir-ava-z-gumijastim-tesnilom-epdm-za-ibc-cisterne\/\",\"url\":\"https:\/\/ibcparts.eu\/izdelek\/zelo-mocan-reducir-ava-z-gumijastim-tesnilom-epdm-za-ibc-cisterne\/\",\"name\":\"Reducir AVA S60 za IBC cisterno (3\/4\u2033, 1\u2033) | IBCparts.eu\",\"isPartOf\":{\"@id\":\"https:\/\/ibcparts.eu\/#website\"},\"primaryImageOfPage\":{\"@id\":\"https:\/\/ibcparts.eu\/izdelek\/zelo-mocan-reducir-ava-z-gumijastim-tesnilom-epdm-za-ibc-cisterne\/#primaryimage\"},\"image\":{\"@id\":\"https:\/\/ibcparts.eu\/izdelek\/zelo-mocan-reducir-ava-z-gumijastim-tesnilom-epdm-za-ibc-cisterne\/#primaryimage\"},\"thumbnailUrl\":\"https:\/\/ibcparts.eu\/wp-content\/uploads\/2021\/10\/Reducirji-ECO-PLUS-1cola1.jpg\",\"datePublished\":\"2021-10-15T18:59:29+00:00\",\"dateModified\":\"2026-01-13T12:56:59+00:00\",\"description\":\"Zelo mo\u010dan reducir AVA z gumijastim tesnilom EPDM. Za IBC cisterne z ventilom fi 55-62mm, grobi navoj S60x6 (DN50). Zelo primeren za povezavo med cisternami\",\"breadcrumb\":{\"@id\":\"https:\/\/ibcparts.eu\/izdelek\/zelo-mocan-reducir-ava-z-gumijastim-tesnilom-epdm-za-ibc-cisterne\/#breadcrumb\"},\"inLanguage\":\"en-US\",\"potentialAction\":[{\"@type\":\"ReadAction\",\"target\":[\"https:\/\/ibcparts.eu\/izdelek\/zelo-mocan-reducir-ava-z-gumijastim-tesnilom-epdm-za-ibc-cisterne\/\"]}]},{\"@type\":\"ImageObject\",\"inLanguage\":\"en-US\",\"@id\":\"https:\/\/ibcparts.eu\/izdelek\/zelo-mocan-reducir-ava-z-gumijastim-tesnilom-epdm-za-ibc-cisterne\/#primaryimage\",\"url\":\"https:\/\/ibcparts.eu\/wp-content\/uploads\/2021\/10\/Reducirji-ECO-PLUS-1cola1.jpg\",\"contentUrl\":\"https:\/\/ibcparts.eu\/wp-content\/uploads\/2021\/10\/Reducirji-ECO-PLUS-1cola1.jpg\",\"width\":500,\"height\":500,\"caption\":\"Zelo mo\u010dan reducir AVA z gumijastim tesnilom EPDM za IBC cisterne.\"},{\"@type\":\"BreadcrumbList\",\"@id\":\"https:\/\/ibcparts.eu\/izdelek\/zelo-mocan-reducir-ava-z-gumijastim-tesnilom-epdm-za-ibc-cisterne\/#breadcrumb\",\"itemListElement\":[{\"@type\":\"ListItem\",\"position\":1,\"name\":\"Home\",\"item\":\"https:\/\/ibcparts.eu\/\"},{\"@type\":\"ListItem\",\"position\":2,\"name\":\"Nakupujte\",\"item\":\"https:\/\/ibcparts.eu\/nakupujte\/\"},{\"@type\":\"ListItem\",\"position\":3,\"name\":\"Reducir AVA S60 za IBC cisterno (3\/4\u2033, 1\u2033)\"}]},{\"@type\":\"WebSite\",\"@id\":\"https:\/\/ibcparts.eu\/#website\",\"url\":\"https:\/\/ibcparts.eu\/\",\"name\":\"IBCparts.eu\",\"description\":\"\",\"publisher\":{\"@id\":\"https:\/\/ibcparts.eu\/#organization\"},\"potentialAction\":[{\"@type\":\"SearchAction\",\"target\":{\"@type\":\"EntryPoint\",\"urlTemplate\":\"https:\/\/ibcparts.eu\/?s={search_term_string}\"},\"query-input\":{\"@type\":\"PropertyValueSpecification\",\"valueRequired\":true,\"valueName\":\"search_term_string\"}}],\"inLanguage\":\"en-US\"},{\"@type\":\"Organization\",\"@id\":\"https:\/\/ibcparts.eu\/#organization\",\"name\":\"IBCparts\",\"url\":\"https:\/\/ibcparts.eu\/\",\"logo\":{\"@type\":\"ImageObject\",\"inLanguage\":\"en-US\",\"@id\":\"https:\/\/ibcparts.eu\/#\/schema\/logo\/image\/\",\"url\":\"https:\/\/ibcparts.eu\/wp-content\/uploads\/2021\/10\/Footer-Logo.png\",\"contentUrl\":\"https:\/\/ibcparts.eu\/wp-content\/uploads\/2021\/10\/Footer-Logo.png\",\"width\":1992,\"height\":772,\"caption\":\"IBCparts\"},\"image\":{\"@id\":\"https:\/\/ibcparts.eu\/#\/schema\/logo\/image\/\"}}]}<\/script>\n<!-- \/ Yoast SEO plugin. -->","yoast_head_json":{"title":"Reducir AVA S60 za IBC cisterno (3\/4\u2033, 1\u2033) | IBCparts.eu","description":"Very strong AVA reducer with EPDM rubber seal. For IBC tanks with valve fi 55-62mm, coarse thread S60x6 (DN50). Very suitable for connection between tanks.","robots":{"index":"index","follow":"follow","max-snippet":"max-snippet:-1","max-image-preview":"max-image-preview:large","max-video-preview":"max-video-preview:-1"},"canonical":"https:\/\/ibcparts.eu\/en\/product\/very-strong-ava-reducer-with-epdm-rubber-gasket-for-ibc-tanks\/","og_locale":"en_US","og_type":"article","og_title":"Reducir AVA S60 za IBC cisterno (3\/4\u2033, 1\u2033) | IBCparts.eu","og_description":"Zelo mo\u010dan reducir AVA z gumijastim tesnilom EPDM. Za IBC cisterne z ventilom fi 55-62mm, grobi navoj S60x6 (DN50). Zelo primeren za povezavo med cisternami","og_url":"https:\/\/ibcparts.eu\/en\/product\/very-strong-ava-reducer-with-epdm-rubber-gasket-for-ibc-tanks\/","og_site_name":"IBCparts.eu","article_modified_time":"2026-01-13T12:56:59+00:00","og_image":[{"width":500,"height":500,"url":"https:\/\/ibcparts.eu\/wp-content\/uploads\/2021\/10\/Reducirji-ECO-PLUS-1cola1.jpg","type":"image\/jpeg"}],"twitter_card":"summary_large_image","twitter_misc":{"Est. reading time":"1 minute"},"schema":{"@context":"https:\/\/schema.org","@graph":[{"@type":"WebPage","@id":"https:\/\/ibcparts.eu\/izdelek\/zelo-mocan-reducir-ava-z-gumijastim-tesnilom-epdm-za-ibc-cisterne\/","url":"https:\/\/ibcparts.eu\/izdelek\/zelo-mocan-reducir-ava-z-gumijastim-tesnilom-epdm-za-ibc-cisterne\/","name":"Reducir AVA S60 za IBC cisterno (3\/4\u2033, 1\u2033) | IBCparts.eu","isPartOf":{"@id":"https:\/\/ibcparts.eu\/#website"},"primaryImageOfPage":{"@id":"https:\/\/ibcparts.eu\/izdelek\/zelo-mocan-reducir-ava-z-gumijastim-tesnilom-epdm-za-ibc-cisterne\/#primaryimage"},"image":{"@id":"https:\/\/ibcparts.eu\/izdelek\/zelo-mocan-reducir-ava-z-gumijastim-tesnilom-epdm-za-ibc-cisterne\/#primaryimage"},"thumbnailUrl":"https:\/\/ibcparts.eu\/wp-content\/uploads\/2021\/10\/Reducirji-ECO-PLUS-1cola1.jpg","datePublished":"2021-10-15T18:59:29+00:00","dateModified":"2026-01-13T12:56:59+00:00","description":"Very strong AVA reducer with EPDM rubber seal. For IBC tanks with valve fi 55-62mm, coarse thread S60x6 (DN50). Very suitable for connection between tanks.","breadcrumb":{"@id":"https:\/\/ibcparts.eu\/izdelek\/zelo-mocan-reducir-ava-z-gumijastim-tesnilom-epdm-za-ibc-cisterne\/#breadcrumb"},"inLanguage":"en-US","potentialAction":[{"@type":"ReadAction","target":["https:\/\/ibcparts.eu\/izdelek\/zelo-mocan-reducir-ava-z-gumijastim-tesnilom-epdm-za-ibc-cisterne\/"]}]},{"@type":"ImageObject","inLanguage":"en-US","@id":"https:\/\/ibcparts.eu\/izdelek\/zelo-mocan-reducir-ava-z-gumijastim-tesnilom-epdm-za-ibc-cisterne\/#primaryimage","url":"https:\/\/ibcparts.eu\/wp-content\/uploads\/2021\/10\/Reducirji-ECO-PLUS-1cola1.jpg","contentUrl":"https:\/\/ibcparts.eu\/wp-content\/uploads\/2021\/10\/Reducirji-ECO-PLUS-1cola1.jpg","width":500,"height":500,"caption":"Zelo mo\u010dan reducir AVA z gumijastim tesnilom EPDM za IBC cisterne."},{"@type":"BreadcrumbList","@id":"https:\/\/ibcparts.eu\/izdelek\/zelo-mocan-reducir-ava-z-gumijastim-tesnilom-epdm-za-ibc-cisterne\/#breadcrumb","itemListElement":[{"@type":"ListItem","position":1,"name":"Home","item":"https:\/\/ibcparts.eu\/"},{"@type":"ListItem","position":2,"name":"Nakupujte","item":"https:\/\/ibcparts.eu\/nakupujte\/"},{"@type":"ListItem","position":3,"name":"Reducir AVA S60 za IBC cisterno (3\/4\u2033, 1\u2033)"}]},{"@type":"WebSite","@id":"https:\/\/ibcparts.eu\/#website","url":"https:\/\/ibcparts.eu\/","name":"IBCparts.eu","description":"","publisher":{"@id":"https:\/\/ibcparts.eu\/#organization"},"potentialAction":[{"@type":"SearchAction","target":{"@type":"EntryPoint","urlTemplate":"https:\/\/ibcparts.eu\/?s={search_term_string}"},"query-input":{"@type":"PropertyValueSpecification","valueRequired":true,"valueName":"search_term_string"}}],"inLanguage":"en-US"},{"@type":"Organization","@id":"https:\/\/ibcparts.eu\/#organization","name":"IBCparts","url":"https:\/\/ibcparts.eu\/","logo":{"@type":"ImageObject","inLanguage":"en-US","@id":"https:\/\/ibcparts.eu\/#\/schema\/logo\/image\/","url":"https:\/\/ibcparts.eu\/wp-content\/uploads\/2021\/10\/Footer-Logo.png","contentUrl":"https:\/\/ibcparts.eu\/wp-content\/uploads\/2021\/10\/Footer-Logo.png","width":1992,"height":772,"caption":"IBCparts"},"image":{"@id":"https:\/\/ibcparts.eu\/#\/schema\/logo\/image\/"}}]}},"_links":{"self":[{"href":"https:\/\/ibcparts.eu\/en\/wp-json\/wp\/v2\/product\/6266","targetHints":{"allow":["GET"]}}],"collection":[{"href":"https:\/\/ibcparts.eu\/en\/wp-json\/wp\/v2\/product"}],"about":[{"href":"https:\/\/ibcparts.eu\/en\/wp-json\/wp\/v2\/types\/product"}],"version-history":[{"count":4,"href":"https:\/\/ibcparts.eu\/en\/wp-json\/wp\/v2\/product\/6266\/revisions"}],"predecessor-version":[{"id":20165,"href":"https:\/\/ibcparts.eu\/en\/wp-json\/wp\/v2\/product\/6266\/revisions\/20165"}],"wp:featuredmedia":[{"embeddable":true,"href":"https:\/\/ibcparts.eu\/en\/wp-json\/wp\/v2\/media\/14054"}],"wp:attachment":[{"href":"https:\/\/ibcparts.eu\/en\/wp-json\/wp\/v2\/media?parent=6266"}],"wp:term":[{"taxonomy":"product_brand","embeddable":true,"href":"https:\/\/ibcparts.eu\/en\/wp-json\/wp\/v2\/product_brand?post=6266"},{"taxonomy":"product_cat","embeddable":true,"href":"https:\/\/ibcparts.eu\/en\/wp-json\/wp\/v2\/product_cat?post=6266"},{"taxonomy":"product_tag","embeddable":true,"href":"https:\/\/ibcparts.eu\/en\/wp-json\/wp\/v2\/product_tag?post=6266"}],"curies":[{"name":"wp","href":"https:\/\/api.w.org\/{rel}","templated":true}]}}