{"id":6254,"date":"2021-10-15T19:46:02","date_gmt":"2021-10-15T18:46:02","guid":{"rendered":"https:\/\/ibcparts.eu\/?post_type=product&#038;p=6254"},"modified":"2026-01-13T14:02:43","modified_gmt":"2026-01-13T13:02:43","slug":"reducir-pros60","status":"publish","type":"product","link":"https:\/\/ibcparts.eu\/en\/product\/reducir-pros60\/","title":{"rendered":"PRO S60 reducer for IBC container (1\/2\u2033, 3\/4\u2033, 1\u2033, 2\u2033), food contact approved"},"content":{"rendered":"<p class=\" translation-block\"><span style=\"font-size: large\">PRO reducers are very high-quality and durable, with a rough surface for better grip.<br>\nAttractive design and excellent functionality.<br>\nDesigned for all types of use, including industrial applications.<\/span><\/p>\n<p class=\" translation-block\">Za cisterne z ventilom fi 55-62mm, grobi navoj S60x6 (DN50).<br>\r\nTip navoja na sredini: \u017denski BSP navoj v treh razli\u010dnih dimenzijah.<br>\r\nPrimerno za vse klasi\u010dne pipe na trgu. Standard BSP.<\/p>\n<p><em>Almost identical reducers can be found on the market, but beware that those with a much thinner wall are less massive.<\/em><\/p>\n<p class=\" translation-block\">Pri uporabi pipe oz kakr\u0161nega koli priklju\u010dka, svetujemo uporabo teflona.<br>\nOdli\u010dno tesnjenje in visoka vzdr\u017eljivost!<br>\n\u200b\u200b<br>\n<strong>Opcije:<\/strong><\/p>\n<p>When using a tap or any kind of connector, we recommend using Teflon.<br \/>\nExcellent sealing and high durability!<br \/>\n\u200b\u200b<br \/>\n<strong>Options:<\/strong><\/p>\n<ul>\n<li>1\/2\u2033 female thread,<\/li>\n<li>3\/4\u2033 internal thread,<\/li>\n<li>internal thread 1\u2033,<\/li>\n<li>internal thread 2\u2033.<\/li>\n<\/ul>\n<p class=\" translation-block\">You can also choose a <a href=\"https:\/\/ibcparts.eu\/nakupujte\/tesnila\/tesnilo-s60-nbr\/\" target=\"_self\">NBR seal<\/a>.<\/p>\n<p class=\" translation-block\"><strong>Nasvet1:<\/strong><br>\r\nPred monta\u017eo bodite pozorni na to, da je lice ventila cisterne (kamor montiramo reducir) gladko in nepo\u0161kodovano. Nove cisterne imajo aluminijasto plombo na odprtini ventila \u2013 \u010de je ta povr\u0161no odstranjena, je lahko to vzrok slab\u0161ega tesnjenja. Vsakr\u0161ne nepravilnosti na ventilu odstranite oz pobrusite s smirkovim papirjem pred prvo monta\u017eo reducirja.<\/p>\n<p class=\" translation-block\"><strong>Nasvet2:<\/strong><br>\r\n\u200bPri monta\u017ei kakr\u0161nega koli priklju\u010dka na ta reducir, obvezno uporabite teflonski trak. Le tako lahko zagotovite popolno tesnenje in pravilno pozicijo pipe oz. priklju\u010dka.<\/p>","protected":false},"excerpt":{"rendered":"<h2 data-start=\"215\" data-end=\"303\">Reducir PRO S60x6 z notranjim BSP navojem za IBC cisterno (1\/2\u2033, 3\/4\u2033, 1\u2033, 2\u2033)<\/h2>\n<p data-start=\"305\" data-end=\"869\">Reducir PRO S60x6 je zelo masiven in profesionalen reducir za IBC cisterne z navojem S60x6 (fi 60 mm, grobi navoj). Namenjen je monta\u017ei na ventil ali neposredno na balon cisterne, kadar je prisoten navoj S60x6. Uporablja se kot <strong data-start=\"545\" data-end=\"591\">adapter oziroma priklju\u010dek za IBC cisterno<\/strong> pri vseh vrstah uporabe, tudi industrijski. Izdelan je iz \u010distega PP, ima hrapavo povr\u0161ino za bolj\u0161i oprijem ter gumijasto tesnilo NB\/SB na notranji strani, ki zagotavlja <strong data-start=\"763\" data-end=\"830\">zanesljivo tesnjenje tudi pri manj\u0161ih nepravilnostih na ventilu<\/strong>. Izdelek je primeren za stik z \u017eivili.<\/p>\n<p data-start=\"871\" data-end=\"892\">Technical specifications<\/p>\n<ul>\n<li data-start=\"895\" data-end=\"956\">Product type: reducer (adapter \/ connector for IBC container)<\/li>\n<li data-start=\"959\" data-end=\"1014\">Thread type on the container: S60x6, coarse thread (\u00d8 60 mm). Thread pitch: 6 mm.<\/li>\n<li data-start=\"1040\" data-end=\"1085\">Thread type at outlet: internal (female) BSP<\/li>\n<li data-start=\"1088\" data-end=\"1100\">Sizes:<\/li>\n<li style=\"list-style-type: none;\">\n<ul data-start=\"1103\" data-end=\"1140\">\n<li data-start=\"1103\" data-end=\"1111\">\n<p data-start=\"1105\" data-end=\"1111\">1\/2\u2033<\/p>\n<\/li>\n<li data-start=\"1114\" data-end=\"1122\">\n<p data-start=\"1116\" data-end=\"1122\">3\/4\u2033<\/p>\n<\/li>\n<li data-start=\"1125\" data-end=\"1131\">\n<p data-start=\"1127\" data-end=\"1131\">1\u2033<\/p>\n<\/li>\n<li data-start=\"1134\" data-end=\"1140\">\n<p data-start=\"1136\" data-end=\"1140\">2\u2033<\/p>\n<\/li>\n<\/ul>\n<\/li>\n<li data-start=\"1143\" data-end=\"1173\">Material: pure PP (machined)<\/li>\n<li data-start=\"1176\" data-end=\"1213\">Surface: rough for better grip<\/li>\n<li data-start=\"1216\" data-end=\"1292\">Colors: blue, red, yellow, black (sometimes also white), depending on the version.<\/li>\n<li data-start=\"1295\" data-end=\"1348\">Seal: NB\/SB rubber seal on the inside<\/li>\n<li data-start=\"1351\" data-end=\"1382\">Suitable for contact with food: yes<\/li>\n<\/ul>\n<p data-start=\"1384\" data-end=\"1587\" class=\" translation-block\">Additional information:<br>\nThere are visually similar reducers on the market with significantly thinner walls, which are less robust and less durable.<\/p>\n<p><strong>Buy more, save more \u2013 quantities of different products and variations are combined!<\/strong><\/p>","protected":false},"featured_media":18637,"template":"","meta":[],"product_brand":[],"product_cat":[170,298],"product_tag":[381],"class_list":{"0":"post-6254","1":"product","2":"type-product","3":"status-publish","4":"has-post-thumbnail","6":"product_cat-reducirji-in-prikljucki-za-ibc","7":"product_cat-prikljucki-za-cisterno-z-navojem-s60x6","8":"product_tag-reducirji-pro-s60-za-ibc-cisterno","10":"first","11":"instock","12":"shipping-taxable","13":"purchasable","14":"product-type-variable"},"yoast_head":"<!-- This site is optimized with the Yoast SEO plugin v27.1.1 - https:\/\/yoast.com\/product\/yoast-seo-wordpress\/ -->\n<title>Reducir PRO S60 za IBC cisterno (1\/2\u2033, 3\/4\u2033, 1\u2033, 2\u2033), stik z \u017eivili | IBCparts.eu<\/title>\n<meta name=\"description\" content=\"Reducirji PRO S60 za IBC cisterno so zelo kvalitetni in trpe\u017eni,\u00a0s hrapavo povr\u0161ino za\u00a0bolj\u0161i oprijem. Lep dizajn in odli\u010dna funkcija.\u200b Stik z \u017eivili.\" \/>\n<meta name=\"robots\" content=\"index, follow, max-snippet:-1, max-image-preview:large, max-video-preview:-1\" \/>\n<link rel=\"canonical\" href=\"https:\/\/ibcparts.eu\/en\/product\/reducir-pros60\/\" \/>\n<meta property=\"og:locale\" content=\"en_US\" \/>\n<meta property=\"og:type\" content=\"article\" \/>\n<meta property=\"og:title\" content=\"Reducir PRO S60 za IBC cisterno (1\/2\u2033, 3\/4\u2033, 1\u2033, 2\u2033), stik z \u017eivili | IBCparts.eu\" \/>\n<meta property=\"og:description\" content=\"Reducirji PRO S60 za IBC cisterno so zelo kvalitetni in trpe\u017eni,\u00a0s hrapavo povr\u0161ino za\u00a0bolj\u0161i oprijem. Lep dizajn in odli\u010dna funkcija.\u200b Stik z \u017eivili.\" \/>\n<meta property=\"og:url\" content=\"https:\/\/ibcparts.eu\/en\/product\/reducir-pros60\/\" \/>\n<meta property=\"og:site_name\" content=\"IBCparts.eu\" \/>\n<meta property=\"article:modified_time\" content=\"2026-01-13T13:02:43+00:00\" \/>\n<meta property=\"og:image\" content=\"https:\/\/ibcparts.eu\/wp-content\/uploads\/2021\/10\/Reducirji-PRO-za-IBC-cisterno.png\" \/>\n\t<meta property=\"og:image:width\" content=\"500\" \/>\n\t<meta property=\"og:image:height\" content=\"500\" \/>\n\t<meta property=\"og:image:type\" content=\"image\/png\" \/>\n<meta name=\"twitter:card\" content=\"summary_large_image\" \/>\n<meta name=\"twitter:label1\" content=\"Est. reading time\" \/>\n\t<meta name=\"twitter:data1\" content=\"1 minute\" \/>\n<script type=\"application\/ld+json\" class=\"yoast-schema-graph\">{\"@context\":\"https:\/\/schema.org\",\"@graph\":[{\"@type\":\"WebPage\",\"@id\":\"https:\/\/ibcparts.eu\/izdelek\/reducir-pros60\/\",\"url\":\"https:\/\/ibcparts.eu\/izdelek\/reducir-pros60\/\",\"name\":\"Reducir PRO S60 za IBC cisterno (1\/2\u2033, 3\/4\u2033, 1\u2033, 2\u2033), stik z \u017eivili | IBCparts.eu\",\"isPartOf\":{\"@id\":\"https:\/\/ibcparts.eu\/#website\"},\"primaryImageOfPage\":{\"@id\":\"https:\/\/ibcparts.eu\/izdelek\/reducir-pros60\/#primaryimage\"},\"image\":{\"@id\":\"https:\/\/ibcparts.eu\/izdelek\/reducir-pros60\/#primaryimage\"},\"thumbnailUrl\":\"https:\/\/ibcparts.eu\/wp-content\/uploads\/2021\/10\/Reducirji-PRO-za-IBC-cisterno.png\",\"datePublished\":\"2021-10-15T18:46:02+00:00\",\"dateModified\":\"2026-01-13T13:02:43+00:00\",\"description\":\"Reducirji PRO S60 za IBC cisterno so zelo kvalitetni in trpe\u017eni,\u00a0s hrapavo povr\u0161ino za\u00a0bolj\u0161i oprijem. Lep dizajn in odli\u010dna funkcija.\u200b Stik z \u017eivili.\",\"breadcrumb\":{\"@id\":\"https:\/\/ibcparts.eu\/izdelek\/reducir-pros60\/#breadcrumb\"},\"inLanguage\":\"en-US\",\"potentialAction\":[{\"@type\":\"ReadAction\",\"target\":[\"https:\/\/ibcparts.eu\/izdelek\/reducir-pros60\/\"]}]},{\"@type\":\"ImageObject\",\"inLanguage\":\"en-US\",\"@id\":\"https:\/\/ibcparts.eu\/izdelek\/reducir-pros60\/#primaryimage\",\"url\":\"https:\/\/ibcparts.eu\/wp-content\/uploads\/2021\/10\/Reducirji-PRO-za-IBC-cisterno.png\",\"contentUrl\":\"https:\/\/ibcparts.eu\/wp-content\/uploads\/2021\/10\/Reducirji-PRO-za-IBC-cisterno.png\",\"width\":500,\"height\":500,\"caption\":\"Reducirji PRO S60 za IBC cisterno\"},{\"@type\":\"BreadcrumbList\",\"@id\":\"https:\/\/ibcparts.eu\/izdelek\/reducir-pros60\/#breadcrumb\",\"itemListElement\":[{\"@type\":\"ListItem\",\"position\":1,\"name\":\"Home\",\"item\":\"https:\/\/ibcparts.eu\/\"},{\"@type\":\"ListItem\",\"position\":2,\"name\":\"Nakupujte\",\"item\":\"https:\/\/ibcparts.eu\/nakupujte\/\"},{\"@type\":\"ListItem\",\"position\":3,\"name\":\"Reducir PRO S60 za IBC cisterno (1\/2\u2033, 3\/4\u2033, 1\u2033, 2\u2033), stik z \u017eivili\"}]},{\"@type\":\"WebSite\",\"@id\":\"https:\/\/ibcparts.eu\/#website\",\"url\":\"https:\/\/ibcparts.eu\/\",\"name\":\"IBCparts.eu\",\"description\":\"\",\"publisher\":{\"@id\":\"https:\/\/ibcparts.eu\/#organization\"},\"potentialAction\":[{\"@type\":\"SearchAction\",\"target\":{\"@type\":\"EntryPoint\",\"urlTemplate\":\"https:\/\/ibcparts.eu\/?s={search_term_string}\"},\"query-input\":{\"@type\":\"PropertyValueSpecification\",\"valueRequired\":true,\"valueName\":\"search_term_string\"}}],\"inLanguage\":\"en-US\"},{\"@type\":\"Organization\",\"@id\":\"https:\/\/ibcparts.eu\/#organization\",\"name\":\"IBCparts\",\"url\":\"https:\/\/ibcparts.eu\/\",\"logo\":{\"@type\":\"ImageObject\",\"inLanguage\":\"en-US\",\"@id\":\"https:\/\/ibcparts.eu\/#\/schema\/logo\/image\/\",\"url\":\"https:\/\/ibcparts.eu\/wp-content\/uploads\/2021\/10\/Footer-Logo.png\",\"contentUrl\":\"https:\/\/ibcparts.eu\/wp-content\/uploads\/2021\/10\/Footer-Logo.png\",\"width\":1992,\"height\":772,\"caption\":\"IBCparts\"},\"image\":{\"@id\":\"https:\/\/ibcparts.eu\/#\/schema\/logo\/image\/\"}}]}<\/script>\n<!-- \/ Yoast SEO plugin. -->","yoast_head_json":{"title":"Reducir PRO S60 za IBC cisterno (1\/2\u2033, 3\/4\u2033, 1\u2033, 2\u2033), stik z \u017eivili | IBCparts.eu","description":"Reducirji PRO S60 za IBC cisterno so zelo kvalitetni in trpe\u017eni,\u00a0s hrapavo povr\u0161ino za\u00a0bolj\u0161i oprijem. Lep dizajn in odli\u010dna funkcija.\u200b Stik z \u017eivili.","robots":{"index":"index","follow":"follow","max-snippet":"max-snippet:-1","max-image-preview":"max-image-preview:large","max-video-preview":"max-video-preview:-1"},"canonical":"https:\/\/ibcparts.eu\/en\/product\/reducir-pros60\/","og_locale":"en_US","og_type":"article","og_title":"Reducir PRO S60 za IBC cisterno (1\/2\u2033, 3\/4\u2033, 1\u2033, 2\u2033), stik z \u017eivili | IBCparts.eu","og_description":"Reducirji PRO S60 za IBC cisterno so zelo kvalitetni in trpe\u017eni,\u00a0s hrapavo povr\u0161ino za\u00a0bolj\u0161i oprijem. Lep dizajn in odli\u010dna funkcija.\u200b Stik z \u017eivili.","og_url":"https:\/\/ibcparts.eu\/en\/product\/reducir-pros60\/","og_site_name":"IBCparts.eu","article_modified_time":"2026-01-13T13:02:43+00:00","og_image":[{"width":500,"height":500,"url":"https:\/\/ibcparts.eu\/wp-content\/uploads\/2021\/10\/Reducirji-PRO-za-IBC-cisterno.png","type":"image\/png"}],"twitter_card":"summary_large_image","twitter_misc":{"Est. reading time":"1 minute"},"schema":{"@context":"https:\/\/schema.org","@graph":[{"@type":"WebPage","@id":"https:\/\/ibcparts.eu\/izdelek\/reducir-pros60\/","url":"https:\/\/ibcparts.eu\/izdelek\/reducir-pros60\/","name":"Reducir PRO S60 za IBC cisterno (1\/2\u2033, 3\/4\u2033, 1\u2033, 2\u2033), stik z \u017eivili | IBCparts.eu","isPartOf":{"@id":"https:\/\/ibcparts.eu\/#website"},"primaryImageOfPage":{"@id":"https:\/\/ibcparts.eu\/izdelek\/reducir-pros60\/#primaryimage"},"image":{"@id":"https:\/\/ibcparts.eu\/izdelek\/reducir-pros60\/#primaryimage"},"thumbnailUrl":"https:\/\/ibcparts.eu\/wp-content\/uploads\/2021\/10\/Reducirji-PRO-za-IBC-cisterno.png","datePublished":"2021-10-15T18:46:02+00:00","dateModified":"2026-01-13T13:02:43+00:00","description":"Reducirji PRO S60 za IBC cisterno so zelo kvalitetni in trpe\u017eni,\u00a0s hrapavo povr\u0161ino za\u00a0bolj\u0161i oprijem. Lep dizajn in odli\u010dna funkcija.\u200b Stik z \u017eivili.","breadcrumb":{"@id":"https:\/\/ibcparts.eu\/izdelek\/reducir-pros60\/#breadcrumb"},"inLanguage":"en-US","potentialAction":[{"@type":"ReadAction","target":["https:\/\/ibcparts.eu\/izdelek\/reducir-pros60\/"]}]},{"@type":"ImageObject","inLanguage":"en-US","@id":"https:\/\/ibcparts.eu\/izdelek\/reducir-pros60\/#primaryimage","url":"https:\/\/ibcparts.eu\/wp-content\/uploads\/2021\/10\/Reducirji-PRO-za-IBC-cisterno.png","contentUrl":"https:\/\/ibcparts.eu\/wp-content\/uploads\/2021\/10\/Reducirji-PRO-za-IBC-cisterno.png","width":500,"height":500,"caption":"Reducirji PRO S60 za IBC cisterno"},{"@type":"BreadcrumbList","@id":"https:\/\/ibcparts.eu\/izdelek\/reducir-pros60\/#breadcrumb","itemListElement":[{"@type":"ListItem","position":1,"name":"Home","item":"https:\/\/ibcparts.eu\/"},{"@type":"ListItem","position":2,"name":"Nakupujte","item":"https:\/\/ibcparts.eu\/nakupujte\/"},{"@type":"ListItem","position":3,"name":"Reducir PRO S60 za IBC cisterno (1\/2\u2033, 3\/4\u2033, 1\u2033, 2\u2033), stik z \u017eivili"}]},{"@type":"WebSite","@id":"https:\/\/ibcparts.eu\/#website","url":"https:\/\/ibcparts.eu\/","name":"IBCparts.eu","description":"","publisher":{"@id":"https:\/\/ibcparts.eu\/#organization"},"potentialAction":[{"@type":"SearchAction","target":{"@type":"EntryPoint","urlTemplate":"https:\/\/ibcparts.eu\/?s={search_term_string}"},"query-input":{"@type":"PropertyValueSpecification","valueRequired":true,"valueName":"search_term_string"}}],"inLanguage":"en-US"},{"@type":"Organization","@id":"https:\/\/ibcparts.eu\/#organization","name":"IBCparts","url":"https:\/\/ibcparts.eu\/","logo":{"@type":"ImageObject","inLanguage":"en-US","@id":"https:\/\/ibcparts.eu\/#\/schema\/logo\/image\/","url":"https:\/\/ibcparts.eu\/wp-content\/uploads\/2021\/10\/Footer-Logo.png","contentUrl":"https:\/\/ibcparts.eu\/wp-content\/uploads\/2021\/10\/Footer-Logo.png","width":1992,"height":772,"caption":"IBCparts"},"image":{"@id":"https:\/\/ibcparts.eu\/#\/schema\/logo\/image\/"}}]}},"_links":{"self":[{"href":"https:\/\/ibcparts.eu\/en\/wp-json\/wp\/v2\/product\/6254","targetHints":{"allow":["GET"]}}],"collection":[{"href":"https:\/\/ibcparts.eu\/en\/wp-json\/wp\/v2\/product"}],"about":[{"href":"https:\/\/ibcparts.eu\/en\/wp-json\/wp\/v2\/types\/product"}],"version-history":[{"count":3,"href":"https:\/\/ibcparts.eu\/en\/wp-json\/wp\/v2\/product\/6254\/revisions"}],"predecessor-version":[{"id":20181,"href":"https:\/\/ibcparts.eu\/en\/wp-json\/wp\/v2\/product\/6254\/revisions\/20181"}],"wp:featuredmedia":[{"embeddable":true,"href":"https:\/\/ibcparts.eu\/en\/wp-json\/wp\/v2\/media\/18637"}],"wp:attachment":[{"href":"https:\/\/ibcparts.eu\/en\/wp-json\/wp\/v2\/media?parent=6254"}],"wp:term":[{"taxonomy":"product_brand","embeddable":true,"href":"https:\/\/ibcparts.eu\/en\/wp-json\/wp\/v2\/product_brand?post=6254"},{"taxonomy":"product_cat","embeddable":true,"href":"https:\/\/ibcparts.eu\/en\/wp-json\/wp\/v2\/product_cat?post=6254"},{"taxonomy":"product_tag","embeddable":true,"href":"https:\/\/ibcparts.eu\/en\/wp-json\/wp\/v2\/product_tag?post=6254"}],"curies":[{"name":"wp","href":"https:\/\/api.w.org\/{rel}","templated":true}]}}