{"id":19717,"date":"2026-01-01T11:25:32","date_gmt":"2026-01-01T10:25:32","guid":{"rendered":"https:\/\/ibcparts.eu\/?post_type=product&#038;p=19717"},"modified":"2026-01-01T11:27:37","modified_gmt":"2026-01-01T10:27:37","slug":"adapter-59-mm-f-x-2%e2%80%b3-bsp-f","status":"publish","type":"product","link":"https:\/\/ibcparts.eu\/en\/product\/adapter-59-mm-f-x-2%e2%80%b3-bsp-f\/","title":{"rendered":"Adapter 59 mm (F) \u00d7 2\u2033 BSP (F)"},"content":{"rendered":"","protected":false},"excerpt":{"rendered":"<h2 data-start=\"195\" data-end=\"228\">Adapter 59 mm (F) \u00d7 2\u2033 BSP (F)<\/h2>\n<p data-start=\"230\" data-end=\"458\">Adapter je namenjen povezavi <strong data-start=\"259\" data-end=\"315\">plasti\u010dnih posod z \u017eenskim navojem premera cca 59 mm<\/strong> na industrijsko opremo z <strong data-start=\"341\" data-end=\"367\">2\u2033 BSP \u017eenskim navojem<\/strong>. Omogo\u010da zanesljiv in tesen priklop cevi, ventilov ali \u010drpalk v industrijskih aplikacijah.<\/p>\n<p data-start=\"460\" data-end=\"637\">Navoj 59 mm je <strong data-start=\"475\" data-end=\"504\">embala\u017eni plasti\u010dni navoj<\/strong>, ki je v praksi <strong data-start=\"521\" data-end=\"568\">funkcionalno kompatibilen z DIN 59 posodami<\/strong>, pri \u010demer so mo\u017ena manj\u0161a odstopanja v merah glede na proizvajalca.<\/p>\n<hr data-start=\"639\" data-end=\"642\" \/>\n<h3 data-start=\"644\" data-end=\"665\">Klju\u010dne lastnosti<\/h3>\n<ul>\n<li data-start=\"668\" data-end=\"721\"><strong data-start=\"668\" data-end=\"702\">\u017eenski navoj premera 59 mm<\/strong> na strani posode, <strong>grob<\/strong> navoj (<strong>korak cca 6 mm<\/strong>)<\/li>\n<li data-start=\"724\" data-end=\"771\"><strong data-start=\"724\" data-end=\"751\">2\u2033 BSP \u017eenski navoj (F)<\/strong> na izhodni strani<\/li>\n<li data-start=\"774\" data-end=\"825\">primeren za industrijsko in profesionalno uporabo<\/li>\n<li data-start=\"828\" data-end=\"853\">enostavna ro\u010dna monta\u017ea<\/li>\n<li data-start=\"856\" data-end=\"878\">zanesljivo tesnjenje<\/li>\n<\/ul>\n<hr data-start=\"880\" data-end=\"883\" \/>\n<h3 data-start=\"885\" data-end=\"911\">Tehni\u010dne specifikacije<\/h3>\n<ul>\n<li data-start=\"912\" data-end=\"1035\">\n<p data-start=\"914\" data-end=\"961\"><strong data-start=\"914\" data-end=\"933\">Navoj (posoda):<\/strong> cca <strong>59\u00a0mm<\/strong>, \u017eenski (F)<\/p>\n<ul data-start=\"964\" data-end=\"1035\">\n<li data-start=\"964\" data-end=\"998\">\n<p data-start=\"966\" data-end=\"998\">tip: embala\u017eni plasti\u010dni navoj<\/p>\n<\/li>\n<li data-start=\"1001\" data-end=\"1035\">\n<p data-start=\"1003\" data-end=\"1035\">geometrija: grob (<em data-start=\"1021\" data-end=\"1032\">saw-tooth<\/em>)<\/p>\n<\/li>\n<\/ul>\n<\/li>\n<li data-start=\"1038\" data-end=\"1081\"><strong>Navoj (izhod):<\/strong> 2\u2033 BSP, \u017eenski (F)<\/li>\n<li data-start=\"1084\" data-end=\"1113\" class=\" translation-block\"><strong>Material:<\/strong> plastic (PP)<\/li>\n<li data-start=\"1116\" data-end=\"1162\"><strong>Tesnjenje:<\/strong> integrirano tesnilo \/ O-obro\u010d<\/li>\n<\/ul>","protected":false},"featured_media":19718,"template":"","meta":[],"product_brand":[],"product_cat":[258],"product_tag":[],"class_list":{"0":"post-19717","1":"product","2":"type-product","3":"status-publish","4":"has-post-thumbnail","6":"product_cat-adapterji-za-plastenke-rocke-in-sode","8":"first","9":"instock","10":"shipping-taxable","11":"purchasable","12":"product-type-simple"},"yoast_head":"<!-- This site is optimized with the Yoast SEO plugin v27.1.1 - https:\/\/yoast.com\/product\/yoast-seo-wordpress\/ -->\n<title>Adapter 59 mm (F) \u00d7 2\u2033 BSP (F)<\/title>\n<meta name=\"description\" content=\"Adapter DIN 59 F \u00d7 2\u2033 BSP za povezavo plasti\u010dnih kanistrov in sodov z industrijsko opremo. Omogo\u010da priklop ventilov, cevi ali \u010drpalk z 2\u2033 BSP navojem.\" \/>\n<meta name=\"robots\" content=\"index, follow, max-snippet:-1, max-image-preview:large, max-video-preview:-1\" \/>\n<link rel=\"canonical\" href=\"https:\/\/ibcparts.eu\/en\/product\/adapter-59-mm-f-x-2\u2033-bsp-f\/\" \/>\n<meta property=\"og:locale\" content=\"en_US\" \/>\n<meta property=\"og:type\" content=\"article\" \/>\n<meta property=\"og:title\" content=\"Adapter 59 mm (F) \u00d7 2\u2033 BSP (F)\" \/>\n<meta property=\"og:description\" content=\"Adapter DIN 59 F \u00d7 2\u2033 BSP za povezavo plasti\u010dnih kanistrov in sodov z industrijsko opremo. Omogo\u010da priklop ventilov, cevi ali \u010drpalk z 2\u2033 BSP navojem.\" \/>\n<meta property=\"og:url\" content=\"https:\/\/ibcparts.eu\/en\/product\/adapter-59-mm-f-x-2\u2033-bsp-f\/\" \/>\n<meta property=\"og:site_name\" content=\"IBCparts.eu\" \/>\n<meta property=\"article:modified_time\" content=\"2026-01-01T10:27:37+00:00\" \/>\n<meta property=\"og:image\" content=\"https:\/\/ibcparts.eu\/wp-content\/uploads\/2026\/01\/Adapter-59-mm-F-\u00d7-2\u2033-BSP-F.png\" \/>\n\t<meta property=\"og:image:width\" content=\"500\" \/>\n\t<meta property=\"og:image:height\" content=\"500\" \/>\n\t<meta property=\"og:image:type\" content=\"image\/png\" \/>\n<meta name=\"twitter:card\" content=\"summary_large_image\" \/>\n<script type=\"application\/ld+json\" class=\"yoast-schema-graph\">{\"@context\":\"https:\/\/schema.org\",\"@graph\":[{\"@type\":\"WebPage\",\"@id\":\"https:\/\/ibcparts.eu\/izdelek\/adapter-59-mm-f-x-2%e2%80%b3-bsp-f\/\",\"url\":\"https:\/\/ibcparts.eu\/izdelek\/adapter-59-mm-f-x-2%e2%80%b3-bsp-f\/\",\"name\":\"Adapter 59 mm (F) \u00d7 2\u2033 BSP (F)\",\"isPartOf\":{\"@id\":\"https:\/\/ibcparts.eu\/#website\"},\"primaryImageOfPage\":{\"@id\":\"https:\/\/ibcparts.eu\/izdelek\/adapter-59-mm-f-x-2%e2%80%b3-bsp-f\/#primaryimage\"},\"image\":{\"@id\":\"https:\/\/ibcparts.eu\/izdelek\/adapter-59-mm-f-x-2%e2%80%b3-bsp-f\/#primaryimage\"},\"thumbnailUrl\":\"https:\/\/ibcparts.eu\/wp-content\/uploads\/2026\/01\/Adapter-59-mm-F-\u00d7-2\u2033-BSP-F.png\",\"datePublished\":\"2026-01-01T10:25:32+00:00\",\"dateModified\":\"2026-01-01T10:27:37+00:00\",\"description\":\"Adapter DIN 59 F \u00d7 2\u2033 BSP za povezavo plasti\u010dnih kanistrov in sodov z industrijsko opremo. Omogo\u010da priklop ventilov, cevi ali \u010drpalk z 2\u2033 BSP navojem.\",\"breadcrumb\":{\"@id\":\"https:\/\/ibcparts.eu\/izdelek\/adapter-59-mm-f-x-2%e2%80%b3-bsp-f\/#breadcrumb\"},\"inLanguage\":\"en-US\",\"potentialAction\":[{\"@type\":\"ReadAction\",\"target\":[\"https:\/\/ibcparts.eu\/izdelek\/adapter-59-mm-f-x-2%e2%80%b3-bsp-f\/\"]}]},{\"@type\":\"ImageObject\",\"inLanguage\":\"en-US\",\"@id\":\"https:\/\/ibcparts.eu\/izdelek\/adapter-59-mm-f-x-2%e2%80%b3-bsp-f\/#primaryimage\",\"url\":\"https:\/\/ibcparts.eu\/wp-content\/uploads\/2026\/01\/Adapter-59-mm-F-\u00d7-2\u2033-BSP-F.png\",\"contentUrl\":\"https:\/\/ibcparts.eu\/wp-content\/uploads\/2026\/01\/Adapter-59-mm-F-\u00d7-2\u2033-BSP-F.png\",\"width\":500,\"height\":500,\"caption\":\"Adapter 63 mm (F) \u00d7 2\u2033 BSP (F)\"},{\"@type\":\"BreadcrumbList\",\"@id\":\"https:\/\/ibcparts.eu\/izdelek\/adapter-59-mm-f-x-2%e2%80%b3-bsp-f\/#breadcrumb\",\"itemListElement\":[{\"@type\":\"ListItem\",\"position\":1,\"name\":\"Home\",\"item\":\"https:\/\/ibcparts.eu\/\"},{\"@type\":\"ListItem\",\"position\":2,\"name\":\"Nakupujte\",\"item\":\"https:\/\/ibcparts.eu\/nakupujte\/\"},{\"@type\":\"ListItem\",\"position\":3,\"name\":\"Adapter 59 mm (F) \u00d7 2\u2033 BSP (F)\"}]},{\"@type\":\"WebSite\",\"@id\":\"https:\/\/ibcparts.eu\/#website\",\"url\":\"https:\/\/ibcparts.eu\/\",\"name\":\"IBCparts.eu\",\"description\":\"\",\"publisher\":{\"@id\":\"https:\/\/ibcparts.eu\/#organization\"},\"potentialAction\":[{\"@type\":\"SearchAction\",\"target\":{\"@type\":\"EntryPoint\",\"urlTemplate\":\"https:\/\/ibcparts.eu\/?s={search_term_string}\"},\"query-input\":{\"@type\":\"PropertyValueSpecification\",\"valueRequired\":true,\"valueName\":\"search_term_string\"}}],\"inLanguage\":\"en-US\"},{\"@type\":\"Organization\",\"@id\":\"https:\/\/ibcparts.eu\/#organization\",\"name\":\"IBCparts\",\"url\":\"https:\/\/ibcparts.eu\/\",\"logo\":{\"@type\":\"ImageObject\",\"inLanguage\":\"en-US\",\"@id\":\"https:\/\/ibcparts.eu\/#\/schema\/logo\/image\/\",\"url\":\"https:\/\/ibcparts.eu\/wp-content\/uploads\/2021\/10\/Footer-Logo.png\",\"contentUrl\":\"https:\/\/ibcparts.eu\/wp-content\/uploads\/2021\/10\/Footer-Logo.png\",\"width\":1992,\"height\":772,\"caption\":\"IBCparts\"},\"image\":{\"@id\":\"https:\/\/ibcparts.eu\/#\/schema\/logo\/image\/\"}}]}<\/script>\n<!-- \/ Yoast SEO plugin. -->","yoast_head_json":{"title":"Adapter 59 mm (F) \u00d7 2\u2033 BSP (F)","description":"Adapter DIN 59 F \u00d7 2\u2033 BSP za povezavo plasti\u010dnih kanistrov in sodov z industrijsko opremo. Omogo\u010da priklop ventilov, cevi ali \u010drpalk z 2\u2033 BSP navojem.","robots":{"index":"index","follow":"follow","max-snippet":"max-snippet:-1","max-image-preview":"max-image-preview:large","max-video-preview":"max-video-preview:-1"},"canonical":"https:\/\/ibcparts.eu\/en\/product\/adapter-59-mm-f-x-2\u2033-bsp-f\/","og_locale":"en_US","og_type":"article","og_title":"Adapter 59 mm (F) \u00d7 2\u2033 BSP (F)","og_description":"Adapter DIN 59 F \u00d7 2\u2033 BSP za povezavo plasti\u010dnih kanistrov in sodov z industrijsko opremo. Omogo\u010da priklop ventilov, cevi ali \u010drpalk z 2\u2033 BSP navojem.","og_url":"https:\/\/ibcparts.eu\/en\/product\/adapter-59-mm-f-x-2\u2033-bsp-f\/","og_site_name":"IBCparts.eu","article_modified_time":"2026-01-01T10:27:37+00:00","og_image":[{"width":500,"height":500,"url":"https:\/\/ibcparts.eu\/wp-content\/uploads\/2026\/01\/Adapter-59-mm-F-\u00d7-2\u2033-BSP-F.png","type":"image\/png"}],"twitter_card":"summary_large_image","schema":{"@context":"https:\/\/schema.org","@graph":[{"@type":"WebPage","@id":"https:\/\/ibcparts.eu\/izdelek\/adapter-59-mm-f-x-2%e2%80%b3-bsp-f\/","url":"https:\/\/ibcparts.eu\/izdelek\/adapter-59-mm-f-x-2%e2%80%b3-bsp-f\/","name":"Adapter 59 mm (F) \u00d7 2\u2033 BSP (F)","isPartOf":{"@id":"https:\/\/ibcparts.eu\/#website"},"primaryImageOfPage":{"@id":"https:\/\/ibcparts.eu\/izdelek\/adapter-59-mm-f-x-2%e2%80%b3-bsp-f\/#primaryimage"},"image":{"@id":"https:\/\/ibcparts.eu\/izdelek\/adapter-59-mm-f-x-2%e2%80%b3-bsp-f\/#primaryimage"},"thumbnailUrl":"https:\/\/ibcparts.eu\/wp-content\/uploads\/2026\/01\/Adapter-59-mm-F-\u00d7-2\u2033-BSP-F.png","datePublished":"2026-01-01T10:25:32+00:00","dateModified":"2026-01-01T10:27:37+00:00","description":"Adapter DIN 59 F \u00d7 2\u2033 BSP za povezavo plasti\u010dnih kanistrov in sodov z industrijsko opremo. Omogo\u010da priklop ventilov, cevi ali \u010drpalk z 2\u2033 BSP navojem.","breadcrumb":{"@id":"https:\/\/ibcparts.eu\/izdelek\/adapter-59-mm-f-x-2%e2%80%b3-bsp-f\/#breadcrumb"},"inLanguage":"en-US","potentialAction":[{"@type":"ReadAction","target":["https:\/\/ibcparts.eu\/izdelek\/adapter-59-mm-f-x-2%e2%80%b3-bsp-f\/"]}]},{"@type":"ImageObject","inLanguage":"en-US","@id":"https:\/\/ibcparts.eu\/izdelek\/adapter-59-mm-f-x-2%e2%80%b3-bsp-f\/#primaryimage","url":"https:\/\/ibcparts.eu\/wp-content\/uploads\/2026\/01\/Adapter-59-mm-F-\u00d7-2\u2033-BSP-F.png","contentUrl":"https:\/\/ibcparts.eu\/wp-content\/uploads\/2026\/01\/Adapter-59-mm-F-\u00d7-2\u2033-BSP-F.png","width":500,"height":500,"caption":"Adapter 63 mm (F) \u00d7 2\u2033 BSP (F)"},{"@type":"BreadcrumbList","@id":"https:\/\/ibcparts.eu\/izdelek\/adapter-59-mm-f-x-2%e2%80%b3-bsp-f\/#breadcrumb","itemListElement":[{"@type":"ListItem","position":1,"name":"Home","item":"https:\/\/ibcparts.eu\/"},{"@type":"ListItem","position":2,"name":"Nakupujte","item":"https:\/\/ibcparts.eu\/nakupujte\/"},{"@type":"ListItem","position":3,"name":"Adapter 59 mm (F) \u00d7 2\u2033 BSP (F)"}]},{"@type":"WebSite","@id":"https:\/\/ibcparts.eu\/#website","url":"https:\/\/ibcparts.eu\/","name":"IBCparts.eu","description":"","publisher":{"@id":"https:\/\/ibcparts.eu\/#organization"},"potentialAction":[{"@type":"SearchAction","target":{"@type":"EntryPoint","urlTemplate":"https:\/\/ibcparts.eu\/?s={search_term_string}"},"query-input":{"@type":"PropertyValueSpecification","valueRequired":true,"valueName":"search_term_string"}}],"inLanguage":"en-US"},{"@type":"Organization","@id":"https:\/\/ibcparts.eu\/#organization","name":"IBCparts","url":"https:\/\/ibcparts.eu\/","logo":{"@type":"ImageObject","inLanguage":"en-US","@id":"https:\/\/ibcparts.eu\/#\/schema\/logo\/image\/","url":"https:\/\/ibcparts.eu\/wp-content\/uploads\/2021\/10\/Footer-Logo.png","contentUrl":"https:\/\/ibcparts.eu\/wp-content\/uploads\/2021\/10\/Footer-Logo.png","width":1992,"height":772,"caption":"IBCparts"},"image":{"@id":"https:\/\/ibcparts.eu\/#\/schema\/logo\/image\/"}}]}},"_links":{"self":[{"href":"https:\/\/ibcparts.eu\/en\/wp-json\/wp\/v2\/product\/19717","targetHints":{"allow":["GET"]}}],"collection":[{"href":"https:\/\/ibcparts.eu\/en\/wp-json\/wp\/v2\/product"}],"about":[{"href":"https:\/\/ibcparts.eu\/en\/wp-json\/wp\/v2\/types\/product"}],"version-history":[{"count":1,"href":"https:\/\/ibcparts.eu\/en\/wp-json\/wp\/v2\/product\/19717\/revisions"}],"predecessor-version":[{"id":19719,"href":"https:\/\/ibcparts.eu\/en\/wp-json\/wp\/v2\/product\/19717\/revisions\/19719"}],"wp:featuredmedia":[{"embeddable":true,"href":"https:\/\/ibcparts.eu\/en\/wp-json\/wp\/v2\/media\/19718"}],"wp:attachment":[{"href":"https:\/\/ibcparts.eu\/en\/wp-json\/wp\/v2\/media?parent=19717"}],"wp:term":[{"taxonomy":"product_brand","embeddable":true,"href":"https:\/\/ibcparts.eu\/en\/wp-json\/wp\/v2\/product_brand?post=19717"},{"taxonomy":"product_cat","embeddable":true,"href":"https:\/\/ibcparts.eu\/en\/wp-json\/wp\/v2\/product_cat?post=19717"},{"taxonomy":"product_tag","embeddable":true,"href":"https:\/\/ibcparts.eu\/en\/wp-json\/wp\/v2\/product_tag?post=19717"}],"curies":[{"name":"wp","href":"https:\/\/api.w.org\/{rel}","templated":true}]}}