{"id":19576,"date":"2025-12-30T18:15:59","date_gmt":"2025-12-30T17:15:59","guid":{"rendered":"https:\/\/ibcparts.eu\/?post_type=product&#038;p=19576"},"modified":"2025-12-30T21:24:24","modified_gmt":"2025-12-30T20:24:24","slug":"fleksibilna-inox-cev","status":"publish","type":"product","link":"https:\/\/ibcparts.eu\/en\/product\/flexible-stainless-steel-hose\/","title":{"rendered":"Fleksibilna kovinska cev 3\/4&#8243; F (750 mm)"},"content":{"rendered":"<h3 data-start=\"236\" data-end=\"300\">Fleksibilna kovinska cev inox 3\/4&#8243; \u2013 750 mm<\/h3>\n<p data-start=\"302\" data-end=\"608\">Visokokakovostna fleksibilna kovinska cev (panzerschlauch) iz nerjave\u010dega jekla, namenjena varni in zanesljivi povezavi vodovodnih ter ogrevalnih sistemov. Notranja cev je izdelana iz EPDM gume, zunanja za\u0161\u010dita pa iz inox opleta, ki zagotavlja dolgo \u017eivljenjsko dobo in odpornost proti mehanskim po\u0161kodbam.<\/p>\n<p data-start=\"610\" data-end=\"797\">Cev ima na obeh straneh notranji navoj 3\/4&#8243; z vrtljivo matico, kar omogo\u010da hitro in enostavno monta\u017eo. Primerna je za uporabo v stanovanjskih, industrijskih in tehni\u010dnih in\u0161talacijah.<\/p>\n<h4 data-start=\"799\" data-end=\"823\">Technical specifications<\/h4>\n<ul>\n<li data-start=\"826\" data-end=\"874\">Tip: Fleksibilna kovinska cev<\/li>\n<li data-start=\"877\" data-end=\"928\">Material zunanjega opleta: Nerjave\u010de jeklo (<strong>inox<\/strong>)<\/li>\n<li data-start=\"931\" data-end=\"961\">Notranji material: <strong>EPDM guma<\/strong><\/li>\n<li data-start=\"964\" data-end=\"1031\">Priklju\u010dek: Notranji navoj x notranji navoj<\/li>\n<li data-start=\"1034\" data-end=\"1069\">Dimenzija priklju\u010dka: <strong>3\/4&#8243; x 3\/4&#8243;<\/strong><\/li>\n<li data-start=\"1072\" data-end=\"1111\">Zunanji \/ notranji premer: \u00d8 19\/27 mm<\/li>\n<li data-start=\"1114\" data-end=\"1131\">Dol\u017eina: <strong>750 mm<\/strong><\/li>\n<\/ul>\n<h4 data-start=\"1133\" data-end=\"1148\">Prednosti:<\/h4>\n<ul>\n<li data-start=\"1151\" data-end=\"1194\">Visoka fleksibilnost in enostavna monta\u017ea<\/li>\n<li data-start=\"1197\" data-end=\"1245\">Odpornost proti tlaku, temperaturi in koroziji<\/li>\n<li data-start=\"1248\" data-end=\"1272\">Dolga \u017eivljenjska doba<\/li>\n<li data-start=\"1275\" data-end=\"1329\">Zanesljiva re\u0161itev za vodovodne in ogrevalne sisteme<\/li>\n<\/ul>\n<p>V na\u0161i trgovini ga uporabljamo v <a href=\"https:\/\/ibcparts.eu\/product\/napajalnik-%e2%80%8bs-priklopom-na-ibc-cisterno\/\">Kompletu za napajalnikom za IBC cistern<\/a><\/p>","protected":false},"excerpt":{"rendered":"<h3>Fleksibilna kovinska cev inox 3\/4&#8243; \u2013 750 mm<\/h3>\n<p>Visokokakovostna fleksibilna kovinska cev iz nerjave\u010dega jekla, namenjena varni in zanesljivi povezavi vodovodnih ter ogrevalnih sistemov. Notranja cev je izdelana iz EPDM gume, zunanja za\u0161\u010dita pa iz inox opleta, ki zagotavlja dolgo \u017eivljenjsko dobo in odpornost proti mehanskim po\u0161kodbam.<\/p>\n<p>Cev ima na obeh straneh notranji navoj 3\/4&#8243; z vrtljivo matico, kar omogo\u010da hitro in enostavno monta\u017eo. Primerna je za uporabo v stanovanjskih, industrijskih in tehni\u010dnih in\u0161talacijah.<\/p>\n<p><strong>Technical specifications<\/strong>:<\/p>\n<ul>\n<li>Fleksibilna kovinska cev<\/li>\n<li>Material zunanjega opleta: Nerjave\u010de jeklo (inox)<\/li>\n<li>Notranji material: EPDM guma<\/li>\n<li>Priklju\u010dek: Notranji navoj x notranji navoj<\/li>\n<li>Dimenzija priklju\u010dka: 3\/4&#8243; x 3\/4&#8243;<\/li>\n<li>Zunanji \/ notranji premer: \u00d8 19\/27 mm<\/li>\n<li>Dol\u017eina: 750 mm<\/li>\n<\/ul>\n<p>Prednosti:<\/p>\n<ul>\n<li>Visoka fleksibilnost in enostavna monta\u017ea<\/li>\n<li>Odpornost proti tlaku, temperaturi in koroziji<\/li>\n<li>Dolga \u017eivljenjska doba<\/li>\n<li>Zanesljiva re\u0161itev za vodovodne in ogrevalne sisteme<\/li>\n<\/ul>\n<p>V na\u0161i trgovini ga uporabljamo v Kompletu za napajalnikom za IBC cisterno<\/p>","protected":false},"featured_media":19579,"template":"","meta":[],"product_brand":[],"product_cat":[184],"product_tag":[514],"class_list":{"0":"post-19576","1":"product","2":"type-product","3":"status-publish","4":"has-post-thumbnail","6":"product_cat-pipe-ventili-in-medeninasti-prikljucki","7":"product_tag-cev","9":"first","10":"instock","11":"shipping-taxable","12":"purchasable","13":"product-type-simple"},"yoast_head":"<!-- This site is optimized with the Yoast SEO plugin v27.1.1 - https:\/\/yoast.com\/product\/yoast-seo-wordpress\/ -->\n<title>Fleksibilna kovinska cev 3\/4&quot; F (750 mm) | IBCparts.eu<\/title>\n<meta name=\"description\" content=\"Fleksibilna inox kovinska cev 3\/4&quot; x 3\/4&quot;, dol\u017eina 750 mm, EPDM notranjost. Zanesljiva povezava za vodovodne in ogrevalne sisteme.\" \/>\n<meta name=\"robots\" content=\"index, follow, max-snippet:-1, max-image-preview:large, max-video-preview:-1\" \/>\n<link rel=\"canonical\" href=\"https:\/\/ibcparts.eu\/en\/product\/flexible-stainless-steel-hose\/\" \/>\n<meta property=\"og:locale\" content=\"en_US\" \/>\n<meta property=\"og:type\" content=\"article\" \/>\n<meta property=\"og:title\" content=\"Fleksibilna kovinska cev 3\/4&quot; F (750 mm) | IBCparts.eu\" \/>\n<meta property=\"og:description\" content=\"Fleksibilna inox kovinska cev 3\/4&quot; x 3\/4&quot;, dol\u017eina 750 mm, EPDM notranjost. Zanesljiva povezava za vodovodne in ogrevalne sisteme.\" \/>\n<meta property=\"og:url\" content=\"https:\/\/ibcparts.eu\/en\/product\/flexible-stainless-steel-hose\/\" \/>\n<meta property=\"og:site_name\" content=\"IBCparts.eu\" \/>\n<meta property=\"article:modified_time\" content=\"2025-12-30T20:24:24+00:00\" \/>\n<meta property=\"og:image\" content=\"https:\/\/ibcparts.eu\/wp-content\/uploads\/2025\/12\/Fleksibilna-kovinska-cev-inox.png\" \/>\n\t<meta property=\"og:image:width\" content=\"500\" \/>\n\t<meta property=\"og:image:height\" content=\"500\" \/>\n\t<meta property=\"og:image:type\" content=\"image\/png\" \/>\n<meta name=\"twitter:card\" content=\"summary_large_image\" \/>\n<meta name=\"twitter:label1\" content=\"Est. reading time\" \/>\n\t<meta name=\"twitter:data1\" content=\"1 minute\" \/>\n<script type=\"application\/ld+json\" class=\"yoast-schema-graph\">{\"@context\":\"https:\/\/schema.org\",\"@graph\":[{\"@type\":\"WebPage\",\"@id\":\"https:\/\/ibcparts.eu\/izdelek\/fleksibilna-inox-cev\/\",\"url\":\"https:\/\/ibcparts.eu\/izdelek\/fleksibilna-inox-cev\/\",\"name\":\"Fleksibilna kovinska cev 3\/4\\\" F (750 mm) | IBCparts.eu\",\"isPartOf\":{\"@id\":\"https:\/\/ibcparts.eu\/#website\"},\"primaryImageOfPage\":{\"@id\":\"https:\/\/ibcparts.eu\/izdelek\/fleksibilna-inox-cev\/#primaryimage\"},\"image\":{\"@id\":\"https:\/\/ibcparts.eu\/izdelek\/fleksibilna-inox-cev\/#primaryimage\"},\"thumbnailUrl\":\"https:\/\/ibcparts.eu\/wp-content\/uploads\/2025\/12\/Fleksibilna-kovinska-cev-inox.png\",\"datePublished\":\"2025-12-30T17:15:59+00:00\",\"dateModified\":\"2025-12-30T20:24:24+00:00\",\"description\":\"Fleksibilna inox kovinska cev 3\/4\\\" x 3\/4\\\", dol\u017eina 750 mm, EPDM notranjost. Zanesljiva povezava za vodovodne in ogrevalne sisteme.\",\"breadcrumb\":{\"@id\":\"https:\/\/ibcparts.eu\/izdelek\/fleksibilna-inox-cev\/#breadcrumb\"},\"inLanguage\":\"en-US\",\"potentialAction\":[{\"@type\":\"ReadAction\",\"target\":[\"https:\/\/ibcparts.eu\/izdelek\/fleksibilna-inox-cev\/\"]}]},{\"@type\":\"ImageObject\",\"inLanguage\":\"en-US\",\"@id\":\"https:\/\/ibcparts.eu\/izdelek\/fleksibilna-inox-cev\/#primaryimage\",\"url\":\"https:\/\/ibcparts.eu\/wp-content\/uploads\/2025\/12\/Fleksibilna-kovinska-cev-inox.png\",\"contentUrl\":\"https:\/\/ibcparts.eu\/wp-content\/uploads\/2025\/12\/Fleksibilna-kovinska-cev-inox.png\",\"width\":500,\"height\":500,\"caption\":\"Fleksibilna kovinska cev inox\"},{\"@type\":\"BreadcrumbList\",\"@id\":\"https:\/\/ibcparts.eu\/izdelek\/fleksibilna-inox-cev\/#breadcrumb\",\"itemListElement\":[{\"@type\":\"ListItem\",\"position\":1,\"name\":\"Home\",\"item\":\"https:\/\/ibcparts.eu\/\"},{\"@type\":\"ListItem\",\"position\":2,\"name\":\"Nakupujte\",\"item\":\"https:\/\/ibcparts.eu\/nakupujte\/\"},{\"@type\":\"ListItem\",\"position\":3,\"name\":\"Fleksibilna kovinska cev 3\/4&#8243; F (750 mm)\"}]},{\"@type\":\"WebSite\",\"@id\":\"https:\/\/ibcparts.eu\/#website\",\"url\":\"https:\/\/ibcparts.eu\/\",\"name\":\"IBCparts.eu\",\"description\":\"\",\"publisher\":{\"@id\":\"https:\/\/ibcparts.eu\/#organization\"},\"potentialAction\":[{\"@type\":\"SearchAction\",\"target\":{\"@type\":\"EntryPoint\",\"urlTemplate\":\"https:\/\/ibcparts.eu\/?s={search_term_string}\"},\"query-input\":{\"@type\":\"PropertyValueSpecification\",\"valueRequired\":true,\"valueName\":\"search_term_string\"}}],\"inLanguage\":\"en-US\"},{\"@type\":\"Organization\",\"@id\":\"https:\/\/ibcparts.eu\/#organization\",\"name\":\"IBCparts\",\"url\":\"https:\/\/ibcparts.eu\/\",\"logo\":{\"@type\":\"ImageObject\",\"inLanguage\":\"en-US\",\"@id\":\"https:\/\/ibcparts.eu\/#\/schema\/logo\/image\/\",\"url\":\"https:\/\/ibcparts.eu\/wp-content\/uploads\/2021\/10\/Footer-Logo.png\",\"contentUrl\":\"https:\/\/ibcparts.eu\/wp-content\/uploads\/2021\/10\/Footer-Logo.png\",\"width\":1992,\"height\":772,\"caption\":\"IBCparts\"},\"image\":{\"@id\":\"https:\/\/ibcparts.eu\/#\/schema\/logo\/image\/\"}}]}<\/script>\n<!-- \/ Yoast SEO plugin. -->","yoast_head_json":{"title":"Fleksibilna kovinska cev 3\/4\" F (750 mm) | IBCparts.eu","description":"Fleksibilna inox kovinska cev 3\/4\" x 3\/4\", dol\u017eina 750 mm, EPDM notranjost. Zanesljiva povezava za vodovodne in ogrevalne sisteme.","robots":{"index":"index","follow":"follow","max-snippet":"max-snippet:-1","max-image-preview":"max-image-preview:large","max-video-preview":"max-video-preview:-1"},"canonical":"https:\/\/ibcparts.eu\/en\/product\/flexible-stainless-steel-hose\/","og_locale":"en_US","og_type":"article","og_title":"Fleksibilna kovinska cev 3\/4\" F (750 mm) | IBCparts.eu","og_description":"Fleksibilna inox kovinska cev 3\/4\" x 3\/4\", dol\u017eina 750 mm, EPDM notranjost. Zanesljiva povezava za vodovodne in ogrevalne sisteme.","og_url":"https:\/\/ibcparts.eu\/en\/product\/flexible-stainless-steel-hose\/","og_site_name":"IBCparts.eu","article_modified_time":"2025-12-30T20:24:24+00:00","og_image":[{"width":500,"height":500,"url":"https:\/\/ibcparts.eu\/wp-content\/uploads\/2025\/12\/Fleksibilna-kovinska-cev-inox.png","type":"image\/png"}],"twitter_card":"summary_large_image","twitter_misc":{"Est. reading time":"1 minute"},"schema":{"@context":"https:\/\/schema.org","@graph":[{"@type":"WebPage","@id":"https:\/\/ibcparts.eu\/izdelek\/fleksibilna-inox-cev\/","url":"https:\/\/ibcparts.eu\/izdelek\/fleksibilna-inox-cev\/","name":"Fleksibilna kovinska cev 3\/4\" F (750 mm) | IBCparts.eu","isPartOf":{"@id":"https:\/\/ibcparts.eu\/#website"},"primaryImageOfPage":{"@id":"https:\/\/ibcparts.eu\/izdelek\/fleksibilna-inox-cev\/#primaryimage"},"image":{"@id":"https:\/\/ibcparts.eu\/izdelek\/fleksibilna-inox-cev\/#primaryimage"},"thumbnailUrl":"https:\/\/ibcparts.eu\/wp-content\/uploads\/2025\/12\/Fleksibilna-kovinska-cev-inox.png","datePublished":"2025-12-30T17:15:59+00:00","dateModified":"2025-12-30T20:24:24+00:00","description":"Fleksibilna inox kovinska cev 3\/4\" x 3\/4\", dol\u017eina 750 mm, EPDM notranjost. Zanesljiva povezava za vodovodne in ogrevalne sisteme.","breadcrumb":{"@id":"https:\/\/ibcparts.eu\/izdelek\/fleksibilna-inox-cev\/#breadcrumb"},"inLanguage":"en-US","potentialAction":[{"@type":"ReadAction","target":["https:\/\/ibcparts.eu\/izdelek\/fleksibilna-inox-cev\/"]}]},{"@type":"ImageObject","inLanguage":"en-US","@id":"https:\/\/ibcparts.eu\/izdelek\/fleksibilna-inox-cev\/#primaryimage","url":"https:\/\/ibcparts.eu\/wp-content\/uploads\/2025\/12\/Fleksibilna-kovinska-cev-inox.png","contentUrl":"https:\/\/ibcparts.eu\/wp-content\/uploads\/2025\/12\/Fleksibilna-kovinska-cev-inox.png","width":500,"height":500,"caption":"Fleksibilna kovinska cev inox"},{"@type":"BreadcrumbList","@id":"https:\/\/ibcparts.eu\/izdelek\/fleksibilna-inox-cev\/#breadcrumb","itemListElement":[{"@type":"ListItem","position":1,"name":"Home","item":"https:\/\/ibcparts.eu\/"},{"@type":"ListItem","position":2,"name":"Nakupujte","item":"https:\/\/ibcparts.eu\/nakupujte\/"},{"@type":"ListItem","position":3,"name":"Fleksibilna kovinska cev 3\/4&#8243; F (750 mm)"}]},{"@type":"WebSite","@id":"https:\/\/ibcparts.eu\/#website","url":"https:\/\/ibcparts.eu\/","name":"IBCparts.eu","description":"","publisher":{"@id":"https:\/\/ibcparts.eu\/#organization"},"potentialAction":[{"@type":"SearchAction","target":{"@type":"EntryPoint","urlTemplate":"https:\/\/ibcparts.eu\/?s={search_term_string}"},"query-input":{"@type":"PropertyValueSpecification","valueRequired":true,"valueName":"search_term_string"}}],"inLanguage":"en-US"},{"@type":"Organization","@id":"https:\/\/ibcparts.eu\/#organization","name":"IBCparts","url":"https:\/\/ibcparts.eu\/","logo":{"@type":"ImageObject","inLanguage":"en-US","@id":"https:\/\/ibcparts.eu\/#\/schema\/logo\/image\/","url":"https:\/\/ibcparts.eu\/wp-content\/uploads\/2021\/10\/Footer-Logo.png","contentUrl":"https:\/\/ibcparts.eu\/wp-content\/uploads\/2021\/10\/Footer-Logo.png","width":1992,"height":772,"caption":"IBCparts"},"image":{"@id":"https:\/\/ibcparts.eu\/#\/schema\/logo\/image\/"}}]}},"_links":{"self":[{"href":"https:\/\/ibcparts.eu\/en\/wp-json\/wp\/v2\/product\/19576","targetHints":{"allow":["GET"]}}],"collection":[{"href":"https:\/\/ibcparts.eu\/en\/wp-json\/wp\/v2\/product"}],"about":[{"href":"https:\/\/ibcparts.eu\/en\/wp-json\/wp\/v2\/types\/product"}],"version-history":[{"count":3,"href":"https:\/\/ibcparts.eu\/en\/wp-json\/wp\/v2\/product\/19576\/revisions"}],"predecessor-version":[{"id":19608,"href":"https:\/\/ibcparts.eu\/en\/wp-json\/wp\/v2\/product\/19576\/revisions\/19608"}],"wp:featuredmedia":[{"embeddable":true,"href":"https:\/\/ibcparts.eu\/en\/wp-json\/wp\/v2\/media\/19579"}],"wp:attachment":[{"href":"https:\/\/ibcparts.eu\/en\/wp-json\/wp\/v2\/media?parent=19576"}],"wp:term":[{"taxonomy":"product_brand","embeddable":true,"href":"https:\/\/ibcparts.eu\/en\/wp-json\/wp\/v2\/product_brand?post=19576"},{"taxonomy":"product_cat","embeddable":true,"href":"https:\/\/ibcparts.eu\/en\/wp-json\/wp\/v2\/product_cat?post=19576"},{"taxonomy":"product_tag","embeddable":true,"href":"https:\/\/ibcparts.eu\/en\/wp-json\/wp\/v2\/product_tag?post=19576"}],"curies":[{"name":"wp","href":"https:\/\/api.w.org\/{rel}","templated":true}]}}