{"id":19179,"date":"2025-12-18T10:50:22","date_gmt":"2025-12-18T09:50:22","guid":{"rendered":"https:\/\/ibcparts.eu\/?post_type=product&#038;p=19179"},"modified":"2026-02-11T13:11:46","modified_gmt":"2026-02-11T12:11:46","slug":"rocna-sifonska-crpalka","status":"publish","type":"product","link":"https:\/\/ibcparts.eu\/en\/product\/rocna-sifonska-crpalka\/","title":{"rendered":"Manual siphon pump"},"content":{"rendered":"<h2 data-start=\"281\" data-end=\"321\"><b><span dir=\"auto\">Manual siphon pump for water and slightly aggressive, diluted acids and mild alkalis.<\/span><\/b><\/h2>\n<p data-start=\"323\" data-end=\"589\">Ro\u010dna \u010drpalka v belo-rde\u010di barvi je namenjena \u010drpanju teko\u010dine iz plastenk, sodov in IBC cistern. Zaradi premi\u0161ljene izbire materialov zagotavlja zanesljivo delovanje in dolgo \u017eivljenjsko dobo pri ustrezni uporabi.<\/p>\n<h3 data-start=\"591\" data-end=\"612\">Key advantages<\/h3>\n<ul>\n<li data-start=\"615\" data-end=\"655\" class=\" translation-block\"><span dir=\"auto\">After manually priming the suction and discharge hose <\/span><b><span dir=\"auto\">the pump automatically continues pumping<\/span><\/b><span dir=\"auto\">.<\/span><\/li>\n<li data-start=\"615\" data-end=\"655\">Suitable for a wide range of liquids<\/li>\n<li data-start=\"658\" data-end=\"698\" class=\" translation-block\">Robust construction made of <strong data-start=\"683\" data-end=\"698\">PE and PVC plastic<\/strong><\/li>\n<li data-start=\"773\" data-end=\"821\">Adjustable suction tube for flexible use<\/li>\n<li data-start=\"824\" data-end=\"851\">Simple manual operation\n<div class=\"styled-list-container _2HREgKslueaARI-U21snnr\" data-test-id=\"product-description\">\n<div class=\"_1MkxNefptZewb61IApId0y\" data-test-id=\"html-to-react-id\"><\/div>\n<\/div>\n<\/li>\n<\/ul>\n<h3 data-start=\"853\" data-end=\"875\">Technical specifications<\/h3>\n<ul>\n<li data-start=\"878\" data-end=\"917\"><strong data-start=\"878\" data-end=\"899\">Pump material:<\/strong> PVC<\/li>\n<li data-start=\"953\" data-end=\"989\" class=\" translation-block\"><strong data-start=\"953\" data-end=\"973\">Flow rate:<\/strong> 0.08 l\/stroke or 18.5 l\/min when operating as a siphon pump<\/li>\n<li data-start=\"992\" data-end=\"1005\"><strong data-start=\"992\" data-end=\"1002\">Thread:<\/strong> 2&#8243; in 6\/4&#8243;<\/li>\n<li><strong data-start=\"232\" data-end=\"252\">Outlet hose length 130 cm<\/strong><\/li>\n<li data-start=\"1037\" data-end=\"1098\"><strong data-start=\"1037\" data-end=\"1053\">Immersion tube:<\/strong>\u00a0850 mm<\/li>\n<li data-start=\"1101\" data-end=\"1138\" class=\" translation-block\"><strong data-start=\"1101\" data-end=\"1125\">Immersion tube diameter:<\/strong> maximum diameter 25 mm<\/li>\n<\/ul>\n<h3 data-start=\"2201\" data-end=\"2223\">Safety instructions<\/h3>\n<ul>\n<li data-start=\"2226\" data-end=\"2292\" class=\" translation-block\">The pump is <strong data-start=\"2234\" data-end=\"2249\">not suitable<\/strong> for media of hazard classes <strong data-start=\"2280\" data-end=\"2292\">AI \/ AII<\/strong><\/li>\n<li data-start=\"2295\" data-end=\"2347\" class=\" translation-block\">Use is not permitted for <strong data-start=\"2319\" data-end=\"2347\">highly flammable liquids<\/strong><\/li>\n<li data-start=\"2350\" data-end=\"2407\" class=\" translation-block\">Use in <strong data-start=\"2360\" data-end=\"2407\">explosive hazard areas is not permitted<\/strong><\/li>\n<li data-start=\"2410\" data-end=\"2490\">When pumping hazardous liquids, all prescribed safety measures must be observed<\/li>\n<li data-start=\"2493\" data-end=\"2541\">Prepre\u010diti je treba zdrs zaradi razlitih teko\u010din<\/li>\n<li data-start=\"2544\" data-end=\"2606\" class=\" translation-block\">Before use, check the possibility of <strong data-start=\"2586\" data-end=\"2606\">toxic vapors<\/strong> forming<\/li>\n<\/ul>","protected":false},"excerpt":{"rendered":"<h2 data-start=\"281\" data-end=\"321\"><b><span dir=\"auto\">Manual siphon pump for water and slightly aggressive, diluted acids and mild alkalis.<\/span><\/b><\/h2>\n<ul>\n<li data-start=\"878\" data-end=\"917\"><strong data-start=\"878\" data-end=\"899\">Pump material:<\/strong> PVC<\/li>\n<li data-start=\"953\" data-end=\"989\" class=\" translation-block\"><strong data-start=\"953\" data-end=\"973\">Flow rate:<\/strong> 0.08 l\/stroke or 18.5 l\/min when operating as a siphon pump<\/li>\n<li data-start=\"992\" data-end=\"1005\" class=\" translation-block\"><strong data-start=\"992\" data-end=\"1002\">Thread:<\/strong> 2\u2033 male thread (BSP)<\/li>\n<li><strong data-start=\"232\" data-end=\"252\">Outlet hose length 130 cm<\/strong><\/li>\n<li data-start=\"1037\" data-end=\"1098\"><strong data-start=\"1037\" data-end=\"1053\">Suction tube:<\/strong>\u00a0850 mm<\/li>\n<li data-start=\"1101\" data-end=\"1138\" class=\" translation-block\"><strong data-start=\"1101\" data-end=\"1125\">Suction tube diameter:<\/strong> maximum diameter 25 mm<\/li>\n<li class=\" translation-block\"><strong>Operates without electricity<\/strong> or compressed air<\/li>\n<li><span dir=\"auto\"><span dir=\"auto\">Easy and safe dosing<\/span><\/span><\/li>\n<li><strong>Weight<\/strong>: 0.41 kg<\/li>\n<li>Color: white-red<\/li>\n<\/ul>\n<p>Before use, check the chemical resistance of the medium. Not suitable for flammable liquids, classes AI\/AII, or for use in explosive areas.<\/p>\n<p><em>The listed price is net (excluding VAT). The exact shipping cost will be calculated when preparing the proforma invoice.<\/em><\/p>","protected":false},"featured_media":19181,"template":"","meta":[],"product_brand":[],"product_cat":[485],"product_tag":[496],"class_list":{"0":"post-19179","1":"product","2":"type-product","3":"status-publish","4":"has-post-thumbnail","6":"product_cat-rocne-crpalke","7":"product_tag-rocna-sifonska-crpalka","9":"first","10":"instock","11":"sale","12":"shipping-taxable","13":"purchasable","14":"product-type-simple"},"yoast_head":"<!-- This site is optimized with the Yoast SEO plugin v27.1.1 - https:\/\/yoast.com\/product\/yoast-seo-wordpress\/ -->\n<title>Ro\u010dna sifonska \u010drpalka | IBCparts.eu<\/title>\n<meta name=\"description\" content=\"Ro\u010dna sifonska \u010drpalka za vodo in rahlo agresivne, razred\u010dene kisline ter blage alkalije. Deluje brez elektrike ali stisnjenega zraka.\" \/>\n<meta name=\"robots\" content=\"index, follow, max-snippet:-1, max-image-preview:large, max-video-preview:-1\" \/>\n<link rel=\"canonical\" href=\"https:\/\/ibcparts.eu\/en\/product\/rocna-sifonska-crpalka\/\" \/>\n<meta property=\"og:locale\" content=\"en_US\" \/>\n<meta property=\"og:type\" content=\"article\" \/>\n<meta property=\"og:title\" content=\"Ro\u010dna sifonska \u010drpalka | IBCparts.eu\" \/>\n<meta property=\"og:description\" content=\"Ro\u010dna sifonska \u010drpalka za vodo in rahlo agresivne, razred\u010dene kisline ter blage alkalije. Deluje brez elektrike ali stisnjenega zraka.\" \/>\n<meta property=\"og:url\" content=\"https:\/\/ibcparts.eu\/en\/product\/rocna-sifonska-crpalka\/\" \/>\n<meta property=\"og:site_name\" content=\"IBCparts.eu\" \/>\n<meta property=\"article:modified_time\" content=\"2026-02-11T12:11:46+00:00\" \/>\n<meta property=\"og:image\" content=\"https:\/\/ibcparts.eu\/wp-content\/uploads\/2025\/12\/Rocna-sifonska-crpalka-za-vodo-in-rahlo-agresivne-razredcene-kisline-ter-blage-alkalije.webp\" \/>\n\t<meta property=\"og:image:width\" content=\"1024\" \/>\n\t<meta property=\"og:image:height\" content=\"1024\" \/>\n\t<meta property=\"og:image:type\" content=\"image\/webp\" \/>\n<meta name=\"twitter:card\" content=\"summary_large_image\" \/>\n<meta name=\"twitter:label1\" content=\"Est. reading time\" \/>\n\t<meta name=\"twitter:data1\" content=\"1 minute\" \/>\n<script type=\"application\/ld+json\" class=\"yoast-schema-graph\">{\"@context\":\"https:\/\/schema.org\",\"@graph\":[{\"@type\":\"WebPage\",\"@id\":\"https:\/\/ibcparts.eu\/izdelek\/rocna-sifonska-crpalka\/\",\"url\":\"https:\/\/ibcparts.eu\/izdelek\/rocna-sifonska-crpalka\/\",\"name\":\"Ro\u010dna sifonska \u010drpalka | IBCparts.eu\",\"isPartOf\":{\"@id\":\"https:\/\/ibcparts.eu\/#website\"},\"primaryImageOfPage\":{\"@id\":\"https:\/\/ibcparts.eu\/izdelek\/rocna-sifonska-crpalka\/#primaryimage\"},\"image\":{\"@id\":\"https:\/\/ibcparts.eu\/izdelek\/rocna-sifonska-crpalka\/#primaryimage\"},\"thumbnailUrl\":\"https:\/\/ibcparts.eu\/wp-content\/uploads\/2025\/12\/Rocna-sifonska-crpalka-za-vodo-in-rahlo-agresivne-razredcene-kisline-ter-blage-alkalije.webp\",\"datePublished\":\"2025-12-18T09:50:22+00:00\",\"dateModified\":\"2026-02-11T12:11:46+00:00\",\"description\":\"Ro\u010dna sifonska \u010drpalka za vodo in rahlo agresivne, razred\u010dene kisline ter blage alkalije. Deluje brez elektrike ali stisnjenega zraka.\",\"breadcrumb\":{\"@id\":\"https:\/\/ibcparts.eu\/izdelek\/rocna-sifonska-crpalka\/#breadcrumb\"},\"inLanguage\":\"en-US\",\"potentialAction\":[{\"@type\":\"ReadAction\",\"target\":[\"https:\/\/ibcparts.eu\/izdelek\/rocna-sifonska-crpalka\/\"]}]},{\"@type\":\"ImageObject\",\"inLanguage\":\"en-US\",\"@id\":\"https:\/\/ibcparts.eu\/izdelek\/rocna-sifonska-crpalka\/#primaryimage\",\"url\":\"https:\/\/ibcparts.eu\/wp-content\/uploads\/2025\/12\/Rocna-sifonska-crpalka-za-vodo-in-rahlo-agresivne-razredcene-kisline-ter-blage-alkalije.webp\",\"contentUrl\":\"https:\/\/ibcparts.eu\/wp-content\/uploads\/2025\/12\/Rocna-sifonska-crpalka-za-vodo-in-rahlo-agresivne-razredcene-kisline-ter-blage-alkalije.webp\",\"width\":1024,\"height\":1024,\"caption\":\"Ro\u010dna sifonska \u010drpalka za vodo in rahlo agresivne, razred\u010dene kisline ter blage alkalije.\"},{\"@type\":\"BreadcrumbList\",\"@id\":\"https:\/\/ibcparts.eu\/izdelek\/rocna-sifonska-crpalka\/#breadcrumb\",\"itemListElement\":[{\"@type\":\"ListItem\",\"position\":1,\"name\":\"Home\",\"item\":\"https:\/\/ibcparts.eu\/\"},{\"@type\":\"ListItem\",\"position\":2,\"name\":\"Nakupujte\",\"item\":\"https:\/\/ibcparts.eu\/nakupujte\/\"},{\"@type\":\"ListItem\",\"position\":3,\"name\":\"Ro\u010dna sifonska \u010drpalka\"}]},{\"@type\":\"WebSite\",\"@id\":\"https:\/\/ibcparts.eu\/#website\",\"url\":\"https:\/\/ibcparts.eu\/\",\"name\":\"IBCparts.eu\",\"description\":\"\",\"publisher\":{\"@id\":\"https:\/\/ibcparts.eu\/#organization\"},\"potentialAction\":[{\"@type\":\"SearchAction\",\"target\":{\"@type\":\"EntryPoint\",\"urlTemplate\":\"https:\/\/ibcparts.eu\/?s={search_term_string}\"},\"query-input\":{\"@type\":\"PropertyValueSpecification\",\"valueRequired\":true,\"valueName\":\"search_term_string\"}}],\"inLanguage\":\"en-US\"},{\"@type\":\"Organization\",\"@id\":\"https:\/\/ibcparts.eu\/#organization\",\"name\":\"IBCparts\",\"url\":\"https:\/\/ibcparts.eu\/\",\"logo\":{\"@type\":\"ImageObject\",\"inLanguage\":\"en-US\",\"@id\":\"https:\/\/ibcparts.eu\/#\/schema\/logo\/image\/\",\"url\":\"https:\/\/ibcparts.eu\/wp-content\/uploads\/2021\/10\/Footer-Logo.png\",\"contentUrl\":\"https:\/\/ibcparts.eu\/wp-content\/uploads\/2021\/10\/Footer-Logo.png\",\"width\":1992,\"height\":772,\"caption\":\"IBCparts\"},\"image\":{\"@id\":\"https:\/\/ibcparts.eu\/#\/schema\/logo\/image\/\"}}]}<\/script>\n<!-- \/ Yoast SEO plugin. -->","yoast_head_json":{"title":"Ro\u010dna sifonska \u010drpalka | IBCparts.eu","description":"Ro\u010dna sifonska \u010drpalka za vodo in rahlo agresivne, razred\u010dene kisline ter blage alkalije. Deluje brez elektrike ali stisnjenega zraka.","robots":{"index":"index","follow":"follow","max-snippet":"max-snippet:-1","max-image-preview":"max-image-preview:large","max-video-preview":"max-video-preview:-1"},"canonical":"https:\/\/ibcparts.eu\/en\/product\/rocna-sifonska-crpalka\/","og_locale":"en_US","og_type":"article","og_title":"Ro\u010dna sifonska \u010drpalka | IBCparts.eu","og_description":"Ro\u010dna sifonska \u010drpalka za vodo in rahlo agresivne, razred\u010dene kisline ter blage alkalije. Deluje brez elektrike ali stisnjenega zraka.","og_url":"https:\/\/ibcparts.eu\/en\/product\/rocna-sifonska-crpalka\/","og_site_name":"IBCparts.eu","article_modified_time":"2026-02-11T12:11:46+00:00","og_image":[{"width":1024,"height":1024,"url":"https:\/\/ibcparts.eu\/wp-content\/uploads\/2025\/12\/Rocna-sifonska-crpalka-za-vodo-in-rahlo-agresivne-razredcene-kisline-ter-blage-alkalije.webp","type":"image\/webp"}],"twitter_card":"summary_large_image","twitter_misc":{"Est. reading time":"1 minute"},"schema":{"@context":"https:\/\/schema.org","@graph":[{"@type":"WebPage","@id":"https:\/\/ibcparts.eu\/izdelek\/rocna-sifonska-crpalka\/","url":"https:\/\/ibcparts.eu\/izdelek\/rocna-sifonska-crpalka\/","name":"Ro\u010dna sifonska \u010drpalka | IBCparts.eu","isPartOf":{"@id":"https:\/\/ibcparts.eu\/#website"},"primaryImageOfPage":{"@id":"https:\/\/ibcparts.eu\/izdelek\/rocna-sifonska-crpalka\/#primaryimage"},"image":{"@id":"https:\/\/ibcparts.eu\/izdelek\/rocna-sifonska-crpalka\/#primaryimage"},"thumbnailUrl":"https:\/\/ibcparts.eu\/wp-content\/uploads\/2025\/12\/Rocna-sifonska-crpalka-za-vodo-in-rahlo-agresivne-razredcene-kisline-ter-blage-alkalije.webp","datePublished":"2025-12-18T09:50:22+00:00","dateModified":"2026-02-11T12:11:46+00:00","description":"Ro\u010dna sifonska \u010drpalka za vodo in rahlo agresivne, razred\u010dene kisline ter blage alkalije. Deluje brez elektrike ali stisnjenega zraka.","breadcrumb":{"@id":"https:\/\/ibcparts.eu\/izdelek\/rocna-sifonska-crpalka\/#breadcrumb"},"inLanguage":"en-US","potentialAction":[{"@type":"ReadAction","target":["https:\/\/ibcparts.eu\/izdelek\/rocna-sifonska-crpalka\/"]}]},{"@type":"ImageObject","inLanguage":"en-US","@id":"https:\/\/ibcparts.eu\/izdelek\/rocna-sifonska-crpalka\/#primaryimage","url":"https:\/\/ibcparts.eu\/wp-content\/uploads\/2025\/12\/Rocna-sifonska-crpalka-za-vodo-in-rahlo-agresivne-razredcene-kisline-ter-blage-alkalije.webp","contentUrl":"https:\/\/ibcparts.eu\/wp-content\/uploads\/2025\/12\/Rocna-sifonska-crpalka-za-vodo-in-rahlo-agresivne-razredcene-kisline-ter-blage-alkalije.webp","width":1024,"height":1024,"caption":"Ro\u010dna sifonska \u010drpalka za vodo in rahlo agresivne, razred\u010dene kisline ter blage alkalije."},{"@type":"BreadcrumbList","@id":"https:\/\/ibcparts.eu\/izdelek\/rocna-sifonska-crpalka\/#breadcrumb","itemListElement":[{"@type":"ListItem","position":1,"name":"Home","item":"https:\/\/ibcparts.eu\/"},{"@type":"ListItem","position":2,"name":"Nakupujte","item":"https:\/\/ibcparts.eu\/nakupujte\/"},{"@type":"ListItem","position":3,"name":"Ro\u010dna sifonska \u010drpalka"}]},{"@type":"WebSite","@id":"https:\/\/ibcparts.eu\/#website","url":"https:\/\/ibcparts.eu\/","name":"IBCparts.eu","description":"","publisher":{"@id":"https:\/\/ibcparts.eu\/#organization"},"potentialAction":[{"@type":"SearchAction","target":{"@type":"EntryPoint","urlTemplate":"https:\/\/ibcparts.eu\/?s={search_term_string}"},"query-input":{"@type":"PropertyValueSpecification","valueRequired":true,"valueName":"search_term_string"}}],"inLanguage":"en-US"},{"@type":"Organization","@id":"https:\/\/ibcparts.eu\/#organization","name":"IBCparts","url":"https:\/\/ibcparts.eu\/","logo":{"@type":"ImageObject","inLanguage":"en-US","@id":"https:\/\/ibcparts.eu\/#\/schema\/logo\/image\/","url":"https:\/\/ibcparts.eu\/wp-content\/uploads\/2021\/10\/Footer-Logo.png","contentUrl":"https:\/\/ibcparts.eu\/wp-content\/uploads\/2021\/10\/Footer-Logo.png","width":1992,"height":772,"caption":"IBCparts"},"image":{"@id":"https:\/\/ibcparts.eu\/#\/schema\/logo\/image\/"}}]}},"_links":{"self":[{"href":"https:\/\/ibcparts.eu\/en\/wp-json\/wp\/v2\/product\/19179","targetHints":{"allow":["GET"]}}],"collection":[{"href":"https:\/\/ibcparts.eu\/en\/wp-json\/wp\/v2\/product"}],"about":[{"href":"https:\/\/ibcparts.eu\/en\/wp-json\/wp\/v2\/types\/product"}],"version-history":[{"count":1,"href":"https:\/\/ibcparts.eu\/en\/wp-json\/wp\/v2\/product\/19179\/revisions"}],"predecessor-version":[{"id":20583,"href":"https:\/\/ibcparts.eu\/en\/wp-json\/wp\/v2\/product\/19179\/revisions\/20583"}],"wp:featuredmedia":[{"embeddable":true,"href":"https:\/\/ibcparts.eu\/en\/wp-json\/wp\/v2\/media\/19181"}],"wp:attachment":[{"href":"https:\/\/ibcparts.eu\/en\/wp-json\/wp\/v2\/media?parent=19179"}],"wp:term":[{"taxonomy":"product_brand","embeddable":true,"href":"https:\/\/ibcparts.eu\/en\/wp-json\/wp\/v2\/product_brand?post=19179"},{"taxonomy":"product_cat","embeddable":true,"href":"https:\/\/ibcparts.eu\/en\/wp-json\/wp\/v2\/product_cat?post=19179"},{"taxonomy":"product_tag","embeddable":true,"href":"https:\/\/ibcparts.eu\/en\/wp-json\/wp\/v2\/product_tag?post=19179"}],"curies":[{"name":"wp","href":"https:\/\/api.w.org\/{rel}","templated":true}]}}