{"id":19158,"date":"2025-12-18T08:01:05","date_gmt":"2025-12-18T07:01:05","guid":{"rendered":"https:\/\/ibcparts.eu\/?post_type=product&#038;p=19158"},"modified":"2026-02-11T13:17:07","modified_gmt":"2026-02-11T12:17:07","slug":"rocna-crpalka-za-alkalne-tekocine","status":"publish","type":"product","link":"https:\/\/ibcparts.eu\/en\/product\/rocna-crpalka-za-alkalne-tekocine\/","title":{"rendered":"Manual pump for alkaline liquids (alkalis) \u2013 red"},"content":{"rendered":"<h2 data-start=\"281\" data-end=\"321\">Manual pump for alkaline liquids (alkalis)<\/h2>\n<p data-start=\"323\" data-end=\"589\" class=\" translation-block\">The manual pump in red is designed for pumping <strong data-start=\"384\" data-end=\"422\">basic (alkaline) liquids or lyes<\/strong> from bottles, drums and IBC tanks. Thanks to the carefully selected materials, it ensures reliable operation and a long service life when used properly.<\/p>\n<h3 data-start=\"591\" data-end=\"612\">Key advantages<\/h3>\n<ul>\n<li data-start=\"615\" data-end=\"655\">Suitable for a wide range of liquids<\/li>\n<li data-start=\"658\" data-end=\"698\" class=\" translation-block\">Robust construction made of <strong data-start=\"683\" data-end=\"698\">PP plastic<\/strong><\/li>\n<li data-start=\"701\" data-end=\"770\">Seals made of <strong data-start=\"712\" data-end=\"743\">EPDM\u00a0<\/strong><\/li>\n<li data-start=\"773\" data-end=\"821\">Adjustable suction tube for flexible use<\/li>\n<li data-start=\"824\" data-end=\"851\">Simple manual operation<\/li>\n<\/ul>\n<h3 data-start=\"853\" data-end=\"875\">Technical specifications<\/h3>\n<ul>\n<li data-start=\"878\" data-end=\"917\" class=\" translation-block\"><strong data-start=\"878\" data-end=\"899\">Pump material:<\/strong> PP (polypropylene)<\/li>\n<li data-start=\"920\" data-end=\"950\"><strong data-start=\"920\" data-end=\"932\">Seal:<\/strong> EPDM<\/li>\n<li data-start=\"953\" data-end=\"989\"><strong data-start=\"953\" data-end=\"973\">Maximum flow rate:<\/strong> do 0,3 l na hod<\/li>\n<li data-start=\"992\" data-end=\"1005\"><strong data-start=\"992\" data-end=\"1002\">Thread:<\/strong> 2&#8243;<\/li>\n<li data-start=\"1008\" data-end=\"1034\"><strong data-start=\"1008\" data-end=\"1028\">Pipe connection:<\/strong> 3\/4&#8243;<\/li>\n<li data-start=\"1037\" data-end=\"1098\"><strong data-start=\"1037\" data-end=\"1053\">Immersion tube:<\/strong> nastavljiva od 500 do 900 mm<\/li>\n<li data-start=\"1101\" data-end=\"1138\"><strong data-start=\"1101\" data-end=\"1125\">Premer potopne cevi:<\/strong> najve\u010d 34 mm<\/li>\n<li data-start=\"1141\" data-end=\"1153\"><strong data-start=\"1141\" data-end=\"1150\">Material:<\/strong> PP<\/li>\n<li data-start=\"1156\" data-end=\"1179\"><strong data-start=\"1156\" data-end=\"1176\">Food-safe:<\/strong> No<\/li>\n<\/ul>\n<p>&nbsp;<\/p>\n<h3 data-start=\"1204\" data-end=\"1245\">Material resistance warning<\/h3>\n<p data-start=\"1246\" data-end=\"1401\" class=\" translation-block\">Before use, it is <strong data-start=\"1262\" data-end=\"1299\">essential to check the resistance<\/strong> of the liquid to the materials used (PP and EPDM), as the properties of individual media may vary.<\/p>\n<h3 data-start=\"1403\" data-end=\"1490\">Examples of liquids (based on known material resistance \u2013 without warranty claims)<\/h3>\n<ul>\n<li data-start=\"109\" data-end=\"136\">Diluted caustic soda<\/li>\n<li data-start=\"139\" data-end=\"172\">Potassium hydroxide solution<\/li>\n<li data-start=\"175\" data-end=\"207\">Dishwashing detergents<\/li>\n<li data-start=\"210\" data-end=\"246\">slana raztopina \/ hladilna slanica<\/li>\n<li data-start=\"249\" data-end=\"284\">Ammonium nitrate (aqueous solution)<\/li>\n<li data-start=\"287\" data-end=\"322\">Ammonium phosphate (aqueous solution)<\/li>\n<li data-start=\"325\" data-end=\"359\">Potassium chloride (aqueous solution)<\/li>\n<li data-start=\"362\" data-end=\"395\">Copper sulfate (aqueous solution)<\/li>\n<\/ul>\n<h3 data-start=\"2201\" data-end=\"2223\">Safety instructions<\/h3>\n<ul>\n<li data-start=\"2226\" data-end=\"2292\" class=\" translation-block\">The pump is <strong data-start=\"2234\" data-end=\"2249\">not suitable<\/strong> for media of hazard classes <strong data-start=\"2280\" data-end=\"2292\">AI \/ AII<\/strong><\/li>\n<li data-start=\"2295\" data-end=\"2347\" class=\" translation-block\">Use is not permitted for <strong data-start=\"2319\" data-end=\"2347\">highly flammable liquids<\/strong><\/li>\n<li data-start=\"2350\" data-end=\"2407\" class=\" translation-block\">Use in <strong data-start=\"2360\" data-end=\"2407\">explosive hazard areas is not permitted<\/strong><\/li>\n<li data-start=\"2410\" data-end=\"2490\">When pumping hazardous liquids, all prescribed safety measures must be observed<\/li>\n<li data-start=\"2493\" data-end=\"2541\">Prepre\u010diti je treba zdrs zaradi razlitih teko\u010din<\/li>\n<li data-start=\"2544\" data-end=\"2606\" class=\" translation-block\">Before use, check the possibility of <strong data-start=\"2586\" data-end=\"2606\">toxic vapors<\/strong> forming<\/li>\n<\/ul>","protected":false},"excerpt":{"rendered":"<p data-start=\"27\" data-end=\"73\" class=\" translation-block\">Manual <strong data-start=\"33\" data-end=\"73\">pump for basic (alkaline) liquids, lye<\/strong><\/p>\n<ul data-start=\"25\" data-end=\"255\">\n<li><strong>Material: <\/strong>PP (polipropilen)<\/li>\n<li><strong>Gasket<\/strong>: EPDM<\/li>\n<li><span dir=\"auto\"><span dir=\"auto\">Suitable for canisters, 200-liter drums and IBC tanks<\/span><\/span><\/li>\n<li class=\" translation-block\"><strong>Telescopic<\/strong> suction tube with a diameter of <strong>34 mm<\/strong>, adjustable from <strong>500 to 900 mm<\/strong><\/li>\n<li class=\" translation-block\"><strong data-start=\"182\" data-end=\"193\">Flow rate:<\/strong> up to 0.3 l per stroke<\/li>\n<li><strong data-start=\"214\" data-end=\"224\">Thread:<\/strong> G 2\u2033 male thread (BSP)<\/li>\n<li class=\" translation-block\"><strong data-start=\"232\" data-end=\"252\">Hose connection:<\/strong> \u00be\u2033 male thread (BSP)<\/li>\n<li class=\" translation-block\"><strong>Operates without electricity<\/strong> or compressed air<\/li>\n<li><span dir=\"auto\"><span dir=\"auto\">Easy and safe dosing<\/span><\/span><\/li>\n<li><strong>Weight<\/strong>: 1,2 kg<\/li>\n<li class=\" translation-block\"><strong>Color:<\/strong> red<\/li>\n<\/ul>\n<p data-start=\"257\" data-end=\"298\" class=\" translation-block\"><strong data-start=\"257\" data-end=\"298\">Examples of commonly used liquids: <\/strong>potassium hydroxide solution, dishwashing detergents, saline solution \/ brine, ammonium nitrate (aqueous solution), ammonium phosphate (aqueous solution), potassium chloride (aqueous solution), copper sulfate (aqueous solution).<\/p>\n<p>Before use, check the chemical resistance of the medium. Not suitable for flammable liquids, classes AI\/AII, or for use in explosive areas.<\/p>\n<p><em>The listed price is net (excluding VAT). The exact shipping cost will be calculated when preparing the proforma invoice.<\/em><\/p>","protected":false},"featured_media":19159,"template":"","meta":[],"product_brand":[],"product_cat":[485],"product_tag":[488],"class_list":{"0":"post-19158","1":"product","2":"type-product","3":"status-publish","4":"has-post-thumbnail","6":"product_cat-rocne-crpalke","7":"product_tag-rocna-crpalka-za-bazicne-alkalne-tekocine","9":"first","10":"instock","11":"shipping-taxable","12":"purchasable","13":"product-type-simple"},"yoast_head":"<!-- This site is optimized with the Yoast SEO plugin v27.1.1 - https:\/\/yoast.com\/product\/yoast-seo-wordpress\/ -->\n<title>Ro\u010dna \u010drpalka za alkalne teko\u010dine (lu\u017eine) - rde\u010da | IBCparts.eu<\/title>\n<meta name=\"description\" content=\"Ro\u010dna \u010drpalka je namenjena \u010drpanju bazi\u010dne (alkalne) teko\u010dine, lug iz plastenk, sodov in IBC cistern. Deluje brez elektrike ali stisnjenega zraka\" \/>\n<meta name=\"robots\" content=\"index, follow, max-snippet:-1, max-image-preview:large, max-video-preview:-1\" \/>\n<link rel=\"canonical\" href=\"https:\/\/ibcparts.eu\/en\/product\/rocna-crpalka-za-alkalne-tekocine\/\" \/>\n<meta property=\"og:locale\" content=\"en_US\" \/>\n<meta property=\"og:type\" content=\"article\" \/>\n<meta property=\"og:title\" content=\"Ro\u010dna \u010drpalka za alkalne teko\u010dine (lu\u017eine) - rde\u010da | IBCparts.eu\" \/>\n<meta property=\"og:description\" content=\"Ro\u010dna \u010drpalka je namenjena \u010drpanju bazi\u010dne (alkalne) teko\u010dine, lug iz plastenk, sodov in IBC cistern. Deluje brez elektrike ali stisnjenega zraka\" \/>\n<meta property=\"og:url\" content=\"https:\/\/ibcparts.eu\/en\/product\/rocna-crpalka-za-alkalne-tekocine\/\" \/>\n<meta property=\"og:site_name\" content=\"IBCparts.eu\" \/>\n<meta property=\"article:modified_time\" content=\"2026-02-11T12:17:07+00:00\" \/>\n<meta property=\"og:image\" content=\"https:\/\/ibcparts.eu\/wp-content\/uploads\/2025\/12\/Rocna-crpalka-za-bazicne-alkalne-tekocine-lug.jpg\" \/>\n\t<meta property=\"og:image:width\" content=\"800\" \/>\n\t<meta property=\"og:image:height\" content=\"800\" \/>\n\t<meta property=\"og:image:type\" content=\"image\/jpeg\" \/>\n<meta name=\"twitter:card\" content=\"summary_large_image\" \/>\n<meta name=\"twitter:label1\" content=\"Est. reading time\" \/>\n\t<meta name=\"twitter:data1\" content=\"1 minute\" \/>\n<script type=\"application\/ld+json\" class=\"yoast-schema-graph\">{\"@context\":\"https:\/\/schema.org\",\"@graph\":[{\"@type\":\"WebPage\",\"@id\":\"https:\/\/ibcparts.eu\/izdelek\/rocna-crpalka-za-alkalne-tekocine\/\",\"url\":\"https:\/\/ibcparts.eu\/izdelek\/rocna-crpalka-za-alkalne-tekocine\/\",\"name\":\"Ro\u010dna \u010drpalka za alkalne teko\u010dine (lu\u017eine) - rde\u010da | IBCparts.eu\",\"isPartOf\":{\"@id\":\"https:\/\/ibcparts.eu\/#website\"},\"primaryImageOfPage\":{\"@id\":\"https:\/\/ibcparts.eu\/izdelek\/rocna-crpalka-za-alkalne-tekocine\/#primaryimage\"},\"image\":{\"@id\":\"https:\/\/ibcparts.eu\/izdelek\/rocna-crpalka-za-alkalne-tekocine\/#primaryimage\"},\"thumbnailUrl\":\"https:\/\/ibcparts.eu\/wp-content\/uploads\/2025\/12\/Rocna-crpalka-za-bazicne-alkalne-tekocine-lug.jpg\",\"datePublished\":\"2025-12-18T07:01:05+00:00\",\"dateModified\":\"2026-02-11T12:17:07+00:00\",\"description\":\"Ro\u010dna \u010drpalka je namenjena \u010drpanju bazi\u010dne (alkalne) teko\u010dine, lug iz plastenk, sodov in IBC cistern. Deluje brez elektrike ali stisnjenega zraka\",\"breadcrumb\":{\"@id\":\"https:\/\/ibcparts.eu\/izdelek\/rocna-crpalka-za-alkalne-tekocine\/#breadcrumb\"},\"inLanguage\":\"en-US\",\"potentialAction\":[{\"@type\":\"ReadAction\",\"target\":[\"https:\/\/ibcparts.eu\/izdelek\/rocna-crpalka-za-alkalne-tekocine\/\"]}]},{\"@type\":\"ImageObject\",\"inLanguage\":\"en-US\",\"@id\":\"https:\/\/ibcparts.eu\/izdelek\/rocna-crpalka-za-alkalne-tekocine\/#primaryimage\",\"url\":\"https:\/\/ibcparts.eu\/wp-content\/uploads\/2025\/12\/Rocna-crpalka-za-bazicne-alkalne-tekocine-lug.jpg\",\"contentUrl\":\"https:\/\/ibcparts.eu\/wp-content\/uploads\/2025\/12\/Rocna-crpalka-za-bazicne-alkalne-tekocine-lug.jpg\",\"width\":800,\"height\":800,\"caption\":\"Ro\u010dna \u010drpalka za bazi\u010dne, alkalne teko\u010dine, lug\"},{\"@type\":\"BreadcrumbList\",\"@id\":\"https:\/\/ibcparts.eu\/izdelek\/rocna-crpalka-za-alkalne-tekocine\/#breadcrumb\",\"itemListElement\":[{\"@type\":\"ListItem\",\"position\":1,\"name\":\"Home\",\"item\":\"https:\/\/ibcparts.eu\/\"},{\"@type\":\"ListItem\",\"position\":2,\"name\":\"Nakupujte\",\"item\":\"https:\/\/ibcparts.eu\/nakupujte\/\"},{\"@type\":\"ListItem\",\"position\":3,\"name\":\"Ro\u010dna \u010drpalka za alkalne teko\u010dine (lu\u017eine) &#8211; rde\u010da\"}]},{\"@type\":\"WebSite\",\"@id\":\"https:\/\/ibcparts.eu\/#website\",\"url\":\"https:\/\/ibcparts.eu\/\",\"name\":\"IBCparts.eu\",\"description\":\"\",\"publisher\":{\"@id\":\"https:\/\/ibcparts.eu\/#organization\"},\"potentialAction\":[{\"@type\":\"SearchAction\",\"target\":{\"@type\":\"EntryPoint\",\"urlTemplate\":\"https:\/\/ibcparts.eu\/?s={search_term_string}\"},\"query-input\":{\"@type\":\"PropertyValueSpecification\",\"valueRequired\":true,\"valueName\":\"search_term_string\"}}],\"inLanguage\":\"en-US\"},{\"@type\":\"Organization\",\"@id\":\"https:\/\/ibcparts.eu\/#organization\",\"name\":\"IBCparts\",\"url\":\"https:\/\/ibcparts.eu\/\",\"logo\":{\"@type\":\"ImageObject\",\"inLanguage\":\"en-US\",\"@id\":\"https:\/\/ibcparts.eu\/#\/schema\/logo\/image\/\",\"url\":\"https:\/\/ibcparts.eu\/wp-content\/uploads\/2021\/10\/Footer-Logo.png\",\"contentUrl\":\"https:\/\/ibcparts.eu\/wp-content\/uploads\/2021\/10\/Footer-Logo.png\",\"width\":1992,\"height\":772,\"caption\":\"IBCparts\"},\"image\":{\"@id\":\"https:\/\/ibcparts.eu\/#\/schema\/logo\/image\/\"}}]}<\/script>\n<!-- \/ Yoast SEO plugin. -->","yoast_head_json":{"title":"Ro\u010dna \u010drpalka za alkalne teko\u010dine (lu\u017eine) - rde\u010da | IBCparts.eu","description":"Ro\u010dna \u010drpalka je namenjena \u010drpanju bazi\u010dne (alkalne) teko\u010dine, lug iz plastenk, sodov in IBC cistern. Deluje brez elektrike ali stisnjenega zraka","robots":{"index":"index","follow":"follow","max-snippet":"max-snippet:-1","max-image-preview":"max-image-preview:large","max-video-preview":"max-video-preview:-1"},"canonical":"https:\/\/ibcparts.eu\/en\/product\/rocna-crpalka-za-alkalne-tekocine\/","og_locale":"en_US","og_type":"article","og_title":"Ro\u010dna \u010drpalka za alkalne teko\u010dine (lu\u017eine) - rde\u010da | IBCparts.eu","og_description":"Ro\u010dna \u010drpalka je namenjena \u010drpanju bazi\u010dne (alkalne) teko\u010dine, lug iz plastenk, sodov in IBC cistern. Deluje brez elektrike ali stisnjenega zraka","og_url":"https:\/\/ibcparts.eu\/en\/product\/rocna-crpalka-za-alkalne-tekocine\/","og_site_name":"IBCparts.eu","article_modified_time":"2026-02-11T12:17:07+00:00","og_image":[{"width":800,"height":800,"url":"https:\/\/ibcparts.eu\/wp-content\/uploads\/2025\/12\/Rocna-crpalka-za-bazicne-alkalne-tekocine-lug.jpg","type":"image\/jpeg"}],"twitter_card":"summary_large_image","twitter_misc":{"Est. reading time":"1 minute"},"schema":{"@context":"https:\/\/schema.org","@graph":[{"@type":"WebPage","@id":"https:\/\/ibcparts.eu\/izdelek\/rocna-crpalka-za-alkalne-tekocine\/","url":"https:\/\/ibcparts.eu\/izdelek\/rocna-crpalka-za-alkalne-tekocine\/","name":"Ro\u010dna \u010drpalka za alkalne teko\u010dine (lu\u017eine) - rde\u010da | IBCparts.eu","isPartOf":{"@id":"https:\/\/ibcparts.eu\/#website"},"primaryImageOfPage":{"@id":"https:\/\/ibcparts.eu\/izdelek\/rocna-crpalka-za-alkalne-tekocine\/#primaryimage"},"image":{"@id":"https:\/\/ibcparts.eu\/izdelek\/rocna-crpalka-za-alkalne-tekocine\/#primaryimage"},"thumbnailUrl":"https:\/\/ibcparts.eu\/wp-content\/uploads\/2025\/12\/Rocna-crpalka-za-bazicne-alkalne-tekocine-lug.jpg","datePublished":"2025-12-18T07:01:05+00:00","dateModified":"2026-02-11T12:17:07+00:00","description":"Ro\u010dna \u010drpalka je namenjena \u010drpanju bazi\u010dne (alkalne) teko\u010dine, lug iz plastenk, sodov in IBC cistern. Deluje brez elektrike ali stisnjenega zraka","breadcrumb":{"@id":"https:\/\/ibcparts.eu\/izdelek\/rocna-crpalka-za-alkalne-tekocine\/#breadcrumb"},"inLanguage":"en-US","potentialAction":[{"@type":"ReadAction","target":["https:\/\/ibcparts.eu\/izdelek\/rocna-crpalka-za-alkalne-tekocine\/"]}]},{"@type":"ImageObject","inLanguage":"en-US","@id":"https:\/\/ibcparts.eu\/izdelek\/rocna-crpalka-za-alkalne-tekocine\/#primaryimage","url":"https:\/\/ibcparts.eu\/wp-content\/uploads\/2025\/12\/Rocna-crpalka-za-bazicne-alkalne-tekocine-lug.jpg","contentUrl":"https:\/\/ibcparts.eu\/wp-content\/uploads\/2025\/12\/Rocna-crpalka-za-bazicne-alkalne-tekocine-lug.jpg","width":800,"height":800,"caption":"Ro\u010dna \u010drpalka za bazi\u010dne, alkalne teko\u010dine, lug"},{"@type":"BreadcrumbList","@id":"https:\/\/ibcparts.eu\/izdelek\/rocna-crpalka-za-alkalne-tekocine\/#breadcrumb","itemListElement":[{"@type":"ListItem","position":1,"name":"Home","item":"https:\/\/ibcparts.eu\/"},{"@type":"ListItem","position":2,"name":"Nakupujte","item":"https:\/\/ibcparts.eu\/nakupujte\/"},{"@type":"ListItem","position":3,"name":"Ro\u010dna \u010drpalka za alkalne teko\u010dine (lu\u017eine) &#8211; rde\u010da"}]},{"@type":"WebSite","@id":"https:\/\/ibcparts.eu\/#website","url":"https:\/\/ibcparts.eu\/","name":"IBCparts.eu","description":"","publisher":{"@id":"https:\/\/ibcparts.eu\/#organization"},"potentialAction":[{"@type":"SearchAction","target":{"@type":"EntryPoint","urlTemplate":"https:\/\/ibcparts.eu\/?s={search_term_string}"},"query-input":{"@type":"PropertyValueSpecification","valueRequired":true,"valueName":"search_term_string"}}],"inLanguage":"en-US"},{"@type":"Organization","@id":"https:\/\/ibcparts.eu\/#organization","name":"IBCparts","url":"https:\/\/ibcparts.eu\/","logo":{"@type":"ImageObject","inLanguage":"en-US","@id":"https:\/\/ibcparts.eu\/#\/schema\/logo\/image\/","url":"https:\/\/ibcparts.eu\/wp-content\/uploads\/2021\/10\/Footer-Logo.png","contentUrl":"https:\/\/ibcparts.eu\/wp-content\/uploads\/2021\/10\/Footer-Logo.png","width":1992,"height":772,"caption":"IBCparts"},"image":{"@id":"https:\/\/ibcparts.eu\/#\/schema\/logo\/image\/"}}]}},"_links":{"self":[{"href":"https:\/\/ibcparts.eu\/en\/wp-json\/wp\/v2\/product\/19158","targetHints":{"allow":["GET"]}}],"collection":[{"href":"https:\/\/ibcparts.eu\/en\/wp-json\/wp\/v2\/product"}],"about":[{"href":"https:\/\/ibcparts.eu\/en\/wp-json\/wp\/v2\/types\/product"}],"version-history":[{"count":2,"href":"https:\/\/ibcparts.eu\/en\/wp-json\/wp\/v2\/product\/19158\/revisions"}],"predecessor-version":[{"id":20588,"href":"https:\/\/ibcparts.eu\/en\/wp-json\/wp\/v2\/product\/19158\/revisions\/20588"}],"wp:featuredmedia":[{"embeddable":true,"href":"https:\/\/ibcparts.eu\/en\/wp-json\/wp\/v2\/media\/19159"}],"wp:attachment":[{"href":"https:\/\/ibcparts.eu\/en\/wp-json\/wp\/v2\/media?parent=19158"}],"wp:term":[{"taxonomy":"product_brand","embeddable":true,"href":"https:\/\/ibcparts.eu\/en\/wp-json\/wp\/v2\/product_brand?post=19158"},{"taxonomy":"product_cat","embeddable":true,"href":"https:\/\/ibcparts.eu\/en\/wp-json\/wp\/v2\/product_cat?post=19158"},{"taxonomy":"product_tag","embeddable":true,"href":"https:\/\/ibcparts.eu\/en\/wp-json\/wp\/v2\/product_tag?post=19158"}],"curies":[{"name":"wp","href":"https:\/\/api.w.org\/{rel}","templated":true}]}}