{"id":18186,"date":"2025-11-22T10:07:58","date_gmt":"2025-11-22T09:07:58","guid":{"rendered":"https:\/\/ibcparts.eu\/?post_type=product&#038;p=18186"},"modified":"2026-01-14T09:27:35","modified_gmt":"2026-01-14T08:27:35","slug":"sistem-3simple","status":"publish","type":"product","link":"https:\/\/ibcparts.eu\/en\/product\/sistem-3simple\/","title":{"rendered":"3+ SIMPLE (connect 3 or more IBC tanks horizontally)"},"content":{"rendered":"<p><iframe title=\"How to connect two IBC containers using DUO system.\" width=\"500\" height=\"281\" src=\"https:\/\/www.youtube.com\/embed\/ZKfg1PYo-qQ?feature=oembed\" frameborder=\"0\" allow=\"accelerometer; autoplay; clipboard-write; encrypted-media; gyroscope; picture-in-picture; web-share\" referrerpolicy=\"strict-origin-when-cross-origin\" allowfullscreen><\/iframe><\/p>\n<p class=\" translation-block\">Product information:<br>\nSystem for connecting three IBC tanks \u2013 now even stronger and more affordable!<\/p>\n<p><strong><span style=\"font-size: medium;\">Now with EPDM rubber seals FREE!<\/span><\/strong><\/p>\n<p>The package includes:<br \/>\n3x AVA reducer for tanks with a valve \u00d8 55\u201362 mm, coarse thread S60x6 (DN50), 1x T-piece F, 1x elbow F, 1x PP T-piece, 1x connector M, 2x alkathene hose*, tap, reducer.<\/p>\n<p>*Alkaten tubes are slightly curved because they are stored on reels. We use LESS alkatene hoses, which are more flexible and much easier to use - you straighten them when installing and they stay in that position.<\/p>\n<p>The connections for the alkaline hose are green, as shown in the picture.<\/p>\n<p>The gap between the tanks after installation of the 3+ KLASIK system is between 2 and 6 cm - if necessary, you can shorten the pipe yourself with an olfa knife.<\/p>\n<p>Excellent sealing and high durability!<\/p>\n<p>The system is available in 1\u2033 (32mm) size.<\/p>\n<p>&nbsp;<\/p>\n<p><strong>*More information on taps and valves can be found at\u00a0<a href=\"https:\/\/ibcparts.eu\/kategorije\/pipe-ventili-in-medeninasti-prikljucki\/\">here<\/a>.<\/strong><\/p>\n<p style=\"margin-bottom: var(--wd-tags-margin-bottom); font-style: normal; font-variant-ligatures: normal; font-variant-caps: normal; font-family: Lato, Arial, Helvetica, sans-serif; font-size: 14px;\"><b>Reference:<br \/>\n<\/b>If you are going to discharge water into one tank, the other tank must be vented to allow the water to flow smoothly through the valves.<\/p>\n<p><strong>There are several ways to do this:<\/strong><\/p>\n<p class=\" translation-block\"><strong style=\"color: #666666;font-family: 'Libre Franklin';font-size: 16px;font-style: normal\">1. <\/strong>If you don\u2019t mind the water flowing out through the opening of the lid of the second tank when it fills to the top, you can simply loosen the lid slightly\u2014just enough to allow air to pass through. Once both tanks are completely full, the excess water (overflow) will drain out here.<br style=\"color: #666666;font-family: 'Libre Franklin';font-size: 16px\"><strong style=\"color: #666666;font-family: 'Libre Franklin';font-size: 16px;font-style: normal\">2. <\/strong>A <a href=\"https:\/\/ibcparts.eu\/izdelek\/pokrov-z-oddusnikom\/\" target=\"_self\"><span style=\"color: #666666;font-family: Libre Franklin\">vented lid<\/span><\/a> works in a similar way \u2013 air passes through, but water also flows out once the tanks are filled to the top.<br style=\"color: #666666;font-family: 'Libre Franklin';font-size: 16px\"><strong style=\"color: #666666;font-family: 'Libre Franklin';font-size: 16px;font-style: normal\">3.<\/strong> You can use a <a style=\"color: #666666;font-family: 'Libre Franklin';font-size: 16px;font-style: normal;font-weight: 300\" href=\"https:\/\/ibcparts.eu\/izdelek\/pokrov-pipelink\/\" target=\"_self\">PipeLink lid<\/a> (as shown in the animation) or an <a href=\"https:\/\/ibcparts.eu\/izdelek\/pokrov-autovent\/\" target=\"_self\"><i>AutoVent<\/i><\/a> lid \u2013 <b>recommended.<\/b><br style=\"color: #666666;font-family: 'Libre Franklin';font-size: 16px\"><strong style=\"color: #666666;font-family: 'Libre Franklin';font-size: 16px;font-style: normal\">4.<\/strong> Use a lid with an outlet and fix a suitable fitting to it (e.g. a T-piece for PE pipe, garden hose, flexible hose, PVC pipe\u2026).<br style=\"color: #666666;font-family: 'Libre Franklin';font-size: 16px\"><strong style=\"color: #666666;font-family: 'Libre Franklin';font-size: 16px;font-style: normal\">5. <\/strong>If there is a larger height difference between the downpipe outlet and the top of the tank, you can use a <a style=\"color: #666666;font-family: 'Libre Franklin';font-size: 16px;font-style: normal;font-weight: 300\" href=\"https:\/\/ibcparts.eu\/izdelek\/skoznik-flowtek-bend\/\" target=\"_self\">FlowTek Bend bulkhead<\/a> (use a lid with an outlet or drill a hole in the tank). Connect a garden hose to this outlet. Fix the other end of the hose above the height where water enters the tank (e.g. at the downpipe branch). This way, water will not overflow even when the tanks are completely full, while the tank can still \u201cbreathe\u201d.<\/p>\n<p>We can also design a system to your specifications. Multiple outlets, a valve to connect a hydrophore, multiple taps, etc... The hydrophore connection is most practical on the right side - because of the direction of opening of the valve handle.<\/p>\n<p>&nbsp;<\/p>\n<p>The AVA reducers used in the 3+ KLASIK systems are extremely durable and have an EPDM rubber seal.<\/p>","protected":false},"excerpt":{"rendered":"<h2 data-start=\"184\" data-end=\"304\"><strong data-start=\"184\" data-end=\"304\">Strong, reliable, and affordable horizontal connection of three or more IBC tanks \u2013 already assembled and ready for installation.<\/strong><\/h2>\n<p data-start=\"306\" data-end=\"617\" class=\" translation-block\">3+ SIMPLE is a redesigned system for <strong data-start=\"340\" data-end=\"400\">connecting IBC tanks in a horizontal arrangement<\/strong>, intended for efficient rainwater collection and transfer. It uses a <strong data-start=\"468\" data-end=\"504\">softer, flexible LDPE hose<\/strong>, which allows easy installation, reliable sealing, and less strain on the valves \u2013 even on uneven surfaces.<\/p>\n<hr data-start=\"619\" data-end=\"622\" \/>\n<h3 data-start=\"624\" data-end=\"652\">Why choose 3+ SIMPLE?<\/h3>\n<ul>\n<li data-start=\"655\" data-end=\"689\">Strong and proven construction<\/li>\n<li data-start=\"692\" data-end=\"736\">Pre-assembled system \u2013 no additional work required (the pipe can be shortened if necessary using a utility knife)<\/li>\n<li data-start=\"739\" data-end=\"784\" class=\" translation-block\">Designed for connecting 3 or more IBC tanks<\/li>\n<li data-start=\"787\" data-end=\"830\">100% EPDM seal \u2013 leak-proof, UV resistant<\/li>\n<li data-start=\"833\" data-end=\"899\">Softer LDPE pipe for easy installation and long service life<\/li>\n<li data-start=\"902\" data-end=\"963\">Also suitable for older or slightly damaged IBC valves<\/li>\n<\/ul>\n<hr data-start=\"965\" data-end=\"968\" \/>\n<h3 data-start=\"970\" data-end=\"988\">Price \/ Options:<\/h3>\n<ul>\n<li><strong><span style=\"color: #508d24; font-size: medium;\">\u200b<\/span><\/strong>Art.No.: #65X, <strong>TRIOX<\/strong>: <strong><span style=\"color: #508d24; font-size: medium;\">43,99\u20ac <\/span><\/strong>(connection only, no tap).<\/li>\n<li>\u0161t.artikla: #65S1, <strong>TRIS1<\/strong>: <strong><span style=\"color: #508d24; font-size: medium;\">55,50\u20ac <\/span><\/strong>(GardenFlow 3\/4\u2033 metal tap*).<\/li>\n<li><strong><span style=\"color: #508d24; font-size: medium;\">\u200b<\/span><\/strong>\u0161t.artikla: #65S2, <strong>TRIS2<\/strong>: <strong><span style=\"color: #508d24; font-size: medium;\">58,50\u20ac <\/span><\/strong>(3\/4\u2033 HighFlow metal tap*).<\/li>\n<li>\u0161t.artikla: #65S3, <strong>TRIS3<\/strong>: <strong><span style=\"color: #508d24; font-size: medium;\">63,50\u20ac <\/span><\/strong>(<u>double\u00a0<\/u>1\/2\u2033 PRO* metal tap).<\/li>\n<li>\u0161t.artikla: #65S4, <strong>TRIS4<\/strong>: <strong><span style=\"color: #508d24; font-size: medium;\">67,50\u20ac <\/span><\/strong>(<u>double\u00a0<\/u>metal tap 3\/4\u2033 PRO*).<\/li>\n<li>\u0161t.artikla: #65S5, <strong>TRIS5<\/strong>:\u00a0<strong><span style=\"color: #508d24; font-size: medium;\">61,50\u20ac <\/span><\/strong>(1\u2033 QuickFlow metal tap*).<\/li>\n<li>\u0161t.artikla: #65S6, <strong>TRIS6<\/strong>:\u00a0<strong><span style=\"color: #508d24; font-size: medium;\">61,50\u20ac <\/span><\/strong>(plastic 1\u2033 MF PRO valve* with plastic 25mm straight hose nozzle*).<\/li>\n<li>\u0161t.artikla: #65S7, <strong>TRIS7<\/strong>:\u00a0<strong><span style=\"color: #508d24; font-size: medium;\">65,50\u20ac <\/span><\/strong>(metal 1\u2033 PRO valve* with brass 25mm straight pipe spigot*).<\/li>\n<li>\u0161t.artikla: #65S8, <strong>TRIS8<\/strong>:\u00a0<strong><span style=\"color: #508d24; font-size: medium;\">61,50\u20ac <\/span><\/strong>(plastic 1\u2033 MF PRO valve* with plastic adaptor - elbow for 25mm hose*).<\/li>\n<\/ul>\n<hr data-start=\"1815\" data-end=\"1818\" \/>\n<h3 data-start=\"1820\" data-end=\"1846\">Sealing and materials<\/h3>\n<p data-start=\"1847\" data-end=\"2069\" class=\" translation-block\"><strong data-start=\"1862\" data-end=\"1906\">100% EPDM seal \u2013 exclusive to us<\/strong> is used, specially developed with optimal hardness that effectively compensates for even larger irregularities on the valve and ensures <strong data-start=\"2017\" data-end=\"2068\">long-lasting, reliable sealing without leaks<\/strong>.<\/p>\n<hr data-start=\"2218\" data-end=\"2221\" \/>\n<h3 data-start=\"2223\" data-end=\"2270\">System expansion \u2013 add more tanks<\/h3>\n<p data-start=\"2271\" data-end=\"2444\" class=\" translation-block\">With the <strong data-start=\"2478\" data-end=\"2492\">Multi-link<\/strong> option, you can add <strong data-start=\"2514\" data-end=\"2552\">an unlimited number of additional tanks<\/strong> to the system in a horizontal arrangement.<br data-start=\"2576\" data-end=\"2579\">Example: connecting 5 tanks = basic package (3) + 2\u00d7 Multi-link.<\/p>\n<p data-start=\"2446\" data-end=\"2548\" class=\" translation-block\">If you have IBC tanks placed on the ground, you can easily transfer water to a watering can using the <strong data-start=\"2504\" data-end=\"2514\">SkyTap<\/strong> option.<\/p>\n<hr data-start=\"2550\" data-end=\"2553\" \/>\n<h3 data-start=\"2555\" data-end=\"2592\">3+ systems (how they differ):<\/h3>\n<ul>\n<li class=\" translation-block\"><strong>SIMPLE<\/strong>: tap or valve on the far left or right tank (you can decide during installation \u2013 adapt it to your needs \u2013 see the image in the gallery under SIMPLE).<\/li>\n<li class=\" translation-block\"><strong>KLASIK<\/strong>: tap or valve between two tanks (you can decide which two during installation \u2013 adapt it to your needs \u2013 see the image in the gallery under KLASIK).<\/li>\n<li class=\" translation-block\"><strong>PRO<\/strong>: tap or valve on one of the central tanks (if 3 tanks are connected, the tap is on the middle tank; if more tanks are connected, you can decide during installation \u2013 adapt it to your needs \u2013 see the image in the gallery under PRO).<\/li>\n<\/ul>\n<h3 data-start=\"2857\" data-end=\"2881\">Upgrade options:<\/h3>\n<ul>\n<li data-start=\"2884\" data-end=\"2937\" class=\" translation-block\"><strong data-start=\"2884\" data-end=\"2898\">Multi-link<\/strong> (reducer, T-piece, 1 m hose)<\/li>\n<li data-start=\"2940\" data-end=\"2999\" class=\" translation-block\"><strong data-start=\"2940\" data-end=\"2950\">SkyTap<\/strong> (tap raised to watering-can height)<\/li>\n<\/ul>\n<hr data-start=\"3001\" data-end=\"3004\" \/>\n<p data-start=\"3006\" data-end=\"3300\"><strong data-start=\"3006\" data-end=\"3300\">3+ SIMPLE fits most IBC tanks with a standard S60\u00d76 valve. Installation is very easy, as the system is already assembled and does not require special knowledge. All materials are durable, UV-resistant, and suitable for long-term outdoor use. For different valve threads, the system can be custom adapted.<\/strong><\/p>","protected":false},"featured_media":18204,"template":"","meta":[],"product_brand":[],"product_cat":[191,189],"product_tag":[269],"class_list":{"0":"post-18186","1":"product","2":"type-product","3":"status-publish","4":"has-post-thumbnail","6":"product_cat-sistemi-3","7":"product_cat-sistemi-za-povezavo","8":"product_tag-povezava-ibc-cistern","10":"first","11":"instock","12":"shipping-taxable","13":"purchasable","14":"product-type-variable"},"yoast_head":"<!-- This site is optimized with the Yoast SEO plugin v27.1.1 - https:\/\/yoast.com\/product\/yoast-seo-wordpress\/ -->\n<title>3+ SIMPLE (vodoravno pove\u017eite 3 ali ve\u010d IBC cistern) | IBCparts.eu<\/title>\n<meta name=\"description\" content=\"Sistem 3+ SIMPLE za povezavo treh ali ve\u010d IBC cistern. Sedaj \u0161e mo\u010dnej\u0161i in \u0161e cenej\u0161i! Mo\u010dan. Izjemno uporaben. \u0160e ugodnej\u0161i. \u017de sestavljen!\" \/>\n<meta name=\"robots\" content=\"index, follow, max-snippet:-1, max-image-preview:large, max-video-preview:-1\" \/>\n<link rel=\"canonical\" href=\"https:\/\/ibcparts.eu\/en\/product\/sistem-3simple\/\" \/>\n<meta property=\"og:locale\" content=\"en_US\" \/>\n<meta property=\"og:type\" content=\"article\" \/>\n<meta property=\"og:title\" content=\"3+ SIMPLE (vodoravno pove\u017eite 3 ali ve\u010d IBC cistern) | IBCparts.eu\" \/>\n<meta property=\"og:description\" content=\"Sistem 3+ SIMPLE za povezavo treh ali ve\u010d IBC cistern. Sedaj \u0161e mo\u010dnej\u0161i in \u0161e cenej\u0161i! Mo\u010dan. Izjemno uporaben. \u0160e ugodnej\u0161i. \u017de sestavljen!\" \/>\n<meta property=\"og:url\" content=\"https:\/\/ibcparts.eu\/en\/product\/sistem-3simple\/\" \/>\n<meta property=\"og:site_name\" content=\"IBCparts.eu\" \/>\n<meta property=\"article:modified_time\" content=\"2026-01-14T08:27:35+00:00\" \/>\n<meta property=\"og:image\" content=\"https:\/\/ibcparts.eu\/wp-content\/uploads\/2025\/11\/TRIO-SIMPLE.png\" \/>\n\t<meta property=\"og:image:width\" content=\"827\" \/>\n\t<meta property=\"og:image:height\" content=\"827\" \/>\n\t<meta property=\"og:image:type\" content=\"image\/png\" \/>\n<meta name=\"twitter:card\" content=\"summary_large_image\" \/>\n<meta name=\"twitter:label1\" content=\"Est. reading time\" \/>\n\t<meta name=\"twitter:data1\" content=\"3 minutes\" \/>\n<script type=\"application\/ld+json\" class=\"yoast-schema-graph\">{\"@context\":\"https:\/\/schema.org\",\"@graph\":[{\"@type\":\"WebPage\",\"@id\":\"https:\/\/ibcparts.eu\/izdelek\/sistem-3simple\/\",\"url\":\"https:\/\/ibcparts.eu\/izdelek\/sistem-3simple\/\",\"name\":\"3+ SIMPLE (vodoravno pove\u017eite 3 ali ve\u010d IBC cistern) | IBCparts.eu\",\"isPartOf\":{\"@id\":\"https:\/\/ibcparts.eu\/#website\"},\"primaryImageOfPage\":{\"@id\":\"https:\/\/ibcparts.eu\/izdelek\/sistem-3simple\/#primaryimage\"},\"image\":{\"@id\":\"https:\/\/ibcparts.eu\/izdelek\/sistem-3simple\/#primaryimage\"},\"thumbnailUrl\":\"https:\/\/ibcparts.eu\/wp-content\/uploads\/2025\/11\/TRIO-SIMPLE.png\",\"datePublished\":\"2025-11-22T09:07:58+00:00\",\"dateModified\":\"2026-01-14T08:27:35+00:00\",\"description\":\"Sistem 3+ SIMPLE za povezavo treh ali ve\u010d IBC cistern. Sedaj \u0161e mo\u010dnej\u0161i in \u0161e cenej\u0161i! Mo\u010dan. Izjemno uporaben. \u0160e ugodnej\u0161i. \u017de sestavljen!\",\"breadcrumb\":{\"@id\":\"https:\/\/ibcparts.eu\/izdelek\/sistem-3simple\/#breadcrumb\"},\"inLanguage\":\"en-US\",\"potentialAction\":[{\"@type\":\"ReadAction\",\"target\":[\"https:\/\/ibcparts.eu\/izdelek\/sistem-3simple\/\"]}]},{\"@type\":\"ImageObject\",\"inLanguage\":\"en-US\",\"@id\":\"https:\/\/ibcparts.eu\/izdelek\/sistem-3simple\/#primaryimage\",\"url\":\"https:\/\/ibcparts.eu\/wp-content\/uploads\/2025\/11\/TRIO-SIMPLE.png\",\"contentUrl\":\"https:\/\/ibcparts.eu\/wp-content\/uploads\/2025\/11\/TRIO-SIMPLE.png\",\"width\":827,\"height\":827,\"caption\":\"Sistem 3+ SIMPLE za povezavo treh ali ve\u010d IBC cistern.\"},{\"@type\":\"BreadcrumbList\",\"@id\":\"https:\/\/ibcparts.eu\/izdelek\/sistem-3simple\/#breadcrumb\",\"itemListElement\":[{\"@type\":\"ListItem\",\"position\":1,\"name\":\"Home\",\"item\":\"https:\/\/ibcparts.eu\/\"},{\"@type\":\"ListItem\",\"position\":2,\"name\":\"Nakupujte\",\"item\":\"https:\/\/ibcparts.eu\/nakupujte\/\"},{\"@type\":\"ListItem\",\"position\":3,\"name\":\"3+ SIMPLE (vodoravno pove\u017eite 3 ali ve\u010d IBC cistern)\"}]},{\"@type\":\"WebSite\",\"@id\":\"https:\/\/ibcparts.eu\/#website\",\"url\":\"https:\/\/ibcparts.eu\/\",\"name\":\"IBCparts.eu\",\"description\":\"\",\"publisher\":{\"@id\":\"https:\/\/ibcparts.eu\/#organization\"},\"potentialAction\":[{\"@type\":\"SearchAction\",\"target\":{\"@type\":\"EntryPoint\",\"urlTemplate\":\"https:\/\/ibcparts.eu\/?s={search_term_string}\"},\"query-input\":{\"@type\":\"PropertyValueSpecification\",\"valueRequired\":true,\"valueName\":\"search_term_string\"}}],\"inLanguage\":\"en-US\"},{\"@type\":\"Organization\",\"@id\":\"https:\/\/ibcparts.eu\/#organization\",\"name\":\"IBCparts\",\"url\":\"https:\/\/ibcparts.eu\/\",\"logo\":{\"@type\":\"ImageObject\",\"inLanguage\":\"en-US\",\"@id\":\"https:\/\/ibcparts.eu\/#\/schema\/logo\/image\/\",\"url\":\"https:\/\/ibcparts.eu\/wp-content\/uploads\/2021\/10\/Footer-Logo.png\",\"contentUrl\":\"https:\/\/ibcparts.eu\/wp-content\/uploads\/2021\/10\/Footer-Logo.png\",\"width\":1992,\"height\":772,\"caption\":\"IBCparts\"},\"image\":{\"@id\":\"https:\/\/ibcparts.eu\/#\/schema\/logo\/image\/\"}}]}<\/script>\n<!-- \/ Yoast SEO plugin. -->","yoast_head_json":{"title":"3+ SIMPLE (vodoravno pove\u017eite 3 ali ve\u010d IBC cistern) | IBCparts.eu","description":"Sistem 3+ SIMPLE za povezavo treh ali ve\u010d IBC cistern. Sedaj \u0161e mo\u010dnej\u0161i in \u0161e cenej\u0161i! Mo\u010dan. Izjemno uporaben. \u0160e ugodnej\u0161i. \u017de sestavljen!","robots":{"index":"index","follow":"follow","max-snippet":"max-snippet:-1","max-image-preview":"max-image-preview:large","max-video-preview":"max-video-preview:-1"},"canonical":"https:\/\/ibcparts.eu\/en\/product\/sistem-3simple\/","og_locale":"en_US","og_type":"article","og_title":"3+ SIMPLE (vodoravno pove\u017eite 3 ali ve\u010d IBC cistern) | IBCparts.eu","og_description":"Sistem 3+ SIMPLE za povezavo treh ali ve\u010d IBC cistern. Sedaj \u0161e mo\u010dnej\u0161i in \u0161e cenej\u0161i! Mo\u010dan. Izjemno uporaben. \u0160e ugodnej\u0161i. \u017de sestavljen!","og_url":"https:\/\/ibcparts.eu\/en\/product\/sistem-3simple\/","og_site_name":"IBCparts.eu","article_modified_time":"2026-01-14T08:27:35+00:00","og_image":[{"width":827,"height":827,"url":"https:\/\/ibcparts.eu\/wp-content\/uploads\/2025\/11\/TRIO-SIMPLE.png","type":"image\/png"}],"twitter_card":"summary_large_image","twitter_misc":{"Est. reading time":"3 minutes"},"schema":{"@context":"https:\/\/schema.org","@graph":[{"@type":"WebPage","@id":"https:\/\/ibcparts.eu\/izdelek\/sistem-3simple\/","url":"https:\/\/ibcparts.eu\/izdelek\/sistem-3simple\/","name":"3+ SIMPLE (vodoravno pove\u017eite 3 ali ve\u010d IBC cistern) | IBCparts.eu","isPartOf":{"@id":"https:\/\/ibcparts.eu\/#website"},"primaryImageOfPage":{"@id":"https:\/\/ibcparts.eu\/izdelek\/sistem-3simple\/#primaryimage"},"image":{"@id":"https:\/\/ibcparts.eu\/izdelek\/sistem-3simple\/#primaryimage"},"thumbnailUrl":"https:\/\/ibcparts.eu\/wp-content\/uploads\/2025\/11\/TRIO-SIMPLE.png","datePublished":"2025-11-22T09:07:58+00:00","dateModified":"2026-01-14T08:27:35+00:00","description":"Sistem 3+ SIMPLE za povezavo treh ali ve\u010d IBC cistern. Sedaj \u0161e mo\u010dnej\u0161i in \u0161e cenej\u0161i! Mo\u010dan. Izjemno uporaben. \u0160e ugodnej\u0161i. \u017de sestavljen!","breadcrumb":{"@id":"https:\/\/ibcparts.eu\/izdelek\/sistem-3simple\/#breadcrumb"},"inLanguage":"en-US","potentialAction":[{"@type":"ReadAction","target":["https:\/\/ibcparts.eu\/izdelek\/sistem-3simple\/"]}]},{"@type":"ImageObject","inLanguage":"en-US","@id":"https:\/\/ibcparts.eu\/izdelek\/sistem-3simple\/#primaryimage","url":"https:\/\/ibcparts.eu\/wp-content\/uploads\/2025\/11\/TRIO-SIMPLE.png","contentUrl":"https:\/\/ibcparts.eu\/wp-content\/uploads\/2025\/11\/TRIO-SIMPLE.png","width":827,"height":827,"caption":"Sistem 3+ SIMPLE za povezavo treh ali ve\u010d IBC cistern."},{"@type":"BreadcrumbList","@id":"https:\/\/ibcparts.eu\/izdelek\/sistem-3simple\/#breadcrumb","itemListElement":[{"@type":"ListItem","position":1,"name":"Home","item":"https:\/\/ibcparts.eu\/"},{"@type":"ListItem","position":2,"name":"Nakupujte","item":"https:\/\/ibcparts.eu\/nakupujte\/"},{"@type":"ListItem","position":3,"name":"3+ SIMPLE (vodoravno pove\u017eite 3 ali ve\u010d IBC cistern)"}]},{"@type":"WebSite","@id":"https:\/\/ibcparts.eu\/#website","url":"https:\/\/ibcparts.eu\/","name":"IBCparts.eu","description":"","publisher":{"@id":"https:\/\/ibcparts.eu\/#organization"},"potentialAction":[{"@type":"SearchAction","target":{"@type":"EntryPoint","urlTemplate":"https:\/\/ibcparts.eu\/?s={search_term_string}"},"query-input":{"@type":"PropertyValueSpecification","valueRequired":true,"valueName":"search_term_string"}}],"inLanguage":"en-US"},{"@type":"Organization","@id":"https:\/\/ibcparts.eu\/#organization","name":"IBCparts","url":"https:\/\/ibcparts.eu\/","logo":{"@type":"ImageObject","inLanguage":"en-US","@id":"https:\/\/ibcparts.eu\/#\/schema\/logo\/image\/","url":"https:\/\/ibcparts.eu\/wp-content\/uploads\/2021\/10\/Footer-Logo.png","contentUrl":"https:\/\/ibcparts.eu\/wp-content\/uploads\/2021\/10\/Footer-Logo.png","width":1992,"height":772,"caption":"IBCparts"},"image":{"@id":"https:\/\/ibcparts.eu\/#\/schema\/logo\/image\/"}}]}},"_links":{"self":[{"href":"https:\/\/ibcparts.eu\/en\/wp-json\/wp\/v2\/product\/18186","targetHints":{"allow":["GET"]}}],"collection":[{"href":"https:\/\/ibcparts.eu\/en\/wp-json\/wp\/v2\/product"}],"about":[{"href":"https:\/\/ibcparts.eu\/en\/wp-json\/wp\/v2\/types\/product"}],"version-history":[{"count":3,"href":"https:\/\/ibcparts.eu\/en\/wp-json\/wp\/v2\/product\/18186\/revisions"}],"predecessor-version":[{"id":20269,"href":"https:\/\/ibcparts.eu\/en\/wp-json\/wp\/v2\/product\/18186\/revisions\/20269"}],"wp:featuredmedia":[{"embeddable":true,"href":"https:\/\/ibcparts.eu\/en\/wp-json\/wp\/v2\/media\/18204"}],"wp:attachment":[{"href":"https:\/\/ibcparts.eu\/en\/wp-json\/wp\/v2\/media?parent=18186"}],"wp:term":[{"taxonomy":"product_brand","embeddable":true,"href":"https:\/\/ibcparts.eu\/en\/wp-json\/wp\/v2\/product_brand?post=18186"},{"taxonomy":"product_cat","embeddable":true,"href":"https:\/\/ibcparts.eu\/en\/wp-json\/wp\/v2\/product_cat?post=18186"},{"taxonomy":"product_tag","embeddable":true,"href":"https:\/\/ibcparts.eu\/en\/wp-json\/wp\/v2\/product_tag?post=18186"}],"curies":[{"name":"wp","href":"https:\/\/api.w.org\/{rel}","templated":true}]}}