{"id":18175,"date":"2025-11-20T17:45:33","date_gmt":"2025-11-20T16:45:33","guid":{"rendered":"https:\/\/ibcparts.eu\/?post_type=product&#038;p=18175"},"modified":"2026-03-20T20:42:40","modified_gmt":"2026-03-20T19:42:40","slug":"ibc-cisterna-1000l-schutz-1x-rabljenaex","status":"publish","type":"product","link":"https:\/\/ibcparts.eu\/en\/product\/ibc-cisterna-1000l-schutz-1x-rabljenaex\/","title":{"rendered":"IBC cisterna 1000 L Schutz \u2013 rabljena, EX ozemljena"},"content":{"rendered":"<p><span style=\"font-size: large;\"><strong>Product information:<\/strong><br \/>\n\u200bIBC cisterna, enkrat rabljena za transport zeli\u0161\u010dnih ekstraktov.<br \/>\nFactory washed and like new.<\/span><\/p>\n<p><strong>Repeatedly asked questions:<\/strong><\/p>\n<p>Why don't you always have them in stock?<br \/>\nNa\u0161a glavna dejavnost so dodatki za IBC cisterne. Ob\u010dasno pa imamo mo\u017enost na\u0161im strankam ponuditi odli\u010dne rabljene (obnovljene) ob\u010dasno tudi FOODGRADE cisterne. Lahko se zgodi, da ve\u010d kot pol leta ni nove zaloge.<\/p>\n<p><strong>Do used tanks have a certificate?<\/strong><br \/>\nNobene rabljene cisterne nimajo certifikata o ponovni ustreznosti, ker niti ni in\u0161titucije, ki bi to preverjala oz. certifikat izdajala.\u00a0Na\u0161e FOODGRADE cisterne pa imajo sledljivost, ki jo ima le redkokatera rabljena cisterna.<\/p>\n<p><strong>Why do companies sell used tanks rather than return them if they are still usable?<\/strong><br \/>\nIn bigger cities, this works. Schutz has, for example, the Recobulk line (the frame is repaired if necessary and the tank balloon is replaced with a new one. Transport costs and other factors limit this option. Most often the value of the tank is included in the price of the raw material.<\/p>\n<p><strong>Do your used tanks have a smell?<\/strong><br \/>\nNot in the 90% cases - or in HDPE plastic, just like new.<br \/>\nIn 10% cases, e.g. after sweet (fructose) etc.<\/p>\n<p><strong>Are your used tanks also suitable for drinking water?<\/strong><br \/>\nThe short answer is no. Why? Standing water is a problem even in new tanks. If there are no added preservatives, UV sterilisation, etc., micro-organisms grow in it, which can be harmful to health if\/ when there are too many of them. For drinking water, we recommend new tanks (not necessarily Food grade, even normal new tanks are clean, non-recycled HDPE, which is suitable for this purpose) and proper purification or preservation etc - this will ensure that\u00a0<u>No\u00a0<\/u>we are dealing with. Our tanks are used specifically for the food industry and are pressure washed with hot water.<\/p>\n<p><strong>Is the water cleaner in a black tank?<\/strong><br \/>\nWe don't know because we can't see the dirt in it because of the black walls. Joking aside - micro-organisms and algae are definitely less proliferated. Also, the plastic of these tanks is more UV-resistant. However, the water in the tank heats up more, and even if the tank was cleaned well, we would not notice it, because it is not really visible. We prefer a normal (white) tank and\u00a0<a href=\"https:\/\/ibcparts.eu\/izdelek\/zascitna-ponjava-tarp-za-ibc-cisterno\/\">a protective tarpaulin<\/a>. This keeps the water cooler even if the tarpaulin is black, as the air acts as an insulator. We also usually have black tanks in stock.<\/p>\n<p><strong>What is the lifetime of a tank?<\/strong><br \/>\nIt could be 3 years, it could be 30 years. Depending on the quality of the tank, the external factors (sun, cold), the care it receives and, last but not least, your luck. Problems usually start with the valves first, there are no major problems with the balloon. The valves of IBC tanks are not designed to be opened and closed constantly, so we advise you to use kits\u00a0<a href=\"https:\/\/ibcparts.eu\/kompleti-pipareducir\/\">Pipa+reducer<\/a>, which you can find in our offer.<\/p>\n<p><strong>Do we need to drain the water from the cistern in winter?<\/strong><br \/>\nYes, it's best that way. And leave the valve (and tap) open.<br \/>\nIf you leave water in the tank during the winter, make sure it is not completely full. Insulate the valve and tap (cover with warm cloth).<\/p>\n<p><strong>Is the metal frame stainless?<\/strong><br \/>\nDa, je namre\u010d galvanizirano &#8211; hladno cinkano. Prav tako paleta, \u010de je kovinska. \u010ce se po\u0161koduje, lahko za\u010dne rjaveti.<\/p>","protected":false},"excerpt":{"rendered":"<h2 data-start=\"1401\" data-end=\"1456\"><strong data-start=\"1401\" data-end=\"1456\">IBC cisterna 1000 L \u2013 rabljena, EX ozemljena, na primer za kurilno olje ali nafto.<\/strong><\/h2>\n<p><strong>The advantages of our tanker<\/strong>:<\/p>\n<p>&#8211;<strong>OZEMLJEN ventil in antistati\u010den material<\/strong> (<strong>EX<\/strong> cisterna za vnetljive teko\u010dine). <strong>UN<\/strong> atest.<\/p>\n<p>-najkvalitetnej\u0161i proizvajalec Schutz.<br \/>\n-at<strong>\u00a0Metal <\/strong>palette,<br \/>\n-standard valve S60 - there are many connections for this thread,<br \/>\n-ventil je privarjen na cisterno.<br \/>\n-standard 165mm lid - usually plain, but can also be vented (if this is important to you, please make us aware of this when ordering).<br \/>\n&#8211;<strong>starost do ~6 mesecev<\/strong> &#8211; prakti\u010dno nove cisterne &#8211; zelo pomembno, ker je plastika prakti\u010dno nova.<\/p>\n<p><strong>-popolnoma \u010diste, kot nove.<\/strong><\/p>\n<p><strong>Dimensions:<\/strong><br \/>\nLength x width x height = 120 x 100 x 117cm.<\/p>\n<p><strong>PERSONAL COLLECTION ONLY - NOT SENT BY POST<\/strong><\/p>\n<p>&nbsp;<\/p>","protected":false},"featured_media":17317,"template":"","meta":[],"product_brand":[],"product_cat":[308,182],"product_tag":[356,340],"class_list":{"0":"post-18175","1":"product","2":"type-product","3":"status-publish","4":"has-post-thumbnail","6":"product_cat-cisterne","7":"product_cat-ibc-cisterne-ventili-in-dodatki","8":"product_tag-ibc-cisterna-za-kurilno-olje","9":"product_tag-rabljena-ibc-cisterna","10":"product_shipping_class-no-shipping-pick-up-only","12":"first","13":"instock","14":"shipping-taxable","15":"purchasable","16":"product-type-simple"},"yoast_head":"<!-- This site is optimized with the Yoast SEO plugin v27.1.1 - https:\/\/yoast.com\/product\/yoast-seo-wordpress\/ -->\n<title>IBC cisterna 1000 L Schutz \u2013 rabljena, EX ozemljena | IBCparts.eu<\/title>\n<meta name=\"description\" content=\"EX IBC cisterna Schutz na kovinski paleti za vnetljive teko\u010dine (nafta, kurilno olje), uporabljena 1x za transport alkohola, o\u010di\u0161\u010dena, prakti\u010dno nova.\" \/>\n<meta name=\"robots\" content=\"index, follow, max-snippet:-1, max-image-preview:large, max-video-preview:-1\" \/>\n<link rel=\"canonical\" href=\"https:\/\/ibcparts.eu\/en\/product\/ibc-cisterna-1000l-schutz-1x-rabljenaex\/\" \/>\n<meta property=\"og:locale\" content=\"en_US\" \/>\n<meta property=\"og:type\" content=\"article\" \/>\n<meta property=\"og:title\" content=\"IBC cisterna 1000 L Schutz \u2013 rabljena, EX ozemljena | IBCparts.eu\" \/>\n<meta property=\"og:description\" content=\"EX IBC cisterna Schutz na kovinski paleti za vnetljive teko\u010dine (nafta, kurilno olje), uporabljena 1x za transport alkohola, o\u010di\u0161\u010dena, prakti\u010dno nova.\" \/>\n<meta property=\"og:url\" content=\"https:\/\/ibcparts.eu\/en\/product\/ibc-cisterna-1000l-schutz-1x-rabljenaex\/\" \/>\n<meta property=\"og:site_name\" content=\"IBCparts.eu\" \/>\n<meta property=\"article:modified_time\" content=\"2026-03-20T19:42:40+00:00\" \/>\n<meta property=\"og:image\" content=\"https:\/\/ibcparts.eu\/wp-content\/uploads\/2021\/11\/cisterna-ibc-namoci_4-600x600-1.jpg\" \/>\n\t<meta property=\"og:image:width\" content=\"600\" \/>\n\t<meta property=\"og:image:height\" content=\"600\" \/>\n\t<meta property=\"og:image:type\" content=\"image\/jpeg\" \/>\n<meta name=\"twitter:card\" content=\"summary_large_image\" \/>\n<meta name=\"twitter:label1\" content=\"Est. reading time\" \/>\n\t<meta name=\"twitter:data1\" content=\"3 minutes\" \/>\n<script type=\"application\/ld+json\" class=\"yoast-schema-graph\">{\"@context\":\"https:\/\/schema.org\",\"@graph\":[{\"@type\":\"WebPage\",\"@id\":\"https:\/\/ibcparts.eu\/izdelek\/ibc-cisterna-1000l-schutz-1x-rabljenaex\/\",\"url\":\"https:\/\/ibcparts.eu\/izdelek\/ibc-cisterna-1000l-schutz-1x-rabljenaex\/\",\"name\":\"IBC cisterna 1000 L Schutz \u2013 rabljena, EX ozemljena | IBCparts.eu\",\"isPartOf\":{\"@id\":\"https:\/\/ibcparts.eu\/#website\"},\"primaryImageOfPage\":{\"@id\":\"https:\/\/ibcparts.eu\/izdelek\/ibc-cisterna-1000l-schutz-1x-rabljenaex\/#primaryimage\"},\"image\":{\"@id\":\"https:\/\/ibcparts.eu\/izdelek\/ibc-cisterna-1000l-schutz-1x-rabljenaex\/#primaryimage\"},\"thumbnailUrl\":\"https:\/\/ibcparts.eu\/wp-content\/uploads\/2021\/11\/cisterna-ibc-namoci_4-600x600-1.jpg\",\"datePublished\":\"2025-11-20T16:45:33+00:00\",\"dateModified\":\"2026-03-20T19:42:40+00:00\",\"description\":\"EX IBC cisterna Schutz na kovinski paleti za vnetljive teko\u010dine (nafta, kurilno olje), uporabljena 1x za transport alkohola, o\u010di\u0161\u010dena, prakti\u010dno nova.\",\"breadcrumb\":{\"@id\":\"https:\/\/ibcparts.eu\/izdelek\/ibc-cisterna-1000l-schutz-1x-rabljenaex\/#breadcrumb\"},\"inLanguage\":\"en-US\",\"potentialAction\":[{\"@type\":\"ReadAction\",\"target\":[\"https:\/\/ibcparts.eu\/izdelek\/ibc-cisterna-1000l-schutz-1x-rabljenaex\/\"]}]},{\"@type\":\"ImageObject\",\"inLanguage\":\"en-US\",\"@id\":\"https:\/\/ibcparts.eu\/izdelek\/ibc-cisterna-1000l-schutz-1x-rabljenaex\/#primaryimage\",\"url\":\"https:\/\/ibcparts.eu\/wp-content\/uploads\/2021\/11\/cisterna-ibc-namoci_4-600x600-1.jpg\",\"contentUrl\":\"https:\/\/ibcparts.eu\/wp-content\/uploads\/2021\/11\/cisterna-ibc-namoci_4-600x600-1.jpg\",\"width\":600,\"height\":600},{\"@type\":\"BreadcrumbList\",\"@id\":\"https:\/\/ibcparts.eu\/izdelek\/ibc-cisterna-1000l-schutz-1x-rabljenaex\/#breadcrumb\",\"itemListElement\":[{\"@type\":\"ListItem\",\"position\":1,\"name\":\"Home\",\"item\":\"https:\/\/ibcparts.eu\/\"},{\"@type\":\"ListItem\",\"position\":2,\"name\":\"Nakupujte\",\"item\":\"https:\/\/ibcparts.eu\/nakupujte\/\"},{\"@type\":\"ListItem\",\"position\":3,\"name\":\"IBC cisterna 1000 L Schutz \u2013 rabljena, EX ozemljena\"}]},{\"@type\":\"WebSite\",\"@id\":\"https:\/\/ibcparts.eu\/#website\",\"url\":\"https:\/\/ibcparts.eu\/\",\"name\":\"IBCparts.eu\",\"description\":\"\",\"publisher\":{\"@id\":\"https:\/\/ibcparts.eu\/#organization\"},\"potentialAction\":[{\"@type\":\"SearchAction\",\"target\":{\"@type\":\"EntryPoint\",\"urlTemplate\":\"https:\/\/ibcparts.eu\/?s={search_term_string}\"},\"query-input\":{\"@type\":\"PropertyValueSpecification\",\"valueRequired\":true,\"valueName\":\"search_term_string\"}}],\"inLanguage\":\"en-US\"},{\"@type\":\"Organization\",\"@id\":\"https:\/\/ibcparts.eu\/#organization\",\"name\":\"IBCparts\",\"url\":\"https:\/\/ibcparts.eu\/\",\"logo\":{\"@type\":\"ImageObject\",\"inLanguage\":\"en-US\",\"@id\":\"https:\/\/ibcparts.eu\/#\/schema\/logo\/image\/\",\"url\":\"https:\/\/ibcparts.eu\/wp-content\/uploads\/2021\/10\/Footer-Logo.png\",\"contentUrl\":\"https:\/\/ibcparts.eu\/wp-content\/uploads\/2021\/10\/Footer-Logo.png\",\"width\":1992,\"height\":772,\"caption\":\"IBCparts\"},\"image\":{\"@id\":\"https:\/\/ibcparts.eu\/#\/schema\/logo\/image\/\"}}]}<\/script>\n<!-- \/ Yoast SEO plugin. -->","yoast_head_json":{"title":"IBC cisterna 1000 L Schutz \u2013 rabljena, EX ozemljena | IBCparts.eu","description":"EX IBC cisterna Schutz na kovinski paleti za vnetljive teko\u010dine (nafta, kurilno olje), uporabljena 1x za transport alkohola, o\u010di\u0161\u010dena, prakti\u010dno nova.","robots":{"index":"index","follow":"follow","max-snippet":"max-snippet:-1","max-image-preview":"max-image-preview:large","max-video-preview":"max-video-preview:-1"},"canonical":"https:\/\/ibcparts.eu\/en\/product\/ibc-cisterna-1000l-schutz-1x-rabljenaex\/","og_locale":"en_US","og_type":"article","og_title":"IBC cisterna 1000 L Schutz \u2013 rabljena, EX ozemljena | IBCparts.eu","og_description":"EX IBC cisterna Schutz na kovinski paleti za vnetljive teko\u010dine (nafta, kurilno olje), uporabljena 1x za transport alkohola, o\u010di\u0161\u010dena, prakti\u010dno nova.","og_url":"https:\/\/ibcparts.eu\/en\/product\/ibc-cisterna-1000l-schutz-1x-rabljenaex\/","og_site_name":"IBCparts.eu","article_modified_time":"2026-03-20T19:42:40+00:00","og_image":[{"width":600,"height":600,"url":"https:\/\/ibcparts.eu\/wp-content\/uploads\/2021\/11\/cisterna-ibc-namoci_4-600x600-1.jpg","type":"image\/jpeg"}],"twitter_card":"summary_large_image","twitter_misc":{"Est. reading time":"3 minutes"},"schema":{"@context":"https:\/\/schema.org","@graph":[{"@type":"WebPage","@id":"https:\/\/ibcparts.eu\/izdelek\/ibc-cisterna-1000l-schutz-1x-rabljenaex\/","url":"https:\/\/ibcparts.eu\/izdelek\/ibc-cisterna-1000l-schutz-1x-rabljenaex\/","name":"IBC cisterna 1000 L Schutz \u2013 rabljena, EX ozemljena | IBCparts.eu","isPartOf":{"@id":"https:\/\/ibcparts.eu\/#website"},"primaryImageOfPage":{"@id":"https:\/\/ibcparts.eu\/izdelek\/ibc-cisterna-1000l-schutz-1x-rabljenaex\/#primaryimage"},"image":{"@id":"https:\/\/ibcparts.eu\/izdelek\/ibc-cisterna-1000l-schutz-1x-rabljenaex\/#primaryimage"},"thumbnailUrl":"https:\/\/ibcparts.eu\/wp-content\/uploads\/2021\/11\/cisterna-ibc-namoci_4-600x600-1.jpg","datePublished":"2025-11-20T16:45:33+00:00","dateModified":"2026-03-20T19:42:40+00:00","description":"EX IBC cisterna Schutz na kovinski paleti za vnetljive teko\u010dine (nafta, kurilno olje), uporabljena 1x za transport alkohola, o\u010di\u0161\u010dena, prakti\u010dno nova.","breadcrumb":{"@id":"https:\/\/ibcparts.eu\/izdelek\/ibc-cisterna-1000l-schutz-1x-rabljenaex\/#breadcrumb"},"inLanguage":"en-US","potentialAction":[{"@type":"ReadAction","target":["https:\/\/ibcparts.eu\/izdelek\/ibc-cisterna-1000l-schutz-1x-rabljenaex\/"]}]},{"@type":"ImageObject","inLanguage":"en-US","@id":"https:\/\/ibcparts.eu\/izdelek\/ibc-cisterna-1000l-schutz-1x-rabljenaex\/#primaryimage","url":"https:\/\/ibcparts.eu\/wp-content\/uploads\/2021\/11\/cisterna-ibc-namoci_4-600x600-1.jpg","contentUrl":"https:\/\/ibcparts.eu\/wp-content\/uploads\/2021\/11\/cisterna-ibc-namoci_4-600x600-1.jpg","width":600,"height":600},{"@type":"BreadcrumbList","@id":"https:\/\/ibcparts.eu\/izdelek\/ibc-cisterna-1000l-schutz-1x-rabljenaex\/#breadcrumb","itemListElement":[{"@type":"ListItem","position":1,"name":"Home","item":"https:\/\/ibcparts.eu\/"},{"@type":"ListItem","position":2,"name":"Nakupujte","item":"https:\/\/ibcparts.eu\/nakupujte\/"},{"@type":"ListItem","position":3,"name":"IBC cisterna 1000 L Schutz \u2013 rabljena, EX ozemljena"}]},{"@type":"WebSite","@id":"https:\/\/ibcparts.eu\/#website","url":"https:\/\/ibcparts.eu\/","name":"IBCparts.eu","description":"","publisher":{"@id":"https:\/\/ibcparts.eu\/#organization"},"potentialAction":[{"@type":"SearchAction","target":{"@type":"EntryPoint","urlTemplate":"https:\/\/ibcparts.eu\/?s={search_term_string}"},"query-input":{"@type":"PropertyValueSpecification","valueRequired":true,"valueName":"search_term_string"}}],"inLanguage":"en-US"},{"@type":"Organization","@id":"https:\/\/ibcparts.eu\/#organization","name":"IBCparts","url":"https:\/\/ibcparts.eu\/","logo":{"@type":"ImageObject","inLanguage":"en-US","@id":"https:\/\/ibcparts.eu\/#\/schema\/logo\/image\/","url":"https:\/\/ibcparts.eu\/wp-content\/uploads\/2021\/10\/Footer-Logo.png","contentUrl":"https:\/\/ibcparts.eu\/wp-content\/uploads\/2021\/10\/Footer-Logo.png","width":1992,"height":772,"caption":"IBCparts"},"image":{"@id":"https:\/\/ibcparts.eu\/#\/schema\/logo\/image\/"}}]}},"_links":{"self":[{"href":"https:\/\/ibcparts.eu\/en\/wp-json\/wp\/v2\/product\/18175","targetHints":{"allow":["GET"]}}],"collection":[{"href":"https:\/\/ibcparts.eu\/en\/wp-json\/wp\/v2\/product"}],"about":[{"href":"https:\/\/ibcparts.eu\/en\/wp-json\/wp\/v2\/types\/product"}],"version-history":[{"count":5,"href":"https:\/\/ibcparts.eu\/en\/wp-json\/wp\/v2\/product\/18175\/revisions"}],"predecessor-version":[{"id":20802,"href":"https:\/\/ibcparts.eu\/en\/wp-json\/wp\/v2\/product\/18175\/revisions\/20802"}],"wp:featuredmedia":[{"embeddable":true,"href":"https:\/\/ibcparts.eu\/en\/wp-json\/wp\/v2\/media\/17317"}],"wp:attachment":[{"href":"https:\/\/ibcparts.eu\/en\/wp-json\/wp\/v2\/media?parent=18175"}],"wp:term":[{"taxonomy":"product_brand","embeddable":true,"href":"https:\/\/ibcparts.eu\/en\/wp-json\/wp\/v2\/product_brand?post=18175"},{"taxonomy":"product_cat","embeddable":true,"href":"https:\/\/ibcparts.eu\/en\/wp-json\/wp\/v2\/product_cat?post=18175"},{"taxonomy":"product_tag","embeddable":true,"href":"https:\/\/ibcparts.eu\/en\/wp-json\/wp\/v2\/product_tag?post=18175"}],"curies":[{"name":"wp","href":"https:\/\/api.w.org\/{rel}","templated":true}]}}