{"id":18110,"date":"2025-11-17T11:43:33","date_gmt":"2025-11-17T10:43:33","guid":{"rendered":"https:\/\/ibcparts.eu\/?post_type=product&#038;p=18110"},"modified":"2025-11-17T16:36:45","modified_gmt":"2025-11-17T15:36:45","slug":"dodatna-cisterna-reducir-t-kos-1m-cevi","status":"publish","type":"product","link":"https:\/\/ibcparts.eu\/en\/product\/additional-tank-reducing-t-piece-1m-hose\/","title":{"rendered":"Multi-link (reducer, t-piece, 1m hose)"},"content":{"rendered":"","protected":false},"excerpt":{"rendered":"","protected":false},"featured_media":18112,"template":"","meta":[],"product_brand":[],"product_cat":[163],"product_tag":[],"class_list":{"0":"post-18110","1":"product","2":"type-product","3":"status-publish","4":"has-post-thumbnail","6":"product_cat-nekategorizirano","8":"first","9":"instock","10":"shipping-taxable","11":"purchasable","12":"product-type-simple"},"yoast_head":"<!-- This site is optimized with the Yoast SEO plugin v27.1.1 - https:\/\/yoast.com\/product\/yoast-seo-wordpress\/ -->\n<title>Multi-link (reducir, t-kos, 1m cevi) | IBCparts.eu<\/title>\n<meta name=\"description\" content=\"Dodajte povezavi trio \u0161e ve\u010d cistern. Ta opcija vam omogo\u010da neomejeno povezovanje cistern v vodoravni postavitvi.\" \/>\n<meta name=\"robots\" content=\"index, follow, max-snippet:-1, max-image-preview:large, max-video-preview:-1\" \/>\n<link rel=\"canonical\" href=\"https:\/\/ibcparts.eu\/en\/artikel\/dodatna-cisterna-reducir-t-kos-1m-cevi\/\" \/>\n<meta property=\"og:locale\" content=\"en_US\" \/>\n<meta property=\"og:type\" content=\"article\" \/>\n<meta property=\"og:title\" content=\"Multi-link (reducir, t-kos, 1m cevi) | IBCparts.eu\" \/>\n<meta property=\"og:description\" content=\"Dodajte povezavi trio \u0161e ve\u010d cistern. Ta opcija vam omogo\u010da neomejeno povezovanje cistern v vodoravni postavitvi.\" \/>\n<meta property=\"og:url\" content=\"https:\/\/ibcparts.eu\/en\/artikel\/dodatna-cisterna-reducir-t-kos-1m-cevi\/\" \/>\n<meta property=\"og:site_name\" content=\"IBCparts.eu\" \/>\n<meta property=\"article:modified_time\" content=\"2025-11-17T15:36:45+00:00\" \/>\n<meta property=\"og:image\" content=\"https:\/\/ibcparts.eu\/wp-content\/uploads\/2025\/11\/Dodatna-cisterna-1.png\" \/>\n\t<meta property=\"og:image:width\" content=\"253\" \/>\n\t<meta property=\"og:image:height\" content=\"250\" \/>\n\t<meta property=\"og:image:type\" content=\"image\/png\" \/>\n<meta name=\"twitter:card\" content=\"summary_large_image\" \/>\n<script type=\"application\/ld+json\" class=\"yoast-schema-graph\">{\"@context\":\"https:\/\/schema.org\",\"@graph\":[{\"@type\":\"WebPage\",\"@id\":\"https:\/\/ibcparts.eu\/nl\/artikel\/dodatna-cisterna-reducir-t-kos-1m-cevi\/\",\"url\":\"https:\/\/ibcparts.eu\/nl\/artikel\/dodatna-cisterna-reducir-t-kos-1m-cevi\/\",\"name\":\"Multi-link (reducir, t-kos, 1m cevi) | IBCparts.eu\",\"isPartOf\":{\"@id\":\"https:\/\/ibcparts.eu\/#website\"},\"primaryImageOfPage\":{\"@id\":\"https:\/\/ibcparts.eu\/nl\/artikel\/dodatna-cisterna-reducir-t-kos-1m-cevi\/#primaryimage\"},\"image\":{\"@id\":\"https:\/\/ibcparts.eu\/nl\/artikel\/dodatna-cisterna-reducir-t-kos-1m-cevi\/#primaryimage\"},\"thumbnailUrl\":\"https:\/\/ibcparts.eu\/wp-content\/uploads\/2025\/11\/Dodatna-cisterna-1.png\",\"datePublished\":\"2025-11-17T10:43:33+00:00\",\"dateModified\":\"2025-11-17T15:36:45+00:00\",\"description\":\"Dodajte povezavi trio \u0161e ve\u010d cistern. Ta opcija vam omogo\u010da neomejeno povezovanje cistern v vodoravni postavitvi.\",\"breadcrumb\":{\"@id\":\"https:\/\/ibcparts.eu\/nl\/artikel\/dodatna-cisterna-reducir-t-kos-1m-cevi\/#breadcrumb\"},\"inLanguage\":\"en-US\",\"potentialAction\":[{\"@type\":\"ReadAction\",\"target\":[\"https:\/\/ibcparts.eu\/nl\/artikel\/dodatna-cisterna-reducir-t-kos-1m-cevi\/\"]}]},{\"@type\":\"ImageObject\",\"inLanguage\":\"en-US\",\"@id\":\"https:\/\/ibcparts.eu\/nl\/artikel\/dodatna-cisterna-reducir-t-kos-1m-cevi\/#primaryimage\",\"url\":\"https:\/\/ibcparts.eu\/wp-content\/uploads\/2025\/11\/Dodatna-cisterna-1.png\",\"contentUrl\":\"https:\/\/ibcparts.eu\/wp-content\/uploads\/2025\/11\/Dodatna-cisterna-1.png\",\"width\":253,\"height\":250},{\"@type\":\"BreadcrumbList\",\"@id\":\"https:\/\/ibcparts.eu\/nl\/artikel\/dodatna-cisterna-reducir-t-kos-1m-cevi\/#breadcrumb\",\"itemListElement\":[{\"@type\":\"ListItem\",\"position\":1,\"name\":\"Home\",\"item\":\"https:\/\/ibcparts.eu\/\"},{\"@type\":\"ListItem\",\"position\":2,\"name\":\"Nakupujte\",\"item\":\"https:\/\/ibcparts.eu\/nakupujte\/\"},{\"@type\":\"ListItem\",\"position\":3,\"name\":\"Multi-link (reducir, t-kos, 1m cevi)\"}]},{\"@type\":\"WebSite\",\"@id\":\"https:\/\/ibcparts.eu\/#website\",\"url\":\"https:\/\/ibcparts.eu\/\",\"name\":\"IBCparts.eu\",\"description\":\"\",\"publisher\":{\"@id\":\"https:\/\/ibcparts.eu\/#organization\"},\"potentialAction\":[{\"@type\":\"SearchAction\",\"target\":{\"@type\":\"EntryPoint\",\"urlTemplate\":\"https:\/\/ibcparts.eu\/?s={search_term_string}\"},\"query-input\":{\"@type\":\"PropertyValueSpecification\",\"valueRequired\":true,\"valueName\":\"search_term_string\"}}],\"inLanguage\":\"en-US\"},{\"@type\":\"Organization\",\"@id\":\"https:\/\/ibcparts.eu\/#organization\",\"name\":\"IBCparts\",\"url\":\"https:\/\/ibcparts.eu\/\",\"logo\":{\"@type\":\"ImageObject\",\"inLanguage\":\"en-US\",\"@id\":\"https:\/\/ibcparts.eu\/#\/schema\/logo\/image\/\",\"url\":\"https:\/\/ibcparts.eu\/wp-content\/uploads\/2021\/10\/Footer-Logo.png\",\"contentUrl\":\"https:\/\/ibcparts.eu\/wp-content\/uploads\/2021\/10\/Footer-Logo.png\",\"width\":1992,\"height\":772,\"caption\":\"IBCparts\"},\"image\":{\"@id\":\"https:\/\/ibcparts.eu\/#\/schema\/logo\/image\/\"}}]}<\/script>\n<!-- \/ Yoast SEO plugin. -->","yoast_head_json":{"title":"Multi-link (reducer, t-piece, 1m hose) | IBCparts.eu","description":"Add more tanks to the trio link. This option allows you to connect tanks in a horizontal layout without limitations.","robots":{"index":"index","follow":"follow","max-snippet":"max-snippet:-1","max-image-preview":"max-image-preview:large","max-video-preview":"max-video-preview:-1"},"canonical":"https:\/\/ibcparts.eu\/en\/artikel\/dodatna-cisterna-reducir-t-kos-1m-cevi\/","og_locale":"en_US","og_type":"article","og_title":"Multi-link (reducir, t-kos, 1m cevi) | IBCparts.eu","og_description":"Dodajte povezavi trio \u0161e ve\u010d cistern. Ta opcija vam omogo\u010da neomejeno povezovanje cistern v vodoravni postavitvi.","og_url":"https:\/\/ibcparts.eu\/en\/artikel\/dodatna-cisterna-reducir-t-kos-1m-cevi\/","og_site_name":"IBCparts.eu","article_modified_time":"2025-11-17T15:36:45+00:00","og_image":[{"width":253,"height":250,"url":"https:\/\/ibcparts.eu\/wp-content\/uploads\/2025\/11\/Dodatna-cisterna-1.png","type":"image\/png"}],"twitter_card":"summary_large_image","schema":{"@context":"https:\/\/schema.org","@graph":[{"@type":"WebPage","@id":"https:\/\/ibcparts.eu\/nl\/artikel\/dodatna-cisterna-reducir-t-kos-1m-cevi\/","url":"https:\/\/ibcparts.eu\/nl\/artikel\/dodatna-cisterna-reducir-t-kos-1m-cevi\/","name":"Multi-link (reducer, t-piece, 1m hose) | IBCparts.eu","isPartOf":{"@id":"https:\/\/ibcparts.eu\/#website"},"primaryImageOfPage":{"@id":"https:\/\/ibcparts.eu\/nl\/artikel\/dodatna-cisterna-reducir-t-kos-1m-cevi\/#primaryimage"},"image":{"@id":"https:\/\/ibcparts.eu\/nl\/artikel\/dodatna-cisterna-reducir-t-kos-1m-cevi\/#primaryimage"},"thumbnailUrl":"https:\/\/ibcparts.eu\/wp-content\/uploads\/2025\/11\/Dodatna-cisterna-1.png","datePublished":"2025-11-17T10:43:33+00:00","dateModified":"2025-11-17T15:36:45+00:00","description":"Add more tanks to the trio link. This option allows you to connect tanks in a horizontal layout without limitations.","breadcrumb":{"@id":"https:\/\/ibcparts.eu\/nl\/artikel\/dodatna-cisterna-reducir-t-kos-1m-cevi\/#breadcrumb"},"inLanguage":"en-US","potentialAction":[{"@type":"ReadAction","target":["https:\/\/ibcparts.eu\/nl\/artikel\/dodatna-cisterna-reducir-t-kos-1m-cevi\/"]}]},{"@type":"ImageObject","inLanguage":"en-US","@id":"https:\/\/ibcparts.eu\/nl\/artikel\/dodatna-cisterna-reducir-t-kos-1m-cevi\/#primaryimage","url":"https:\/\/ibcparts.eu\/wp-content\/uploads\/2025\/11\/Dodatna-cisterna-1.png","contentUrl":"https:\/\/ibcparts.eu\/wp-content\/uploads\/2025\/11\/Dodatna-cisterna-1.png","width":253,"height":250},{"@type":"BreadcrumbList","@id":"https:\/\/ibcparts.eu\/nl\/artikel\/dodatna-cisterna-reducir-t-kos-1m-cevi\/#breadcrumb","itemListElement":[{"@type":"ListItem","position":1,"name":"Home","item":"https:\/\/ibcparts.eu\/"},{"@type":"ListItem","position":2,"name":"Nakupujte","item":"https:\/\/ibcparts.eu\/nakupujte\/"},{"@type":"ListItem","position":3,"name":"Multi-link (reducir, t-kos, 1m cevi)"}]},{"@type":"WebSite","@id":"https:\/\/ibcparts.eu\/#website","url":"https:\/\/ibcparts.eu\/","name":"IBCparts.eu","description":"","publisher":{"@id":"https:\/\/ibcparts.eu\/#organization"},"potentialAction":[{"@type":"SearchAction","target":{"@type":"EntryPoint","urlTemplate":"https:\/\/ibcparts.eu\/?s={search_term_string}"},"query-input":{"@type":"PropertyValueSpecification","valueRequired":true,"valueName":"search_term_string"}}],"inLanguage":"en-US"},{"@type":"Organization","@id":"https:\/\/ibcparts.eu\/#organization","name":"IBCparts","url":"https:\/\/ibcparts.eu\/","logo":{"@type":"ImageObject","inLanguage":"en-US","@id":"https:\/\/ibcparts.eu\/#\/schema\/logo\/image\/","url":"https:\/\/ibcparts.eu\/wp-content\/uploads\/2021\/10\/Footer-Logo.png","contentUrl":"https:\/\/ibcparts.eu\/wp-content\/uploads\/2021\/10\/Footer-Logo.png","width":1992,"height":772,"caption":"IBCparts"},"image":{"@id":"https:\/\/ibcparts.eu\/#\/schema\/logo\/image\/"}}]}},"_links":{"self":[{"href":"https:\/\/ibcparts.eu\/en\/wp-json\/wp\/v2\/product\/18110","targetHints":{"allow":["GET"]}}],"collection":[{"href":"https:\/\/ibcparts.eu\/en\/wp-json\/wp\/v2\/product"}],"about":[{"href":"https:\/\/ibcparts.eu\/en\/wp-json\/wp\/v2\/types\/product"}],"version-history":[{"count":0,"href":"https:\/\/ibcparts.eu\/en\/wp-json\/wp\/v2\/product\/18110\/revisions"}],"wp:featuredmedia":[{"embeddable":true,"href":"https:\/\/ibcparts.eu\/en\/wp-json\/wp\/v2\/media\/18112"}],"wp:attachment":[{"href":"https:\/\/ibcparts.eu\/en\/wp-json\/wp\/v2\/media?parent=18110"}],"wp:term":[{"taxonomy":"product_brand","embeddable":true,"href":"https:\/\/ibcparts.eu\/en\/wp-json\/wp\/v2\/product_brand?post=18110"},{"taxonomy":"product_cat","embeddable":true,"href":"https:\/\/ibcparts.eu\/en\/wp-json\/wp\/v2\/product_cat?post=18110"},{"taxonomy":"product_tag","embeddable":true,"href":"https:\/\/ibcparts.eu\/en\/wp-json\/wp\/v2\/product_tag?post=18110"}],"curies":[{"name":"wp","href":"https:\/\/api.w.org\/{rel}","templated":true}]}}