{"id":17221,"date":"2024-08-07T09:09:03","date_gmt":"2024-08-07T08:09:03","guid":{"rendered":"https:\/\/ibcparts.eu\/?post_type=product&#038;p=17221"},"modified":"2025-12-01T14:23:08","modified_gmt":"2025-12-01T13:23:08","slug":"aluminijasta-izolacijska-ponjava","status":"publish","type":"product","link":"https:\/\/ibcparts.eu\/en\/product\/aluminum-insulation-cover\/","title":{"rendered":"Izolacijska ponjava CORE za 1000L IBC cisterno"},"content":{"rendered":"","protected":false},"excerpt":{"rendered":"<p>Izolacijska ponjava CORE iz aluminija\/mehur\u010dkaste folije, zasnovana za izolacijo in ohranjanje temperature IBC cisterne.<\/p>\n<p>&nbsp;<\/p>\n<p>&nbsp;<\/p>\n<p>IBC termo prevleka ponuja ve\u010d prednosti:<\/p>\n<ul>\n<li>Termo prevleka iz metaliziranega PET-a (MPET) z mehur\u010dkastim ovitkom, primerna za 1000-litrski IBC-kontejner.<\/li>\n<li>Zmanj\u0161a izmenjavo zraka<\/li>\n<li>Zmanj\u0161a kratkotrajna nihanja temperature (ekstremna vro\u010dina\/mraz)<\/li>\n<li>Visokokakovostni \u0161ivi (ne lepljeni!)<\/li>\n<li>Pokrov se odpira z velcro trakom.<\/li>\n<li>Odprtina pri ventilu se odpira z velcro trakom.<\/li>\n<li>Celotna sprednja stran se lahko zlo\u017ei navzgor s pomo\u010djo velcro trakov na straneh.<\/li>\n<li>Primerno za \u017eivila: Ne<\/li>\n<li>Idealna je za za\u0161\u010dito vsebine pred kratkotrajnimi temperaturnimi nihanji in temperaturnimi vrhovi.<\/li>\n<li>Ni trajno odporna proti UV-\u017earkom! Primerna le za prevoz in kratkotrajno skladi\u0161\u010denje.<\/li>\n<li>Optimal protection against solar radiation. Blocks direct sunlight and reflects radiation and heat so that IBc tanks can be transported and\/or placed outdoors without damage and overheating from the sun's rays.<\/li>\n<li>Outer layers made of aluminium, intermediate layer of bubble wrap.<\/li>\n<li>Minimal or no heat transfer from outside.<\/li>\n<li><strong>Gre za potro\u0161ni material. Prevleka ni trajno odporna proti UV-\u017earkom in je primerna le za prevoz in kratkotrajno skladi\u0161\u010denje.<\/strong><\/li>\n<li>The insulation sheet is easily installed by pulling it down over the IBC tank - it has an opening at the top with a velcro strap so that the top lid of the IBC can be easily accessed.<\/li>\n<li>Easy mounting on any standard 1000 litre tank.<\/li>\n<li>Dimension: 1200 x 1000 x 1150 mm<\/li>\n<\/ul>","protected":false},"featured_media":18607,"template":"","meta":[],"product_brand":[],"product_cat":[317,262],"product_tag":[430],"class_list":{"0":"post-17221","1":"product","2":"type-product","3":"status-publish","4":"has-post-thumbnail","6":"product_cat-grelniki-zascitne-in-termoizolacijske-ponjave-za-sode-in-ibc-cisterne","7":"product_cat-zascitne-ponjave","8":"product_tag-izolacijska-ponjava-core-za-izolacijo-in-ohranjanje-temperature-ibc-cisterne","10":"first","11":"instock","12":"shipping-taxable","13":"purchasable","14":"product-type-simple"},"yoast_head":"<!-- This site is optimized with the Yoast SEO plugin v27.1.1 - https:\/\/yoast.com\/product\/yoast-seo-wordpress\/ -->\n<title>Izolacijska ponjava CORE za 1000L IBC cisterno | IBCparts.eu<\/title>\n<meta name=\"description\" content=\"Izolacijska ponjava CORE iz aluminija\/mehur\u010dkaste folije, zasnovana za izolacijo in ohranjanje temperature IBC cisterne.\" \/>\n<meta name=\"robots\" content=\"index, follow, max-snippet:-1, max-image-preview:large, max-video-preview:-1\" \/>\n<link rel=\"canonical\" href=\"https:\/\/ibcparts.eu\/en\/product\/aluminum-insulation-cover\/\" \/>\n<meta property=\"og:locale\" content=\"en_US\" \/>\n<meta property=\"og:type\" content=\"article\" \/>\n<meta property=\"og:title\" content=\"Izolacijska ponjava CORE za 1000L IBC cisterno | IBCparts.eu\" \/>\n<meta property=\"og:description\" content=\"Izolacijska ponjava CORE iz aluminija\/mehur\u010dkaste folije, zasnovana za izolacijo in ohranjanje temperature IBC cisterne.\" \/>\n<meta property=\"og:url\" content=\"https:\/\/ibcparts.eu\/en\/product\/aluminum-insulation-cover\/\" \/>\n<meta property=\"og:site_name\" content=\"IBCparts.eu\" \/>\n<meta property=\"article:modified_time\" content=\"2025-12-01T13:23:08+00:00\" \/>\n<meta property=\"og:image\" content=\"https:\/\/ibcparts.eu\/wp-content\/uploads\/2024\/08\/Izolacijska-ponjava-CORE-za-izolacijo-in-ohranjanje-temperature-IBC-cisterne-2.webp\" \/>\n\t<meta property=\"og:image:width\" content=\"800\" \/>\n\t<meta property=\"og:image:height\" content=\"800\" \/>\n\t<meta property=\"og:image:type\" content=\"image\/webp\" \/>\n<meta name=\"twitter:card\" content=\"summary_large_image\" \/>\n<script type=\"application\/ld+json\" class=\"yoast-schema-graph\">{\"@context\":\"https:\/\/schema.org\",\"@graph\":[{\"@type\":\"WebPage\",\"@id\":\"https:\/\/ibcparts.eu\/izdelek\/aluminijasta-izolacijska-ponjava\/\",\"url\":\"https:\/\/ibcparts.eu\/izdelek\/aluminijasta-izolacijska-ponjava\/\",\"name\":\"Izolacijska ponjava CORE za 1000L IBC cisterno | IBCparts.eu\",\"isPartOf\":{\"@id\":\"https:\/\/ibcparts.eu\/#website\"},\"primaryImageOfPage\":{\"@id\":\"https:\/\/ibcparts.eu\/izdelek\/aluminijasta-izolacijska-ponjava\/#primaryimage\"},\"image\":{\"@id\":\"https:\/\/ibcparts.eu\/izdelek\/aluminijasta-izolacijska-ponjava\/#primaryimage\"},\"thumbnailUrl\":\"https:\/\/ibcparts.eu\/wp-content\/uploads\/2024\/08\/Izolacijska-ponjava-CORE-za-izolacijo-in-ohranjanje-temperature-IBC-cisterne-2.webp\",\"datePublished\":\"2024-08-07T08:09:03+00:00\",\"dateModified\":\"2025-12-01T13:23:08+00:00\",\"description\":\"Izolacijska ponjava CORE iz aluminija\/mehur\u010dkaste folije, zasnovana za izolacijo in ohranjanje temperature IBC cisterne.\",\"breadcrumb\":{\"@id\":\"https:\/\/ibcparts.eu\/izdelek\/aluminijasta-izolacijska-ponjava\/#breadcrumb\"},\"inLanguage\":\"en-US\",\"potentialAction\":[{\"@type\":\"ReadAction\",\"target\":[\"https:\/\/ibcparts.eu\/izdelek\/aluminijasta-izolacijska-ponjava\/\"]}]},{\"@type\":\"ImageObject\",\"inLanguage\":\"en-US\",\"@id\":\"https:\/\/ibcparts.eu\/izdelek\/aluminijasta-izolacijska-ponjava\/#primaryimage\",\"url\":\"https:\/\/ibcparts.eu\/wp-content\/uploads\/2024\/08\/Izolacijska-ponjava-CORE-za-izolacijo-in-ohranjanje-temperature-IBC-cisterne-2.webp\",\"contentUrl\":\"https:\/\/ibcparts.eu\/wp-content\/uploads\/2024\/08\/Izolacijska-ponjava-CORE-za-izolacijo-in-ohranjanje-temperature-IBC-cisterne-2.webp\",\"width\":800,\"height\":800,\"caption\":\"Izolacijska ponjava CORE za izolacijo in ohranjanje temperature IBC cisterne\"},{\"@type\":\"BreadcrumbList\",\"@id\":\"https:\/\/ibcparts.eu\/izdelek\/aluminijasta-izolacijska-ponjava\/#breadcrumb\",\"itemListElement\":[{\"@type\":\"ListItem\",\"position\":1,\"name\":\"Home\",\"item\":\"https:\/\/ibcparts.eu\/\"},{\"@type\":\"ListItem\",\"position\":2,\"name\":\"Nakupujte\",\"item\":\"https:\/\/ibcparts.eu\/nakupujte\/\"},{\"@type\":\"ListItem\",\"position\":3,\"name\":\"Izolacijska ponjava CORE za 1000L IBC cisterno\"}]},{\"@type\":\"WebSite\",\"@id\":\"https:\/\/ibcparts.eu\/#website\",\"url\":\"https:\/\/ibcparts.eu\/\",\"name\":\"IBCparts.eu\",\"description\":\"\",\"publisher\":{\"@id\":\"https:\/\/ibcparts.eu\/#organization\"},\"potentialAction\":[{\"@type\":\"SearchAction\",\"target\":{\"@type\":\"EntryPoint\",\"urlTemplate\":\"https:\/\/ibcparts.eu\/?s={search_term_string}\"},\"query-input\":{\"@type\":\"PropertyValueSpecification\",\"valueRequired\":true,\"valueName\":\"search_term_string\"}}],\"inLanguage\":\"en-US\"},{\"@type\":\"Organization\",\"@id\":\"https:\/\/ibcparts.eu\/#organization\",\"name\":\"IBCparts\",\"url\":\"https:\/\/ibcparts.eu\/\",\"logo\":{\"@type\":\"ImageObject\",\"inLanguage\":\"en-US\",\"@id\":\"https:\/\/ibcparts.eu\/#\/schema\/logo\/image\/\",\"url\":\"https:\/\/ibcparts.eu\/wp-content\/uploads\/2021\/10\/Footer-Logo.png\",\"contentUrl\":\"https:\/\/ibcparts.eu\/wp-content\/uploads\/2021\/10\/Footer-Logo.png\",\"width\":1992,\"height\":772,\"caption\":\"IBCparts\"},\"image\":{\"@id\":\"https:\/\/ibcparts.eu\/#\/schema\/logo\/image\/\"}}]}<\/script>\n<!-- \/ Yoast SEO plugin. -->","yoast_head_json":{"title":"Izolacijska ponjava CORE za 1000L IBC cisterno | IBCparts.eu","description":"Izolacijska ponjava CORE iz aluminija\/mehur\u010dkaste folije, zasnovana za izolacijo in ohranjanje temperature IBC cisterne.","robots":{"index":"index","follow":"follow","max-snippet":"max-snippet:-1","max-image-preview":"max-image-preview:large","max-video-preview":"max-video-preview:-1"},"canonical":"https:\/\/ibcparts.eu\/en\/product\/aluminum-insulation-cover\/","og_locale":"en_US","og_type":"article","og_title":"Izolacijska ponjava CORE za 1000L IBC cisterno | IBCparts.eu","og_description":"Izolacijska ponjava CORE iz aluminija\/mehur\u010dkaste folije, zasnovana za izolacijo in ohranjanje temperature IBC cisterne.","og_url":"https:\/\/ibcparts.eu\/en\/product\/aluminum-insulation-cover\/","og_site_name":"IBCparts.eu","article_modified_time":"2025-12-01T13:23:08+00:00","og_image":[{"width":800,"height":800,"url":"https:\/\/ibcparts.eu\/wp-content\/uploads\/2024\/08\/Izolacijska-ponjava-CORE-za-izolacijo-in-ohranjanje-temperature-IBC-cisterne-2.webp","type":"image\/webp"}],"twitter_card":"summary_large_image","schema":{"@context":"https:\/\/schema.org","@graph":[{"@type":"WebPage","@id":"https:\/\/ibcparts.eu\/izdelek\/aluminijasta-izolacijska-ponjava\/","url":"https:\/\/ibcparts.eu\/izdelek\/aluminijasta-izolacijska-ponjava\/","name":"Izolacijska ponjava CORE za 1000L IBC cisterno | IBCparts.eu","isPartOf":{"@id":"https:\/\/ibcparts.eu\/#website"},"primaryImageOfPage":{"@id":"https:\/\/ibcparts.eu\/izdelek\/aluminijasta-izolacijska-ponjava\/#primaryimage"},"image":{"@id":"https:\/\/ibcparts.eu\/izdelek\/aluminijasta-izolacijska-ponjava\/#primaryimage"},"thumbnailUrl":"https:\/\/ibcparts.eu\/wp-content\/uploads\/2024\/08\/Izolacijska-ponjava-CORE-za-izolacijo-in-ohranjanje-temperature-IBC-cisterne-2.webp","datePublished":"2024-08-07T08:09:03+00:00","dateModified":"2025-12-01T13:23:08+00:00","description":"Izolacijska ponjava CORE iz aluminija\/mehur\u010dkaste folije, zasnovana za izolacijo in ohranjanje temperature IBC cisterne.","breadcrumb":{"@id":"https:\/\/ibcparts.eu\/izdelek\/aluminijasta-izolacijska-ponjava\/#breadcrumb"},"inLanguage":"en-US","potentialAction":[{"@type":"ReadAction","target":["https:\/\/ibcparts.eu\/izdelek\/aluminijasta-izolacijska-ponjava\/"]}]},{"@type":"ImageObject","inLanguage":"en-US","@id":"https:\/\/ibcparts.eu\/izdelek\/aluminijasta-izolacijska-ponjava\/#primaryimage","url":"https:\/\/ibcparts.eu\/wp-content\/uploads\/2024\/08\/Izolacijska-ponjava-CORE-za-izolacijo-in-ohranjanje-temperature-IBC-cisterne-2.webp","contentUrl":"https:\/\/ibcparts.eu\/wp-content\/uploads\/2024\/08\/Izolacijska-ponjava-CORE-za-izolacijo-in-ohranjanje-temperature-IBC-cisterne-2.webp","width":800,"height":800,"caption":"Izolacijska ponjava CORE za izolacijo in ohranjanje temperature IBC cisterne"},{"@type":"BreadcrumbList","@id":"https:\/\/ibcparts.eu\/izdelek\/aluminijasta-izolacijska-ponjava\/#breadcrumb","itemListElement":[{"@type":"ListItem","position":1,"name":"Home","item":"https:\/\/ibcparts.eu\/"},{"@type":"ListItem","position":2,"name":"Nakupujte","item":"https:\/\/ibcparts.eu\/nakupujte\/"},{"@type":"ListItem","position":3,"name":"Izolacijska ponjava CORE za 1000L IBC cisterno"}]},{"@type":"WebSite","@id":"https:\/\/ibcparts.eu\/#website","url":"https:\/\/ibcparts.eu\/","name":"IBCparts.eu","description":"","publisher":{"@id":"https:\/\/ibcparts.eu\/#organization"},"potentialAction":[{"@type":"SearchAction","target":{"@type":"EntryPoint","urlTemplate":"https:\/\/ibcparts.eu\/?s={search_term_string}"},"query-input":{"@type":"PropertyValueSpecification","valueRequired":true,"valueName":"search_term_string"}}],"inLanguage":"en-US"},{"@type":"Organization","@id":"https:\/\/ibcparts.eu\/#organization","name":"IBCparts","url":"https:\/\/ibcparts.eu\/","logo":{"@type":"ImageObject","inLanguage":"en-US","@id":"https:\/\/ibcparts.eu\/#\/schema\/logo\/image\/","url":"https:\/\/ibcparts.eu\/wp-content\/uploads\/2021\/10\/Footer-Logo.png","contentUrl":"https:\/\/ibcparts.eu\/wp-content\/uploads\/2021\/10\/Footer-Logo.png","width":1992,"height":772,"caption":"IBCparts"},"image":{"@id":"https:\/\/ibcparts.eu\/#\/schema\/logo\/image\/"}}]}},"_links":{"self":[{"href":"https:\/\/ibcparts.eu\/en\/wp-json\/wp\/v2\/product\/17221","targetHints":{"allow":["GET"]}}],"collection":[{"href":"https:\/\/ibcparts.eu\/en\/wp-json\/wp\/v2\/product"}],"about":[{"href":"https:\/\/ibcparts.eu\/en\/wp-json\/wp\/v2\/types\/product"}],"version-history":[{"count":0,"href":"https:\/\/ibcparts.eu\/en\/wp-json\/wp\/v2\/product\/17221\/revisions"}],"wp:featuredmedia":[{"embeddable":true,"href":"https:\/\/ibcparts.eu\/en\/wp-json\/wp\/v2\/media\/18607"}],"wp:attachment":[{"href":"https:\/\/ibcparts.eu\/en\/wp-json\/wp\/v2\/media?parent=17221"}],"wp:term":[{"taxonomy":"product_brand","embeddable":true,"href":"https:\/\/ibcparts.eu\/en\/wp-json\/wp\/v2\/product_brand?post=17221"},{"taxonomy":"product_cat","embeddable":true,"href":"https:\/\/ibcparts.eu\/en\/wp-json\/wp\/v2\/product_cat?post=17221"},{"taxonomy":"product_tag","embeddable":true,"href":"https:\/\/ibcparts.eu\/en\/wp-json\/wp\/v2\/product_tag?post=17221"}],"curies":[{"name":"wp","href":"https:\/\/api.w.org\/{rel}","templated":true}]}}