{"id":16183,"date":"2024-02-01T11:11:02","date_gmt":"2024-02-01T10:11:02","guid":{"rendered":"https:\/\/ibcparts.eu\/?post_type=product&#038;p=16183"},"modified":"2025-12-31T11:13:45","modified_gmt":"2025-12-31T10:13:45","slug":"komplet-vortex-3-4-hf","status":"publish","type":"product","link":"https:\/\/ibcparts.eu\/en\/product\/komplet-vortex-3-4-hf\/","title":{"rendered":"Vortex 3\/4\u2033 HF kit"},"content":{"rendered":"","protected":false},"excerpt":{"rendered":"<h3 data-start=\"150\" data-end=\"190\">Komplet VORTEX 3\/4&#8243; HighFlow za IBC cisterne<\/h3>\n<ul>\n<li data-start=\"194\" data-end=\"238\"><strong data-start=\"194\" data-end=\"207\">Vrtljiv adapter za la\u017ejo monta\u017eo na IBC cisterno tudi ob priklju\u010deni cevi.<\/strong><\/li>\n<li data-start=\"194\" data-end=\"238\" class=\" translation-block\"><strong data-start=\"171\" data-end=\"184\">Material:<\/strong> high-quality PP (polypropylene)<\/li>\n<li data-start=\"241\" data-end=\"306\" class=\" translation-block\"><strong data-start=\"254\" data-end=\"266\">Seal:<\/strong> EPDM made from pure material, <strong data-start=\"294\" data-end=\"317\">exclusively available from us<\/strong><\/li>\n<li data-start=\"309\" data-end=\"370\" class=\" translation-block\"><strong data-start=\"309\" data-end=\"318\">Tap:<\/strong> <strong data-start=\"319\" data-end=\"350\">3\/4\u2033 HighFlow metal tap<\/strong> \u2013 for high flow rate \u2013 internal diameter of the tap: 12 mm<\/li>\n<li data-start=\"556\" data-end=\"614\" class=\" translation-block\"><strong data-start=\"518\" data-end=\"530\">Assembly:<\/strong> assembled for you, ready to use<\/li>\n<li data-start=\"617\" data-end=\"676\" class=\" translation-block\"><strong data-start=\"579\" data-end=\"598\">Compatibility:<\/strong> IBC tanks with <strong data-start=\"622\" data-end=\"638\">S60x6 (DN50) thread \u2013 this is the classic, most common thread on tanks.<\/strong><\/li>\n<\/ul>","protected":false},"featured_media":16184,"template":"","meta":[],"product_brand":[],"product_cat":[174],"product_tag":[],"class_list":{"0":"post-16183","1":"product","2":"type-product","3":"status-publish","4":"has-post-thumbnail","6":"product_cat-kompleti-vortex","8":"first","9":"instock","10":"shipping-taxable","11":"purchasable","12":"product-type-simple"},"yoast_head":"<!-- This site is optimized with the Yoast SEO plugin v27.1.1 - https:\/\/yoast.com\/product\/yoast-seo-wordpress\/ -->\n<title>Komplet Vortex 3\/4&quot; HF | IBCparts.eu<\/title>\n<meta name=\"description\" content=\"Komplet VORTEX za IBC cisterno z ventilom S60x6 s 3\/4&quot; HighFlow pipo.\" \/>\n<meta name=\"robots\" content=\"index, follow, max-snippet:-1, max-image-preview:large, max-video-preview:-1\" \/>\n<link rel=\"canonical\" href=\"https:\/\/ibcparts.eu\/en\/proizvod\/komplet-vortex-3-4-hf\/\" \/>\n<meta property=\"og:locale\" content=\"en_US\" \/>\n<meta property=\"og:type\" content=\"article\" \/>\n<meta property=\"og:title\" content=\"Komplet Vortex 3\/4&quot; HF | IBCparts.eu\" \/>\n<meta property=\"og:description\" content=\"Komplet VORTEX za IBC cisterno z ventilom S60x6 s 3\/4&quot; HighFlow pipo.\" \/>\n<meta property=\"og:url\" content=\"https:\/\/ibcparts.eu\/en\/proizvod\/komplet-vortex-3-4-hf\/\" \/>\n<meta property=\"og:site_name\" content=\"IBCparts.eu\" \/>\n<meta property=\"article:modified_time\" content=\"2025-12-31T10:13:45+00:00\" \/>\n<meta property=\"og:image\" content=\"https:\/\/ibcparts.eu\/wp-content\/uploads\/2024\/02\/komplet-vortex-34-hf_orig.png\" \/>\n\t<meta property=\"og:image:width\" content=\"500\" \/>\n\t<meta property=\"og:image:height\" content=\"500\" \/>\n\t<meta property=\"og:image:type\" content=\"image\/png\" \/>\n<meta name=\"twitter:card\" content=\"summary_large_image\" \/>\n<script type=\"application\/ld+json\" class=\"yoast-schema-graph\">{\"@context\":\"https:\/\/schema.org\",\"@graph\":[{\"@type\":\"WebPage\",\"@id\":\"https:\/\/ibcparts.eu\/hr\/proizvod\/komplet-vortex-3-4-hf\/\",\"url\":\"https:\/\/ibcparts.eu\/hr\/proizvod\/komplet-vortex-3-4-hf\/\",\"name\":\"Komplet Vortex 3\/4\\\" HF | IBCparts.eu\",\"isPartOf\":{\"@id\":\"https:\/\/ibcparts.eu\/#website\"},\"primaryImageOfPage\":{\"@id\":\"https:\/\/ibcparts.eu\/hr\/proizvod\/komplet-vortex-3-4-hf\/#primaryimage\"},\"image\":{\"@id\":\"https:\/\/ibcparts.eu\/hr\/proizvod\/komplet-vortex-3-4-hf\/#primaryimage\"},\"thumbnailUrl\":\"https:\/\/ibcparts.eu\/wp-content\/uploads\/2024\/02\/komplet-vortex-34-hf_orig.png\",\"datePublished\":\"2024-02-01T10:11:02+00:00\",\"dateModified\":\"2025-12-31T10:13:45+00:00\",\"description\":\"Komplet VORTEX za IBC cisterno z ventilom S60x6 s 3\/4\\\" HighFlow pipo.\",\"breadcrumb\":{\"@id\":\"https:\/\/ibcparts.eu\/hr\/proizvod\/komplet-vortex-3-4-hf\/#breadcrumb\"},\"inLanguage\":\"en-US\",\"potentialAction\":[{\"@type\":\"ReadAction\",\"target\":[\"https:\/\/ibcparts.eu\/hr\/proizvod\/komplet-vortex-3-4-hf\/\"]}]},{\"@type\":\"ImageObject\",\"inLanguage\":\"en-US\",\"@id\":\"https:\/\/ibcparts.eu\/hr\/proizvod\/komplet-vortex-3-4-hf\/#primaryimage\",\"url\":\"https:\/\/ibcparts.eu\/wp-content\/uploads\/2024\/02\/komplet-vortex-34-hf_orig.png\",\"contentUrl\":\"https:\/\/ibcparts.eu\/wp-content\/uploads\/2024\/02\/komplet-vortex-34-hf_orig.png\",\"width\":500,\"height\":500},{\"@type\":\"BreadcrumbList\",\"@id\":\"https:\/\/ibcparts.eu\/hr\/proizvod\/komplet-vortex-3-4-hf\/#breadcrumb\",\"itemListElement\":[{\"@type\":\"ListItem\",\"position\":1,\"name\":\"Home\",\"item\":\"https:\/\/ibcparts.eu\/\"},{\"@type\":\"ListItem\",\"position\":2,\"name\":\"Nakupujte\",\"item\":\"https:\/\/ibcparts.eu\/nakupujte\/\"},{\"@type\":\"ListItem\",\"position\":3,\"name\":\"Komplet Vortex 3\/4&#8243; HF\"}]},{\"@type\":\"WebSite\",\"@id\":\"https:\/\/ibcparts.eu\/#website\",\"url\":\"https:\/\/ibcparts.eu\/\",\"name\":\"IBCparts.eu\",\"description\":\"\",\"publisher\":{\"@id\":\"https:\/\/ibcparts.eu\/#organization\"},\"potentialAction\":[{\"@type\":\"SearchAction\",\"target\":{\"@type\":\"EntryPoint\",\"urlTemplate\":\"https:\/\/ibcparts.eu\/?s={search_term_string}\"},\"query-input\":{\"@type\":\"PropertyValueSpecification\",\"valueRequired\":true,\"valueName\":\"search_term_string\"}}],\"inLanguage\":\"en-US\"},{\"@type\":\"Organization\",\"@id\":\"https:\/\/ibcparts.eu\/#organization\",\"name\":\"IBCparts\",\"url\":\"https:\/\/ibcparts.eu\/\",\"logo\":{\"@type\":\"ImageObject\",\"inLanguage\":\"en-US\",\"@id\":\"https:\/\/ibcparts.eu\/#\/schema\/logo\/image\/\",\"url\":\"https:\/\/ibcparts.eu\/wp-content\/uploads\/2021\/10\/Footer-Logo.png\",\"contentUrl\":\"https:\/\/ibcparts.eu\/wp-content\/uploads\/2021\/10\/Footer-Logo.png\",\"width\":1992,\"height\":772,\"caption\":\"IBCparts\"},\"image\":{\"@id\":\"https:\/\/ibcparts.eu\/#\/schema\/logo\/image\/\"}}]}<\/script>\n<!-- \/ Yoast SEO plugin. -->","yoast_head_json":{"title":"Vortex 3\/4\" HF kit | IBCparts.eu","description":"VORTEX kit for IBC tank with valve S60x6 with 3\/4\" HighFlow tap.","robots":{"index":"index","follow":"follow","max-snippet":"max-snippet:-1","max-image-preview":"max-image-preview:large","max-video-preview":"max-video-preview:-1"},"canonical":"https:\/\/ibcparts.eu\/en\/proizvod\/komplet-vortex-3-4-hf\/","og_locale":"en_US","og_type":"article","og_title":"Komplet Vortex 3\/4\" HF | IBCparts.eu","og_description":"Komplet VORTEX za IBC cisterno z ventilom S60x6 s 3\/4\" HighFlow pipo.","og_url":"https:\/\/ibcparts.eu\/en\/proizvod\/komplet-vortex-3-4-hf\/","og_site_name":"IBCparts.eu","article_modified_time":"2025-12-31T10:13:45+00:00","og_image":[{"width":500,"height":500,"url":"https:\/\/ibcparts.eu\/wp-content\/uploads\/2024\/02\/komplet-vortex-34-hf_orig.png","type":"image\/png"}],"twitter_card":"summary_large_image","schema":{"@context":"https:\/\/schema.org","@graph":[{"@type":"WebPage","@id":"https:\/\/ibcparts.eu\/hr\/proizvod\/komplet-vortex-3-4-hf\/","url":"https:\/\/ibcparts.eu\/hr\/proizvod\/komplet-vortex-3-4-hf\/","name":"Vortex 3\/4\" HF kit | IBCparts.eu","isPartOf":{"@id":"https:\/\/ibcparts.eu\/#website"},"primaryImageOfPage":{"@id":"https:\/\/ibcparts.eu\/hr\/proizvod\/komplet-vortex-3-4-hf\/#primaryimage"},"image":{"@id":"https:\/\/ibcparts.eu\/hr\/proizvod\/komplet-vortex-3-4-hf\/#primaryimage"},"thumbnailUrl":"https:\/\/ibcparts.eu\/wp-content\/uploads\/2024\/02\/komplet-vortex-34-hf_orig.png","datePublished":"2024-02-01T10:11:02+00:00","dateModified":"2025-12-31T10:13:45+00:00","description":"VORTEX kit for IBC tank with valve S60x6 with 3\/4\" HighFlow tap.","breadcrumb":{"@id":"https:\/\/ibcparts.eu\/hr\/proizvod\/komplet-vortex-3-4-hf\/#breadcrumb"},"inLanguage":"en-US","potentialAction":[{"@type":"ReadAction","target":["https:\/\/ibcparts.eu\/hr\/proizvod\/komplet-vortex-3-4-hf\/"]}]},{"@type":"ImageObject","inLanguage":"en-US","@id":"https:\/\/ibcparts.eu\/hr\/proizvod\/komplet-vortex-3-4-hf\/#primaryimage","url":"https:\/\/ibcparts.eu\/wp-content\/uploads\/2024\/02\/komplet-vortex-34-hf_orig.png","contentUrl":"https:\/\/ibcparts.eu\/wp-content\/uploads\/2024\/02\/komplet-vortex-34-hf_orig.png","width":500,"height":500},{"@type":"BreadcrumbList","@id":"https:\/\/ibcparts.eu\/hr\/proizvod\/komplet-vortex-3-4-hf\/#breadcrumb","itemListElement":[{"@type":"ListItem","position":1,"name":"Home","item":"https:\/\/ibcparts.eu\/"},{"@type":"ListItem","position":2,"name":"Nakupujte","item":"https:\/\/ibcparts.eu\/nakupujte\/"},{"@type":"ListItem","position":3,"name":"Komplet Vortex 3\/4&#8243; HF"}]},{"@type":"WebSite","@id":"https:\/\/ibcparts.eu\/#website","url":"https:\/\/ibcparts.eu\/","name":"IBCparts.eu","description":"","publisher":{"@id":"https:\/\/ibcparts.eu\/#organization"},"potentialAction":[{"@type":"SearchAction","target":{"@type":"EntryPoint","urlTemplate":"https:\/\/ibcparts.eu\/?s={search_term_string}"},"query-input":{"@type":"PropertyValueSpecification","valueRequired":true,"valueName":"search_term_string"}}],"inLanguage":"en-US"},{"@type":"Organization","@id":"https:\/\/ibcparts.eu\/#organization","name":"IBCparts","url":"https:\/\/ibcparts.eu\/","logo":{"@type":"ImageObject","inLanguage":"en-US","@id":"https:\/\/ibcparts.eu\/#\/schema\/logo\/image\/","url":"https:\/\/ibcparts.eu\/wp-content\/uploads\/2021\/10\/Footer-Logo.png","contentUrl":"https:\/\/ibcparts.eu\/wp-content\/uploads\/2021\/10\/Footer-Logo.png","width":1992,"height":772,"caption":"IBCparts"},"image":{"@id":"https:\/\/ibcparts.eu\/#\/schema\/logo\/image\/"}}]}},"_links":{"self":[{"href":"https:\/\/ibcparts.eu\/en\/wp-json\/wp\/v2\/product\/16183","targetHints":{"allow":["GET"]}}],"collection":[{"href":"https:\/\/ibcparts.eu\/en\/wp-json\/wp\/v2\/product"}],"about":[{"href":"https:\/\/ibcparts.eu\/en\/wp-json\/wp\/v2\/types\/product"}],"version-history":[{"count":1,"href":"https:\/\/ibcparts.eu\/en\/wp-json\/wp\/v2\/product\/16183\/revisions"}],"predecessor-version":[{"id":19629,"href":"https:\/\/ibcparts.eu\/en\/wp-json\/wp\/v2\/product\/16183\/revisions\/19629"}],"wp:featuredmedia":[{"embeddable":true,"href":"https:\/\/ibcparts.eu\/en\/wp-json\/wp\/v2\/media\/16184"}],"wp:attachment":[{"href":"https:\/\/ibcparts.eu\/en\/wp-json\/wp\/v2\/media?parent=16183"}],"wp:term":[{"taxonomy":"product_brand","embeddable":true,"href":"https:\/\/ibcparts.eu\/en\/wp-json\/wp\/v2\/product_brand?post=16183"},{"taxonomy":"product_cat","embeddable":true,"href":"https:\/\/ibcparts.eu\/en\/wp-json\/wp\/v2\/product_cat?post=16183"},{"taxonomy":"product_tag","embeddable":true,"href":"https:\/\/ibcparts.eu\/en\/wp-json\/wp\/v2\/product_tag?post=16183"}],"curies":[{"name":"wp","href":"https:\/\/api.w.org\/{rel}","templated":true}]}}