{"id":16127,"date":"2024-01-26T12:09:31","date_gmt":"2024-01-26T11:09:31","guid":{"rendered":"https:\/\/ibcparts.eu\/?post_type=product&#038;p=16127"},"modified":"2026-03-29T17:35:10","modified_gmt":"2026-03-29T16:35:10","slug":"oddusnik-easy","status":"publish","type":"product","link":"https:\/\/ibcparts.eu\/en\/product\/oddusnik-easy\/","title":{"rendered":"Oddu\u0161nik AirVent za v pokrov IBC cisterne \u2013 nizek profil (2\u2033 BSP ali S56x4)"},"content":{"rendered":"","protected":false},"excerpt":{"rendered":"<p data-start=\"640\" data-end=\"905\" class=\" translation-block\">The <strong>AirVent<\/strong> vent is designed for <strong>reliable and safe venting of an IBC container<\/strong>, especially when <strong>two containers are placed vertically one above the other<\/strong>.<br>Due to its <strong>extremely low profile<\/strong>, it prevents mechanical issues that can occur when the upper container is full.<\/p>\n<hr data-start=\"907\" data-end=\"910\" \/>\n<h2 data-start=\"912\" data-end=\"987\">\ud83d\udccc KEY ADVANTAGES<\/h2>\n<ul>\n<li class=\" translation-block\">\u2705 intended for <strong>venting the lower IBC container<\/strong><\/li>\n<li class=\" translation-block\">\u2705 ideal for <strong>DUO vertical systems<\/strong><\/li>\n<li class=\" translation-block\">\u2705 <strong>very low profile<\/strong> \u2013 no risk of contact with the upper container<\/li>\n<li class=\" translation-block\">\u2705 prevents <strong>swelling and vacuum<\/strong><\/li>\n<li class=\" translation-block\">\u2705 installation in the <strong>2\u2033 central thread of the cap<\/strong><\/li>\n<li class=\" translation-block\">\u2705 available in <strong>16 mm (1\/2\u2033)<\/strong> and <strong>20 mm (3\/4\u2033)<\/strong> versions<\/li>\n<\/ul>\n<hr data-start=\"1351\" data-end=\"1354\" \/>\n<h2 data-start=\"1356\" data-end=\"1393\">\ud83d\udd0d PRODUCT DESCRIPTION<\/h2>\n<p data-start=\"1395\" data-end=\"1651\" class=\" translation-block\">This vent is designed for <strong>simple and efficient venting of the lower IBC container<\/strong> when the containers are placed <strong>one above the other<\/strong>.<br>It is important that the <strong>upper container does not have a central support foot<\/strong>, which is the case for most IBC containers on a <strong>metal pallet<\/strong>.<\/p>\n<p data-start=\"1653\" data-end=\"1921\" class=\" translation-block\">A special feature of the <strong>AirVent<\/strong> vent is its <strong>extremely low profile<\/strong>. When the upper container is full, its bottom slightly bends and lowers due to the weight. Taller vents can cause mechanical issues or damage in such cases.<br>With the AirVent solution, you can <strong>have peace of mind<\/strong>.<\/p>\n<hr data-start=\"1923\" data-end=\"1926\" \/>\n<h2 data-start=\"1928\" data-end=\"1959\">\ud83d\udd29 INSTALLATION AND COMPATIBILITY<\/h2>\n<p><em>Pred nakupom preverite navoj na sredini zgornjega pokrova va\u0161e IBC cisterne, saj niso vsi enaki.<\/em><\/p>\n<p><em>Navoj je lahko fini <strong>2\u2033 BSP<\/strong>\u00a0(najpogosteje pri Schutz cisternah) ali pa grob\u00a0<strong>S56\u00d74<\/strong>\u00a0(korak 4 mm, obi\u010dajno pri Mauser cisternah).<\/em><\/p>\n<p data-start=\"1961\" data-end=\"2047\">Oddu\u0161nik se <strong data-start=\"1973\" data-end=\"2030\">privije v pokrov IBC cisterne s sredinskim navojem.<\/strong><\/p>\n<hr data-start=\"2274\" data-end=\"2277\" \/>\n<h2 data-start=\"2279\" data-end=\"2315\">\ud83d\udca8 WHY A 3\/4\u2033 (20 mm) CONNECTION?<\/h2>\n<p data-start=\"2317\" data-end=\"2539\" class=\" translation-block\">The usual connection between two IBC containers is <strong>1\u2033 (32 mm)<\/strong>.<br>The same amount of water that flows from the upper container into the lower one requires <strong>the same amount of air to exit the lower container at its top<\/strong>. The key factor is the <strong>airflow volume<\/strong> \u2013 physics.<\/p>\n<p data-start=\"2541\" data-end=\"2636\" class=\" translation-block\">During testing we found that a <strong>20 mm (3\/4\u2033)<\/strong> internal pipe diameter is the <strong>optimal choice<\/strong>:<\/p>\n<ul>\n<li data-start=\"2639\" data-end=\"2729\" class=\" translation-block\">garden hose (smaller diameter) \u2192 air exits too slowly \u2192 <strong>swelling or compression of the container<\/strong><\/li>\n<li data-start=\"2732\" data-end=\"2779\" class=\" translation-block\">1\u2033 (32 mm) \u2192 may cause <strong>height issues<\/strong><\/li>\n<\/ul>\n<hr data-start=\"2781\" data-end=\"2784\" \/>\n<h2 data-start=\"2786\" data-end=\"2827\">\ud83d\udd04 USE IN DUO VERTICAL \/ 4X SYSTEM<\/h2>\n<ul>\n<li data-start=\"2831\" data-end=\"2895\" class=\" translation-block\">connect a <strong>3\/4\u2033 hose (20 mm inner diameter)<\/strong> to the <strong>hose barb<\/strong><\/li>\n<li data-start=\"2898\" data-end=\"2947\" class=\" translation-block\">secure the hose <strong>above the highest water level<\/strong><\/li>\n<li data-start=\"2950\" data-end=\"2995\" class=\" translation-block\">the container can <strong>breathe<\/strong>, while the water <strong>does not leak out<\/strong><\/li>\n<\/ul>\n<p data-start=\"2997\" data-end=\"3071\" class=\" translation-block\">\ud83d\udc49 In our offer we have a <a href=\"https:\/\/ibcparts.eu\/izdelek\/armirana-cev34\/\" target=\"_self\"><strong>3\/4\u2033 reinforced hose<\/strong><\/a>, you need <strong>up to 2 m<\/strong>.<\/p>\n<hr data-start=\"3073\" data-end=\"3076\" \/>\n<h2 data-start=\"3078\" data-end=\"3103\">\u2699\ufe0f OPTION 16 mm (1\/2\u2033)<\/h2>\n<p data-start=\"3105\" data-end=\"3235\" class=\" translation-block\">We kept the <strong>16 mm (1\/2\u2033)<\/strong> version as an <strong>alternative<\/strong> if it better suits your specific setup or existing hoses.<\/p>","protected":false},"featured_media":16742,"template":"","meta":[],"product_brand":[],"product_cat":[182,263,261],"product_tag":[368],"class_list":{"0":"post-16127","1":"product","2":"type-product","3":"status-publish","4":"has-post-thumbnail","6":"product_cat-ibc-cisterne-ventili-in-dodatki","7":"product_cat-oddusniki","8":"product_cat-pokrovi-za-ibc-cisterne","9":"product_tag-oddusnik-za-ibc-cisterno","11":"first","12":"instock","13":"shipping-taxable","14":"purchasable","15":"product-type-variable"},"yoast_head":"<!-- This site is optimized with the Yoast SEO plugin v27.1.1 - https:\/\/yoast.com\/product\/yoast-seo-wordpress\/ -->\n<title>Oddu\u0161nik AirVent za v pokrov IBC cisterne \u2013 nizek profil (2\u2033 BSP ali S56x4) | IBCparts.eu<\/title>\n<meta name=\"description\" content=\"Ta oddu\u0161nik je namenjen enostavnemu odzra\u010devanju spodnje IBC cisterne, \u010de imate postavitev ena nad drugo. Privijete ga v ustrezen pokrov spodnje cisterne.\" \/>\n<meta name=\"robots\" content=\"index, follow, max-snippet:-1, max-image-preview:large, max-video-preview:-1\" \/>\n<link rel=\"canonical\" href=\"https:\/\/ibcparts.eu\/en\/product\/oddusnik-easy\/\" \/>\n<meta property=\"og:locale\" content=\"en_US\" \/>\n<meta property=\"og:type\" content=\"article\" \/>\n<meta property=\"og:title\" content=\"Oddu\u0161nik AirVent za v pokrov IBC cisterne \u2013 nizek profil (2\u2033 BSP ali S56x4) | IBCparts.eu\" \/>\n<meta property=\"og:description\" content=\"Ta oddu\u0161nik je namenjen enostavnemu odzra\u010devanju spodnje IBC cisterne, \u010de imate postavitev ena nad drugo. Privijete ga v ustrezen pokrov spodnje cisterne.\" \/>\n<meta property=\"og:url\" content=\"https:\/\/ibcparts.eu\/en\/product\/oddusnik-easy\/\" \/>\n<meta property=\"og:site_name\" content=\"IBCparts.eu\" \/>\n<meta property=\"article:modified_time\" content=\"2026-03-29T16:35:10+00:00\" \/>\n<meta property=\"og:image\" content=\"https:\/\/ibcparts.eu\/wp-content\/uploads\/2024\/01\/AirVent.png\" \/>\n\t<meta property=\"og:image:width\" content=\"500\" \/>\n\t<meta property=\"og:image:height\" content=\"500\" \/>\n\t<meta property=\"og:image:type\" content=\"image\/png\" \/>\n<meta name=\"twitter:card\" content=\"summary_large_image\" \/>\n<script type=\"application\/ld+json\" class=\"yoast-schema-graph\">{\"@context\":\"https:\/\/schema.org\",\"@graph\":[{\"@type\":\"WebPage\",\"@id\":\"https:\/\/ibcparts.eu\/izdelek\/oddusnik-easy\/\",\"url\":\"https:\/\/ibcparts.eu\/izdelek\/oddusnik-easy\/\",\"name\":\"Oddu\u0161nik AirVent za v pokrov IBC cisterne \u2013 nizek profil (2\u2033 BSP ali S56x4) | IBCparts.eu\",\"isPartOf\":{\"@id\":\"https:\/\/ibcparts.eu\/#website\"},\"primaryImageOfPage\":{\"@id\":\"https:\/\/ibcparts.eu\/izdelek\/oddusnik-easy\/#primaryimage\"},\"image\":{\"@id\":\"https:\/\/ibcparts.eu\/izdelek\/oddusnik-easy\/#primaryimage\"},\"thumbnailUrl\":\"https:\/\/ibcparts.eu\/wp-content\/uploads\/2024\/01\/AirVent.png\",\"datePublished\":\"2024-01-26T11:09:31+00:00\",\"dateModified\":\"2026-03-29T16:35:10+00:00\",\"description\":\"Ta oddu\u0161nik je namenjen enostavnemu odzra\u010devanju spodnje IBC cisterne, \u010de imate postavitev ena nad drugo. Privijete ga v ustrezen pokrov spodnje cisterne.\",\"breadcrumb\":{\"@id\":\"https:\/\/ibcparts.eu\/izdelek\/oddusnik-easy\/#breadcrumb\"},\"inLanguage\":\"en-US\",\"potentialAction\":[{\"@type\":\"ReadAction\",\"target\":[\"https:\/\/ibcparts.eu\/izdelek\/oddusnik-easy\/\"]}]},{\"@type\":\"ImageObject\",\"inLanguage\":\"en-US\",\"@id\":\"https:\/\/ibcparts.eu\/izdelek\/oddusnik-easy\/#primaryimage\",\"url\":\"https:\/\/ibcparts.eu\/wp-content\/uploads\/2024\/01\/AirVent.png\",\"contentUrl\":\"https:\/\/ibcparts.eu\/wp-content\/uploads\/2024\/01\/AirVent.png\",\"width\":500,\"height\":500,\"caption\":\"Oddu\u0161nik AirVent za monta\u017eo v pokrov IBC cisterne\"},{\"@type\":\"BreadcrumbList\",\"@id\":\"https:\/\/ibcparts.eu\/izdelek\/oddusnik-easy\/#breadcrumb\",\"itemListElement\":[{\"@type\":\"ListItem\",\"position\":1,\"name\":\"Home\",\"item\":\"https:\/\/ibcparts.eu\/\"},{\"@type\":\"ListItem\",\"position\":2,\"name\":\"Nakupujte\",\"item\":\"https:\/\/ibcparts.eu\/nakupujte\/\"},{\"@type\":\"ListItem\",\"position\":3,\"name\":\"Oddu\u0161nik AirVent za v pokrov IBC cisterne \u2013 nizek profil (2\u2033 BSP ali S56x4)\"}]},{\"@type\":\"WebSite\",\"@id\":\"https:\/\/ibcparts.eu\/#website\",\"url\":\"https:\/\/ibcparts.eu\/\",\"name\":\"IBCparts.eu\",\"description\":\"\",\"publisher\":{\"@id\":\"https:\/\/ibcparts.eu\/#organization\"},\"potentialAction\":[{\"@type\":\"SearchAction\",\"target\":{\"@type\":\"EntryPoint\",\"urlTemplate\":\"https:\/\/ibcparts.eu\/?s={search_term_string}\"},\"query-input\":{\"@type\":\"PropertyValueSpecification\",\"valueRequired\":true,\"valueName\":\"search_term_string\"}}],\"inLanguage\":\"en-US\"},{\"@type\":\"Organization\",\"@id\":\"https:\/\/ibcparts.eu\/#organization\",\"name\":\"IBCparts\",\"url\":\"https:\/\/ibcparts.eu\/\",\"logo\":{\"@type\":\"ImageObject\",\"inLanguage\":\"en-US\",\"@id\":\"https:\/\/ibcparts.eu\/#\/schema\/logo\/image\/\",\"url\":\"https:\/\/ibcparts.eu\/wp-content\/uploads\/2021\/10\/Footer-Logo.png\",\"contentUrl\":\"https:\/\/ibcparts.eu\/wp-content\/uploads\/2021\/10\/Footer-Logo.png\",\"width\":1992,\"height\":772,\"caption\":\"IBCparts\"},\"image\":{\"@id\":\"https:\/\/ibcparts.eu\/#\/schema\/logo\/image\/\"}}]}<\/script>\n<!-- \/ Yoast SEO plugin. -->","yoast_head_json":{"title":"Oddu\u0161nik AirVent za v pokrov IBC cisterne \u2013 nizek profil (2\u2033 BSP ali S56x4) | IBCparts.eu","description":"This vent is designed for easy venting of the lower IBC of the tank if you have a stacked layout. It is screwed into the corresponding lid of the lower tank.","robots":{"index":"index","follow":"follow","max-snippet":"max-snippet:-1","max-image-preview":"max-image-preview:large","max-video-preview":"max-video-preview:-1"},"canonical":"https:\/\/ibcparts.eu\/en\/product\/oddusnik-easy\/","og_locale":"en_US","og_type":"article","og_title":"Oddu\u0161nik AirVent za v pokrov IBC cisterne \u2013 nizek profil (2\u2033 BSP ali S56x4) | IBCparts.eu","og_description":"Ta oddu\u0161nik je namenjen enostavnemu odzra\u010devanju spodnje IBC cisterne, \u010de imate postavitev ena nad drugo. Privijete ga v ustrezen pokrov spodnje cisterne.","og_url":"https:\/\/ibcparts.eu\/en\/product\/oddusnik-easy\/","og_site_name":"IBCparts.eu","article_modified_time":"2026-03-29T16:35:10+00:00","og_image":[{"width":500,"height":500,"url":"https:\/\/ibcparts.eu\/wp-content\/uploads\/2024\/01\/AirVent.png","type":"image\/png"}],"twitter_card":"summary_large_image","schema":{"@context":"https:\/\/schema.org","@graph":[{"@type":"WebPage","@id":"https:\/\/ibcparts.eu\/izdelek\/oddusnik-easy\/","url":"https:\/\/ibcparts.eu\/izdelek\/oddusnik-easy\/","name":"Oddu\u0161nik AirVent za v pokrov IBC cisterne \u2013 nizek profil (2\u2033 BSP ali S56x4) | IBCparts.eu","isPartOf":{"@id":"https:\/\/ibcparts.eu\/#website"},"primaryImageOfPage":{"@id":"https:\/\/ibcparts.eu\/izdelek\/oddusnik-easy\/#primaryimage"},"image":{"@id":"https:\/\/ibcparts.eu\/izdelek\/oddusnik-easy\/#primaryimage"},"thumbnailUrl":"https:\/\/ibcparts.eu\/wp-content\/uploads\/2024\/01\/AirVent.png","datePublished":"2024-01-26T11:09:31+00:00","dateModified":"2026-03-29T16:35:10+00:00","description":"This vent is designed for easy venting of the lower IBC of the tank if you have a stacked layout. It is screwed into the corresponding lid of the lower tank.","breadcrumb":{"@id":"https:\/\/ibcparts.eu\/izdelek\/oddusnik-easy\/#breadcrumb"},"inLanguage":"en-US","potentialAction":[{"@type":"ReadAction","target":["https:\/\/ibcparts.eu\/izdelek\/oddusnik-easy\/"]}]},{"@type":"ImageObject","inLanguage":"en-US","@id":"https:\/\/ibcparts.eu\/izdelek\/oddusnik-easy\/#primaryimage","url":"https:\/\/ibcparts.eu\/wp-content\/uploads\/2024\/01\/AirVent.png","contentUrl":"https:\/\/ibcparts.eu\/wp-content\/uploads\/2024\/01\/AirVent.png","width":500,"height":500,"caption":"Oddu\u0161nik AirVent za monta\u017eo v pokrov IBC cisterne"},{"@type":"BreadcrumbList","@id":"https:\/\/ibcparts.eu\/izdelek\/oddusnik-easy\/#breadcrumb","itemListElement":[{"@type":"ListItem","position":1,"name":"Home","item":"https:\/\/ibcparts.eu\/"},{"@type":"ListItem","position":2,"name":"Nakupujte","item":"https:\/\/ibcparts.eu\/nakupujte\/"},{"@type":"ListItem","position":3,"name":"Oddu\u0161nik AirVent za v pokrov IBC cisterne \u2013 nizek profil (2\u2033 BSP ali S56x4)"}]},{"@type":"WebSite","@id":"https:\/\/ibcparts.eu\/#website","url":"https:\/\/ibcparts.eu\/","name":"IBCparts.eu","description":"","publisher":{"@id":"https:\/\/ibcparts.eu\/#organization"},"potentialAction":[{"@type":"SearchAction","target":{"@type":"EntryPoint","urlTemplate":"https:\/\/ibcparts.eu\/?s={search_term_string}"},"query-input":{"@type":"PropertyValueSpecification","valueRequired":true,"valueName":"search_term_string"}}],"inLanguage":"en-US"},{"@type":"Organization","@id":"https:\/\/ibcparts.eu\/#organization","name":"IBCparts","url":"https:\/\/ibcparts.eu\/","logo":{"@type":"ImageObject","inLanguage":"en-US","@id":"https:\/\/ibcparts.eu\/#\/schema\/logo\/image\/","url":"https:\/\/ibcparts.eu\/wp-content\/uploads\/2021\/10\/Footer-Logo.png","contentUrl":"https:\/\/ibcparts.eu\/wp-content\/uploads\/2021\/10\/Footer-Logo.png","width":1992,"height":772,"caption":"IBCparts"},"image":{"@id":"https:\/\/ibcparts.eu\/#\/schema\/logo\/image\/"}}]}},"_links":{"self":[{"href":"https:\/\/ibcparts.eu\/en\/wp-json\/wp\/v2\/product\/16127","targetHints":{"allow":["GET"]}}],"collection":[{"href":"https:\/\/ibcparts.eu\/en\/wp-json\/wp\/v2\/product"}],"about":[{"href":"https:\/\/ibcparts.eu\/en\/wp-json\/wp\/v2\/types\/product"}],"version-history":[{"count":3,"href":"https:\/\/ibcparts.eu\/en\/wp-json\/wp\/v2\/product\/16127\/revisions"}],"predecessor-version":[{"id":20844,"href":"https:\/\/ibcparts.eu\/en\/wp-json\/wp\/v2\/product\/16127\/revisions\/20844"}],"wp:featuredmedia":[{"embeddable":true,"href":"https:\/\/ibcparts.eu\/en\/wp-json\/wp\/v2\/media\/16742"}],"wp:attachment":[{"href":"https:\/\/ibcparts.eu\/en\/wp-json\/wp\/v2\/media?parent=16127"}],"wp:term":[{"taxonomy":"product_brand","embeddable":true,"href":"https:\/\/ibcparts.eu\/en\/wp-json\/wp\/v2\/product_brand?post=16127"},{"taxonomy":"product_cat","embeddable":true,"href":"https:\/\/ibcparts.eu\/en\/wp-json\/wp\/v2\/product_cat?post=16127"},{"taxonomy":"product_tag","embeddable":true,"href":"https:\/\/ibcparts.eu\/en\/wp-json\/wp\/v2\/product_tag?post=16127"}],"curies":[{"name":"wp","href":"https:\/\/api.w.org\/{rel}","templated":true}]}}