{"id":14625,"date":"2023-03-10T02:39:06","date_gmt":"2023-03-10T01:39:06","guid":{"rendered":"https:\/\/ibcparts.eu\/?post_type=product&#038;p=14625"},"modified":"2026-03-04T09:52:59","modified_gmt":"2026-03-04T08:52:59","slug":"odvodnik-filter-pontus","status":"publish","type":"product","link":"https:\/\/ibcparts.eu\/en\/product\/pontus-drain-filter\/","title":{"rendered":"PONTUS diverter\/filter"},"content":{"rendered":"","protected":false},"excerpt":{"rendered":"<h2>Poseben, enostaven, u\u010dinkovit filter de\u017eevnice PONTUS<\/h2>\n<p>Filter de\u017eevnice PONTUS smo izdelali na \u017eeljo stranke, ki je zaradi nizke strehe potrebovala \u010dim bolj kompakten in ozek sistem za filtracijo de\u017eevnice. Zaradi svoje ozke zasnove omogo\u010da monta\u017eo tudi tam, kjer je prostora zelo malo, hkrati pa zagotavlja 100% izkoristek vode, zanesljivo tesnjenje in u\u010dinkovito filtracijo z nerjave\u010dim filtrom.<\/p>\n<p>Primeren je za monta\u017eo na padne cevi 100 mm (plo\u010devina) ali 110 mm (PVC).<\/p>\n<ul>\n<li><strong>Narrow design,<\/strong><\/li>\n<li><strong>100% Water efficiency,<\/strong><\/li>\n<li><strong>velik pretok vode do cisterne (50 mm)<\/strong><\/li>\n<li><strong>interchangeable components,<\/strong><\/li>\n<li><strong>vklju\u010deno tesnilo<\/strong> na zgornjem delu filtra za priklop cevi 100 ali 110 mm<\/li>\n<li><strong>enostaven zimski na\u010din <\/strong>&#8211; zamenjate spodnji \u010dep na T-kosu,<\/li>\n<li><strong>self-cleaning function,<\/strong><\/li>\n<li><strong>nerjave\u010d filter &#8211; 2&#8243; filter ko\u0161ara,<\/strong><\/li>\n<li><strong>100% sealing,<\/strong><\/li>\n<li><strong>vklju\u010dena objemka<\/strong> za monta\u017eo na steno,<\/li>\n<li><strong>very easy installation,<\/strong><\/li>\n<li><strong>compact size,<\/strong><\/li>\n<li><strong><span style=\"color: #5fa233;\">tank connection included<\/span>\u00a0<\/strong>(cev ni vklju\u010dena &#8211; uporabite fleksibilno cev notranji premer 50mm); \u010de izberete Pontus2 mora imeti pokrov va\u0161e cisterne na sredini 2&#8243; BSP navoj<strong>,<\/strong><\/li>\n<li><strong>najcenej\u0161a glede na izkoristek in odli\u010dna re\u0161itev.<\/strong><\/li>\n<\/ul>\n<p>Suitable for mounting on drop pipes (from the gutter) fi 110mm, 100mm, other smaller sizes can also be easily routed into the top of the filter.<br \/>\n\u200b<strong>Outlet for filtered water to 50mm tank.<\/strong><\/p>\n<p>The hose you use to continue down from the filter is\u00a0<strong>110mm.<\/strong><\/p>","protected":false},"featured_media":14626,"template":"","meta":[],"product_brand":[],"product_cat":[186],"product_tag":[],"class_list":{"0":"post-14625","1":"product","2":"type-product","3":"status-publish","4":"has-post-thumbnail","6":"product_cat-filtri-za-dezevnico-in-pvc-redukcije","8":"first","9":"instock","10":"shipping-taxable","11":"purchasable","12":"product-type-variable"},"yoast_head":"<!-- This site is optimized with the Yoast SEO plugin v27.1.1 - https:\/\/yoast.com\/product\/yoast-seo-wordpress\/ -->\n<title>Odvodnik\/filter PONTUS | IBCparts.eu<\/title>\n<meta name=\"description\" content=\"Enostaven, odli\u010den filter\/odvodnik de\u017eevnice s 100% izkoristkom, ozkim dizajnom in zamenljivimi sestavnimi deli.\" \/>\n<meta name=\"robots\" content=\"index, follow, max-snippet:-1, max-image-preview:large, max-video-preview:-1\" \/>\n<link rel=\"canonical\" href=\"https:\/\/ibcparts.eu\/en\/product\/pontus-drain-filter\/\" \/>\n<meta property=\"og:locale\" content=\"en_US\" \/>\n<meta property=\"og:type\" content=\"article\" \/>\n<meta property=\"og:title\" content=\"Odvodnik\/filter PONTUS | IBCparts.eu\" \/>\n<meta property=\"og:description\" content=\"Enostaven, odli\u010den filter\/odvodnik de\u017eevnice s 100% izkoristkom, ozkim dizajnom in zamenljivimi sestavnimi deli.\" \/>\n<meta property=\"og:url\" content=\"https:\/\/ibcparts.eu\/en\/product\/pontus-drain-filter\/\" \/>\n<meta property=\"og:site_name\" content=\"IBCparts.eu\" \/>\n<meta property=\"article:modified_time\" content=\"2026-03-04T08:52:59+00:00\" \/>\n<meta property=\"og:image\" content=\"https:\/\/ibcparts.eu\/wp-content\/uploads\/2023\/03\/pontus-filter-slika12_orig.jpg\" \/>\n\t<meta property=\"og:image:width\" content=\"1049\" \/>\n\t<meta property=\"og:image:height\" content=\"787\" \/>\n\t<meta property=\"og:image:type\" content=\"image\/jpeg\" \/>\n<meta name=\"twitter:card\" content=\"summary_large_image\" \/>\n<script type=\"application\/ld+json\" class=\"yoast-schema-graph\">{\"@context\":\"https:\/\/schema.org\",\"@graph\":[{\"@type\":\"WebPage\",\"@id\":\"https:\/\/ibcparts.eu\/izdelek\/odvodnik-filter-pontus\/\",\"url\":\"https:\/\/ibcparts.eu\/izdelek\/odvodnik-filter-pontus\/\",\"name\":\"Odvodnik\/filter PONTUS | IBCparts.eu\",\"isPartOf\":{\"@id\":\"https:\/\/ibcparts.eu\/#website\"},\"primaryImageOfPage\":{\"@id\":\"https:\/\/ibcparts.eu\/izdelek\/odvodnik-filter-pontus\/#primaryimage\"},\"image\":{\"@id\":\"https:\/\/ibcparts.eu\/izdelek\/odvodnik-filter-pontus\/#primaryimage\"},\"thumbnailUrl\":\"https:\/\/ibcparts.eu\/wp-content\/uploads\/2023\/03\/pontus-filter-slika12_orig.jpg\",\"datePublished\":\"2023-03-10T01:39:06+00:00\",\"dateModified\":\"2026-03-04T08:52:59+00:00\",\"description\":\"Enostaven, odli\u010den filter\/odvodnik de\u017eevnice s 100% izkoristkom, ozkim dizajnom in zamenljivimi sestavnimi deli.\",\"breadcrumb\":{\"@id\":\"https:\/\/ibcparts.eu\/izdelek\/odvodnik-filter-pontus\/#breadcrumb\"},\"inLanguage\":\"en-US\",\"potentialAction\":[{\"@type\":\"ReadAction\",\"target\":[\"https:\/\/ibcparts.eu\/izdelek\/odvodnik-filter-pontus\/\"]}]},{\"@type\":\"ImageObject\",\"inLanguage\":\"en-US\",\"@id\":\"https:\/\/ibcparts.eu\/izdelek\/odvodnik-filter-pontus\/#primaryimage\",\"url\":\"https:\/\/ibcparts.eu\/wp-content\/uploads\/2023\/03\/pontus-filter-slika12_orig.jpg\",\"contentUrl\":\"https:\/\/ibcparts.eu\/wp-content\/uploads\/2023\/03\/pontus-filter-slika12_orig.jpg\",\"width\":1049,\"height\":787,\"caption\":\"Filter de\u017eevnice Pontus - prikat delovanja in monta\u017ee\"},{\"@type\":\"BreadcrumbList\",\"@id\":\"https:\/\/ibcparts.eu\/izdelek\/odvodnik-filter-pontus\/#breadcrumb\",\"itemListElement\":[{\"@type\":\"ListItem\",\"position\":1,\"name\":\"Home\",\"item\":\"https:\/\/ibcparts.eu\/\"},{\"@type\":\"ListItem\",\"position\":2,\"name\":\"Nakupujte\",\"item\":\"https:\/\/ibcparts.eu\/nakupujte\/\"},{\"@type\":\"ListItem\",\"position\":3,\"name\":\"Odvodnik\/filter PONTUS\"}]},{\"@type\":\"WebSite\",\"@id\":\"https:\/\/ibcparts.eu\/#website\",\"url\":\"https:\/\/ibcparts.eu\/\",\"name\":\"IBCparts.eu\",\"description\":\"\",\"publisher\":{\"@id\":\"https:\/\/ibcparts.eu\/#organization\"},\"potentialAction\":[{\"@type\":\"SearchAction\",\"target\":{\"@type\":\"EntryPoint\",\"urlTemplate\":\"https:\/\/ibcparts.eu\/?s={search_term_string}\"},\"query-input\":{\"@type\":\"PropertyValueSpecification\",\"valueRequired\":true,\"valueName\":\"search_term_string\"}}],\"inLanguage\":\"en-US\"},{\"@type\":\"Organization\",\"@id\":\"https:\/\/ibcparts.eu\/#organization\",\"name\":\"IBCparts\",\"url\":\"https:\/\/ibcparts.eu\/\",\"logo\":{\"@type\":\"ImageObject\",\"inLanguage\":\"en-US\",\"@id\":\"https:\/\/ibcparts.eu\/#\/schema\/logo\/image\/\",\"url\":\"https:\/\/ibcparts.eu\/wp-content\/uploads\/2021\/10\/Footer-Logo.png\",\"contentUrl\":\"https:\/\/ibcparts.eu\/wp-content\/uploads\/2021\/10\/Footer-Logo.png\",\"width\":1992,\"height\":772,\"caption\":\"IBCparts\"},\"image\":{\"@id\":\"https:\/\/ibcparts.eu\/#\/schema\/logo\/image\/\"}}]}<\/script>\n<!-- \/ Yoast SEO plugin. -->","yoast_head_json":{"title":"PONTUS diverter\/filter | IBCparts.eu","description":"Simple, excellent rainwater filter\/drain with 100% efficiency, narrow design and interchangeable components.","robots":{"index":"index","follow":"follow","max-snippet":"max-snippet:-1","max-image-preview":"max-image-preview:large","max-video-preview":"max-video-preview:-1"},"canonical":"https:\/\/ibcparts.eu\/en\/product\/pontus-drain-filter\/","og_locale":"en_US","og_type":"article","og_title":"Odvodnik\/filter PONTUS | IBCparts.eu","og_description":"Enostaven, odli\u010den filter\/odvodnik de\u017eevnice s 100% izkoristkom, ozkim dizajnom in zamenljivimi sestavnimi deli.","og_url":"https:\/\/ibcparts.eu\/en\/product\/pontus-drain-filter\/","og_site_name":"IBCparts.eu","article_modified_time":"2026-03-04T08:52:59+00:00","og_image":[{"width":1049,"height":787,"url":"https:\/\/ibcparts.eu\/wp-content\/uploads\/2023\/03\/pontus-filter-slika12_orig.jpg","type":"image\/jpeg"}],"twitter_card":"summary_large_image","schema":{"@context":"https:\/\/schema.org","@graph":[{"@type":"WebPage","@id":"https:\/\/ibcparts.eu\/izdelek\/odvodnik-filter-pontus\/","url":"https:\/\/ibcparts.eu\/izdelek\/odvodnik-filter-pontus\/","name":"PONTUS diverter\/filter | IBCparts.eu","isPartOf":{"@id":"https:\/\/ibcparts.eu\/#website"},"primaryImageOfPage":{"@id":"https:\/\/ibcparts.eu\/izdelek\/odvodnik-filter-pontus\/#primaryimage"},"image":{"@id":"https:\/\/ibcparts.eu\/izdelek\/odvodnik-filter-pontus\/#primaryimage"},"thumbnailUrl":"https:\/\/ibcparts.eu\/wp-content\/uploads\/2023\/03\/pontus-filter-slika12_orig.jpg","datePublished":"2023-03-10T01:39:06+00:00","dateModified":"2026-03-04T08:52:59+00:00","description":"Simple, excellent rainwater filter\/drain with 100% efficiency, narrow design and interchangeable components.","breadcrumb":{"@id":"https:\/\/ibcparts.eu\/izdelek\/odvodnik-filter-pontus\/#breadcrumb"},"inLanguage":"en-US","potentialAction":[{"@type":"ReadAction","target":["https:\/\/ibcparts.eu\/izdelek\/odvodnik-filter-pontus\/"]}]},{"@type":"ImageObject","inLanguage":"en-US","@id":"https:\/\/ibcparts.eu\/izdelek\/odvodnik-filter-pontus\/#primaryimage","url":"https:\/\/ibcparts.eu\/wp-content\/uploads\/2023\/03\/pontus-filter-slika12_orig.jpg","contentUrl":"https:\/\/ibcparts.eu\/wp-content\/uploads\/2023\/03\/pontus-filter-slika12_orig.jpg","width":1049,"height":787,"caption":"Filter de\u017eevnice Pontus - prikat delovanja in monta\u017ee"},{"@type":"BreadcrumbList","@id":"https:\/\/ibcparts.eu\/izdelek\/odvodnik-filter-pontus\/#breadcrumb","itemListElement":[{"@type":"ListItem","position":1,"name":"Home","item":"https:\/\/ibcparts.eu\/"},{"@type":"ListItem","position":2,"name":"Nakupujte","item":"https:\/\/ibcparts.eu\/nakupujte\/"},{"@type":"ListItem","position":3,"name":"Odvodnik\/filter PONTUS"}]},{"@type":"WebSite","@id":"https:\/\/ibcparts.eu\/#website","url":"https:\/\/ibcparts.eu\/","name":"IBCparts.eu","description":"","publisher":{"@id":"https:\/\/ibcparts.eu\/#organization"},"potentialAction":[{"@type":"SearchAction","target":{"@type":"EntryPoint","urlTemplate":"https:\/\/ibcparts.eu\/?s={search_term_string}"},"query-input":{"@type":"PropertyValueSpecification","valueRequired":true,"valueName":"search_term_string"}}],"inLanguage":"en-US"},{"@type":"Organization","@id":"https:\/\/ibcparts.eu\/#organization","name":"IBCparts","url":"https:\/\/ibcparts.eu\/","logo":{"@type":"ImageObject","inLanguage":"en-US","@id":"https:\/\/ibcparts.eu\/#\/schema\/logo\/image\/","url":"https:\/\/ibcparts.eu\/wp-content\/uploads\/2021\/10\/Footer-Logo.png","contentUrl":"https:\/\/ibcparts.eu\/wp-content\/uploads\/2021\/10\/Footer-Logo.png","width":1992,"height":772,"caption":"IBCparts"},"image":{"@id":"https:\/\/ibcparts.eu\/#\/schema\/logo\/image\/"}}]}},"_links":{"self":[{"href":"https:\/\/ibcparts.eu\/en\/wp-json\/wp\/v2\/product\/14625","targetHints":{"allow":["GET"]}}],"collection":[{"href":"https:\/\/ibcparts.eu\/en\/wp-json\/wp\/v2\/product"}],"about":[{"href":"https:\/\/ibcparts.eu\/en\/wp-json\/wp\/v2\/types\/product"}],"version-history":[{"count":3,"href":"https:\/\/ibcparts.eu\/en\/wp-json\/wp\/v2\/product\/14625\/revisions"}],"predecessor-version":[{"id":20721,"href":"https:\/\/ibcparts.eu\/en\/wp-json\/wp\/v2\/product\/14625\/revisions\/20721"}],"wp:featuredmedia":[{"embeddable":true,"href":"https:\/\/ibcparts.eu\/en\/wp-json\/wp\/v2\/media\/14626"}],"wp:attachment":[{"href":"https:\/\/ibcparts.eu\/en\/wp-json\/wp\/v2\/media?parent=14625"}],"wp:term":[{"taxonomy":"product_brand","embeddable":true,"href":"https:\/\/ibcparts.eu\/en\/wp-json\/wp\/v2\/product_brand?post=14625"},{"taxonomy":"product_cat","embeddable":true,"href":"https:\/\/ibcparts.eu\/en\/wp-json\/wp\/v2\/product_cat?post=14625"},{"taxonomy":"product_tag","embeddable":true,"href":"https:\/\/ibcparts.eu\/en\/wp-json\/wp\/v2\/product_tag?post=14625"}],"curies":[{"name":"wp","href":"https:\/\/api.w.org\/{rel}","templated":true}]}}