{"id":14469,"date":"2023-03-01T03:16:11","date_gmt":"2023-03-01T02:16:11","guid":{"rendered":"https:\/\/ibcparts.eu\/?post_type=product&#038;p=14469"},"modified":"2026-02-17T08:14:21","modified_gmt":"2026-02-17T07:14:21","slug":"redukcija-100-110mm","status":"publish","type":"product","link":"https:\/\/ibcparts.eu\/en\/product\/reducer-100-110mm\/","title":{"rendered":"Redukcija iz 100 mm plo\u010devinaste cevi na 110 mm PP HT cev"},"content":{"rendered":"","protected":false},"excerpt":{"rendered":"<div>\n<h2 data-start=\"199\" data-end=\"265\"><strong data-start=\"199\" data-end=\"265\">Prehodna redukcija 100\/110 za povezavo plo\u010devinaste in PP cevi<\/strong><\/h2>\n<p data-start=\"288\" data-end=\"473\">Redukcija je namenjena prehodu iz <strong data-start=\"322\" data-end=\"351\">\u00d8100 mm plo\u010devinaste cevi<\/strong> na <strong data-start=\"355\" data-end=\"373\">\u00d8110 mm PP HT cev<\/strong>. Omogo\u010da hitro in enostavno povezavo razli\u010dnih tipov cevi.<\/p>\n<p data-start=\"475\" data-end=\"635\">Primerna je za uporabo pri razli\u010dnih instalacijskih priklju\u010dkih, kjer se povezuje kovinska cev s <strong data-start=\"572\" data-end=\"584\">PP cevjo<\/strong> ter je potrebna stabilna in funkcionalna povezava.Prehod iz <strong data-start=\"670\" data-end=\"699\">\u00d8100 mm plo\u010devinaste cevi<\/strong> na <strong data-start=\"703\" data-end=\"721\">\u00d8110 mm PP cev<\/strong><\/p>\n<\/div>\n<div class=\"paragraph\">\n<ul>\n<li data-start=\"724\" data-end=\"749\">Dimenzija: <strong data-start=\"735\" data-end=\"749\">100\/110 mm<\/strong><\/li>\n<li data-start=\"1045\" data-end=\"1067\"><strong data-start=\"1045\" data-end=\"1065\">\u00d8110 = mo\u0161ki del<\/strong><\/li>\n<li data-start=\"1070\" data-end=\"1103\"><strong data-start=\"1070\" data-end=\"1101\">\u00d8100 = \u017eenski del s tesnilom<\/strong><\/li>\n<li data-start=\"752\" data-end=\"769\">Enostavna monta\u017ea<\/li>\n<li data-start=\"772\" data-end=\"814\">Odli\u010dno tesnjenje<\/li>\n<\/ul>\n<\/div>","protected":false},"featured_media":19529,"template":"","meta":[],"product_brand":[],"product_cat":[186],"product_tag":[510],"class_list":{"0":"post-14469","1":"product","2":"type-product","3":"status-publish","4":"has-post-thumbnail","6":"product_cat-filtri-za-dezevnico-in-pvc-redukcije","7":"product_tag-pvc","9":"first","10":"instock","11":"shipping-taxable","12":"purchasable","13":"product-type-simple"},"yoast_head":"<!-- This site is optimized with the Yoast SEO plugin v27.1.1 - https:\/\/yoast.com\/product\/yoast-seo-wordpress\/ -->\n<title>Redukcija iz 100 mm plo\u010devinaste cevi na 110 mm PP HT cev | IBCparts.eu<\/title>\n<meta name=\"description\" content=\"Redukcija 100\/110 za prehod iz \u00d8100 mm plo\u010devinaste cevi na \u00d8110 mm PP cev. Enostavna monta\u017ea, stabilna povezava in univerzalna uporaba.\" \/>\n<meta name=\"robots\" content=\"index, follow, max-snippet:-1, max-image-preview:large, max-video-preview:-1\" \/>\n<link rel=\"canonical\" href=\"https:\/\/ibcparts.eu\/en\/product\/reducer-100-110mm\/\" \/>\n<meta property=\"og:locale\" content=\"en_US\" \/>\n<meta property=\"og:type\" content=\"article\" \/>\n<meta property=\"og:title\" content=\"Redukcija iz 100 mm plo\u010devinaste cevi na 110 mm PP HT cev | IBCparts.eu\" \/>\n<meta property=\"og:description\" content=\"Redukcija 100\/110 za prehod iz \u00d8100 mm plo\u010devinaste cevi na \u00d8110 mm PP cev. Enostavna monta\u017ea, stabilna povezava in univerzalna uporaba.\" \/>\n<meta property=\"og:url\" content=\"https:\/\/ibcparts.eu\/en\/product\/reducer-100-110mm\/\" \/>\n<meta property=\"og:site_name\" content=\"IBCparts.eu\" \/>\n<meta property=\"article:modified_time\" content=\"2026-02-17T07:14:21+00:00\" \/>\n<meta property=\"og:image\" content=\"https:\/\/ibcparts.eu\/wp-content\/uploads\/2023\/03\/Redukcija-PVC-HT-110-100.png\" \/>\n\t<meta property=\"og:image:width\" content=\"500\" \/>\n\t<meta property=\"og:image:height\" content=\"500\" \/>\n\t<meta property=\"og:image:type\" content=\"image\/png\" \/>\n<meta name=\"twitter:card\" content=\"summary_large_image\" \/>\n<script type=\"application\/ld+json\" class=\"yoast-schema-graph\">{\"@context\":\"https:\/\/schema.org\",\"@graph\":[{\"@type\":\"WebPage\",\"@id\":\"https:\/\/ibcparts.eu\/izdelek\/redukcija-100-110mm\/\",\"url\":\"https:\/\/ibcparts.eu\/izdelek\/redukcija-100-110mm\/\",\"name\":\"Redukcija iz 100 mm plo\u010devinaste cevi na 110 mm PP HT cev | IBCparts.eu\",\"isPartOf\":{\"@id\":\"https:\/\/ibcparts.eu\/#website\"},\"primaryImageOfPage\":{\"@id\":\"https:\/\/ibcparts.eu\/izdelek\/redukcija-100-110mm\/#primaryimage\"},\"image\":{\"@id\":\"https:\/\/ibcparts.eu\/izdelek\/redukcija-100-110mm\/#primaryimage\"},\"thumbnailUrl\":\"https:\/\/ibcparts.eu\/wp-content\/uploads\/2023\/03\/Redukcija-PVC-HT-110-100.png\",\"datePublished\":\"2023-03-01T02:16:11+00:00\",\"dateModified\":\"2026-02-17T07:14:21+00:00\",\"description\":\"Redukcija 100\/110 za prehod iz \u00d8100 mm plo\u010devinaste cevi na \u00d8110 mm PP cev. Enostavna monta\u017ea, stabilna povezava in univerzalna uporaba.\",\"breadcrumb\":{\"@id\":\"https:\/\/ibcparts.eu\/izdelek\/redukcija-100-110mm\/#breadcrumb\"},\"inLanguage\":\"en-US\",\"potentialAction\":[{\"@type\":\"ReadAction\",\"target\":[\"https:\/\/ibcparts.eu\/izdelek\/redukcija-100-110mm\/\"]}]},{\"@type\":\"ImageObject\",\"inLanguage\":\"en-US\",\"@id\":\"https:\/\/ibcparts.eu\/izdelek\/redukcija-100-110mm\/#primaryimage\",\"url\":\"https:\/\/ibcparts.eu\/wp-content\/uploads\/2023\/03\/Redukcija-PVC-HT-110-100.png\",\"contentUrl\":\"https:\/\/ibcparts.eu\/wp-content\/uploads\/2023\/03\/Redukcija-PVC-HT-110-100.png\",\"width\":500,\"height\":500,\"caption\":\"Redukcija PVC HT 110-100\"},{\"@type\":\"BreadcrumbList\",\"@id\":\"https:\/\/ibcparts.eu\/izdelek\/redukcija-100-110mm\/#breadcrumb\",\"itemListElement\":[{\"@type\":\"ListItem\",\"position\":1,\"name\":\"Home\",\"item\":\"https:\/\/ibcparts.eu\/\"},{\"@type\":\"ListItem\",\"position\":2,\"name\":\"Nakupujte\",\"item\":\"https:\/\/ibcparts.eu\/nakupujte\/\"},{\"@type\":\"ListItem\",\"position\":3,\"name\":\"Redukcija iz 100 mm plo\u010devinaste cevi na 110 mm PP HT cev\"}]},{\"@type\":\"WebSite\",\"@id\":\"https:\/\/ibcparts.eu\/#website\",\"url\":\"https:\/\/ibcparts.eu\/\",\"name\":\"IBCparts.eu\",\"description\":\"\",\"publisher\":{\"@id\":\"https:\/\/ibcparts.eu\/#organization\"},\"potentialAction\":[{\"@type\":\"SearchAction\",\"target\":{\"@type\":\"EntryPoint\",\"urlTemplate\":\"https:\/\/ibcparts.eu\/?s={search_term_string}\"},\"query-input\":{\"@type\":\"PropertyValueSpecification\",\"valueRequired\":true,\"valueName\":\"search_term_string\"}}],\"inLanguage\":\"en-US\"},{\"@type\":\"Organization\",\"@id\":\"https:\/\/ibcparts.eu\/#organization\",\"name\":\"IBCparts\",\"url\":\"https:\/\/ibcparts.eu\/\",\"logo\":{\"@type\":\"ImageObject\",\"inLanguage\":\"en-US\",\"@id\":\"https:\/\/ibcparts.eu\/#\/schema\/logo\/image\/\",\"url\":\"https:\/\/ibcparts.eu\/wp-content\/uploads\/2021\/10\/Footer-Logo.png\",\"contentUrl\":\"https:\/\/ibcparts.eu\/wp-content\/uploads\/2021\/10\/Footer-Logo.png\",\"width\":1992,\"height\":772,\"caption\":\"IBCparts\"},\"image\":{\"@id\":\"https:\/\/ibcparts.eu\/#\/schema\/logo\/image\/\"}}]}<\/script>\n<!-- \/ Yoast SEO plugin. -->","yoast_head_json":{"title":"Redukcija iz 100 mm plo\u010devinaste cevi na 110 mm PP HT cev | IBCparts.eu","description":"Redukcija 100\/110 za prehod iz \u00d8100 mm plo\u010devinaste cevi na \u00d8110 mm PP cev. Enostavna monta\u017ea, stabilna povezava in univerzalna uporaba.","robots":{"index":"index","follow":"follow","max-snippet":"max-snippet:-1","max-image-preview":"max-image-preview:large","max-video-preview":"max-video-preview:-1"},"canonical":"https:\/\/ibcparts.eu\/en\/product\/reducer-100-110mm\/","og_locale":"en_US","og_type":"article","og_title":"Redukcija iz 100 mm plo\u010devinaste cevi na 110 mm PP HT cev | IBCparts.eu","og_description":"Redukcija 100\/110 za prehod iz \u00d8100 mm plo\u010devinaste cevi na \u00d8110 mm PP cev. Enostavna monta\u017ea, stabilna povezava in univerzalna uporaba.","og_url":"https:\/\/ibcparts.eu\/en\/product\/reducer-100-110mm\/","og_site_name":"IBCparts.eu","article_modified_time":"2026-02-17T07:14:21+00:00","og_image":[{"width":500,"height":500,"url":"https:\/\/ibcparts.eu\/wp-content\/uploads\/2023\/03\/Redukcija-PVC-HT-110-100.png","type":"image\/png"}],"twitter_card":"summary_large_image","schema":{"@context":"https:\/\/schema.org","@graph":[{"@type":"WebPage","@id":"https:\/\/ibcparts.eu\/izdelek\/redukcija-100-110mm\/","url":"https:\/\/ibcparts.eu\/izdelek\/redukcija-100-110mm\/","name":"Redukcija iz 100 mm plo\u010devinaste cevi na 110 mm PP HT cev | IBCparts.eu","isPartOf":{"@id":"https:\/\/ibcparts.eu\/#website"},"primaryImageOfPage":{"@id":"https:\/\/ibcparts.eu\/izdelek\/redukcija-100-110mm\/#primaryimage"},"image":{"@id":"https:\/\/ibcparts.eu\/izdelek\/redukcija-100-110mm\/#primaryimage"},"thumbnailUrl":"https:\/\/ibcparts.eu\/wp-content\/uploads\/2023\/03\/Redukcija-PVC-HT-110-100.png","datePublished":"2023-03-01T02:16:11+00:00","dateModified":"2026-02-17T07:14:21+00:00","description":"Redukcija 100\/110 za prehod iz \u00d8100 mm plo\u010devinaste cevi na \u00d8110 mm PP cev. Enostavna monta\u017ea, stabilna povezava in univerzalna uporaba.","breadcrumb":{"@id":"https:\/\/ibcparts.eu\/izdelek\/redukcija-100-110mm\/#breadcrumb"},"inLanguage":"en-US","potentialAction":[{"@type":"ReadAction","target":["https:\/\/ibcparts.eu\/izdelek\/redukcija-100-110mm\/"]}]},{"@type":"ImageObject","inLanguage":"en-US","@id":"https:\/\/ibcparts.eu\/izdelek\/redukcija-100-110mm\/#primaryimage","url":"https:\/\/ibcparts.eu\/wp-content\/uploads\/2023\/03\/Redukcija-PVC-HT-110-100.png","contentUrl":"https:\/\/ibcparts.eu\/wp-content\/uploads\/2023\/03\/Redukcija-PVC-HT-110-100.png","width":500,"height":500,"caption":"Redukcija PVC HT 110-100"},{"@type":"BreadcrumbList","@id":"https:\/\/ibcparts.eu\/izdelek\/redukcija-100-110mm\/#breadcrumb","itemListElement":[{"@type":"ListItem","position":1,"name":"Home","item":"https:\/\/ibcparts.eu\/"},{"@type":"ListItem","position":2,"name":"Nakupujte","item":"https:\/\/ibcparts.eu\/nakupujte\/"},{"@type":"ListItem","position":3,"name":"Redukcija iz 100 mm plo\u010devinaste cevi na 110 mm PP HT cev"}]},{"@type":"WebSite","@id":"https:\/\/ibcparts.eu\/#website","url":"https:\/\/ibcparts.eu\/","name":"IBCparts.eu","description":"","publisher":{"@id":"https:\/\/ibcparts.eu\/#organization"},"potentialAction":[{"@type":"SearchAction","target":{"@type":"EntryPoint","urlTemplate":"https:\/\/ibcparts.eu\/?s={search_term_string}"},"query-input":{"@type":"PropertyValueSpecification","valueRequired":true,"valueName":"search_term_string"}}],"inLanguage":"en-US"},{"@type":"Organization","@id":"https:\/\/ibcparts.eu\/#organization","name":"IBCparts","url":"https:\/\/ibcparts.eu\/","logo":{"@type":"ImageObject","inLanguage":"en-US","@id":"https:\/\/ibcparts.eu\/#\/schema\/logo\/image\/","url":"https:\/\/ibcparts.eu\/wp-content\/uploads\/2021\/10\/Footer-Logo.png","contentUrl":"https:\/\/ibcparts.eu\/wp-content\/uploads\/2021\/10\/Footer-Logo.png","width":1992,"height":772,"caption":"IBCparts"},"image":{"@id":"https:\/\/ibcparts.eu\/#\/schema\/logo\/image\/"}}]}},"_links":{"self":[{"href":"https:\/\/ibcparts.eu\/en\/wp-json\/wp\/v2\/product\/14469","targetHints":{"allow":["GET"]}}],"collection":[{"href":"https:\/\/ibcparts.eu\/en\/wp-json\/wp\/v2\/product"}],"about":[{"href":"https:\/\/ibcparts.eu\/en\/wp-json\/wp\/v2\/types\/product"}],"version-history":[{"count":4,"href":"https:\/\/ibcparts.eu\/en\/wp-json\/wp\/v2\/product\/14469\/revisions"}],"predecessor-version":[{"id":20638,"href":"https:\/\/ibcparts.eu\/en\/wp-json\/wp\/v2\/product\/14469\/revisions\/20638"}],"wp:featuredmedia":[{"embeddable":true,"href":"https:\/\/ibcparts.eu\/en\/wp-json\/wp\/v2\/media\/19529"}],"wp:attachment":[{"href":"https:\/\/ibcparts.eu\/en\/wp-json\/wp\/v2\/media?parent=14469"}],"wp:term":[{"taxonomy":"product_brand","embeddable":true,"href":"https:\/\/ibcparts.eu\/en\/wp-json\/wp\/v2\/product_brand?post=14469"},{"taxonomy":"product_cat","embeddable":true,"href":"https:\/\/ibcparts.eu\/en\/wp-json\/wp\/v2\/product_cat?post=14469"},{"taxonomy":"product_tag","embeddable":true,"href":"https:\/\/ibcparts.eu\/en\/wp-json\/wp\/v2\/product_tag?post=14469"}],"curies":[{"name":"wp","href":"https:\/\/api.w.org\/{rel}","templated":true}]}}