{"id":12199,"date":"2022-01-14T15:31:19","date_gmt":"2022-01-14T14:31:19","guid":{"rendered":"https:\/\/ibcparts.eu\/?post_type=product&#038;p=12199"},"modified":"2026-04-09T12:53:01","modified_gmt":"2026-04-09T11:53:01","slug":"zascitna-ponjava-tarp-za-ibc-cisterno","status":"publish","type":"product","link":"https:\/\/ibcparts.eu\/en\/product\/protective-tarp-for-ibc-tank\/","title":{"rendered":"Protective TARP cover for IBC tank, UV-resistant and tear-resistant"},"content":{"rendered":"","protected":false},"excerpt":{"rendered":"<h2 data-start=\"125\" data-end=\"236\"><strong data-start=\"128\" data-end=\"236\">UV-resistant protective TARP for 1000 L IBC tank \u2013 prevents algae and extends service life<\/strong><\/h2>\n<ul>\n<li class=\" translation-block\"><strong>Unbeatable quality for this price!<\/strong> Superior to UV foil covers in every aspect.<\/li>\n<li class=\" translation-block\"><strong>Main function: Prevents algae growth in the tank<\/strong> used for garden irrigation.<\/li>\n<li class=\" translation-block\"><strong>Extends the service life of the tank<\/strong> by <strong>blocking harmful UV rays<\/strong> that damage your tank.<\/li>\n<li class=\" translation-block\"><strong>Made from PVC-laminated tarpaulin<\/strong>, making it suitable for use in the most demanding weather conditions.<\/li>\n<li>Highly resistant to weather conditions.<\/li>\n<li><strong>The PVC layer creates UV protection and the structure of the tarpaulin itself ensures strength even in very strong winds.<\/strong><\/li>\n<li><strong>Waterproof.<\/strong><\/li>\n<li><strong>Tear-resistant.<\/strong><\/li>\n<li><strong>Perfect fit to the tank.<\/strong><\/li>\n<li class=\" translation-block\">Actually darkens the interior of the IBC tank (completely blocks sunlight) \u2013 low-cost tarps very often only cover the tank, but a large amount of light still passes through, so there is practically no effect on the growth of microorganisms or on protecting the tank.<\/li>\n<li>With an opening at the valve and at the top lid, which can also be completely removed.<\/li>\n<li>Strong side seams.<\/li>\n<li><strong>It has better tensile strength, is harder to tear and has a longer service life.<\/strong><\/li>\n<li class=\" translation-block\">Pri\u010dakovana \u017eivljenjska doba je &gt;4 leta pri obi\u010dajni izpostavljenosti. Ekstremni zunanji dejavniki lahko to dobo tudi skraj\u0161ajo. <strong>Na\u0161a prva, testna ponjava TARP slu\u017ei \u017ee \u0161esto leto pri polni izpostavljenosti vremenskim neprilikam.<\/strong><\/li>\n<\/ul>\n<p><strong>Description:<\/strong><\/p>\n<ul>\n<li>Length: 1220 mm<\/li>\n<li>Width: 1020 mm<\/li>\n<li>Height: 1170 mm<\/li>\n<li>Weight: 1230 g<\/li>\n<li>Material: Tarpaulin<\/li>\n<li class=\" translation-block\">Barva:&nbsp;&nbsp;<strong>Zelena (kamufla\u017ena)<br>\r\n<\/strong><\/li>\n<li>Openings: for the top lid and at the valve.<\/li>\n<li>Velcro straps at the openings allow easy access to the valve and the IBC tank lid. The only drawback is that, in order to keep the price lower, we used self-adhesive Velcro strips instead of sewn ones. In cold winter conditions, the adhesive may detach faster when opening than the Velcro itself, which is very strong. For this reason, the cover is marketed as if this feature were not included.<\/li>\n<\/ul>\n<p><a class=\"woodmart-nav-link\" href=\"https:\/\/ibcparts.eu\/alge-v-ibc-cisterni-kako-jih-prepreciti-in-odpraviti\/\">\ud83d\udc49 Alge v IBC cisterni \u2013 kako jih prepre\u010diti in odpraviti<\/a><\/p>","protected":false},"featured_media":18301,"template":"","meta":[],"product_brand":[],"product_cat":[317,182,262],"product_tag":[505],"class_list":{"0":"post-12199","1":"product","2":"type-product","3":"status-publish","4":"has-post-thumbnail","6":"product_cat-grelniki-zascitne-in-termoizolacijske-ponjave-za-sode-in-ibc-cisterne","7":"product_cat-ibc-cisterne-ventili-in-dodatki","8":"product_cat-zascitne-ponjave","9":"product_tag-uv-ponjava-za-ibc","11":"first","12":"instock","13":"shipping-taxable","14":"purchasable","15":"product-type-simple"},"yoast_head":"<!-- This site is optimized with the Yoast SEO plugin v27.1.1 - https:\/\/yoast.com\/product\/yoast-seo-wordpress\/ -->\n<title>Za\u0161\u010ditna ponjava TARP za IBC cisterno, UV odporna, odporna na trganje<\/title>\n<meta name=\"description\" content=\"Prepre\u010duje razmno\u017eevanje alg in podalj\u0161uje \u017eivljenjsko dobo IBC cisterne. Superiorna ponjavam izdelanim iz folije v vseh pogledih.\" \/>\n<meta name=\"robots\" content=\"index, follow, max-snippet:-1, max-image-preview:large, max-video-preview:-1\" \/>\n<link rel=\"canonical\" href=\"https:\/\/ibcparts.eu\/en\/product\/protective-tarp-for-ibc-tank\/\" \/>\n<meta property=\"og:locale\" content=\"en_US\" \/>\n<meta property=\"og:type\" content=\"article\" \/>\n<meta property=\"og:title\" content=\"Za\u0161\u010ditna ponjava TARP za IBC cisterno, UV odporna, odporna na trganje\" \/>\n<meta property=\"og:description\" content=\"Prepre\u010duje razmno\u017eevanje alg in podalj\u0161uje \u017eivljenjsko dobo IBC cisterne. Superiorna ponjavam izdelanim iz folije v vseh pogledih.\" \/>\n<meta property=\"og:url\" content=\"https:\/\/ibcparts.eu\/en\/product\/protective-tarp-for-ibc-tank\/\" \/>\n<meta property=\"og:site_name\" content=\"IBCparts.eu\" \/>\n<meta property=\"article:modified_time\" content=\"2026-04-09T11:53:01+00:00\" \/>\n<meta property=\"og:image\" content=\"https:\/\/ibcparts.eu\/wp-content\/uploads\/2022\/01\/Ponjava-TARP-za-IBC-cisterno-3.jpg\" \/>\n\t<meta property=\"og:image:width\" content=\"500\" \/>\n\t<meta property=\"og:image:height\" content=\"500\" \/>\n\t<meta property=\"og:image:type\" content=\"image\/jpeg\" \/>\n<meta name=\"twitter:card\" content=\"summary_large_image\" \/>\n<script type=\"application\/ld+json\" class=\"yoast-schema-graph\">{\"@context\":\"https:\/\/schema.org\",\"@graph\":[{\"@type\":\"WebPage\",\"@id\":\"https:\/\/ibcparts.eu\/izdelek\/zascitna-ponjava-tarp-za-ibc-cisterno\/\",\"url\":\"https:\/\/ibcparts.eu\/izdelek\/zascitna-ponjava-tarp-za-ibc-cisterno\/\",\"name\":\"Za\u0161\u010ditna ponjava TARP za IBC cisterno, UV odporna, odporna na trganje\",\"isPartOf\":{\"@id\":\"https:\/\/ibcparts.eu\/#website\"},\"primaryImageOfPage\":{\"@id\":\"https:\/\/ibcparts.eu\/izdelek\/zascitna-ponjava-tarp-za-ibc-cisterno\/#primaryimage\"},\"image\":{\"@id\":\"https:\/\/ibcparts.eu\/izdelek\/zascitna-ponjava-tarp-za-ibc-cisterno\/#primaryimage\"},\"thumbnailUrl\":\"https:\/\/ibcparts.eu\/wp-content\/uploads\/2022\/01\/Ponjava-TARP-za-IBC-cisterno-3.jpg\",\"datePublished\":\"2022-01-14T14:31:19+00:00\",\"dateModified\":\"2026-04-09T11:53:01+00:00\",\"description\":\"Prepre\u010duje razmno\u017eevanje alg in podalj\u0161uje \u017eivljenjsko dobo IBC cisterne. Superiorna ponjavam izdelanim iz folije v vseh pogledih.\",\"breadcrumb\":{\"@id\":\"https:\/\/ibcparts.eu\/izdelek\/zascitna-ponjava-tarp-za-ibc-cisterno\/#breadcrumb\"},\"inLanguage\":\"en-US\",\"potentialAction\":[{\"@type\":\"ReadAction\",\"target\":[\"https:\/\/ibcparts.eu\/izdelek\/zascitna-ponjava-tarp-za-ibc-cisterno\/\"]}]},{\"@type\":\"ImageObject\",\"inLanguage\":\"en-US\",\"@id\":\"https:\/\/ibcparts.eu\/izdelek\/zascitna-ponjava-tarp-za-ibc-cisterno\/#primaryimage\",\"url\":\"https:\/\/ibcparts.eu\/wp-content\/uploads\/2022\/01\/Ponjava-TARP-za-IBC-cisterno-3.jpg\",\"contentUrl\":\"https:\/\/ibcparts.eu\/wp-content\/uploads\/2022\/01\/Ponjava-TARP-za-IBC-cisterno-3.jpg\",\"width\":500,\"height\":500,\"caption\":\"Ponjava TARP za IBC cisterno\"},{\"@type\":\"BreadcrumbList\",\"@id\":\"https:\/\/ibcparts.eu\/izdelek\/zascitna-ponjava-tarp-za-ibc-cisterno\/#breadcrumb\",\"itemListElement\":[{\"@type\":\"ListItem\",\"position\":1,\"name\":\"Home\",\"item\":\"https:\/\/ibcparts.eu\/\"},{\"@type\":\"ListItem\",\"position\":2,\"name\":\"Nakupujte\",\"item\":\"https:\/\/ibcparts.eu\/nakupujte\/\"},{\"@type\":\"ListItem\",\"position\":3,\"name\":\"Za\u0161\u010ditna ponjava TARP za IBC cisterno, UV odporna, odporna na trganje\"}]},{\"@type\":\"WebSite\",\"@id\":\"https:\/\/ibcparts.eu\/#website\",\"url\":\"https:\/\/ibcparts.eu\/\",\"name\":\"IBCparts.eu\",\"description\":\"\",\"publisher\":{\"@id\":\"https:\/\/ibcparts.eu\/#organization\"},\"potentialAction\":[{\"@type\":\"SearchAction\",\"target\":{\"@type\":\"EntryPoint\",\"urlTemplate\":\"https:\/\/ibcparts.eu\/?s={search_term_string}\"},\"query-input\":{\"@type\":\"PropertyValueSpecification\",\"valueRequired\":true,\"valueName\":\"search_term_string\"}}],\"inLanguage\":\"en-US\"},{\"@type\":\"Organization\",\"@id\":\"https:\/\/ibcparts.eu\/#organization\",\"name\":\"IBCparts\",\"url\":\"https:\/\/ibcparts.eu\/\",\"logo\":{\"@type\":\"ImageObject\",\"inLanguage\":\"en-US\",\"@id\":\"https:\/\/ibcparts.eu\/#\/schema\/logo\/image\/\",\"url\":\"https:\/\/ibcparts.eu\/wp-content\/uploads\/2021\/10\/Footer-Logo.png\",\"contentUrl\":\"https:\/\/ibcparts.eu\/wp-content\/uploads\/2021\/10\/Footer-Logo.png\",\"width\":1992,\"height\":772,\"caption\":\"IBCparts\"},\"image\":{\"@id\":\"https:\/\/ibcparts.eu\/#\/schema\/logo\/image\/\"}}]}<\/script>\n<!-- \/ Yoast SEO plugin. -->","yoast_head_json":{"title":"Protective TARP cover for IBC tank, UV-resistant and tear-resistant","description":"Prepre\u010duje razmno\u017eevanje alg in podalj\u0161uje \u017eivljenjsko dobo IBC cisterne. Superiorna ponjavam izdelanim iz folije v vseh pogledih.","robots":{"index":"index","follow":"follow","max-snippet":"max-snippet:-1","max-image-preview":"max-image-preview:large","max-video-preview":"max-video-preview:-1"},"canonical":"https:\/\/ibcparts.eu\/en\/product\/protective-tarp-for-ibc-tank\/","og_locale":"en_US","og_type":"article","og_title":"Za\u0161\u010ditna ponjava TARP za IBC cisterno, UV odporna, odporna na trganje","og_description":"Prepre\u010duje razmno\u017eevanje alg in podalj\u0161uje \u017eivljenjsko dobo IBC cisterne. Superiorna ponjavam izdelanim iz folije v vseh pogledih.","og_url":"https:\/\/ibcparts.eu\/en\/product\/protective-tarp-for-ibc-tank\/","og_site_name":"IBCparts.eu","article_modified_time":"2026-04-09T11:53:01+00:00","og_image":[{"width":500,"height":500,"url":"https:\/\/ibcparts.eu\/wp-content\/uploads\/2022\/01\/Ponjava-TARP-za-IBC-cisterno-3.jpg","type":"image\/jpeg"}],"twitter_card":"summary_large_image","schema":{"@context":"https:\/\/schema.org","@graph":[{"@type":"WebPage","@id":"https:\/\/ibcparts.eu\/izdelek\/zascitna-ponjava-tarp-za-ibc-cisterno\/","url":"https:\/\/ibcparts.eu\/izdelek\/zascitna-ponjava-tarp-za-ibc-cisterno\/","name":"Protective TARP cover for IBC tank, UV-resistant and tear-resistant","isPartOf":{"@id":"https:\/\/ibcparts.eu\/#website"},"primaryImageOfPage":{"@id":"https:\/\/ibcparts.eu\/izdelek\/zascitna-ponjava-tarp-za-ibc-cisterno\/#primaryimage"},"image":{"@id":"https:\/\/ibcparts.eu\/izdelek\/zascitna-ponjava-tarp-za-ibc-cisterno\/#primaryimage"},"thumbnailUrl":"https:\/\/ibcparts.eu\/wp-content\/uploads\/2022\/01\/Ponjava-TARP-za-IBC-cisterno-3.jpg","datePublished":"2022-01-14T14:31:19+00:00","dateModified":"2026-04-09T11:53:01+00:00","description":"Prepre\u010duje razmno\u017eevanje alg in podalj\u0161uje \u017eivljenjsko dobo IBC cisterne. Superiorna ponjavam izdelanim iz folije v vseh pogledih.","breadcrumb":{"@id":"https:\/\/ibcparts.eu\/izdelek\/zascitna-ponjava-tarp-za-ibc-cisterno\/#breadcrumb"},"inLanguage":"en-US","potentialAction":[{"@type":"ReadAction","target":["https:\/\/ibcparts.eu\/izdelek\/zascitna-ponjava-tarp-za-ibc-cisterno\/"]}]},{"@type":"ImageObject","inLanguage":"en-US","@id":"https:\/\/ibcparts.eu\/izdelek\/zascitna-ponjava-tarp-za-ibc-cisterno\/#primaryimage","url":"https:\/\/ibcparts.eu\/wp-content\/uploads\/2022\/01\/Ponjava-TARP-za-IBC-cisterno-3.jpg","contentUrl":"https:\/\/ibcparts.eu\/wp-content\/uploads\/2022\/01\/Ponjava-TARP-za-IBC-cisterno-3.jpg","width":500,"height":500,"caption":"Ponjava TARP za IBC cisterno"},{"@type":"BreadcrumbList","@id":"https:\/\/ibcparts.eu\/izdelek\/zascitna-ponjava-tarp-za-ibc-cisterno\/#breadcrumb","itemListElement":[{"@type":"ListItem","position":1,"name":"Home","item":"https:\/\/ibcparts.eu\/"},{"@type":"ListItem","position":2,"name":"Nakupujte","item":"https:\/\/ibcparts.eu\/nakupujte\/"},{"@type":"ListItem","position":3,"name":"Za\u0161\u010ditna ponjava TARP za IBC cisterno, UV odporna, odporna na trganje"}]},{"@type":"WebSite","@id":"https:\/\/ibcparts.eu\/#website","url":"https:\/\/ibcparts.eu\/","name":"IBCparts.eu","description":"","publisher":{"@id":"https:\/\/ibcparts.eu\/#organization"},"potentialAction":[{"@type":"SearchAction","target":{"@type":"EntryPoint","urlTemplate":"https:\/\/ibcparts.eu\/?s={search_term_string}"},"query-input":{"@type":"PropertyValueSpecification","valueRequired":true,"valueName":"search_term_string"}}],"inLanguage":"en-US"},{"@type":"Organization","@id":"https:\/\/ibcparts.eu\/#organization","name":"IBCparts","url":"https:\/\/ibcparts.eu\/","logo":{"@type":"ImageObject","inLanguage":"en-US","@id":"https:\/\/ibcparts.eu\/#\/schema\/logo\/image\/","url":"https:\/\/ibcparts.eu\/wp-content\/uploads\/2021\/10\/Footer-Logo.png","contentUrl":"https:\/\/ibcparts.eu\/wp-content\/uploads\/2021\/10\/Footer-Logo.png","width":1992,"height":772,"caption":"IBCparts"},"image":{"@id":"https:\/\/ibcparts.eu\/#\/schema\/logo\/image\/"}}]}},"_links":{"self":[{"href":"https:\/\/ibcparts.eu\/en\/wp-json\/wp\/v2\/product\/12199","targetHints":{"allow":["GET"]}}],"collection":[{"href":"https:\/\/ibcparts.eu\/en\/wp-json\/wp\/v2\/product"}],"about":[{"href":"https:\/\/ibcparts.eu\/en\/wp-json\/wp\/v2\/types\/product"}],"version-history":[{"count":5,"href":"https:\/\/ibcparts.eu\/en\/wp-json\/wp\/v2\/product\/12199\/revisions"}],"predecessor-version":[{"id":20919,"href":"https:\/\/ibcparts.eu\/en\/wp-json\/wp\/v2\/product\/12199\/revisions\/20919"}],"wp:featuredmedia":[{"embeddable":true,"href":"https:\/\/ibcparts.eu\/en\/wp-json\/wp\/v2\/media\/18301"}],"wp:attachment":[{"href":"https:\/\/ibcparts.eu\/en\/wp-json\/wp\/v2\/media?parent=12199"}],"wp:term":[{"taxonomy":"product_brand","embeddable":true,"href":"https:\/\/ibcparts.eu\/en\/wp-json\/wp\/v2\/product_brand?post=12199"},{"taxonomy":"product_cat","embeddable":true,"href":"https:\/\/ibcparts.eu\/en\/wp-json\/wp\/v2\/product_cat?post=12199"},{"taxonomy":"product_tag","embeddable":true,"href":"https:\/\/ibcparts.eu\/en\/wp-json\/wp\/v2\/product_tag?post=12199"}],"curies":[{"name":"wp","href":"https:\/\/api.w.org\/{rel}","templated":true}]}}