{"id":12456,"date":"2022-01-17T05:51:02","date_gmt":"2022-01-17T04:51:02","guid":{"rendered":"https:\/\/ibcparts.eu\/?page_id=12456"},"modified":"2026-01-15T16:24:13","modified_gmt":"2026-01-15T15:24:13","slug":"kompleti-pipareducir","status":"publish","type":"page","link":"https:\/\/ibcparts.eu\/en\/kompleti-pipareducir\/","title":{"rendered":"Sets (Tap + Reducer)"},"content":{"rendered":"<div data-elementor-type=\"wp-page\" data-elementor-id=\"12456\" class=\"elementor elementor-12456\" data-elementor-post-type=\"page\">\n\t\t\t\t<div class=\"wd-negative-gap elementor-element elementor-element-6c5ade7 e-flex e-con-boxed e-con e-parent\" data-id=\"6c5ade7\" data-element_type=\"container\" data-e-type=\"container\">\n\t\t\t\t\t<div class=\"e-con-inner\">\n\t\t\t\t<div class=\"elementor-element elementor-element-b2eae6d elementor-widget elementor-widget-wd_text_block\" data-id=\"b2eae6d\" data-element_type=\"widget\" data-e-type=\"widget\" data-widget_type=\"wd_text_block.default\">\n\t\t\t\t<div class=\"elementor-widget-container\">\n\t\t\t\t\t\t\t<div class=\"wd-text-block reset-last-child text-left\">\n\t\t\t\n\t\t\t<h2 class=\" translation-block\">We present assembled IBC adapters with tap, also known as <strong>IBC tank connection tap<\/strong>, <strong>adapter with valve<\/strong>, <strong>tap and reducer set<\/strong> or <strong>tank adapter with tap<\/strong>.<\/h2><p>Not sure how to choose?<\/p><p>Check the link below.<\/p>\n\t\t\t\t\t<\/div>\n\t\t\t\t\t\t<\/div>\n\t\t\t\t<\/div>\n\t\t\t\t\t<\/div>\n\t\t\t\t<\/div>\n\t\t<div class=\"wd-negative-gap elementor-element elementor-element-4085d37 e-flex e-con-boxed e-con e-parent\" data-id=\"4085d37\" data-element_type=\"container\" data-e-type=\"container\">\n\t\t\t\t\t<div class=\"e-con-inner\">\n\t\t\t\t<div class=\"elementor-element elementor-element-5c9f611 elementor-widget elementor-widget-wd_text_block\" data-id=\"5c9f611\" data-element_type=\"widget\" data-e-type=\"widget\" data-widget_type=\"wd_text_block.default\">\n\t\t\t\t<div class=\"elementor-widget-container\">\n\t\t\t\t\t\t\t<div class=\"wd-text-block reset-last-child text-left\">\n\t\t\t\n\t\t\t<p><a href=\"https:\/\/ibcparts.eu\/ibc-adapter-s-pipo-ali-ventilom-kako-izbrati-pravi-komplet-za-vaso-cisterno\/\">\ud83d\udc49<strong> IBC Adapter with Tap (or Valve) \u2013 How to Choose the Right Set for Your Tank<\/strong><\/a><\/p>\n\t\t\t\t\t<\/div>\n\t\t\t\t\t\t<\/div>\n\t\t\t\t<\/div>\n\t\t\t\t\t<\/div>\n\t\t\t\t<\/div>\n\t\t<div class=\"wd-negative-gap elementor-element elementor-element-74f654d e-flex e-con-boxed e-con e-parent\" data-id=\"74f654d\" data-element_type=\"container\" data-e-type=\"container\">\n\t\t\t\t\t<div class=\"e-con-inner\">\n\t\t\t\t<div class=\"elementor-element elementor-element-81cee55 elementor-widget-divider--view-line elementor-widget elementor-widget-divider\" data-id=\"81cee55\" data-element_type=\"widget\" data-e-type=\"widget\" data-widget_type=\"divider.default\">\n\t\t\t\t<div class=\"elementor-widget-container\">\n\t\t\t\t\t\t\t<div class=\"elementor-divider\">\n\t\t\t<span class=\"elementor-divider-separator\">\n\t\t\t\t\t\t<\/span>\n\t\t<\/div>\n\t\t\t\t\t\t<\/div>\n\t\t\t\t<\/div>\n\t\t\t\t\t<\/div>\n\t\t\t\t<\/div>\n\t\t\t\t<section class=\"wd-negative-gap elementor-section elementor-top-section elementor-element elementor-element-50b722d elementor-section-boxed elementor-section-height-default elementor-section-height-default\" data-id=\"50b722d\" data-element_type=\"section\" data-e-type=\"section\">\n\t\t\t\t\t\t<div class=\"elementor-container elementor-column-gap-default\">\n\t\t\t\t\t<div class=\"elementor-column elementor-col-25 elementor-top-column elementor-element elementor-element-001f667\" data-id=\"001f667\" data-element_type=\"column\" data-e-type=\"column\">\n\t\t\t<div class=\"elementor-widget-wrap elementor-element-populated\">\n\t\t\t\t\t\t<div class=\"elementor-element elementor-element-a977ae9 elementor-position-top elementor-widget elementor-widget-image-box\" data-id=\"a977ae9\" data-element_type=\"widget\" data-e-type=\"widget\" data-widget_type=\"image-box.default\">\n\t\t\t\t<div class=\"elementor-widget-container\">\n\t\t\t\t\t<div class=\"elementor-image-box-wrapper\"><figure class=\"elementor-image-box-img\"><a href=\"https:\/\/ibcparts.eu\/kategorije\/kompleti-pipareducir\/kompleti-eco\/\" tabindex=\"-1\"><img decoding=\"async\" width=\"826\" height=\"826\" src=\"https:\/\/ibcparts.eu\/wp-content\/uploads\/2023\/06\/kompleti-eco-za-ibc-cisterno-10_orig-1.jpg\" class=\"attachment-full size-full wp-image-15130\" alt=\"\" srcset=\"https:\/\/ibcparts.eu\/wp-content\/uploads\/2023\/06\/kompleti-eco-za-ibc-cisterno-10_orig-1.jpg 826w, https:\/\/ibcparts.eu\/wp-content\/uploads\/2023\/06\/kompleti-eco-za-ibc-cisterno-10_orig-1-300x300.jpg 300w, https:\/\/ibcparts.eu\/wp-content\/uploads\/2023\/06\/kompleti-eco-za-ibc-cisterno-10_orig-1-150x150.jpg 150w, https:\/\/ibcparts.eu\/wp-content\/uploads\/2023\/06\/kompleti-eco-za-ibc-cisterno-10_orig-1-768x768.jpg 768w, https:\/\/ibcparts.eu\/wp-content\/uploads\/2023\/06\/kompleti-eco-za-ibc-cisterno-10_orig-1-12x12.jpg 12w, https:\/\/ibcparts.eu\/wp-content\/uploads\/2023\/06\/kompleti-eco-za-ibc-cisterno-10_orig-1-600x600.jpg 600w\" sizes=\"(max-width: 826px) 100vw, 826px\" \/><\/a><\/figure><div class=\"elementor-image-box-content\"><h3 class=\"elementor-image-box-title\"><a href=\"https:\/\/ibcparts.eu\/kategorije\/kompleti-pipareducir\/kompleti-eco\/\">ECO sets<\/a><\/h3><p class=\"elementor-image-box-description\"><b>Cheap but still good<br><\/b><br>Now with a FREE EPDM rubber gasket - only from us.<\/p><\/div><\/div>\t\t\t\t<\/div>\n\t\t\t\t<\/div>\n\t\t\t\t\t<\/div>\n\t\t<\/div>\n\t\t\t\t<div class=\"elementor-column elementor-col-25 elementor-top-column elementor-element elementor-element-029efac\" data-id=\"029efac\" data-element_type=\"column\" data-e-type=\"column\">\n\t\t\t<div class=\"elementor-widget-wrap elementor-element-populated\">\n\t\t\t\t\t\t<div class=\"elementor-element elementor-element-696e550 elementor-position-top elementor-invisible elementor-widget elementor-widget-image-box\" data-id=\"696e550\" data-element_type=\"widget\" data-e-type=\"widget\" data-settings=\"{&quot;_animation&quot;:&quot;pulse&quot;}\" data-widget_type=\"image-box.default\">\n\t\t\t\t<div class=\"elementor-widget-container\">\n\t\t\t\t\t<div class=\"elementor-image-box-wrapper\"><figure class=\"elementor-image-box-img\"><a href=\"https:\/\/ibcparts.eu\/kategorije\/kompleti-pipareducir\/kompleti-ava\/\" tabindex=\"-1\"><img decoding=\"async\" width=\"1062\" height=\"1061\" src=\"https:\/\/ibcparts.eu\/wp-content\/uploads\/2023\/06\/screenshot-20230406-213733-gallery_orig.jpg\" class=\"attachment-full size-full wp-image-15131\" alt=\"\" srcset=\"https:\/\/ibcparts.eu\/wp-content\/uploads\/2023\/06\/screenshot-20230406-213733-gallery_orig.jpg 1062w, https:\/\/ibcparts.eu\/wp-content\/uploads\/2023\/06\/screenshot-20230406-213733-gallery_orig-300x300.jpg 300w, https:\/\/ibcparts.eu\/wp-content\/uploads\/2023\/06\/screenshot-20230406-213733-gallery_orig-1024x1024.jpg 1024w, https:\/\/ibcparts.eu\/wp-content\/uploads\/2023\/06\/screenshot-20230406-213733-gallery_orig-150x150.jpg 150w, https:\/\/ibcparts.eu\/wp-content\/uploads\/2023\/06\/screenshot-20230406-213733-gallery_orig-768x767.jpg 768w, https:\/\/ibcparts.eu\/wp-content\/uploads\/2023\/06\/screenshot-20230406-213733-gallery_orig-12x12.jpg 12w, https:\/\/ibcparts.eu\/wp-content\/uploads\/2023\/06\/screenshot-20230406-213733-gallery_orig-600x600.jpg 600w\" sizes=\"(max-width: 1062px) 100vw, 1062px\" \/><\/a><\/figure><div class=\"elementor-image-box-content\"><h3 class=\"elementor-image-box-title\"><a href=\"https:\/\/ibcparts.eu\/kategorije\/kompleti-pipareducir\/kompleti-ava\/\">COMPLETE AVA<\/a><\/h3><p class=\"elementor-image-box-description\"><b>OUR CHOICE<\/b><br><br>Strong, high quality, professional, extended, with rubber and PP sealing, UV-resistant. Seals of different materials can also be purchased.<\/p><\/div><\/div>\t\t\t\t<\/div>\n\t\t\t\t<\/div>\n\t\t\t\t\t<\/div>\n\t\t<\/div>\n\t\t\t\t<div class=\"elementor-column elementor-col-25 elementor-top-column elementor-element elementor-element-6bb1389\" data-id=\"6bb1389\" data-element_type=\"column\" data-e-type=\"column\">\n\t\t\t<div class=\"elementor-widget-wrap elementor-element-populated\">\n\t\t\t\t\t\t<div class=\"elementor-element elementor-element-baea9a6 elementor-position-top elementor-widget elementor-widget-image-box\" data-id=\"baea9a6\" data-element_type=\"widget\" data-e-type=\"widget\" data-widget_type=\"image-box.default\">\n\t\t\t\t<div class=\"elementor-widget-container\">\n\t\t\t\t\t<div class=\"elementor-image-box-wrapper\"><figure class=\"elementor-image-box-img\"><a href=\"https:\/\/ibcparts.eu\/kategorije\/kompleti-pipareducir\/kompleti-pro\/\" tabindex=\"-1\"><img decoding=\"async\" width=\"827\" height=\"827\" src=\"https:\/\/ibcparts.eu\/wp-content\/uploads\/2024\/01\/Kompletii-PRO.jpg\" class=\"attachment-full size-full wp-image-16151\" alt=\"\" srcset=\"https:\/\/ibcparts.eu\/wp-content\/uploads\/2024\/01\/Kompletii-PRO.jpg 827w, https:\/\/ibcparts.eu\/wp-content\/uploads\/2024\/01\/Kompletii-PRO-300x300.jpg 300w, https:\/\/ibcparts.eu\/wp-content\/uploads\/2024\/01\/Kompletii-PRO-150x150.jpg 150w, https:\/\/ibcparts.eu\/wp-content\/uploads\/2024\/01\/Kompletii-PRO-768x768.jpg 768w, https:\/\/ibcparts.eu\/wp-content\/uploads\/2024\/01\/Kompletii-PRO-12x12.jpg 12w, https:\/\/ibcparts.eu\/wp-content\/uploads\/2024\/01\/Kompletii-PRO-600x600.jpg 600w\" sizes=\"(max-width: 827px) 100vw, 827px\" \/><\/a><\/figure><div class=\"elementor-image-box-content\"><h3 class=\"elementor-image-box-title\"><a href=\"https:\/\/ibcparts.eu\/kategorije\/kompleti-pipareducir\/kompleti-pro\/\">PRO sets<\/a><\/h3><p class=\"elementor-image-box-description\"><b>Certified for food contact <br><\/b><br>Very high-quality sets with PRO reducers made of pure PP. Durable, with a rough surface for better grip, attractive design, and excellent functionality. NB\/SB rubber seal. Seals made of various materials are also available for purchase.<\/p><\/div><\/div>\t\t\t\t<\/div>\n\t\t\t\t<\/div>\n\t\t\t\t\t<\/div>\n\t\t<\/div>\n\t\t\t\t<div class=\"elementor-column elementor-col-25 elementor-top-column elementor-element elementor-element-ad48ebf\" data-id=\"ad48ebf\" data-element_type=\"column\" data-e-type=\"column\">\n\t\t\t<div class=\"elementor-widget-wrap elementor-element-populated\">\n\t\t\t\t\t\t<div class=\"elementor-element elementor-element-c5f000a elementor-position-top elementor-widget elementor-widget-image-box\" data-id=\"c5f000a\" data-element_type=\"widget\" data-e-type=\"widget\" data-widget_type=\"image-box.default\">\n\t\t\t\t<div class=\"elementor-widget-container\">\n\t\t\t\t\t<div class=\"elementor-image-box-wrapper\"><figure class=\"elementor-image-box-img\"><a href=\"https:\/\/ibcparts.eu\/kategorije\/kompleti-pipareducir\/kompleti-vortex\/\" tabindex=\"-1\"><img decoding=\"async\" width=\"827\" height=\"827\" src=\"https:\/\/ibcparts.eu\/wp-content\/uploads\/2024\/01\/Kompleti-Vortex.jpg\" class=\"attachment-full size-full wp-image-16152\" alt=\"\" srcset=\"https:\/\/ibcparts.eu\/wp-content\/uploads\/2024\/01\/Kompleti-Vortex.jpg 827w, https:\/\/ibcparts.eu\/wp-content\/uploads\/2024\/01\/Kompleti-Vortex-300x300.jpg 300w, https:\/\/ibcparts.eu\/wp-content\/uploads\/2024\/01\/Kompleti-Vortex-150x150.jpg 150w, https:\/\/ibcparts.eu\/wp-content\/uploads\/2024\/01\/Kompleti-Vortex-768x768.jpg 768w, https:\/\/ibcparts.eu\/wp-content\/uploads\/2024\/01\/Kompleti-Vortex-12x12.jpg 12w, https:\/\/ibcparts.eu\/wp-content\/uploads\/2024\/01\/Kompleti-Vortex-600x600.jpg 600w\" sizes=\"(max-width: 827px) 100vw, 827px\" \/><\/a><\/figure><div class=\"elementor-image-box-content\"><h3 class=\"elementor-image-box-title\"><a href=\"https:\/\/ibcparts.eu\/kategorije\/kompleti-pipareducir\/kompleti-vortex\/\">VORTEX KITS<\/a><\/h3><p class=\"elementor-image-box-description\"><b>Rotating<\/b><br><br>Kits designed for even easier installation. Strong, high quality, professional, with rubber and PP seals, UV resistant. You can also buy gaskets of different materials.<\/p><\/div><\/div>\t\t\t\t<\/div>\n\t\t\t\t<\/div>\n\t\t\t\t\t<\/div>\n\t\t<\/div>\n\t\t\t\t\t<\/div>\n\t\t<\/section>\n\t\t\t\t<section class=\"wd-negative-gap elementor-section elementor-top-section elementor-element elementor-element-12f66f7 elementor-section-boxed elementor-section-height-default elementor-section-height-default\" data-id=\"12f66f7\" data-element_type=\"section\" data-e-type=\"section\">\n\t\t\t\t\t\t<div class=\"elementor-container elementor-column-gap-default\">\n\t\t\t\t\t<div class=\"elementor-column elementor-col-33 elementor-top-column elementor-element elementor-element-6163ab7\" data-id=\"6163ab7\" data-element_type=\"column\" data-e-type=\"column\">\n\t\t\t<div class=\"elementor-widget-wrap\">\n\t\t\t\t\t\t\t<\/div>\n\t\t<\/div>\n\t\t\t\t<div class=\"elementor-column elementor-col-33 elementor-top-column elementor-element elementor-element-717d497\" data-id=\"717d497\" data-element_type=\"column\" data-e-type=\"column\">\n\t\t\t<div class=\"elementor-widget-wrap elementor-element-populated\">\n\t\t\t\t\t\t<div class=\"elementor-element elementor-element-4f3a1d5 elementor-position-top elementor-widget elementor-widget-image-box\" data-id=\"4f3a1d5\" data-element_type=\"widget\" data-e-type=\"widget\" data-widget_type=\"image-box.default\">\n\t\t\t\t<div class=\"elementor-widget-container\">\n\t\t\t\t\t<div class=\"elementor-image-box-wrapper\"><figure class=\"elementor-image-box-img\"><a href=\"https:\/\/ibcparts.eu\/kategorije\/kompleti-pipareducir\/kompleti-s100\/\" tabindex=\"-1\"><img decoding=\"async\" width=\"827\" height=\"827\" src=\"https:\/\/ibcparts.eu\/wp-content\/uploads\/2024\/01\/Kompleti-S100.jpg\" class=\"attachment-full size-full wp-image-16156\" alt=\"\" srcset=\"https:\/\/ibcparts.eu\/wp-content\/uploads\/2024\/01\/Kompleti-S100.jpg 827w, https:\/\/ibcparts.eu\/wp-content\/uploads\/2024\/01\/Kompleti-S100-300x300.jpg 300w, https:\/\/ibcparts.eu\/wp-content\/uploads\/2024\/01\/Kompleti-S100-150x150.jpg 150w, https:\/\/ibcparts.eu\/wp-content\/uploads\/2024\/01\/Kompleti-S100-768x768.jpg 768w, https:\/\/ibcparts.eu\/wp-content\/uploads\/2024\/01\/Kompleti-S100-12x12.jpg 12w, https:\/\/ibcparts.eu\/wp-content\/uploads\/2024\/01\/Kompleti-S100-600x600.jpg 600w\" sizes=\"(max-width: 827px) 100vw, 827px\" \/><\/a><\/figure><div class=\"elementor-image-box-content\"><h3 class=\"elementor-image-box-title\"><a href=\"https:\/\/ibcparts.eu\/kategorije\/kompleti-pipareducir\/kompleti-s100\/\">COMPLETES S100<\/a><\/h3><p class=\"elementor-image-box-description\"><b>For tankers with valve S100x8<br><\/b><br>(fi 97-100mm) (measure outside diameter, including threads) Thread pitch 8mm.<\/p><\/div><\/div>\t\t\t\t<\/div>\n\t\t\t\t<\/div>\n\t\t\t\t\t<\/div>\n\t\t<\/div>\n\t\t\t\t<div class=\"elementor-column elementor-col-33 elementor-top-column elementor-element elementor-element-d39773f\" data-id=\"d39773f\" data-element_type=\"column\" data-e-type=\"column\">\n\t\t\t<div class=\"elementor-widget-wrap\">\n\t\t\t\t\t\t\t<\/div>\n\t\t<\/div>\n\t\t\t\t\t<\/div>\n\t\t<\/section>\n\t\t\t\t<\/div>","protected":false},"excerpt":{"rendered":"<p>Predstavljamo vam sestavljene IBC adapterje s pipo, znani tudi kot priklju\u010dna pipa za IBC cisterno,\u00a0adapter z ventilom,\u00a0komplet pipa in reducir\u00a0ali\u00a0adapter<\/p>","protected":false},"author":1,"featured_media":12517,"parent":0,"menu_order":0,"comment_status":"closed","ping_status":"closed","template":"elementor_header_footer","meta":{"footnotes":""},"class_list":["post-12456","page","type-page","status-publish","has-post-thumbnail","hentry"],"yoast_head":"<!-- This site is optimized with the Yoast SEO plugin v27.1.1 - https:\/\/yoast.com\/product\/yoast-seo-wordpress\/ -->\n<title>Kompleti (pipa+reducir) | IBCparts.eu<\/title>\n<meta name=\"description\" content=\"Najve\u010dja izbira kompletov pipa+reducir za IBC cisterno. Izbirate lahko med \u0161tirimi razli\u010dnimi kategorijami: ECO, ROTO, PRO in EXTRA.\" \/>\n<meta name=\"robots\" content=\"index, follow, max-snippet:-1, max-image-preview:large, max-video-preview:-1\" \/>\n<link rel=\"canonical\" href=\"https:\/\/ibcparts.eu\/en\/kompleti-pipareducir\/\" \/>\n<meta property=\"og:locale\" content=\"en_US\" \/>\n<meta property=\"og:type\" content=\"article\" \/>\n<meta property=\"og:title\" content=\"Kompleti (pipa+reducir) | IBCparts.eu\" \/>\n<meta property=\"og:description\" content=\"Najve\u010dja izbira kompletov pipa+reducir za IBC cisterno. Izbirate lahko med \u0161tirimi razli\u010dnimi kategorijami: ECO, ROTO, PRO in EXTRA.\" \/>\n<meta property=\"og:url\" content=\"https:\/\/ibcparts.eu\/en\/kompleti-pipareducir\/\" \/>\n<meta property=\"og:site_name\" content=\"IBCparts.eu\" \/>\n<meta property=\"article:modified_time\" content=\"2026-01-15T15:24:13+00:00\" \/>\n<meta property=\"og:image\" content=\"https:\/\/ibcparts.eu\/wp-content\/uploads\/2022\/01\/Kompleti-reducir-pipa-1.jpg\" \/>\n\t<meta property=\"og:image:width\" content=\"591\" \/>\n\t<meta property=\"og:image:height\" content=\"478\" \/>\n\t<meta property=\"og:image:type\" content=\"image\/jpeg\" \/>\n<meta name=\"twitter:card\" content=\"summary_large_image\" \/>\n<meta name=\"twitter:label1\" content=\"Est. reading time\" \/>\n\t<meta name=\"twitter:data1\" content=\"2 minutes\" \/>\n<script type=\"application\/ld+json\" class=\"yoast-schema-graph\">{\"@context\":\"https:\/\/schema.org\",\"@graph\":[{\"@type\":\"WebPage\",\"@id\":\"https:\/\/ibcparts.eu\/kompleti-pipareducir\/\",\"url\":\"https:\/\/ibcparts.eu\/kompleti-pipareducir\/\",\"name\":\"Kompleti (pipa+reducir) | IBCparts.eu\",\"isPartOf\":{\"@id\":\"https:\/\/ibcparts.eu\/#website\"},\"primaryImageOfPage\":{\"@id\":\"https:\/\/ibcparts.eu\/kompleti-pipareducir\/#primaryimage\"},\"image\":{\"@id\":\"https:\/\/ibcparts.eu\/kompleti-pipareducir\/#primaryimage\"},\"thumbnailUrl\":\"https:\/\/ibcparts.eu\/wp-content\/uploads\/2022\/01\/Kompleti-reducir-pipa-1.jpg\",\"datePublished\":\"2022-01-17T04:51:02+00:00\",\"dateModified\":\"2026-01-15T15:24:13+00:00\",\"description\":\"Najve\u010dja izbira kompletov pipa+reducir za IBC cisterno. Izbirate lahko med \u0161tirimi razli\u010dnimi kategorijami: ECO, ROTO, PRO in EXTRA.\",\"breadcrumb\":{\"@id\":\"https:\/\/ibcparts.eu\/kompleti-pipareducir\/#breadcrumb\"},\"inLanguage\":\"en-US\",\"potentialAction\":[{\"@type\":\"ReadAction\",\"target\":[\"https:\/\/ibcparts.eu\/kompleti-pipareducir\/\"]}]},{\"@type\":\"ImageObject\",\"inLanguage\":\"en-US\",\"@id\":\"https:\/\/ibcparts.eu\/kompleti-pipareducir\/#primaryimage\",\"url\":\"https:\/\/ibcparts.eu\/wp-content\/uploads\/2022\/01\/Kompleti-reducir-pipa-1.jpg\",\"contentUrl\":\"https:\/\/ibcparts.eu\/wp-content\/uploads\/2022\/01\/Kompleti-reducir-pipa-1.jpg\",\"width\":591,\"height\":478,\"caption\":\"Kompleti pipa + reducir za IBC cisterno\"},{\"@type\":\"BreadcrumbList\",\"@id\":\"https:\/\/ibcparts.eu\/kompleti-pipareducir\/#breadcrumb\",\"itemListElement\":[{\"@type\":\"ListItem\",\"position\":1,\"name\":\"Home\",\"item\":\"https:\/\/ibcparts.eu\/\"},{\"@type\":\"ListItem\",\"position\":2,\"name\":\"Kompleti (pipa+reducir)\"}]},{\"@type\":\"WebSite\",\"@id\":\"https:\/\/ibcparts.eu\/#website\",\"url\":\"https:\/\/ibcparts.eu\/\",\"name\":\"IBCparts.eu\",\"description\":\"\",\"publisher\":{\"@id\":\"https:\/\/ibcparts.eu\/#organization\"},\"potentialAction\":[{\"@type\":\"SearchAction\",\"target\":{\"@type\":\"EntryPoint\",\"urlTemplate\":\"https:\/\/ibcparts.eu\/?s={search_term_string}\"},\"query-input\":{\"@type\":\"PropertyValueSpecification\",\"valueRequired\":true,\"valueName\":\"search_term_string\"}}],\"inLanguage\":\"en-US\"},{\"@type\":\"Organization\",\"@id\":\"https:\/\/ibcparts.eu\/#organization\",\"name\":\"IBCparts\",\"url\":\"https:\/\/ibcparts.eu\/\",\"logo\":{\"@type\":\"ImageObject\",\"inLanguage\":\"en-US\",\"@id\":\"https:\/\/ibcparts.eu\/#\/schema\/logo\/image\/\",\"url\":\"https:\/\/ibcparts.eu\/wp-content\/uploads\/2021\/10\/Footer-Logo.png\",\"contentUrl\":\"https:\/\/ibcparts.eu\/wp-content\/uploads\/2021\/10\/Footer-Logo.png\",\"width\":1992,\"height\":772,\"caption\":\"IBCparts\"},\"image\":{\"@id\":\"https:\/\/ibcparts.eu\/#\/schema\/logo\/image\/\"}}]}<\/script>\n<!-- \/ Yoast SEO plugin. -->","yoast_head_json":{"title":"Sets (tap+reducer) | IBCparts.eu","description":"The largest selection of tap+reducer kits for IBC tanks. Choose from four different categories: ECO, ROTO, PRO and EXTRA.","robots":{"index":"index","follow":"follow","max-snippet":"max-snippet:-1","max-image-preview":"max-image-preview:large","max-video-preview":"max-video-preview:-1"},"canonical":"https:\/\/ibcparts.eu\/en\/kompleti-pipareducir\/","og_locale":"en_US","og_type":"article","og_title":"Kompleti (pipa+reducir) | IBCparts.eu","og_description":"Najve\u010dja izbira kompletov pipa+reducir za IBC cisterno. Izbirate lahko med \u0161tirimi razli\u010dnimi kategorijami: ECO, ROTO, PRO in EXTRA.","og_url":"https:\/\/ibcparts.eu\/en\/kompleti-pipareducir\/","og_site_name":"IBCparts.eu","article_modified_time":"2026-01-15T15:24:13+00:00","og_image":[{"width":591,"height":478,"url":"https:\/\/ibcparts.eu\/wp-content\/uploads\/2022\/01\/Kompleti-reducir-pipa-1.jpg","type":"image\/jpeg"}],"twitter_card":"summary_large_image","twitter_misc":{"Est. reading time":"2 minutes"},"schema":{"@context":"https:\/\/schema.org","@graph":[{"@type":"WebPage","@id":"https:\/\/ibcparts.eu\/kompleti-pipareducir\/","url":"https:\/\/ibcparts.eu\/kompleti-pipareducir\/","name":"Sets (tap+reducer) | IBCparts.eu","isPartOf":{"@id":"https:\/\/ibcparts.eu\/#website"},"primaryImageOfPage":{"@id":"https:\/\/ibcparts.eu\/kompleti-pipareducir\/#primaryimage"},"image":{"@id":"https:\/\/ibcparts.eu\/kompleti-pipareducir\/#primaryimage"},"thumbnailUrl":"https:\/\/ibcparts.eu\/wp-content\/uploads\/2022\/01\/Kompleti-reducir-pipa-1.jpg","datePublished":"2022-01-17T04:51:02+00:00","dateModified":"2026-01-15T15:24:13+00:00","description":"The largest selection of tap+reducer kits for IBC tanks. Choose from four different categories: ECO, ROTO, PRO and EXTRA.","breadcrumb":{"@id":"https:\/\/ibcparts.eu\/kompleti-pipareducir\/#breadcrumb"},"inLanguage":"en-US","potentialAction":[{"@type":"ReadAction","target":["https:\/\/ibcparts.eu\/kompleti-pipareducir\/"]}]},{"@type":"ImageObject","inLanguage":"en-US","@id":"https:\/\/ibcparts.eu\/kompleti-pipareducir\/#primaryimage","url":"https:\/\/ibcparts.eu\/wp-content\/uploads\/2022\/01\/Kompleti-reducir-pipa-1.jpg","contentUrl":"https:\/\/ibcparts.eu\/wp-content\/uploads\/2022\/01\/Kompleti-reducir-pipa-1.jpg","width":591,"height":478,"caption":"Kompleti pipa + reducir za IBC cisterno"},{"@type":"BreadcrumbList","@id":"https:\/\/ibcparts.eu\/kompleti-pipareducir\/#breadcrumb","itemListElement":[{"@type":"ListItem","position":1,"name":"Home","item":"https:\/\/ibcparts.eu\/"},{"@type":"ListItem","position":2,"name":"Kompleti (pipa+reducir)"}]},{"@type":"WebSite","@id":"https:\/\/ibcparts.eu\/#website","url":"https:\/\/ibcparts.eu\/","name":"IBCparts.eu","description":"","publisher":{"@id":"https:\/\/ibcparts.eu\/#organization"},"potentialAction":[{"@type":"SearchAction","target":{"@type":"EntryPoint","urlTemplate":"https:\/\/ibcparts.eu\/?s={search_term_string}"},"query-input":{"@type":"PropertyValueSpecification","valueRequired":true,"valueName":"search_term_string"}}],"inLanguage":"en-US"},{"@type":"Organization","@id":"https:\/\/ibcparts.eu\/#organization","name":"IBCparts","url":"https:\/\/ibcparts.eu\/","logo":{"@type":"ImageObject","inLanguage":"en-US","@id":"https:\/\/ibcparts.eu\/#\/schema\/logo\/image\/","url":"https:\/\/ibcparts.eu\/wp-content\/uploads\/2021\/10\/Footer-Logo.png","contentUrl":"https:\/\/ibcparts.eu\/wp-content\/uploads\/2021\/10\/Footer-Logo.png","width":1992,"height":772,"caption":"IBCparts"},"image":{"@id":"https:\/\/ibcparts.eu\/#\/schema\/logo\/image\/"}}]}},"_links":{"self":[{"href":"https:\/\/ibcparts.eu\/en\/wp-json\/wp\/v2\/pages\/12456","targetHints":{"allow":["GET"]}}],"collection":[{"href":"https:\/\/ibcparts.eu\/en\/wp-json\/wp\/v2\/pages"}],"about":[{"href":"https:\/\/ibcparts.eu\/en\/wp-json\/wp\/v2\/types\/page"}],"author":[{"embeddable":true,"href":"https:\/\/ibcparts.eu\/en\/wp-json\/wp\/v2\/users\/1"}],"replies":[{"embeddable":true,"href":"https:\/\/ibcparts.eu\/en\/wp-json\/wp\/v2\/comments?post=12456"}],"version-history":[{"count":6,"href":"https:\/\/ibcparts.eu\/en\/wp-json\/wp\/v2\/pages\/12456\/revisions"}],"predecessor-version":[{"id":20359,"href":"https:\/\/ibcparts.eu\/en\/wp-json\/wp\/v2\/pages\/12456\/revisions\/20359"}],"wp:featuredmedia":[{"embeddable":true,"href":"https:\/\/ibcparts.eu\/en\/wp-json\/wp\/v2\/media\/12517"}],"wp:attachment":[{"href":"https:\/\/ibcparts.eu\/en\/wp-json\/wp\/v2\/media?parent=12456"}],"curies":[{"name":"wp","href":"https:\/\/api.w.org\/{rel}","templated":true}]}}