{"id":8436,"date":"2021-12-16T11:22:35","date_gmt":"2021-12-16T10:22:35","guid":{"rendered":"https:\/\/ibcparts.eu\/?post_type=product&#038;p=8436"},"modified":"2026-04-03T06:50:47","modified_gmt":"2026-04-03T05:50:47","slug":"kroglicni-ventil-s60-s60","status":"publish","type":"product","link":"https:\/\/ibcparts.eu\/de\/produkt\/kroglicni-ventil-s60-s60\/","title":{"rendered":"Krogli\u010dni ventil S60 &#8211; S60 za IBC cisterno"},"content":{"rendered":"<p>Die Ventile von IBC-Tanks sind gro\u00df, aus Kunststoff und empfindlich. Temperaturunterschiede, UV-Strahlen, trockene Luft, Schmutz und andere Faktoren f\u00fchren dazu, dass das Ventil in der Regel das erste ist, das bei einem Tank nicht mehr funktioniert.<\/p>\n<p>Interessante Tatsache: Wir haben die Haltbarkeit der Ventile an den neuen Tanks getestet. Wir haben sie direkter Sonneneinstrahlung, K\u00e4lte, Regen, kurzum allen Wetterbedingungen ausgesetzt. Nach vier Jahren war die H\u00e4lfte der Ventile undicht, korrodiert oder anderweitig besch\u00e4digt. Andere funktionierten ohne Probleme.<\/p>\n<p>Wir empfehlen Ihnen in jedem Fall, dass Sie:<\/p>\n<ol>\n<li>Sch\u00fctzen Sie das Ventil vor Sonnenlicht,<\/li>\n<li>das Wasser im Tank zumindest ein wenig zu filtern,<\/li>\n<li>\u00d6ffnen Sie das Ventil nicht mehr als n\u00f6tig - wir haben eine gro\u00dfe Auswahl an Wasserhahn+Reduzierer-Kits, die auf dieses Ventil passen - dann k\u00f6nnen Sie das Wasser mit diesem Kit regulieren -pipo.<\/li>\n<\/ol>\n<p>Unsere Ventile sind nur f\u00fcr die Verwendung mit Wasser f\u00fcr die Gartenbew\u00e4sserung bestimmt.<\/p>","protected":false},"excerpt":{"rendered":"<h2 data-start=\"1186\" data-end=\"1242\">Zanesljiv zaporni ventil z vrtljivo aluminijasto matico<\/h2>\n<p data-start=\"252\" data-end=\"452\"><strong data-start=\"252\" data-end=\"282\">Kugelhahn S60 - S60<\/strong> je zelo kakovosten ventil za <strong data-start=\"312\" data-end=\"355\">IBC cisterne z navojem S60\u00d76 (55\u201362 mm)<\/strong>. Namenjen je zanesljivemu zapiranju in odpiranju pretoka vode med cisterno in priklju\u010deno opremo.<\/p>\n<p data-start=\"454\" data-end=\"685\">Ventil ima na <strong data-start=\"468\" data-end=\"507\">sprednjem delu klasi\u010den navoj S60\u00d76<\/strong>, kar omogo\u010da neposredno povezavo z drugimi IBC priklju\u010dki ali adapterji. Opremljen je z <strong data-start=\"596\" data-end=\"619\">aluminijasto matico<\/strong>, ki zagotavlja visoko mehansko trdnost in dolgo \u017eivljenjsko dobo.<\/p>\n<ul>\n<li data-start=\"689\" data-end=\"724\"><strong data-start=\"689\" data-end=\"705\">Tip ventila:<\/strong> krogli\u010dni ventil<\/li>\n<li data-start=\"727\" data-end=\"753\"><strong data-start=\"727\" data-end=\"737\">Thema:<\/strong> S60\u00d76 \u2192 S60\u00d76<\/li>\n<li data-start=\"756\" data-end=\"813\"><strong data-start=\"756\" data-end=\"775\">Kompatibilit\u00e4t:<\/strong> IBC cisterne z navojem na balonu cisterne fi 55\u201362 mm, grobi navoj.<\/li>\n<li data-start=\"816\" data-end=\"870\"><strong data-start=\"816\" data-end=\"829\">Material:<\/strong> robustna izvedba z aluminijasto matico<\/li>\n<li data-start=\"873\" data-end=\"934\"><strong data-start=\"873\" data-end=\"885\">Uporaba:<\/strong> menjava obstoje\u010dega IBC ventila<\/li>\n<\/ul>\n<p data-start=\"936\" data-end=\"1072\"><strong data-start=\"936\" data-end=\"997\">Ne veste, ali je ta ventil primeren za va\u0161o IBC cisterno?<\/strong><\/p>\n<p>Preverite tukaj: <a class=\"woodmart-nav-link\" href=\"https:\/\/ibcparts.eu\/zamenjava-ibc-ventila\/\">Austausch eines IBC-Tankventils<\/a><\/p>\n<div class=\"woocommerce-product-details__short-description\">\n<p><strong>Mehr St\u00fccke, gr\u00f6\u00dferer Rabatt \u2013 Mengen verschiedener Artikel und Varianten werden zusammengerechnet!<\/strong><\/p>\n<\/div>","protected":false},"featured_media":16277,"template":"","meta":[],"product_brand":[],"product_cat":[182,309,260],"product_tag":[474],"class_list":{"0":"post-8436","1":"product","2":"type-product","3":"status-publish","4":"has-post-thumbnail","6":"product_cat-ibc-cisterne-ventili-in-dodatki","7":"product_cat-s60x6-ventili-in-nadomestki-ventilov","8":"product_cat-ventili-in-nadomestki-ventilov","9":"product_tag-kroglicni-ventil-s60-za-ibc-cisterno","11":"first","12":"instock","13":"sale","14":"shipping-taxable","15":"purchasable","16":"product-type-simple"},"yoast_head":"<!-- This site is optimized with the Yoast SEO plugin v27.1.1 - https:\/\/yoast.com\/product\/yoast-seo-wordpress\/ -->\n<title>Krogli\u010dni ventil S60 - S60 za IBC cisterno | IBCparts.eu<\/title>\n<meta name=\"description\" content=\"Krogli\u010dni ventil S60 za IBC cisterno z navojem fi 55-62 mm. Aluminijasta matica.\" \/>\n<meta name=\"robots\" content=\"index, follow, max-snippet:-1, max-image-preview:large, max-video-preview:-1\" \/>\n<link rel=\"canonical\" href=\"https:\/\/ibcparts.eu\/de\/produkt\/kroglicni-ventil-s60-s60\/\" \/>\n<meta property=\"og:locale\" content=\"de_DE\" \/>\n<meta property=\"og:type\" content=\"article\" \/>\n<meta property=\"og:title\" content=\"Krogli\u010dni ventil S60 - S60 za IBC cisterno | IBCparts.eu\" \/>\n<meta property=\"og:description\" content=\"Krogli\u010dni ventil S60 za IBC cisterno z navojem fi 55-62 mm. Aluminijasta matica.\" \/>\n<meta property=\"og:url\" content=\"https:\/\/ibcparts.eu\/de\/produkt\/kroglicni-ventil-s60-s60\/\" \/>\n<meta property=\"og:site_name\" content=\"IBCparts.eu\" \/>\n<meta property=\"article:modified_time\" content=\"2026-04-03T05:50:47+00:00\" \/>\n<meta property=\"og:image\" content=\"https:\/\/ibcparts.eu\/wp-content\/uploads\/2021\/12\/Ventil-za-IBC-cisterno-S60.png\" \/>\n\t<meta property=\"og:image:width\" content=\"500\" \/>\n\t<meta property=\"og:image:height\" content=\"500\" \/>\n\t<meta property=\"og:image:type\" content=\"image\/png\" \/>\n<meta name=\"twitter:card\" content=\"summary_large_image\" \/>\n<meta name=\"twitter:label1\" content=\"Gesch\u00e4tzte Lesezeit\" \/>\n\t<meta name=\"twitter:data1\" content=\"1\u00a0Minute\" \/>\n<script type=\"application\/ld+json\" class=\"yoast-schema-graph\">{\"@context\":\"https:\/\/schema.org\",\"@graph\":[{\"@type\":\"WebPage\",\"@id\":\"https:\/\/ibcparts.eu\/izdelek\/kroglicni-ventil-s60-s60\/\",\"url\":\"https:\/\/ibcparts.eu\/izdelek\/kroglicni-ventil-s60-s60\/\",\"name\":\"Krogli\u010dni ventil S60 - S60 za IBC cisterno | IBCparts.eu\",\"isPartOf\":{\"@id\":\"https:\/\/ibcparts.eu\/#website\"},\"primaryImageOfPage\":{\"@id\":\"https:\/\/ibcparts.eu\/izdelek\/kroglicni-ventil-s60-s60\/#primaryimage\"},\"image\":{\"@id\":\"https:\/\/ibcparts.eu\/izdelek\/kroglicni-ventil-s60-s60\/#primaryimage\"},\"thumbnailUrl\":\"https:\/\/ibcparts.eu\/wp-content\/uploads\/2021\/12\/Ventil-za-IBC-cisterno-S60.png\",\"datePublished\":\"2021-12-16T10:22:35+00:00\",\"dateModified\":\"2026-04-03T05:50:47+00:00\",\"description\":\"Krogli\u010dni ventil S60 za IBC cisterno z navojem fi 55-62 mm. Aluminijasta matica.\",\"breadcrumb\":{\"@id\":\"https:\/\/ibcparts.eu\/izdelek\/kroglicni-ventil-s60-s60\/#breadcrumb\"},\"inLanguage\":\"de\",\"potentialAction\":[{\"@type\":\"ReadAction\",\"target\":[\"https:\/\/ibcparts.eu\/izdelek\/kroglicni-ventil-s60-s60\/\"]}]},{\"@type\":\"ImageObject\",\"inLanguage\":\"de\",\"@id\":\"https:\/\/ibcparts.eu\/izdelek\/kroglicni-ventil-s60-s60\/#primaryimage\",\"url\":\"https:\/\/ibcparts.eu\/wp-content\/uploads\/2021\/12\/Ventil-za-IBC-cisterno-S60.png\",\"contentUrl\":\"https:\/\/ibcparts.eu\/wp-content\/uploads\/2021\/12\/Ventil-za-IBC-cisterno-S60.png\",\"width\":500,\"height\":500,\"caption\":\"Krogli\u010dni ventil za IBC cisterno\"},{\"@type\":\"BreadcrumbList\",\"@id\":\"https:\/\/ibcparts.eu\/izdelek\/kroglicni-ventil-s60-s60\/#breadcrumb\",\"itemListElement\":[{\"@type\":\"ListItem\",\"position\":1,\"name\":\"Home\",\"item\":\"https:\/\/ibcparts.eu\/\"},{\"@type\":\"ListItem\",\"position\":2,\"name\":\"Nakupujte\",\"item\":\"https:\/\/ibcparts.eu\/nakupujte\/\"},{\"@type\":\"ListItem\",\"position\":3,\"name\":\"Krogli\u010dni ventil S60 &#8211; S60 za IBC cisterno\"}]},{\"@type\":\"WebSite\",\"@id\":\"https:\/\/ibcparts.eu\/#website\",\"url\":\"https:\/\/ibcparts.eu\/\",\"name\":\"IBCparts.eu\",\"description\":\"\",\"publisher\":{\"@id\":\"https:\/\/ibcparts.eu\/#organization\"},\"potentialAction\":[{\"@type\":\"SearchAction\",\"target\":{\"@type\":\"EntryPoint\",\"urlTemplate\":\"https:\/\/ibcparts.eu\/?s={search_term_string}\"},\"query-input\":{\"@type\":\"PropertyValueSpecification\",\"valueRequired\":true,\"valueName\":\"search_term_string\"}}],\"inLanguage\":\"de\"},{\"@type\":\"Organization\",\"@id\":\"https:\/\/ibcparts.eu\/#organization\",\"name\":\"IBCparts\",\"url\":\"https:\/\/ibcparts.eu\/\",\"logo\":{\"@type\":\"ImageObject\",\"inLanguage\":\"de\",\"@id\":\"https:\/\/ibcparts.eu\/#\/schema\/logo\/image\/\",\"url\":\"https:\/\/ibcparts.eu\/wp-content\/uploads\/2021\/10\/Footer-Logo.png\",\"contentUrl\":\"https:\/\/ibcparts.eu\/wp-content\/uploads\/2021\/10\/Footer-Logo.png\",\"width\":1992,\"height\":772,\"caption\":\"IBCparts\"},\"image\":{\"@id\":\"https:\/\/ibcparts.eu\/#\/schema\/logo\/image\/\"}}]}<\/script>\n<!-- \/ Yoast SEO plugin. -->","yoast_head_json":{"title":"Krogli\u010dni ventil S60 - S60 za IBC cisterno | IBCparts.eu","description":"Krogli\u010dni ventil S60 za IBC cisterno z navojem fi 55-62 mm. Aluminijasta matica.","robots":{"index":"index","follow":"follow","max-snippet":"max-snippet:-1","max-image-preview":"max-image-preview:large","max-video-preview":"max-video-preview:-1"},"canonical":"https:\/\/ibcparts.eu\/de\/produkt\/kroglicni-ventil-s60-s60\/","og_locale":"de_DE","og_type":"article","og_title":"Krogli\u010dni ventil S60 - S60 za IBC cisterno | IBCparts.eu","og_description":"Krogli\u010dni ventil S60 za IBC cisterno z navojem fi 55-62 mm. Aluminijasta matica.","og_url":"https:\/\/ibcparts.eu\/de\/produkt\/kroglicni-ventil-s60-s60\/","og_site_name":"IBCparts.eu","article_modified_time":"2026-04-03T05:50:47+00:00","og_image":[{"width":500,"height":500,"url":"https:\/\/ibcparts.eu\/wp-content\/uploads\/2021\/12\/Ventil-za-IBC-cisterno-S60.png","type":"image\/png"}],"twitter_card":"summary_large_image","twitter_misc":{"Gesch\u00e4tzte Lesezeit":"1\u00a0Minute"},"schema":{"@context":"https:\/\/schema.org","@graph":[{"@type":"WebPage","@id":"https:\/\/ibcparts.eu\/izdelek\/kroglicni-ventil-s60-s60\/","url":"https:\/\/ibcparts.eu\/izdelek\/kroglicni-ventil-s60-s60\/","name":"Krogli\u010dni ventil S60 - S60 za IBC cisterno | IBCparts.eu","isPartOf":{"@id":"https:\/\/ibcparts.eu\/#website"},"primaryImageOfPage":{"@id":"https:\/\/ibcparts.eu\/izdelek\/kroglicni-ventil-s60-s60\/#primaryimage"},"image":{"@id":"https:\/\/ibcparts.eu\/izdelek\/kroglicni-ventil-s60-s60\/#primaryimage"},"thumbnailUrl":"https:\/\/ibcparts.eu\/wp-content\/uploads\/2021\/12\/Ventil-za-IBC-cisterno-S60.png","datePublished":"2021-12-16T10:22:35+00:00","dateModified":"2026-04-03T05:50:47+00:00","description":"Krogli\u010dni ventil S60 za IBC cisterno z navojem fi 55-62 mm. Aluminijasta matica.","breadcrumb":{"@id":"https:\/\/ibcparts.eu\/izdelek\/kroglicni-ventil-s60-s60\/#breadcrumb"},"inLanguage":"de","potentialAction":[{"@type":"ReadAction","target":["https:\/\/ibcparts.eu\/izdelek\/kroglicni-ventil-s60-s60\/"]}]},{"@type":"ImageObject","inLanguage":"de","@id":"https:\/\/ibcparts.eu\/izdelek\/kroglicni-ventil-s60-s60\/#primaryimage","url":"https:\/\/ibcparts.eu\/wp-content\/uploads\/2021\/12\/Ventil-za-IBC-cisterno-S60.png","contentUrl":"https:\/\/ibcparts.eu\/wp-content\/uploads\/2021\/12\/Ventil-za-IBC-cisterno-S60.png","width":500,"height":500,"caption":"Krogli\u010dni ventil za IBC cisterno"},{"@type":"BreadcrumbList","@id":"https:\/\/ibcparts.eu\/izdelek\/kroglicni-ventil-s60-s60\/#breadcrumb","itemListElement":[{"@type":"ListItem","position":1,"name":"Home","item":"https:\/\/ibcparts.eu\/"},{"@type":"ListItem","position":2,"name":"Nakupujte","item":"https:\/\/ibcparts.eu\/nakupujte\/"},{"@type":"ListItem","position":3,"name":"Krogli\u010dni ventil S60 &#8211; S60 za IBC cisterno"}]},{"@type":"WebSite","@id":"https:\/\/ibcparts.eu\/#website","url":"https:\/\/ibcparts.eu\/","name":"IBC-Teile.eu","description":"","publisher":{"@id":"https:\/\/ibcparts.eu\/#organization"},"potentialAction":[{"@type":"SearchAction","target":{"@type":"EntryPoint","urlTemplate":"https:\/\/ibcparts.eu\/?s={search_term_string}"},"query-input":{"@type":"PropertyValueSpecification","valueRequired":true,"valueName":"search_term_string"}}],"inLanguage":"de"},{"@type":"Organization","@id":"https:\/\/ibcparts.eu\/#organization","name":"IBC-Teile","url":"https:\/\/ibcparts.eu\/","logo":{"@type":"ImageObject","inLanguage":"de","@id":"https:\/\/ibcparts.eu\/#\/schema\/logo\/image\/","url":"https:\/\/ibcparts.eu\/wp-content\/uploads\/2021\/10\/Footer-Logo.png","contentUrl":"https:\/\/ibcparts.eu\/wp-content\/uploads\/2021\/10\/Footer-Logo.png","width":1992,"height":772,"caption":"IBCparts"},"image":{"@id":"https:\/\/ibcparts.eu\/#\/schema\/logo\/image\/"}}]}},"_links":{"self":[{"href":"https:\/\/ibcparts.eu\/de\/wp-json\/wp\/v2\/product\/8436","targetHints":{"allow":["GET"]}}],"collection":[{"href":"https:\/\/ibcparts.eu\/de\/wp-json\/wp\/v2\/product"}],"about":[{"href":"https:\/\/ibcparts.eu\/de\/wp-json\/wp\/v2\/types\/product"}],"version-history":[{"count":4,"href":"https:\/\/ibcparts.eu\/de\/wp-json\/wp\/v2\/product\/8436\/revisions"}],"predecessor-version":[{"id":20877,"href":"https:\/\/ibcparts.eu\/de\/wp-json\/wp\/v2\/product\/8436\/revisions\/20877"}],"wp:featuredmedia":[{"embeddable":true,"href":"https:\/\/ibcparts.eu\/de\/wp-json\/wp\/v2\/media\/16277"}],"wp:attachment":[{"href":"https:\/\/ibcparts.eu\/de\/wp-json\/wp\/v2\/media?parent=8436"}],"wp:term":[{"taxonomy":"product_brand","embeddable":true,"href":"https:\/\/ibcparts.eu\/de\/wp-json\/wp\/v2\/product_brand?post=8436"},{"taxonomy":"product_cat","embeddable":true,"href":"https:\/\/ibcparts.eu\/de\/wp-json\/wp\/v2\/product_cat?post=8436"},{"taxonomy":"product_tag","embeddable":true,"href":"https:\/\/ibcparts.eu\/de\/wp-json\/wp\/v2\/product_tag?post=8436"}],"curies":[{"name":"wp","href":"https:\/\/api.w.org\/{rel}","templated":true}]}}