{"id":8107,"date":"2021-12-10T07:21:12","date_gmt":"2021-12-10T06:21:12","guid":{"rendered":"https:\/\/ibcparts.eu\/?post_type=product&#038;p=8107"},"modified":"2026-03-03T08:26:33","modified_gmt":"2026-03-03T07:26:33","slug":"komplet-eco-3-4-hf","status":"publish","type":"product","link":"https:\/\/ibcparts.eu\/de\/produkt\/komplet-eco-3-4-hf\/","title":{"rendered":"Komplet ECO 3\/4&#8243; HF  \u2013 priklju\u010dna pipa za IBC cisterno"},"content":{"rendered":"","protected":false},"excerpt":{"rendered":"<h2 data-start=\"953\" data-end=\"1009\"><strong data-start=\"953\" data-end=\"1009\">Cenovno ugoden komplet s kovinsko 3\/4\u2033 HighFlow pipo<\/strong><\/h2>\n<ul>\n<li data-start=\"161\" data-end=\"205\"><strong data-start=\"161\" data-end=\"174\">Material:<\/strong> PP, kovina<\/li>\n<li data-start=\"241\" data-end=\"306\" class=\" translation-block\"><strong data-start=\"218\" data-end=\"230\">Dichtung:<\/strong> EPDM-Gummi aus reinem Material, <strong data-start=\"258\" data-end=\"281\">exklusiv bei uns<\/strong><\/li>\n<li data-start=\"309\" data-end=\"370\"><strong data-start=\"309\" data-end=\"318\">Pipa:<\/strong>\u00a0<strong data-start=\"319\" data-end=\"350\">3\/4\u2033 HighFlow kovinska pipa<\/strong>\u00a0\u2013 za hiter pretok \u2013 notranji premer pipe: 12 mm<\/li>\n<li data-start=\"556\" data-end=\"614\"><strong data-start=\"556\" data-end=\"568\">Monta\u017ea:<\/strong>\u00a0sestavljeno za vas, pripravljeno za uporabo<\/li>\n<li data-start=\"617\" data-end=\"676\"><strong data-start=\"617\" data-end=\"636\">Kompatibilit\u00e4t:<\/strong>\u00a0IBC cisterne z navojem\u00a0<strong data-start=\"660\" data-end=\"676\">S60x6 (DN50) \u2013 to je klasi\u010dni, najbolj pogost navoj na cisternah.<\/strong><\/li>\n<\/ul>\n<p>Na\u0161i artikli so <strong>mehansko mo\u010dnej\u0161i, stabilnej\u0161i in brez neznanih materialnih me\u0161anic<\/strong>, ki so pogoste pri nizkokakovostnih izdelkih.<br \/>\nTo pomeni\u00a0<strong>dalj\u0161o \u017eivljenjsko dobo, zanesljivej\u0161e delovanje in ve\u010djo varnost pri uporabi<\/strong>.<\/p>\n<p><a href=\"https:\/\/ibcparts.eu\/ibc-adapter-s-pipo-ali-ventilom-kako-izbrati-pravi-komplet-za-vaso-cisterno\/\">\ud83d\udc49 Kako izbrati pravi komplet s pipo za va\u0161o IBC cisterno<\/a><\/p>","protected":false},"featured_media":16004,"template":"","meta":[],"product_brand":[],"product_cat":[172],"product_tag":[],"class_list":{"0":"post-8107","1":"product","2":"type-product","3":"status-publish","4":"has-post-thumbnail","6":"product_cat-kompleti-eco","8":"first","9":"instock","10":"shipping-taxable","11":"purchasable","12":"product-type-simple"},"yoast_head":"<!-- This site is optimized with the Yoast SEO plugin v27.1.1 - https:\/\/yoast.com\/product\/yoast-seo-wordpress\/ -->\n<title>Komplet ECO 3\/4&quot; HF \u2013 priklju\u010dna pipa za IBC cisterno | IBCparts.eu<\/title>\n<meta name=\"description\" content=\"Priklju\u010dna pipa AVA HighFlow 3\/4\u2033 za IBC cisterne S60x6 (DN50). Kovinska HighFlow pipa z notranjim premerom 12 mm za hiter pretok, pripravljena za uporabo.\" \/>\n<meta name=\"robots\" content=\"index, follow, max-snippet:-1, max-image-preview:large, max-video-preview:-1\" \/>\n<link rel=\"canonical\" href=\"https:\/\/ibcparts.eu\/de\/produkt\/komplet-eco-3-4-hf\/\" \/>\n<meta property=\"og:locale\" content=\"de_DE\" \/>\n<meta property=\"og:type\" content=\"article\" \/>\n<meta property=\"og:title\" content=\"Komplet ECO 3\/4&quot; HF \u2013 priklju\u010dna pipa za IBC cisterno | IBCparts.eu\" \/>\n<meta property=\"og:description\" content=\"Priklju\u010dna pipa AVA HighFlow 3\/4\u2033 za IBC cisterne S60x6 (DN50). Kovinska HighFlow pipa z notranjim premerom 12 mm za hiter pretok, pripravljena za uporabo.\" \/>\n<meta property=\"og:url\" content=\"https:\/\/ibcparts.eu\/de\/produkt\/komplet-eco-3-4-hf\/\" \/>\n<meta property=\"og:site_name\" content=\"IBCparts.eu\" \/>\n<meta property=\"article:modified_time\" content=\"2026-03-03T07:26:33+00:00\" \/>\n<meta property=\"og:image\" content=\"https:\/\/ibcparts.eu\/wp-content\/uploads\/2021\/12\/komplet-eco-34hf_orig.png\" \/>\n\t<meta property=\"og:image:width\" content=\"500\" \/>\n\t<meta property=\"og:image:height\" content=\"500\" \/>\n\t<meta property=\"og:image:type\" content=\"image\/png\" \/>\n<meta name=\"twitter:card\" content=\"summary_large_image\" \/>\n<script type=\"application\/ld+json\" class=\"yoast-schema-graph\">{\"@context\":\"https:\/\/schema.org\",\"@graph\":[{\"@type\":\"WebPage\",\"@id\":\"https:\/\/ibcparts.eu\/izdelek\/komplet-eco-3-4-hf\/\",\"url\":\"https:\/\/ibcparts.eu\/izdelek\/komplet-eco-3-4-hf\/\",\"name\":\"Komplet ECO 3\/4\\\" HF \u2013 priklju\u010dna pipa za IBC cisterno | IBCparts.eu\",\"isPartOf\":{\"@id\":\"https:\/\/ibcparts.eu\/#website\"},\"primaryImageOfPage\":{\"@id\":\"https:\/\/ibcparts.eu\/izdelek\/komplet-eco-3-4-hf\/#primaryimage\"},\"image\":{\"@id\":\"https:\/\/ibcparts.eu\/izdelek\/komplet-eco-3-4-hf\/#primaryimage\"},\"thumbnailUrl\":\"https:\/\/ibcparts.eu\/wp-content\/uploads\/2021\/12\/komplet-eco-34hf_orig.png\",\"datePublished\":\"2021-12-10T06:21:12+00:00\",\"dateModified\":\"2026-03-03T07:26:33+00:00\",\"description\":\"Priklju\u010dna pipa AVA HighFlow 3\/4\u2033 za IBC cisterne S60x6 (DN50). Kovinska HighFlow pipa z notranjim premerom 12 mm za hiter pretok, pripravljena za uporabo.\",\"breadcrumb\":{\"@id\":\"https:\/\/ibcparts.eu\/izdelek\/komplet-eco-3-4-hf\/#breadcrumb\"},\"inLanguage\":\"de\",\"potentialAction\":[{\"@type\":\"ReadAction\",\"target\":[\"https:\/\/ibcparts.eu\/izdelek\/komplet-eco-3-4-hf\/\"]}]},{\"@type\":\"ImageObject\",\"inLanguage\":\"de\",\"@id\":\"https:\/\/ibcparts.eu\/izdelek\/komplet-eco-3-4-hf\/#primaryimage\",\"url\":\"https:\/\/ibcparts.eu\/wp-content\/uploads\/2021\/12\/komplet-eco-34hf_orig.png\",\"contentUrl\":\"https:\/\/ibcparts.eu\/wp-content\/uploads\/2021\/12\/komplet-eco-34hf_orig.png\",\"width\":500,\"height\":500},{\"@type\":\"BreadcrumbList\",\"@id\":\"https:\/\/ibcparts.eu\/izdelek\/komplet-eco-3-4-hf\/#breadcrumb\",\"itemListElement\":[{\"@type\":\"ListItem\",\"position\":1,\"name\":\"Home\",\"item\":\"https:\/\/ibcparts.eu\/\"},{\"@type\":\"ListItem\",\"position\":2,\"name\":\"Nakupujte\",\"item\":\"https:\/\/ibcparts.eu\/nakupujte\/\"},{\"@type\":\"ListItem\",\"position\":3,\"name\":\"Komplet ECO 3\/4&#8243; HF \u2013 priklju\u010dna pipa za IBC cisterno\"}]},{\"@type\":\"WebSite\",\"@id\":\"https:\/\/ibcparts.eu\/#website\",\"url\":\"https:\/\/ibcparts.eu\/\",\"name\":\"IBCparts.eu\",\"description\":\"\",\"publisher\":{\"@id\":\"https:\/\/ibcparts.eu\/#organization\"},\"potentialAction\":[{\"@type\":\"SearchAction\",\"target\":{\"@type\":\"EntryPoint\",\"urlTemplate\":\"https:\/\/ibcparts.eu\/?s={search_term_string}\"},\"query-input\":{\"@type\":\"PropertyValueSpecification\",\"valueRequired\":true,\"valueName\":\"search_term_string\"}}],\"inLanguage\":\"de\"},{\"@type\":\"Organization\",\"@id\":\"https:\/\/ibcparts.eu\/#organization\",\"name\":\"IBCparts\",\"url\":\"https:\/\/ibcparts.eu\/\",\"logo\":{\"@type\":\"ImageObject\",\"inLanguage\":\"de\",\"@id\":\"https:\/\/ibcparts.eu\/#\/schema\/logo\/image\/\",\"url\":\"https:\/\/ibcparts.eu\/wp-content\/uploads\/2021\/10\/Footer-Logo.png\",\"contentUrl\":\"https:\/\/ibcparts.eu\/wp-content\/uploads\/2021\/10\/Footer-Logo.png\",\"width\":1992,\"height\":772,\"caption\":\"IBCparts\"},\"image\":{\"@id\":\"https:\/\/ibcparts.eu\/#\/schema\/logo\/image\/\"}}]}<\/script>\n<!-- \/ Yoast SEO plugin. -->","yoast_head_json":{"title":"Komplet ECO 3\/4\" HF \u2013 priklju\u010dna pipa za IBC cisterno | IBCparts.eu","description":"Priklju\u010dna pipa AVA HighFlow 3\/4\u2033 za IBC cisterne S60x6 (DN50). Kovinska HighFlow pipa z notranjim premerom 12 mm za hiter pretok, pripravljena za uporabo.","robots":{"index":"index","follow":"follow","max-snippet":"max-snippet:-1","max-image-preview":"max-image-preview:large","max-video-preview":"max-video-preview:-1"},"canonical":"https:\/\/ibcparts.eu\/de\/produkt\/komplet-eco-3-4-hf\/","og_locale":"de_DE","og_type":"article","og_title":"Komplet ECO 3\/4\" HF \u2013 priklju\u010dna pipa za IBC cisterno | IBCparts.eu","og_description":"Priklju\u010dna pipa AVA HighFlow 3\/4\u2033 za IBC cisterne S60x6 (DN50). Kovinska HighFlow pipa z notranjim premerom 12 mm za hiter pretok, pripravljena za uporabo.","og_url":"https:\/\/ibcparts.eu\/de\/produkt\/komplet-eco-3-4-hf\/","og_site_name":"IBCparts.eu","article_modified_time":"2026-03-03T07:26:33+00:00","og_image":[{"width":500,"height":500,"url":"https:\/\/ibcparts.eu\/wp-content\/uploads\/2021\/12\/komplet-eco-34hf_orig.png","type":"image\/png"}],"twitter_card":"summary_large_image","schema":{"@context":"https:\/\/schema.org","@graph":[{"@type":"WebPage","@id":"https:\/\/ibcparts.eu\/izdelek\/komplet-eco-3-4-hf\/","url":"https:\/\/ibcparts.eu\/izdelek\/komplet-eco-3-4-hf\/","name":"Komplet ECO 3\/4\" HF \u2013 priklju\u010dna pipa za IBC cisterno | IBCparts.eu","isPartOf":{"@id":"https:\/\/ibcparts.eu\/#website"},"primaryImageOfPage":{"@id":"https:\/\/ibcparts.eu\/izdelek\/komplet-eco-3-4-hf\/#primaryimage"},"image":{"@id":"https:\/\/ibcparts.eu\/izdelek\/komplet-eco-3-4-hf\/#primaryimage"},"thumbnailUrl":"https:\/\/ibcparts.eu\/wp-content\/uploads\/2021\/12\/komplet-eco-34hf_orig.png","datePublished":"2021-12-10T06:21:12+00:00","dateModified":"2026-03-03T07:26:33+00:00","description":"Priklju\u010dna pipa AVA HighFlow 3\/4\u2033 za IBC cisterne S60x6 (DN50). Kovinska HighFlow pipa z notranjim premerom 12 mm za hiter pretok, pripravljena za uporabo.","breadcrumb":{"@id":"https:\/\/ibcparts.eu\/izdelek\/komplet-eco-3-4-hf\/#breadcrumb"},"inLanguage":"de","potentialAction":[{"@type":"ReadAction","target":["https:\/\/ibcparts.eu\/izdelek\/komplet-eco-3-4-hf\/"]}]},{"@type":"ImageObject","inLanguage":"de","@id":"https:\/\/ibcparts.eu\/izdelek\/komplet-eco-3-4-hf\/#primaryimage","url":"https:\/\/ibcparts.eu\/wp-content\/uploads\/2021\/12\/komplet-eco-34hf_orig.png","contentUrl":"https:\/\/ibcparts.eu\/wp-content\/uploads\/2021\/12\/komplet-eco-34hf_orig.png","width":500,"height":500},{"@type":"BreadcrumbList","@id":"https:\/\/ibcparts.eu\/izdelek\/komplet-eco-3-4-hf\/#breadcrumb","itemListElement":[{"@type":"ListItem","position":1,"name":"Home","item":"https:\/\/ibcparts.eu\/"},{"@type":"ListItem","position":2,"name":"Nakupujte","item":"https:\/\/ibcparts.eu\/nakupujte\/"},{"@type":"ListItem","position":3,"name":"Komplet ECO 3\/4&#8243; HF \u2013 priklju\u010dna pipa za IBC cisterno"}]},{"@type":"WebSite","@id":"https:\/\/ibcparts.eu\/#website","url":"https:\/\/ibcparts.eu\/","name":"IBC-Teile.eu","description":"","publisher":{"@id":"https:\/\/ibcparts.eu\/#organization"},"potentialAction":[{"@type":"SearchAction","target":{"@type":"EntryPoint","urlTemplate":"https:\/\/ibcparts.eu\/?s={search_term_string}"},"query-input":{"@type":"PropertyValueSpecification","valueRequired":true,"valueName":"search_term_string"}}],"inLanguage":"de"},{"@type":"Organization","@id":"https:\/\/ibcparts.eu\/#organization","name":"IBC-Teile","url":"https:\/\/ibcparts.eu\/","logo":{"@type":"ImageObject","inLanguage":"de","@id":"https:\/\/ibcparts.eu\/#\/schema\/logo\/image\/","url":"https:\/\/ibcparts.eu\/wp-content\/uploads\/2021\/10\/Footer-Logo.png","contentUrl":"https:\/\/ibcparts.eu\/wp-content\/uploads\/2021\/10\/Footer-Logo.png","width":1992,"height":772,"caption":"IBCparts"},"image":{"@id":"https:\/\/ibcparts.eu\/#\/schema\/logo\/image\/"}}]}},"_links":{"self":[{"href":"https:\/\/ibcparts.eu\/de\/wp-json\/wp\/v2\/product\/8107","targetHints":{"allow":["GET"]}}],"collection":[{"href":"https:\/\/ibcparts.eu\/de\/wp-json\/wp\/v2\/product"}],"about":[{"href":"https:\/\/ibcparts.eu\/de\/wp-json\/wp\/v2\/types\/product"}],"version-history":[{"count":4,"href":"https:\/\/ibcparts.eu\/de\/wp-json\/wp\/v2\/product\/8107\/revisions"}],"predecessor-version":[{"id":20699,"href":"https:\/\/ibcparts.eu\/de\/wp-json\/wp\/v2\/product\/8107\/revisions\/20699"}],"wp:featuredmedia":[{"embeddable":true,"href":"https:\/\/ibcparts.eu\/de\/wp-json\/wp\/v2\/media\/16004"}],"wp:attachment":[{"href":"https:\/\/ibcparts.eu\/de\/wp-json\/wp\/v2\/media?parent=8107"}],"wp:term":[{"taxonomy":"product_brand","embeddable":true,"href":"https:\/\/ibcparts.eu\/de\/wp-json\/wp\/v2\/product_brand?post=8107"},{"taxonomy":"product_cat","embeddable":true,"href":"https:\/\/ibcparts.eu\/de\/wp-json\/wp\/v2\/product_cat?post=8107"},{"taxonomy":"product_tag","embeddable":true,"href":"https:\/\/ibcparts.eu\/de\/wp-json\/wp\/v2\/product_tag?post=8107"}],"curies":[{"name":"wp","href":"https:\/\/api.w.org\/{rel}","templated":true}]}}