{"id":7882,"date":"2021-11-14T19:02:17","date_gmt":"2021-11-14T18:02:17","guid":{"rendered":"https:\/\/ibcparts.eu\/?post_type=product&#038;p=7882"},"modified":"2026-03-12T15:42:19","modified_gmt":"2026-03-12T14:42:19","slug":"ibc-cisterna-1000l-za-vodo-koleno-gratis","status":"publish","type":"product","link":"https:\/\/ibcparts.eu\/de\/produkt\/ibc-cisterna-1000l-za-vodo-koleno-gratis\/","title":{"rendered":"IBC cisterna 1000 L Schutz \u2013 rabljena, prehranska industrija"},"content":{"rendered":"<p><strong>Warnung.<\/strong><br \/>\nAchten Sie beim Kauf von gebrauchten Tanks aus der Werbung darauf, dass der Tank sauber ist und nicht f\u00fcr den Transport von Chemikalien verwendet wurde.<\/p>\n<p>Wenn die Zisterne nicht sauber ist, ist sie f\u00fcr die Gartenbew\u00e4sserung nicht geeignet.<\/p>\n<p>Na\u0161e cisterne so trenutno iz podjetja, kjer proizvajajo pija\u010do. V njih so bile razli\u010dne surovine za izdelavo teh pija\u010d. To\u010dno katera surovina je bila v kateri cisterni ni znano, pomembno je to, da je bila ta surovina \u017eivilo.<br \/>\nSo o\u010di\u0161\u010dene in pripravljene za uporabo. Ne \u0161koduje, \u010de jih pred uporabo \u0161e enkrat operete z vodo.<\/p>\n<p><strong>Wiederholt gestellte Fragen:<\/strong><\/p>\n<p>Warum haben Sie sie nicht immer vorr\u00e4tig?<br \/>\nNa\u0161a glavna dejavnost so dodatki za IBC cisterne. Ob\u010dasno pa imamo mo\u017enost na\u0161im strankam ponuditi odli\u010dne rabljene (obnovljene) ob\u010dasno tudi FOODGRADE cisterne. Lahko se zgodi, da ve\u010d kot pol leta ni nove zaloge.<\/p>\n<p><strong>Haben gebrauchte Tanks ein Zertifikat?<\/strong><br \/>\nNobene rabljene cisterne nimajo certifikata o ponovni ustreznosti, ker niti ni in\u0161titucije, ki bi to preverjala oz. certifikat izdajala.\u00a0Na\u0161e FOODGRADE cisterne pa imajo sledljivost, ki jo ima le redkokatera rabljena cisterna.<\/p>\n<p><strong>Warum verkaufen Unternehmen gebrauchte Tanks, anstatt sie zur\u00fcckzugeben, wenn sie noch brauchbar sind?<\/strong><br \/>\nIn gr\u00f6\u00dferen St\u00e4dten funktioniert das. Schutz verf\u00fcgt beispielsweise \u00fcber die Recobulk-Linie (der Rahmen wird bei Bedarf repariert und der Tankballon durch einen neuen ersetzt). Die Transportkosten und andere Faktoren begrenzen diese Option. Meistens ist der Wert des Tanks im Preis des Rohmaterials enthalten.<\/p>\n<p><strong>Haben Ihre gebrauchten Tanks einen Geruch?<\/strong><br \/>\nNicht in den 90%-Koffern - oder in HDPE-Kunststoff, wie neu.<br \/>\nIn 10%-F\u00e4llen, z. B. nach S\u00fc\u00dfigkeiten (Fruktose) usw.<\/p>\n<p><strong>Sind Ihre gebrauchten Tanks auch f\u00fcr Trinkwasser geeignet?<\/strong><br \/>\nDie kurze Antwort lautet nein. Warum eigentlich? Stehendes Wasser ist selbst in neuen Becken ein Problem. Ohne zus\u00e4tzliche Konservierungsmittel, UV-Sterilisation usw. wachsen darin Mikroorganismen, die gesundheitssch\u00e4dlich sein k\u00f6nnen, wenn es zu viele von ihnen gibt. F\u00fcr Trinkwasser empfehlen wir neue Tanks (nicht unbedingt in Lebensmittelqualit\u00e4t, auch normale neue Tanks sind sauberes, nicht recyceltes HDPE, das f\u00fcr diesen Zweck geeignet ist) und eine ordnungsgem\u00e4\u00dfe Reinigung oder Konservierung usw. - so wird sichergestellt, dass\u00a0<u>Nein\u00a0<\/u>ukvarjamo. Na\u0161e cisterne so uporabljene izrecno za prehransko industrijo, oprane pa so z vro\u010do vodo pod pritiskom.<\/p>\n<p><strong>Befindet sich der Wasserreiniger in einem schwarzen Tank?<\/strong><br \/>\nWir wissen es nicht, weil wir den Schmutz darin wegen der schwarzen W\u00e4nde nicht sehen k\u00f6nnen. Scherz beiseite - Mikroorganismen und Algen vermehren sich definitiv weniger. Au\u00dferdem ist der Kunststoff dieser Becken UV-best\u00e4ndiger. Allerdings erw\u00e4rmt sich das Wasser im Becken st\u00e4rker, und selbst wenn das Becken gut gereinigt w\u00e4re, w\u00fcrden wir es nicht bemerken, weil es nicht wirklich sichtbar ist. Wir bevorzugen ein normales (wei\u00dfes) Becken und\u00a0<a href=\"https:\/\/ibcparts.eu\/izdelek\/zascitna-ponjava-tarp-za-ibc-cisterno\/\">eine sch\u00fctzende Plane<\/a>. Dadurch bleibt das Wasser k\u00fchler, auch wenn die Plane schwarz ist, da die Luft wie ein Isolator wirkt. In der Regel haben wir auch schwarze Tanks auf Lager.<\/p>\n<p><strong>Wie lange ist die Lebensdauer eines Tanks?<\/strong><br \/>\nEs k\u00f6nnen 3 Jahre sein, es k\u00f6nnen 30 Jahre sein. Das h\u00e4ngt von der Qualit\u00e4t des Tanks, den \u00e4u\u00dferen Faktoren (Sonne, K\u00e4lte), der Pflege des Tanks und nicht zuletzt von Ihrem Gl\u00fcck ab. Probleme fangen in der Regel zuerst bei den Ventilen an, mit dem Ballon gibt es keine gr\u00f6\u00dferen Probleme. Die Ventile von IBC-Tanks sind nicht daf\u00fcr ausgelegt, st\u00e4ndig ge\u00f6ffnet und geschlossen zu werden, daher raten wir Ihnen, Kits zu verwenden\u00a0<a href=\"https:\/\/ibcparts.eu\/kompleti-pipareducir\/\">Pipa+Reduzierer<\/a>, die Sie in unserem Angebot finden k\u00f6nnen.<\/p>\n<p><strong>M\u00fcssen wir im Winter das Wasser aus der Zisterne ablassen?<\/strong><br \/>\nJa, so ist es am besten. Und lassen Sie das Ventil (und den Hahn) offen.<br \/>\nWenn Sie im Winter Wasser im Tank lassen, achten Sie darauf, dass er nicht ganz voll ist. Isolieren Sie das Ventil und den Hahn (mit einem warmen Tuch abdecken).<\/p>\n<p><strong>Ist der Metallrahmen rostfrei?<\/strong><br \/>\nDa, je namre\u010d galvanizirano &#8211; hladno cinkano. Prav tako paleta, \u010de je kovinska. \u010ce se po\u0161koduje, lahko za\u010dne rjaveti.<\/p>","protected":false},"excerpt":{"rendered":"<p><span style=\"font-size: large;\"><strong>Produktinformationen:<\/strong><br \/>\n\u200bIBC cisterna, enkrat rabljena za transport sestavine za pija\u010do.<br \/>\nTovarni\u0161ko oprana in kot nova.<\/span><\/p>\n<p><strong>Die Vorteile unseres Tankwagens<\/strong>:<br \/>\n-Zelo kvaliteten proizvajalec Schutz.<br \/>\n-auf\u00a0<strong>Kunststoff oder Metall\u00a0<\/strong>paleti,<br \/>\n-standardni ventil S60 &#8211; za ta navoj obstaja ogromno priklju\u010dkov,<br \/>\n-ventil je lepljen ali privija\u010den na cisterno.<br \/>\n-Standard 165mm Deckel - normalerweise glatt, kann aber auch bel\u00fcftet sein (wenn dies f\u00fcr Sie wichtig ist, teilen Sie uns dies bitte bei der Bestellung mit).<br \/>\n&#8211;<strong>starost do ~4 mesece<\/strong> &#8211; prakti\u010dno nove cisterne &#8211; zelo pomembno, ker je plastika prakti\u010dno nova.<\/p>\n<p><strong>Abmessungen:<\/strong><br \/>\nL\u00e4nge x Breite x H\u00f6he = 120 x 100 x 117cm.<\/p>\n<p><strong>SAMO OSEBNI PREVZEM\u00a0 &#8211; NE PO\u0160ILJAMO PO PO\u0160TI<\/strong><\/p>","protected":false},"featured_media":17317,"template":"","meta":[],"product_brand":[],"product_cat":[308,182],"product_tag":[351,341,352,340],"class_list":{"0":"post-7882","1":"product","2":"type-product","3":"status-publish","4":"has-post-thumbnail","6":"product_cat-cisterne","7":"product_cat-ibc-cisterne-ventili-in-dodatki","8":"product_tag-ibc-cisterna","9":"product_tag-kot-nova","10":"product_tag-na-kovinski-ali-plasticni-paleti","11":"product_tag-rabljena-ibc-cisterna","12":"product_shipping_class-no-shipping-pick-up-only","14":"first","15":"instock","16":"shipping-taxable","17":"purchasable","18":"product-type-variable"},"yoast_head":"<!-- This site is optimized with the Yoast SEO plugin v27.1.1 - https:\/\/yoast.com\/product\/yoast-seo-wordpress\/ -->\n<title>IBC cisterna 1000 L Schutz \u2013 rabljena, prehranska industrija<\/title>\n<meta name=\"description\" content=\"Standardna IBC cisterna Schutz na kovinski ali plasti\u010dni paleti, uporabljena 1x za transport sestavine za pija\u010do, o\u010di\u0161\u010dena, prakti\u010dno nova.\" \/>\n<meta name=\"robots\" content=\"index, follow, max-snippet:-1, max-image-preview:large, max-video-preview:-1\" \/>\n<link rel=\"canonical\" href=\"https:\/\/ibcparts.eu\/de\/produkt\/ibc-cisterna-1000l-za-vodo-koleno-gratis\/\" \/>\n<meta property=\"og:locale\" content=\"de_DE\" \/>\n<meta property=\"og:type\" content=\"article\" \/>\n<meta property=\"og:title\" content=\"IBC cisterna 1000 L Schutz \u2013 rabljena, prehranska industrija\" \/>\n<meta property=\"og:description\" content=\"Standardna IBC cisterna Schutz na kovinski ali plasti\u010dni paleti, uporabljena 1x za transport sestavine za pija\u010do, o\u010di\u0161\u010dena, prakti\u010dno nova.\" \/>\n<meta property=\"og:url\" content=\"https:\/\/ibcparts.eu\/de\/produkt\/ibc-cisterna-1000l-za-vodo-koleno-gratis\/\" \/>\n<meta property=\"og:site_name\" content=\"IBCparts.eu\" \/>\n<meta property=\"article:modified_time\" content=\"2026-03-12T14:42:19+00:00\" \/>\n<meta property=\"og:image\" content=\"https:\/\/ibcparts.eu\/wp-content\/uploads\/2021\/11\/cisterna-ibc-namoci_4-600x600-1.jpg\" \/>\n\t<meta property=\"og:image:width\" content=\"600\" \/>\n\t<meta property=\"og:image:height\" content=\"600\" \/>\n\t<meta property=\"og:image:type\" content=\"image\/jpeg\" \/>\n<meta name=\"twitter:card\" content=\"summary_large_image\" \/>\n<meta name=\"twitter:label1\" content=\"Gesch\u00e4tzte Lesezeit\" \/>\n\t<meta name=\"twitter:data1\" content=\"3\u00a0Minuten\" \/>\n<script type=\"application\/ld+json\" class=\"yoast-schema-graph\">{\"@context\":\"https:\/\/schema.org\",\"@graph\":[{\"@type\":\"WebPage\",\"@id\":\"https:\/\/ibcparts.eu\/izdelek\/ibc-cisterna-1000l-za-vodo-koleno-gratis\/\",\"url\":\"https:\/\/ibcparts.eu\/izdelek\/ibc-cisterna-1000l-za-vodo-koleno-gratis\/\",\"name\":\"IBC cisterna 1000 L Schutz \u2013 rabljena, prehranska industrija\",\"isPartOf\":{\"@id\":\"https:\/\/ibcparts.eu\/#website\"},\"primaryImageOfPage\":{\"@id\":\"https:\/\/ibcparts.eu\/izdelek\/ibc-cisterna-1000l-za-vodo-koleno-gratis\/#primaryimage\"},\"image\":{\"@id\":\"https:\/\/ibcparts.eu\/izdelek\/ibc-cisterna-1000l-za-vodo-koleno-gratis\/#primaryimage\"},\"thumbnailUrl\":\"https:\/\/ibcparts.eu\/wp-content\/uploads\/2021\/11\/cisterna-ibc-namoci_4-600x600-1.jpg\",\"datePublished\":\"2021-11-14T18:02:17+00:00\",\"dateModified\":\"2026-03-12T14:42:19+00:00\",\"description\":\"Standardna IBC cisterna Schutz na kovinski ali plasti\u010dni paleti, uporabljena 1x za transport sestavine za pija\u010do, o\u010di\u0161\u010dena, prakti\u010dno nova.\",\"breadcrumb\":{\"@id\":\"https:\/\/ibcparts.eu\/izdelek\/ibc-cisterna-1000l-za-vodo-koleno-gratis\/#breadcrumb\"},\"inLanguage\":\"de\",\"potentialAction\":[{\"@type\":\"ReadAction\",\"target\":[\"https:\/\/ibcparts.eu\/izdelek\/ibc-cisterna-1000l-za-vodo-koleno-gratis\/\"]}]},{\"@type\":\"ImageObject\",\"inLanguage\":\"de\",\"@id\":\"https:\/\/ibcparts.eu\/izdelek\/ibc-cisterna-1000l-za-vodo-koleno-gratis\/#primaryimage\",\"url\":\"https:\/\/ibcparts.eu\/wp-content\/uploads\/2021\/11\/cisterna-ibc-namoci_4-600x600-1.jpg\",\"contentUrl\":\"https:\/\/ibcparts.eu\/wp-content\/uploads\/2021\/11\/cisterna-ibc-namoci_4-600x600-1.jpg\",\"width\":600,\"height\":600},{\"@type\":\"BreadcrumbList\",\"@id\":\"https:\/\/ibcparts.eu\/izdelek\/ibc-cisterna-1000l-za-vodo-koleno-gratis\/#breadcrumb\",\"itemListElement\":[{\"@type\":\"ListItem\",\"position\":1,\"name\":\"Home\",\"item\":\"https:\/\/ibcparts.eu\/\"},{\"@type\":\"ListItem\",\"position\":2,\"name\":\"Nakupujte\",\"item\":\"https:\/\/ibcparts.eu\/nakupujte\/\"},{\"@type\":\"ListItem\",\"position\":3,\"name\":\"IBC cisterna 1000 L Schutz \u2013 rabljena, prehranska industrija\"}]},{\"@type\":\"WebSite\",\"@id\":\"https:\/\/ibcparts.eu\/#website\",\"url\":\"https:\/\/ibcparts.eu\/\",\"name\":\"IBCparts.eu\",\"description\":\"\",\"publisher\":{\"@id\":\"https:\/\/ibcparts.eu\/#organization\"},\"potentialAction\":[{\"@type\":\"SearchAction\",\"target\":{\"@type\":\"EntryPoint\",\"urlTemplate\":\"https:\/\/ibcparts.eu\/?s={search_term_string}\"},\"query-input\":{\"@type\":\"PropertyValueSpecification\",\"valueRequired\":true,\"valueName\":\"search_term_string\"}}],\"inLanguage\":\"de\"},{\"@type\":\"Organization\",\"@id\":\"https:\/\/ibcparts.eu\/#organization\",\"name\":\"IBCparts\",\"url\":\"https:\/\/ibcparts.eu\/\",\"logo\":{\"@type\":\"ImageObject\",\"inLanguage\":\"de\",\"@id\":\"https:\/\/ibcparts.eu\/#\/schema\/logo\/image\/\",\"url\":\"https:\/\/ibcparts.eu\/wp-content\/uploads\/2021\/10\/Footer-Logo.png\",\"contentUrl\":\"https:\/\/ibcparts.eu\/wp-content\/uploads\/2021\/10\/Footer-Logo.png\",\"width\":1992,\"height\":772,\"caption\":\"IBCparts\"},\"image\":{\"@id\":\"https:\/\/ibcparts.eu\/#\/schema\/logo\/image\/\"}}]}<\/script>\n<!-- \/ Yoast SEO plugin. -->","yoast_head_json":{"title":"IBC cisterna 1000 L Schutz \u2013 rabljena, prehranska industrija","description":"Standardna IBC cisterna Schutz na kovinski ali plasti\u010dni paleti, uporabljena 1x za transport sestavine za pija\u010do, o\u010di\u0161\u010dena, prakti\u010dno nova.","robots":{"index":"index","follow":"follow","max-snippet":"max-snippet:-1","max-image-preview":"max-image-preview:large","max-video-preview":"max-video-preview:-1"},"canonical":"https:\/\/ibcparts.eu\/de\/produkt\/ibc-cisterna-1000l-za-vodo-koleno-gratis\/","og_locale":"de_DE","og_type":"article","og_title":"IBC cisterna 1000 L Schutz \u2013 rabljena, prehranska industrija","og_description":"Standardna IBC cisterna Schutz na kovinski ali plasti\u010dni paleti, uporabljena 1x za transport sestavine za pija\u010do, o\u010di\u0161\u010dena, prakti\u010dno nova.","og_url":"https:\/\/ibcparts.eu\/de\/produkt\/ibc-cisterna-1000l-za-vodo-koleno-gratis\/","og_site_name":"IBCparts.eu","article_modified_time":"2026-03-12T14:42:19+00:00","og_image":[{"width":600,"height":600,"url":"https:\/\/ibcparts.eu\/wp-content\/uploads\/2021\/11\/cisterna-ibc-namoci_4-600x600-1.jpg","type":"image\/jpeg"}],"twitter_card":"summary_large_image","twitter_misc":{"Gesch\u00e4tzte Lesezeit":"3\u00a0Minuten"},"schema":{"@context":"https:\/\/schema.org","@graph":[{"@type":"WebPage","@id":"https:\/\/ibcparts.eu\/izdelek\/ibc-cisterna-1000l-za-vodo-koleno-gratis\/","url":"https:\/\/ibcparts.eu\/izdelek\/ibc-cisterna-1000l-za-vodo-koleno-gratis\/","name":"IBC cisterna 1000 L Schutz \u2013 rabljena, prehranska industrija","isPartOf":{"@id":"https:\/\/ibcparts.eu\/#website"},"primaryImageOfPage":{"@id":"https:\/\/ibcparts.eu\/izdelek\/ibc-cisterna-1000l-za-vodo-koleno-gratis\/#primaryimage"},"image":{"@id":"https:\/\/ibcparts.eu\/izdelek\/ibc-cisterna-1000l-za-vodo-koleno-gratis\/#primaryimage"},"thumbnailUrl":"https:\/\/ibcparts.eu\/wp-content\/uploads\/2021\/11\/cisterna-ibc-namoci_4-600x600-1.jpg","datePublished":"2021-11-14T18:02:17+00:00","dateModified":"2026-03-12T14:42:19+00:00","description":"Standardna IBC cisterna Schutz na kovinski ali plasti\u010dni paleti, uporabljena 1x za transport sestavine za pija\u010do, o\u010di\u0161\u010dena, prakti\u010dno nova.","breadcrumb":{"@id":"https:\/\/ibcparts.eu\/izdelek\/ibc-cisterna-1000l-za-vodo-koleno-gratis\/#breadcrumb"},"inLanguage":"de","potentialAction":[{"@type":"ReadAction","target":["https:\/\/ibcparts.eu\/izdelek\/ibc-cisterna-1000l-za-vodo-koleno-gratis\/"]}]},{"@type":"ImageObject","inLanguage":"de","@id":"https:\/\/ibcparts.eu\/izdelek\/ibc-cisterna-1000l-za-vodo-koleno-gratis\/#primaryimage","url":"https:\/\/ibcparts.eu\/wp-content\/uploads\/2021\/11\/cisterna-ibc-namoci_4-600x600-1.jpg","contentUrl":"https:\/\/ibcparts.eu\/wp-content\/uploads\/2021\/11\/cisterna-ibc-namoci_4-600x600-1.jpg","width":600,"height":600},{"@type":"BreadcrumbList","@id":"https:\/\/ibcparts.eu\/izdelek\/ibc-cisterna-1000l-za-vodo-koleno-gratis\/#breadcrumb","itemListElement":[{"@type":"ListItem","position":1,"name":"Home","item":"https:\/\/ibcparts.eu\/"},{"@type":"ListItem","position":2,"name":"Nakupujte","item":"https:\/\/ibcparts.eu\/nakupujte\/"},{"@type":"ListItem","position":3,"name":"IBC cisterna 1000 L Schutz \u2013 rabljena, prehranska industrija"}]},{"@type":"WebSite","@id":"https:\/\/ibcparts.eu\/#website","url":"https:\/\/ibcparts.eu\/","name":"IBC-Teile.eu","description":"","publisher":{"@id":"https:\/\/ibcparts.eu\/#organization"},"potentialAction":[{"@type":"SearchAction","target":{"@type":"EntryPoint","urlTemplate":"https:\/\/ibcparts.eu\/?s={search_term_string}"},"query-input":{"@type":"PropertyValueSpecification","valueRequired":true,"valueName":"search_term_string"}}],"inLanguage":"de"},{"@type":"Organization","@id":"https:\/\/ibcparts.eu\/#organization","name":"IBC-Teile","url":"https:\/\/ibcparts.eu\/","logo":{"@type":"ImageObject","inLanguage":"de","@id":"https:\/\/ibcparts.eu\/#\/schema\/logo\/image\/","url":"https:\/\/ibcparts.eu\/wp-content\/uploads\/2021\/10\/Footer-Logo.png","contentUrl":"https:\/\/ibcparts.eu\/wp-content\/uploads\/2021\/10\/Footer-Logo.png","width":1992,"height":772,"caption":"IBCparts"},"image":{"@id":"https:\/\/ibcparts.eu\/#\/schema\/logo\/image\/"}}]}},"_links":{"self":[{"href":"https:\/\/ibcparts.eu\/de\/wp-json\/wp\/v2\/product\/7882","targetHints":{"allow":["GET"]}}],"collection":[{"href":"https:\/\/ibcparts.eu\/de\/wp-json\/wp\/v2\/product"}],"about":[{"href":"https:\/\/ibcparts.eu\/de\/wp-json\/wp\/v2\/types\/product"}],"version-history":[{"count":5,"href":"https:\/\/ibcparts.eu\/de\/wp-json\/wp\/v2\/product\/7882\/revisions"}],"predecessor-version":[{"id":20763,"href":"https:\/\/ibcparts.eu\/de\/wp-json\/wp\/v2\/product\/7882\/revisions\/20763"}],"wp:featuredmedia":[{"embeddable":true,"href":"https:\/\/ibcparts.eu\/de\/wp-json\/wp\/v2\/media\/17317"}],"wp:attachment":[{"href":"https:\/\/ibcparts.eu\/de\/wp-json\/wp\/v2\/media?parent=7882"}],"wp:term":[{"taxonomy":"product_brand","embeddable":true,"href":"https:\/\/ibcparts.eu\/de\/wp-json\/wp\/v2\/product_brand?post=7882"},{"taxonomy":"product_cat","embeddable":true,"href":"https:\/\/ibcparts.eu\/de\/wp-json\/wp\/v2\/product_cat?post=7882"},{"taxonomy":"product_tag","embeddable":true,"href":"https:\/\/ibcparts.eu\/de\/wp-json\/wp\/v2\/product_tag?post=7882"}],"curies":[{"name":"wp","href":"https:\/\/api.w.org\/{rel}","templated":true}]}}