{"id":7817,"date":"2021-11-14T18:26:23","date_gmt":"2021-11-14T17:26:23","guid":{"rendered":"https:\/\/ibcparts.eu\/?post_type=product&#038;p=7817"},"modified":"2026-01-15T08:25:35","modified_gmt":"2026-01-15T07:25:35","slug":"pokrov-za-ibc-cisterno","status":"publish","type":"product","link":"https:\/\/ibcparts.eu\/de\/produkt\/deckel-fuer-ibc-tank\/","title":{"rendered":"Deckel f\u00fcr IBC-Container (165mm, 225mm)"},"content":{"rendered":"","protected":false},"excerpt":{"rendered":"<h2 data-start=\"348\" data-end=\"421\"><strong data-start=\"348\" data-end=\"421\">Deckel f\u00fcr IBC-Container \u2013 Standards 165 mm (DN150 \/ S165x7) und 225 mm<\/strong><\/h2>\n<p class=\" translation-block\">Hochwertiger <strong>Deckel f\u00fcr IBC-Container<\/strong>, hergestellt aus <strong>verst\u00e4rktem HDPE-Material<\/strong>, vorgesehen zum zuverl\u00e4ssigen Verschlie\u00dfen von IBC-Containern mit einer \u00d6ffnung von <strong>165 mm oder 225 mm<\/strong>.<br> Der Deckel ist <strong>voll, ohne \u00d6ffnungen<\/strong> und f\u00fcr eine breite Palette von Herstellern geeignet.<\/p>\n<h3 data-start=\"710\" data-end=\"732\">Haupteigenschaften<\/h3>\n<ul>\n<li data-start=\"736\" data-end=\"768\"><strong data-start=\"738\" data-end=\"768\">voller Deckel \u2013 ohne \u00d6ffnungen<\/strong><\/li>\n<li data-start=\"771\" data-end=\"816\" class=\" translation-block\">verf\u00fcgbare Gr\u00f6\u00dfen <strong>165 mm<\/strong> (DN150 \/ S165x7), <strong>225 mm<\/strong><\/li>\n<li data-start=\"819\" data-end=\"871\" class=\" translation-block\">hergestellt aus <strong>HDPE, verst\u00e4rkt mit Glasfasern<\/strong><\/li>\n<li data-start=\"874\" data-end=\"901\">hohe mechanische Best\u00e4ndigkeit<\/li>\n<li data-start=\"904\" data-end=\"928\">lange Lebensdauer<\/li>\n<li data-start=\"931\" data-end=\"948\" class=\" translation-block\">Farbe: <strong>schwarz<\/strong><\/li>\n<\/ul>\n<h2 data-start=\"1394\" data-end=\"1424\">Kompatibilit\u00e4t<\/h2>\n<p data-start=\"1426\" data-end=\"1448\"><strong>Gr\u00f6\u00dfe 165 mm<\/strong><\/p>\n<ul>\n<li data-start=\"1451\" data-end=\"1499\" class=\" translation-block\">passt zu <strong>allen IBC-Containern mit einer \u00d6ffnung von 165 mm<\/strong><\/li>\n<li data-start=\"1502\" data-end=\"1542\">\u2757 <strong data-start=\"1504\" data-end=\"1542\">nicht kompatibel mit dem Hersteller Sotralentz<\/strong><\/li>\n<\/ul>\n<p data-start=\"1544\" data-end=\"1566\"><strong>Gr\u00f6\u00dfe 225 mm<\/strong><\/p>\n<ul>\n<li data-start=\"1569\" data-end=\"1642\" class=\" translation-block\">bei dieser Gr\u00f6\u00dfe ist es erforderlich, <strong>den Hersteller in der Dropdown-Liste auszuw\u00e4hlen<\/strong><\/li>\n<li data-start=\"1645\" data-end=\"1688\">gew\u00e4hrleistet eine korrekte Passform und Abdichtung<\/li>\n<\/ul>\n<div class=\"woocommerce-product-details__short-description\">\n<p>Mehr St\u00fccke, gr\u00f6\u00dferer Rabatt \u2013 Mengen verschiedener Artikel und Varianten werden zusammengerechnet!<\/p>\n<\/div>","protected":false},"featured_media":14067,"template":"","meta":[],"product_brand":[],"product_cat":[182,261],"product_tag":[296],"class_list":{"0":"post-7817","1":"product","2":"type-product","3":"status-publish","4":"has-post-thumbnail","6":"product_cat-ibc-cisterne-ventili-in-dodatki","7":"product_cat-pokrovi-za-ibc-cisterne","8":"product_tag-pokrov-za-ibc-cisterno","10":"first","11":"instock","12":"shipping-taxable","13":"purchasable","14":"product-type-variable"},"yoast_head":"<!-- This site is optimized with the Yoast SEO plugin v27.1.1 - https:\/\/yoast.com\/product\/yoast-seo-wordpress\/ -->\n<title>Pokrov za IBC cisterno (165mm, 225mm)<\/title>\n<meta name=\"description\" content=\"Kakovostni pokrovi za IBC cisterne z odprtino 165 mm in 225 mm. HDPE oja\u010dan s steklenimi vlakni, \u010drna barva, zdru\u017eljivo z ve\u010dino proizvajalcev. Na zalogi.\" \/>\n<meta name=\"robots\" content=\"index, follow, max-snippet:-1, max-image-preview:large, max-video-preview:-1\" \/>\n<link rel=\"canonical\" href=\"https:\/\/ibcparts.eu\/de\/produkt\/deckel-fuer-ibc-tank\/\" \/>\n<meta property=\"og:locale\" content=\"de_DE\" \/>\n<meta property=\"og:type\" content=\"article\" \/>\n<meta property=\"og:title\" content=\"Pokrov za IBC cisterno (165mm, 225mm)\" \/>\n<meta property=\"og:description\" content=\"Kakovostni pokrovi za IBC cisterne z odprtino 165 mm in 225 mm. HDPE oja\u010dan s steklenimi vlakni, \u010drna barva, zdru\u017eljivo z ve\u010dino proizvajalcev. Na zalogi.\" \/>\n<meta property=\"og:url\" content=\"https:\/\/ibcparts.eu\/de\/produkt\/deckel-fuer-ibc-tank\/\" \/>\n<meta property=\"og:site_name\" content=\"IBCparts.eu\" \/>\n<meta property=\"article:modified_time\" content=\"2026-01-15T07:25:35+00:00\" \/>\n<meta property=\"og:image\" content=\"https:\/\/ibcparts.eu\/wp-content\/uploads\/2021\/11\/pokrov-za-ibc-cisterno_orig-1.jpg\" \/>\n\t<meta property=\"og:image:width\" content=\"600\" \/>\n\t<meta property=\"og:image:height\" content=\"600\" \/>\n\t<meta property=\"og:image:type\" content=\"image\/jpeg\" \/>\n<meta name=\"twitter:card\" content=\"summary_large_image\" \/>\n<script type=\"application\/ld+json\" class=\"yoast-schema-graph\">{\"@context\":\"https:\/\/schema.org\",\"@graph\":[{\"@type\":\"WebPage\",\"@id\":\"https:\/\/ibcparts.eu\/izdelek\/pokrov-za-ibc-cisterno\/\",\"url\":\"https:\/\/ibcparts.eu\/izdelek\/pokrov-za-ibc-cisterno\/\",\"name\":\"Pokrov za IBC cisterno (165mm, 225mm)\",\"isPartOf\":{\"@id\":\"https:\/\/ibcparts.eu\/#website\"},\"primaryImageOfPage\":{\"@id\":\"https:\/\/ibcparts.eu\/izdelek\/pokrov-za-ibc-cisterno\/#primaryimage\"},\"image\":{\"@id\":\"https:\/\/ibcparts.eu\/izdelek\/pokrov-za-ibc-cisterno\/#primaryimage\"},\"thumbnailUrl\":\"https:\/\/ibcparts.eu\/wp-content\/uploads\/2021\/11\/pokrov-za-ibc-cisterno_orig-1.jpg\",\"datePublished\":\"2021-11-14T17:26:23+00:00\",\"dateModified\":\"2026-01-15T07:25:35+00:00\",\"description\":\"Kakovostni pokrovi za IBC cisterne z odprtino 165 mm in 225 mm. HDPE oja\u010dan s steklenimi vlakni, \u010drna barva, zdru\u017eljivo z ve\u010dino proizvajalcev. Na zalogi.\",\"breadcrumb\":{\"@id\":\"https:\/\/ibcparts.eu\/izdelek\/pokrov-za-ibc-cisterno\/#breadcrumb\"},\"inLanguage\":\"de\",\"potentialAction\":[{\"@type\":\"ReadAction\",\"target\":[\"https:\/\/ibcparts.eu\/izdelek\/pokrov-za-ibc-cisterno\/\"]}]},{\"@type\":\"ImageObject\",\"inLanguage\":\"de\",\"@id\":\"https:\/\/ibcparts.eu\/izdelek\/pokrov-za-ibc-cisterno\/#primaryimage\",\"url\":\"https:\/\/ibcparts.eu\/wp-content\/uploads\/2021\/11\/pokrov-za-ibc-cisterno_orig-1.jpg\",\"contentUrl\":\"https:\/\/ibcparts.eu\/wp-content\/uploads\/2021\/11\/pokrov-za-ibc-cisterno_orig-1.jpg\",\"width\":600,\"height\":600,\"caption\":\"Pokrov za IBC cisterno\"},{\"@type\":\"BreadcrumbList\",\"@id\":\"https:\/\/ibcparts.eu\/izdelek\/pokrov-za-ibc-cisterno\/#breadcrumb\",\"itemListElement\":[{\"@type\":\"ListItem\",\"position\":1,\"name\":\"Home\",\"item\":\"https:\/\/ibcparts.eu\/\"},{\"@type\":\"ListItem\",\"position\":2,\"name\":\"Nakupujte\",\"item\":\"https:\/\/ibcparts.eu\/nakupujte\/\"},{\"@type\":\"ListItem\",\"position\":3,\"name\":\"Pokrov za IBC cisterno (165mm, 225mm)\"}]},{\"@type\":\"WebSite\",\"@id\":\"https:\/\/ibcparts.eu\/#website\",\"url\":\"https:\/\/ibcparts.eu\/\",\"name\":\"IBCparts.eu\",\"description\":\"\",\"publisher\":{\"@id\":\"https:\/\/ibcparts.eu\/#organization\"},\"potentialAction\":[{\"@type\":\"SearchAction\",\"target\":{\"@type\":\"EntryPoint\",\"urlTemplate\":\"https:\/\/ibcparts.eu\/?s={search_term_string}\"},\"query-input\":{\"@type\":\"PropertyValueSpecification\",\"valueRequired\":true,\"valueName\":\"search_term_string\"}}],\"inLanguage\":\"de\"},{\"@type\":\"Organization\",\"@id\":\"https:\/\/ibcparts.eu\/#organization\",\"name\":\"IBCparts\",\"url\":\"https:\/\/ibcparts.eu\/\",\"logo\":{\"@type\":\"ImageObject\",\"inLanguage\":\"de\",\"@id\":\"https:\/\/ibcparts.eu\/#\/schema\/logo\/image\/\",\"url\":\"https:\/\/ibcparts.eu\/wp-content\/uploads\/2021\/10\/Footer-Logo.png\",\"contentUrl\":\"https:\/\/ibcparts.eu\/wp-content\/uploads\/2021\/10\/Footer-Logo.png\",\"width\":1992,\"height\":772,\"caption\":\"IBCparts\"},\"image\":{\"@id\":\"https:\/\/ibcparts.eu\/#\/schema\/logo\/image\/\"}}]}<\/script>\n<!-- \/ Yoast SEO plugin. -->","yoast_head_json":{"title":"Deckel f\u00fcr IBC-Container (165mm, 225mm)","description":"Kakovostni pokrovi za IBC cisterne z odprtino 165 mm in 225 mm. HDPE oja\u010dan s steklenimi vlakni, \u010drna barva, zdru\u017eljivo z ve\u010dino proizvajalcev. Na zalogi.","robots":{"index":"index","follow":"follow","max-snippet":"max-snippet:-1","max-image-preview":"max-image-preview:large","max-video-preview":"max-video-preview:-1"},"canonical":"https:\/\/ibcparts.eu\/de\/produkt\/deckel-fuer-ibc-tank\/","og_locale":"de_DE","og_type":"article","og_title":"Pokrov za IBC cisterno (165mm, 225mm)","og_description":"Kakovostni pokrovi za IBC cisterne z odprtino 165 mm in 225 mm. HDPE oja\u010dan s steklenimi vlakni, \u010drna barva, zdru\u017eljivo z ve\u010dino proizvajalcev. Na zalogi.","og_url":"https:\/\/ibcparts.eu\/de\/produkt\/deckel-fuer-ibc-tank\/","og_site_name":"IBCparts.eu","article_modified_time":"2026-01-15T07:25:35+00:00","og_image":[{"width":600,"height":600,"url":"https:\/\/ibcparts.eu\/wp-content\/uploads\/2021\/11\/pokrov-za-ibc-cisterno_orig-1.jpg","type":"image\/jpeg"}],"twitter_card":"summary_large_image","schema":{"@context":"https:\/\/schema.org","@graph":[{"@type":"WebPage","@id":"https:\/\/ibcparts.eu\/izdelek\/pokrov-za-ibc-cisterno\/","url":"https:\/\/ibcparts.eu\/izdelek\/pokrov-za-ibc-cisterno\/","name":"Deckel f\u00fcr IBC-Container (165mm, 225mm)","isPartOf":{"@id":"https:\/\/ibcparts.eu\/#website"},"primaryImageOfPage":{"@id":"https:\/\/ibcparts.eu\/izdelek\/pokrov-za-ibc-cisterno\/#primaryimage"},"image":{"@id":"https:\/\/ibcparts.eu\/izdelek\/pokrov-za-ibc-cisterno\/#primaryimage"},"thumbnailUrl":"https:\/\/ibcparts.eu\/wp-content\/uploads\/2021\/11\/pokrov-za-ibc-cisterno_orig-1.jpg","datePublished":"2021-11-14T17:26:23+00:00","dateModified":"2026-01-15T07:25:35+00:00","description":"Kakovostni pokrovi za IBC cisterne z odprtino 165 mm in 225 mm. HDPE oja\u010dan s steklenimi vlakni, \u010drna barva, zdru\u017eljivo z ve\u010dino proizvajalcev. Na zalogi.","breadcrumb":{"@id":"https:\/\/ibcparts.eu\/izdelek\/pokrov-za-ibc-cisterno\/#breadcrumb"},"inLanguage":"de","potentialAction":[{"@type":"ReadAction","target":["https:\/\/ibcparts.eu\/izdelek\/pokrov-za-ibc-cisterno\/"]}]},{"@type":"ImageObject","inLanguage":"de","@id":"https:\/\/ibcparts.eu\/izdelek\/pokrov-za-ibc-cisterno\/#primaryimage","url":"https:\/\/ibcparts.eu\/wp-content\/uploads\/2021\/11\/pokrov-za-ibc-cisterno_orig-1.jpg","contentUrl":"https:\/\/ibcparts.eu\/wp-content\/uploads\/2021\/11\/pokrov-za-ibc-cisterno_orig-1.jpg","width":600,"height":600,"caption":"Pokrov za IBC cisterno"},{"@type":"BreadcrumbList","@id":"https:\/\/ibcparts.eu\/izdelek\/pokrov-za-ibc-cisterno\/#breadcrumb","itemListElement":[{"@type":"ListItem","position":1,"name":"Home","item":"https:\/\/ibcparts.eu\/"},{"@type":"ListItem","position":2,"name":"Nakupujte","item":"https:\/\/ibcparts.eu\/nakupujte\/"},{"@type":"ListItem","position":3,"name":"Pokrov za IBC cisterno (165mm, 225mm)"}]},{"@type":"WebSite","@id":"https:\/\/ibcparts.eu\/#website","url":"https:\/\/ibcparts.eu\/","name":"IBC-Teile.eu","description":"","publisher":{"@id":"https:\/\/ibcparts.eu\/#organization"},"potentialAction":[{"@type":"SearchAction","target":{"@type":"EntryPoint","urlTemplate":"https:\/\/ibcparts.eu\/?s={search_term_string}"},"query-input":{"@type":"PropertyValueSpecification","valueRequired":true,"valueName":"search_term_string"}}],"inLanguage":"de"},{"@type":"Organization","@id":"https:\/\/ibcparts.eu\/#organization","name":"IBC-Teile","url":"https:\/\/ibcparts.eu\/","logo":{"@type":"ImageObject","inLanguage":"de","@id":"https:\/\/ibcparts.eu\/#\/schema\/logo\/image\/","url":"https:\/\/ibcparts.eu\/wp-content\/uploads\/2021\/10\/Footer-Logo.png","contentUrl":"https:\/\/ibcparts.eu\/wp-content\/uploads\/2021\/10\/Footer-Logo.png","width":1992,"height":772,"caption":"IBCparts"},"image":{"@id":"https:\/\/ibcparts.eu\/#\/schema\/logo\/image\/"}}]}},"_links":{"self":[{"href":"https:\/\/ibcparts.eu\/de\/wp-json\/wp\/v2\/product\/7817","targetHints":{"allow":["GET"]}}],"collection":[{"href":"https:\/\/ibcparts.eu\/de\/wp-json\/wp\/v2\/product"}],"about":[{"href":"https:\/\/ibcparts.eu\/de\/wp-json\/wp\/v2\/types\/product"}],"version-history":[{"count":3,"href":"https:\/\/ibcparts.eu\/de\/wp-json\/wp\/v2\/product\/7817\/revisions"}],"predecessor-version":[{"id":20322,"href":"https:\/\/ibcparts.eu\/de\/wp-json\/wp\/v2\/product\/7817\/revisions\/20322"}],"wp:featuredmedia":[{"embeddable":true,"href":"https:\/\/ibcparts.eu\/de\/wp-json\/wp\/v2\/media\/14067"}],"wp:attachment":[{"href":"https:\/\/ibcparts.eu\/de\/wp-json\/wp\/v2\/media?parent=7817"}],"wp:term":[{"taxonomy":"product_brand","embeddable":true,"href":"https:\/\/ibcparts.eu\/de\/wp-json\/wp\/v2\/product_brand?post=7817"},{"taxonomy":"product_cat","embeddable":true,"href":"https:\/\/ibcparts.eu\/de\/wp-json\/wp\/v2\/product_cat?post=7817"},{"taxonomy":"product_tag","embeddable":true,"href":"https:\/\/ibcparts.eu\/de\/wp-json\/wp\/v2\/product_tag?post=7817"}],"curies":[{"name":"wp","href":"https:\/\/api.w.org\/{rel}","templated":true}]}}