{"id":7723,"date":"2021-11-14T12:08:32","date_gmt":"2021-11-14T11:08:32","guid":{"rendered":"https:\/\/ibcparts.eu\/?post_type=product&#038;p=7723"},"modified":"2025-12-06T17:17:51","modified_gmt":"2025-12-06T16:17:51","slug":"nipl-reducirni-mxf","status":"publish","type":"product","link":"https:\/\/ibcparts.eu\/de\/produkt\/nipl-reducirni-mxf\/","title":{"rendered":"Nipl Reduzierst\u00fcck PRO MxF"},"content":{"rendered":"","protected":false},"excerpt":{"rendered":"<p>Reducirni fiting PRO MxF.<\/p>\n<p>Auf der einen Seite das Au\u00dfengewinde, auf der anderen Seite das Innengewinde.<\/p>\n<p>Gr\u00f6\u00dfen:<\/p>\n<ul>\n<li>3\/4\u2033 x 1\/2\u2033<\/li>\n<li>1\u2033 x 3\/4\u2033<\/li>\n<\/ul>\n<p>Werkstoff: PP<\/p>\n<p>Gewindetyp: BSP (Standard)<\/p>\n<p><strong>Mehr St\u00fccke, gr\u00f6\u00dferer Rabatt \u2013 Mengen verschiedener Artikel und Varianten werden zusammengerechnet!<\/strong><\/p>","protected":false},"featured_media":7724,"template":"","meta":[],"product_brand":[],"product_cat":[179,266],"product_tag":[],"class_list":{"0":"post-7723","1":"product","2":"type-product","3":"status-publish","4":"has-post-thumbnail","6":"product_cat-alkaten-prikljucki-in-pp-fitingi","7":"product_cat-pp-fitingi-in-ventili","9":"first","10":"instock","11":"shipping-taxable","12":"purchasable","13":"product-type-variable"},"yoast_head":"<!-- This site is optimized with the Yoast SEO plugin v27.1.1 - https:\/\/yoast.com\/product\/yoast-seo-wordpress\/ -->\n<title>Nipl reducirni PRO MxF | IBCparts.eu<\/title>\n<meta name=\"description\" content=\"Reducirni fiting PRO MxF. Na eni strani zunanji (mo\u0161ki) navoj, na drugi strani notranji (\u017eenski) navoj. Velikosti: 3\/4&quot; x 1\/2&quot;, 1&quot; x 3\/4&quot;.\" \/>\n<meta name=\"robots\" content=\"index, follow, max-snippet:-1, max-image-preview:large, max-video-preview:-1\" \/>\n<link rel=\"canonical\" href=\"https:\/\/ibcparts.eu\/de\/produkt\/nipl-reducirni-mxf\/\" \/>\n<meta property=\"og:locale\" content=\"de_DE\" \/>\n<meta property=\"og:type\" content=\"article\" \/>\n<meta property=\"og:title\" content=\"Nipl reducirni PRO MxF | IBCparts.eu\" \/>\n<meta property=\"og:description\" content=\"Reducirni fiting PRO MxF. Na eni strani zunanji (mo\u0161ki) navoj, na drugi strani notranji (\u017eenski) navoj. Velikosti: 3\/4&quot; x 1\/2&quot;, 1&quot; x 3\/4&quot;.\" \/>\n<meta property=\"og:url\" content=\"https:\/\/ibcparts.eu\/de\/produkt\/nipl-reducirni-mxf\/\" \/>\n<meta property=\"og:site_name\" content=\"IBCparts.eu\" \/>\n<meta property=\"article:modified_time\" content=\"2025-12-06T16:17:51+00:00\" \/>\n<meta property=\"og:image\" content=\"https:\/\/ibcparts.eu\/wp-content\/uploads\/2021\/11\/reducirni-nipl-pro.jpg\" \/>\n\t<meta property=\"og:image:width\" content=\"323\" \/>\n\t<meta property=\"og:image:height\" content=\"323\" \/>\n\t<meta property=\"og:image:type\" content=\"image\/jpeg\" \/>\n<meta name=\"twitter:card\" content=\"summary_large_image\" \/>\n<script type=\"application\/ld+json\" class=\"yoast-schema-graph\">{\"@context\":\"https:\/\/schema.org\",\"@graph\":[{\"@type\":\"WebPage\",\"@id\":\"https:\/\/ibcparts.eu\/izdelek\/nipl-reducirni-mxf\/\",\"url\":\"https:\/\/ibcparts.eu\/izdelek\/nipl-reducirni-mxf\/\",\"name\":\"Nipl reducirni PRO MxF | IBCparts.eu\",\"isPartOf\":{\"@id\":\"https:\/\/ibcparts.eu\/#website\"},\"primaryImageOfPage\":{\"@id\":\"https:\/\/ibcparts.eu\/izdelek\/nipl-reducirni-mxf\/#primaryimage\"},\"image\":{\"@id\":\"https:\/\/ibcparts.eu\/izdelek\/nipl-reducirni-mxf\/#primaryimage\"},\"thumbnailUrl\":\"https:\/\/ibcparts.eu\/wp-content\/uploads\/2021\/11\/reducirni-nipl-pro.jpg\",\"datePublished\":\"2021-11-14T11:08:32+00:00\",\"dateModified\":\"2025-12-06T16:17:51+00:00\",\"description\":\"Reducirni fiting PRO MxF. Na eni strani zunanji (mo\u0161ki) navoj, na drugi strani notranji (\u017eenski) navoj. Velikosti: 3\/4\\\" x 1\/2\\\", 1\\\" x 3\/4\\\".\",\"breadcrumb\":{\"@id\":\"https:\/\/ibcparts.eu\/izdelek\/nipl-reducirni-mxf\/#breadcrumb\"},\"inLanguage\":\"de\",\"potentialAction\":[{\"@type\":\"ReadAction\",\"target\":[\"https:\/\/ibcparts.eu\/izdelek\/nipl-reducirni-mxf\/\"]}]},{\"@type\":\"ImageObject\",\"inLanguage\":\"de\",\"@id\":\"https:\/\/ibcparts.eu\/izdelek\/nipl-reducirni-mxf\/#primaryimage\",\"url\":\"https:\/\/ibcparts.eu\/wp-content\/uploads\/2021\/11\/reducirni-nipl-pro.jpg\",\"contentUrl\":\"https:\/\/ibcparts.eu\/wp-content\/uploads\/2021\/11\/reducirni-nipl-pro.jpg\",\"width\":323,\"height\":323,\"caption\":\"reducirni-nipl-pro\"},{\"@type\":\"BreadcrumbList\",\"@id\":\"https:\/\/ibcparts.eu\/izdelek\/nipl-reducirni-mxf\/#breadcrumb\",\"itemListElement\":[{\"@type\":\"ListItem\",\"position\":1,\"name\":\"Home\",\"item\":\"https:\/\/ibcparts.eu\/\"},{\"@type\":\"ListItem\",\"position\":2,\"name\":\"Nakupujte\",\"item\":\"https:\/\/ibcparts.eu\/nakupujte\/\"},{\"@type\":\"ListItem\",\"position\":3,\"name\":\"Nipl reducirni PRO MxF\"}]},{\"@type\":\"WebSite\",\"@id\":\"https:\/\/ibcparts.eu\/#website\",\"url\":\"https:\/\/ibcparts.eu\/\",\"name\":\"IBCparts.eu\",\"description\":\"\",\"publisher\":{\"@id\":\"https:\/\/ibcparts.eu\/#organization\"},\"potentialAction\":[{\"@type\":\"SearchAction\",\"target\":{\"@type\":\"EntryPoint\",\"urlTemplate\":\"https:\/\/ibcparts.eu\/?s={search_term_string}\"},\"query-input\":{\"@type\":\"PropertyValueSpecification\",\"valueRequired\":true,\"valueName\":\"search_term_string\"}}],\"inLanguage\":\"de\"},{\"@type\":\"Organization\",\"@id\":\"https:\/\/ibcparts.eu\/#organization\",\"name\":\"IBCparts\",\"url\":\"https:\/\/ibcparts.eu\/\",\"logo\":{\"@type\":\"ImageObject\",\"inLanguage\":\"de\",\"@id\":\"https:\/\/ibcparts.eu\/#\/schema\/logo\/image\/\",\"url\":\"https:\/\/ibcparts.eu\/wp-content\/uploads\/2021\/10\/Footer-Logo.png\",\"contentUrl\":\"https:\/\/ibcparts.eu\/wp-content\/uploads\/2021\/10\/Footer-Logo.png\",\"width\":1992,\"height\":772,\"caption\":\"IBCparts\"},\"image\":{\"@id\":\"https:\/\/ibcparts.eu\/#\/schema\/logo\/image\/\"}}]}<\/script>\n<!-- \/ Yoast SEO plugin. -->","yoast_head_json":{"title":"Nipl reducirni PRO MxF | IBCparts.eu","description":"Reducirni fiting PRO MxF. Na eni strani zunanji (mo\u0161ki) navoj, na drugi strani notranji (\u017eenski) navoj. Velikosti: 3\/4\" x 1\/2\", 1\" x 3\/4\".","robots":{"index":"index","follow":"follow","max-snippet":"max-snippet:-1","max-image-preview":"max-image-preview:large","max-video-preview":"max-video-preview:-1"},"canonical":"https:\/\/ibcparts.eu\/de\/produkt\/nipl-reducirni-mxf\/","og_locale":"de_DE","og_type":"article","og_title":"Nipl reducirni PRO MxF | IBCparts.eu","og_description":"Reducirni fiting PRO MxF. Na eni strani zunanji (mo\u0161ki) navoj, na drugi strani notranji (\u017eenski) navoj. Velikosti: 3\/4\" x 1\/2\", 1\" x 3\/4\".","og_url":"https:\/\/ibcparts.eu\/de\/produkt\/nipl-reducirni-mxf\/","og_site_name":"IBCparts.eu","article_modified_time":"2025-12-06T16:17:51+00:00","og_image":[{"width":323,"height":323,"url":"https:\/\/ibcparts.eu\/wp-content\/uploads\/2021\/11\/reducirni-nipl-pro.jpg","type":"image\/jpeg"}],"twitter_card":"summary_large_image","schema":{"@context":"https:\/\/schema.org","@graph":[{"@type":"WebPage","@id":"https:\/\/ibcparts.eu\/izdelek\/nipl-reducirni-mxf\/","url":"https:\/\/ibcparts.eu\/izdelek\/nipl-reducirni-mxf\/","name":"Nipl reducirni PRO MxF | IBCparts.eu","isPartOf":{"@id":"https:\/\/ibcparts.eu\/#website"},"primaryImageOfPage":{"@id":"https:\/\/ibcparts.eu\/izdelek\/nipl-reducirni-mxf\/#primaryimage"},"image":{"@id":"https:\/\/ibcparts.eu\/izdelek\/nipl-reducirni-mxf\/#primaryimage"},"thumbnailUrl":"https:\/\/ibcparts.eu\/wp-content\/uploads\/2021\/11\/reducirni-nipl-pro.jpg","datePublished":"2021-11-14T11:08:32+00:00","dateModified":"2025-12-06T16:17:51+00:00","description":"Reducirni fiting PRO MxF. Na eni strani zunanji (mo\u0161ki) navoj, na drugi strani notranji (\u017eenski) navoj. Velikosti: 3\/4\" x 1\/2\", 1\" x 3\/4\".","breadcrumb":{"@id":"https:\/\/ibcparts.eu\/izdelek\/nipl-reducirni-mxf\/#breadcrumb"},"inLanguage":"de","potentialAction":[{"@type":"ReadAction","target":["https:\/\/ibcparts.eu\/izdelek\/nipl-reducirni-mxf\/"]}]},{"@type":"ImageObject","inLanguage":"de","@id":"https:\/\/ibcparts.eu\/izdelek\/nipl-reducirni-mxf\/#primaryimage","url":"https:\/\/ibcparts.eu\/wp-content\/uploads\/2021\/11\/reducirni-nipl-pro.jpg","contentUrl":"https:\/\/ibcparts.eu\/wp-content\/uploads\/2021\/11\/reducirni-nipl-pro.jpg","width":323,"height":323,"caption":"reducirni-nipl-pro"},{"@type":"BreadcrumbList","@id":"https:\/\/ibcparts.eu\/izdelek\/nipl-reducirni-mxf\/#breadcrumb","itemListElement":[{"@type":"ListItem","position":1,"name":"Home","item":"https:\/\/ibcparts.eu\/"},{"@type":"ListItem","position":2,"name":"Nakupujte","item":"https:\/\/ibcparts.eu\/nakupujte\/"},{"@type":"ListItem","position":3,"name":"Nipl reducirni PRO MxF"}]},{"@type":"WebSite","@id":"https:\/\/ibcparts.eu\/#website","url":"https:\/\/ibcparts.eu\/","name":"IBC-Teile.eu","description":"","publisher":{"@id":"https:\/\/ibcparts.eu\/#organization"},"potentialAction":[{"@type":"SearchAction","target":{"@type":"EntryPoint","urlTemplate":"https:\/\/ibcparts.eu\/?s={search_term_string}"},"query-input":{"@type":"PropertyValueSpecification","valueRequired":true,"valueName":"search_term_string"}}],"inLanguage":"de"},{"@type":"Organization","@id":"https:\/\/ibcparts.eu\/#organization","name":"IBC-Teile","url":"https:\/\/ibcparts.eu\/","logo":{"@type":"ImageObject","inLanguage":"de","@id":"https:\/\/ibcparts.eu\/#\/schema\/logo\/image\/","url":"https:\/\/ibcparts.eu\/wp-content\/uploads\/2021\/10\/Footer-Logo.png","contentUrl":"https:\/\/ibcparts.eu\/wp-content\/uploads\/2021\/10\/Footer-Logo.png","width":1992,"height":772,"caption":"IBCparts"},"image":{"@id":"https:\/\/ibcparts.eu\/#\/schema\/logo\/image\/"}}]}},"_links":{"self":[{"href":"https:\/\/ibcparts.eu\/de\/wp-json\/wp\/v2\/product\/7723","targetHints":{"allow":["GET"]}}],"collection":[{"href":"https:\/\/ibcparts.eu\/de\/wp-json\/wp\/v2\/product"}],"about":[{"href":"https:\/\/ibcparts.eu\/de\/wp-json\/wp\/v2\/types\/product"}],"version-history":[{"count":0,"href":"https:\/\/ibcparts.eu\/de\/wp-json\/wp\/v2\/product\/7723\/revisions"}],"wp:featuredmedia":[{"embeddable":true,"href":"https:\/\/ibcparts.eu\/de\/wp-json\/wp\/v2\/media\/7724"}],"wp:attachment":[{"href":"https:\/\/ibcparts.eu\/de\/wp-json\/wp\/v2\/media?parent=7723"}],"wp:term":[{"taxonomy":"product_brand","embeddable":true,"href":"https:\/\/ibcparts.eu\/de\/wp-json\/wp\/v2\/product_brand?post=7723"},{"taxonomy":"product_cat","embeddable":true,"href":"https:\/\/ibcparts.eu\/de\/wp-json\/wp\/v2\/product_cat?post=7723"},{"taxonomy":"product_tag","embeddable":true,"href":"https:\/\/ibcparts.eu\/de\/wp-json\/wp\/v2\/product_tag?post=7723"}],"curies":[{"name":"wp","href":"https:\/\/api.w.org\/{rel}","templated":true}]}}