{"id":7700,"date":"2021-11-14T11:56:03","date_gmt":"2021-11-14T10:56:03","guid":{"rendered":"https:\/\/ibcparts.eu\/?post_type=product&#038;p=7700"},"modified":"2025-12-06T17:11:33","modified_gmt":"2025-12-06T16:11:33","slug":"pp-koleno-m","status":"publish","type":"product","link":"https:\/\/ibcparts.eu\/de\/produkt\/pp-koleno-m\/","title":{"rendered":"Koleno smrekica M"},"content":{"rendered":"","protected":false},"excerpt":{"rendered":"<p>Fiting koleno smrekica M.<\/p>\n<p>Na eni strani zunanji (mo\u0161ki) navoj, na drugi strani priklju\u010dek za cev.<\/p>\n<p>Gr\u00f6\u00dfen:<\/p>\n<ul>\n<li>1\/2&#8243; x 16mm<\/li>\n<li>3\/4\u2033 x 16mm<\/li>\n<li>3\/4&#8243; x 20mm<\/li>\n<li>1&#8243; x 25mm<\/li>\n<li>2&#8243; x 50mm<\/li>\n<\/ul>\n<p>Werkstoff: PP<\/p>\n<p>Gewindetyp: BSP (Standard)<\/p>\n<p><strong>Mehr St\u00fccke, gr\u00f6\u00dferer Rabatt \u2013 Mengen verschiedener Artikel und Varianten werden zusammengerechnet!<\/strong><\/p>","protected":false},"featured_media":7701,"template":"","meta":[],"product_brand":[],"product_cat":[179,266],"product_tag":[413],"class_list":{"0":"post-7700","1":"product","2":"type-product","3":"status-publish","4":"has-post-thumbnail","6":"product_cat-alkaten-prikljucki-in-pp-fitingi","7":"product_cat-pp-fitingi-in-ventili","8":"product_tag-koleno-smrekica-m","10":"first","11":"instock","12":"shipping-taxable","13":"purchasable","14":"product-type-variable"},"yoast_head":"<!-- This site is optimized with the Yoast SEO plugin v27.1.1 - https:\/\/yoast.com\/product\/yoast-seo-wordpress\/ -->\n<title>Koleno smrekica M | IBCparts.eu<\/title>\n<meta name=\"description\" content=\"Fiting koleno smrekica M. Na eni strani zunanji (mo\u0161ki) navoj, na drugi strani priklju\u010dek za cev. Velikosti: 1\/2 , &quot;3\/4&quot;, 1&quot;, 2&quot;. Material: PP\" \/>\n<meta name=\"robots\" content=\"index, follow, max-snippet:-1, max-image-preview:large, max-video-preview:-1\" \/>\n<link rel=\"canonical\" href=\"https:\/\/ibcparts.eu\/de\/produkt\/pp-koleno-m\/\" \/>\n<meta property=\"og:locale\" content=\"de_DE\" \/>\n<meta property=\"og:type\" content=\"article\" \/>\n<meta property=\"og:title\" content=\"Koleno smrekica M | IBCparts.eu\" \/>\n<meta property=\"og:description\" content=\"Fiting koleno smrekica M. Na eni strani zunanji (mo\u0161ki) navoj, na drugi strani priklju\u010dek za cev. Velikosti: 1\/2 , &quot;3\/4&quot;, 1&quot;, 2&quot;. Material: PP\" \/>\n<meta property=\"og:url\" content=\"https:\/\/ibcparts.eu\/de\/produkt\/pp-koleno-m\/\" \/>\n<meta property=\"og:site_name\" content=\"IBCparts.eu\" \/>\n<meta property=\"article:modified_time\" content=\"2025-12-06T16:11:33+00:00\" \/>\n<meta property=\"og:image\" content=\"https:\/\/ibcparts.eu\/wp-content\/uploads\/2021\/11\/koleno_1.jpg\" \/>\n\t<meta property=\"og:image:width\" content=\"710\" \/>\n\t<meta property=\"og:image:height\" content=\"710\" \/>\n\t<meta property=\"og:image:type\" content=\"image\/jpeg\" \/>\n<meta name=\"twitter:card\" content=\"summary_large_image\" \/>\n<script type=\"application\/ld+json\" class=\"yoast-schema-graph\">{\"@context\":\"https:\/\/schema.org\",\"@graph\":[{\"@type\":\"WebPage\",\"@id\":\"https:\/\/ibcparts.eu\/izdelek\/pp-koleno-m\/\",\"url\":\"https:\/\/ibcparts.eu\/izdelek\/pp-koleno-m\/\",\"name\":\"Koleno smrekica M | IBCparts.eu\",\"isPartOf\":{\"@id\":\"https:\/\/ibcparts.eu\/#website\"},\"primaryImageOfPage\":{\"@id\":\"https:\/\/ibcparts.eu\/izdelek\/pp-koleno-m\/#primaryimage\"},\"image\":{\"@id\":\"https:\/\/ibcparts.eu\/izdelek\/pp-koleno-m\/#primaryimage\"},\"thumbnailUrl\":\"https:\/\/ibcparts.eu\/wp-content\/uploads\/2021\/11\/koleno_1.jpg\",\"datePublished\":\"2021-11-14T10:56:03+00:00\",\"dateModified\":\"2025-12-06T16:11:33+00:00\",\"description\":\"Fiting koleno smrekica M. Na eni strani zunanji (mo\u0161ki) navoj, na drugi strani priklju\u010dek za cev. Velikosti: 1\/2 , \\\"3\/4\\\", 1\\\", 2\\\". Material: PP\",\"breadcrumb\":{\"@id\":\"https:\/\/ibcparts.eu\/izdelek\/pp-koleno-m\/#breadcrumb\"},\"inLanguage\":\"de\",\"potentialAction\":[{\"@type\":\"ReadAction\",\"target\":[\"https:\/\/ibcparts.eu\/izdelek\/pp-koleno-m\/\"]}]},{\"@type\":\"ImageObject\",\"inLanguage\":\"de\",\"@id\":\"https:\/\/ibcparts.eu\/izdelek\/pp-koleno-m\/#primaryimage\",\"url\":\"https:\/\/ibcparts.eu\/wp-content\/uploads\/2021\/11\/koleno_1.jpg\",\"contentUrl\":\"https:\/\/ibcparts.eu\/wp-content\/uploads\/2021\/11\/koleno_1.jpg\",\"width\":710,\"height\":710,\"caption\":\"koleno_1\"},{\"@type\":\"BreadcrumbList\",\"@id\":\"https:\/\/ibcparts.eu\/izdelek\/pp-koleno-m\/#breadcrumb\",\"itemListElement\":[{\"@type\":\"ListItem\",\"position\":1,\"name\":\"Home\",\"item\":\"https:\/\/ibcparts.eu\/\"},{\"@type\":\"ListItem\",\"position\":2,\"name\":\"Nakupujte\",\"item\":\"https:\/\/ibcparts.eu\/nakupujte\/\"},{\"@type\":\"ListItem\",\"position\":3,\"name\":\"Koleno smrekica M\"}]},{\"@type\":\"WebSite\",\"@id\":\"https:\/\/ibcparts.eu\/#website\",\"url\":\"https:\/\/ibcparts.eu\/\",\"name\":\"IBCparts.eu\",\"description\":\"\",\"publisher\":{\"@id\":\"https:\/\/ibcparts.eu\/#organization\"},\"potentialAction\":[{\"@type\":\"SearchAction\",\"target\":{\"@type\":\"EntryPoint\",\"urlTemplate\":\"https:\/\/ibcparts.eu\/?s={search_term_string}\"},\"query-input\":{\"@type\":\"PropertyValueSpecification\",\"valueRequired\":true,\"valueName\":\"search_term_string\"}}],\"inLanguage\":\"de\"},{\"@type\":\"Organization\",\"@id\":\"https:\/\/ibcparts.eu\/#organization\",\"name\":\"IBCparts\",\"url\":\"https:\/\/ibcparts.eu\/\",\"logo\":{\"@type\":\"ImageObject\",\"inLanguage\":\"de\",\"@id\":\"https:\/\/ibcparts.eu\/#\/schema\/logo\/image\/\",\"url\":\"https:\/\/ibcparts.eu\/wp-content\/uploads\/2021\/10\/Footer-Logo.png\",\"contentUrl\":\"https:\/\/ibcparts.eu\/wp-content\/uploads\/2021\/10\/Footer-Logo.png\",\"width\":1992,\"height\":772,\"caption\":\"IBCparts\"},\"image\":{\"@id\":\"https:\/\/ibcparts.eu\/#\/schema\/logo\/image\/\"}}]}<\/script>\n<!-- \/ Yoast SEO plugin. -->","yoast_head_json":{"title":"Koleno smrekica M | IBCparts.eu","description":"Fiting koleno smrekica M. Na eni strani zunanji (mo\u0161ki) navoj, na drugi strani priklju\u010dek za cev. Velikosti: 1\/2 , \"3\/4\", 1\", 2\". Material: PP","robots":{"index":"index","follow":"follow","max-snippet":"max-snippet:-1","max-image-preview":"max-image-preview:large","max-video-preview":"max-video-preview:-1"},"canonical":"https:\/\/ibcparts.eu\/de\/produkt\/pp-koleno-m\/","og_locale":"de_DE","og_type":"article","og_title":"Koleno smrekica M | IBCparts.eu","og_description":"Fiting koleno smrekica M. Na eni strani zunanji (mo\u0161ki) navoj, na drugi strani priklju\u010dek za cev. Velikosti: 1\/2 , \"3\/4\", 1\", 2\". Material: PP","og_url":"https:\/\/ibcparts.eu\/de\/produkt\/pp-koleno-m\/","og_site_name":"IBCparts.eu","article_modified_time":"2025-12-06T16:11:33+00:00","og_image":[{"width":710,"height":710,"url":"https:\/\/ibcparts.eu\/wp-content\/uploads\/2021\/11\/koleno_1.jpg","type":"image\/jpeg"}],"twitter_card":"summary_large_image","schema":{"@context":"https:\/\/schema.org","@graph":[{"@type":"WebPage","@id":"https:\/\/ibcparts.eu\/izdelek\/pp-koleno-m\/","url":"https:\/\/ibcparts.eu\/izdelek\/pp-koleno-m\/","name":"Koleno smrekica M | IBCparts.eu","isPartOf":{"@id":"https:\/\/ibcparts.eu\/#website"},"primaryImageOfPage":{"@id":"https:\/\/ibcparts.eu\/izdelek\/pp-koleno-m\/#primaryimage"},"image":{"@id":"https:\/\/ibcparts.eu\/izdelek\/pp-koleno-m\/#primaryimage"},"thumbnailUrl":"https:\/\/ibcparts.eu\/wp-content\/uploads\/2021\/11\/koleno_1.jpg","datePublished":"2021-11-14T10:56:03+00:00","dateModified":"2025-12-06T16:11:33+00:00","description":"Fiting koleno smrekica M. Na eni strani zunanji (mo\u0161ki) navoj, na drugi strani priklju\u010dek za cev. Velikosti: 1\/2 , \"3\/4\", 1\", 2\". Material: PP","breadcrumb":{"@id":"https:\/\/ibcparts.eu\/izdelek\/pp-koleno-m\/#breadcrumb"},"inLanguage":"de","potentialAction":[{"@type":"ReadAction","target":["https:\/\/ibcparts.eu\/izdelek\/pp-koleno-m\/"]}]},{"@type":"ImageObject","inLanguage":"de","@id":"https:\/\/ibcparts.eu\/izdelek\/pp-koleno-m\/#primaryimage","url":"https:\/\/ibcparts.eu\/wp-content\/uploads\/2021\/11\/koleno_1.jpg","contentUrl":"https:\/\/ibcparts.eu\/wp-content\/uploads\/2021\/11\/koleno_1.jpg","width":710,"height":710,"caption":"koleno_1"},{"@type":"BreadcrumbList","@id":"https:\/\/ibcparts.eu\/izdelek\/pp-koleno-m\/#breadcrumb","itemListElement":[{"@type":"ListItem","position":1,"name":"Home","item":"https:\/\/ibcparts.eu\/"},{"@type":"ListItem","position":2,"name":"Nakupujte","item":"https:\/\/ibcparts.eu\/nakupujte\/"},{"@type":"ListItem","position":3,"name":"Koleno smrekica M"}]},{"@type":"WebSite","@id":"https:\/\/ibcparts.eu\/#website","url":"https:\/\/ibcparts.eu\/","name":"IBC-Teile.eu","description":"","publisher":{"@id":"https:\/\/ibcparts.eu\/#organization"},"potentialAction":[{"@type":"SearchAction","target":{"@type":"EntryPoint","urlTemplate":"https:\/\/ibcparts.eu\/?s={search_term_string}"},"query-input":{"@type":"PropertyValueSpecification","valueRequired":true,"valueName":"search_term_string"}}],"inLanguage":"de"},{"@type":"Organization","@id":"https:\/\/ibcparts.eu\/#organization","name":"IBC-Teile","url":"https:\/\/ibcparts.eu\/","logo":{"@type":"ImageObject","inLanguage":"de","@id":"https:\/\/ibcparts.eu\/#\/schema\/logo\/image\/","url":"https:\/\/ibcparts.eu\/wp-content\/uploads\/2021\/10\/Footer-Logo.png","contentUrl":"https:\/\/ibcparts.eu\/wp-content\/uploads\/2021\/10\/Footer-Logo.png","width":1992,"height":772,"caption":"IBCparts"},"image":{"@id":"https:\/\/ibcparts.eu\/#\/schema\/logo\/image\/"}}]}},"_links":{"self":[{"href":"https:\/\/ibcparts.eu\/de\/wp-json\/wp\/v2\/product\/7700","targetHints":{"allow":["GET"]}}],"collection":[{"href":"https:\/\/ibcparts.eu\/de\/wp-json\/wp\/v2\/product"}],"about":[{"href":"https:\/\/ibcparts.eu\/de\/wp-json\/wp\/v2\/types\/product"}],"version-history":[{"count":0,"href":"https:\/\/ibcparts.eu\/de\/wp-json\/wp\/v2\/product\/7700\/revisions"}],"wp:featuredmedia":[{"embeddable":true,"href":"https:\/\/ibcparts.eu\/de\/wp-json\/wp\/v2\/media\/7701"}],"wp:attachment":[{"href":"https:\/\/ibcparts.eu\/de\/wp-json\/wp\/v2\/media?parent=7700"}],"wp:term":[{"taxonomy":"product_brand","embeddable":true,"href":"https:\/\/ibcparts.eu\/de\/wp-json\/wp\/v2\/product_brand?post=7700"},{"taxonomy":"product_cat","embeddable":true,"href":"https:\/\/ibcparts.eu\/de\/wp-json\/wp\/v2\/product_cat?post=7700"},{"taxonomy":"product_tag","embeddable":true,"href":"https:\/\/ibcparts.eu\/de\/wp-json\/wp\/v2\/product_tag?post=7700"}],"curies":[{"name":"wp","href":"https:\/\/api.w.org\/{rel}","templated":true}]}}