{"id":7616,"date":"2021-11-11T13:24:52","date_gmt":"2021-11-11T12:24:52","guid":{"rendered":"https:\/\/ibcparts.eu\/?post_type=product&#038;p=7616"},"modified":"2026-01-13T14:01:01","modified_gmt":"2026-01-13T13:01:01","slug":"adapter-easy-za-cev-vec-dimenzij","status":"publish","type":"product","link":"https:\/\/ibcparts.eu\/de\/produkt\/easy-adapter-fuer-schlauch-mehrere-groessen\/","title":{"rendered":"EASY Schlauchadapter f\u00fcr IBC-Container (15\u201350 mm) (drehbare Mutter)"},"content":{"rendered":"<h2 data-start=\"193\" data-end=\"269\">EASY Adapter mit drehbarer Mutter und Schlauchanschluss f\u00fcr IBC-Container<\/h2>\n<p data-start=\"271\" data-end=\"761\" class=\" translation-block\">The EASY adapter is a high-quality adapter for IBC containers with a rotating nut, allowing easier installation and removal even when a longer hose is already connected. It is intended for direct hose installation and is used as an <strong>adapter or connector for an IBC container<\/strong> for frequent connecting and disconnecting, for example when dispensing AdBlue. It is made of HDPE material and features an EPDM rubber seal, which ensures <strong>reliable sealing even with minor irregularities on the valve<\/strong>.<\/p>\n<p data-start=\"763\" data-end=\"784\">Technische Eigenschaften<\/p>\n<ul>\n<li data-start=\"787\" data-end=\"845\">Produkttyp: Schlauchadapter (Anschluss f\u00fcr IBC-Container)<\/li>\n<li data-start=\"848\" data-end=\"899\">Gewindetyp an der Zisterne: S60x6 (DN50), Grobgewinde<\/li>\n<li data-start=\"939\" data-end=\"980\">Schlauchanschluss: Schlaucht\u00fclle (Au\u00dfendurchmesser)<\/li>\n<li data-start=\"983\" data-end=\"995\">Abmessungen:\n<ul data-start=\"998\" data-end=\"1067\">\n<li data-start=\"998\" data-end=\"1007\">\n<p data-start=\"1000\" data-end=\"1007\">15 mm<\/p>\n<\/li>\n<li data-start=\"1010\" data-end=\"1019\">\n<p data-start=\"1012\" data-end=\"1019\">20 mm<\/p>\n<\/li>\n<li data-start=\"1022\" data-end=\"1031\">\n<p data-start=\"1024\" data-end=\"1031\">25 mm<\/p>\n<\/li>\n<li data-start=\"1034\" data-end=\"1043\">\n<p data-start=\"1036\" data-end=\"1043\">32 mm<\/p>\n<\/li>\n<li data-start=\"1046\" data-end=\"1055\">\n<p data-start=\"1048\" data-end=\"1055\">40 mm<\/p>\n<\/li>\n<li data-start=\"1058\" data-end=\"1067\">\n<p data-start=\"1060\" data-end=\"1067\">50 mm<\/p>\n<\/li>\n<\/ul>\n<\/li>\n<li data-start=\"1070\" data-end=\"1115\">Besonderheit: drehbare Mutter f\u00fcr einfachere Montage<\/li>\n<li data-start=\"1118\" data-end=\"1134\">Werkstoff: HDPE<\/li>\n<li data-start=\"1137\" data-end=\"1150\">Farbe: schwarz<\/li>\n<li data-start=\"1153\" data-end=\"1173\">Tesnilo: EPDM guma<\/li>\n<\/ul>\n<p data-start=\"1175\" data-end=\"1261\" class=\" translation-block\">Zus\u00e4tzliche Informationen:<br>\nEin zus\u00e4tzliches PP-Dichtungsring f\u00fcr die Verwendung mit AdBlue ist kostenlos enthalten.<\/p>\n<p class=\" translation-block\"><strong>Nasvet:<\/strong><br>\r\nPred monta\u017eo bodite pozorni na to, da je lice ventila cisterne (kamor montiramo adapter) gladko in nepo\u0161kodovano. Nove cisterne imajo aluminijasto plombo na odprtini ventila \u2013 \u010de je ta povr\u0161no odstranjena, je lahko to vzrok slab\u0161ega tesnjenja. Vsakr\u0161ne nepravilnosti na ventilu odstranite oz pobrusite s smirkovim papirjem pred prvo monta\u017eo adapterja.<\/p>\n<p>&nbsp;<\/p>","protected":false},"excerpt":{"rendered":"<p class=\" translation-block\"><span style=\"font-size: medium\">Hochwertiger Adapter f\u00fcr IBC-Container <strong>mit drehbarer Mutter<\/strong> f\u00fcr eine einfachere Montage + Schlauchanschluss (Direktmontage).<\/span><\/p>\n<p class=\" translation-block\">F\u00fcr Tanks mit Ventildurchmesser 55\u201362 mm, Grobgewinde S60\u00d76 (DN50).<\/p>\n<p class=\" translation-block\"><span style=\"font-size: medium\"><strong>Rotates in the middle<\/strong>, which is very useful when a longer hose is connected to the adapter and is frequently connected to and disconnected from the container \u2013 for example when dispensing AdBlue.<\/span><\/p>\n<p><strong>Abmessungen (Au\u00dfendurchmesser des Angusses):<\/strong><\/p>\n<ul>\n<li>15 mm,<\/li>\n<li>20 mm,<\/li>\n<li>25 mm,<\/li>\n<li>32 mm,<\/li>\n<li>40 mm,<\/li>\n<li>50 mm.<\/li>\n<\/ul>\n<p><strong>Material:\u00a0<\/strong>HDPE<br \/>\n<strong>Farbe:\u00a0<\/strong>Schwarz<br \/>\n<strong>Dichtung<\/strong>: EPDM guma.<\/p>\n<p class=\" translation-block\"><strong>Free of charge<\/strong>, we always include a PP seal \u2013 for use with AdBlue.<\/p>\n<p><strong>Mehr St\u00fccke, gr\u00f6\u00dferer Rabatt \u2013 Mengen verschiedener Artikel und Varianten werden zusammengerechnet!<\/strong><\/p>","protected":false},"featured_media":7617,"template":"","meta":[],"product_brand":[],"product_cat":[170,298],"product_tag":[373],"class_list":{"0":"post-7616","1":"product","2":"type-product","3":"status-publish","4":"has-post-thumbnail","6":"product_cat-reducirji-in-prikljucki-za-ibc","7":"product_cat-prikljucki-za-cisterno-z-navojem-s60x6","8":"product_tag-kvaliteten-adapter-za-ibc-cisterno-z-vrtljivo-matico-za-lazjo-montazo","10":"first","11":"instock","12":"shipping-taxable","13":"purchasable","14":"product-type-variable"},"yoast_head":"<!-- This site is optimized with the Yoast SEO plugin v27.1.1 - https:\/\/yoast.com\/product\/yoast-seo-wordpress\/ -->\n<title>Adapter EASY za cev za IBC cisterno (15\u201350 mm)(VRTLJIVA MATICA) | IBCparts.eu<\/title>\n<meta name=\"description\" content=\"Kvaliteten adapter za IBC cisterno z vrtljivo matico za la\u017ejo monta\u017eo + nastavek za\u00a0cev (direktna monta\u017ea). Navoj S60x6.\" \/>\n<meta name=\"robots\" content=\"index, follow, max-snippet:-1, max-image-preview:large, max-video-preview:-1\" \/>\n<link rel=\"canonical\" href=\"https:\/\/ibcparts.eu\/de\/produkt\/easy-adapter-fuer-schlauch-mehrere-groessen\/\" \/>\n<meta property=\"og:locale\" content=\"de_DE\" \/>\n<meta property=\"og:type\" content=\"article\" \/>\n<meta property=\"og:title\" content=\"Adapter EASY za cev za IBC cisterno (15\u201350 mm)(VRTLJIVA MATICA) | IBCparts.eu\" \/>\n<meta property=\"og:description\" content=\"Kvaliteten adapter za IBC cisterno z vrtljivo matico za la\u017ejo monta\u017eo + nastavek za\u00a0cev (direktna monta\u017ea). Navoj S60x6.\" \/>\n<meta property=\"og:url\" content=\"https:\/\/ibcparts.eu\/de\/produkt\/easy-adapter-fuer-schlauch-mehrere-groessen\/\" \/>\n<meta property=\"og:site_name\" content=\"IBCparts.eu\" \/>\n<meta property=\"article:modified_time\" content=\"2026-01-13T13:01:01+00:00\" \/>\n<meta property=\"og:image\" content=\"https:\/\/ibcparts.eu\/wp-content\/uploads\/2021\/11\/adapter-easy-za-ibc-cisterno_orig.jpg\" \/>\n\t<meta property=\"og:image:width\" content=\"800\" \/>\n\t<meta property=\"og:image:height\" content=\"800\" \/>\n\t<meta property=\"og:image:type\" content=\"image\/jpeg\" \/>\n<meta name=\"twitter:card\" content=\"summary_large_image\" \/>\n<meta name=\"twitter:label1\" content=\"Gesch\u00e4tzte Lesezeit\" \/>\n\t<meta name=\"twitter:data1\" content=\"1\u00a0Minute\" \/>\n<script type=\"application\/ld+json\" class=\"yoast-schema-graph\">{\"@context\":\"https:\/\/schema.org\",\"@graph\":[{\"@type\":\"WebPage\",\"@id\":\"https:\/\/ibcparts.eu\/izdelek\/adapter-easy-za-cev-vec-dimenzij\/\",\"url\":\"https:\/\/ibcparts.eu\/izdelek\/adapter-easy-za-cev-vec-dimenzij\/\",\"name\":\"Adapter EASY za cev za IBC cisterno (15\u201350 mm)(VRTLJIVA MATICA) | IBCparts.eu\",\"isPartOf\":{\"@id\":\"https:\/\/ibcparts.eu\/#website\"},\"primaryImageOfPage\":{\"@id\":\"https:\/\/ibcparts.eu\/izdelek\/adapter-easy-za-cev-vec-dimenzij\/#primaryimage\"},\"image\":{\"@id\":\"https:\/\/ibcparts.eu\/izdelek\/adapter-easy-za-cev-vec-dimenzij\/#primaryimage\"},\"thumbnailUrl\":\"https:\/\/ibcparts.eu\/wp-content\/uploads\/2021\/11\/adapter-easy-za-ibc-cisterno_orig.jpg\",\"datePublished\":\"2021-11-11T12:24:52+00:00\",\"dateModified\":\"2026-01-13T13:01:01+00:00\",\"description\":\"Kvaliteten adapter za IBC cisterno z vrtljivo matico za la\u017ejo monta\u017eo + nastavek za\u00a0cev (direktna monta\u017ea). Navoj S60x6.\",\"breadcrumb\":{\"@id\":\"https:\/\/ibcparts.eu\/izdelek\/adapter-easy-za-cev-vec-dimenzij\/#breadcrumb\"},\"inLanguage\":\"de\",\"potentialAction\":[{\"@type\":\"ReadAction\",\"target\":[\"https:\/\/ibcparts.eu\/izdelek\/adapter-easy-za-cev-vec-dimenzij\/\"]}]},{\"@type\":\"ImageObject\",\"inLanguage\":\"de\",\"@id\":\"https:\/\/ibcparts.eu\/izdelek\/adapter-easy-za-cev-vec-dimenzij\/#primaryimage\",\"url\":\"https:\/\/ibcparts.eu\/wp-content\/uploads\/2021\/11\/adapter-easy-za-ibc-cisterno_orig.jpg\",\"contentUrl\":\"https:\/\/ibcparts.eu\/wp-content\/uploads\/2021\/11\/adapter-easy-za-ibc-cisterno_orig.jpg\",\"width\":800,\"height\":800,\"caption\":\"adapter-easy-za-ibc-cisterno_orig\"},{\"@type\":\"BreadcrumbList\",\"@id\":\"https:\/\/ibcparts.eu\/izdelek\/adapter-easy-za-cev-vec-dimenzij\/#breadcrumb\",\"itemListElement\":[{\"@type\":\"ListItem\",\"position\":1,\"name\":\"Home\",\"item\":\"https:\/\/ibcparts.eu\/\"},{\"@type\":\"ListItem\",\"position\":2,\"name\":\"Nakupujte\",\"item\":\"https:\/\/ibcparts.eu\/nakupujte\/\"},{\"@type\":\"ListItem\",\"position\":3,\"name\":\"Adapter EASY za cev za IBC cisterno (15\u201350 mm)(VRTLJIVA MATICA)\"}]},{\"@type\":\"WebSite\",\"@id\":\"https:\/\/ibcparts.eu\/#website\",\"url\":\"https:\/\/ibcparts.eu\/\",\"name\":\"IBCparts.eu\",\"description\":\"\",\"publisher\":{\"@id\":\"https:\/\/ibcparts.eu\/#organization\"},\"potentialAction\":[{\"@type\":\"SearchAction\",\"target\":{\"@type\":\"EntryPoint\",\"urlTemplate\":\"https:\/\/ibcparts.eu\/?s={search_term_string}\"},\"query-input\":{\"@type\":\"PropertyValueSpecification\",\"valueRequired\":true,\"valueName\":\"search_term_string\"}}],\"inLanguage\":\"de\"},{\"@type\":\"Organization\",\"@id\":\"https:\/\/ibcparts.eu\/#organization\",\"name\":\"IBCparts\",\"url\":\"https:\/\/ibcparts.eu\/\",\"logo\":{\"@type\":\"ImageObject\",\"inLanguage\":\"de\",\"@id\":\"https:\/\/ibcparts.eu\/#\/schema\/logo\/image\/\",\"url\":\"https:\/\/ibcparts.eu\/wp-content\/uploads\/2021\/10\/Footer-Logo.png\",\"contentUrl\":\"https:\/\/ibcparts.eu\/wp-content\/uploads\/2021\/10\/Footer-Logo.png\",\"width\":1992,\"height\":772,\"caption\":\"IBCparts\"},\"image\":{\"@id\":\"https:\/\/ibcparts.eu\/#\/schema\/logo\/image\/\"}}]}<\/script>\n<!-- \/ Yoast SEO plugin. -->","yoast_head_json":{"title":"Adapter EASY za cev za IBC cisterno (15\u201350 mm)(VRTLJIVA MATICA) | IBCparts.eu","description":"Kvaliteten adapter za IBC cisterno z vrtljivo matico za la\u017ejo monta\u017eo + nastavek za\u00a0cev (direktna monta\u017ea). Navoj S60x6.","robots":{"index":"index","follow":"follow","max-snippet":"max-snippet:-1","max-image-preview":"max-image-preview:large","max-video-preview":"max-video-preview:-1"},"canonical":"https:\/\/ibcparts.eu\/de\/produkt\/easy-adapter-fuer-schlauch-mehrere-groessen\/","og_locale":"de_DE","og_type":"article","og_title":"Adapter EASY za cev za IBC cisterno (15\u201350 mm)(VRTLJIVA MATICA) | IBCparts.eu","og_description":"Kvaliteten adapter za IBC cisterno z vrtljivo matico za la\u017ejo monta\u017eo + nastavek za\u00a0cev (direktna monta\u017ea). Navoj S60x6.","og_url":"https:\/\/ibcparts.eu\/de\/produkt\/easy-adapter-fuer-schlauch-mehrere-groessen\/","og_site_name":"IBCparts.eu","article_modified_time":"2026-01-13T13:01:01+00:00","og_image":[{"width":800,"height":800,"url":"https:\/\/ibcparts.eu\/wp-content\/uploads\/2021\/11\/adapter-easy-za-ibc-cisterno_orig.jpg","type":"image\/jpeg"}],"twitter_card":"summary_large_image","twitter_misc":{"Gesch\u00e4tzte Lesezeit":"1\u00a0Minute"},"schema":{"@context":"https:\/\/schema.org","@graph":[{"@type":"WebPage","@id":"https:\/\/ibcparts.eu\/izdelek\/adapter-easy-za-cev-vec-dimenzij\/","url":"https:\/\/ibcparts.eu\/izdelek\/adapter-easy-za-cev-vec-dimenzij\/","name":"Adapter EASY za cev za IBC cisterno (15\u201350 mm)(VRTLJIVA MATICA) | IBCparts.eu","isPartOf":{"@id":"https:\/\/ibcparts.eu\/#website"},"primaryImageOfPage":{"@id":"https:\/\/ibcparts.eu\/izdelek\/adapter-easy-za-cev-vec-dimenzij\/#primaryimage"},"image":{"@id":"https:\/\/ibcparts.eu\/izdelek\/adapter-easy-za-cev-vec-dimenzij\/#primaryimage"},"thumbnailUrl":"https:\/\/ibcparts.eu\/wp-content\/uploads\/2021\/11\/adapter-easy-za-ibc-cisterno_orig.jpg","datePublished":"2021-11-11T12:24:52+00:00","dateModified":"2026-01-13T13:01:01+00:00","description":"Kvaliteten adapter za IBC cisterno z vrtljivo matico za la\u017ejo monta\u017eo + nastavek za\u00a0cev (direktna monta\u017ea). Navoj S60x6.","breadcrumb":{"@id":"https:\/\/ibcparts.eu\/izdelek\/adapter-easy-za-cev-vec-dimenzij\/#breadcrumb"},"inLanguage":"de","potentialAction":[{"@type":"ReadAction","target":["https:\/\/ibcparts.eu\/izdelek\/adapter-easy-za-cev-vec-dimenzij\/"]}]},{"@type":"ImageObject","inLanguage":"de","@id":"https:\/\/ibcparts.eu\/izdelek\/adapter-easy-za-cev-vec-dimenzij\/#primaryimage","url":"https:\/\/ibcparts.eu\/wp-content\/uploads\/2021\/11\/adapter-easy-za-ibc-cisterno_orig.jpg","contentUrl":"https:\/\/ibcparts.eu\/wp-content\/uploads\/2021\/11\/adapter-easy-za-ibc-cisterno_orig.jpg","width":800,"height":800,"caption":"adapter-easy-za-ibc-cisterno_orig"},{"@type":"BreadcrumbList","@id":"https:\/\/ibcparts.eu\/izdelek\/adapter-easy-za-cev-vec-dimenzij\/#breadcrumb","itemListElement":[{"@type":"ListItem","position":1,"name":"Home","item":"https:\/\/ibcparts.eu\/"},{"@type":"ListItem","position":2,"name":"Nakupujte","item":"https:\/\/ibcparts.eu\/nakupujte\/"},{"@type":"ListItem","position":3,"name":"Adapter EASY za cev za IBC cisterno (15\u201350 mm)(VRTLJIVA MATICA)"}]},{"@type":"WebSite","@id":"https:\/\/ibcparts.eu\/#website","url":"https:\/\/ibcparts.eu\/","name":"IBC-Teile.eu","description":"","publisher":{"@id":"https:\/\/ibcparts.eu\/#organization"},"potentialAction":[{"@type":"SearchAction","target":{"@type":"EntryPoint","urlTemplate":"https:\/\/ibcparts.eu\/?s={search_term_string}"},"query-input":{"@type":"PropertyValueSpecification","valueRequired":true,"valueName":"search_term_string"}}],"inLanguage":"de"},{"@type":"Organization","@id":"https:\/\/ibcparts.eu\/#organization","name":"IBC-Teile","url":"https:\/\/ibcparts.eu\/","logo":{"@type":"ImageObject","inLanguage":"de","@id":"https:\/\/ibcparts.eu\/#\/schema\/logo\/image\/","url":"https:\/\/ibcparts.eu\/wp-content\/uploads\/2021\/10\/Footer-Logo.png","contentUrl":"https:\/\/ibcparts.eu\/wp-content\/uploads\/2021\/10\/Footer-Logo.png","width":1992,"height":772,"caption":"IBCparts"},"image":{"@id":"https:\/\/ibcparts.eu\/#\/schema\/logo\/image\/"}}]}},"_links":{"self":[{"href":"https:\/\/ibcparts.eu\/de\/wp-json\/wp\/v2\/product\/7616","targetHints":{"allow":["GET"]}}],"collection":[{"href":"https:\/\/ibcparts.eu\/de\/wp-json\/wp\/v2\/product"}],"about":[{"href":"https:\/\/ibcparts.eu\/de\/wp-json\/wp\/v2\/types\/product"}],"version-history":[{"count":4,"href":"https:\/\/ibcparts.eu\/de\/wp-json\/wp\/v2\/product\/7616\/revisions"}],"predecessor-version":[{"id":20173,"href":"https:\/\/ibcparts.eu\/de\/wp-json\/wp\/v2\/product\/7616\/revisions\/20173"}],"wp:featuredmedia":[{"embeddable":true,"href":"https:\/\/ibcparts.eu\/de\/wp-json\/wp\/v2\/media\/7617"}],"wp:attachment":[{"href":"https:\/\/ibcparts.eu\/de\/wp-json\/wp\/v2\/media?parent=7616"}],"wp:term":[{"taxonomy":"product_brand","embeddable":true,"href":"https:\/\/ibcparts.eu\/de\/wp-json\/wp\/v2\/product_brand?post=7616"},{"taxonomy":"product_cat","embeddable":true,"href":"https:\/\/ibcparts.eu\/de\/wp-json\/wp\/v2\/product_cat?post=7616"},{"taxonomy":"product_tag","embeddable":true,"href":"https:\/\/ibcparts.eu\/de\/wp-json\/wp\/v2\/product_tag?post=7616"}],"curies":[{"name":"wp","href":"https:\/\/api.w.org\/{rel}","templated":true}]}}