{"id":7610,"date":"2021-11-11T13:16:37","date_gmt":"2021-11-11T12:16:37","guid":{"rendered":"https:\/\/ibcparts.eu\/?post_type=product&#038;p=7610"},"modified":"2026-01-13T13:58:53","modified_gmt":"2026-01-13T12:58:53","slug":"adapter-s60-na-2-fini-bsp-moski-navoj","status":"publish","type":"product","link":"https:\/\/ibcparts.eu\/de\/produkt\/s60-auf-2-zoll-bsp-aussengewinde-adapter\/","title":{"rendered":"S60x2\u2033 M Adapter f\u00fcr IBC-Container (feines BSP-Au\u00dfengewinde)"},"content":{"rendered":"<p>Sehr robuster Reduzierer f\u00fcr IBC-Container mit S60x6-Gewinde und 2\u2033 BSP-Au\u00dfengewinde. Geeignet f\u00fcr Container mit S60x6-Ventil \u2013 dies ist der am h\u00e4ufigsten verwendete Ventiltyp bei IBC-Containern.<\/p>\n<ul>\n<li>Gewindetyp: Innengewinde S60x6 (weiblich), Au\u00dfengewinde BSP 2\u2033 (m\u00e4nnlich) \u2013 siehe Abbildung.<\/li>\n<li class=\" translation-block\"><strong>Material:<\/strong> PP \u2013 ein \u00e4u\u00dferst langlebiges, leichtes und wasserfestes Material, best\u00e4ndig gegen UV-Strahlen, Chemikalien und St\u00f6\u00dfe. Aufgrund seiner Sicherheit und Stabilit\u00e4t ist es ideal f\u00fcr Produkte, die eine lange Lebensdauer und hohe Belastbarkeit erfordern.<\/li>\n<li>Farbe: schwarz<\/li>\n<li class=\" translation-block\">Dichtung: <strong>EPDM-Gummi \u2013 ausgezeichnete Best\u00e4ndigkeit gegen UV-Strahlung, Witterungseinfl\u00fcsse und Temperaturschwankungen<\/strong><\/li>\n<li>Auf der Seite, auf der das Gewinde fein ist, empfehlen wir die Verwendung von Teflon.<\/li>\n<li>Teflon darf NICHT zwischen dem Tankventil und dem Reduzierst\u00fcck verwendet werden.<\/li>\n<li>Hervorragende Abdichtung und hohe Haltbarkeit!<\/li>\n<\/ul>\n<p>&nbsp;<\/p>\n<div id=\"494752717252821179\">\n<div id=\"element-b4a6005a-3e1c-4036-9304-0e53e9f54423\" class=\"platform-element-contents\" data-platform-element-id=\"702688850553606843-1.4.3\">\n<div class=\"simple-table-wrapper\"><\/div>\n<\/div>\n<\/div>","protected":false},"excerpt":{"rendered":"<h2 data-start=\"142\" data-end=\"203\">S60x6 auf 2\u2033 BSP-Au\u00dfengewinde Adapter f\u00fcr IBC-Container<\/h2>\n<p data-start=\"205\" data-end=\"683\" class=\" translation-block\">Der S60x2\u2033 M Adapter ist ein sehr robuster Adapter f\u00fcr IBC-Container mit S60x6-Gewinde. Er wird als <strong>Adapter bzw. Anschluss f\u00fcr IBC-Container<\/strong> zum Verbinden von Schl\u00e4uchen, Ventilen oder anderen Systemen mit einem \u00e4u\u00dferen (m\u00e4nnlichen) BSP-Gewinde der Gr\u00f6\u00dfe 2\u2033 verwendet. Er besteht aus HDPE-Material und ist mit einer Dichtung aus 100 % EPDM-Gummi ausgestattet, die speziell mit optimaler H\u00e4rte entwickelt wurde und <strong>eine zuverl\u00e4ssige Abdichtung auch bei gr\u00f6\u00dferen Unregelm\u00e4\u00dfigkeiten am Ventil<\/strong> sowie eine langfristige, leckfreie Nutzung gew\u00e4hrleistet.<\/p>\n<p data-start=\"685\" data-end=\"706\">Technische Eigenschaften<\/p>\n<ul>\n<li data-start=\"709\" data-end=\"760\"><strong>Tip izdelka:<\/strong> adapter (priklju\u010dek za IBC cisterno)<\/li>\n<li><strong>Gewindetyp:\u00a0<\/strong>Innengewinde S60x6, Au\u00dfengewinde BSP 2\" - siehe Abbildung.<\/li>\n<li><strong>Material:\u00a0<\/strong>PP<\/li>\n<li><strong>Farbe:\u00a0<\/strong>Schwarz<\/li>\n<li class=\" translation-block\"><strong>Dichtung:<\/strong> <strong>100 % EPDM-Gummi \u2013 exklusiv bei uns. Eine speziell entwickelte Dichtung mit optimaler H\u00e4rte gleicht selbst gr\u00f6\u00dfere Unregelm\u00e4\u00dfigkeiten am Ventil effektiv aus und gew\u00e4hrleistet eine dauerhafte, zuverl\u00e4ssige Abdichtung ohne Leckagen.<\/strong><\/li>\n<li>Hervorragende Abdichtung und hohe Haltbarkeit!<\/li>\n<\/ul>\n<p><strong>Mehr St\u00fccke, gr\u00f6\u00dferer Rabatt \u2013 Mengen verschiedener Artikel und Varianten werden zusammengerechnet!<\/strong><\/p>","protected":false},"featured_media":18492,"template":"","meta":[],"product_brand":[],"product_cat":[170,298],"product_tag":[372],"class_list":{"0":"post-7610","1":"product","2":"type-product","3":"status-publish","4":"has-post-thumbnail","6":"product_cat-reducirji-in-prikljucki-za-ibc","7":"product_cat-prikljucki-za-cisterno-z-navojem-s60x6","8":"product_tag-reducir-za-ibc-cisterno-z-moskim-2-navojem-s60x2-2","10":"first","11":"instock","12":"shipping-taxable","13":"purchasable","14":"product-type-simple"},"yoast_head":"<!-- This site is optimized with the Yoast SEO plugin v27.1.1 - https:\/\/yoast.com\/product\/yoast-seo-wordpress\/ -->\n<title>Adapter S60x2&quot; M za IBC cisterno (fini BSP mo\u0161ki navoj) | IBCparts.eu<\/title>\n<meta name=\"description\" content=\"Reducir za IBC cisterne z ventilom S60x6, zunanji mo\u0161ki BSP navoj dimenzije 2&#039;&#039;. Gumijasto EPDM tesnilo.\" \/>\n<meta name=\"robots\" content=\"index, follow, max-snippet:-1, max-image-preview:large, max-video-preview:-1\" \/>\n<link rel=\"canonical\" href=\"https:\/\/ibcparts.eu\/de\/produkt\/s60-auf-2-zoll-bsp-aussengewinde-adapter\/\" \/>\n<meta property=\"og:locale\" content=\"de_DE\" \/>\n<meta property=\"og:type\" content=\"article\" \/>\n<meta property=\"og:title\" content=\"Adapter S60x2&quot; M za IBC cisterno (fini BSP mo\u0161ki navoj) | IBCparts.eu\" \/>\n<meta property=\"og:description\" content=\"Reducir za IBC cisterne z ventilom S60x6, zunanji mo\u0161ki BSP navoj dimenzije 2&#039;&#039;. Gumijasto EPDM tesnilo.\" \/>\n<meta property=\"og:url\" content=\"https:\/\/ibcparts.eu\/de\/produkt\/s60-auf-2-zoll-bsp-aussengewinde-adapter\/\" \/>\n<meta property=\"og:site_name\" content=\"IBCparts.eu\" \/>\n<meta property=\"article:modified_time\" content=\"2026-01-13T12:58:53+00:00\" \/>\n<meta property=\"og:image\" content=\"https:\/\/ibcparts.eu\/wp-content\/uploads\/2021\/11\/Adapter_S60_na_2_fini_BSP_moski_navoj.png\" \/>\n\t<meta property=\"og:image:width\" content=\"499\" \/>\n\t<meta property=\"og:image:height\" content=\"499\" \/>\n\t<meta property=\"og:image:type\" content=\"image\/png\" \/>\n<meta name=\"twitter:card\" content=\"summary_large_image\" \/>\n<meta name=\"twitter:label1\" content=\"Gesch\u00e4tzte Lesezeit\" \/>\n\t<meta name=\"twitter:data1\" content=\"1\u00a0Minute\" \/>\n<script type=\"application\/ld+json\" class=\"yoast-schema-graph\">{\"@context\":\"https:\/\/schema.org\",\"@graph\":[{\"@type\":\"WebPage\",\"@id\":\"https:\/\/ibcparts.eu\/izdelek\/adapter-s60-na-2-fini-bsp-moski-navoj\/\",\"url\":\"https:\/\/ibcparts.eu\/izdelek\/adapter-s60-na-2-fini-bsp-moski-navoj\/\",\"name\":\"Adapter S60x2\\\" M za IBC cisterno (fini BSP mo\u0161ki navoj) | IBCparts.eu\",\"isPartOf\":{\"@id\":\"https:\/\/ibcparts.eu\/#website\"},\"primaryImageOfPage\":{\"@id\":\"https:\/\/ibcparts.eu\/izdelek\/adapter-s60-na-2-fini-bsp-moski-navoj\/#primaryimage\"},\"image\":{\"@id\":\"https:\/\/ibcparts.eu\/izdelek\/adapter-s60-na-2-fini-bsp-moski-navoj\/#primaryimage\"},\"thumbnailUrl\":\"https:\/\/ibcparts.eu\/wp-content\/uploads\/2021\/11\/Adapter_S60_na_2_fini_BSP_moski_navoj.png\",\"datePublished\":\"2021-11-11T12:16:37+00:00\",\"dateModified\":\"2026-01-13T12:58:53+00:00\",\"description\":\"Reducir za IBC cisterne z ventilom S60x6, zunanji mo\u0161ki BSP navoj dimenzije 2''. Gumijasto EPDM tesnilo.\",\"breadcrumb\":{\"@id\":\"https:\/\/ibcparts.eu\/izdelek\/adapter-s60-na-2-fini-bsp-moski-navoj\/#breadcrumb\"},\"inLanguage\":\"de\",\"potentialAction\":[{\"@type\":\"ReadAction\",\"target\":[\"https:\/\/ibcparts.eu\/izdelek\/adapter-s60-na-2-fini-bsp-moski-navoj\/\"]}]},{\"@type\":\"ImageObject\",\"inLanguage\":\"de\",\"@id\":\"https:\/\/ibcparts.eu\/izdelek\/adapter-s60-na-2-fini-bsp-moski-navoj\/#primaryimage\",\"url\":\"https:\/\/ibcparts.eu\/wp-content\/uploads\/2021\/11\/Adapter_S60_na_2_fini_BSP_moski_navoj.png\",\"contentUrl\":\"https:\/\/ibcparts.eu\/wp-content\/uploads\/2021\/11\/Adapter_S60_na_2_fini_BSP_moski_navoj.png\",\"width\":499,\"height\":499,\"caption\":\"Adapter_S60_na_2_fini_BSP_mo\u0161ki_navoj za IBC cisterno\"},{\"@type\":\"BreadcrumbList\",\"@id\":\"https:\/\/ibcparts.eu\/izdelek\/adapter-s60-na-2-fini-bsp-moski-navoj\/#breadcrumb\",\"itemListElement\":[{\"@type\":\"ListItem\",\"position\":1,\"name\":\"Home\",\"item\":\"https:\/\/ibcparts.eu\/\"},{\"@type\":\"ListItem\",\"position\":2,\"name\":\"Nakupujte\",\"item\":\"https:\/\/ibcparts.eu\/nakupujte\/\"},{\"@type\":\"ListItem\",\"position\":3,\"name\":\"Adapter S60x2&#8243; M za IBC cisterno (fini BSP mo\u0161ki navoj)\"}]},{\"@type\":\"WebSite\",\"@id\":\"https:\/\/ibcparts.eu\/#website\",\"url\":\"https:\/\/ibcparts.eu\/\",\"name\":\"IBCparts.eu\",\"description\":\"\",\"publisher\":{\"@id\":\"https:\/\/ibcparts.eu\/#organization\"},\"potentialAction\":[{\"@type\":\"SearchAction\",\"target\":{\"@type\":\"EntryPoint\",\"urlTemplate\":\"https:\/\/ibcparts.eu\/?s={search_term_string}\"},\"query-input\":{\"@type\":\"PropertyValueSpecification\",\"valueRequired\":true,\"valueName\":\"search_term_string\"}}],\"inLanguage\":\"de\"},{\"@type\":\"Organization\",\"@id\":\"https:\/\/ibcparts.eu\/#organization\",\"name\":\"IBCparts\",\"url\":\"https:\/\/ibcparts.eu\/\",\"logo\":{\"@type\":\"ImageObject\",\"inLanguage\":\"de\",\"@id\":\"https:\/\/ibcparts.eu\/#\/schema\/logo\/image\/\",\"url\":\"https:\/\/ibcparts.eu\/wp-content\/uploads\/2021\/10\/Footer-Logo.png\",\"contentUrl\":\"https:\/\/ibcparts.eu\/wp-content\/uploads\/2021\/10\/Footer-Logo.png\",\"width\":1992,\"height\":772,\"caption\":\"IBCparts\"},\"image\":{\"@id\":\"https:\/\/ibcparts.eu\/#\/schema\/logo\/image\/\"}}]}<\/script>\n<!-- \/ Yoast SEO plugin. -->","yoast_head_json":{"title":"Adapter S60x2\" M za IBC cisterno (fini BSP mo\u0161ki navoj) | IBCparts.eu","description":"Reducir za IBC cisterne z ventilom S60x6, zunanji mo\u0161ki BSP navoj dimenzije 2''. Gumijasto EPDM tesnilo.","robots":{"index":"index","follow":"follow","max-snippet":"max-snippet:-1","max-image-preview":"max-image-preview:large","max-video-preview":"max-video-preview:-1"},"canonical":"https:\/\/ibcparts.eu\/de\/produkt\/s60-auf-2-zoll-bsp-aussengewinde-adapter\/","og_locale":"de_DE","og_type":"article","og_title":"Adapter S60x2\" M za IBC cisterno (fini BSP mo\u0161ki navoj) | IBCparts.eu","og_description":"Reducir za IBC cisterne z ventilom S60x6, zunanji mo\u0161ki BSP navoj dimenzije 2''. Gumijasto EPDM tesnilo.","og_url":"https:\/\/ibcparts.eu\/de\/produkt\/s60-auf-2-zoll-bsp-aussengewinde-adapter\/","og_site_name":"IBCparts.eu","article_modified_time":"2026-01-13T12:58:53+00:00","og_image":[{"width":499,"height":499,"url":"https:\/\/ibcparts.eu\/wp-content\/uploads\/2021\/11\/Adapter_S60_na_2_fini_BSP_moski_navoj.png","type":"image\/png"}],"twitter_card":"summary_large_image","twitter_misc":{"Gesch\u00e4tzte Lesezeit":"1\u00a0Minute"},"schema":{"@context":"https:\/\/schema.org","@graph":[{"@type":"WebPage","@id":"https:\/\/ibcparts.eu\/izdelek\/adapter-s60-na-2-fini-bsp-moski-navoj\/","url":"https:\/\/ibcparts.eu\/izdelek\/adapter-s60-na-2-fini-bsp-moski-navoj\/","name":"Adapter S60x2\" M za IBC cisterno (fini BSP mo\u0161ki navoj) | IBCparts.eu","isPartOf":{"@id":"https:\/\/ibcparts.eu\/#website"},"primaryImageOfPage":{"@id":"https:\/\/ibcparts.eu\/izdelek\/adapter-s60-na-2-fini-bsp-moski-navoj\/#primaryimage"},"image":{"@id":"https:\/\/ibcparts.eu\/izdelek\/adapter-s60-na-2-fini-bsp-moski-navoj\/#primaryimage"},"thumbnailUrl":"https:\/\/ibcparts.eu\/wp-content\/uploads\/2021\/11\/Adapter_S60_na_2_fini_BSP_moski_navoj.png","datePublished":"2021-11-11T12:16:37+00:00","dateModified":"2026-01-13T12:58:53+00:00","description":"Reducir za IBC cisterne z ventilom S60x6, zunanji mo\u0161ki BSP navoj dimenzije 2''. Gumijasto EPDM tesnilo.","breadcrumb":{"@id":"https:\/\/ibcparts.eu\/izdelek\/adapter-s60-na-2-fini-bsp-moski-navoj\/#breadcrumb"},"inLanguage":"de","potentialAction":[{"@type":"ReadAction","target":["https:\/\/ibcparts.eu\/izdelek\/adapter-s60-na-2-fini-bsp-moski-navoj\/"]}]},{"@type":"ImageObject","inLanguage":"de","@id":"https:\/\/ibcparts.eu\/izdelek\/adapter-s60-na-2-fini-bsp-moski-navoj\/#primaryimage","url":"https:\/\/ibcparts.eu\/wp-content\/uploads\/2021\/11\/Adapter_S60_na_2_fini_BSP_moski_navoj.png","contentUrl":"https:\/\/ibcparts.eu\/wp-content\/uploads\/2021\/11\/Adapter_S60_na_2_fini_BSP_moski_navoj.png","width":499,"height":499,"caption":"Adapter_S60_na_2_fini_BSP_mo\u0161ki_navoj za IBC cisterno"},{"@type":"BreadcrumbList","@id":"https:\/\/ibcparts.eu\/izdelek\/adapter-s60-na-2-fini-bsp-moski-navoj\/#breadcrumb","itemListElement":[{"@type":"ListItem","position":1,"name":"Home","item":"https:\/\/ibcparts.eu\/"},{"@type":"ListItem","position":2,"name":"Nakupujte","item":"https:\/\/ibcparts.eu\/nakupujte\/"},{"@type":"ListItem","position":3,"name":"Adapter S60x2&#8243; M za IBC cisterno (fini BSP mo\u0161ki navoj)"}]},{"@type":"WebSite","@id":"https:\/\/ibcparts.eu\/#website","url":"https:\/\/ibcparts.eu\/","name":"IBC-Teile.eu","description":"","publisher":{"@id":"https:\/\/ibcparts.eu\/#organization"},"potentialAction":[{"@type":"SearchAction","target":{"@type":"EntryPoint","urlTemplate":"https:\/\/ibcparts.eu\/?s={search_term_string}"},"query-input":{"@type":"PropertyValueSpecification","valueRequired":true,"valueName":"search_term_string"}}],"inLanguage":"de"},{"@type":"Organization","@id":"https:\/\/ibcparts.eu\/#organization","name":"IBC-Teile","url":"https:\/\/ibcparts.eu\/","logo":{"@type":"ImageObject","inLanguage":"de","@id":"https:\/\/ibcparts.eu\/#\/schema\/logo\/image\/","url":"https:\/\/ibcparts.eu\/wp-content\/uploads\/2021\/10\/Footer-Logo.png","contentUrl":"https:\/\/ibcparts.eu\/wp-content\/uploads\/2021\/10\/Footer-Logo.png","width":1992,"height":772,"caption":"IBCparts"},"image":{"@id":"https:\/\/ibcparts.eu\/#\/schema\/logo\/image\/"}}]}},"_links":{"self":[{"href":"https:\/\/ibcparts.eu\/de\/wp-json\/wp\/v2\/product\/7610","targetHints":{"allow":["GET"]}}],"collection":[{"href":"https:\/\/ibcparts.eu\/de\/wp-json\/wp\/v2\/product"}],"about":[{"href":"https:\/\/ibcparts.eu\/de\/wp-json\/wp\/v2\/types\/product"}],"version-history":[{"count":3,"href":"https:\/\/ibcparts.eu\/de\/wp-json\/wp\/v2\/product\/7610\/revisions"}],"predecessor-version":[{"id":20172,"href":"https:\/\/ibcparts.eu\/de\/wp-json\/wp\/v2\/product\/7610\/revisions\/20172"}],"wp:featuredmedia":[{"embeddable":true,"href":"https:\/\/ibcparts.eu\/de\/wp-json\/wp\/v2\/media\/18492"}],"wp:attachment":[{"href":"https:\/\/ibcparts.eu\/de\/wp-json\/wp\/v2\/media?parent=7610"}],"wp:term":[{"taxonomy":"product_brand","embeddable":true,"href":"https:\/\/ibcparts.eu\/de\/wp-json\/wp\/v2\/product_brand?post=7610"},{"taxonomy":"product_cat","embeddable":true,"href":"https:\/\/ibcparts.eu\/de\/wp-json\/wp\/v2\/product_cat?post=7610"},{"taxonomy":"product_tag","embeddable":true,"href":"https:\/\/ibcparts.eu\/de\/wp-json\/wp\/v2\/product_tag?post=7610"}],"curies":[{"name":"wp","href":"https:\/\/api.w.org\/{rel}","templated":true}]}}