{"id":7604,"date":"2021-11-11T13:12:43","date_gmt":"2021-11-11T12:12:43","guid":{"rendered":"https:\/\/ibcparts.eu\/?post_type=product&#038;p=7604"},"modified":"2026-01-13T13:58:36","modified_gmt":"2026-01-13T12:58:36","slug":"adapter-s60-na-2-fini-bsp-zenski-navoj","status":"publish","type":"product","link":"https:\/\/ibcparts.eu\/de\/produkt\/s60-auf-2-zoll-bsp-innengewinde-adapter\/","title":{"rendered":"S60x2\u2033 F Adapter f\u00fcr IBC-Container (feines BSP-Innengewinde)"},"content":{"rendered":"<p>Sehr robuster Reduzierer f\u00fcr IBC-Container mit S60x6-Gewinde und 2\u2033 BSP-Innengewinde. Geeignet f\u00fcr Container mit S60x6-Ventil \u2013 dies ist der am h\u00e4ufigsten verwendete Ventiltyp bei IBC-Containern.<\/p>\n<ul>\n<li>Gewindetyp: Innengewinde S60x6 (weiblich), Innengewinde BSP 2\u2033 (weiblich) \u2013 siehe Abbildung.<\/li>\n<li class=\" translation-block\"><strong>Material:<\/strong> PP \u2013 ein \u00e4u\u00dferst langlebiges, leichtes und wasserfestes Material, best\u00e4ndig gegen UV-Strahlen, Chemikalien und St\u00f6\u00dfe. Aufgrund seiner Sicherheit und Stabilit\u00e4t ist es ideal f\u00fcr Produkte, die eine lange Lebensdauer und hohe Belastbarkeit erfordern.<\/li>\n<li>Farbe: schwarz<\/li>\n<li class=\" translation-block\">Dichtung: <strong>EPDM-Gummi \u2013 ausgezeichnete Best\u00e4ndigkeit gegen UV-Strahlung, Witterungseinfl\u00fcsse und Temperaturschwankungen<\/strong><\/li>\n<li>Auf der Seite, auf der das Gewinde fein ist, empfehlen wir die Verwendung von Teflon.<\/li>\n<li>Teflon darf NICHT zwischen dem Tankventil und dem Reduzierst\u00fcck verwendet werden.<\/li>\n<li>Hervorragende Abdichtung und hohe Haltbarkeit!<\/li>\n<\/ul>","protected":false},"excerpt":{"rendered":"<h2 data-start=\"143\" data-end=\"205\">S60x6 auf 2\u2033 BSP Innengewinde-Adapter f\u00fcr IBC-Container<\/h2>\n<p data-start=\"207\" data-end=\"687\" class=\" translation-block\">Der Adapter S60x2\u2033 F ist ein sehr robuster Adapter f\u00fcr IBC-Container mit S60x6-Gewinde. Er wird als <strong>Adapter bzw. Anschluss f\u00fcr einen IBC-Container<\/strong> beim Verbinden von Schl\u00e4uchen, Ventilen oder anderen Systemen mit einem inneren (weiblichen) BSP-Gewinde der Gr\u00f6\u00dfe 2\u2033 verwendet. Er besteht aus PP-Material und ist mit einer Dichtung aus 100 % EPDM-Gummi ausgestattet, die speziell mit optimaler H\u00e4rte entwickelt wurde und <strong>auch bei gr\u00f6\u00dferen Unebenheiten am Ventil eine zuverl\u00e4ssige Abdichtung<\/strong> sowie eine langfristige Nutzung ohne Leckagen gew\u00e4hrleistet.<\/p>\n<p data-start=\"689\" data-end=\"710\">Technische Eigenschaften<\/p>\n<ul>\n<li data-start=\"713\" data-end=\"764\">Produkttyp: Adapter (Anschluss f\u00fcr IBC-Container)<\/li>\n<li data-start=\"767\" data-end=\"820\">Thread type on container: S60x6, standard IBC thread<\/li>\n<li data-start=\"823\" data-end=\"868\" class=\" translation-block\">Gewindetyp am Ausgang: Innengewinde (weiblich) <strong>2\u2033<\/strong> BSP<\/li>\n<li data-start=\"901\" data-end=\"917\">Werkstoff: HDPE<\/li>\n<li data-start=\"920\" data-end=\"933\">Farbe: schwarz<\/li>\n<li class=\" translation-block\"><strong>Dichtung:<\/strong> <strong>100 % EPDM-Gummi \u2013 exklusiv bei uns. Eine speziell entwickelte Dichtung mit optimaler H\u00e4rte gleicht selbst gr\u00f6\u00dfere Unregelm\u00e4\u00dfigkeiten am Ventil effektiv aus und gew\u00e4hrleistet eine dauerhafte, zuverl\u00e4ssige Abdichtung ohne Leckagen.<\/strong><\/li>\n<li>Hervorragende Abdichtung und hohe Haltbarkeit!<\/li>\n<\/ul>\n<p><strong>Mehr St\u00fccke, gr\u00f6\u00dferer Rabatt \u2013 Mengen verschiedener Artikel und Varianten werden zusammengerechnet!<\/strong><\/p>\n<div id=\"335931145728526365\"><\/div>","protected":false},"featured_media":7605,"template":"","meta":[],"product_brand":[],"product_cat":[170,298],"product_tag":[461],"class_list":{"0":"post-7604","1":"product","2":"type-product","3":"status-publish","4":"has-post-thumbnail","6":"product_cat-reducirji-in-prikljucki-za-ibc","7":"product_cat-prikljucki-za-cisterno-z-navojem-s60x6","8":"product_tag-adapter-s60-na-2-fini-bsp-zenski-navoj-za-ibc-cisterno","10":"first","11":"instock","12":"shipping-taxable","13":"purchasable","14":"product-type-simple"},"yoast_head":"<!-- This site is optimized with the Yoast SEO plugin v27.1.1 - https:\/\/yoast.com\/product\/yoast-seo-wordpress\/ -->\n<title>Adapter S60x2&quot; F za IBC cisterno (fini BSP \u017eenski navoj) | IBCparts.eu<\/title>\n<meta name=\"description\" content=\"Adapter S60x6 na 2\u2033 \u017eenski BSP navoj za IBC cisterno. Iz PP, z EPDM tesnilom za zanesljivo tesnjenje brez pu\u0161\u010danja.\" \/>\n<meta name=\"robots\" content=\"index, follow, max-snippet:-1, max-image-preview:large, max-video-preview:-1\" \/>\n<link rel=\"canonical\" href=\"https:\/\/ibcparts.eu\/de\/produkt\/s60-auf-2-zoll-bsp-innengewinde-adapter\/\" \/>\n<meta property=\"og:locale\" content=\"de_DE\" \/>\n<meta property=\"og:type\" content=\"article\" \/>\n<meta property=\"og:title\" content=\"Adapter S60x2&quot; F za IBC cisterno (fini BSP \u017eenski navoj) | IBCparts.eu\" \/>\n<meta property=\"og:description\" content=\"Adapter S60x6 na 2\u2033 \u017eenski BSP navoj za IBC cisterno. Iz PP, z EPDM tesnilom za zanesljivo tesnjenje brez pu\u0161\u010danja.\" \/>\n<meta property=\"og:url\" content=\"https:\/\/ibcparts.eu\/de\/produkt\/s60-auf-2-zoll-bsp-innengewinde-adapter\/\" \/>\n<meta property=\"og:site_name\" content=\"IBCparts.eu\" \/>\n<meta property=\"article:modified_time\" content=\"2026-01-13T12:58:36+00:00\" \/>\n<meta property=\"og:image\" content=\"https:\/\/ibcparts.eu\/wp-content\/uploads\/2021\/11\/s60-adapter-2-fini-enski-2_1_orig.jpg\" \/>\n\t<meta property=\"og:image:width\" content=\"1080\" \/>\n\t<meta property=\"og:image:height\" content=\"1080\" \/>\n\t<meta property=\"og:image:type\" content=\"image\/jpeg\" \/>\n<meta name=\"twitter:card\" content=\"summary_large_image\" \/>\n<meta name=\"twitter:label1\" content=\"Gesch\u00e4tzte Lesezeit\" \/>\n\t<meta name=\"twitter:data1\" content=\"1\u00a0Minute\" \/>\n<script type=\"application\/ld+json\" class=\"yoast-schema-graph\">{\"@context\":\"https:\/\/schema.org\",\"@graph\":[{\"@type\":\"WebPage\",\"@id\":\"https:\/\/ibcparts.eu\/izdelek\/adapter-s60-na-2-fini-bsp-zenski-navoj\/\",\"url\":\"https:\/\/ibcparts.eu\/izdelek\/adapter-s60-na-2-fini-bsp-zenski-navoj\/\",\"name\":\"Adapter S60x2\\\" F za IBC cisterno (fini BSP \u017eenski navoj) | IBCparts.eu\",\"isPartOf\":{\"@id\":\"https:\/\/ibcparts.eu\/#website\"},\"primaryImageOfPage\":{\"@id\":\"https:\/\/ibcparts.eu\/izdelek\/adapter-s60-na-2-fini-bsp-zenski-navoj\/#primaryimage\"},\"image\":{\"@id\":\"https:\/\/ibcparts.eu\/izdelek\/adapter-s60-na-2-fini-bsp-zenski-navoj\/#primaryimage\"},\"thumbnailUrl\":\"https:\/\/ibcparts.eu\/wp-content\/uploads\/2021\/11\/s60-adapter-2-fini-enski-2_1_orig.jpg\",\"datePublished\":\"2021-11-11T12:12:43+00:00\",\"dateModified\":\"2026-01-13T12:58:36+00:00\",\"description\":\"Adapter S60x6 na 2\u2033 \u017eenski BSP navoj za IBC cisterno. Iz PP, z EPDM tesnilom za zanesljivo tesnjenje brez pu\u0161\u010danja.\",\"breadcrumb\":{\"@id\":\"https:\/\/ibcparts.eu\/izdelek\/adapter-s60-na-2-fini-bsp-zenski-navoj\/#breadcrumb\"},\"inLanguage\":\"de\",\"potentialAction\":[{\"@type\":\"ReadAction\",\"target\":[\"https:\/\/ibcparts.eu\/izdelek\/adapter-s60-na-2-fini-bsp-zenski-navoj\/\"]}]},{\"@type\":\"ImageObject\",\"inLanguage\":\"de\",\"@id\":\"https:\/\/ibcparts.eu\/izdelek\/adapter-s60-na-2-fini-bsp-zenski-navoj\/#primaryimage\",\"url\":\"https:\/\/ibcparts.eu\/wp-content\/uploads\/2021\/11\/s60-adapter-2-fini-enski-2_1_orig.jpg\",\"contentUrl\":\"https:\/\/ibcparts.eu\/wp-content\/uploads\/2021\/11\/s60-adapter-2-fini-enski-2_1_orig.jpg\",\"width\":1080,\"height\":1080,\"caption\":\"s60-adapter-2-fini-enski-2_1_orig\"},{\"@type\":\"BreadcrumbList\",\"@id\":\"https:\/\/ibcparts.eu\/izdelek\/adapter-s60-na-2-fini-bsp-zenski-navoj\/#breadcrumb\",\"itemListElement\":[{\"@type\":\"ListItem\",\"position\":1,\"name\":\"Home\",\"item\":\"https:\/\/ibcparts.eu\/\"},{\"@type\":\"ListItem\",\"position\":2,\"name\":\"Nakupujte\",\"item\":\"https:\/\/ibcparts.eu\/nakupujte\/\"},{\"@type\":\"ListItem\",\"position\":3,\"name\":\"Adapter S60x2&#8243; F za IBC cisterno (fini BSP \u017eenski navoj)\"}]},{\"@type\":\"WebSite\",\"@id\":\"https:\/\/ibcparts.eu\/#website\",\"url\":\"https:\/\/ibcparts.eu\/\",\"name\":\"IBCparts.eu\",\"description\":\"\",\"publisher\":{\"@id\":\"https:\/\/ibcparts.eu\/#organization\"},\"potentialAction\":[{\"@type\":\"SearchAction\",\"target\":{\"@type\":\"EntryPoint\",\"urlTemplate\":\"https:\/\/ibcparts.eu\/?s={search_term_string}\"},\"query-input\":{\"@type\":\"PropertyValueSpecification\",\"valueRequired\":true,\"valueName\":\"search_term_string\"}}],\"inLanguage\":\"de\"},{\"@type\":\"Organization\",\"@id\":\"https:\/\/ibcparts.eu\/#organization\",\"name\":\"IBCparts\",\"url\":\"https:\/\/ibcparts.eu\/\",\"logo\":{\"@type\":\"ImageObject\",\"inLanguage\":\"de\",\"@id\":\"https:\/\/ibcparts.eu\/#\/schema\/logo\/image\/\",\"url\":\"https:\/\/ibcparts.eu\/wp-content\/uploads\/2021\/10\/Footer-Logo.png\",\"contentUrl\":\"https:\/\/ibcparts.eu\/wp-content\/uploads\/2021\/10\/Footer-Logo.png\",\"width\":1992,\"height\":772,\"caption\":\"IBCparts\"},\"image\":{\"@id\":\"https:\/\/ibcparts.eu\/#\/schema\/logo\/image\/\"}}]}<\/script>\n<!-- \/ Yoast SEO plugin. -->","yoast_head_json":{"title":"Adapter S60x2\" F za IBC cisterno (fini BSP \u017eenski navoj) | IBCparts.eu","description":"Adapter S60x6 na 2\u2033 \u017eenski BSP navoj za IBC cisterno. Iz PP, z EPDM tesnilom za zanesljivo tesnjenje brez pu\u0161\u010danja.","robots":{"index":"index","follow":"follow","max-snippet":"max-snippet:-1","max-image-preview":"max-image-preview:large","max-video-preview":"max-video-preview:-1"},"canonical":"https:\/\/ibcparts.eu\/de\/produkt\/s60-auf-2-zoll-bsp-innengewinde-adapter\/","og_locale":"de_DE","og_type":"article","og_title":"Adapter S60x2\" F za IBC cisterno (fini BSP \u017eenski navoj) | IBCparts.eu","og_description":"Adapter S60x6 na 2\u2033 \u017eenski BSP navoj za IBC cisterno. Iz PP, z EPDM tesnilom za zanesljivo tesnjenje brez pu\u0161\u010danja.","og_url":"https:\/\/ibcparts.eu\/de\/produkt\/s60-auf-2-zoll-bsp-innengewinde-adapter\/","og_site_name":"IBCparts.eu","article_modified_time":"2026-01-13T12:58:36+00:00","og_image":[{"width":1080,"height":1080,"url":"https:\/\/ibcparts.eu\/wp-content\/uploads\/2021\/11\/s60-adapter-2-fini-enski-2_1_orig.jpg","type":"image\/jpeg"}],"twitter_card":"summary_large_image","twitter_misc":{"Gesch\u00e4tzte Lesezeit":"1\u00a0Minute"},"schema":{"@context":"https:\/\/schema.org","@graph":[{"@type":"WebPage","@id":"https:\/\/ibcparts.eu\/izdelek\/adapter-s60-na-2-fini-bsp-zenski-navoj\/","url":"https:\/\/ibcparts.eu\/izdelek\/adapter-s60-na-2-fini-bsp-zenski-navoj\/","name":"Adapter S60x2\" F za IBC cisterno (fini BSP \u017eenski navoj) | IBCparts.eu","isPartOf":{"@id":"https:\/\/ibcparts.eu\/#website"},"primaryImageOfPage":{"@id":"https:\/\/ibcparts.eu\/izdelek\/adapter-s60-na-2-fini-bsp-zenski-navoj\/#primaryimage"},"image":{"@id":"https:\/\/ibcparts.eu\/izdelek\/adapter-s60-na-2-fini-bsp-zenski-navoj\/#primaryimage"},"thumbnailUrl":"https:\/\/ibcparts.eu\/wp-content\/uploads\/2021\/11\/s60-adapter-2-fini-enski-2_1_orig.jpg","datePublished":"2021-11-11T12:12:43+00:00","dateModified":"2026-01-13T12:58:36+00:00","description":"Adapter S60x6 na 2\u2033 \u017eenski BSP navoj za IBC cisterno. Iz PP, z EPDM tesnilom za zanesljivo tesnjenje brez pu\u0161\u010danja.","breadcrumb":{"@id":"https:\/\/ibcparts.eu\/izdelek\/adapter-s60-na-2-fini-bsp-zenski-navoj\/#breadcrumb"},"inLanguage":"de","potentialAction":[{"@type":"ReadAction","target":["https:\/\/ibcparts.eu\/izdelek\/adapter-s60-na-2-fini-bsp-zenski-navoj\/"]}]},{"@type":"ImageObject","inLanguage":"de","@id":"https:\/\/ibcparts.eu\/izdelek\/adapter-s60-na-2-fini-bsp-zenski-navoj\/#primaryimage","url":"https:\/\/ibcparts.eu\/wp-content\/uploads\/2021\/11\/s60-adapter-2-fini-enski-2_1_orig.jpg","contentUrl":"https:\/\/ibcparts.eu\/wp-content\/uploads\/2021\/11\/s60-adapter-2-fini-enski-2_1_orig.jpg","width":1080,"height":1080,"caption":"s60-adapter-2-fini-enski-2_1_orig"},{"@type":"BreadcrumbList","@id":"https:\/\/ibcparts.eu\/izdelek\/adapter-s60-na-2-fini-bsp-zenski-navoj\/#breadcrumb","itemListElement":[{"@type":"ListItem","position":1,"name":"Home","item":"https:\/\/ibcparts.eu\/"},{"@type":"ListItem","position":2,"name":"Nakupujte","item":"https:\/\/ibcparts.eu\/nakupujte\/"},{"@type":"ListItem","position":3,"name":"Adapter S60x2&#8243; F za IBC cisterno (fini BSP \u017eenski navoj)"}]},{"@type":"WebSite","@id":"https:\/\/ibcparts.eu\/#website","url":"https:\/\/ibcparts.eu\/","name":"IBC-Teile.eu","description":"","publisher":{"@id":"https:\/\/ibcparts.eu\/#organization"},"potentialAction":[{"@type":"SearchAction","target":{"@type":"EntryPoint","urlTemplate":"https:\/\/ibcparts.eu\/?s={search_term_string}"},"query-input":{"@type":"PropertyValueSpecification","valueRequired":true,"valueName":"search_term_string"}}],"inLanguage":"de"},{"@type":"Organization","@id":"https:\/\/ibcparts.eu\/#organization","name":"IBC-Teile","url":"https:\/\/ibcparts.eu\/","logo":{"@type":"ImageObject","inLanguage":"de","@id":"https:\/\/ibcparts.eu\/#\/schema\/logo\/image\/","url":"https:\/\/ibcparts.eu\/wp-content\/uploads\/2021\/10\/Footer-Logo.png","contentUrl":"https:\/\/ibcparts.eu\/wp-content\/uploads\/2021\/10\/Footer-Logo.png","width":1992,"height":772,"caption":"IBCparts"},"image":{"@id":"https:\/\/ibcparts.eu\/#\/schema\/logo\/image\/"}}]}},"_links":{"self":[{"href":"https:\/\/ibcparts.eu\/de\/wp-json\/wp\/v2\/product\/7604","targetHints":{"allow":["GET"]}}],"collection":[{"href":"https:\/\/ibcparts.eu\/de\/wp-json\/wp\/v2\/product"}],"about":[{"href":"https:\/\/ibcparts.eu\/de\/wp-json\/wp\/v2\/types\/product"}],"version-history":[{"count":3,"href":"https:\/\/ibcparts.eu\/de\/wp-json\/wp\/v2\/product\/7604\/revisions"}],"predecessor-version":[{"id":20171,"href":"https:\/\/ibcparts.eu\/de\/wp-json\/wp\/v2\/product\/7604\/revisions\/20171"}],"wp:featuredmedia":[{"embeddable":true,"href":"https:\/\/ibcparts.eu\/de\/wp-json\/wp\/v2\/media\/7605"}],"wp:attachment":[{"href":"https:\/\/ibcparts.eu\/de\/wp-json\/wp\/v2\/media?parent=7604"}],"wp:term":[{"taxonomy":"product_brand","embeddable":true,"href":"https:\/\/ibcparts.eu\/de\/wp-json\/wp\/v2\/product_brand?post=7604"},{"taxonomy":"product_cat","embeddable":true,"href":"https:\/\/ibcparts.eu\/de\/wp-json\/wp\/v2\/product_cat?post=7604"},{"taxonomy":"product_tag","embeddable":true,"href":"https:\/\/ibcparts.eu\/de\/wp-json\/wp\/v2\/product_tag?post=7604"}],"curies":[{"name":"wp","href":"https:\/\/api.w.org\/{rel}","templated":true}]}}