{"id":7576,"date":"2021-11-09T16:30:51","date_gmt":"2021-11-09T15:30:51","guid":{"rendered":"https:\/\/ibcparts.eu\/?post_type=product&#038;p=7576"},"modified":"2026-01-13T13:58:02","modified_gmt":"2026-01-13T12:58:02","slug":"podaljsek-lite","status":"publish","type":"product","link":"https:\/\/ibcparts.eu\/de\/produkt\/lite-verlaengerung-fuer-ibc-tank\/","title":{"rendered":"S60 LITE Verl\u00e4ngerung f\u00fcr IBC-Container"},"content":{"rendered":"","protected":false},"excerpt":{"rendered":"<h2 data-start=\"151\" data-end=\"220\">S60x6 Verl\u00e4ngerung mit Innen- und Au\u00dfengewinde f\u00fcr IBC-Container<\/h2>\n<p data-start=\"222\" data-end=\"733\" class=\" translation-block\">The S60 LITE extension is a high-quality extension for IBC containers with a valve diameter of 55\u201362 mm and an S60x6 thread. One side features an internal (female) S60x6 thread, while the other side has an external (male) S60x6 thread. It is used as an <strong>adapter or connector for an IBC container<\/strong> to extend the outlet or as a valve replacement when combined with an additional tap kit. It is made from HDPE material and includes a foam (PP) seal that ensures <strong>reliable sealing even with minor irregularities on the valve<\/strong>.<\/p>\n<p data-start=\"735\" data-end=\"756\">Technische Eigenschaften<\/p>\n<ul>\n<li data-start=\"759\" data-end=\"822\">Produkttyp: Verl\u00e4ngerung (Adapter \/ Anschluss f\u00fcr IBC-Container)<\/li>\n<li data-start=\"825\" data-end=\"865\">Gewindetyp: S60x6 Innengewinde \u2194 S60x6 Au\u00dfengewinde<\/li>\n<li data-start=\"868\" data-end=\"902\">Geeignet f\u00fcr Ventile: \u00d8 55\u201362 mm<\/li>\n<li data-start=\"905\" data-end=\"922\">L\u00e4nge: 110 mm<\/li>\n<li data-start=\"925\" data-end=\"941\">Werkstoff: HDPE<\/li>\n<li data-start=\"944\" data-end=\"957\">Farbe: wei\u00df<\/li>\n<li data-start=\"960\" data-end=\"980\">Dichtung: Schaum (PP)<\/li>\n<\/ul>\n<p class=\" translation-block\">Additional information:<br>\nThe S60 LITE extension allows the installation of all S60 fittings, except 2\u2033 ball valves. Opening and closing 2\u2033 valves requires greater force, which can cause damage to the extension over time.<\/p>\n<p><br data-start=\"1201\" data-end=\"1204\" \/>Mehr St\u00fccke, gr\u00f6\u00dferer Rabatt \u2013 Mengen verschiedener Artikel und Varianten werden zusammengerechnet!<\/p>","protected":false},"featured_media":14720,"template":"","meta":[],"product_brand":[],"product_cat":[170,298],"product_tag":[393],"class_list":{"0":"post-7576","1":"product","2":"type-product","3":"status-publish","4":"has-post-thumbnail","6":"product_cat-reducirji-in-prikljucki-za-ibc","7":"product_cat-prikljucki-za-cisterno-z-navojem-s60x6","8":"product_tag-podaljsek-ventila-lite-za-ibc-cisterno","10":"first","11":"instock","12":"shipping-taxable","13":"purchasable","14":"product-type-simple"},"yoast_head":"<!-- This site is optimized with the Yoast SEO plugin v27.1.1 - https:\/\/yoast.com\/product\/yoast-seo-wordpress\/ -->\n<title>Podalj\u0161ek S60 LITE za IBC cisterno | IBCparts.eu<\/title>\n<meta name=\"description\" content=\"Podalj\u0161ek S60x6 za IBC cisterno z \u017eenskim in mo\u0161kim navojem, dol\u017eina 110 mm. Iz HDPE, s PP tesnilom za zanesljivo tesnjenje.\" \/>\n<meta name=\"robots\" content=\"index, follow, max-snippet:-1, max-image-preview:large, max-video-preview:-1\" \/>\n<link rel=\"canonical\" href=\"https:\/\/ibcparts.eu\/de\/produkt\/lite-verlaengerung-fuer-ibc-tank\/\" \/>\n<meta property=\"og:locale\" content=\"de_DE\" \/>\n<meta property=\"og:type\" content=\"article\" \/>\n<meta property=\"og:title\" content=\"Podalj\u0161ek S60 LITE za IBC cisterno | IBCparts.eu\" \/>\n<meta property=\"og:description\" content=\"Podalj\u0161ek S60x6 za IBC cisterno z \u017eenskim in mo\u0161kim navojem, dol\u017eina 110 mm. Iz HDPE, s PP tesnilom za zanesljivo tesnjenje.\" \/>\n<meta property=\"og:url\" content=\"https:\/\/ibcparts.eu\/de\/produkt\/lite-verlaengerung-fuer-ibc-tank\/\" \/>\n<meta property=\"og:site_name\" content=\"IBCparts.eu\" \/>\n<meta property=\"article:modified_time\" content=\"2026-01-13T12:58:02+00:00\" \/>\n<meta property=\"og:image\" content=\"https:\/\/ibcparts.eu\/wp-content\/uploads\/2021\/11\/Podaljsek-S60x6-novi-za-IBC-cisterno.jpg\" \/>\n\t<meta property=\"og:image:width\" content=\"590\" \/>\n\t<meta property=\"og:image:height\" content=\"590\" \/>\n\t<meta property=\"og:image:type\" content=\"image\/jpeg\" \/>\n<meta name=\"twitter:card\" content=\"summary_large_image\" \/>\n<script type=\"application\/ld+json\" class=\"yoast-schema-graph\">{\"@context\":\"https:\/\/schema.org\",\"@graph\":[{\"@type\":\"WebPage\",\"@id\":\"https:\/\/ibcparts.eu\/izdelek\/podaljsek-lite\/\",\"url\":\"https:\/\/ibcparts.eu\/izdelek\/podaljsek-lite\/\",\"name\":\"Podalj\u0161ek S60 LITE za IBC cisterno | IBCparts.eu\",\"isPartOf\":{\"@id\":\"https:\/\/ibcparts.eu\/#website\"},\"primaryImageOfPage\":{\"@id\":\"https:\/\/ibcparts.eu\/izdelek\/podaljsek-lite\/#primaryimage\"},\"image\":{\"@id\":\"https:\/\/ibcparts.eu\/izdelek\/podaljsek-lite\/#primaryimage\"},\"thumbnailUrl\":\"https:\/\/ibcparts.eu\/wp-content\/uploads\/2021\/11\/Podaljsek-S60x6-novi-za-IBC-cisterno.jpg\",\"datePublished\":\"2021-11-09T15:30:51+00:00\",\"dateModified\":\"2026-01-13T12:58:02+00:00\",\"description\":\"Podalj\u0161ek S60x6 za IBC cisterno z \u017eenskim in mo\u0161kim navojem, dol\u017eina 110 mm. Iz HDPE, s PP tesnilom za zanesljivo tesnjenje.\",\"breadcrumb\":{\"@id\":\"https:\/\/ibcparts.eu\/izdelek\/podaljsek-lite\/#breadcrumb\"},\"inLanguage\":\"de\",\"potentialAction\":[{\"@type\":\"ReadAction\",\"target\":[\"https:\/\/ibcparts.eu\/izdelek\/podaljsek-lite\/\"]}]},{\"@type\":\"ImageObject\",\"inLanguage\":\"de\",\"@id\":\"https:\/\/ibcparts.eu\/izdelek\/podaljsek-lite\/#primaryimage\",\"url\":\"https:\/\/ibcparts.eu\/wp-content\/uploads\/2021\/11\/Podaljsek-S60x6-novi-za-IBC-cisterno.jpg\",\"contentUrl\":\"https:\/\/ibcparts.eu\/wp-content\/uploads\/2021\/11\/Podaljsek-S60x6-novi-za-IBC-cisterno.jpg\",\"width\":590,\"height\":590,\"caption\":\"Podalj\u0161ek ventila za IBC cisterno\"},{\"@type\":\"BreadcrumbList\",\"@id\":\"https:\/\/ibcparts.eu\/izdelek\/podaljsek-lite\/#breadcrumb\",\"itemListElement\":[{\"@type\":\"ListItem\",\"position\":1,\"name\":\"Home\",\"item\":\"https:\/\/ibcparts.eu\/\"},{\"@type\":\"ListItem\",\"position\":2,\"name\":\"Nakupujte\",\"item\":\"https:\/\/ibcparts.eu\/nakupujte\/\"},{\"@type\":\"ListItem\",\"position\":3,\"name\":\"Podalj\u0161ek S60 LITE za IBC cisterno\"}]},{\"@type\":\"WebSite\",\"@id\":\"https:\/\/ibcparts.eu\/#website\",\"url\":\"https:\/\/ibcparts.eu\/\",\"name\":\"IBCparts.eu\",\"description\":\"\",\"publisher\":{\"@id\":\"https:\/\/ibcparts.eu\/#organization\"},\"potentialAction\":[{\"@type\":\"SearchAction\",\"target\":{\"@type\":\"EntryPoint\",\"urlTemplate\":\"https:\/\/ibcparts.eu\/?s={search_term_string}\"},\"query-input\":{\"@type\":\"PropertyValueSpecification\",\"valueRequired\":true,\"valueName\":\"search_term_string\"}}],\"inLanguage\":\"de\"},{\"@type\":\"Organization\",\"@id\":\"https:\/\/ibcparts.eu\/#organization\",\"name\":\"IBCparts\",\"url\":\"https:\/\/ibcparts.eu\/\",\"logo\":{\"@type\":\"ImageObject\",\"inLanguage\":\"de\",\"@id\":\"https:\/\/ibcparts.eu\/#\/schema\/logo\/image\/\",\"url\":\"https:\/\/ibcparts.eu\/wp-content\/uploads\/2021\/10\/Footer-Logo.png\",\"contentUrl\":\"https:\/\/ibcparts.eu\/wp-content\/uploads\/2021\/10\/Footer-Logo.png\",\"width\":1992,\"height\":772,\"caption\":\"IBCparts\"},\"image\":{\"@id\":\"https:\/\/ibcparts.eu\/#\/schema\/logo\/image\/\"}}]}<\/script>\n<!-- \/ Yoast SEO plugin. -->","yoast_head_json":{"title":"Podalj\u0161ek S60 LITE za IBC cisterno | IBCparts.eu","description":"Podalj\u0161ek S60x6 za IBC cisterno z \u017eenskim in mo\u0161kim navojem, dol\u017eina 110 mm. Iz HDPE, s PP tesnilom za zanesljivo tesnjenje.","robots":{"index":"index","follow":"follow","max-snippet":"max-snippet:-1","max-image-preview":"max-image-preview:large","max-video-preview":"max-video-preview:-1"},"canonical":"https:\/\/ibcparts.eu\/de\/produkt\/lite-verlaengerung-fuer-ibc-tank\/","og_locale":"de_DE","og_type":"article","og_title":"Podalj\u0161ek S60 LITE za IBC cisterno | IBCparts.eu","og_description":"Podalj\u0161ek S60x6 za IBC cisterno z \u017eenskim in mo\u0161kim navojem, dol\u017eina 110 mm. Iz HDPE, s PP tesnilom za zanesljivo tesnjenje.","og_url":"https:\/\/ibcparts.eu\/de\/produkt\/lite-verlaengerung-fuer-ibc-tank\/","og_site_name":"IBCparts.eu","article_modified_time":"2026-01-13T12:58:02+00:00","og_image":[{"width":590,"height":590,"url":"https:\/\/ibcparts.eu\/wp-content\/uploads\/2021\/11\/Podaljsek-S60x6-novi-za-IBC-cisterno.jpg","type":"image\/jpeg"}],"twitter_card":"summary_large_image","schema":{"@context":"https:\/\/schema.org","@graph":[{"@type":"WebPage","@id":"https:\/\/ibcparts.eu\/izdelek\/podaljsek-lite\/","url":"https:\/\/ibcparts.eu\/izdelek\/podaljsek-lite\/","name":"Podalj\u0161ek S60 LITE za IBC cisterno | IBCparts.eu","isPartOf":{"@id":"https:\/\/ibcparts.eu\/#website"},"primaryImageOfPage":{"@id":"https:\/\/ibcparts.eu\/izdelek\/podaljsek-lite\/#primaryimage"},"image":{"@id":"https:\/\/ibcparts.eu\/izdelek\/podaljsek-lite\/#primaryimage"},"thumbnailUrl":"https:\/\/ibcparts.eu\/wp-content\/uploads\/2021\/11\/Podaljsek-S60x6-novi-za-IBC-cisterno.jpg","datePublished":"2021-11-09T15:30:51+00:00","dateModified":"2026-01-13T12:58:02+00:00","description":"Podalj\u0161ek S60x6 za IBC cisterno z \u017eenskim in mo\u0161kim navojem, dol\u017eina 110 mm. Iz HDPE, s PP tesnilom za zanesljivo tesnjenje.","breadcrumb":{"@id":"https:\/\/ibcparts.eu\/izdelek\/podaljsek-lite\/#breadcrumb"},"inLanguage":"de","potentialAction":[{"@type":"ReadAction","target":["https:\/\/ibcparts.eu\/izdelek\/podaljsek-lite\/"]}]},{"@type":"ImageObject","inLanguage":"de","@id":"https:\/\/ibcparts.eu\/izdelek\/podaljsek-lite\/#primaryimage","url":"https:\/\/ibcparts.eu\/wp-content\/uploads\/2021\/11\/Podaljsek-S60x6-novi-za-IBC-cisterno.jpg","contentUrl":"https:\/\/ibcparts.eu\/wp-content\/uploads\/2021\/11\/Podaljsek-S60x6-novi-za-IBC-cisterno.jpg","width":590,"height":590,"caption":"Podalj\u0161ek ventila za IBC cisterno"},{"@type":"BreadcrumbList","@id":"https:\/\/ibcparts.eu\/izdelek\/podaljsek-lite\/#breadcrumb","itemListElement":[{"@type":"ListItem","position":1,"name":"Home","item":"https:\/\/ibcparts.eu\/"},{"@type":"ListItem","position":2,"name":"Nakupujte","item":"https:\/\/ibcparts.eu\/nakupujte\/"},{"@type":"ListItem","position":3,"name":"Podalj\u0161ek S60 LITE za IBC cisterno"}]},{"@type":"WebSite","@id":"https:\/\/ibcparts.eu\/#website","url":"https:\/\/ibcparts.eu\/","name":"IBC-Teile.eu","description":"","publisher":{"@id":"https:\/\/ibcparts.eu\/#organization"},"potentialAction":[{"@type":"SearchAction","target":{"@type":"EntryPoint","urlTemplate":"https:\/\/ibcparts.eu\/?s={search_term_string}"},"query-input":{"@type":"PropertyValueSpecification","valueRequired":true,"valueName":"search_term_string"}}],"inLanguage":"de"},{"@type":"Organization","@id":"https:\/\/ibcparts.eu\/#organization","name":"IBC-Teile","url":"https:\/\/ibcparts.eu\/","logo":{"@type":"ImageObject","inLanguage":"de","@id":"https:\/\/ibcparts.eu\/#\/schema\/logo\/image\/","url":"https:\/\/ibcparts.eu\/wp-content\/uploads\/2021\/10\/Footer-Logo.png","contentUrl":"https:\/\/ibcparts.eu\/wp-content\/uploads\/2021\/10\/Footer-Logo.png","width":1992,"height":772,"caption":"IBCparts"},"image":{"@id":"https:\/\/ibcparts.eu\/#\/schema\/logo\/image\/"}}]}},"_links":{"self":[{"href":"https:\/\/ibcparts.eu\/de\/wp-json\/wp\/v2\/product\/7576","targetHints":{"allow":["GET"]}}],"collection":[{"href":"https:\/\/ibcparts.eu\/de\/wp-json\/wp\/v2\/product"}],"about":[{"href":"https:\/\/ibcparts.eu\/de\/wp-json\/wp\/v2\/types\/product"}],"version-history":[{"count":3,"href":"https:\/\/ibcparts.eu\/de\/wp-json\/wp\/v2\/product\/7576\/revisions"}],"predecessor-version":[{"id":20169,"href":"https:\/\/ibcparts.eu\/de\/wp-json\/wp\/v2\/product\/7576\/revisions\/20169"}],"wp:featuredmedia":[{"embeddable":true,"href":"https:\/\/ibcparts.eu\/de\/wp-json\/wp\/v2\/media\/14720"}],"wp:attachment":[{"href":"https:\/\/ibcparts.eu\/de\/wp-json\/wp\/v2\/media?parent=7576"}],"wp:term":[{"taxonomy":"product_brand","embeddable":true,"href":"https:\/\/ibcparts.eu\/de\/wp-json\/wp\/v2\/product_brand?post=7576"},{"taxonomy":"product_cat","embeddable":true,"href":"https:\/\/ibcparts.eu\/de\/wp-json\/wp\/v2\/product_cat?post=7576"},{"taxonomy":"product_tag","embeddable":true,"href":"https:\/\/ibcparts.eu\/de\/wp-json\/wp\/v2\/product_tag?post=7576"}],"curies":[{"name":"wp","href":"https:\/\/api.w.org\/{rel}","templated":true}]}}