{"id":7537,"date":"2021-11-09T15:58:31","date_gmt":"2021-11-09T14:58:31","guid":{"rendered":"https:\/\/ibcparts.eu\/?post_type=product&#038;p=7537"},"modified":"2026-01-12T12:27:26","modified_gmt":"2026-01-12T11:27:26","slug":"napajalnik-za-zivino-s-priklopom-za-ibc-cisterno","status":"publish","type":"product","link":"https:\/\/ibcparts.eu\/de\/produkt\/viehtraenke-mit-ibc-tank-anschluss\/","title":{"rendered":"Stromversorgung mit Anschluss an IBC-Tank (NEUE VERSION)"},"content":{"rendered":"","protected":false},"excerpt":{"rendered":"<h2 data-start=\"235\" data-end=\"311\">Versorgungsset f\u00fcr IBC-Container \u2013 Metallrohr 3\/4\u2033, sehr robuste Ausf\u00fchrung<\/h2>\n<p data-start=\"313\" data-end=\"541\" class=\" translation-block\">Ein hochwertiges und \u00e4u\u00dferst robustes Versorgungsset f\u00fcr IBC-Container, das f\u00fcr eine zuverl\u00e4ssige Wasserentnahme ohne Druck ausgelegt ist. Das System arbeitet nach dem Prinzip des <strong data-start=\"466\" data-end=\"493\">Schwerkraftflusses<\/strong> und ben\u00f6tigt daher keine Pumpe oder zus\u00e4tzlichen Druck.<\/p>\n<p data-start=\"543\" data-end=\"822\" class=\" translation-block\">Im Set ist ein <strong data-start=\"569\" data-end=\"638\">flexibles Metallrohr aus Edelstahl mit EPDM-Innenauskleidung<\/strong> enthalten, das eine lange Lebensdauer, hohe Best\u00e4ndigkeit und einen sicheren Einsatz auch bei h\u00f6heren Belastungen gew\u00e4hrleistet.<\/p>\n<h3 data-start=\"824\" data-end=\"846\">Produkteigenschaften:<\/h3>\n<ul>\n<li data-start=\"849\" data-end=\"880\">Sehr starke und langlebige Ausf\u00fchrung<\/li>\n<li data-start=\"883\" data-end=\"934\">Flexible Metallleitung 3\/4\u2033 mit EPDM-Innenauskleidung<\/li>\n<li data-start=\"937\" data-end=\"986\">Betrieb ohne Druck (Schwerkraft ausreichend)<\/li>\n<li data-start=\"989\" data-end=\"1033\">Zuverl\u00e4ssiger und dichter Anschluss an die IBC-Zisterne mit einem sehr robusten Adapter und EPDM-Gummidichtung.<\/li>\n<\/ul>\n<h3 data-start=\"1082\" data-end=\"1106\">Im Set erhalten Sie:<\/h3>\n<ul>\n<li data-start=\"1109\" data-end=\"1137\">Versorgungseinheit f\u00fcr IBC-Container<\/li>\n<li data-start=\"1140\" data-end=\"1201\">Flexible Metallleitung, L\u00e4nge 75 cm, Innengewinde 3\/4\u2033<\/li>\n<li data-start=\"1204\" data-end=\"1233\">AVA-Reduzierer mit EPDM-Dichtung<\/li>\n<\/ul>\n<h3 data-start=\"1235\" data-end=\"1259\">Zus\u00e4tzliche Informationen:<\/h3>\n<ul>\n<li data-start=\"1262\" data-end=\"1310\">Geeignet f\u00fcr IBC-Container mit Ventil <strong data-start=\"1299\" data-end=\"1308\">S60x6<\/strong><\/li>\n<li data-start=\"1313\" data-end=\"1402\" class=\" translation-block\">Wenn Ihre Zisterne einen anderen Ventiltyp hat, kontaktieren Sie uns bitte und wir <strong data-start=\"1377\" data-end=\"1400\">passen das Angebot an<\/strong>.<\/li>\n<li data-start=\"1405\" data-end=\"1479\" class=\" translation-block\">Aufgrund unterschiedlicher Montagearten sind <strong data-start=\"1438\" data-end=\"1477\">Befestigungsschrauben nicht im Lieferumfang enthalten<\/strong>.<\/li>\n<\/ul>","protected":false},"featured_media":7538,"template":"","meta":[],"product_brand":[],"product_cat":[170,298],"product_tag":[515],"class_list":{"0":"post-7537","1":"product","2":"type-product","3":"status-publish","4":"has-post-thumbnail","6":"product_cat-reducirji-in-prikljucki-za-ibc","7":"product_cat-prikljucki-za-cisterno-z-navojem-s60x6","8":"product_tag-napajalnik","10":"first","11":"instock","12":"sale","13":"shipping-taxable","14":"purchasable","15":"product-type-simple"},"yoast_head":"<!-- This site is optimized with the Yoast SEO plugin v27.1.1 - https:\/\/yoast.com\/product\/yoast-seo-wordpress\/ -->\n<title>Napajalnik \u200bs priklopom na IBC cisterno (NOVA VERZIJA) | IBCparts.eu<\/title>\n<meta name=\"description\" content=\"Odli\u010den, mo\u010dan napajalnik za \u017eivali s kovinsko 3\/4&quot; cevjo s priklopom na IBC cisterno. Za delovanje ne potrebuje pritiska - gravitacijska sila je dovolj.\" \/>\n<meta name=\"robots\" content=\"index, follow, max-snippet:-1, max-image-preview:large, max-video-preview:-1\" \/>\n<link rel=\"canonical\" href=\"https:\/\/ibcparts.eu\/de\/produkt\/viehtraenke-mit-ibc-tank-anschluss\/\" \/>\n<meta property=\"og:locale\" content=\"de_DE\" \/>\n<meta property=\"og:type\" content=\"article\" \/>\n<meta property=\"og:title\" content=\"Napajalnik \u200bs priklopom na IBC cisterno (NOVA VERZIJA) | IBCparts.eu\" \/>\n<meta property=\"og:description\" content=\"Odli\u010den, mo\u010dan napajalnik za \u017eivali s kovinsko 3\/4&quot; cevjo s priklopom na IBC cisterno. Za delovanje ne potrebuje pritiska - gravitacijska sila je dovolj.\" \/>\n<meta property=\"og:url\" content=\"https:\/\/ibcparts.eu\/de\/produkt\/viehtraenke-mit-ibc-tank-anschluss\/\" \/>\n<meta property=\"og:site_name\" content=\"IBCparts.eu\" \/>\n<meta property=\"article:modified_time\" content=\"2026-01-12T11:27:26+00:00\" \/>\n<meta property=\"og:image\" content=\"https:\/\/ibcparts.eu\/wp-content\/uploads\/2021\/11\/20200413-084702_orig.jpg\" \/>\n\t<meta property=\"og:image:width\" content=\"800\" \/>\n\t<meta property=\"og:image:height\" content=\"800\" \/>\n\t<meta property=\"og:image:type\" content=\"image\/jpeg\" \/>\n<meta name=\"twitter:card\" content=\"summary_large_image\" \/>\n<script type=\"application\/ld+json\" class=\"yoast-schema-graph\">{\"@context\":\"https:\/\/schema.org\",\"@graph\":[{\"@type\":\"WebPage\",\"@id\":\"https:\/\/ibcparts.eu\/izdelek\/napajalnik-za-zivino-s-priklopom-za-ibc-cisterno\/\",\"url\":\"https:\/\/ibcparts.eu\/izdelek\/napajalnik-za-zivino-s-priklopom-za-ibc-cisterno\/\",\"name\":\"Napajalnik \u200bs priklopom na IBC cisterno (NOVA VERZIJA) | IBCparts.eu\",\"isPartOf\":{\"@id\":\"https:\/\/ibcparts.eu\/#website\"},\"primaryImageOfPage\":{\"@id\":\"https:\/\/ibcparts.eu\/izdelek\/napajalnik-za-zivino-s-priklopom-za-ibc-cisterno\/#primaryimage\"},\"image\":{\"@id\":\"https:\/\/ibcparts.eu\/izdelek\/napajalnik-za-zivino-s-priklopom-za-ibc-cisterno\/#primaryimage\"},\"thumbnailUrl\":\"https:\/\/ibcparts.eu\/wp-content\/uploads\/2021\/11\/20200413-084702_orig.jpg\",\"datePublished\":\"2021-11-09T14:58:31+00:00\",\"dateModified\":\"2026-01-12T11:27:26+00:00\",\"description\":\"Odli\u010den, mo\u010dan napajalnik za \u017eivali s kovinsko 3\/4\\\" cevjo s priklopom na IBC cisterno. Za delovanje ne potrebuje pritiska - gravitacijska sila je dovolj.\",\"breadcrumb\":{\"@id\":\"https:\/\/ibcparts.eu\/izdelek\/napajalnik-za-zivino-s-priklopom-za-ibc-cisterno\/#breadcrumb\"},\"inLanguage\":\"de\",\"potentialAction\":[{\"@type\":\"ReadAction\",\"target\":[\"https:\/\/ibcparts.eu\/izdelek\/napajalnik-za-zivino-s-priklopom-za-ibc-cisterno\/\"]}]},{\"@type\":\"ImageObject\",\"inLanguage\":\"de\",\"@id\":\"https:\/\/ibcparts.eu\/izdelek\/napajalnik-za-zivino-s-priklopom-za-ibc-cisterno\/#primaryimage\",\"url\":\"https:\/\/ibcparts.eu\/wp-content\/uploads\/2021\/11\/20200413-084702_orig.jpg\",\"contentUrl\":\"https:\/\/ibcparts.eu\/wp-content\/uploads\/2021\/11\/20200413-084702_orig.jpg\",\"width\":800,\"height\":800,\"caption\":\"20200413-084702_orig\"},{\"@type\":\"BreadcrumbList\",\"@id\":\"https:\/\/ibcparts.eu\/izdelek\/napajalnik-za-zivino-s-priklopom-za-ibc-cisterno\/#breadcrumb\",\"itemListElement\":[{\"@type\":\"ListItem\",\"position\":1,\"name\":\"Home\",\"item\":\"https:\/\/ibcparts.eu\/\"},{\"@type\":\"ListItem\",\"position\":2,\"name\":\"Nakupujte\",\"item\":\"https:\/\/ibcparts.eu\/nakupujte\/\"},{\"@type\":\"ListItem\",\"position\":3,\"name\":\"Napajalnik \u200bs priklopom na IBC cisterno (NOVA VERZIJA)\"}]},{\"@type\":\"WebSite\",\"@id\":\"https:\/\/ibcparts.eu\/#website\",\"url\":\"https:\/\/ibcparts.eu\/\",\"name\":\"IBCparts.eu\",\"description\":\"\",\"publisher\":{\"@id\":\"https:\/\/ibcparts.eu\/#organization\"},\"potentialAction\":[{\"@type\":\"SearchAction\",\"target\":{\"@type\":\"EntryPoint\",\"urlTemplate\":\"https:\/\/ibcparts.eu\/?s={search_term_string}\"},\"query-input\":{\"@type\":\"PropertyValueSpecification\",\"valueRequired\":true,\"valueName\":\"search_term_string\"}}],\"inLanguage\":\"de\"},{\"@type\":\"Organization\",\"@id\":\"https:\/\/ibcparts.eu\/#organization\",\"name\":\"IBCparts\",\"url\":\"https:\/\/ibcparts.eu\/\",\"logo\":{\"@type\":\"ImageObject\",\"inLanguage\":\"de\",\"@id\":\"https:\/\/ibcparts.eu\/#\/schema\/logo\/image\/\",\"url\":\"https:\/\/ibcparts.eu\/wp-content\/uploads\/2021\/10\/Footer-Logo.png\",\"contentUrl\":\"https:\/\/ibcparts.eu\/wp-content\/uploads\/2021\/10\/Footer-Logo.png\",\"width\":1992,\"height\":772,\"caption\":\"IBCparts\"},\"image\":{\"@id\":\"https:\/\/ibcparts.eu\/#\/schema\/logo\/image\/\"}}]}<\/script>\n<!-- \/ Yoast SEO plugin. -->","yoast_head_json":{"title":"Stromversorgung mit Anschluss an IBC-Tank (NEUE VERSION) | IBCparts.eu","description":"Hervorragende, leistungsstarke Tierf\u00fctterung mit 3\/4\"-Metallschlauch mit Anschluss an IBC-Tank. F\u00fcr den Betrieb ist kein Druck erforderlich - die Schwerkraft reicht aus.","robots":{"index":"index","follow":"follow","max-snippet":"max-snippet:-1","max-image-preview":"max-image-preview:large","max-video-preview":"max-video-preview:-1"},"canonical":"https:\/\/ibcparts.eu\/de\/produkt\/viehtraenke-mit-ibc-tank-anschluss\/","og_locale":"de_DE","og_type":"article","og_title":"Napajalnik \u200bs priklopom na IBC cisterno (NOVA VERZIJA) | IBCparts.eu","og_description":"Odli\u010den, mo\u010dan napajalnik za \u017eivali s kovinsko 3\/4\" cevjo s priklopom na IBC cisterno. Za delovanje ne potrebuje pritiska - gravitacijska sila je dovolj.","og_url":"https:\/\/ibcparts.eu\/de\/produkt\/viehtraenke-mit-ibc-tank-anschluss\/","og_site_name":"IBCparts.eu","article_modified_time":"2026-01-12T11:27:26+00:00","og_image":[{"width":800,"height":800,"url":"https:\/\/ibcparts.eu\/wp-content\/uploads\/2021\/11\/20200413-084702_orig.jpg","type":"image\/jpeg"}],"twitter_card":"summary_large_image","schema":{"@context":"https:\/\/schema.org","@graph":[{"@type":"WebPage","@id":"https:\/\/ibcparts.eu\/izdelek\/napajalnik-za-zivino-s-priklopom-za-ibc-cisterno\/","url":"https:\/\/ibcparts.eu\/izdelek\/napajalnik-za-zivino-s-priklopom-za-ibc-cisterno\/","name":"Stromversorgung mit Anschluss an IBC-Tank (NEUE VERSION) | IBCparts.eu","isPartOf":{"@id":"https:\/\/ibcparts.eu\/#website"},"primaryImageOfPage":{"@id":"https:\/\/ibcparts.eu\/izdelek\/napajalnik-za-zivino-s-priklopom-za-ibc-cisterno\/#primaryimage"},"image":{"@id":"https:\/\/ibcparts.eu\/izdelek\/napajalnik-za-zivino-s-priklopom-za-ibc-cisterno\/#primaryimage"},"thumbnailUrl":"https:\/\/ibcparts.eu\/wp-content\/uploads\/2021\/11\/20200413-084702_orig.jpg","datePublished":"2021-11-09T14:58:31+00:00","dateModified":"2026-01-12T11:27:26+00:00","description":"Hervorragende, leistungsstarke Tierf\u00fctterung mit 3\/4\"-Metallschlauch mit Anschluss an IBC-Tank. F\u00fcr den Betrieb ist kein Druck erforderlich - die Schwerkraft reicht aus.","breadcrumb":{"@id":"https:\/\/ibcparts.eu\/izdelek\/napajalnik-za-zivino-s-priklopom-za-ibc-cisterno\/#breadcrumb"},"inLanguage":"de","potentialAction":[{"@type":"ReadAction","target":["https:\/\/ibcparts.eu\/izdelek\/napajalnik-za-zivino-s-priklopom-za-ibc-cisterno\/"]}]},{"@type":"ImageObject","inLanguage":"de","@id":"https:\/\/ibcparts.eu\/izdelek\/napajalnik-za-zivino-s-priklopom-za-ibc-cisterno\/#primaryimage","url":"https:\/\/ibcparts.eu\/wp-content\/uploads\/2021\/11\/20200413-084702_orig.jpg","contentUrl":"https:\/\/ibcparts.eu\/wp-content\/uploads\/2021\/11\/20200413-084702_orig.jpg","width":800,"height":800,"caption":"20200413-084702_orig"},{"@type":"BreadcrumbList","@id":"https:\/\/ibcparts.eu\/izdelek\/napajalnik-za-zivino-s-priklopom-za-ibc-cisterno\/#breadcrumb","itemListElement":[{"@type":"ListItem","position":1,"name":"Home","item":"https:\/\/ibcparts.eu\/"},{"@type":"ListItem","position":2,"name":"Nakupujte","item":"https:\/\/ibcparts.eu\/nakupujte\/"},{"@type":"ListItem","position":3,"name":"Napajalnik \u200bs priklopom na IBC cisterno (NOVA VERZIJA)"}]},{"@type":"WebSite","@id":"https:\/\/ibcparts.eu\/#website","url":"https:\/\/ibcparts.eu\/","name":"IBC-Teile.eu","description":"","publisher":{"@id":"https:\/\/ibcparts.eu\/#organization"},"potentialAction":[{"@type":"SearchAction","target":{"@type":"EntryPoint","urlTemplate":"https:\/\/ibcparts.eu\/?s={search_term_string}"},"query-input":{"@type":"PropertyValueSpecification","valueRequired":true,"valueName":"search_term_string"}}],"inLanguage":"de"},{"@type":"Organization","@id":"https:\/\/ibcparts.eu\/#organization","name":"IBC-Teile","url":"https:\/\/ibcparts.eu\/","logo":{"@type":"ImageObject","inLanguage":"de","@id":"https:\/\/ibcparts.eu\/#\/schema\/logo\/image\/","url":"https:\/\/ibcparts.eu\/wp-content\/uploads\/2021\/10\/Footer-Logo.png","contentUrl":"https:\/\/ibcparts.eu\/wp-content\/uploads\/2021\/10\/Footer-Logo.png","width":1992,"height":772,"caption":"IBCparts"},"image":{"@id":"https:\/\/ibcparts.eu\/#\/schema\/logo\/image\/"}}]}},"_links":{"self":[{"href":"https:\/\/ibcparts.eu\/de\/wp-json\/wp\/v2\/product\/7537","targetHints":{"allow":["GET"]}}],"collection":[{"href":"https:\/\/ibcparts.eu\/de\/wp-json\/wp\/v2\/product"}],"about":[{"href":"https:\/\/ibcparts.eu\/de\/wp-json\/wp\/v2\/types\/product"}],"version-history":[{"count":2,"href":"https:\/\/ibcparts.eu\/de\/wp-json\/wp\/v2\/product\/7537\/revisions"}],"predecessor-version":[{"id":19582,"href":"https:\/\/ibcparts.eu\/de\/wp-json\/wp\/v2\/product\/7537\/revisions\/19582"}],"wp:featuredmedia":[{"embeddable":true,"href":"https:\/\/ibcparts.eu\/de\/wp-json\/wp\/v2\/media\/7538"}],"wp:attachment":[{"href":"https:\/\/ibcparts.eu\/de\/wp-json\/wp\/v2\/media?parent=7537"}],"wp:term":[{"taxonomy":"product_brand","embeddable":true,"href":"https:\/\/ibcparts.eu\/de\/wp-json\/wp\/v2\/product_brand?post=7537"},{"taxonomy":"product_cat","embeddable":true,"href":"https:\/\/ibcparts.eu\/de\/wp-json\/wp\/v2\/product_cat?post=7537"},{"taxonomy":"product_tag","embeddable":true,"href":"https:\/\/ibcparts.eu\/de\/wp-json\/wp\/v2\/product_tag?post=7537"}],"curies":[{"name":"wp","href":"https:\/\/api.w.org\/{rel}","templated":true}]}}