{"id":7466,"date":"2021-11-09T10:26:05","date_gmt":"2021-11-09T09:26:05","guid":{"rendered":"https:\/\/ibcparts.eu\/?post_type=product&#038;p=7466"},"modified":"2026-04-01T08:11:45","modified_gmt":"2026-04-01T07:11:45","slug":"komplet-alkaten","status":"publish","type":"product","link":"https:\/\/ibcparts.eu\/de\/produkt\/komplet-alkaten\/","title":{"rendered":"ALKATEN S60 Set f\u00fcr IBC-Container (25, 32, 50 mm)"},"content":{"rendered":"<p><span style=\"font-size: large;\">Alkaten-Reduzierst\u00fcck zum Anschluss eines Alkaten-Rohrs an einen IBC-Container mit S60x6-Ventil.<\/span><\/p>\n<ul>\n<li>F\u00fcr Container mit einem Ventildurchmesser von 55\u201362 mm und Grobgewinde S60x6 (DN50). Dies ist der am h\u00e4ufigsten verwendete Ventiltyp bei IBC-Containern.<\/li>\n<li>Alkaten-Anschluss f\u00fcr verschiedene Rohrdimensionen.<\/li>\n<li>Material: PP &#8211; -znan\u00a0zaradi svoje trdnosti, lahkosti, odpornosti na kemikalije in toploto.<\/li>\n<li>Barva: \u010drna in zelena.<\/li>\n<li>Dichtung: EPDM-Gummi \u2013 ausgezeichnete Best\u00e4ndigkeit gegen UV-Strahlung, Witterungseinfl\u00fcsse und Temperaturschwankungen.<\/li>\n<\/ul>\n<p>Gr\u00f6\u00dfen:<\/p>\n<ul>\n<li>3\/4\u2033 \u2013 f\u00fcr 25 mm Alkaten-Rohr (Au\u00dfendurchmesser des Rohrs).<\/li>\n<li>1&#8243; &#8211; za 32mm alkaten cev (zunanji premer cevi).<\/li>\n<li>2&#8243; &#8211; za 50mm alkaten cev (zunanji premer cevi).<\/li>\n<\/ul>","protected":false},"excerpt":{"rendered":"<h2 data-start=\"206\" data-end=\"288\">ALKATEN Reduzier-Set zum Anschluss von PE- (Alkaten-)Rohren an einen IBC-Container S60x6<\/h2>\n<p data-start=\"290\" data-end=\"825\">Komplet ALKATEN je namenjen priklopu PE cevi na IBC cisterno z ventilom S60x6 (DN50). Vsebuje alkaten priklju\u010dke razli\u010dnih dimenzij, ki se uporabljajo kot <strong data-start=\"462\" data-end=\"508\">adapter oziroma priklju\u010dek za IBC cisterno<\/strong> pri povezovanju cevi z zunanjim premerom 25 mm, 32 mm ali 50 mm. Reducirji so izdelani iz polipropilena in opremljeni s tesnilom iz 100 % EPDM gume, ki je posebej razvito z optimalno trdoto ter zagotavlja <strong data-start=\"721\" data-end=\"787\">zanesljivo tesnjenje tudi pri ve\u010djih nepravilnostih na ventilu<\/strong> in dolgotrajno uporabo brez pu\u0161\u010danja.<\/p>\n<p data-start=\"827\" data-end=\"848\">Technische Eigenschaften<\/p>\n<ul>\n<li data-start=\"926\" data-end=\"977\">Gewindetyp an der Zisterne: S60x6 (DN50), Grobgewinde<\/li>\n<li>Schlauchanschluss f\u00fcr verschiedene Gr\u00f6\u00dfen.<\/li>\n<li><strong>Material<\/strong>: PP<\/li>\n<li><strong>Farbe:<\/strong> \u010drna in zelena.<\/li>\n<li class=\" translation-block\"><strong>Dichtung:<\/strong> <strong>100 % EPDM-Gummi \u2013 exklusiv bei uns. Eine speziell entwickelte Dichtung mit optimaler H\u00e4rte gleicht selbst gr\u00f6\u00dfere Unregelm\u00e4\u00dfigkeiten am Ventil effektiv aus und gew\u00e4hrleistet eine dauerhafte, zuverl\u00e4ssige Abdichtung ohne Leckagen.<\/strong><\/li>\n<\/ul>\n<p><strong>Gr\u00f6\u00dfen:<\/strong><\/p>\n<ul>\n<li>3\/4&#8243; &#8211; za 25mm cev (zunanji premer cevi).<\/li>\n<li>1&#8243; &#8211; za 32mm cev (zunanji premer cevi).<\/li>\n<li>2&#8243; &#8211; za 50mm cev (zunanji premer cevi).<\/li>\n<\/ul>\n<p><strong>Mehr St\u00fccke, gr\u00f6\u00dferer Rabatt \u2013 Mengen verschiedener Artikel und Varianten werden zusammengerechnet!<\/strong><\/p>","protected":false},"featured_media":18722,"template":"","meta":[],"product_brand":[],"product_cat":[170,298],"product_tag":[449],"class_list":{"0":"post-7466","1":"product","2":"type-product","3":"status-publish","4":"has-post-thumbnail","6":"product_cat-reducirji-in-prikljucki-za-ibc","7":"product_cat-prikljucki-za-cisterno-z-navojem-s60x6","8":"product_tag-reducir-alkaten-za-priklop-alkaten-cevi-na-ibc-cisterno-z-ventilom-s60x6","10":"first","11":"instock","12":"shipping-taxable","13":"purchasable","14":"product-type-variable"},"yoast_head":"<!-- This site is optimized with the Yoast SEO plugin v27.1.1 - https:\/\/yoast.com\/product\/yoast-seo-wordpress\/ -->\n<title>Komplet ALKATEN S60 za IBC cisterno (25, 32, 50mm) | IBCparts.eu<\/title>\n<meta name=\"description\" content=\"Reducir Alkaten za priklop alkaten cevi na IBC cisterno z ventilom S60x6. Alkaten priklju\u010dek razli\u010dnih dimenzij. Tesnilo: EPDM guma\" \/>\n<meta name=\"robots\" content=\"index, follow, max-snippet:-1, max-image-preview:large, max-video-preview:-1\" \/>\n<link rel=\"canonical\" href=\"https:\/\/ibcparts.eu\/de\/produkt\/komplet-alkaten\/\" \/>\n<meta property=\"og:locale\" content=\"de_DE\" \/>\n<meta property=\"og:type\" content=\"article\" \/>\n<meta property=\"og:title\" content=\"Komplet ALKATEN S60 za IBC cisterno (25, 32, 50mm) | IBCparts.eu\" \/>\n<meta property=\"og:description\" content=\"Reducir Alkaten za priklop alkaten cevi na IBC cisterno z ventilom S60x6. Alkaten priklju\u010dek razli\u010dnih dimenzij. Tesnilo: EPDM guma\" \/>\n<meta property=\"og:url\" content=\"https:\/\/ibcparts.eu\/de\/produkt\/komplet-alkaten\/\" \/>\n<meta property=\"og:site_name\" content=\"IBCparts.eu\" \/>\n<meta property=\"article:modified_time\" content=\"2026-04-01T07:11:45+00:00\" \/>\n<meta property=\"og:image\" content=\"https:\/\/ibcparts.eu\/wp-content\/uploads\/2021\/11\/Reducir-Alkaten-za-IBC-cisterno-3.png\" \/>\n\t<meta property=\"og:image:width\" content=\"500\" \/>\n\t<meta property=\"og:image:height\" content=\"500\" \/>\n\t<meta property=\"og:image:type\" content=\"image\/png\" \/>\n<meta name=\"twitter:card\" content=\"summary_large_image\" \/>\n<script type=\"application\/ld+json\" class=\"yoast-schema-graph\">{\"@context\":\"https:\/\/schema.org\",\"@graph\":[{\"@type\":\"WebPage\",\"@id\":\"https:\/\/ibcparts.eu\/izdelek\/komplet-alkaten\/\",\"url\":\"https:\/\/ibcparts.eu\/izdelek\/komplet-alkaten\/\",\"name\":\"Komplet ALKATEN S60 za IBC cisterno (25, 32, 50mm) | IBCparts.eu\",\"isPartOf\":{\"@id\":\"https:\/\/ibcparts.eu\/#website\"},\"primaryImageOfPage\":{\"@id\":\"https:\/\/ibcparts.eu\/izdelek\/komplet-alkaten\/#primaryimage\"},\"image\":{\"@id\":\"https:\/\/ibcparts.eu\/izdelek\/komplet-alkaten\/#primaryimage\"},\"thumbnailUrl\":\"https:\/\/ibcparts.eu\/wp-content\/uploads\/2021\/11\/Reducir-Alkaten-za-IBC-cisterno-3.png\",\"datePublished\":\"2021-11-09T09:26:05+00:00\",\"dateModified\":\"2026-04-01T07:11:45+00:00\",\"description\":\"Reducir Alkaten za priklop alkaten cevi na IBC cisterno z ventilom S60x6. Alkaten priklju\u010dek razli\u010dnih dimenzij. Tesnilo: EPDM guma\",\"breadcrumb\":{\"@id\":\"https:\/\/ibcparts.eu\/izdelek\/komplet-alkaten\/#breadcrumb\"},\"inLanguage\":\"de\",\"potentialAction\":[{\"@type\":\"ReadAction\",\"target\":[\"https:\/\/ibcparts.eu\/izdelek\/komplet-alkaten\/\"]}]},{\"@type\":\"ImageObject\",\"inLanguage\":\"de\",\"@id\":\"https:\/\/ibcparts.eu\/izdelek\/komplet-alkaten\/#primaryimage\",\"url\":\"https:\/\/ibcparts.eu\/wp-content\/uploads\/2021\/11\/Reducir-Alkaten-za-IBC-cisterno-3.png\",\"contentUrl\":\"https:\/\/ibcparts.eu\/wp-content\/uploads\/2021\/11\/Reducir-Alkaten-za-IBC-cisterno-3.png\",\"width\":500,\"height\":500,\"caption\":\"Reducir Alkaten za IBC cisterno\"},{\"@type\":\"BreadcrumbList\",\"@id\":\"https:\/\/ibcparts.eu\/izdelek\/komplet-alkaten\/#breadcrumb\",\"itemListElement\":[{\"@type\":\"ListItem\",\"position\":1,\"name\":\"Home\",\"item\":\"https:\/\/ibcparts.eu\/\"},{\"@type\":\"ListItem\",\"position\":2,\"name\":\"Nakupujte\",\"item\":\"https:\/\/ibcparts.eu\/nakupujte\/\"},{\"@type\":\"ListItem\",\"position\":3,\"name\":\"Komplet ALKATEN S60 za IBC cisterno (25, 32, 50mm)\"}]},{\"@type\":\"WebSite\",\"@id\":\"https:\/\/ibcparts.eu\/#website\",\"url\":\"https:\/\/ibcparts.eu\/\",\"name\":\"IBCparts.eu\",\"description\":\"\",\"publisher\":{\"@id\":\"https:\/\/ibcparts.eu\/#organization\"},\"potentialAction\":[{\"@type\":\"SearchAction\",\"target\":{\"@type\":\"EntryPoint\",\"urlTemplate\":\"https:\/\/ibcparts.eu\/?s={search_term_string}\"},\"query-input\":{\"@type\":\"PropertyValueSpecification\",\"valueRequired\":true,\"valueName\":\"search_term_string\"}}],\"inLanguage\":\"de\"},{\"@type\":\"Organization\",\"@id\":\"https:\/\/ibcparts.eu\/#organization\",\"name\":\"IBCparts\",\"url\":\"https:\/\/ibcparts.eu\/\",\"logo\":{\"@type\":\"ImageObject\",\"inLanguage\":\"de\",\"@id\":\"https:\/\/ibcparts.eu\/#\/schema\/logo\/image\/\",\"url\":\"https:\/\/ibcparts.eu\/wp-content\/uploads\/2021\/10\/Footer-Logo.png\",\"contentUrl\":\"https:\/\/ibcparts.eu\/wp-content\/uploads\/2021\/10\/Footer-Logo.png\",\"width\":1992,\"height\":772,\"caption\":\"IBCparts\"},\"image\":{\"@id\":\"https:\/\/ibcparts.eu\/#\/schema\/logo\/image\/\"}}]}<\/script>\n<!-- \/ Yoast SEO plugin. -->","yoast_head_json":{"title":"Komplet ALKATEN S60 za IBC cisterno (25, 32, 50mm) | IBCparts.eu","description":"Reducir Alkaten za priklop alkaten cevi na IBC cisterno z ventilom S60x6. Alkaten priklju\u010dek razli\u010dnih dimenzij. Tesnilo: EPDM guma","robots":{"index":"index","follow":"follow","max-snippet":"max-snippet:-1","max-image-preview":"max-image-preview:large","max-video-preview":"max-video-preview:-1"},"canonical":"https:\/\/ibcparts.eu\/de\/produkt\/komplet-alkaten\/","og_locale":"de_DE","og_type":"article","og_title":"Komplet ALKATEN S60 za IBC cisterno (25, 32, 50mm) | IBCparts.eu","og_description":"Reducir Alkaten za priklop alkaten cevi na IBC cisterno z ventilom S60x6. Alkaten priklju\u010dek razli\u010dnih dimenzij. Tesnilo: EPDM guma","og_url":"https:\/\/ibcparts.eu\/de\/produkt\/komplet-alkaten\/","og_site_name":"IBCparts.eu","article_modified_time":"2026-04-01T07:11:45+00:00","og_image":[{"width":500,"height":500,"url":"https:\/\/ibcparts.eu\/wp-content\/uploads\/2021\/11\/Reducir-Alkaten-za-IBC-cisterno-3.png","type":"image\/png"}],"twitter_card":"summary_large_image","schema":{"@context":"https:\/\/schema.org","@graph":[{"@type":"WebPage","@id":"https:\/\/ibcparts.eu\/izdelek\/komplet-alkaten\/","url":"https:\/\/ibcparts.eu\/izdelek\/komplet-alkaten\/","name":"Komplet ALKATEN S60 za IBC cisterno (25, 32, 50mm) | IBCparts.eu","isPartOf":{"@id":"https:\/\/ibcparts.eu\/#website"},"primaryImageOfPage":{"@id":"https:\/\/ibcparts.eu\/izdelek\/komplet-alkaten\/#primaryimage"},"image":{"@id":"https:\/\/ibcparts.eu\/izdelek\/komplet-alkaten\/#primaryimage"},"thumbnailUrl":"https:\/\/ibcparts.eu\/wp-content\/uploads\/2021\/11\/Reducir-Alkaten-za-IBC-cisterno-3.png","datePublished":"2021-11-09T09:26:05+00:00","dateModified":"2026-04-01T07:11:45+00:00","description":"Reducir Alkaten za priklop alkaten cevi na IBC cisterno z ventilom S60x6. Alkaten priklju\u010dek razli\u010dnih dimenzij. Tesnilo: EPDM guma","breadcrumb":{"@id":"https:\/\/ibcparts.eu\/izdelek\/komplet-alkaten\/#breadcrumb"},"inLanguage":"de","potentialAction":[{"@type":"ReadAction","target":["https:\/\/ibcparts.eu\/izdelek\/komplet-alkaten\/"]}]},{"@type":"ImageObject","inLanguage":"de","@id":"https:\/\/ibcparts.eu\/izdelek\/komplet-alkaten\/#primaryimage","url":"https:\/\/ibcparts.eu\/wp-content\/uploads\/2021\/11\/Reducir-Alkaten-za-IBC-cisterno-3.png","contentUrl":"https:\/\/ibcparts.eu\/wp-content\/uploads\/2021\/11\/Reducir-Alkaten-za-IBC-cisterno-3.png","width":500,"height":500,"caption":"Reducir Alkaten za IBC cisterno"},{"@type":"BreadcrumbList","@id":"https:\/\/ibcparts.eu\/izdelek\/komplet-alkaten\/#breadcrumb","itemListElement":[{"@type":"ListItem","position":1,"name":"Home","item":"https:\/\/ibcparts.eu\/"},{"@type":"ListItem","position":2,"name":"Nakupujte","item":"https:\/\/ibcparts.eu\/nakupujte\/"},{"@type":"ListItem","position":3,"name":"Komplet ALKATEN S60 za IBC cisterno (25, 32, 50mm)"}]},{"@type":"WebSite","@id":"https:\/\/ibcparts.eu\/#website","url":"https:\/\/ibcparts.eu\/","name":"IBC-Teile.eu","description":"","publisher":{"@id":"https:\/\/ibcparts.eu\/#organization"},"potentialAction":[{"@type":"SearchAction","target":{"@type":"EntryPoint","urlTemplate":"https:\/\/ibcparts.eu\/?s={search_term_string}"},"query-input":{"@type":"PropertyValueSpecification","valueRequired":true,"valueName":"search_term_string"}}],"inLanguage":"de"},{"@type":"Organization","@id":"https:\/\/ibcparts.eu\/#organization","name":"IBC-Teile","url":"https:\/\/ibcparts.eu\/","logo":{"@type":"ImageObject","inLanguage":"de","@id":"https:\/\/ibcparts.eu\/#\/schema\/logo\/image\/","url":"https:\/\/ibcparts.eu\/wp-content\/uploads\/2021\/10\/Footer-Logo.png","contentUrl":"https:\/\/ibcparts.eu\/wp-content\/uploads\/2021\/10\/Footer-Logo.png","width":1992,"height":772,"caption":"IBCparts"},"image":{"@id":"https:\/\/ibcparts.eu\/#\/schema\/logo\/image\/"}}]}},"_links":{"self":[{"href":"https:\/\/ibcparts.eu\/de\/wp-json\/wp\/v2\/product\/7466","targetHints":{"allow":["GET"]}}],"collection":[{"href":"https:\/\/ibcparts.eu\/de\/wp-json\/wp\/v2\/product"}],"about":[{"href":"https:\/\/ibcparts.eu\/de\/wp-json\/wp\/v2\/types\/product"}],"version-history":[{"count":4,"href":"https:\/\/ibcparts.eu\/de\/wp-json\/wp\/v2\/product\/7466\/revisions"}],"predecessor-version":[{"id":20868,"href":"https:\/\/ibcparts.eu\/de\/wp-json\/wp\/v2\/product\/7466\/revisions\/20868"}],"wp:featuredmedia":[{"embeddable":true,"href":"https:\/\/ibcparts.eu\/de\/wp-json\/wp\/v2\/media\/18722"}],"wp:attachment":[{"href":"https:\/\/ibcparts.eu\/de\/wp-json\/wp\/v2\/media?parent=7466"}],"wp:term":[{"taxonomy":"product_brand","embeddable":true,"href":"https:\/\/ibcparts.eu\/de\/wp-json\/wp\/v2\/product_brand?post=7466"},{"taxonomy":"product_cat","embeddable":true,"href":"https:\/\/ibcparts.eu\/de\/wp-json\/wp\/v2\/product_cat?post=7466"},{"taxonomy":"product_tag","embeddable":true,"href":"https:\/\/ibcparts.eu\/de\/wp-json\/wp\/v2\/product_tag?post=7466"}],"curies":[{"name":"wp","href":"https:\/\/api.w.org\/{rel}","templated":true}]}}