{"id":7455,"date":"2021-11-09T10:13:22","date_gmt":"2021-11-09T09:13:22","guid":{"rendered":"https:\/\/ibcparts.eu\/?post_type=product&#038;p=7455"},"modified":"2026-01-13T14:20:30","modified_gmt":"2026-01-13T13:20:30","slug":"reducir-iz-s92-na-1","status":"publish","type":"product","link":"https:\/\/ibcparts.eu\/de\/produkt\/reducir-iz-s92-na-1\/","title":{"rendered":"S92 PRO Reduzierer f\u00fcr IBC-Container (1\u2033)"},"content":{"rendered":"","protected":false},"excerpt":{"rendered":"<h2 data-start=\"204\" data-end=\"272\">S92 PRO Reduzierer mit Innengewinde BSP 1\u2033 f\u00fcr IBC-Container<\/h2>\n<p data-start=\"274\" data-end=\"899\" class=\" translation-block\">Der S92 PRO Reduzierer ist ein professioneller, \u00e4u\u00dferst robuster Reduzierer f\u00fcr IBC-Container mit einer selteneren Ventil- oder Gewindeausf\u00fchrung mit einem Durchmesser von \u00d8 92 mm, wobei der Au\u00dfendurchmesser inklusive Gewinde gemessen wird. Er ist f\u00fcr die Montage an Containern mit S92-Gewinde vorgesehen und wird als <strong data-start=\"527\" data-end=\"573\">Adapter bzw. Anschluss f\u00fcr einen IBC-Container<\/strong> beim Anschluss von Schl\u00e4uchen, H\u00e4hnen oder anderen Elementen mit Innengewinde (weiblich) BSP der Gr\u00f6\u00dfe 1\u2033 verwendet. Er besteht aus reinem, gedrehtem PP-Material und verf\u00fcgt \u00fcber eine innenliegende NB\/SB-Gummidichtung, die <strong data-start=\"782\" data-end=\"848\">eine zuverl\u00e4ssige Abdichtung auch bei kleineren Unregelm\u00e4\u00dfigkeiten am Gewinde<\/strong> gew\u00e4hrleistet. Er ist f\u00fcr alle Einsatzbereiche geeignet, auch f\u00fcr industrielle Anwendungen.<\/p>\n<p data-start=\"901\" data-end=\"926\"><strong data-start=\"901\" data-end=\"924\">Technische Eigenschaften<\/strong><\/p>\n<ul>\n<li data-start=\"929\" data-end=\"990\">Produkttyp: Reduzierer (Adapter \/ Anschluss f\u00fcr IBC-Container)<\/li>\n<li data-start=\"993\" data-end=\"1022\">Gewindetyp an der Zisterne:<strong> S92x4<\/strong><\/li>\n<li data-start=\"1025\" data-end=\"1091\">Geeignet f\u00fcr Ventile \/ Gewinde: \u00d8 92 mm (Au\u00dfendurchmesser inklusive Gewinde)<\/li>\n<li data-start=\"1094\" data-end=\"1114\">Gewindesteigung: <strong>4 mm<\/strong><\/li>\n<li data-start=\"1117\" data-end=\"1162\">Gewindetyp am Ausgang: Innengewinde (weiblich) BSP<\/li>\n<li data-start=\"1165\" data-end=\"1183\">Gewindegr\u00f6\u00dfe: <strong>1\u2033<\/strong><\/li>\n<li data-start=\"1195\" data-end=\"1224\">Material: reines PP, gedreht<\/li>\n<li data-start=\"1227\" data-end=\"1240\">Farbe: schwarz<\/li>\n<li data-start=\"1243\" data-end=\"1277\">Dichtung: NB\/SB-Gummidichtung<\/li>\n<\/ul>","protected":false},"featured_media":14659,"template":"","meta":[],"product_brand":[],"product_cat":[170,304],"product_tag":[],"class_list":{"0":"post-7455","1":"product","2":"type-product","3":"status-publish","4":"has-post-thumbnail","6":"product_cat-reducirji-in-prikljucki-za-ibc","7":"product_cat-s92x4","9":"first","10":"instock","11":"shipping-taxable","12":"purchasable","13":"product-type-simple"},"yoast_head":"<!-- This site is optimized with the Yoast SEO plugin v27.1.1 - https:\/\/yoast.com\/product\/yoast-seo-wordpress\/ -->\n<title>Reducir S92 PRO za IBC cisterno (1\u2033) | IBCparts.eu<\/title>\n<meta name=\"description\" content=\"Reducir S92 PRO za IBC cisterno z redkim navojem fi 92 mm (korak 4 mm) in notranjim BSP navojem 1\u2033. Zelo mo\u010dna PP izvedba z zanesljivim tesnjenjem.\" \/>\n<meta name=\"robots\" content=\"index, follow, max-snippet:-1, max-image-preview:large, max-video-preview:-1\" \/>\n<link rel=\"canonical\" href=\"https:\/\/ibcparts.eu\/de\/produkt\/reducir-iz-s92-na-1\/\" \/>\n<meta property=\"og:locale\" content=\"de_DE\" \/>\n<meta property=\"og:type\" content=\"article\" \/>\n<meta property=\"og:title\" content=\"Reducir S92 PRO za IBC cisterno (1\u2033) | IBCparts.eu\" \/>\n<meta property=\"og:description\" content=\"Reducir S92 PRO za IBC cisterno z redkim navojem fi 92 mm (korak 4 mm) in notranjim BSP navojem 1\u2033. Zelo mo\u010dna PP izvedba z zanesljivim tesnjenjem.\" \/>\n<meta property=\"og:url\" content=\"https:\/\/ibcparts.eu\/de\/produkt\/reducir-iz-s92-na-1\/\" \/>\n<meta property=\"og:site_name\" content=\"IBCparts.eu\" \/>\n<meta property=\"article:modified_time\" content=\"2026-01-13T13:20:30+00:00\" \/>\n<meta property=\"og:image\" content=\"https:\/\/ibcparts.eu\/wp-content\/uploads\/2021\/11\/dd.jpg\" \/>\n\t<meta property=\"og:image:width\" content=\"500\" \/>\n\t<meta property=\"og:image:height\" content=\"500\" \/>\n\t<meta property=\"og:image:type\" content=\"image\/jpeg\" \/>\n<meta name=\"twitter:card\" content=\"summary_large_image\" \/>\n<script type=\"application\/ld+json\" class=\"yoast-schema-graph\">{\"@context\":\"https:\/\/schema.org\",\"@graph\":[{\"@type\":\"WebPage\",\"@id\":\"https:\/\/ibcparts.eu\/izdelek\/reducir-iz-s92-na-1\/\",\"url\":\"https:\/\/ibcparts.eu\/izdelek\/reducir-iz-s92-na-1\/\",\"name\":\"Reducir S92 PRO za IBC cisterno (1\u2033) | IBCparts.eu\",\"isPartOf\":{\"@id\":\"https:\/\/ibcparts.eu\/#website\"},\"primaryImageOfPage\":{\"@id\":\"https:\/\/ibcparts.eu\/izdelek\/reducir-iz-s92-na-1\/#primaryimage\"},\"image\":{\"@id\":\"https:\/\/ibcparts.eu\/izdelek\/reducir-iz-s92-na-1\/#primaryimage\"},\"thumbnailUrl\":\"https:\/\/ibcparts.eu\/wp-content\/uploads\/2021\/11\/dd.jpg\",\"datePublished\":\"2021-11-09T09:13:22+00:00\",\"dateModified\":\"2026-01-13T13:20:30+00:00\",\"description\":\"Reducir S92 PRO za IBC cisterno z redkim navojem fi 92 mm (korak 4 mm) in notranjim BSP navojem 1\u2033. Zelo mo\u010dna PP izvedba z zanesljivim tesnjenjem.\",\"breadcrumb\":{\"@id\":\"https:\/\/ibcparts.eu\/izdelek\/reducir-iz-s92-na-1\/#breadcrumb\"},\"inLanguage\":\"de\",\"potentialAction\":[{\"@type\":\"ReadAction\",\"target\":[\"https:\/\/ibcparts.eu\/izdelek\/reducir-iz-s92-na-1\/\"]}]},{\"@type\":\"ImageObject\",\"inLanguage\":\"de\",\"@id\":\"https:\/\/ibcparts.eu\/izdelek\/reducir-iz-s92-na-1\/#primaryimage\",\"url\":\"https:\/\/ibcparts.eu\/wp-content\/uploads\/2021\/11\/dd.jpg\",\"contentUrl\":\"https:\/\/ibcparts.eu\/wp-content\/uploads\/2021\/11\/dd.jpg\",\"width\":500,\"height\":500},{\"@type\":\"BreadcrumbList\",\"@id\":\"https:\/\/ibcparts.eu\/izdelek\/reducir-iz-s92-na-1\/#breadcrumb\",\"itemListElement\":[{\"@type\":\"ListItem\",\"position\":1,\"name\":\"Home\",\"item\":\"https:\/\/ibcparts.eu\/\"},{\"@type\":\"ListItem\",\"position\":2,\"name\":\"Nakupujte\",\"item\":\"https:\/\/ibcparts.eu\/nakupujte\/\"},{\"@type\":\"ListItem\",\"position\":3,\"name\":\"Reducir S92 PRO za IBC cisterno (1\u2033)\"}]},{\"@type\":\"WebSite\",\"@id\":\"https:\/\/ibcparts.eu\/#website\",\"url\":\"https:\/\/ibcparts.eu\/\",\"name\":\"IBCparts.eu\",\"description\":\"\",\"publisher\":{\"@id\":\"https:\/\/ibcparts.eu\/#organization\"},\"potentialAction\":[{\"@type\":\"SearchAction\",\"target\":{\"@type\":\"EntryPoint\",\"urlTemplate\":\"https:\/\/ibcparts.eu\/?s={search_term_string}\"},\"query-input\":{\"@type\":\"PropertyValueSpecification\",\"valueRequired\":true,\"valueName\":\"search_term_string\"}}],\"inLanguage\":\"de\"},{\"@type\":\"Organization\",\"@id\":\"https:\/\/ibcparts.eu\/#organization\",\"name\":\"IBCparts\",\"url\":\"https:\/\/ibcparts.eu\/\",\"logo\":{\"@type\":\"ImageObject\",\"inLanguage\":\"de\",\"@id\":\"https:\/\/ibcparts.eu\/#\/schema\/logo\/image\/\",\"url\":\"https:\/\/ibcparts.eu\/wp-content\/uploads\/2021\/10\/Footer-Logo.png\",\"contentUrl\":\"https:\/\/ibcparts.eu\/wp-content\/uploads\/2021\/10\/Footer-Logo.png\",\"width\":1992,\"height\":772,\"caption\":\"IBCparts\"},\"image\":{\"@id\":\"https:\/\/ibcparts.eu\/#\/schema\/logo\/image\/\"}}]}<\/script>\n<!-- \/ Yoast SEO plugin. -->","yoast_head_json":{"title":"Reducir S92 PRO za IBC cisterno (1\u2033) | IBCparts.eu","description":"Reducir S92 PRO za IBC cisterno z redkim navojem fi 92 mm (korak 4 mm) in notranjim BSP navojem 1\u2033. Zelo mo\u010dna PP izvedba z zanesljivim tesnjenjem.","robots":{"index":"index","follow":"follow","max-snippet":"max-snippet:-1","max-image-preview":"max-image-preview:large","max-video-preview":"max-video-preview:-1"},"canonical":"https:\/\/ibcparts.eu\/de\/produkt\/reducir-iz-s92-na-1\/","og_locale":"de_DE","og_type":"article","og_title":"Reducir S92 PRO za IBC cisterno (1\u2033) | IBCparts.eu","og_description":"Reducir S92 PRO za IBC cisterno z redkim navojem fi 92 mm (korak 4 mm) in notranjim BSP navojem 1\u2033. Zelo mo\u010dna PP izvedba z zanesljivim tesnjenjem.","og_url":"https:\/\/ibcparts.eu\/de\/produkt\/reducir-iz-s92-na-1\/","og_site_name":"IBCparts.eu","article_modified_time":"2026-01-13T13:20:30+00:00","og_image":[{"width":500,"height":500,"url":"https:\/\/ibcparts.eu\/wp-content\/uploads\/2021\/11\/dd.jpg","type":"image\/jpeg"}],"twitter_card":"summary_large_image","schema":{"@context":"https:\/\/schema.org","@graph":[{"@type":"WebPage","@id":"https:\/\/ibcparts.eu\/izdelek\/reducir-iz-s92-na-1\/","url":"https:\/\/ibcparts.eu\/izdelek\/reducir-iz-s92-na-1\/","name":"Reducir S92 PRO za IBC cisterno (1\u2033) | IBCparts.eu","isPartOf":{"@id":"https:\/\/ibcparts.eu\/#website"},"primaryImageOfPage":{"@id":"https:\/\/ibcparts.eu\/izdelek\/reducir-iz-s92-na-1\/#primaryimage"},"image":{"@id":"https:\/\/ibcparts.eu\/izdelek\/reducir-iz-s92-na-1\/#primaryimage"},"thumbnailUrl":"https:\/\/ibcparts.eu\/wp-content\/uploads\/2021\/11\/dd.jpg","datePublished":"2021-11-09T09:13:22+00:00","dateModified":"2026-01-13T13:20:30+00:00","description":"Reducir S92 PRO za IBC cisterno z redkim navojem fi 92 mm (korak 4 mm) in notranjim BSP navojem 1\u2033. Zelo mo\u010dna PP izvedba z zanesljivim tesnjenjem.","breadcrumb":{"@id":"https:\/\/ibcparts.eu\/izdelek\/reducir-iz-s92-na-1\/#breadcrumb"},"inLanguage":"de","potentialAction":[{"@type":"ReadAction","target":["https:\/\/ibcparts.eu\/izdelek\/reducir-iz-s92-na-1\/"]}]},{"@type":"ImageObject","inLanguage":"de","@id":"https:\/\/ibcparts.eu\/izdelek\/reducir-iz-s92-na-1\/#primaryimage","url":"https:\/\/ibcparts.eu\/wp-content\/uploads\/2021\/11\/dd.jpg","contentUrl":"https:\/\/ibcparts.eu\/wp-content\/uploads\/2021\/11\/dd.jpg","width":500,"height":500},{"@type":"BreadcrumbList","@id":"https:\/\/ibcparts.eu\/izdelek\/reducir-iz-s92-na-1\/#breadcrumb","itemListElement":[{"@type":"ListItem","position":1,"name":"Home","item":"https:\/\/ibcparts.eu\/"},{"@type":"ListItem","position":2,"name":"Nakupujte","item":"https:\/\/ibcparts.eu\/nakupujte\/"},{"@type":"ListItem","position":3,"name":"Reducir S92 PRO za IBC cisterno (1\u2033)"}]},{"@type":"WebSite","@id":"https:\/\/ibcparts.eu\/#website","url":"https:\/\/ibcparts.eu\/","name":"IBC-Teile.eu","description":"","publisher":{"@id":"https:\/\/ibcparts.eu\/#organization"},"potentialAction":[{"@type":"SearchAction","target":{"@type":"EntryPoint","urlTemplate":"https:\/\/ibcparts.eu\/?s={search_term_string}"},"query-input":{"@type":"PropertyValueSpecification","valueRequired":true,"valueName":"search_term_string"}}],"inLanguage":"de"},{"@type":"Organization","@id":"https:\/\/ibcparts.eu\/#organization","name":"IBC-Teile","url":"https:\/\/ibcparts.eu\/","logo":{"@type":"ImageObject","inLanguage":"de","@id":"https:\/\/ibcparts.eu\/#\/schema\/logo\/image\/","url":"https:\/\/ibcparts.eu\/wp-content\/uploads\/2021\/10\/Footer-Logo.png","contentUrl":"https:\/\/ibcparts.eu\/wp-content\/uploads\/2021\/10\/Footer-Logo.png","width":1992,"height":772,"caption":"IBCparts"},"image":{"@id":"https:\/\/ibcparts.eu\/#\/schema\/logo\/image\/"}}]}},"_links":{"self":[{"href":"https:\/\/ibcparts.eu\/de\/wp-json\/wp\/v2\/product\/7455","targetHints":{"allow":["GET"]}}],"collection":[{"href":"https:\/\/ibcparts.eu\/de\/wp-json\/wp\/v2\/product"}],"about":[{"href":"https:\/\/ibcparts.eu\/de\/wp-json\/wp\/v2\/types\/product"}],"version-history":[{"count":3,"href":"https:\/\/ibcparts.eu\/de\/wp-json\/wp\/v2\/product\/7455\/revisions"}],"predecessor-version":[{"id":20208,"href":"https:\/\/ibcparts.eu\/de\/wp-json\/wp\/v2\/product\/7455\/revisions\/20208"}],"wp:featuredmedia":[{"embeddable":true,"href":"https:\/\/ibcparts.eu\/de\/wp-json\/wp\/v2\/media\/14659"}],"wp:attachment":[{"href":"https:\/\/ibcparts.eu\/de\/wp-json\/wp\/v2\/media?parent=7455"}],"wp:term":[{"taxonomy":"product_brand","embeddable":true,"href":"https:\/\/ibcparts.eu\/de\/wp-json\/wp\/v2\/product_brand?post=7455"},{"taxonomy":"product_cat","embeddable":true,"href":"https:\/\/ibcparts.eu\/de\/wp-json\/wp\/v2\/product_cat?post=7455"},{"taxonomy":"product_tag","embeddable":true,"href":"https:\/\/ibcparts.eu\/de\/wp-json\/wp\/v2\/product_tag?post=7455"}],"curies":[{"name":"wp","href":"https:\/\/api.w.org\/{rel}","templated":true}]}}