{"id":7186,"date":"2021-11-04T10:25:45","date_gmt":"2021-11-04T09:25:45","guid":{"rendered":"https:\/\/ibcparts.eu\/?post_type=product&#038;p=7186"},"modified":"2026-01-14T09:16:45","modified_gmt":"2026-01-14T08:16:45","slug":"sistem-duo-flexi","status":"publish","type":"product","link":"https:\/\/ibcparts.eu\/de\/produkt\/sistem-duo-flexi\/","title":{"rendered":"DUO FLEXI (fleksibilna cev) &#8211; povezava dveh IBC cistern"},"content":{"rendered":"<p style=\"margin-bottom: var(--wd-tags-margin-bottom); font-style: normal; font-variant-ligatures: normal; font-variant-caps: normal; font-weight: 400; font-family: Lato, Arial, Helvetica, sans-serif; font-size: 14px;\"><strong>Upgrade-Optionen:<\/strong><\/p>\n<ul style=\"margin-bottom: var(--list-mb); padding-left: var(--li-pl); font-style: normal; font-variant-ligatures: normal; font-variant-caps: normal; font-family: Lato, Arial, Helvetica, sans-serif; font-size: 14px; --list-mb: 20px; --li-mb: 10px; --li-pl: 17px;\">\n<li style=\"margin-bottom: var(--li-mb); font-size: 14px;\"><b>Gummidichtung<\/b> 2x (GRATIS): Zgolj rezerva. Originalno penasto tesnilo se s\u010dasoma potla\u010di. \u010ce so na ventilu nepravilnosti, se lahko tako tesnilo po\u0161koduje. V tem primeru ga nadomestite z gumijastim tesnilom. Ne uporabljajte dveh tesnil hkrati, ker ni potrebe.<\/li>\n<li style=\"margin-bottom: var(--li-mb); font-size: 14px;\"><b>Duo PLUS<\/b> (Gartenschlauchanschluss mit Ventil): Dieses Upgrade f\u00fcgt dem bestehenden Anschluss ein Ventil mit Gartenschlauchanschluss hinzu. Es ist in der Regel sehr praktisch, den Gartenschlauch immer angeschlossen zu haben und den Haupthahn f\u00fcr einen schnellen \u00dcberlauf zum Regner.<\/li>\n<li style=\"font-size: 14px;\"><b>SkyTap<\/b> (Wasserhahn auf Sprinklerh\u00f6he angehoben): Mit diesem Upgrade wird die Position des Haupthahns am Anschluss auf die H\u00f6he des Sprinklers angehoben (ca. 35 cm vom Boden).<\/li>\n<\/ul>\n<p>&nbsp;<\/p>\n<p style=\"margin-bottom: var(--wd-tags-margin-bottom); font-style: normal; font-variant-ligatures: normal; font-variant-caps: normal; font-family: Lato, Arial, Helvetica, sans-serif; font-size: 14px;\"><b>Referenz:<br \/>\n<\/b>Wenn Sie Wasser in einen Tank einleiten, muss der andere Tank entl\u00fcftet werden, damit das Wasser reibungslos durch die Ventile flie\u00dfen kann.<\/p>\n<p><strong>Es gibt mehrere M\u00f6glichkeiten, dies zu tun:<\/strong><\/p>\n<p class=\" translation-block\"><strong style=\"color: #666666;font-family: 'Libre Franklin';font-size: 16px;font-style: normal\">1. <\/strong>Wenn es Sie nicht st\u00f6rt, dass das Wasser durch die \u00d6ffnung des Deckels der zweiten Zisterne austritt, sobald sie bis zum Rand gef\u00fcllt ist, k\u00f6nnen Sie den Deckel einfach leicht l\u00f6sen \u2013 gerade so weit, dass Luft durchstr\u00f6men kann. Sobald beide Zisternen vollst\u00e4ndig gef\u00fcllt sind, l\u00e4uft das \u00fcbersch\u00fcssige Wasser (\u00dcberlauf) hier ab.<br style=\"color: #666666;font-family: 'Libre Franklin';font-size: 16px\"><strong style=\"color: #666666;font-family: 'Libre Franklin';font-size: 16px;font-style: normal\">2. <\/strong>\u00c4hnlich funktioniert ein <a href=\"https:\/\/ibcparts.eu\/izdelek\/pokrov-z-oddusnikom\/\" target=\"_self\"><span style=\"color: #666666;font-family: Libre Franklin\">Deckel mit Entl\u00fcftung<\/span><\/a> \u2013 Luft kann hindurchstr\u00f6men, aber auch Wasser tritt aus, wenn die Zisternen bis zum Rand gef\u00fcllt sind.<br style=\"color: #666666;font-family: 'Libre Franklin';font-size: 16px\"><strong style=\"color: #666666;font-family: 'Libre Franklin';font-size: 16px;font-style: normal\">3.<\/strong> Sie k\u00f6nnen einen <a style=\"color: #666666;font-family: 'Libre Franklin';font-size: 16px;font-style: normal;font-weight: 300\" href=\"https:\/\/ibcparts.eu\/izdelek\/pokrov-pipelink\/\" target=\"_self\">PipeLink-Deckel<\/a> (wie in der Animation gezeigt) oder einen <a href=\"https:\/\/ibcparts.eu\/izdelek\/pokrov-autovent\/\" target=\"_self\"><i>AutoVent<\/i><\/a>-Deckel verwenden \u2013 <b>empfohlen.<\/b><br style=\"color: #666666;font-family: 'Libre Franklin';font-size: 16px\"><strong style=\"color: #666666;font-family: 'Libre Franklin';font-size: 16px;font-style: normal\">4.<\/strong> Verwenden Sie einen Deckel mit Ausgang und befestigen Sie daran einen passenden Anschluss (z. B. T-St\u00fcck f\u00fcr PE-Rohr, Gartenschlauch, flexiblen Schlauch, PVC-Rohr \u2026).<br style=\"color: #666666;font-family: 'Libre Franklin';font-size: 16px\"><strong style=\"color: #666666;font-family: 'Libre Franklin';font-size: 16px;font-style: normal\">5. <\/strong>Wenn der H\u00f6henunterschied zwischen dem Ablauf des Fallrohrs und dem oberen Rand der Zisterne gr\u00f6\u00dfer ist, k\u00f6nnen Sie eine <a style=\"color: #666666;font-family: 'Libre Franklin';font-size: 16px;font-style: normal;font-weight: 300\" href=\"https:\/\/ibcparts.eu\/izdelek\/skoznik-flowtek-bend\/\" target=\"_self\">FlowTek Bend Durchf\u00fchrung<\/a> verwenden (Deckel mit Ausgang nutzen oder ein Loch in die Zisterne bohren). An diesen Ausgang schlie\u00dfen Sie einen Gartenschlauch an. Das andere Ende des Schlauchs befestigen Sie oberhalb der Stelle, an der das Wasser in die Zisterne eintritt (z. B. am Abzweig des Fallrohrs). So l\u00e4uft kein Wasser \u00fcber, selbst wenn die Zisternen vollst\u00e4ndig gef\u00fcllt sind, und die Zisterne kann dennoch \u201eatmen\u201c.<\/p>\n<p>&nbsp;<\/p>\n<p style=\"margin-bottom: var(--wd-tags-margin-bottom); font-style: normal; font-variant-ligatures: normal; font-variant-caps: normal; font-weight: 400; font-family: Lato, Arial, Helvetica, sans-serif; font-size: 14px;\">Bitte kontaktieren Sie uns f\u00fcr weitere Fragen und Beratung.<\/p>\n<p style=\"margin-bottom: var(--wd-tags-margin-bottom); font-style: normal; font-variant-ligatures: normal; font-variant-caps: normal; font-weight: 400; font-family: Lato, Arial, Helvetica, sans-serif; font-size: 14px;\">Bitte lesen Sie vor der Installation die nachstehenden Warnhinweise\/Ratschl\u00e4ge.<br \/>\nWarnung:<br \/>\nCisterne so na prvi pogled enake, vendar se med seboj razlikujejo. Najve\u010dja razlika je prav v ventilih. Standarden in najbolj pogost zunanji premer ventila je 60mm. V praksi se lahko razlikuje in je med\u00a055 in 62mm.<br \/>\nAlle S60-Reduzierst\u00fccke in unserem Sortiment sind so konzipiert, dass sie auf alle Grobgewinde von Ventilen mit 60 mm Durchmesser (S60x6) passen. Aufgrund leichter Unterschiede bei den \"Standard\"-Ventilgewinden kann das Gef\u00fchl f\u00fcr das Reduzierst\u00fcck beim Einbau variieren. Es kann perfekt passen, es kann etwas locker oder etwas fester sitzen. Wenn es ganz hineingeschraubt ist, ist es fest und sicher. Alle Reduzierst\u00fccke sind von bew\u00e4hrter Qualit\u00e4t.<\/p>\n<p style=\"margin-bottom: var(--wd-tags-margin-bottom); font-style: normal; font-variant-ligatures: normal; font-variant-caps: normal; font-weight: 400; font-family: Lato, Arial, Helvetica, sans-serif; font-size: 14px;\">Tipp:<br \/>\nPred monta\u017eo bodite pozorni na to, da je lice ventila cisterne (kamor montiramo reducir)\u00a0gladko in nepo\u0161kodovano. Nove cisterne imajo aluminijasto plombo na odprtini ventila \u2013 \u010de je ta povr\u0161no odstranjena, je lahko to vzrok slab\u0161ega tesnjenja reducirja. Vsakr\u0161ne nepravilnosti na ventilu odstranite oz pobrusite s smirkovim papirjem pred prvo monta\u017eo reducirja.<\/p>\n<p style=\"margin-bottom: var(--wd-tags-margin-bottom); font-style: normal; font-variant-ligatures: normal; font-variant-caps: normal; font-weight: 400; font-family: Lato, Arial, Helvetica, sans-serif; font-size: 14px;\">Reducirji AVA, uporabljeni v sistemih DUO FLEXI so izredno trpe\u017eni in UV odporni.<\/p>\n<p>Unten sehen Sie eine Animation einer der Optionen einer funktionierenden Verbindung (ansonsten wird DUO CLASSIC gezeigt, der Vorgang ist derselbe):<br \/>\nUporabljen je Filter padne vode\u00a0ter pokrov\u00a0<a style=\"font-style: normal; font-variant-ligatures: normal; font-variant-caps: normal; font-weight: 400; font-family: Lato, Arial, Helvetica, sans-serif; font-size: 14px;\" href=\"https:\/\/ibcparts.eu\/izdelek\/tritonflex\/\"><i style=\"font-size: 14px;\">TritonFlex<\/i><\/a>. Der andere Tank hat einen Deckel mit einer Entl\u00fcftung.<\/p>\n<p><img decoding=\"async\" src=\"https:\/\/ibcparts.eu\/wp-content\/uploads\/2021\/11\/povezava-ibc-cistern-duo-animacija-1.gif\" alt=\"\" width=\"435\" height=\"397\" \/><\/p>","protected":false},"excerpt":{"rendered":"<div class=\"paragraph\">\n<h2 data-start=\"233\" data-end=\"355\"><strong data-start=\"233\" data-end=\"355\">Mo\u010dna, zanesljiva in ugodna povezava dveh IBC cistern s fleksibilno cevjo \u2013 \u017ee sestavljena in pripravljena za monta\u017eo.<\/strong><\/h2>\n<p data-start=\"357\" data-end=\"699\">DUO FLEXI omogo\u010da hitro in varno povezavo dveh IBC cistern s <strong data-start=\"418\" data-end=\"448\">fleksibilno armirano cevjo<\/strong>, kar je idealna re\u0161itev v primerih, ko cisterne niso popolnoma poravnane ali ko potrebujete ve\u010d prilagodljivosti pri postavitvi. Sistem je primeren za zbiranje de\u017eevnice, tehni\u010dno vodo in druge aplikacije, kjer je pomembna zanesljivost brez pu\u0161\u010danja.<\/p>\n<hr data-start=\"701\" data-end=\"704\" \/>\n<h3 data-start=\"706\" data-end=\"734\">Zakaj izbrati DUO FLEXI?<\/h3>\n<ul>\n<li data-start=\"737\" data-end=\"771\">Robuste und bew\u00e4hrte Konstruktion<\/li>\n<li>\u017de sestavljen sistem \u2013 brez dodatnega dela. Cev po potrebi prikraj\u0161ate z olfa no\u017eem.<\/li>\n<li data-start=\"821\" data-end=\"883\">Fleksibilna armirana cev za ve\u010djo prilagodljivost postavitve<\/li>\n<li data-start=\"886\" data-end=\"929\">100 % EPDM tesnilo (ne pu\u0161\u010da, UV odporno)<\/li>\n<li data-start=\"932\" data-end=\"993\">Auch geeignet f\u00fcr \u00e4ltere oder leicht besch\u00e4digte IBC-Ventile<\/li>\n<li data-start=\"996\" data-end=\"1029\">Zelo enostavna in hitra monta\u017ea<\/li>\n<\/ul>\n<p><u><strong>Optionen:<br \/>\n<\/strong><\/u><strong>FLEXIBREZ: <span style=\"color: #508d24; font-size: medium;\">29,99\u20ac<\/span><\/strong>\u00a0Keine H\u00e4hne und T-St\u00fccke, nur die Verbindung zwischen den beiden Tanks.<br \/>\n<strong>FLEXI1<\/strong>: <strong><span style=\"color: #508d24; font-size: medium;\">42,50\u20ac <\/span><\/strong>Kovinska 3\/4&#8243; pipa\u00a0GardenFlow*\u00a0z nastavkom za cev.<br \/>\n<strong>FLEXI2<\/strong>: <strong><span style=\"color: #508d24; font-size: medium;\">48,50\u20ac <\/span><\/strong>Kovinska 3\/4&#8221; pipa\u00a0HighFlow*\u00a0z nastavkom za cev.<br \/>\n<strong>FLEXI3<\/strong>: <strong><span style=\"color: #508d24; font-size: medium;\">56,50\u20ac <\/span><\/strong>Kovinska dvojna 1\/2&#8243; PRO pipa* z nastavkom za cev in s &#8220;klik&#8221; nastavkom.<br \/>\n<strong>FLEXI4<\/strong>: <strong><span style=\"color: #508d24; font-size: medium;\">63,50\u20ac <\/span><\/strong>Kovinska dvojna 3\/4&#8243; PRO pipa* z nastavkom za cev in s &#8220;klik&#8221; nastavkom.<br \/>\n<strong>FLEXI5<\/strong>: <strong><span style=\"color: #508d24; font-size: medium;\">53,50\u20ac <\/span><\/strong>Kovinska\u00a0 1&#8243;\u00a0 pipa\u00a0QuickFlow\u00a0z nastavkom za cev.<br \/>\n<strong>FLEXI6<\/strong>: <strong><span style=\"color: #508d24; font-size: medium;\">53,50\u20ac <\/span><\/strong>Plasti\u010dni\u00a01&#8243; MF PRO ventil*\u00a0s plasti\u010dnim ravnim nastavkom za cev 25mm.<br \/>\n<strong>FLEXI7<\/strong>: <strong><span style=\"color: #508d24; font-size: medium;\">53,50\u20ac <\/span><\/strong>Kovinski\u00a0 1&#8243; PRO ventil* z medeninastim ravnim nastavkom za cev 25mm.<br \/>\n<strong>FLEXI8<\/strong>: <strong><span style=\"color: #508d24; font-size: medium;\">53,50\u20ac <\/span><\/strong>Plasti\u010dni\u00a01&#8243; MF PRO ventil*\u00a0s plasti\u010dnim nastavkom &#8211; koleno za cev 25mm.<br \/>\n,<\/p>\n<p data-start=\"1858\" data-end=\"1954\">\u27a1\ufe0f <strong data-start=\"1861\" data-end=\"1900\">Sistem lahko sestavimo tudi po meri<\/strong> \u2013 ve\u010d izhodov, ventili za hidrofor, dodatne pipe itd.<\/p>\n<p><strong>*Weitere Informationen \u00fcber Wasserh\u00e4hne und Ventile finden Sie unter\u00a0<a href=\"https:\/\/ibcparts.eu\/kategorije\/pipe-ventili-in-medeninasti-prikljucki\/\">hier<\/a>.<\/strong><\/p>\n<h3 data-start=\"2020\" data-end=\"2046\">Dichtung und Materialien<\/h3>\n<p data-start=\"2047\" data-end=\"2313\">Ekskluzivno pri nas: <strong data-start=\"2068\" data-end=\"2116\">posebej razvito gumijasto 100 % EPDM tesnilo<\/strong> z optimalno trdoto u\u010dinkovito izravna tudi ve\u010dje nepravilnosti na ventilu in zagotavlja <strong data-start=\"2205\" data-end=\"2256\">dolgotrajno, zanesljivo tesnjenje brez pu\u0161\u010danja<\/strong>, tudi pri starej\u0161ih ali rahlo po\u0161kodovanih IBC ventilih.<\/p>\n<p data-start=\"2315\" data-end=\"2458\">Fleksibilna <strong data-start=\"2327\" data-end=\"2343\">armirana cev<\/strong> omogo\u010da varno in stabilno povezavo brez obremenjevanja ventilov ter enostavno prilagajanje razmika med cisternama.<\/p>\n<p><strong>Das Paket enth\u00e4lt:<\/strong><br \/>\n2x reducir AVA za cisterne z ventilom fi 55-62mm, grobi navoj S60x6 (DN50)., PP T-kos F (razen DUOBREZ), 2x vrtljivo koleno F, 1x armirana fleksibilna cev, pipo, redukcijo, 2x objemka 32mm.<\/p>\n<p>Der Abstand zwischen den Tanks betr\u00e4gt nach dem Einbau des DUO FLEXI-Systems zwischen 2 und 6 cm.<\/p>\n<h3 data-start=\"2830\" data-end=\"2857\">Razlika med DUO sistemi<\/h3>\n<ul>\n<li class=\" translation-block\"><strong>SIMPLE<\/strong>: Hahn oder Ventil an der \u00e4u\u00dfersten linken oder rechten Zisterne (die Entscheidung kann bei der Montage getroffen werden \u2013 an Ihre Bed\u00fcrfnisse anpassbar \u2013 siehe Bild in der Galerie bei SIMPLE).<\/li>\n<li><strong>KLASIK<\/strong>: pipa ali ventil med dvema cisternama (med katerima dvema se lahko odlo\u010dite takrat, ko montirate \u2013 prilagodite va\u0161im potrebam \u2013 glejte sliko v galeriji pri KLASIK).<\/li>\n<li><strong>FLEXI<\/strong>: povezava dveh cistern s fleksibilno armirano cevjo \u2013 (glejte sliko v galeriji pri FLEXI).<\/li>\n<li><strong>ZAPOREDNO<\/strong>: povezava dveh cistern s fleksibilno armirano cevjo v postavitvi ena za drugo, obe obrnjeni v isto smer \u2013 (glejte sliko v galeriji pri ZAPOREDNO).<\/li>\n<li><strong>VERTIKAL<\/strong>: povezava dveh cistern v postavitvi ena na vrhu druge \u2013 (glejte sliko v galeriji pri VERTIKAL).<\/li>\n<\/ul>\n<hr data-start=\"3175\" data-end=\"3178\" \/>\n<p data-start=\"3180\" data-end=\"3478\"><strong data-start=\"3180\" data-end=\"3478\">DUO FLEXI ustreza ve\u010dini IBC cistern s standardnim ventilom S60\u00d76. Monta\u017ea je zelo enostavna, sistem je \u017ee predsestavljen in ne zahteva posebnega znanja. Vsi materiali so vzdr\u017eljivi, UV odporni in primerni za dolgotrajno zunanjo uporabo. Pri druga\u010dnem navoju ventila sistem prilagodimo po meri.<\/strong><\/p>\n<\/div>","protected":false},"featured_media":12587,"template":"","meta":[],"product_brand":[],"product_cat":[264,189],"product_tag":[332,331],"class_list":{"0":"post-7186","1":"product","2":"type-product","3":"status-publish","4":"has-post-thumbnail","6":"product_cat-sistemi-duo","7":"product_cat-sistemi-za-povezavo","8":"product_tag-ibc-connection-system","9":"product_tag-povezava-ibc-cistern-s-fleksibilno-1-cevjo","11":"first","12":"instock","13":"featured","14":"shipping-taxable","15":"purchasable","16":"product-type-variable"},"yoast_head":"<!-- This site is optimized with the Yoast SEO plugin v27.1.1 - https:\/\/yoast.com\/product\/yoast-seo-wordpress\/ -->\n<title>DUO FLEXI (fleksibilna cev) - povezava dveh IBC cistern | IBCparts.eu<\/title>\n<meta name=\"description\" content=\"Enostaven, mo\u010dan, ugoden sistem za povezavo dveh IBC cistern s fleksibilno armirano cevjo premera 32mm (1&quot;). Gumijasta EPDM tesnila.\" \/>\n<meta name=\"robots\" content=\"index, follow, max-snippet:-1, max-image-preview:large, max-video-preview:-1\" \/>\n<link rel=\"canonical\" href=\"https:\/\/ibcparts.eu\/de\/produkt\/sistem-duo-flexi\/\" \/>\n<meta property=\"og:locale\" content=\"de_DE\" \/>\n<meta property=\"og:type\" content=\"article\" \/>\n<meta property=\"og:title\" content=\"DUO FLEXI (fleksibilna cev) - povezava dveh IBC cistern | IBCparts.eu\" \/>\n<meta property=\"og:description\" content=\"Enostaven, mo\u010dan, ugoden sistem za povezavo dveh IBC cistern s fleksibilno armirano cevjo premera 32mm (1&quot;). Gumijasta EPDM tesnila.\" \/>\n<meta property=\"og:url\" content=\"https:\/\/ibcparts.eu\/de\/produkt\/sistem-duo-flexi\/\" \/>\n<meta property=\"og:site_name\" content=\"IBCparts.eu\" \/>\n<meta property=\"article:modified_time\" content=\"2026-01-14T08:16:45+00:00\" \/>\n<meta property=\"og:image\" content=\"https:\/\/ibcparts.eu\/wp-content\/uploads\/2022\/01\/DUO-FLEXI.jpg\" \/>\n\t<meta property=\"og:image:width\" content=\"1181\" \/>\n\t<meta property=\"og:image:height\" content=\"1181\" \/>\n\t<meta property=\"og:image:type\" content=\"image\/jpeg\" \/>\n<meta name=\"twitter:card\" content=\"summary_large_image\" \/>\n<meta name=\"twitter:label1\" content=\"Gesch\u00e4tzte Lesezeit\" \/>\n\t<meta name=\"twitter:data1\" content=\"3\u00a0Minuten\" \/>\n<script type=\"application\/ld+json\" class=\"yoast-schema-graph\">{\"@context\":\"https:\/\/schema.org\",\"@graph\":[{\"@type\":\"WebPage\",\"@id\":\"https:\/\/ibcparts.eu\/izdelek\/sistem-duo-flexi\/\",\"url\":\"https:\/\/ibcparts.eu\/izdelek\/sistem-duo-flexi\/\",\"name\":\"DUO FLEXI (fleksibilna cev) - povezava dveh IBC cistern | IBCparts.eu\",\"isPartOf\":{\"@id\":\"https:\/\/ibcparts.eu\/#website\"},\"primaryImageOfPage\":{\"@id\":\"https:\/\/ibcparts.eu\/izdelek\/sistem-duo-flexi\/#primaryimage\"},\"image\":{\"@id\":\"https:\/\/ibcparts.eu\/izdelek\/sistem-duo-flexi\/#primaryimage\"},\"thumbnailUrl\":\"https:\/\/ibcparts.eu\/wp-content\/uploads\/2022\/01\/DUO-FLEXI.jpg\",\"datePublished\":\"2021-11-04T09:25:45+00:00\",\"dateModified\":\"2026-01-14T08:16:45+00:00\",\"description\":\"Enostaven, mo\u010dan, ugoden sistem za povezavo dveh IBC cistern s fleksibilno armirano cevjo premera 32mm (1\\\"). Gumijasta EPDM tesnila.\",\"breadcrumb\":{\"@id\":\"https:\/\/ibcparts.eu\/izdelek\/sistem-duo-flexi\/#breadcrumb\"},\"inLanguage\":\"de\",\"potentialAction\":[{\"@type\":\"ReadAction\",\"target\":[\"https:\/\/ibcparts.eu\/izdelek\/sistem-duo-flexi\/\"]}]},{\"@type\":\"ImageObject\",\"inLanguage\":\"de\",\"@id\":\"https:\/\/ibcparts.eu\/izdelek\/sistem-duo-flexi\/#primaryimage\",\"url\":\"https:\/\/ibcparts.eu\/wp-content\/uploads\/2022\/01\/DUO-FLEXI.jpg\",\"contentUrl\":\"https:\/\/ibcparts.eu\/wp-content\/uploads\/2022\/01\/DUO-FLEXI.jpg\",\"width\":1181,\"height\":1181,\"caption\":\"povezava dveh IBC cistern s fleksibilno armirano cevjo\"},{\"@type\":\"BreadcrumbList\",\"@id\":\"https:\/\/ibcparts.eu\/izdelek\/sistem-duo-flexi\/#breadcrumb\",\"itemListElement\":[{\"@type\":\"ListItem\",\"position\":1,\"name\":\"Home\",\"item\":\"https:\/\/ibcparts.eu\/\"},{\"@type\":\"ListItem\",\"position\":2,\"name\":\"Nakupujte\",\"item\":\"https:\/\/ibcparts.eu\/nakupujte\/\"},{\"@type\":\"ListItem\",\"position\":3,\"name\":\"DUO FLEXI (fleksibilna cev) &#8211; povezava dveh IBC cistern\"}]},{\"@type\":\"WebSite\",\"@id\":\"https:\/\/ibcparts.eu\/#website\",\"url\":\"https:\/\/ibcparts.eu\/\",\"name\":\"IBCparts.eu\",\"description\":\"\",\"publisher\":{\"@id\":\"https:\/\/ibcparts.eu\/#organization\"},\"potentialAction\":[{\"@type\":\"SearchAction\",\"target\":{\"@type\":\"EntryPoint\",\"urlTemplate\":\"https:\/\/ibcparts.eu\/?s={search_term_string}\"},\"query-input\":{\"@type\":\"PropertyValueSpecification\",\"valueRequired\":true,\"valueName\":\"search_term_string\"}}],\"inLanguage\":\"de\"},{\"@type\":\"Organization\",\"@id\":\"https:\/\/ibcparts.eu\/#organization\",\"name\":\"IBCparts\",\"url\":\"https:\/\/ibcparts.eu\/\",\"logo\":{\"@type\":\"ImageObject\",\"inLanguage\":\"de\",\"@id\":\"https:\/\/ibcparts.eu\/#\/schema\/logo\/image\/\",\"url\":\"https:\/\/ibcparts.eu\/wp-content\/uploads\/2021\/10\/Footer-Logo.png\",\"contentUrl\":\"https:\/\/ibcparts.eu\/wp-content\/uploads\/2021\/10\/Footer-Logo.png\",\"width\":1992,\"height\":772,\"caption\":\"IBCparts\"},\"image\":{\"@id\":\"https:\/\/ibcparts.eu\/#\/schema\/logo\/image\/\"}}]}<\/script>\n<!-- \/ Yoast SEO plugin. -->","yoast_head_json":{"title":"DUO FLEXI (fleksibilna cev) - povezava dveh IBC cistern | IBCparts.eu","description":"Enostaven, mo\u010dan, ugoden sistem za povezavo dveh IBC cistern s fleksibilno armirano cevjo premera 32mm (1\"). Gumijasta EPDM tesnila.","robots":{"index":"index","follow":"follow","max-snippet":"max-snippet:-1","max-image-preview":"max-image-preview:large","max-video-preview":"max-video-preview:-1"},"canonical":"https:\/\/ibcparts.eu\/de\/produkt\/sistem-duo-flexi\/","og_locale":"de_DE","og_type":"article","og_title":"DUO FLEXI (fleksibilna cev) - povezava dveh IBC cistern | IBCparts.eu","og_description":"Enostaven, mo\u010dan, ugoden sistem za povezavo dveh IBC cistern s fleksibilno armirano cevjo premera 32mm (1\"). Gumijasta EPDM tesnila.","og_url":"https:\/\/ibcparts.eu\/de\/produkt\/sistem-duo-flexi\/","og_site_name":"IBCparts.eu","article_modified_time":"2026-01-14T08:16:45+00:00","og_image":[{"width":1181,"height":1181,"url":"https:\/\/ibcparts.eu\/wp-content\/uploads\/2022\/01\/DUO-FLEXI.jpg","type":"image\/jpeg"}],"twitter_card":"summary_large_image","twitter_misc":{"Gesch\u00e4tzte Lesezeit":"3\u00a0Minuten"},"schema":{"@context":"https:\/\/schema.org","@graph":[{"@type":"WebPage","@id":"https:\/\/ibcparts.eu\/izdelek\/sistem-duo-flexi\/","url":"https:\/\/ibcparts.eu\/izdelek\/sistem-duo-flexi\/","name":"DUO FLEXI (fleksibilna cev) - povezava dveh IBC cistern | IBCparts.eu","isPartOf":{"@id":"https:\/\/ibcparts.eu\/#website"},"primaryImageOfPage":{"@id":"https:\/\/ibcparts.eu\/izdelek\/sistem-duo-flexi\/#primaryimage"},"image":{"@id":"https:\/\/ibcparts.eu\/izdelek\/sistem-duo-flexi\/#primaryimage"},"thumbnailUrl":"https:\/\/ibcparts.eu\/wp-content\/uploads\/2022\/01\/DUO-FLEXI.jpg","datePublished":"2021-11-04T09:25:45+00:00","dateModified":"2026-01-14T08:16:45+00:00","description":"Enostaven, mo\u010dan, ugoden sistem za povezavo dveh IBC cistern s fleksibilno armirano cevjo premera 32mm (1\"). Gumijasta EPDM tesnila.","breadcrumb":{"@id":"https:\/\/ibcparts.eu\/izdelek\/sistem-duo-flexi\/#breadcrumb"},"inLanguage":"de","potentialAction":[{"@type":"ReadAction","target":["https:\/\/ibcparts.eu\/izdelek\/sistem-duo-flexi\/"]}]},{"@type":"ImageObject","inLanguage":"de","@id":"https:\/\/ibcparts.eu\/izdelek\/sistem-duo-flexi\/#primaryimage","url":"https:\/\/ibcparts.eu\/wp-content\/uploads\/2022\/01\/DUO-FLEXI.jpg","contentUrl":"https:\/\/ibcparts.eu\/wp-content\/uploads\/2022\/01\/DUO-FLEXI.jpg","width":1181,"height":1181,"caption":"povezava dveh IBC cistern s fleksibilno armirano cevjo"},{"@type":"BreadcrumbList","@id":"https:\/\/ibcparts.eu\/izdelek\/sistem-duo-flexi\/#breadcrumb","itemListElement":[{"@type":"ListItem","position":1,"name":"Home","item":"https:\/\/ibcparts.eu\/"},{"@type":"ListItem","position":2,"name":"Nakupujte","item":"https:\/\/ibcparts.eu\/nakupujte\/"},{"@type":"ListItem","position":3,"name":"DUO FLEXI (fleksibilna cev) &#8211; povezava dveh IBC cistern"}]},{"@type":"WebSite","@id":"https:\/\/ibcparts.eu\/#website","url":"https:\/\/ibcparts.eu\/","name":"IBC-Teile.eu","description":"","publisher":{"@id":"https:\/\/ibcparts.eu\/#organization"},"potentialAction":[{"@type":"SearchAction","target":{"@type":"EntryPoint","urlTemplate":"https:\/\/ibcparts.eu\/?s={search_term_string}"},"query-input":{"@type":"PropertyValueSpecification","valueRequired":true,"valueName":"search_term_string"}}],"inLanguage":"de"},{"@type":"Organization","@id":"https:\/\/ibcparts.eu\/#organization","name":"IBC-Teile","url":"https:\/\/ibcparts.eu\/","logo":{"@type":"ImageObject","inLanguage":"de","@id":"https:\/\/ibcparts.eu\/#\/schema\/logo\/image\/","url":"https:\/\/ibcparts.eu\/wp-content\/uploads\/2021\/10\/Footer-Logo.png","contentUrl":"https:\/\/ibcparts.eu\/wp-content\/uploads\/2021\/10\/Footer-Logo.png","width":1992,"height":772,"caption":"IBCparts"},"image":{"@id":"https:\/\/ibcparts.eu\/#\/schema\/logo\/image\/"}}]}},"_links":{"self":[{"href":"https:\/\/ibcparts.eu\/de\/wp-json\/wp\/v2\/product\/7186","targetHints":{"allow":["GET"]}}],"collection":[{"href":"https:\/\/ibcparts.eu\/de\/wp-json\/wp\/v2\/product"}],"about":[{"href":"https:\/\/ibcparts.eu\/de\/wp-json\/wp\/v2\/types\/product"}],"version-history":[{"count":5,"href":"https:\/\/ibcparts.eu\/de\/wp-json\/wp\/v2\/product\/7186\/revisions"}],"predecessor-version":[{"id":20263,"href":"https:\/\/ibcparts.eu\/de\/wp-json\/wp\/v2\/product\/7186\/revisions\/20263"}],"wp:featuredmedia":[{"embeddable":true,"href":"https:\/\/ibcparts.eu\/de\/wp-json\/wp\/v2\/media\/12587"}],"wp:attachment":[{"href":"https:\/\/ibcparts.eu\/de\/wp-json\/wp\/v2\/media?parent=7186"}],"wp:term":[{"taxonomy":"product_brand","embeddable":true,"href":"https:\/\/ibcparts.eu\/de\/wp-json\/wp\/v2\/product_brand?post=7186"},{"taxonomy":"product_cat","embeddable":true,"href":"https:\/\/ibcparts.eu\/de\/wp-json\/wp\/v2\/product_cat?post=7186"},{"taxonomy":"product_tag","embeddable":true,"href":"https:\/\/ibcparts.eu\/de\/wp-json\/wp\/v2\/product_tag?post=7186"}],"curies":[{"name":"wp","href":"https:\/\/api.w.org\/{rel}","templated":true}]}}