{"id":7124,"date":"2021-11-04T09:51:22","date_gmt":"2021-11-04T09:51:22","guid":{"rendered":"https:\/\/ibcparts.eu\/?post_type=product&#038;p=7124"},"modified":"2026-01-06T13:41:18","modified_gmt":"2026-01-06T12:41:18","slug":"sistem-4x-pro","status":"publish","type":"product","link":"https:\/\/ibcparts.eu\/de\/produkt\/sistem-4x-pro\/","title":{"rendered":"4X PRO"},"content":{"rendered":"<p style=\"text-align: center;\"><strong>Video-Demonstration des Aufbaus eines 4x PRO-Systems:<\/strong><br \/>\n<span style=\"color: #515151;\"><br \/>\nIn der Regel ist das Klebeband bereits an den Gewinden angebracht, wo es ben\u00f6tigt wird, oder es ist im Lieferumfang enthalten.<\/span><\/p>\n<p><iframe title=\"So verbinden Sie vier IBC-Container (zwei \u00fcbereinander gestapelt) zu einem Wasserauffangsystem.\" width=\"500\" height=\"281\" src=\"https:\/\/www.youtube.com\/embed\/Bt3LsHn-2Sk?start=23&#038;feature=oembed\" frameborder=\"0\" allow=\"accelerometer; autoplay; clipboard-write; encrypted-media; gyroscope; picture-in-picture; web-share\" referrerpolicy=\"strict-origin-when-cross-origin\" allowfullscreen><\/iframe><\/p>\n<p>&nbsp;<\/p>\n<h4>Der untere Beh\u00e4lter muss entl\u00fcftet werden, damit das Wasser reibungslos durch die Ventile flie\u00dfen kann.<\/h4>\n<p><img decoding=\"async\" class=\"aligncenter\" src=\"https:\/\/www.namoci.si\/uploads\/1\/1\/7\/5\/117519317\/published\/duo-vertikal-gif1.gif?1661170515\" alt=\"Bild\" \/><\/p>\n<p><strong>Die einfachste und billigste M\u00f6glichkeit ist, dies zu tun:<\/strong><\/p>\n<p><img decoding=\"async\" class=\"\" src=\"https:\/\/ibcparts.eu\/wp-content\/uploads\/2021\/11\/pokrov-hoseflow-1.png\" sizes=\"(max-width: 500px) 100vw, 500px\" srcset=\"https:\/\/ibcparts.eu\/wp-content\/uploads\/2021\/11\/pokrov-hoseflow-1.png 500w, https:\/\/ibcparts.eu\/wp-content\/uploads\/2021\/11\/pokrov-hoseflow-1-300x300.png 300w, https:\/\/ibcparts.eu\/wp-content\/uploads\/2021\/11\/pokrov-hoseflow-1-150x150.png 150w, https:\/\/ibcparts.eu\/wp-content\/uploads\/2021\/11\/pokrov-hoseflow-1-12x12.png 12w\" alt=\"\" width=\"303\" height=\"303\" \/><br \/>\n<img decoding=\"async\" class=\"\" src=\"https:\/\/ibcparts.eu\/wp-content\/uploads\/2021\/11\/lower-ibc-venting_orig.jpg\" sizes=\"(max-width: 827px) 100vw, 827px\" srcset=\"https:\/\/ibcparts.eu\/wp-content\/uploads\/2021\/11\/lower-ibc-venting_orig.jpg 827w, https:\/\/ibcparts.eu\/wp-content\/uploads\/2021\/11\/lower-ibc-venting_orig-300x300.jpg 300w, https:\/\/ibcparts.eu\/wp-content\/uploads\/2021\/11\/lower-ibc-venting_orig-150x150.jpg 150w, https:\/\/ibcparts.eu\/wp-content\/uploads\/2021\/11\/lower-ibc-venting_orig-768x768.jpg 768w, https:\/\/ibcparts.eu\/wp-content\/uploads\/2021\/11\/lower-ibc-venting_orig-12x12.jpg 12w, https:\/\/ibcparts.eu\/wp-content\/uploads\/2021\/11\/lower-ibc-venting_orig-600x600.jpg 600w\" alt=\"\" width=\"363\" height=\"363\" \/><\/p>\n<p>Verwenden Sie die HoseFlow-Abdeckung (siehe Abbildung), an die Sie den Gartenschlauch anschlie\u00dfen, am unteren Tank.  Befestigen Sie das andere Ende des Schlauchs oberhalb der H\u00f6he, in der das Wasser in den oberen Tank flie\u00dft (z. B. dort, wo Sie einen Stutzen von der Dachrinne haben - normalerweise reichen 200 cm Schlauch aus). So kann der untere Tank \u00fcber das Ventil reibungslos gef\u00fcllt werden.<\/p>\n<p><strong>Bitte beachten Sie, dass dieser Artikel nur verwendet werden kann, wenn Sie einen Tank auf einer Metallpalette haben oder wenn der Tank keinen mittleren Fu\u00df hat.<\/strong><\/p>\n<p><a href=\"https:\/\/ibcparts.eu\/izdelek\/pokrov-hoseflow\/\">HoseFlow Cover (neue Version!)<\/a><\/p>\n<p>\u010ce \u017ee imate pokrov z navojem na sredini, lahko uporabite:<\/p>\n<p><img decoding=\"async\" src=\"https:\/\/ibcparts.eu\/wp-content\/uploads\/2021\/11\/airvent.png\" sizes=\"(max-width: 238px) 100vw, 238px\" srcset=\"https:\/\/ibcparts.eu\/wp-content\/uploads\/2021\/11\/airvent.png 238w, https:\/\/ibcparts.eu\/wp-content\/uploads\/2021\/11\/airvent-150x150.png 150w, https:\/\/ibcparts.eu\/wp-content\/uploads\/2021\/11\/airvent-12x12.png 12w\" alt=\"\" width=\"238\" height=\"238\" \/><\/p>\n<p><a href=\"https:\/\/ibcparts.eu\/izdelek\/oddusnik-easy\/\"><strong>Od<\/strong><strong>du\u0161nik AirVent<\/strong><\/a><\/p>\n<p><strong>Bitte beachten Sie, dass dieser Artikel nur verwendet werden kann, wenn Sie einen Tank auf einer Metallpalette haben oder wenn der Tank keinen mittleren Fu\u00df hat.<\/strong><\/p>\n<p>\u010ce imate cisterno, ki ima sredinsko nogo in le-ta sedi na pokrovu spodnje cisterne, lahko zadevo re\u0161ite podobno z na\u0161imi <a href=\"https:\/\/ibcparts.eu\/kategorije\/skozniki\/\"><strong>Klammern<\/strong> <\/a>&#8211; priporo\u010dljivo <strong>20 ali 25mm<\/strong>.<\/p>\n<p>Allerdings m\u00fcssen Sie in diesem Fall ein passendes Loch in die Oberseite des unteren Tanks bohren - vorzugsweise in der N\u00e4he des Deckels.<\/p>\n<p><img decoding=\"async\" class=\"alignnone wp-image-18620\" src=\"http:\/\/ibcparts.eu\/wp-content\/uploads\/2023\/03\/Skoznik-FlowTek-Bend-300x300.png\" alt=\"Skoznik FlowTek Bend (15mm, 20mm, 25mm, 50mm)\" width=\"213\" height=\"213\" srcset=\"https:\/\/ibcparts.eu\/wp-content\/uploads\/2023\/03\/Skoznik-FlowTek-Bend-300x300.png 300w, https:\/\/ibcparts.eu\/wp-content\/uploads\/2023\/03\/Skoznik-FlowTek-Bend-150x150.png 150w, https:\/\/ibcparts.eu\/wp-content\/uploads\/2023\/03\/Skoznik-FlowTek-Bend-12x12.png 12w, https:\/\/ibcparts.eu\/wp-content\/uploads\/2023\/03\/Skoznik-FlowTek-Bend.png 499w\" sizes=\"(max-width: 213px) 100vw, 213px\" \/><\/p>\n<p><strong><a href=\"https:\/\/ibcparts.eu\/izdelek\/skoznik-flowtek-bend\/\">Skozniki FlowTek Bend<\/a><\/strong><\/p>\n<p><strong>Tipp!<\/strong><br \/>\nEs wird dringend empfohlen, das Wasser beim Eintritt in den Tank durch einen Filter zu leiten, um F\u00e4ulnis, Schimmel und \u00fcberm\u00e4\u00dfiges Wachstum von Mikroorganismen im Tank zu vermeiden.<br \/>\nWir bieten Regenwasserfilter zur Montage an einem Schlauch mit Dachrinne an, die gr\u00f6\u00dfere Verunreinigungen (Bl\u00e4tter, Moos usw.) herausfiltern.<br \/>\nWir haben auch eine Reihe von Feinfiltern zur Montage auf dem IBC-Tank selbst.<br \/>\nSorgen Sie daf\u00fcr, dass das Wasser in Ihren Tanks so lange wie m\u00f6glich sauber bleibt. <a href=\"https:\/\/ibcparts.eu\/izdelek\/zascitna-ponjava-tarp-za-ibc-cisterno\/\">Mit UV-Schutzmatte f\u00fcr IBC-Tank<\/a> das Wachstum von Mikroorganismen noch st\u00e4rker einschr\u00e4nken.<\/p>\n<p><img decoding=\"async\" class=\"alignleft\" src=\"https:\/\/www.namoci.si\/uploads\/1\/1\/7\/5\/117519317\/povezava-ibc-cistern-duo-vertikal-z-opcijo-duo-plus-31_orig.jpg\" alt=\"PLUS-Option f\u00fcr IBC-Tank\" width=\"214\" height=\"214\" \/><\/p>\n<p>&nbsp;<\/p>\n<p>&nbsp;<\/p>\n<p>&nbsp;<\/p>\n<p>&nbsp;<\/p>\n<p>&nbsp;<\/p>\n<p>&nbsp;<\/p>\n<p><strong><span style=\"color: #6cb83a;\">Option PLUS!<\/span><\/strong><\/p>\n<p>Sie k\u00f6nnen auch eine Option w\u00e4hlen <strong>PLUS<\/strong>. Dadurch erhalten Sie einen zus\u00e4tzlichen Anschluss f\u00fcr den Gartenschlauch - siehe Abbildung.<br \/>\nAuf diese Weise k\u00f6nnen Sie den Tank auch vollst\u00e4ndig entleeren, ohne in das System einzugreifen.<\/p>","protected":false},"excerpt":{"rendered":"<p><span style=\"font-size: large;\">System zur Verbindung von vier IBC-Beh\u00e4ltern.<\/span><\/p>\n<p><strong><span style=\"font-size: medium;\"><span style=\"color: #5fa233;\">Die Position des Wasserhahns kann an jedem der Rohre sein\u00a0<\/span><\/span><\/strong><span style=\"font-size: medium;\"><span style=\"color: #626262;\">- Sie entscheiden, wann die Installation erfolgen soll.<\/span><\/span><\/p>\n<p><strong><span style=\"font-size: medium;\"><span style=\"color: #508d24;\">PREIS:<\/span><\/span><\/strong><br \/>\n<strong><span style=\"color: #508d24; font-size: medium;\">,<\/span><\/strong>Art.Nr.: #570b,\u00a0<strong>4XP1<\/strong>:\u00a0<strong><span style=\"color: #508d24; font-size: medium;\">103,50\u20ac\u00a0<\/span><\/strong>(3\/4\u2033GardeFlow Metallhahn*).<br \/>\n<strong><span style=\"color: #508d24; font-size: medium;\">,<\/span><\/strong>Art.Nr.: #570c,\u00a0<strong>4XP2<\/strong>:\u00a0<strong><span style=\"color: #508d24; font-size: medium;\">104,50\u20ac\u00a0<\/span><\/strong>(3\/4\" HighFlow Metallhahn*).<br \/>\n<strong><span style=\"color: #508d24; font-size: medium;\">,<\/span><\/strong>Art.Nr.: #570d,\u00a0<strong>4XP3<\/strong>:\u00a0<strong><span style=\"color: #508d24; font-size: medium;\">113,50\u20ac\u00a0<\/span><\/strong>(<u>doppelt\u00a0<\/u>1\/2\u2033 PRO* Metallgewindebohrer).<br \/>\n<strong><span style=\"color: #508d24; font-size: medium;\">,<\/span><\/strong>Art.Nr.: #570e,\u00a0<strong>4XP4<\/strong>:\u00a0<strong><span style=\"color: #508d24; font-size: medium;\">117,50\u20ac\u00a0<\/span><\/strong>(<u>doppelt\u00a0<\/u>Metallhahn 3\/4 PRO*).<br \/>\nArt.Nr.: #570f,\u00a0<strong>4XP5<\/strong>:\u00a0<strong><span style=\"color: #508d24; font-size: medium;\">109,50\u20ac\u00a0<\/span><\/strong>(1\u2033 Metallhahn*).<br \/>\nArt.Nr.: #570g,\u00a0<strong>4XP6<\/strong>:\u00a0<strong><span style=\"color: #508d24; font-size: medium;\">109,50\u20ac\u00a0<\/span><\/strong>(1\u2033 QuickFlow Metallhahn*).<br \/>\nArt.Nr.: #570h,\u00a0<strong>4XP7<\/strong>:\u00a0<strong><span style=\"color: #508d24; font-size: medium;\">109,50\u20ac\u00a0<\/span><\/strong>(3\/4\u2033-Metallventil + Zapfhahn*).<br \/>\nArt.Nr.: #570i,\u00a0<strong>4XP8<\/strong>:\u00a0<strong><span style=\"color: #508d24; font-size: medium;\">111,50\u20ac\u00a0<\/span><\/strong>(1\u2033-Metallventil + Zapfhahn*).<br \/>\nArt.Nr.: #570j,\u00a0<strong>4XP9<\/strong>:\u00a0<strong><span style=\"color: #508d24; font-size: medium;\">111,50\u20ac\u00a0<\/span><\/strong>(1\u2033-Kunststoffventil + Zapfhahn*).<\/p>\n<p>Sehr einfache Installation.<br \/>\n\u200b\u200b<strong><span style=\"font-size: medium;\">Ich habe mich bereits f\u00fcr Sie vorbereitet.<\/span><\/strong><\/p>\n<p><span style=\"font-size: large;\">,<\/span><br \/>\n<strong>Das Paket enth\u00e4lt:<\/strong><br \/>\n4x AVA Reduzierst\u00fcck f\u00fcr Beh\u00e4lter mit Ventil fi 55-62mm, Grobgewinde S60x6 (DN50), T-St\u00fcck F 5x, Winkelst\u00fcck 4x, Schlauch, Hahn, Reduzierst\u00fcck.<\/p>\n<p><strong><span style=\"font-size: medium;\">Jetzt mit EPDM-Gummidichtungen GRATIS.<\/span><\/strong><\/p>\n<p><em><span style=\"font-size: medium;\">*Alkatenr\u00f6hrchen sind leicht gekr\u00fcmmt, weil sie auf Spulen gelagert werden. Wir verwenden LESS-Alkatene-Schl\u00e4uche, die flexibler und viel einfacher zu handhaben sind - man richtet sie bei der Installation auf und sie bleiben in dieser Position.<\/span><\/em><\/p>\n<p>Schaumstoffdichtung (PE). Hervorragende Abdichtung und hohe Haltbarkeit!<\/p>\n<p><strong>*Weitere Informationen \u00fcber Wasserh\u00e4hne und Ventile finden Sie unter\u00a0<a href=\"https:\/\/ibcparts.eu\/kategorije\/pipe-ventili-in-medeninasti-prikljucki\/\">hier<\/a>.<\/strong><\/p>\n<p><strong>Wir k\u00f6nnen auch ein System nach Ihren Vorgaben bauen. Mehrere Ausl\u00e4sse, ein Ventil f\u00fcr den Anschluss eines Hydrophors, mehrere Wasserh\u00e4hne usw... Der Anschluss des Hydrophors ist auf der rechten Seite am praktischsten - wegen der \u00d6ffnungsrichtung des Ventilgriffs.<\/strong><\/p>\n<p><strong>Bitte kontaktieren Sie uns f\u00fcr weitere Fragen und Beratung.<\/strong><\/p>","protected":false},"featured_media":12584,"template":"","meta":[],"product_brand":[],"product_cat":[190,189],"product_tag":[],"class_list":{"0":"post-7124","1":"product","2":"type-product","3":"status-publish","4":"has-post-thumbnail","6":"product_cat-sistemi-4x","7":"product_cat-sistemi-za-povezavo","9":"first","10":"instock","11":"shipping-taxable","12":"purchasable","13":"product-type-variable"},"yoast_head":"<!-- This site is optimized with the Yoast SEO plugin v27.1.1 - https:\/\/yoast.com\/product\/yoast-seo-wordpress\/ -->\n<title>4X PRO | IBCparts.eu<\/title>\n<meta name=\"description\" content=\"Sistem 4X PRO za povezavo \u0161tirih IBC cistern s postavitvijo ena na drugi (2+2).\" \/>\n<meta name=\"robots\" content=\"index, follow, max-snippet:-1, max-image-preview:large, max-video-preview:-1\" \/>\n<link rel=\"canonical\" href=\"https:\/\/ibcparts.eu\/de\/produkt\/sistem-4x-pro\/\" \/>\n<meta property=\"og:locale\" content=\"de_DE\" \/>\n<meta property=\"og:type\" content=\"article\" \/>\n<meta property=\"og:title\" content=\"4X PRO | IBCparts.eu\" \/>\n<meta property=\"og:description\" content=\"Sistem 4X PRO za povezavo \u0161tirih IBC cistern s postavitvijo ena na drugi (2+2).\" \/>\n<meta property=\"og:url\" content=\"https:\/\/ibcparts.eu\/de\/produkt\/sistem-4x-pro\/\" \/>\n<meta property=\"og:site_name\" content=\"IBCparts.eu\" \/>\n<meta property=\"article:modified_time\" content=\"2026-01-06T12:41:18+00:00\" \/>\n<meta property=\"og:image\" content=\"https:\/\/ibcparts.eu\/wp-content\/uploads\/2022\/01\/4X-PRO.jpg\" \/>\n\t<meta property=\"og:image:width\" content=\"1181\" \/>\n\t<meta property=\"og:image:height\" content=\"1181\" \/>\n\t<meta property=\"og:image:type\" content=\"image\/jpeg\" \/>\n<meta name=\"twitter:card\" content=\"summary_large_image\" \/>\n<script type=\"application\/ld+json\" class=\"yoast-schema-graph\">{\"@context\":\"https:\/\/schema.org\",\"@graph\":[{\"@type\":\"WebPage\",\"@id\":\"https:\/\/ibcparts.eu\/izdelek\/sistem-4x-pro\/\",\"url\":\"https:\/\/ibcparts.eu\/izdelek\/sistem-4x-pro\/\",\"name\":\"4X PRO | IBCparts.eu\",\"isPartOf\":{\"@id\":\"https:\/\/ibcparts.eu\/#website\"},\"primaryImageOfPage\":{\"@id\":\"https:\/\/ibcparts.eu\/izdelek\/sistem-4x-pro\/#primaryimage\"},\"image\":{\"@id\":\"https:\/\/ibcparts.eu\/izdelek\/sistem-4x-pro\/#primaryimage\"},\"thumbnailUrl\":\"https:\/\/ibcparts.eu\/wp-content\/uploads\/2022\/01\/4X-PRO.jpg\",\"datePublished\":\"2021-11-04T09:51:22+00:00\",\"dateModified\":\"2026-01-06T12:41:18+00:00\",\"description\":\"Sistem 4X PRO za povezavo \u0161tirih IBC cistern s postavitvijo ena na drugi (2+2).\",\"breadcrumb\":{\"@id\":\"https:\/\/ibcparts.eu\/izdelek\/sistem-4x-pro\/#breadcrumb\"},\"inLanguage\":\"de\",\"potentialAction\":[{\"@type\":\"ReadAction\",\"target\":[\"https:\/\/ibcparts.eu\/izdelek\/sistem-4x-pro\/\"]}]},{\"@type\":\"ImageObject\",\"inLanguage\":\"de\",\"@id\":\"https:\/\/ibcparts.eu\/izdelek\/sistem-4x-pro\/#primaryimage\",\"url\":\"https:\/\/ibcparts.eu\/wp-content\/uploads\/2022\/01\/4X-PRO.jpg\",\"contentUrl\":\"https:\/\/ibcparts.eu\/wp-content\/uploads\/2022\/01\/4X-PRO.jpg\",\"width\":1181,\"height\":1181,\"caption\":\"4X PRO\"},{\"@type\":\"BreadcrumbList\",\"@id\":\"https:\/\/ibcparts.eu\/izdelek\/sistem-4x-pro\/#breadcrumb\",\"itemListElement\":[{\"@type\":\"ListItem\",\"position\":1,\"name\":\"Home\",\"item\":\"https:\/\/ibcparts.eu\/\"},{\"@type\":\"ListItem\",\"position\":2,\"name\":\"Nakupujte\",\"item\":\"https:\/\/ibcparts.eu\/nakupujte\/\"},{\"@type\":\"ListItem\",\"position\":3,\"name\":\"4X PRO\"}]},{\"@type\":\"WebSite\",\"@id\":\"https:\/\/ibcparts.eu\/#website\",\"url\":\"https:\/\/ibcparts.eu\/\",\"name\":\"IBCparts.eu\",\"description\":\"\",\"publisher\":{\"@id\":\"https:\/\/ibcparts.eu\/#organization\"},\"potentialAction\":[{\"@type\":\"SearchAction\",\"target\":{\"@type\":\"EntryPoint\",\"urlTemplate\":\"https:\/\/ibcparts.eu\/?s={search_term_string}\"},\"query-input\":{\"@type\":\"PropertyValueSpecification\",\"valueRequired\":true,\"valueName\":\"search_term_string\"}}],\"inLanguage\":\"de\"},{\"@type\":\"Organization\",\"@id\":\"https:\/\/ibcparts.eu\/#organization\",\"name\":\"IBCparts\",\"url\":\"https:\/\/ibcparts.eu\/\",\"logo\":{\"@type\":\"ImageObject\",\"inLanguage\":\"de\",\"@id\":\"https:\/\/ibcparts.eu\/#\/schema\/logo\/image\/\",\"url\":\"https:\/\/ibcparts.eu\/wp-content\/uploads\/2021\/10\/Footer-Logo.png\",\"contentUrl\":\"https:\/\/ibcparts.eu\/wp-content\/uploads\/2021\/10\/Footer-Logo.png\",\"width\":1992,\"height\":772,\"caption\":\"IBCparts\"},\"image\":{\"@id\":\"https:\/\/ibcparts.eu\/#\/schema\/logo\/image\/\"}}]}<\/script>\n<!-- \/ Yoast SEO plugin. -->","yoast_head_json":{"title":"4X PRO | IBCparts.eu","description":"4X PRO System zur Verbindung von vier IBC-Beh\u00e4ltern in einer 2+2 Konfiguration.","robots":{"index":"index","follow":"follow","max-snippet":"max-snippet:-1","max-image-preview":"max-image-preview:large","max-video-preview":"max-video-preview:-1"},"canonical":"https:\/\/ibcparts.eu\/de\/produkt\/sistem-4x-pro\/","og_locale":"de_DE","og_type":"article","og_title":"4X PRO | IBCparts.eu","og_description":"Sistem 4X PRO za povezavo \u0161tirih IBC cistern s postavitvijo ena na drugi (2+2).","og_url":"https:\/\/ibcparts.eu\/de\/produkt\/sistem-4x-pro\/","og_site_name":"IBCparts.eu","article_modified_time":"2026-01-06T12:41:18+00:00","og_image":[{"width":1181,"height":1181,"url":"https:\/\/ibcparts.eu\/wp-content\/uploads\/2022\/01\/4X-PRO.jpg","type":"image\/jpeg"}],"twitter_card":"summary_large_image","schema":{"@context":"https:\/\/schema.org","@graph":[{"@type":"WebPage","@id":"https:\/\/ibcparts.eu\/izdelek\/sistem-4x-pro\/","url":"https:\/\/ibcparts.eu\/izdelek\/sistem-4x-pro\/","name":"4X PRO | IBCparts.eu","isPartOf":{"@id":"https:\/\/ibcparts.eu\/#website"},"primaryImageOfPage":{"@id":"https:\/\/ibcparts.eu\/izdelek\/sistem-4x-pro\/#primaryimage"},"image":{"@id":"https:\/\/ibcparts.eu\/izdelek\/sistem-4x-pro\/#primaryimage"},"thumbnailUrl":"https:\/\/ibcparts.eu\/wp-content\/uploads\/2022\/01\/4X-PRO.jpg","datePublished":"2021-11-04T09:51:22+00:00","dateModified":"2026-01-06T12:41:18+00:00","description":"4X PRO System zur Verbindung von vier IBC-Beh\u00e4ltern in einer 2+2 Konfiguration.","breadcrumb":{"@id":"https:\/\/ibcparts.eu\/izdelek\/sistem-4x-pro\/#breadcrumb"},"inLanguage":"de","potentialAction":[{"@type":"ReadAction","target":["https:\/\/ibcparts.eu\/izdelek\/sistem-4x-pro\/"]}]},{"@type":"ImageObject","inLanguage":"de","@id":"https:\/\/ibcparts.eu\/izdelek\/sistem-4x-pro\/#primaryimage","url":"https:\/\/ibcparts.eu\/wp-content\/uploads\/2022\/01\/4X-PRO.jpg","contentUrl":"https:\/\/ibcparts.eu\/wp-content\/uploads\/2022\/01\/4X-PRO.jpg","width":1181,"height":1181,"caption":"4X PRO"},{"@type":"BreadcrumbList","@id":"https:\/\/ibcparts.eu\/izdelek\/sistem-4x-pro\/#breadcrumb","itemListElement":[{"@type":"ListItem","position":1,"name":"Home","item":"https:\/\/ibcparts.eu\/"},{"@type":"ListItem","position":2,"name":"Nakupujte","item":"https:\/\/ibcparts.eu\/nakupujte\/"},{"@type":"ListItem","position":3,"name":"4X PRO"}]},{"@type":"WebSite","@id":"https:\/\/ibcparts.eu\/#website","url":"https:\/\/ibcparts.eu\/","name":"IBC-Teile.eu","description":"","publisher":{"@id":"https:\/\/ibcparts.eu\/#organization"},"potentialAction":[{"@type":"SearchAction","target":{"@type":"EntryPoint","urlTemplate":"https:\/\/ibcparts.eu\/?s={search_term_string}"},"query-input":{"@type":"PropertyValueSpecification","valueRequired":true,"valueName":"search_term_string"}}],"inLanguage":"de"},{"@type":"Organization","@id":"https:\/\/ibcparts.eu\/#organization","name":"IBC-Teile","url":"https:\/\/ibcparts.eu\/","logo":{"@type":"ImageObject","inLanguage":"de","@id":"https:\/\/ibcparts.eu\/#\/schema\/logo\/image\/","url":"https:\/\/ibcparts.eu\/wp-content\/uploads\/2021\/10\/Footer-Logo.png","contentUrl":"https:\/\/ibcparts.eu\/wp-content\/uploads\/2021\/10\/Footer-Logo.png","width":1992,"height":772,"caption":"IBCparts"},"image":{"@id":"https:\/\/ibcparts.eu\/#\/schema\/logo\/image\/"}}]}},"_links":{"self":[{"href":"https:\/\/ibcparts.eu\/de\/wp-json\/wp\/v2\/product\/7124","targetHints":{"allow":["GET"]}}],"collection":[{"href":"https:\/\/ibcparts.eu\/de\/wp-json\/wp\/v2\/product"}],"about":[{"href":"https:\/\/ibcparts.eu\/de\/wp-json\/wp\/v2\/types\/product"}],"version-history":[{"count":3,"href":"https:\/\/ibcparts.eu\/de\/wp-json\/wp\/v2\/product\/7124\/revisions"}],"predecessor-version":[{"id":19875,"href":"https:\/\/ibcparts.eu\/de\/wp-json\/wp\/v2\/product\/7124\/revisions\/19875"}],"wp:featuredmedia":[{"embeddable":true,"href":"https:\/\/ibcparts.eu\/de\/wp-json\/wp\/v2\/media\/12584"}],"wp:attachment":[{"href":"https:\/\/ibcparts.eu\/de\/wp-json\/wp\/v2\/media?parent=7124"}],"wp:term":[{"taxonomy":"product_brand","embeddable":true,"href":"https:\/\/ibcparts.eu\/de\/wp-json\/wp\/v2\/product_brand?post=7124"},{"taxonomy":"product_cat","embeddable":true,"href":"https:\/\/ibcparts.eu\/de\/wp-json\/wp\/v2\/product_cat?post=7124"},{"taxonomy":"product_tag","embeddable":true,"href":"https:\/\/ibcparts.eu\/de\/wp-json\/wp\/v2\/product_tag?post=7124"}],"curies":[{"name":"wp","href":"https:\/\/api.w.org\/{rel}","templated":true}]}}