{"id":7064,"date":"2021-11-04T08:20:32","date_gmt":"2021-11-04T07:20:32","guid":{"rendered":"https:\/\/ibcparts.eu\/?post_type=product&#038;p=7064"},"modified":"2025-11-16T10:15:45","modified_gmt":"2025-11-16T09:15:45","slug":"sadilnik-palic","status":"publish","type":"product","link":"https:\/\/ibcparts.eu\/de\/produkt\/pfahlramme\/","title":{"rendered":"Pflanzgef\u00e4\u00df mit St\u00f6cken"},"content":{"rendered":"<div data-elementor-type=\"product-post\" data-elementor-id=\"7064\" class=\"elementor elementor-7064\" data-elementor-post-type=\"product\">\n\t\t\t\t\t\t<section class=\"wd-negative-gap elementor-section elementor-top-section elementor-element elementor-element-6b2b7f83 elementor-section-boxed elementor-section-height-default elementor-section-height-default\" data-id=\"6b2b7f83\" data-element_type=\"section\" data-e-type=\"section\">\n\t\t\t\t\t\t<div class=\"elementor-container elementor-column-gap-default\">\n\t\t\t\t\t<div class=\"elementor-column elementor-col-100 elementor-top-column elementor-element elementor-element-4aba2fce\" data-id=\"4aba2fce\" data-element_type=\"column\" data-e-type=\"column\">\n\t\t\t<div class=\"elementor-widget-wrap elementor-element-populated\">\n\t\t\t\t\t\t<div class=\"elementor-element elementor-element-5afa3a06 color-scheme-inherit text-left elementor-widget elementor-widget-text-editor\" data-id=\"5afa3a06\" data-element_type=\"widget\" data-e-type=\"widget\" data-widget_type=\"text-editor.default\">\n\t\t\t\t<div class=\"elementor-widget-container\">\n\t\t\t\t\t\t\t\t\t<p><b>Produktinformationen:<\/b><br \/>Der perfekte, leistungsstarke, patentierte und \u00e4u\u00dferst n\u00fctzliche Pflanzstock.<\/p><p><b>Material: <\/b>Stahl<br \/><b>Farbe:<\/b> hellblau<\/p><ul><li>Erleichtert das Einsetzen und Herausziehen von Stangen aus dem Boden.<\/li><li>Kleben Sie auf diese Weise <b>tiefer gehen<\/b>wenn du die Kraft deines ganzen K\u00f6rpers einsetzt.<\/li><li>Auf diese Weise k\u00f6nnen Sie <b>Verletzungen verhindern<\/b>denn trockene St\u00f6cke neigen dazu, zu brechen, wenn man versucht, sie mit der Hand zu stechen.<\/li><li>N\u00fctzlich <b>mit allen Materialien<\/b>Holz, Kunststoff, Metall.<\/li><li>N\u00fctzlich<b> mit allen Formen von St\u00e4ben<\/b>sowohl richtig als auch falsch <b>bis zu 38 mm oz 60 mm Durchmesser<\/b>.<\/li><li>N\u00fctzlich sowohl in der Landwirtschaft als auch im Bauwesen.<\/li><li><b>Patentierte Konstruktion<\/b> gew\u00e4hrleistet volle Kontrolle bei der Nutzung.<\/li><li>Die Z\u00e4hne halten die Stange in Position.<\/li><li><b>Ohne unn\u00f6tige Konjugation<\/b> sowohl beim Einsetzen als auch beim Herausziehen der Stangen.<\/li><li><b>Leichte Arbeit, auch mit einer Hand!<\/b><\/li><\/ul>\t\t\t\t\t\t\t\t<\/div>\n\t\t\t\t<\/div>\n\t\t\t\t\t<\/div>\n\t\t<\/div>\n\t\t\t\t\t<\/div>\n\t\t<\/section>\n\t\t\t\t<section class=\"wd-negative-gap elementor-section elementor-top-section elementor-element elementor-element-90d2a63 elementor-section-boxed elementor-section-height-default elementor-section-height-default\" data-id=\"90d2a63\" data-element_type=\"section\" data-e-type=\"section\">\n\t\t\t\t\t\t<div class=\"elementor-container elementor-column-gap-default\">\n\t\t\t\t\t<div class=\"elementor-column elementor-col-100 elementor-top-column elementor-element elementor-element-9fb7e94\" data-id=\"9fb7e94\" data-element_type=\"column\" data-e-type=\"column\">\n\t\t\t<div class=\"elementor-widget-wrap elementor-element-populated\">\n\t\t\t\t\t\t<div class=\"elementor-element elementor-element-a6e238f elementor-widget-divider--view-line elementor-widget elementor-widget-divider\" data-id=\"a6e238f\" data-element_type=\"widget\" data-e-type=\"widget\" data-widget_type=\"divider.default\">\n\t\t\t\t<div class=\"elementor-widget-container\">\n\t\t\t\t\t\t\t<div class=\"elementor-divider\">\n\t\t\t<span class=\"elementor-divider-separator\">\n\t\t\t\t\t\t<\/span>\n\t\t<\/div>\n\t\t\t\t\t\t<\/div>\n\t\t\t\t<\/div>\n\t\t\t\t\t<\/div>\n\t\t<\/div>\n\t\t\t\t\t<\/div>\n\t\t<\/section>\n\t\t\t\t<section class=\"wd-negative-gap elementor-section elementor-top-section elementor-element elementor-element-7a3fb24 elementor-section-boxed elementor-section-height-default elementor-section-height-default\" data-id=\"7a3fb24\" data-element_type=\"section\" data-e-type=\"section\">\n\t\t\t\t\t\t<div class=\"elementor-container elementor-column-gap-default\">\n\t\t\t\t\t<div class=\"elementor-column elementor-col-100 elementor-top-column elementor-element elementor-element-debe240\" data-id=\"debe240\" data-element_type=\"column\" data-e-type=\"column\">\n\t\t\t<div class=\"elementor-widget-wrap elementor-element-populated\">\n\t\t\t\t\t\t<div class=\"elementor-element elementor-element-6a865ec elementor-widget elementor-widget-video\" data-id=\"6a865ec\" data-element_type=\"widget\" data-e-type=\"widget\" data-settings=\"{&quot;youtube_url&quot;:&quot;https:\\\/\\\/youtu.be\\\/AtgJFrFXdq8&quot;,&quot;video_type&quot;:&quot;youtube&quot;,&quot;controls&quot;:&quot;yes&quot;}\" data-widget_type=\"video.default\">\n\t\t\t\t<div class=\"elementor-widget-container\">\n\t\t\t\t\t\t\t<div class=\"elementor-wrapper elementor-open-inline\">\n\t\t\t<div class=\"elementor-video\"><\/div>\t\t<\/div>\n\t\t\t\t\t\t<\/div>\n\t\t\t\t<\/div>\n\t\t\t\t\t<\/div>\n\t\t<\/div>\n\t\t\t\t\t<\/div>\n\t\t<\/section>\n\t\t\t\t<\/div>","protected":false},"excerpt":{"rendered":"<p>Der perfekte, leistungsstarke, patentierte und \u00e4u\u00dferst n\u00fctzliche Pflanzstock.<\/p>\n<p><strong>Material:<\/strong> Stahl<\/p>\n<p><strong>Farbe:<\/strong> hellblau<\/p>\n<p>Es sind zwei Versionen verf\u00fcgbar:<br \/>\n1. bis zum Durchmesser der Stange <strong>38<\/strong> mm<br \/>\n2. bis zum Durchmesser der Stange <strong>60<\/strong> mm<\/p>","protected":false},"featured_media":12850,"template":"","meta":[],"product_brand":[],"product_cat":[187],"product_tag":[270],"class_list":{"0":"post-7064","1":"product","2":"type-product","3":"status-publish","4":"has-post-thumbnail","6":"product_cat-pripomocki-za-pretakanje-tekocine","7":"product_tag-sadilnik-palic","9":"first","10":"instock","11":"sale","12":"shipping-taxable","13":"purchasable","14":"product-type-variable"},"yoast_head":"<!-- This site is optimized with the Yoast SEO plugin v27.1.1 - https:\/\/yoast.com\/product\/yoast-seo-wordpress\/ -->\n<title>Sadilnik palic | IBCparts.eu<\/title>\n<meta name=\"description\" content=\"Olaj\u0161a vstavitev in ekstrakcijo palic iz tal. Palico na ta na\u010din zapi\u010dite globlje, saj uporabite silo celega telesa.\" \/>\n<meta name=\"robots\" content=\"index, follow, max-snippet:-1, max-image-preview:large, max-video-preview:-1\" \/>\n<link rel=\"canonical\" href=\"https:\/\/ibcparts.eu\/de\/artikel\/sadilnik-palic\/\" \/>\n<meta property=\"og:locale\" content=\"de_DE\" \/>\n<meta property=\"og:type\" content=\"article\" \/>\n<meta property=\"og:title\" content=\"Sadilnik palic | IBCparts.eu\" \/>\n<meta property=\"og:description\" content=\"Olaj\u0161a vstavitev in ekstrakcijo palic iz tal. Palico na ta na\u010din zapi\u010dite globlje, saj uporabite silo celega telesa.\" \/>\n<meta property=\"og:url\" content=\"https:\/\/ibcparts.eu\/de\/artikel\/sadilnik-palic\/\" \/>\n<meta property=\"og:site_name\" content=\"IBCparts.eu\" \/>\n<meta property=\"article:modified_time\" content=\"2025-11-16T09:15:45+00:00\" \/>\n<meta property=\"og:image\" content=\"https:\/\/ibcparts.eu\/wp-content\/uploads\/2021\/11\/sadilec_orig-1.jpg\" \/>\n\t<meta property=\"og:image:width\" content=\"600\" \/>\n\t<meta property=\"og:image:height\" content=\"600\" \/>\n\t<meta property=\"og:image:type\" content=\"image\/jpeg\" \/>\n<meta name=\"twitter:card\" content=\"summary_large_image\" \/>\n<script type=\"application\/ld+json\" class=\"yoast-schema-graph\">{\"@context\":\"https:\/\/schema.org\",\"@graph\":[{\"@type\":\"WebPage\",\"@id\":\"https:\/\/ibcparts.eu\/nl\/artikel\/sadilnik-palic\/\",\"url\":\"https:\/\/ibcparts.eu\/nl\/artikel\/sadilnik-palic\/\",\"name\":\"Sadilnik palic | IBCparts.eu\",\"isPartOf\":{\"@id\":\"https:\/\/ibcparts.eu\/#website\"},\"primaryImageOfPage\":{\"@id\":\"https:\/\/ibcparts.eu\/nl\/artikel\/sadilnik-palic\/#primaryimage\"},\"image\":{\"@id\":\"https:\/\/ibcparts.eu\/nl\/artikel\/sadilnik-palic\/#primaryimage\"},\"thumbnailUrl\":\"https:\/\/ibcparts.eu\/wp-content\/uploads\/2021\/11\/sadilec_orig-1.jpg\",\"datePublished\":\"2021-11-04T07:20:32+00:00\",\"dateModified\":\"2025-11-16T09:15:45+00:00\",\"description\":\"Olaj\u0161a vstavitev in ekstrakcijo palic iz tal. Palico na ta na\u010din zapi\u010dite globlje, saj uporabite silo celega telesa.\",\"breadcrumb\":{\"@id\":\"https:\/\/ibcparts.eu\/nl\/artikel\/sadilnik-palic\/#breadcrumb\"},\"inLanguage\":\"de\",\"potentialAction\":[{\"@type\":\"ReadAction\",\"target\":[\"https:\/\/ibcparts.eu\/nl\/artikel\/sadilnik-palic\/\"]}]},{\"@type\":\"ImageObject\",\"inLanguage\":\"de\",\"@id\":\"https:\/\/ibcparts.eu\/nl\/artikel\/sadilnik-palic\/#primaryimage\",\"url\":\"https:\/\/ibcparts.eu\/wp-content\/uploads\/2021\/11\/sadilec_orig-1.jpg\",\"contentUrl\":\"https:\/\/ibcparts.eu\/wp-content\/uploads\/2021\/11\/sadilec_orig-1.jpg\",\"width\":600,\"height\":600,\"caption\":\"sadilnik palic\"},{\"@type\":\"BreadcrumbList\",\"@id\":\"https:\/\/ibcparts.eu\/nl\/artikel\/sadilnik-palic\/#breadcrumb\",\"itemListElement\":[{\"@type\":\"ListItem\",\"position\":1,\"name\":\"Home\",\"item\":\"https:\/\/ibcparts.eu\/\"},{\"@type\":\"ListItem\",\"position\":2,\"name\":\"Nakupujte\",\"item\":\"https:\/\/ibcparts.eu\/nakupujte\/\"},{\"@type\":\"ListItem\",\"position\":3,\"name\":\"Sadilnik palic\"}]},{\"@type\":\"WebSite\",\"@id\":\"https:\/\/ibcparts.eu\/#website\",\"url\":\"https:\/\/ibcparts.eu\/\",\"name\":\"IBCparts.eu\",\"description\":\"\",\"publisher\":{\"@id\":\"https:\/\/ibcparts.eu\/#organization\"},\"potentialAction\":[{\"@type\":\"SearchAction\",\"target\":{\"@type\":\"EntryPoint\",\"urlTemplate\":\"https:\/\/ibcparts.eu\/?s={search_term_string}\"},\"query-input\":{\"@type\":\"PropertyValueSpecification\",\"valueRequired\":true,\"valueName\":\"search_term_string\"}}],\"inLanguage\":\"de\"},{\"@type\":\"Organization\",\"@id\":\"https:\/\/ibcparts.eu\/#organization\",\"name\":\"IBCparts\",\"url\":\"https:\/\/ibcparts.eu\/\",\"logo\":{\"@type\":\"ImageObject\",\"inLanguage\":\"de\",\"@id\":\"https:\/\/ibcparts.eu\/#\/schema\/logo\/image\/\",\"url\":\"https:\/\/ibcparts.eu\/wp-content\/uploads\/2021\/10\/Footer-Logo.png\",\"contentUrl\":\"https:\/\/ibcparts.eu\/wp-content\/uploads\/2021\/10\/Footer-Logo.png\",\"width\":1992,\"height\":772,\"caption\":\"IBCparts\"},\"image\":{\"@id\":\"https:\/\/ibcparts.eu\/#\/schema\/logo\/image\/\"}}]}<\/script>\n<!-- \/ Yoast SEO plugin. -->","yoast_head_json":{"title":"Stangenpflanzmaschine | IBCparts.eu","description":"Erleichtert das Einsetzen und Herausziehen von Stangen aus dem Boden. Auf diese Weise wird der Stock mit der Kraft des ganzen K\u00f6rpers tiefer eingetrieben.","robots":{"index":"index","follow":"follow","max-snippet":"max-snippet:-1","max-image-preview":"max-image-preview:large","max-video-preview":"max-video-preview:-1"},"canonical":"https:\/\/ibcparts.eu\/de\/artikel\/sadilnik-palic\/","og_locale":"de_DE","og_type":"article","og_title":"Sadilnik palic | IBCparts.eu","og_description":"Olaj\u0161a vstavitev in ekstrakcijo palic iz tal. Palico na ta na\u010din zapi\u010dite globlje, saj uporabite silo celega telesa.","og_url":"https:\/\/ibcparts.eu\/de\/artikel\/sadilnik-palic\/","og_site_name":"IBCparts.eu","article_modified_time":"2025-11-16T09:15:45+00:00","og_image":[{"width":600,"height":600,"url":"https:\/\/ibcparts.eu\/wp-content\/uploads\/2021\/11\/sadilec_orig-1.jpg","type":"image\/jpeg"}],"twitter_card":"summary_large_image","schema":{"@context":"https:\/\/schema.org","@graph":[{"@type":"WebPage","@id":"https:\/\/ibcparts.eu\/nl\/artikel\/sadilnik-palic\/","url":"https:\/\/ibcparts.eu\/nl\/artikel\/sadilnik-palic\/","name":"Stangenpflanzmaschine | IBCparts.eu","isPartOf":{"@id":"https:\/\/ibcparts.eu\/#website"},"primaryImageOfPage":{"@id":"https:\/\/ibcparts.eu\/nl\/artikel\/sadilnik-palic\/#primaryimage"},"image":{"@id":"https:\/\/ibcparts.eu\/nl\/artikel\/sadilnik-palic\/#primaryimage"},"thumbnailUrl":"https:\/\/ibcparts.eu\/wp-content\/uploads\/2021\/11\/sadilec_orig-1.jpg","datePublished":"2021-11-04T07:20:32+00:00","dateModified":"2025-11-16T09:15:45+00:00","description":"Erleichtert das Einsetzen und Herausziehen von Stangen aus dem Boden. Auf diese Weise wird der Stock mit der Kraft des ganzen K\u00f6rpers tiefer eingetrieben.","breadcrumb":{"@id":"https:\/\/ibcparts.eu\/nl\/artikel\/sadilnik-palic\/#breadcrumb"},"inLanguage":"de","potentialAction":[{"@type":"ReadAction","target":["https:\/\/ibcparts.eu\/nl\/artikel\/sadilnik-palic\/"]}]},{"@type":"ImageObject","inLanguage":"de","@id":"https:\/\/ibcparts.eu\/nl\/artikel\/sadilnik-palic\/#primaryimage","url":"https:\/\/ibcparts.eu\/wp-content\/uploads\/2021\/11\/sadilec_orig-1.jpg","contentUrl":"https:\/\/ibcparts.eu\/wp-content\/uploads\/2021\/11\/sadilec_orig-1.jpg","width":600,"height":600,"caption":"sadilnik palic"},{"@type":"BreadcrumbList","@id":"https:\/\/ibcparts.eu\/nl\/artikel\/sadilnik-palic\/#breadcrumb","itemListElement":[{"@type":"ListItem","position":1,"name":"Home","item":"https:\/\/ibcparts.eu\/"},{"@type":"ListItem","position":2,"name":"Nakupujte","item":"https:\/\/ibcparts.eu\/nakupujte\/"},{"@type":"ListItem","position":3,"name":"Sadilnik palic"}]},{"@type":"WebSite","@id":"https:\/\/ibcparts.eu\/#website","url":"https:\/\/ibcparts.eu\/","name":"IBC-Teile.eu","description":"","publisher":{"@id":"https:\/\/ibcparts.eu\/#organization"},"potentialAction":[{"@type":"SearchAction","target":{"@type":"EntryPoint","urlTemplate":"https:\/\/ibcparts.eu\/?s={search_term_string}"},"query-input":{"@type":"PropertyValueSpecification","valueRequired":true,"valueName":"search_term_string"}}],"inLanguage":"de"},{"@type":"Organization","@id":"https:\/\/ibcparts.eu\/#organization","name":"IBC-Teile","url":"https:\/\/ibcparts.eu\/","logo":{"@type":"ImageObject","inLanguage":"de","@id":"https:\/\/ibcparts.eu\/#\/schema\/logo\/image\/","url":"https:\/\/ibcparts.eu\/wp-content\/uploads\/2021\/10\/Footer-Logo.png","contentUrl":"https:\/\/ibcparts.eu\/wp-content\/uploads\/2021\/10\/Footer-Logo.png","width":1992,"height":772,"caption":"IBCparts"},"image":{"@id":"https:\/\/ibcparts.eu\/#\/schema\/logo\/image\/"}}]}},"_links":{"self":[{"href":"https:\/\/ibcparts.eu\/de\/wp-json\/wp\/v2\/product\/7064","targetHints":{"allow":["GET"]}}],"collection":[{"href":"https:\/\/ibcparts.eu\/de\/wp-json\/wp\/v2\/product"}],"about":[{"href":"https:\/\/ibcparts.eu\/de\/wp-json\/wp\/v2\/types\/product"}],"version-history":[{"count":0,"href":"https:\/\/ibcparts.eu\/de\/wp-json\/wp\/v2\/product\/7064\/revisions"}],"wp:featuredmedia":[{"embeddable":true,"href":"https:\/\/ibcparts.eu\/de\/wp-json\/wp\/v2\/media\/12850"}],"wp:attachment":[{"href":"https:\/\/ibcparts.eu\/de\/wp-json\/wp\/v2\/media?parent=7064"}],"wp:term":[{"taxonomy":"product_brand","embeddable":true,"href":"https:\/\/ibcparts.eu\/de\/wp-json\/wp\/v2\/product_brand?post=7064"},{"taxonomy":"product_cat","embeddable":true,"href":"https:\/\/ibcparts.eu\/de\/wp-json\/wp\/v2\/product_cat?post=7064"},{"taxonomy":"product_tag","embeddable":true,"href":"https:\/\/ibcparts.eu\/de\/wp-json\/wp\/v2\/product_tag?post=7064"}],"curies":[{"name":"wp","href":"https:\/\/api.w.org\/{rel}","templated":true}]}}