{"id":7048,"date":"2021-11-04T08:12:12","date_gmt":"2021-11-04T07:12:12","guid":{"rendered":"https:\/\/ibcparts.eu\/?post_type=product&#038;p=7048"},"modified":"2025-11-16T10:15:50","modified_gmt":"2025-11-16T09:15:50","slug":"waterboy","status":"publish","type":"product","link":"https:\/\/ibcparts.eu\/de\/produkt\/waterboy\/","title":{"rendered":"Wassertr\u00e4ger"},"content":{"rendered":"<div data-elementor-type=\"product-post\" data-elementor-id=\"7048\" class=\"elementor elementor-7048\" data-elementor-post-type=\"product\">\n\t\t\t\t\t\t<section class=\"wd-negative-gap elementor-section elementor-top-section elementor-element elementor-element-ad0e221 elementor-section-boxed elementor-section-height-default elementor-section-height-default\" data-id=\"ad0e221\" data-element_type=\"section\" data-e-type=\"section\">\n\t\t\t\t\t\t<div class=\"elementor-container elementor-column-gap-default\">\n\t\t\t\t\t<div class=\"elementor-column elementor-col-100 elementor-top-column elementor-element elementor-element-3176bb7\" data-id=\"3176bb7\" data-element_type=\"column\" data-e-type=\"column\">\n\t\t\t<div class=\"elementor-widget-wrap elementor-element-populated\">\n\t\t\t\t\t\t<div class=\"elementor-element elementor-element-a819de9 elementor-widget elementor-widget-video\" data-id=\"a819de9\" data-element_type=\"widget\" data-e-type=\"widget\" data-settings=\"{&quot;video_type&quot;:&quot;hosted&quot;,&quot;controls&quot;:&quot;yes&quot;}\" data-widget_type=\"video.default\">\n\t\t\t\t<div class=\"elementor-widget-container\">\n\t\t\t\t\t\t\t<div class=\"e-hosted-video elementor-wrapper elementor-open-inline\">\n\t\t\t\t\t<video class=\"elementor-video\" src=\"https:\/\/ibcparts.eu\/wp-content\/uploads\/2022\/02\/waterboy_namoci_809.mp4\" controls=\"\" preload=\"metadata\" controlslist=\"nodownload\"><\/video>\n\t\t\t\t<\/div>\n\t\t\t\t\t\t<\/div>\n\t\t\t\t<\/div>\n\t\t\t\t\t<\/div>\n\t\t<\/div>\n\t\t\t\t\t<\/div>\n\t\t<\/section>\n\t\t\t\t<section class=\"wd-negative-gap elementor-section elementor-top-section elementor-element elementor-element-28114175 elementor-section-boxed elementor-section-height-default elementor-section-height-default\" data-id=\"28114175\" data-element_type=\"section\" data-e-type=\"section\">\n\t\t\t\t\t\t<div class=\"elementor-container elementor-column-gap-default\">\n\t\t\t\t\t<div class=\"elementor-column elementor-col-100 elementor-top-column elementor-element elementor-element-268b3702\" data-id=\"268b3702\" data-element_type=\"column\" data-e-type=\"column\">\n\t\t\t<div class=\"elementor-widget-wrap elementor-element-populated\">\n\t\t\t\t\t\t<div class=\"elementor-element elementor-element-52c9b785 color-scheme-inherit text-left elementor-widget elementor-widget-text-editor\" data-id=\"52c9b785\" data-element_type=\"widget\" data-e-type=\"widget\" data-widget_type=\"text-editor.default\">\n\t\t\t\t<div class=\"elementor-widget-container\">\n\t\t\t\t\t\t\t\t\t<p><span style=\"font-size: large;\"><strong>Produktinformationen:<\/strong><br \/>Hochwertiger automatischer Tropfkopf f\u00fcr die Bew\u00e4sserung von Pflanzen in Haus und Garten.<\/span><\/p><p>Material: Kunststoff\u00a0<br \/>Farbe: Gr\u00fcn und Orange<br \/>Gesamth\u00f6he: 15cm<\/p><p>Ein Waterboy ist ein Bew\u00e4sserungsger\u00e4t, an dem eine Halbliter- oder Literflasche mit Wasser oder einem vorbereiteten N\u00e4hrstoff befestigt ist.\u00a0<strong>Einstellen der Bew\u00e4sserungsgeschwindigkeit<\/strong>Stecken Sie das gew\u00fcnschte Fleisch in den Boden und das Ding funktioniert*.<br \/>Ideal f\u00fcr Zeiten, in denen man mehrere Tage von zu Hause weg ist.<\/p><p>Sie k\u00f6nnen die Geschwindigkeit einstellen. Von 0-60 Sekunden \/ 1 Tropfen. So kann ein Tropfen jede Sekunde flie\u00dfen oder die Zeit zwischen den Tropfen kann beliebig verl\u00e4ngert werden.<\/p><p><strong>Jetzt eine neue Version mit Unterst\u00fctzung f\u00fcr noch mehr Stabilit\u00e4t, auch bei lockerem und\/oder nassem Boden).<\/strong><\/p><p>Verwenden Sie eine 0,5-Liter- oder 1-Liter-Flasche f\u00fcr lockeren Boden (damit sie nicht zu viel wiegt) oder eine 1,5-Liter-Flasche f\u00fcr h\u00e4rteren Boden.<\/p><p>Sie k\u00f6nnen auch einen Schlauch daran befestigen und das Wasser an die gew\u00fcnschte Stelle leiten (diese Option bieten wir nicht an - sie ist als m\u00f6gliche L\u00f6sung dargestellt.<\/p><p>Verwendung in vertikaler Position.<\/p><p>*Die Flasche muss durchstochen werden, damit Luft in die Flasche str\u00f6men kann. Vorzugsweise am Boden der Flasche.<\/p><p>Die neue Version passt auf alle g\u00e4ngigen Flaschenh\u00e4lse, z.B. Coca Cola, Zala, Radenska...<\/p>\t\t\t\t\t\t\t\t<\/div>\n\t\t\t\t<\/div>\n\t\t\t\t\t<\/div>\n\t\t<\/div>\n\t\t\t\t\t<\/div>\n\t\t<\/section>\n\t\t\t\t<\/div>","protected":false},"excerpt":{"rendered":"<p>https:\/\/ibcparts.eu\/wp-content\/uploads\/2022\/02\/waterboy_namoci_809.mp4 Produktinformation: Hochwertiger automatischer Tropfkopf f\u00fcr die Bew\u00e4sserung von Pflanzen in Haus und Garten. Material: Kunststoff Farbe: Gr\u00fcn<\/p>","protected":false},"featured_media":7049,"template":"","meta":[],"product_brand":[],"product_cat":[187],"product_tag":[],"class_list":{"0":"post-7048","1":"product","2":"type-product","3":"status-publish","4":"has-post-thumbnail","6":"product_cat-pripomocki-za-pretakanje-tekocine","8":"first","9":"instock","10":"sale","11":"shipping-taxable","12":"purchasable","13":"product-type-simple"},"yoast_head":"<!-- This site is optimized with the Yoast SEO plugin v27.1.1 - https:\/\/yoast.com\/product\/yoast-seo-wordpress\/ -->\n<title>Waterboy | IBCparts.eu<\/title>\n<meta name=\"description\" content=\"Waterboy je namakalna enota na katero se natakne pollitrska ali litrska plastenka z vodo ali pripravljenim hranilnim sredstvom.\u00a0\" \/>\n<meta name=\"robots\" content=\"index, follow, max-snippet:-1, max-image-preview:large, max-video-preview:-1\" \/>\n<link rel=\"canonical\" href=\"https:\/\/ibcparts.eu\/de\/produkt\/waterboy\/\" \/>\n<meta property=\"og:locale\" content=\"de_DE\" \/>\n<meta property=\"og:type\" content=\"article\" \/>\n<meta property=\"og:title\" content=\"Waterboy | IBCparts.eu\" \/>\n<meta property=\"og:description\" content=\"Waterboy je namakalna enota na katero se natakne pollitrska ali litrska plastenka z vodo ali pripravljenim hranilnim sredstvom.\u00a0\" \/>\n<meta property=\"og:url\" content=\"https:\/\/ibcparts.eu\/de\/produkt\/waterboy\/\" \/>\n<meta property=\"og:site_name\" content=\"IBCparts.eu\" \/>\n<meta property=\"article:modified_time\" content=\"2025-11-16T09:15:50+00:00\" \/>\n<meta property=\"og:image\" content=\"https:\/\/ibcparts.eu\/wp-content\/uploads\/2021\/11\/20210421-200742_orig.jpg\" \/>\n\t<meta property=\"og:image:width\" content=\"800\" \/>\n\t<meta property=\"og:image:height\" content=\"800\" \/>\n\t<meta property=\"og:image:type\" content=\"image\/jpeg\" \/>\n<meta name=\"twitter:card\" content=\"summary_large_image\" \/>\n<script type=\"application\/ld+json\" class=\"yoast-schema-graph\">{\"@context\":\"https:\/\/schema.org\",\"@graph\":[{\"@type\":\"WebPage\",\"@id\":\"https:\/\/ibcparts.eu\/de\/produkt\/waterboy\/\",\"url\":\"https:\/\/ibcparts.eu\/de\/produkt\/waterboy\/\",\"name\":\"Waterboy | IBCparts.eu\",\"isPartOf\":{\"@id\":\"https:\/\/ibcparts.eu\/#website\"},\"primaryImageOfPage\":{\"@id\":\"https:\/\/ibcparts.eu\/de\/produkt\/waterboy\/#primaryimage\"},\"image\":{\"@id\":\"https:\/\/ibcparts.eu\/de\/produkt\/waterboy\/#primaryimage\"},\"thumbnailUrl\":\"https:\/\/ibcparts.eu\/wp-content\/uploads\/2021\/11\/20210421-200742_orig.jpg\",\"datePublished\":\"2021-11-04T07:12:12+00:00\",\"dateModified\":\"2025-11-16T09:15:50+00:00\",\"description\":\"Waterboy je namakalna enota na katero se natakne pollitrska ali litrska plastenka z vodo ali pripravljenim hranilnim sredstvom.\u00a0\",\"breadcrumb\":{\"@id\":\"https:\/\/ibcparts.eu\/de\/produkt\/waterboy\/#breadcrumb\"},\"inLanguage\":\"de\",\"potentialAction\":[{\"@type\":\"ReadAction\",\"target\":[\"https:\/\/ibcparts.eu\/de\/produkt\/waterboy\/\"]}]},{\"@type\":\"ImageObject\",\"inLanguage\":\"de\",\"@id\":\"https:\/\/ibcparts.eu\/de\/produkt\/waterboy\/#primaryimage\",\"url\":\"https:\/\/ibcparts.eu\/wp-content\/uploads\/2021\/11\/20210421-200742_orig.jpg\",\"contentUrl\":\"https:\/\/ibcparts.eu\/wp-content\/uploads\/2021\/11\/20210421-200742_orig.jpg\",\"width\":800,\"height\":800,\"caption\":\"20210421-200742_orig\"},{\"@type\":\"BreadcrumbList\",\"@id\":\"https:\/\/ibcparts.eu\/de\/produkt\/waterboy\/#breadcrumb\",\"itemListElement\":[{\"@type\":\"ListItem\",\"position\":1,\"name\":\"Home\",\"item\":\"https:\/\/ibcparts.eu\/\"},{\"@type\":\"ListItem\",\"position\":2,\"name\":\"Nakupujte\",\"item\":\"https:\/\/ibcparts.eu\/nakupujte\/\"},{\"@type\":\"ListItem\",\"position\":3,\"name\":\"Waterboy\"}]},{\"@type\":\"WebSite\",\"@id\":\"https:\/\/ibcparts.eu\/#website\",\"url\":\"https:\/\/ibcparts.eu\/\",\"name\":\"IBCparts.eu\",\"description\":\"\",\"publisher\":{\"@id\":\"https:\/\/ibcparts.eu\/#organization\"},\"potentialAction\":[{\"@type\":\"SearchAction\",\"target\":{\"@type\":\"EntryPoint\",\"urlTemplate\":\"https:\/\/ibcparts.eu\/?s={search_term_string}\"},\"query-input\":{\"@type\":\"PropertyValueSpecification\",\"valueRequired\":true,\"valueName\":\"search_term_string\"}}],\"inLanguage\":\"de\"},{\"@type\":\"Organization\",\"@id\":\"https:\/\/ibcparts.eu\/#organization\",\"name\":\"IBCparts\",\"url\":\"https:\/\/ibcparts.eu\/\",\"logo\":{\"@type\":\"ImageObject\",\"inLanguage\":\"de\",\"@id\":\"https:\/\/ibcparts.eu\/#\/schema\/logo\/image\/\",\"url\":\"https:\/\/ibcparts.eu\/wp-content\/uploads\/2021\/10\/Footer-Logo.png\",\"contentUrl\":\"https:\/\/ibcparts.eu\/wp-content\/uploads\/2021\/10\/Footer-Logo.png\",\"width\":1992,\"height\":772,\"caption\":\"IBCparts\"},\"image\":{\"@id\":\"https:\/\/ibcparts.eu\/#\/schema\/logo\/image\/\"}}]}<\/script>\n<!-- \/ Yoast SEO plugin. -->","yoast_head_json":{"title":"Waterboy | IBCparts.eu","description":"Ein Waterboy ist ein Bew\u00e4sserungsger\u00e4t, an dem eine Halbliter- oder Literflasche mit Wasser oder einem vorbereiteten N\u00e4hrstoff befestigt ist.\u00a0","robots":{"index":"index","follow":"follow","max-snippet":"max-snippet:-1","max-image-preview":"max-image-preview:large","max-video-preview":"max-video-preview:-1"},"canonical":"https:\/\/ibcparts.eu\/de\/produkt\/waterboy\/","og_locale":"de_DE","og_type":"article","og_title":"Waterboy | IBCparts.eu","og_description":"Waterboy je namakalna enota na katero se natakne pollitrska ali litrska plastenka z vodo ali pripravljenim hranilnim sredstvom.\u00a0","og_url":"https:\/\/ibcparts.eu\/de\/produkt\/waterboy\/","og_site_name":"IBCparts.eu","article_modified_time":"2025-11-16T09:15:50+00:00","og_image":[{"width":800,"height":800,"url":"https:\/\/ibcparts.eu\/wp-content\/uploads\/2021\/11\/20210421-200742_orig.jpg","type":"image\/jpeg"}],"twitter_card":"summary_large_image","schema":{"@context":"https:\/\/schema.org","@graph":[{"@type":"WebPage","@id":"https:\/\/ibcparts.eu\/de\/produkt\/waterboy\/","url":"https:\/\/ibcparts.eu\/de\/produkt\/waterboy\/","name":"Waterboy | IBCparts.eu","isPartOf":{"@id":"https:\/\/ibcparts.eu\/#website"},"primaryImageOfPage":{"@id":"https:\/\/ibcparts.eu\/de\/produkt\/waterboy\/#primaryimage"},"image":{"@id":"https:\/\/ibcparts.eu\/de\/produkt\/waterboy\/#primaryimage"},"thumbnailUrl":"https:\/\/ibcparts.eu\/wp-content\/uploads\/2021\/11\/20210421-200742_orig.jpg","datePublished":"2021-11-04T07:12:12+00:00","dateModified":"2025-11-16T09:15:50+00:00","description":"Ein Waterboy ist ein Bew\u00e4sserungsger\u00e4t, an dem eine Halbliter- oder Literflasche mit Wasser oder einem vorbereiteten N\u00e4hrstoff befestigt ist.\u00a0","breadcrumb":{"@id":"https:\/\/ibcparts.eu\/de\/produkt\/waterboy\/#breadcrumb"},"inLanguage":"de","potentialAction":[{"@type":"ReadAction","target":["https:\/\/ibcparts.eu\/de\/produkt\/waterboy\/"]}]},{"@type":"ImageObject","inLanguage":"de","@id":"https:\/\/ibcparts.eu\/de\/produkt\/waterboy\/#primaryimage","url":"https:\/\/ibcparts.eu\/wp-content\/uploads\/2021\/11\/20210421-200742_orig.jpg","contentUrl":"https:\/\/ibcparts.eu\/wp-content\/uploads\/2021\/11\/20210421-200742_orig.jpg","width":800,"height":800,"caption":"20210421-200742_orig"},{"@type":"BreadcrumbList","@id":"https:\/\/ibcparts.eu\/de\/produkt\/waterboy\/#breadcrumb","itemListElement":[{"@type":"ListItem","position":1,"name":"Home","item":"https:\/\/ibcparts.eu\/"},{"@type":"ListItem","position":2,"name":"Nakupujte","item":"https:\/\/ibcparts.eu\/nakupujte\/"},{"@type":"ListItem","position":3,"name":"Waterboy"}]},{"@type":"WebSite","@id":"https:\/\/ibcparts.eu\/#website","url":"https:\/\/ibcparts.eu\/","name":"IBC-Teile.eu","description":"","publisher":{"@id":"https:\/\/ibcparts.eu\/#organization"},"potentialAction":[{"@type":"SearchAction","target":{"@type":"EntryPoint","urlTemplate":"https:\/\/ibcparts.eu\/?s={search_term_string}"},"query-input":{"@type":"PropertyValueSpecification","valueRequired":true,"valueName":"search_term_string"}}],"inLanguage":"de"},{"@type":"Organization","@id":"https:\/\/ibcparts.eu\/#organization","name":"IBC-Teile","url":"https:\/\/ibcparts.eu\/","logo":{"@type":"ImageObject","inLanguage":"de","@id":"https:\/\/ibcparts.eu\/#\/schema\/logo\/image\/","url":"https:\/\/ibcparts.eu\/wp-content\/uploads\/2021\/10\/Footer-Logo.png","contentUrl":"https:\/\/ibcparts.eu\/wp-content\/uploads\/2021\/10\/Footer-Logo.png","width":1992,"height":772,"caption":"IBCparts"},"image":{"@id":"https:\/\/ibcparts.eu\/#\/schema\/logo\/image\/"}}]}},"_links":{"self":[{"href":"https:\/\/ibcparts.eu\/de\/wp-json\/wp\/v2\/product\/7048","targetHints":{"allow":["GET"]}}],"collection":[{"href":"https:\/\/ibcparts.eu\/de\/wp-json\/wp\/v2\/product"}],"about":[{"href":"https:\/\/ibcparts.eu\/de\/wp-json\/wp\/v2\/types\/product"}],"version-history":[{"count":0,"href":"https:\/\/ibcparts.eu\/de\/wp-json\/wp\/v2\/product\/7048\/revisions"}],"wp:featuredmedia":[{"embeddable":true,"href":"https:\/\/ibcparts.eu\/de\/wp-json\/wp\/v2\/media\/7049"}],"wp:attachment":[{"href":"https:\/\/ibcparts.eu\/de\/wp-json\/wp\/v2\/media?parent=7048"}],"wp:term":[{"taxonomy":"product_brand","embeddable":true,"href":"https:\/\/ibcparts.eu\/de\/wp-json\/wp\/v2\/product_brand?post=7048"},{"taxonomy":"product_cat","embeddable":true,"href":"https:\/\/ibcparts.eu\/de\/wp-json\/wp\/v2\/product_cat?post=7048"},{"taxonomy":"product_tag","embeddable":true,"href":"https:\/\/ibcparts.eu\/de\/wp-json\/wp\/v2\/product_tag?post=7048"}],"curies":[{"name":"wp","href":"https:\/\/api.w.org\/{rel}","templated":true}]}}