{"id":6775,"date":"2021-10-20T19:36:12","date_gmt":"2021-10-20T18:36:12","guid":{"rendered":"https:\/\/ibcparts.eu\/?post_type=product&#038;p=6775"},"modified":"2026-01-19T07:21:42","modified_gmt":"2026-01-19T06:21:42","slug":"matica-pp","status":"publish","type":"product","link":"https:\/\/ibcparts.eu\/de\/produkt\/matica-pp\/","title":{"rendered":"PP-Mutter"},"content":{"rendered":"","protected":false},"excerpt":{"rendered":"<p>Fiting matica.<\/p>\n<p>Na eni strani notranji (\u017eenski) navoj.<\/p>\n<p>Gr\u00f6\u00dfen:<\/p>\n<ul>\n<li>1&#8243;1\/2 (6\/4&#8243;)<\/li>\n<li>2&#8243;<\/li>\n<\/ul>\n<p>Werkstoff: PP<\/p>\n<p>Gewindetyp: BSP (Standard)<\/p>\n<p><strong>Mehr St\u00fccke, gr\u00f6\u00dferer Rabatt \u2013 Mengen verschiedener Artikel und Varianten werden zusammengerechnet!<\/strong><\/p>","protected":false},"featured_media":6776,"template":"","meta":[],"product_brand":[],"product_cat":[179,266],"product_tag":[420],"class_list":{"0":"post-6775","1":"product","2":"type-product","3":"status-publish","4":"has-post-thumbnail","6":"product_cat-alkaten-prikljucki-in-pp-fitingi","7":"product_cat-pp-fitingi-in-ventili","8":"product_tag-fiting-matica","10":"first","11":"instock","12":"shipping-taxable","13":"purchasable","14":"product-type-variable"},"yoast_head":"<!-- This site is optimized with the Yoast SEO plugin v27.1.1 - https:\/\/yoast.com\/product\/yoast-seo-wordpress\/ -->\n<title>Matica PP | IBCparts.eu<\/title>\n<meta name=\"description\" content=\"Fiting matica. Na eni strani notranji (\u017eenski) navoj. Material: PP. Tip navoja: BSP (standard).\" \/>\n<meta name=\"robots\" content=\"index, follow, max-snippet:-1, max-image-preview:large, max-video-preview:-1\" \/>\n<link rel=\"canonical\" href=\"https:\/\/ibcparts.eu\/de\/produkt\/matica-pp\/\" \/>\n<meta property=\"og:locale\" content=\"de_DE\" \/>\n<meta property=\"og:type\" content=\"article\" \/>\n<meta property=\"og:title\" content=\"Matica PP | IBCparts.eu\" \/>\n<meta property=\"og:description\" content=\"Fiting matica. Na eni strani notranji (\u017eenski) navoj. Material: PP. Tip navoja: BSP (standard).\" \/>\n<meta property=\"og:url\" content=\"https:\/\/ibcparts.eu\/de\/produkt\/matica-pp\/\" \/>\n<meta property=\"og:site_name\" content=\"IBCparts.eu\" \/>\n<meta property=\"article:modified_time\" content=\"2026-01-19T06:21:42+00:00\" \/>\n<meta property=\"og:image\" content=\"https:\/\/ibcparts.eu\/wp-content\/uploads\/2021\/10\/matica_orig-1.jpg\" \/>\n\t<meta property=\"og:image:width\" content=\"592\" \/>\n\t<meta property=\"og:image:height\" content=\"592\" \/>\n\t<meta property=\"og:image:type\" content=\"image\/jpeg\" \/>\n<meta name=\"twitter:card\" content=\"summary_large_image\" \/>\n<script type=\"application\/ld+json\" class=\"yoast-schema-graph\">{\"@context\":\"https:\/\/schema.org\",\"@graph\":[{\"@type\":\"WebPage\",\"@id\":\"https:\/\/ibcparts.eu\/izdelek\/matica-pp\/\",\"url\":\"https:\/\/ibcparts.eu\/izdelek\/matica-pp\/\",\"name\":\"Matica PP | IBCparts.eu\",\"isPartOf\":{\"@id\":\"https:\/\/ibcparts.eu\/#website\"},\"primaryImageOfPage\":{\"@id\":\"https:\/\/ibcparts.eu\/izdelek\/matica-pp\/#primaryimage\"},\"image\":{\"@id\":\"https:\/\/ibcparts.eu\/izdelek\/matica-pp\/#primaryimage\"},\"thumbnailUrl\":\"https:\/\/ibcparts.eu\/wp-content\/uploads\/2021\/10\/matica_orig-1.jpg\",\"datePublished\":\"2021-10-20T18:36:12+00:00\",\"dateModified\":\"2026-01-19T06:21:42+00:00\",\"description\":\"Fiting matica. Na eni strani notranji (\u017eenski) navoj. Material: PP. Tip navoja: BSP (standard).\",\"breadcrumb\":{\"@id\":\"https:\/\/ibcparts.eu\/izdelek\/matica-pp\/#breadcrumb\"},\"inLanguage\":\"de\",\"potentialAction\":[{\"@type\":\"ReadAction\",\"target\":[\"https:\/\/ibcparts.eu\/izdelek\/matica-pp\/\"]}]},{\"@type\":\"ImageObject\",\"inLanguage\":\"de\",\"@id\":\"https:\/\/ibcparts.eu\/izdelek\/matica-pp\/#primaryimage\",\"url\":\"https:\/\/ibcparts.eu\/wp-content\/uploads\/2021\/10\/matica_orig-1.jpg\",\"contentUrl\":\"https:\/\/ibcparts.eu\/wp-content\/uploads\/2021\/10\/matica_orig-1.jpg\",\"width\":592,\"height\":592,\"caption\":\"matica_orig (1)\"},{\"@type\":\"BreadcrumbList\",\"@id\":\"https:\/\/ibcparts.eu\/izdelek\/matica-pp\/#breadcrumb\",\"itemListElement\":[{\"@type\":\"ListItem\",\"position\":1,\"name\":\"Home\",\"item\":\"https:\/\/ibcparts.eu\/\"},{\"@type\":\"ListItem\",\"position\":2,\"name\":\"Nakupujte\",\"item\":\"https:\/\/ibcparts.eu\/nakupujte\/\"},{\"@type\":\"ListItem\",\"position\":3,\"name\":\"Matica PP\"}]},{\"@type\":\"WebSite\",\"@id\":\"https:\/\/ibcparts.eu\/#website\",\"url\":\"https:\/\/ibcparts.eu\/\",\"name\":\"IBCparts.eu\",\"description\":\"\",\"publisher\":{\"@id\":\"https:\/\/ibcparts.eu\/#organization\"},\"potentialAction\":[{\"@type\":\"SearchAction\",\"target\":{\"@type\":\"EntryPoint\",\"urlTemplate\":\"https:\/\/ibcparts.eu\/?s={search_term_string}\"},\"query-input\":{\"@type\":\"PropertyValueSpecification\",\"valueRequired\":true,\"valueName\":\"search_term_string\"}}],\"inLanguage\":\"de\"},{\"@type\":\"Organization\",\"@id\":\"https:\/\/ibcparts.eu\/#organization\",\"name\":\"IBCparts\",\"url\":\"https:\/\/ibcparts.eu\/\",\"logo\":{\"@type\":\"ImageObject\",\"inLanguage\":\"de\",\"@id\":\"https:\/\/ibcparts.eu\/#\/schema\/logo\/image\/\",\"url\":\"https:\/\/ibcparts.eu\/wp-content\/uploads\/2021\/10\/Footer-Logo.png\",\"contentUrl\":\"https:\/\/ibcparts.eu\/wp-content\/uploads\/2021\/10\/Footer-Logo.png\",\"width\":1992,\"height\":772,\"caption\":\"IBCparts\"},\"image\":{\"@id\":\"https:\/\/ibcparts.eu\/#\/schema\/logo\/image\/\"}}]}<\/script>\n<!-- \/ Yoast SEO plugin. -->","yoast_head_json":{"title":"PP-Mutter | IBCparts.eu","description":"Fiting matica. Na eni strani notranji (\u017eenski) navoj. Material: PP. Tip navoja: BSP (standard).","robots":{"index":"index","follow":"follow","max-snippet":"max-snippet:-1","max-image-preview":"max-image-preview:large","max-video-preview":"max-video-preview:-1"},"canonical":"https:\/\/ibcparts.eu\/de\/produkt\/matica-pp\/","og_locale":"de_DE","og_type":"article","og_title":"Matica PP | IBCparts.eu","og_description":"Fiting matica. Na eni strani notranji (\u017eenski) navoj. Material: PP. Tip navoja: BSP (standard).","og_url":"https:\/\/ibcparts.eu\/de\/produkt\/matica-pp\/","og_site_name":"IBCparts.eu","article_modified_time":"2026-01-19T06:21:42+00:00","og_image":[{"width":592,"height":592,"url":"https:\/\/ibcparts.eu\/wp-content\/uploads\/2021\/10\/matica_orig-1.jpg","type":"image\/jpeg"}],"twitter_card":"summary_large_image","schema":{"@context":"https:\/\/schema.org","@graph":[{"@type":"WebPage","@id":"https:\/\/ibcparts.eu\/izdelek\/matica-pp\/","url":"https:\/\/ibcparts.eu\/izdelek\/matica-pp\/","name":"PP-Mutter | IBCparts.eu","isPartOf":{"@id":"https:\/\/ibcparts.eu\/#website"},"primaryImageOfPage":{"@id":"https:\/\/ibcparts.eu\/izdelek\/matica-pp\/#primaryimage"},"image":{"@id":"https:\/\/ibcparts.eu\/izdelek\/matica-pp\/#primaryimage"},"thumbnailUrl":"https:\/\/ibcparts.eu\/wp-content\/uploads\/2021\/10\/matica_orig-1.jpg","datePublished":"2021-10-20T18:36:12+00:00","dateModified":"2026-01-19T06:21:42+00:00","description":"Fiting matica. Na eni strani notranji (\u017eenski) navoj. Material: PP. Tip navoja: BSP (standard).","breadcrumb":{"@id":"https:\/\/ibcparts.eu\/izdelek\/matica-pp\/#breadcrumb"},"inLanguage":"de","potentialAction":[{"@type":"ReadAction","target":["https:\/\/ibcparts.eu\/izdelek\/matica-pp\/"]}]},{"@type":"ImageObject","inLanguage":"de","@id":"https:\/\/ibcparts.eu\/izdelek\/matica-pp\/#primaryimage","url":"https:\/\/ibcparts.eu\/wp-content\/uploads\/2021\/10\/matica_orig-1.jpg","contentUrl":"https:\/\/ibcparts.eu\/wp-content\/uploads\/2021\/10\/matica_orig-1.jpg","width":592,"height":592,"caption":"matica_orig (1)"},{"@type":"BreadcrumbList","@id":"https:\/\/ibcparts.eu\/izdelek\/matica-pp\/#breadcrumb","itemListElement":[{"@type":"ListItem","position":1,"name":"Home","item":"https:\/\/ibcparts.eu\/"},{"@type":"ListItem","position":2,"name":"Nakupujte","item":"https:\/\/ibcparts.eu\/nakupujte\/"},{"@type":"ListItem","position":3,"name":"Matica PP"}]},{"@type":"WebSite","@id":"https:\/\/ibcparts.eu\/#website","url":"https:\/\/ibcparts.eu\/","name":"IBC-Teile.eu","description":"","publisher":{"@id":"https:\/\/ibcparts.eu\/#organization"},"potentialAction":[{"@type":"SearchAction","target":{"@type":"EntryPoint","urlTemplate":"https:\/\/ibcparts.eu\/?s={search_term_string}"},"query-input":{"@type":"PropertyValueSpecification","valueRequired":true,"valueName":"search_term_string"}}],"inLanguage":"de"},{"@type":"Organization","@id":"https:\/\/ibcparts.eu\/#organization","name":"IBC-Teile","url":"https:\/\/ibcparts.eu\/","logo":{"@type":"ImageObject","inLanguage":"de","@id":"https:\/\/ibcparts.eu\/#\/schema\/logo\/image\/","url":"https:\/\/ibcparts.eu\/wp-content\/uploads\/2021\/10\/Footer-Logo.png","contentUrl":"https:\/\/ibcparts.eu\/wp-content\/uploads\/2021\/10\/Footer-Logo.png","width":1992,"height":772,"caption":"IBCparts"},"image":{"@id":"https:\/\/ibcparts.eu\/#\/schema\/logo\/image\/"}}]}},"_links":{"self":[{"href":"https:\/\/ibcparts.eu\/de\/wp-json\/wp\/v2\/product\/6775","targetHints":{"allow":["GET"]}}],"collection":[{"href":"https:\/\/ibcparts.eu\/de\/wp-json\/wp\/v2\/product"}],"about":[{"href":"https:\/\/ibcparts.eu\/de\/wp-json\/wp\/v2\/types\/product"}],"version-history":[{"count":1,"href":"https:\/\/ibcparts.eu\/de\/wp-json\/wp\/v2\/product\/6775\/revisions"}],"predecessor-version":[{"id":20367,"href":"https:\/\/ibcparts.eu\/de\/wp-json\/wp\/v2\/product\/6775\/revisions\/20367"}],"wp:featuredmedia":[{"embeddable":true,"href":"https:\/\/ibcparts.eu\/de\/wp-json\/wp\/v2\/media\/6776"}],"wp:attachment":[{"href":"https:\/\/ibcparts.eu\/de\/wp-json\/wp\/v2\/media?parent=6775"}],"wp:term":[{"taxonomy":"product_brand","embeddable":true,"href":"https:\/\/ibcparts.eu\/de\/wp-json\/wp\/v2\/product_brand?post=6775"},{"taxonomy":"product_cat","embeddable":true,"href":"https:\/\/ibcparts.eu\/de\/wp-json\/wp\/v2\/product_cat?post=6775"},{"taxonomy":"product_tag","embeddable":true,"href":"https:\/\/ibcparts.eu\/de\/wp-json\/wp\/v2\/product_tag?post=6775"}],"curies":[{"name":"wp","href":"https:\/\/api.w.org\/{rel}","templated":true}]}}