{"id":6272,"date":"2021-10-15T20:09:49","date_gmt":"2021-10-15T19:09:49","guid":{"rendered":"https:\/\/ibcparts.eu\/?post_type=product&#038;p=6272"},"modified":"2026-01-13T14:19:21","modified_gmt":"2026-01-13T13:19:21","slug":"reducir-s75-pro-za-ibc-cisterne","status":"publish","type":"product","link":"https:\/\/ibcparts.eu\/de\/produkt\/s75-pro-reduzierstueck-fuer-ibc-tanks\/","title":{"rendered":"S75 PRO Reduzierer f\u00fcr IBC-Container"},"content":{"rendered":"","protected":false},"excerpt":{"rendered":"<h2 data-start=\"149\" data-end=\"217\">S75 PRO Reduzierer mit Innengewinde BSP 1\u2033 f\u00fcr IBC-Container<\/h2>\n<p class=\" translation-block\">Der S75 PRO Reduzierer ist ein professioneller und sehr robuster Reduzierer f\u00fcr IBC-Container mit S75x6-Gewinde (\u00d8 75\u201379 mm, grobes Gewinde). Er wird als <strong data-start=\"379\" data-end=\"425\">Adapter bzw. Anschluss f\u00fcr einen IBC-Container verwendet, an dem das Originalventil montiert war. Er besteht aus reinem, gedrehtem PP-Material, das f\u00fcr den Kontakt mit Lebensmitteln geeignet ist, und verf\u00fcgt \u00fcber eine weiche NB\/SB-Gummidichtung auf der Innenseite, die auch bei kleineren Unregelm\u00e4\u00dfigkeiten am Gewinde eine zuverl\u00e4ssige Abdichtung sowie eine lange Lebensdauer gew\u00e4hrleistet.<\/strong><\/p>\n<ul>\n<li>F\u00fcr Tanks mit Tankgewinde fi 75 - 79mm (Grobgewinde) S75x6.<\/li>\n<li>Art des Au\u00dfengewindes: BSP-Innengewinde 1\" - siehe Abbildung.<\/li>\n<li class=\" translation-block\"><strong>Material:<\/strong> reines PP, gedreht.<\/li>\n<li><strong>F\u00fcr den Kontakt mit Lebensmitteln geeignet.<\/strong><\/li>\n<li>Farbe: blau<\/li>\n<li>Weiche Gummidichtung (NB\/SB) auf der Innenseite.<\/li>\n<li>Hervorragende Abdichtung und hohe Haltbarkeit!<\/li>\n<\/ul>\n<p class=\" translation-block\">Zus\u00e4tzliche Informationen:<br data-start=\"1159\" data-end=\"1162\">Bei der Montage eines beliebigen Anschlusses auf diesen Reduzierer wird die Verwendung von Teflonband empfohlen, um eine perfekte Abdichtung und die korrekte Ausrichtung des Anschlusses zu gew\u00e4hrleisten.<br data-start=\"1326\" data-end=\"1329\">Bei IBC-Containern mit einem Gewinde von \u00d8 75 mm kann auch ein S75-Ventil oder ein S75-Ventilersatz verwendet werden.<\/p>","protected":false},"featured_media":15935,"template":"","meta":[],"product_brand":[],"product_cat":[170,299],"product_tag":[447],"class_list":{"0":"post-6272","1":"product","2":"type-product","3":"status-publish","4":"has-post-thumbnail","6":"product_cat-reducirji-in-prikljucki-za-ibc","7":"product_cat-s75x6","8":"product_tag-reducir-s75-pro-za-ibc-cisterno","10":"first","11":"instock","12":"shipping-taxable","13":"purchasable","14":"product-type-simple"},"yoast_head":"<!-- This site is optimized with the Yoast SEO plugin v27.1.1 - https:\/\/yoast.com\/product\/yoast-seo-wordpress\/ -->\n<title>Reducir S75 PRO za IBC cisterno | IBCparts.eu<\/title>\n<meta name=\"description\" content=\"Adapter za IBC cisterne z navojem na cisterni fi 75 - 79mm (grobi navoj) S75x6. Tip navoja na zunanji strani: \u017denski BSP navoj dimenzije 1&#039;&#039;\" \/>\n<meta name=\"robots\" content=\"index, follow, max-snippet:-1, max-image-preview:large, max-video-preview:-1\" \/>\n<link rel=\"canonical\" href=\"https:\/\/ibcparts.eu\/de\/produkt\/s75-pro-reduzierstueck-fuer-ibc-tanks\/\" \/>\n<meta property=\"og:locale\" content=\"de_DE\" \/>\n<meta property=\"og:type\" content=\"article\" \/>\n<meta property=\"og:title\" content=\"Reducir S75 PRO za IBC cisterno | IBCparts.eu\" \/>\n<meta property=\"og:description\" content=\"Adapter za IBC cisterne z navojem na cisterni fi 75 - 79mm (grobi navoj) S75x6. Tip navoja na zunanji strani: \u017denski BSP navoj dimenzije 1&#039;&#039;\" \/>\n<meta property=\"og:url\" content=\"https:\/\/ibcparts.eu\/de\/produkt\/s75-pro-reduzierstueck-fuer-ibc-tanks\/\" \/>\n<meta property=\"og:site_name\" content=\"IBCparts.eu\" \/>\n<meta property=\"article:modified_time\" content=\"2026-01-13T13:19:21+00:00\" \/>\n<meta property=\"og:image\" content=\"https:\/\/ibcparts.eu\/wp-content\/uploads\/2021\/10\/Reducir-PRO-s75x6.png\" \/>\n\t<meta property=\"og:image:width\" content=\"500\" \/>\n\t<meta property=\"og:image:height\" content=\"500\" \/>\n\t<meta property=\"og:image:type\" content=\"image\/png\" \/>\n<meta name=\"twitter:card\" content=\"summary_large_image\" \/>\n<script type=\"application\/ld+json\" class=\"yoast-schema-graph\">{\"@context\":\"https:\/\/schema.org\",\"@graph\":[{\"@type\":\"WebPage\",\"@id\":\"https:\/\/ibcparts.eu\/izdelek\/reducir-s75-pro-za-ibc-cisterne\/\",\"url\":\"https:\/\/ibcparts.eu\/izdelek\/reducir-s75-pro-za-ibc-cisterne\/\",\"name\":\"Reducir S75 PRO za IBC cisterno | IBCparts.eu\",\"isPartOf\":{\"@id\":\"https:\/\/ibcparts.eu\/#website\"},\"primaryImageOfPage\":{\"@id\":\"https:\/\/ibcparts.eu\/izdelek\/reducir-s75-pro-za-ibc-cisterne\/#primaryimage\"},\"image\":{\"@id\":\"https:\/\/ibcparts.eu\/izdelek\/reducir-s75-pro-za-ibc-cisterne\/#primaryimage\"},\"thumbnailUrl\":\"https:\/\/ibcparts.eu\/wp-content\/uploads\/2021\/10\/Reducir-PRO-s75x6.png\",\"datePublished\":\"2021-10-15T19:09:49+00:00\",\"dateModified\":\"2026-01-13T13:19:21+00:00\",\"description\":\"Adapter za IBC cisterne z navojem na cisterni fi 75 - 79mm (grobi navoj) S75x6. Tip navoja na zunanji strani: \u017denski BSP navoj dimenzije 1''\",\"breadcrumb\":{\"@id\":\"https:\/\/ibcparts.eu\/izdelek\/reducir-s75-pro-za-ibc-cisterne\/#breadcrumb\"},\"inLanguage\":\"de\",\"potentialAction\":[{\"@type\":\"ReadAction\",\"target\":[\"https:\/\/ibcparts.eu\/izdelek\/reducir-s75-pro-za-ibc-cisterne\/\"]}]},{\"@type\":\"ImageObject\",\"inLanguage\":\"de\",\"@id\":\"https:\/\/ibcparts.eu\/izdelek\/reducir-s75-pro-za-ibc-cisterne\/#primaryimage\",\"url\":\"https:\/\/ibcparts.eu\/wp-content\/uploads\/2021\/10\/Reducir-PRO-s75x6.png\",\"contentUrl\":\"https:\/\/ibcparts.eu\/wp-content\/uploads\/2021\/10\/Reducir-PRO-s75x6.png\",\"width\":500,\"height\":500},{\"@type\":\"BreadcrumbList\",\"@id\":\"https:\/\/ibcparts.eu\/izdelek\/reducir-s75-pro-za-ibc-cisterne\/#breadcrumb\",\"itemListElement\":[{\"@type\":\"ListItem\",\"position\":1,\"name\":\"Home\",\"item\":\"https:\/\/ibcparts.eu\/\"},{\"@type\":\"ListItem\",\"position\":2,\"name\":\"Nakupujte\",\"item\":\"https:\/\/ibcparts.eu\/nakupujte\/\"},{\"@type\":\"ListItem\",\"position\":3,\"name\":\"Reducir S75 PRO za IBC cisterno\"}]},{\"@type\":\"WebSite\",\"@id\":\"https:\/\/ibcparts.eu\/#website\",\"url\":\"https:\/\/ibcparts.eu\/\",\"name\":\"IBCparts.eu\",\"description\":\"\",\"publisher\":{\"@id\":\"https:\/\/ibcparts.eu\/#organization\"},\"potentialAction\":[{\"@type\":\"SearchAction\",\"target\":{\"@type\":\"EntryPoint\",\"urlTemplate\":\"https:\/\/ibcparts.eu\/?s={search_term_string}\"},\"query-input\":{\"@type\":\"PropertyValueSpecification\",\"valueRequired\":true,\"valueName\":\"search_term_string\"}}],\"inLanguage\":\"de\"},{\"@type\":\"Organization\",\"@id\":\"https:\/\/ibcparts.eu\/#organization\",\"name\":\"IBCparts\",\"url\":\"https:\/\/ibcparts.eu\/\",\"logo\":{\"@type\":\"ImageObject\",\"inLanguage\":\"de\",\"@id\":\"https:\/\/ibcparts.eu\/#\/schema\/logo\/image\/\",\"url\":\"https:\/\/ibcparts.eu\/wp-content\/uploads\/2021\/10\/Footer-Logo.png\",\"contentUrl\":\"https:\/\/ibcparts.eu\/wp-content\/uploads\/2021\/10\/Footer-Logo.png\",\"width\":1992,\"height\":772,\"caption\":\"IBCparts\"},\"image\":{\"@id\":\"https:\/\/ibcparts.eu\/#\/schema\/logo\/image\/\"}}]}<\/script>\n<!-- \/ Yoast SEO plugin. -->","yoast_head_json":{"title":"Reducir S75 PRO za IBC cisterno | IBCparts.eu","description":"Adapter za IBC cisterne z navojem na cisterni fi 75 - 79mm (grobi navoj) S75x6. Tip navoja na zunanji strani: \u017denski BSP navoj dimenzije 1''","robots":{"index":"index","follow":"follow","max-snippet":"max-snippet:-1","max-image-preview":"max-image-preview:large","max-video-preview":"max-video-preview:-1"},"canonical":"https:\/\/ibcparts.eu\/de\/produkt\/s75-pro-reduzierstueck-fuer-ibc-tanks\/","og_locale":"de_DE","og_type":"article","og_title":"Reducir S75 PRO za IBC cisterno | IBCparts.eu","og_description":"Adapter za IBC cisterne z navojem na cisterni fi 75 - 79mm (grobi navoj) S75x6. Tip navoja na zunanji strani: \u017denski BSP navoj dimenzije 1''","og_url":"https:\/\/ibcparts.eu\/de\/produkt\/s75-pro-reduzierstueck-fuer-ibc-tanks\/","og_site_name":"IBCparts.eu","article_modified_time":"2026-01-13T13:19:21+00:00","og_image":[{"width":500,"height":500,"url":"https:\/\/ibcparts.eu\/wp-content\/uploads\/2021\/10\/Reducir-PRO-s75x6.png","type":"image\/png"}],"twitter_card":"summary_large_image","schema":{"@context":"https:\/\/schema.org","@graph":[{"@type":"WebPage","@id":"https:\/\/ibcparts.eu\/izdelek\/reducir-s75-pro-za-ibc-cisterne\/","url":"https:\/\/ibcparts.eu\/izdelek\/reducir-s75-pro-za-ibc-cisterne\/","name":"Reducir S75 PRO za IBC cisterno | IBCparts.eu","isPartOf":{"@id":"https:\/\/ibcparts.eu\/#website"},"primaryImageOfPage":{"@id":"https:\/\/ibcparts.eu\/izdelek\/reducir-s75-pro-za-ibc-cisterne\/#primaryimage"},"image":{"@id":"https:\/\/ibcparts.eu\/izdelek\/reducir-s75-pro-za-ibc-cisterne\/#primaryimage"},"thumbnailUrl":"https:\/\/ibcparts.eu\/wp-content\/uploads\/2021\/10\/Reducir-PRO-s75x6.png","datePublished":"2021-10-15T19:09:49+00:00","dateModified":"2026-01-13T13:19:21+00:00","description":"Adapter za IBC cisterne z navojem na cisterni fi 75 - 79mm (grobi navoj) S75x6. Tip navoja na zunanji strani: \u017denski BSP navoj dimenzije 1''","breadcrumb":{"@id":"https:\/\/ibcparts.eu\/izdelek\/reducir-s75-pro-za-ibc-cisterne\/#breadcrumb"},"inLanguage":"de","potentialAction":[{"@type":"ReadAction","target":["https:\/\/ibcparts.eu\/izdelek\/reducir-s75-pro-za-ibc-cisterne\/"]}]},{"@type":"ImageObject","inLanguage":"de","@id":"https:\/\/ibcparts.eu\/izdelek\/reducir-s75-pro-za-ibc-cisterne\/#primaryimage","url":"https:\/\/ibcparts.eu\/wp-content\/uploads\/2021\/10\/Reducir-PRO-s75x6.png","contentUrl":"https:\/\/ibcparts.eu\/wp-content\/uploads\/2021\/10\/Reducir-PRO-s75x6.png","width":500,"height":500},{"@type":"BreadcrumbList","@id":"https:\/\/ibcparts.eu\/izdelek\/reducir-s75-pro-za-ibc-cisterne\/#breadcrumb","itemListElement":[{"@type":"ListItem","position":1,"name":"Home","item":"https:\/\/ibcparts.eu\/"},{"@type":"ListItem","position":2,"name":"Nakupujte","item":"https:\/\/ibcparts.eu\/nakupujte\/"},{"@type":"ListItem","position":3,"name":"Reducir S75 PRO za IBC cisterno"}]},{"@type":"WebSite","@id":"https:\/\/ibcparts.eu\/#website","url":"https:\/\/ibcparts.eu\/","name":"IBC-Teile.eu","description":"","publisher":{"@id":"https:\/\/ibcparts.eu\/#organization"},"potentialAction":[{"@type":"SearchAction","target":{"@type":"EntryPoint","urlTemplate":"https:\/\/ibcparts.eu\/?s={search_term_string}"},"query-input":{"@type":"PropertyValueSpecification","valueRequired":true,"valueName":"search_term_string"}}],"inLanguage":"de"},{"@type":"Organization","@id":"https:\/\/ibcparts.eu\/#organization","name":"IBC-Teile","url":"https:\/\/ibcparts.eu\/","logo":{"@type":"ImageObject","inLanguage":"de","@id":"https:\/\/ibcparts.eu\/#\/schema\/logo\/image\/","url":"https:\/\/ibcparts.eu\/wp-content\/uploads\/2021\/10\/Footer-Logo.png","contentUrl":"https:\/\/ibcparts.eu\/wp-content\/uploads\/2021\/10\/Footer-Logo.png","width":1992,"height":772,"caption":"IBCparts"},"image":{"@id":"https:\/\/ibcparts.eu\/#\/schema\/logo\/image\/"}}]}},"_links":{"self":[{"href":"https:\/\/ibcparts.eu\/de\/wp-json\/wp\/v2\/product\/6272","targetHints":{"allow":["GET"]}}],"collection":[{"href":"https:\/\/ibcparts.eu\/de\/wp-json\/wp\/v2\/product"}],"about":[{"href":"https:\/\/ibcparts.eu\/de\/wp-json\/wp\/v2\/types\/product"}],"version-history":[{"count":2,"href":"https:\/\/ibcparts.eu\/de\/wp-json\/wp\/v2\/product\/6272\/revisions"}],"predecessor-version":[{"id":20204,"href":"https:\/\/ibcparts.eu\/de\/wp-json\/wp\/v2\/product\/6272\/revisions\/20204"}],"wp:featuredmedia":[{"embeddable":true,"href":"https:\/\/ibcparts.eu\/de\/wp-json\/wp\/v2\/media\/15935"}],"wp:attachment":[{"href":"https:\/\/ibcparts.eu\/de\/wp-json\/wp\/v2\/media?parent=6272"}],"wp:term":[{"taxonomy":"product_brand","embeddable":true,"href":"https:\/\/ibcparts.eu\/de\/wp-json\/wp\/v2\/product_brand?post=6272"},{"taxonomy":"product_cat","embeddable":true,"href":"https:\/\/ibcparts.eu\/de\/wp-json\/wp\/v2\/product_cat?post=6272"},{"taxonomy":"product_tag","embeddable":true,"href":"https:\/\/ibcparts.eu\/de\/wp-json\/wp\/v2\/product_tag?post=6272"}],"curies":[{"name":"wp","href":"https:\/\/api.w.org\/{rel}","templated":true}]}}