{"id":18714,"date":"2025-12-02T17:35:31","date_gmt":"2025-12-02T16:35:31","guid":{"rendered":"https:\/\/ibcparts.eu\/?post_type=product&#038;p=18714"},"modified":"2026-01-13T14:01:54","modified_gmt":"2026-01-13T13:01:54","slug":"reducir-alkaten-mini","status":"publish","type":"product","link":"https:\/\/ibcparts.eu\/de\/produkt\/reducir-alkaten-mini\/","title":{"rendered":"Alkaten Mini Reduzierst\u00fcck f\u00fcr IBC-Container (20 mm)"},"content":{"rendered":"","protected":false},"excerpt":{"rendered":"<h2 data-start=\"172\" data-end=\"247\">ALKATEN MINI Reduzierst\u00fcck zum Anschluss eines 1\/2\u2033 PE- (Alkaten-)Rohrs an einen IBC-Container<\/h2>\n<p data-start=\"249\" data-end=\"740\" class=\" translation-block\">Der ALKATEN MINI Reduzierer ist f\u00fcr den Anschluss eines <strong>1\/2\u2033-Rohrs<\/strong> an einen IBC-Container mit S60x6-Ventil (DN50) vorgesehen. Er wird als <strong>Adapter bzw. Anschluss f\u00fcr einen IBC-Container<\/strong> beim Verbinden kleinerer Rohre eingesetzt, wenn eine kompakte und zuverl\u00e4ssige L\u00f6sung erforderlich ist. Er besteht aus PP-Material und ist mit einer Dichtung aus 100 % EPDM-Gummi ausgestattet, die speziell mit optimaler H\u00e4rte entwickelt wurde und <strong>auch bei gr\u00f6\u00dferen Unebenheiten am Ventil eine zuverl\u00e4ssige Abdichtung<\/strong> sowie eine langfristige Nutzung ohne Leckagen gew\u00e4hrleistet.<\/p>\n<p data-start=\"742\" data-end=\"767\"><strong data-start=\"742\" data-end=\"765\">Technische Eigenschaften<\/strong><\/p>\n<ul>\n<li data-start=\"770\" data-end=\"831\">Produkttyp: Reduzierer (Adapter \/ Anschluss f\u00fcr IBC-Container)<\/li>\n<li>F\u00fcr Container mit einem Ventildurchmesser von 55\u201362 mm und Grobgewinde S60x6 (DN50). Dies ist der am h\u00e4ufigsten verwendete Ventiltyp bei IBC-Containern.<\/li>\n<li>PE (Alkaten) priklju\u010dek: <strong>1\/2&#8243; (20mm zunanji premer cevi)<\/strong>.<\/li>\n<li>Werkstoff: PP<\/li>\n<li>Barva: \u010drna in zelena.<\/li>\n<li>Dichtung: EPDM-Gummi.<\/li>\n<\/ul>\n<p><strong>Mehr St\u00fccke, gr\u00f6\u00dferer Rabatt \u2013 Mengen verschiedener Artikel und Varianten werden zusammengerechnet!<\/strong><\/p>","protected":false},"featured_media":18716,"template":"","meta":[],"product_brand":[],"product_cat":[170,298],"product_tag":[448],"class_list":{"0":"post-18714","1":"product","2":"type-product","3":"status-publish","4":"has-post-thumbnail","6":"product_cat-reducirji-in-prikljucki-za-ibc","7":"product_cat-prikljucki-za-cisterno-z-navojem-s60x6","8":"product_tag-komplet-alkaten-mini-za-ibc-cisterno","10":"first","11":"instock","12":"shipping-taxable","13":"purchasable","14":"product-type-simple"},"yoast_head":"<!-- This site is optimized with the Yoast SEO plugin v27.1.1 - https:\/\/yoast.com\/product\/yoast-seo-wordpress\/ -->\n<title>Reducir Alkaten Mini za IBC cisterno (20mm) | IBCparts.eu<\/title>\n<meta name=\"description\" content=\"Reducir Alkaten Mini za priklop 1\/2&quot; alkaten cevi na IBC cisterno z ventilom S60x6. Tesnilo: EPDM guma. Material: PP\" \/>\n<meta name=\"robots\" content=\"index, follow, max-snippet:-1, max-image-preview:large, max-video-preview:-1\" \/>\n<link rel=\"canonical\" href=\"https:\/\/ibcparts.eu\/de\/produkt\/reducir-alkaten-mini\/\" \/>\n<meta property=\"og:locale\" content=\"de_DE\" \/>\n<meta property=\"og:type\" content=\"article\" \/>\n<meta property=\"og:title\" content=\"Reducir Alkaten Mini za IBC cisterno (20mm) | IBCparts.eu\" \/>\n<meta property=\"og:description\" content=\"Reducir Alkaten Mini za priklop 1\/2&quot; alkaten cevi na IBC cisterno z ventilom S60x6. Tesnilo: EPDM guma. Material: PP\" \/>\n<meta property=\"og:url\" content=\"https:\/\/ibcparts.eu\/de\/produkt\/reducir-alkaten-mini\/\" \/>\n<meta property=\"og:site_name\" content=\"IBCparts.eu\" \/>\n<meta property=\"article:modified_time\" content=\"2026-01-13T13:01:54+00:00\" \/>\n<meta property=\"og:image\" content=\"https:\/\/ibcparts.eu\/wp-content\/uploads\/2025\/12\/Komplet-Alkaten-Mini-za-IBC-cisterno.png\" \/>\n\t<meta property=\"og:image:width\" content=\"500\" \/>\n\t<meta property=\"og:image:height\" content=\"500\" \/>\n\t<meta property=\"og:image:type\" content=\"image\/png\" \/>\n<meta name=\"twitter:card\" content=\"summary_large_image\" \/>\n<script type=\"application\/ld+json\" class=\"yoast-schema-graph\">{\"@context\":\"https:\/\/schema.org\",\"@graph\":[{\"@type\":\"WebPage\",\"@id\":\"https:\/\/ibcparts.eu\/izdelek\/reducir-alkaten-mini\/\",\"url\":\"https:\/\/ibcparts.eu\/izdelek\/reducir-alkaten-mini\/\",\"name\":\"Reducir Alkaten Mini za IBC cisterno (20mm) | IBCparts.eu\",\"isPartOf\":{\"@id\":\"https:\/\/ibcparts.eu\/#website\"},\"primaryImageOfPage\":{\"@id\":\"https:\/\/ibcparts.eu\/izdelek\/reducir-alkaten-mini\/#primaryimage\"},\"image\":{\"@id\":\"https:\/\/ibcparts.eu\/izdelek\/reducir-alkaten-mini\/#primaryimage\"},\"thumbnailUrl\":\"https:\/\/ibcparts.eu\/wp-content\/uploads\/2025\/12\/Komplet-Alkaten-Mini-za-IBC-cisterno.png\",\"datePublished\":\"2025-12-02T16:35:31+00:00\",\"dateModified\":\"2026-01-13T13:01:54+00:00\",\"description\":\"Reducir Alkaten Mini za priklop 1\/2\\\" alkaten cevi na IBC cisterno z ventilom S60x6. Tesnilo: EPDM guma. Material: PP\",\"breadcrumb\":{\"@id\":\"https:\/\/ibcparts.eu\/izdelek\/reducir-alkaten-mini\/#breadcrumb\"},\"inLanguage\":\"de\",\"potentialAction\":[{\"@type\":\"ReadAction\",\"target\":[\"https:\/\/ibcparts.eu\/izdelek\/reducir-alkaten-mini\/\"]}]},{\"@type\":\"ImageObject\",\"inLanguage\":\"de\",\"@id\":\"https:\/\/ibcparts.eu\/izdelek\/reducir-alkaten-mini\/#primaryimage\",\"url\":\"https:\/\/ibcparts.eu\/wp-content\/uploads\/2025\/12\/Komplet-Alkaten-Mini-za-IBC-cisterno.png\",\"contentUrl\":\"https:\/\/ibcparts.eu\/wp-content\/uploads\/2025\/12\/Komplet-Alkaten-Mini-za-IBC-cisterno.png\",\"width\":500,\"height\":500,\"caption\":\"Komplet Alkaten Mini za IBC cisterno\"},{\"@type\":\"BreadcrumbList\",\"@id\":\"https:\/\/ibcparts.eu\/izdelek\/reducir-alkaten-mini\/#breadcrumb\",\"itemListElement\":[{\"@type\":\"ListItem\",\"position\":1,\"name\":\"Home\",\"item\":\"https:\/\/ibcparts.eu\/\"},{\"@type\":\"ListItem\",\"position\":2,\"name\":\"Nakupujte\",\"item\":\"https:\/\/ibcparts.eu\/nakupujte\/\"},{\"@type\":\"ListItem\",\"position\":3,\"name\":\"Reducir Alkaten Mini za IBC cisterno (20mm)\"}]},{\"@type\":\"WebSite\",\"@id\":\"https:\/\/ibcparts.eu\/#website\",\"url\":\"https:\/\/ibcparts.eu\/\",\"name\":\"IBCparts.eu\",\"description\":\"\",\"publisher\":{\"@id\":\"https:\/\/ibcparts.eu\/#organization\"},\"potentialAction\":[{\"@type\":\"SearchAction\",\"target\":{\"@type\":\"EntryPoint\",\"urlTemplate\":\"https:\/\/ibcparts.eu\/?s={search_term_string}\"},\"query-input\":{\"@type\":\"PropertyValueSpecification\",\"valueRequired\":true,\"valueName\":\"search_term_string\"}}],\"inLanguage\":\"de\"},{\"@type\":\"Organization\",\"@id\":\"https:\/\/ibcparts.eu\/#organization\",\"name\":\"IBCparts\",\"url\":\"https:\/\/ibcparts.eu\/\",\"logo\":{\"@type\":\"ImageObject\",\"inLanguage\":\"de\",\"@id\":\"https:\/\/ibcparts.eu\/#\/schema\/logo\/image\/\",\"url\":\"https:\/\/ibcparts.eu\/wp-content\/uploads\/2021\/10\/Footer-Logo.png\",\"contentUrl\":\"https:\/\/ibcparts.eu\/wp-content\/uploads\/2021\/10\/Footer-Logo.png\",\"width\":1992,\"height\":772,\"caption\":\"IBCparts\"},\"image\":{\"@id\":\"https:\/\/ibcparts.eu\/#\/schema\/logo\/image\/\"}}]}<\/script>\n<!-- \/ Yoast SEO plugin. -->","yoast_head_json":{"title":"Reducir Alkaten Mini za IBC cisterno (20mm) | IBCparts.eu","description":"Reducir Alkaten Mini za priklop 1\/2\" alkaten cevi na IBC cisterno z ventilom S60x6. Tesnilo: EPDM guma. Material: PP","robots":{"index":"index","follow":"follow","max-snippet":"max-snippet:-1","max-image-preview":"max-image-preview:large","max-video-preview":"max-video-preview:-1"},"canonical":"https:\/\/ibcparts.eu\/de\/produkt\/reducir-alkaten-mini\/","og_locale":"de_DE","og_type":"article","og_title":"Reducir Alkaten Mini za IBC cisterno (20mm) | IBCparts.eu","og_description":"Reducir Alkaten Mini za priklop 1\/2\" alkaten cevi na IBC cisterno z ventilom S60x6. Tesnilo: EPDM guma. Material: PP","og_url":"https:\/\/ibcparts.eu\/de\/produkt\/reducir-alkaten-mini\/","og_site_name":"IBCparts.eu","article_modified_time":"2026-01-13T13:01:54+00:00","og_image":[{"width":500,"height":500,"url":"https:\/\/ibcparts.eu\/wp-content\/uploads\/2025\/12\/Komplet-Alkaten-Mini-za-IBC-cisterno.png","type":"image\/png"}],"twitter_card":"summary_large_image","schema":{"@context":"https:\/\/schema.org","@graph":[{"@type":"WebPage","@id":"https:\/\/ibcparts.eu\/izdelek\/reducir-alkaten-mini\/","url":"https:\/\/ibcparts.eu\/izdelek\/reducir-alkaten-mini\/","name":"Reducir Alkaten Mini za IBC cisterno (20mm) | IBCparts.eu","isPartOf":{"@id":"https:\/\/ibcparts.eu\/#website"},"primaryImageOfPage":{"@id":"https:\/\/ibcparts.eu\/izdelek\/reducir-alkaten-mini\/#primaryimage"},"image":{"@id":"https:\/\/ibcparts.eu\/izdelek\/reducir-alkaten-mini\/#primaryimage"},"thumbnailUrl":"https:\/\/ibcparts.eu\/wp-content\/uploads\/2025\/12\/Komplet-Alkaten-Mini-za-IBC-cisterno.png","datePublished":"2025-12-02T16:35:31+00:00","dateModified":"2026-01-13T13:01:54+00:00","description":"Reducir Alkaten Mini za priklop 1\/2\" alkaten cevi na IBC cisterno z ventilom S60x6. Tesnilo: EPDM guma. Material: PP","breadcrumb":{"@id":"https:\/\/ibcparts.eu\/izdelek\/reducir-alkaten-mini\/#breadcrumb"},"inLanguage":"de","potentialAction":[{"@type":"ReadAction","target":["https:\/\/ibcparts.eu\/izdelek\/reducir-alkaten-mini\/"]}]},{"@type":"ImageObject","inLanguage":"de","@id":"https:\/\/ibcparts.eu\/izdelek\/reducir-alkaten-mini\/#primaryimage","url":"https:\/\/ibcparts.eu\/wp-content\/uploads\/2025\/12\/Komplet-Alkaten-Mini-za-IBC-cisterno.png","contentUrl":"https:\/\/ibcparts.eu\/wp-content\/uploads\/2025\/12\/Komplet-Alkaten-Mini-za-IBC-cisterno.png","width":500,"height":500,"caption":"Komplet Alkaten Mini za IBC cisterno"},{"@type":"BreadcrumbList","@id":"https:\/\/ibcparts.eu\/izdelek\/reducir-alkaten-mini\/#breadcrumb","itemListElement":[{"@type":"ListItem","position":1,"name":"Home","item":"https:\/\/ibcparts.eu\/"},{"@type":"ListItem","position":2,"name":"Nakupujte","item":"https:\/\/ibcparts.eu\/nakupujte\/"},{"@type":"ListItem","position":3,"name":"Reducir Alkaten Mini za IBC cisterno (20mm)"}]},{"@type":"WebSite","@id":"https:\/\/ibcparts.eu\/#website","url":"https:\/\/ibcparts.eu\/","name":"IBC-Teile.eu","description":"","publisher":{"@id":"https:\/\/ibcparts.eu\/#organization"},"potentialAction":[{"@type":"SearchAction","target":{"@type":"EntryPoint","urlTemplate":"https:\/\/ibcparts.eu\/?s={search_term_string}"},"query-input":{"@type":"PropertyValueSpecification","valueRequired":true,"valueName":"search_term_string"}}],"inLanguage":"de"},{"@type":"Organization","@id":"https:\/\/ibcparts.eu\/#organization","name":"IBC-Teile","url":"https:\/\/ibcparts.eu\/","logo":{"@type":"ImageObject","inLanguage":"de","@id":"https:\/\/ibcparts.eu\/#\/schema\/logo\/image\/","url":"https:\/\/ibcparts.eu\/wp-content\/uploads\/2021\/10\/Footer-Logo.png","contentUrl":"https:\/\/ibcparts.eu\/wp-content\/uploads\/2021\/10\/Footer-Logo.png","width":1992,"height":772,"caption":"IBCparts"},"image":{"@id":"https:\/\/ibcparts.eu\/#\/schema\/logo\/image\/"}}]}},"_links":{"self":[{"href":"https:\/\/ibcparts.eu\/de\/wp-json\/wp\/v2\/product\/18714","targetHints":{"allow":["GET"]}}],"collection":[{"href":"https:\/\/ibcparts.eu\/de\/wp-json\/wp\/v2\/product"}],"about":[{"href":"https:\/\/ibcparts.eu\/de\/wp-json\/wp\/v2\/types\/product"}],"version-history":[{"count":3,"href":"https:\/\/ibcparts.eu\/de\/wp-json\/wp\/v2\/product\/18714\/revisions"}],"predecessor-version":[{"id":20176,"href":"https:\/\/ibcparts.eu\/de\/wp-json\/wp\/v2\/product\/18714\/revisions\/20176"}],"wp:featuredmedia":[{"embeddable":true,"href":"https:\/\/ibcparts.eu\/de\/wp-json\/wp\/v2\/media\/18716"}],"wp:attachment":[{"href":"https:\/\/ibcparts.eu\/de\/wp-json\/wp\/v2\/media?parent=18714"}],"wp:term":[{"taxonomy":"product_brand","embeddable":true,"href":"https:\/\/ibcparts.eu\/de\/wp-json\/wp\/v2\/product_brand?post=18714"},{"taxonomy":"product_cat","embeddable":true,"href":"https:\/\/ibcparts.eu\/de\/wp-json\/wp\/v2\/product_cat?post=18714"},{"taxonomy":"product_tag","embeddable":true,"href":"https:\/\/ibcparts.eu\/de\/wp-json\/wp\/v2\/product_tag?post=18714"}],"curies":[{"name":"wp","href":"https:\/\/api.w.org\/{rel}","templated":true}]}}