{"id":18653,"date":"2025-12-02T12:25:00","date_gmt":"2025-12-02T11:25:00","guid":{"rendered":"https:\/\/ibcparts.eu\/?post_type=product&#038;p=18653"},"modified":"2026-01-13T14:02:31","modified_gmt":"2026-01-13T13:02:31","slug":"reducir-brix-f","status":"publish","type":"product","link":"https:\/\/ibcparts.eu\/de\/produkt\/reducir-brix-f\/","title":{"rendered":"BRIX F Reduzierst\u00fcck f\u00fcr IBC-Container (1\u2033, 5\/4\u2033, 6\/4\u2033)"},"content":{"rendered":"<p>Ein spezieller, robuster Adapter mit Innengewinde 5\/4\u2033 und 6\/4\u2033 f\u00fcr IBC-Container mit S60x6-Gewinde am Ventil (Grobgewinde). Dies ist der am h\u00e4ufigsten verwendete Ventiltyp bei IBC-Containern.<\/p>\n<p>&nbsp;<\/p>","protected":false},"excerpt":{"rendered":"<h2 data-start=\"194\" data-end=\"275\">BRIX F Reduzierst\u00fcck mit Innen-BSP-Gewinde f\u00fcr IBC-Container (1\u2033, 5\/4\u2033, 6\/4\u2033)<\/h2>\n<p data-start=\"277\" data-end=\"843\" class=\" translation-block\">Der BRIX F Reduzierer ist ein spezieller und robuster Reduzierer f\u00fcr IBC-Container mit S60x6-Gewinde (\u00d8 60 mm, Grobgewinde), der f\u00fcr den Anschluss weniger g\u00e4ngiger Innen-BSP-Gewindegr\u00f6\u00dfen konzipiert ist. Er wird als <strong>Adapter bzw. Anschluss f\u00fcr einen IBC-Container<\/strong> beim Verbinden von Rohren, Ventilen oder anderen Systemen mit Innen- (weiblichem) BSP-Gewinde der Gr\u00f6\u00dfen 1\u2033, 5\/4\u2033 oder 6\/4\u2033 verwendet. Er ist mit einer Dichtung aus 100 % EPDM-Gummi ausgestattet, die speziell mit optimaler H\u00e4rte entwickelt wurde und <strong>auch bei gr\u00f6\u00dferen Unebenheiten am Ventil eine zuverl\u00e4ssige Abdichtung<\/strong> sowie eine langfristige Nutzung ohne Leckagen gew\u00e4hrleistet.<\/p>\n<p data-start=\"845\" data-end=\"866\">Technische Eigenschaften<\/p>\n<ul>\n<li data-start=\"869\" data-end=\"930\">Produkttyp: Reduzierer (Adapter \/ Anschluss f\u00fcr IBC-Container)<\/li>\n<li data-start=\"933\" data-end=\"988\">Gewindetyp an der Zisterne: S60x6, Grobgewinde (\u00d8 60 mm). Gewindesteigung: 6 mm.<\/li>\n<li data-start=\"1014\" data-end=\"1059\">Gewindetyp am Ausgang: Innengewinde (weiblich) BSP<\/li>\n<li data-start=\"1062\" data-end=\"1074\">Gr\u00f6\u00dfen:\n<ul data-start=\"1077\" data-end=\"1105\">\n<li data-start=\"1077\" data-end=\"1083\">\n<p data-start=\"1079\" data-end=\"1083\">1\u2033<\/p>\n<\/li>\n<li data-start=\"1086\" data-end=\"1094\">\n<p data-start=\"1088\" data-end=\"1094\">5\/4\u2033<\/p>\n<\/li>\n<li data-start=\"1097\" data-end=\"1105\">\n<p data-start=\"1099\" data-end=\"1105\">6\/4\u2033<\/p>\n<\/li>\n<\/ul>\n<\/li>\n<li data-start=\"1106\" data-end=\"1134\">\n<p data-start=\"1108\" data-end=\"1134\" class=\" translation-block\"><strong>Dichtung:<\/strong> <strong>100 % EPDM-Gummi \u2013 exklusiv bei uns. Eine speziell entwickelte Dichtung mit optimaler H\u00e4rte gleicht selbst gr\u00f6\u00dfere Unregelm\u00e4\u00dfigkeiten am Ventil effektiv aus und gew\u00e4hrleistet eine dauerhafte, zuverl\u00e4ssige Abdichtung ohne Leckagen.<\/strong><\/p>\n<\/li>\n<\/ul>\n<p>&nbsp;<\/p>\n<p><strong>Mehr St\u00fccke, gr\u00f6\u00dferer Rabatt \u2013 Mengen verschiedener Artikel und Varianten werden zusammengerechnet!<\/strong><\/p>","protected":false},"featured_media":18325,"template":"","meta":[],"product_brand":[],"product_cat":[170,298],"product_tag":[437],"class_list":{"0":"post-18653","1":"product","2":"type-product","3":"status-publish","4":"has-post-thumbnail","6":"product_cat-reducirji-in-prikljucki-za-ibc","7":"product_cat-prikljucki-za-cisterno-z-navojem-s60x6","8":"product_tag-reducir-brix-f-za-ibc-cisterno","10":"first","11":"instock","12":"shipping-taxable","13":"purchasable","14":"product-type-variable"},"yoast_head":"<!-- This site is optimized with the Yoast SEO plugin v27.1.1 - https:\/\/yoast.com\/product\/yoast-seo-wordpress\/ -->\n<title>Reducir BRIX F za IBC cisterno (1\u2033, 5\/4\u2033, 6\/4\u2033) | IBCparts.eu<\/title>\n<meta name=\"description\" content=\"Reducir BRIX F za IBC cisterno z ventilom S60x6. Korak navoja 6mm.\u200b \u017denski navoj BSP, z gumijastim tesnilom. Velikosti: 1&quot;, 5\/4\u2033, 6\/4\u2033.\" \/>\n<meta name=\"robots\" content=\"index, follow, max-snippet:-1, max-image-preview:large, max-video-preview:-1\" \/>\n<link rel=\"canonical\" href=\"https:\/\/ibcparts.eu\/de\/produkt\/reducir-brix-f\/\" \/>\n<meta property=\"og:locale\" content=\"de_DE\" \/>\n<meta property=\"og:type\" content=\"article\" \/>\n<meta property=\"og:title\" content=\"Reducir BRIX F za IBC cisterno (1\u2033, 5\/4\u2033, 6\/4\u2033) | IBCparts.eu\" \/>\n<meta property=\"og:description\" content=\"Reducir BRIX F za IBC cisterno z ventilom S60x6. Korak navoja 6mm.\u200b \u017denski navoj BSP, z gumijastim tesnilom. Velikosti: 1&quot;, 5\/4\u2033, 6\/4\u2033.\" \/>\n<meta property=\"og:url\" content=\"https:\/\/ibcparts.eu\/de\/produkt\/reducir-brix-f\/\" \/>\n<meta property=\"og:site_name\" content=\"IBCparts.eu\" \/>\n<meta property=\"article:modified_time\" content=\"2026-01-13T13:02:31+00:00\" \/>\n<meta property=\"og:image\" content=\"https:\/\/ibcparts.eu\/wp-content\/uploads\/2021\/11\/Reducir-ZEN-1.jpg\" \/>\n\t<meta property=\"og:image:width\" content=\"800\" \/>\n\t<meta property=\"og:image:height\" content=\"800\" \/>\n\t<meta property=\"og:image:type\" content=\"image\/jpeg\" \/>\n<meta name=\"twitter:card\" content=\"summary_large_image\" \/>\n<script type=\"application\/ld+json\" class=\"yoast-schema-graph\">{\"@context\":\"https:\/\/schema.org\",\"@graph\":[{\"@type\":\"WebPage\",\"@id\":\"https:\/\/ibcparts.eu\/izdelek\/reducir-brix-f\/\",\"url\":\"https:\/\/ibcparts.eu\/izdelek\/reducir-brix-f\/\",\"name\":\"Reducir BRIX F za IBC cisterno (1\u2033, 5\/4\u2033, 6\/4\u2033) | IBCparts.eu\",\"isPartOf\":{\"@id\":\"https:\/\/ibcparts.eu\/#website\"},\"primaryImageOfPage\":{\"@id\":\"https:\/\/ibcparts.eu\/izdelek\/reducir-brix-f\/#primaryimage\"},\"image\":{\"@id\":\"https:\/\/ibcparts.eu\/izdelek\/reducir-brix-f\/#primaryimage\"},\"thumbnailUrl\":\"https:\/\/ibcparts.eu\/wp-content\/uploads\/2021\/11\/Reducir-ZEN-1.jpg\",\"datePublished\":\"2025-12-02T11:25:00+00:00\",\"dateModified\":\"2026-01-13T13:02:31+00:00\",\"description\":\"Reducir BRIX F za IBC cisterno z ventilom S60x6. Korak navoja 6mm.\u200b \u017denski navoj BSP, z gumijastim tesnilom. Velikosti: 1\\\", 5\/4\u2033, 6\/4\u2033.\",\"breadcrumb\":{\"@id\":\"https:\/\/ibcparts.eu\/izdelek\/reducir-brix-f\/#breadcrumb\"},\"inLanguage\":\"de\",\"potentialAction\":[{\"@type\":\"ReadAction\",\"target\":[\"https:\/\/ibcparts.eu\/izdelek\/reducir-brix-f\/\"]}]},{\"@type\":\"ImageObject\",\"inLanguage\":\"de\",\"@id\":\"https:\/\/ibcparts.eu\/izdelek\/reducir-brix-f\/#primaryimage\",\"url\":\"https:\/\/ibcparts.eu\/wp-content\/uploads\/2021\/11\/Reducir-ZEN-1.jpg\",\"contentUrl\":\"https:\/\/ibcparts.eu\/wp-content\/uploads\/2021\/11\/Reducir-ZEN-1.jpg\",\"width\":800,\"height\":800,\"caption\":\"Reducir ZEN za IBC cisterno\"},{\"@type\":\"BreadcrumbList\",\"@id\":\"https:\/\/ibcparts.eu\/izdelek\/reducir-brix-f\/#breadcrumb\",\"itemListElement\":[{\"@type\":\"ListItem\",\"position\":1,\"name\":\"Home\",\"item\":\"https:\/\/ibcparts.eu\/\"},{\"@type\":\"ListItem\",\"position\":2,\"name\":\"Nakupujte\",\"item\":\"https:\/\/ibcparts.eu\/nakupujte\/\"},{\"@type\":\"ListItem\",\"position\":3,\"name\":\"Reducir BRIX F za IBC cisterno (1\u2033, 5\/4\u2033, 6\/4\u2033)\"}]},{\"@type\":\"WebSite\",\"@id\":\"https:\/\/ibcparts.eu\/#website\",\"url\":\"https:\/\/ibcparts.eu\/\",\"name\":\"IBCparts.eu\",\"description\":\"\",\"publisher\":{\"@id\":\"https:\/\/ibcparts.eu\/#organization\"},\"potentialAction\":[{\"@type\":\"SearchAction\",\"target\":{\"@type\":\"EntryPoint\",\"urlTemplate\":\"https:\/\/ibcparts.eu\/?s={search_term_string}\"},\"query-input\":{\"@type\":\"PropertyValueSpecification\",\"valueRequired\":true,\"valueName\":\"search_term_string\"}}],\"inLanguage\":\"de\"},{\"@type\":\"Organization\",\"@id\":\"https:\/\/ibcparts.eu\/#organization\",\"name\":\"IBCparts\",\"url\":\"https:\/\/ibcparts.eu\/\",\"logo\":{\"@type\":\"ImageObject\",\"inLanguage\":\"de\",\"@id\":\"https:\/\/ibcparts.eu\/#\/schema\/logo\/image\/\",\"url\":\"https:\/\/ibcparts.eu\/wp-content\/uploads\/2021\/10\/Footer-Logo.png\",\"contentUrl\":\"https:\/\/ibcparts.eu\/wp-content\/uploads\/2021\/10\/Footer-Logo.png\",\"width\":1992,\"height\":772,\"caption\":\"IBCparts\"},\"image\":{\"@id\":\"https:\/\/ibcparts.eu\/#\/schema\/logo\/image\/\"}}]}<\/script>\n<!-- \/ Yoast SEO plugin. -->","yoast_head_json":{"title":"Reducir BRIX F za IBC cisterno (1\u2033, 5\/4\u2033, 6\/4\u2033) | IBCparts.eu","description":"Reducir BRIX F za IBC cisterno z ventilom S60x6. Korak navoja 6mm.\u200b \u017denski navoj BSP, z gumijastim tesnilom. Velikosti: 1\", 5\/4\u2033, 6\/4\u2033.","robots":{"index":"index","follow":"follow","max-snippet":"max-snippet:-1","max-image-preview":"max-image-preview:large","max-video-preview":"max-video-preview:-1"},"canonical":"https:\/\/ibcparts.eu\/de\/produkt\/reducir-brix-f\/","og_locale":"de_DE","og_type":"article","og_title":"Reducir BRIX F za IBC cisterno (1\u2033, 5\/4\u2033, 6\/4\u2033) | IBCparts.eu","og_description":"Reducir BRIX F za IBC cisterno z ventilom S60x6. Korak navoja 6mm.\u200b \u017denski navoj BSP, z gumijastim tesnilom. Velikosti: 1\", 5\/4\u2033, 6\/4\u2033.","og_url":"https:\/\/ibcparts.eu\/de\/produkt\/reducir-brix-f\/","og_site_name":"IBCparts.eu","article_modified_time":"2026-01-13T13:02:31+00:00","og_image":[{"width":800,"height":800,"url":"https:\/\/ibcparts.eu\/wp-content\/uploads\/2021\/11\/Reducir-ZEN-1.jpg","type":"image\/jpeg"}],"twitter_card":"summary_large_image","schema":{"@context":"https:\/\/schema.org","@graph":[{"@type":"WebPage","@id":"https:\/\/ibcparts.eu\/izdelek\/reducir-brix-f\/","url":"https:\/\/ibcparts.eu\/izdelek\/reducir-brix-f\/","name":"Reducir BRIX F za IBC cisterno (1\u2033, 5\/4\u2033, 6\/4\u2033) | IBCparts.eu","isPartOf":{"@id":"https:\/\/ibcparts.eu\/#website"},"primaryImageOfPage":{"@id":"https:\/\/ibcparts.eu\/izdelek\/reducir-brix-f\/#primaryimage"},"image":{"@id":"https:\/\/ibcparts.eu\/izdelek\/reducir-brix-f\/#primaryimage"},"thumbnailUrl":"https:\/\/ibcparts.eu\/wp-content\/uploads\/2021\/11\/Reducir-ZEN-1.jpg","datePublished":"2025-12-02T11:25:00+00:00","dateModified":"2026-01-13T13:02:31+00:00","description":"Reducir BRIX F za IBC cisterno z ventilom S60x6. Korak navoja 6mm.\u200b \u017denski navoj BSP, z gumijastim tesnilom. Velikosti: 1\", 5\/4\u2033, 6\/4\u2033.","breadcrumb":{"@id":"https:\/\/ibcparts.eu\/izdelek\/reducir-brix-f\/#breadcrumb"},"inLanguage":"de","potentialAction":[{"@type":"ReadAction","target":["https:\/\/ibcparts.eu\/izdelek\/reducir-brix-f\/"]}]},{"@type":"ImageObject","inLanguage":"de","@id":"https:\/\/ibcparts.eu\/izdelek\/reducir-brix-f\/#primaryimage","url":"https:\/\/ibcparts.eu\/wp-content\/uploads\/2021\/11\/Reducir-ZEN-1.jpg","contentUrl":"https:\/\/ibcparts.eu\/wp-content\/uploads\/2021\/11\/Reducir-ZEN-1.jpg","width":800,"height":800,"caption":"Reducir ZEN za IBC cisterno"},{"@type":"BreadcrumbList","@id":"https:\/\/ibcparts.eu\/izdelek\/reducir-brix-f\/#breadcrumb","itemListElement":[{"@type":"ListItem","position":1,"name":"Home","item":"https:\/\/ibcparts.eu\/"},{"@type":"ListItem","position":2,"name":"Nakupujte","item":"https:\/\/ibcparts.eu\/nakupujte\/"},{"@type":"ListItem","position":3,"name":"Reducir BRIX F za IBC cisterno (1\u2033, 5\/4\u2033, 6\/4\u2033)"}]},{"@type":"WebSite","@id":"https:\/\/ibcparts.eu\/#website","url":"https:\/\/ibcparts.eu\/","name":"IBC-Teile.eu","description":"","publisher":{"@id":"https:\/\/ibcparts.eu\/#organization"},"potentialAction":[{"@type":"SearchAction","target":{"@type":"EntryPoint","urlTemplate":"https:\/\/ibcparts.eu\/?s={search_term_string}"},"query-input":{"@type":"PropertyValueSpecification","valueRequired":true,"valueName":"search_term_string"}}],"inLanguage":"de"},{"@type":"Organization","@id":"https:\/\/ibcparts.eu\/#organization","name":"IBC-Teile","url":"https:\/\/ibcparts.eu\/","logo":{"@type":"ImageObject","inLanguage":"de","@id":"https:\/\/ibcparts.eu\/#\/schema\/logo\/image\/","url":"https:\/\/ibcparts.eu\/wp-content\/uploads\/2021\/10\/Footer-Logo.png","contentUrl":"https:\/\/ibcparts.eu\/wp-content\/uploads\/2021\/10\/Footer-Logo.png","width":1992,"height":772,"caption":"IBCparts"},"image":{"@id":"https:\/\/ibcparts.eu\/#\/schema\/logo\/image\/"}}]}},"_links":{"self":[{"href":"https:\/\/ibcparts.eu\/de\/wp-json\/wp\/v2\/product\/18653","targetHints":{"allow":["GET"]}}],"collection":[{"href":"https:\/\/ibcparts.eu\/de\/wp-json\/wp\/v2\/product"}],"about":[{"href":"https:\/\/ibcparts.eu\/de\/wp-json\/wp\/v2\/types\/product"}],"version-history":[{"count":3,"href":"https:\/\/ibcparts.eu\/de\/wp-json\/wp\/v2\/product\/18653\/revisions"}],"predecessor-version":[{"id":20179,"href":"https:\/\/ibcparts.eu\/de\/wp-json\/wp\/v2\/product\/18653\/revisions\/20179"}],"wp:featuredmedia":[{"embeddable":true,"href":"https:\/\/ibcparts.eu\/de\/wp-json\/wp\/v2\/media\/18325"}],"wp:attachment":[{"href":"https:\/\/ibcparts.eu\/de\/wp-json\/wp\/v2\/media?parent=18653"}],"wp:term":[{"taxonomy":"product_brand","embeddable":true,"href":"https:\/\/ibcparts.eu\/de\/wp-json\/wp\/v2\/product_brand?post=18653"},{"taxonomy":"product_cat","embeddable":true,"href":"https:\/\/ibcparts.eu\/de\/wp-json\/wp\/v2\/product_cat?post=18653"},{"taxonomy":"product_tag","embeddable":true,"href":"https:\/\/ibcparts.eu\/de\/wp-json\/wp\/v2\/product_tag?post=18653"}],"curies":[{"name":"wp","href":"https:\/\/api.w.org\/{rel}","templated":true}]}}