{"id":18443,"date":"2025-11-27T11:18:25","date_gmt":"2025-11-27T10:18:25","guid":{"rendered":"https:\/\/ibcparts.eu\/?post_type=product&#038;p=18443"},"modified":"2026-01-13T13:55:51","modified_gmt":"2026-01-13T12:55:51","slug":"izliv-koleno-n45","status":"publish","type":"product","link":"https:\/\/ibcparts.eu\/de\/produkt\/ibc-outlet-elbow-n45\/","title":{"rendered":"Auslauf \u2013 N45 Winkel f\u00fcr IBC-Container"},"content":{"rendered":"<p><span style=\"font-size: large;\">Hochwertiges einteiliges Gewindewinkelst\u00fcck f\u00fcr IBC-Container mit einem Ventildurchmesser von 55\u201362 mm und Grobgewinde S60x6 (DN50).<\/span><\/p>\n<p>Am besten geeignet f\u00fcr Zisternen des Herstellers Mauser \u2013 bei Verwendung an IBC-Containern anderer Hersteller kann das Winkelst\u00fcck nach dem vollst\u00e4ndigen Anziehen nach oben oder zur Seite zeigen.<\/p>\n<ul>\n<li class=\" translation-block\"><strong>Material:<\/strong> Kunststoff (PP) \u2013 bekannt f\u00fcr seine Festigkeit, sein geringes Gewicht sowie seine Best\u00e4ndigkeit gegen Chemikalien und Hitze.<\/li>\n<li><strong>Farbe:<\/strong> bela<\/li>\n<li class=\" translation-block\"><strong>Dichtung:<\/strong> PVC, wei\u00df \u2013 flexibel, best\u00e4ndig gegen Chemikalien, Feuchtigkeit und Abnutzung.<\/li>\n<li><strong>Kot izliva<\/strong>: 45\u00b0<\/li>\n<li><strong>L\u00e4nge: 15 cm<\/strong><\/li>\n<li class=\" translation-block\"><strong>Gewinde auf der anderen Seite:<\/strong> Au\u00dfengewinde (m\u00e4nnlich) S60x6.<\/li>\n<\/ul>","protected":false},"excerpt":{"rendered":"<h2 data-start=\"158\" data-end=\"218\">Auslauf (Winkel) N45 f\u00fcr IBC-Container mit S60x6-Gewinde<\/h2>\n<p data-start=\"220\" data-end=\"748\" class=\" translation-block\">Der N45 Auslauf ist ein hochwertiges, einteiliges Winkelst\u00fcck mit Gewinde f\u00fcr IBC-Container mit einem Ventildurchmesser von 55\u201362 mm und Grobgewinde S60x6 (DN50). Er wird als <strong>Adapter bzw. Anschluss f\u00fcr einen IBC-Container<\/strong> verwendet, um den Fl\u00fcssigkeitsaustritt in einem Winkel von 45\u00b0 zu lenken. Auf der anderen Seite verf\u00fcgt er \u00fcber ein Au\u00dfengewinde (m\u00e4nnlich) S60x6. Er besteht aus PP-Material und besitzt eine innenliegende wei\u00dfe PVC-Dichtung, die <strong>auch bei kleineren Unebenheiten am Ventil eine zuverl\u00e4ssige Abdichtung gew\u00e4hrleistet<\/strong>. Aufgrund seiner Ausf\u00fchrung ist er besonders f\u00fcr IBC-Container des Herstellers Mauser geeignet.<\/p>\n<p data-start=\"750\" data-end=\"771\">Technische Eigenschaften<\/p>\n<ul>\n<li data-start=\"774\" data-end=\"842\">Produkttyp: Auslauf \/ Winkel (Adapter \/ Anschluss f\u00fcr IBC-Container)<\/li>\n<li data-start=\"845\" data-end=\"896\">Gewindetyp an der Zisterne: S60x6 (DN50), Grobgewinde<\/li>\n<li data-start=\"899\" data-end=\"945\">Gewinde auf der anderen Seite: Au\u00dfengewinde (m\u00e4nnlich) S60x6<\/li>\n<li data-start=\"985\" data-end=\"1002\">Auslaufwinkel: 45\u00b0<\/li>\n<li data-start=\"1005\" data-end=\"1021\">L\u00e4nge: 15 cm<\/li>\n<li data-start=\"1024\" data-end=\"1038\">Werkstoff: PP<\/li>\n<li data-start=\"1041\" data-end=\"1054\">Farbe: wei\u00df<\/li>\n<li data-start=\"1057\" data-end=\"1084\">Dichtung: PVC (wei\u00df)<\/li>\n<\/ul>\n<p>Optimal geeignet f\u00fcr Tanks des Herstellers Mauser.<\/p>\n<p><strong>Mehr St\u00fccke, gr\u00f6\u00dferer Rabatt \u2013 Mengen verschiedener Artikel und Varianten werden zusammengerechnet!<\/strong><\/p>","protected":false},"featured_media":18444,"template":"","meta":[],"product_brand":[],"product_cat":[170,298],"product_tag":[385,387],"class_list":{"0":"post-18443","1":"product","2":"type-product","3":"status-publish","4":"has-post-thumbnail","6":"product_cat-reducirji-in-prikljucki-za-ibc","7":"product_cat-prikljucki-za-cisterno-z-navojem-s60x6","8":"product_tag-izliv-za-ibc-cisterno","9":"product_tag-koleno-n45-za-ibc-cisterno","11":"first","12":"instock","13":"shipping-taxable","14":"purchasable","15":"product-type-simple"},"yoast_head":"<!-- This site is optimized with the Yoast SEO plugin v27.1.1 - https:\/\/yoast.com\/product\/yoast-seo-wordpress\/ -->\n<title>Izliv \u2013 koleno N45 za IBC cisterno | IBCparts.eu<\/title>\n<meta name=\"description\" content=\"Izliv N45 (koleno 45\u00b0) za IBC cisterno S60x6 (DN50) z mo\u0161kim navojem. PP izvedba s PVC tesnilom za zanesljivo tesnjenje.\" \/>\n<meta name=\"robots\" content=\"index, follow, max-snippet:-1, max-image-preview:large, max-video-preview:-1\" \/>\n<link rel=\"canonical\" href=\"https:\/\/ibcparts.eu\/de\/produkt\/ibc-outlet-elbow-n45\/\" \/>\n<meta property=\"og:locale\" content=\"de_DE\" \/>\n<meta property=\"og:type\" content=\"article\" \/>\n<meta property=\"og:title\" content=\"Izliv \u2013 koleno N45 za IBC cisterno | IBCparts.eu\" \/>\n<meta property=\"og:description\" content=\"Izliv N45 (koleno 45\u00b0) za IBC cisterno S60x6 (DN50) z mo\u0161kim navojem. PP izvedba s PVC tesnilom za zanesljivo tesnjenje.\" \/>\n<meta property=\"og:url\" content=\"https:\/\/ibcparts.eu\/de\/produkt\/ibc-outlet-elbow-n45\/\" \/>\n<meta property=\"og:site_name\" content=\"IBCparts.eu\" \/>\n<meta property=\"article:modified_time\" content=\"2026-01-13T12:55:51+00:00\" \/>\n<meta property=\"og:image\" content=\"https:\/\/ibcparts.eu\/wp-content\/uploads\/2025\/11\/Izliv-koleno-za-IBC-cisterno-N45.png\" \/>\n\t<meta property=\"og:image:width\" content=\"500\" \/>\n\t<meta property=\"og:image:height\" content=\"500\" \/>\n\t<meta property=\"og:image:type\" content=\"image\/png\" \/>\n<meta name=\"twitter:card\" content=\"summary_large_image\" \/>\n<script type=\"application\/ld+json\" class=\"yoast-schema-graph\">{\"@context\":\"https:\/\/schema.org\",\"@graph\":[{\"@type\":\"WebPage\",\"@id\":\"https:\/\/ibcparts.eu\/izdelek\/izliv-koleno-n45\/\",\"url\":\"https:\/\/ibcparts.eu\/izdelek\/izliv-koleno-n45\/\",\"name\":\"Izliv \u2013 koleno N45 za IBC cisterno | IBCparts.eu\",\"isPartOf\":{\"@id\":\"https:\/\/ibcparts.eu\/#website\"},\"primaryImageOfPage\":{\"@id\":\"https:\/\/ibcparts.eu\/izdelek\/izliv-koleno-n45\/#primaryimage\"},\"image\":{\"@id\":\"https:\/\/ibcparts.eu\/izdelek\/izliv-koleno-n45\/#primaryimage\"},\"thumbnailUrl\":\"https:\/\/ibcparts.eu\/wp-content\/uploads\/2025\/11\/Izliv-koleno-za-IBC-cisterno-N45.png\",\"datePublished\":\"2025-11-27T10:18:25+00:00\",\"dateModified\":\"2026-01-13T12:55:51+00:00\",\"description\":\"Izliv N45 (koleno 45\u00b0) za IBC cisterno S60x6 (DN50) z mo\u0161kim navojem. PP izvedba s PVC tesnilom za zanesljivo tesnjenje.\",\"breadcrumb\":{\"@id\":\"https:\/\/ibcparts.eu\/izdelek\/izliv-koleno-n45\/#breadcrumb\"},\"inLanguage\":\"de\",\"potentialAction\":[{\"@type\":\"ReadAction\",\"target\":[\"https:\/\/ibcparts.eu\/izdelek\/izliv-koleno-n45\/\"]}]},{\"@type\":\"ImageObject\",\"inLanguage\":\"de\",\"@id\":\"https:\/\/ibcparts.eu\/izdelek\/izliv-koleno-n45\/#primaryimage\",\"url\":\"https:\/\/ibcparts.eu\/wp-content\/uploads\/2025\/11\/Izliv-koleno-za-IBC-cisterno-N45.png\",\"contentUrl\":\"https:\/\/ibcparts.eu\/wp-content\/uploads\/2025\/11\/Izliv-koleno-za-IBC-cisterno-N45.png\",\"width\":500,\"height\":500,\"caption\":\"Izliv, koleno N45 za IBC cisterno\"},{\"@type\":\"BreadcrumbList\",\"@id\":\"https:\/\/ibcparts.eu\/izdelek\/izliv-koleno-n45\/#breadcrumb\",\"itemListElement\":[{\"@type\":\"ListItem\",\"position\":1,\"name\":\"Home\",\"item\":\"https:\/\/ibcparts.eu\/\"},{\"@type\":\"ListItem\",\"position\":2,\"name\":\"Nakupujte\",\"item\":\"https:\/\/ibcparts.eu\/nakupujte\/\"},{\"@type\":\"ListItem\",\"position\":3,\"name\":\"Izliv \u2013 koleno N45 za IBC cisterno\"}]},{\"@type\":\"WebSite\",\"@id\":\"https:\/\/ibcparts.eu\/#website\",\"url\":\"https:\/\/ibcparts.eu\/\",\"name\":\"IBCparts.eu\",\"description\":\"\",\"publisher\":{\"@id\":\"https:\/\/ibcparts.eu\/#organization\"},\"potentialAction\":[{\"@type\":\"SearchAction\",\"target\":{\"@type\":\"EntryPoint\",\"urlTemplate\":\"https:\/\/ibcparts.eu\/?s={search_term_string}\"},\"query-input\":{\"@type\":\"PropertyValueSpecification\",\"valueRequired\":true,\"valueName\":\"search_term_string\"}}],\"inLanguage\":\"de\"},{\"@type\":\"Organization\",\"@id\":\"https:\/\/ibcparts.eu\/#organization\",\"name\":\"IBCparts\",\"url\":\"https:\/\/ibcparts.eu\/\",\"logo\":{\"@type\":\"ImageObject\",\"inLanguage\":\"de\",\"@id\":\"https:\/\/ibcparts.eu\/#\/schema\/logo\/image\/\",\"url\":\"https:\/\/ibcparts.eu\/wp-content\/uploads\/2021\/10\/Footer-Logo.png\",\"contentUrl\":\"https:\/\/ibcparts.eu\/wp-content\/uploads\/2021\/10\/Footer-Logo.png\",\"width\":1992,\"height\":772,\"caption\":\"IBCparts\"},\"image\":{\"@id\":\"https:\/\/ibcparts.eu\/#\/schema\/logo\/image\/\"}}]}<\/script>\n<!-- \/ Yoast SEO plugin. -->","yoast_head_json":{"title":"Izliv \u2013 koleno N45 za IBC cisterno | IBCparts.eu","description":"Izliv N45 (koleno 45\u00b0) za IBC cisterno S60x6 (DN50) z mo\u0161kim navojem. PP izvedba s PVC tesnilom za zanesljivo tesnjenje.","robots":{"index":"index","follow":"follow","max-snippet":"max-snippet:-1","max-image-preview":"max-image-preview:large","max-video-preview":"max-video-preview:-1"},"canonical":"https:\/\/ibcparts.eu\/de\/produkt\/ibc-outlet-elbow-n45\/","og_locale":"de_DE","og_type":"article","og_title":"Izliv \u2013 koleno N45 za IBC cisterno | IBCparts.eu","og_description":"Izliv N45 (koleno 45\u00b0) za IBC cisterno S60x6 (DN50) z mo\u0161kim navojem. PP izvedba s PVC tesnilom za zanesljivo tesnjenje.","og_url":"https:\/\/ibcparts.eu\/de\/produkt\/ibc-outlet-elbow-n45\/","og_site_name":"IBCparts.eu","article_modified_time":"2026-01-13T12:55:51+00:00","og_image":[{"width":500,"height":500,"url":"https:\/\/ibcparts.eu\/wp-content\/uploads\/2025\/11\/Izliv-koleno-za-IBC-cisterno-N45.png","type":"image\/png"}],"twitter_card":"summary_large_image","schema":{"@context":"https:\/\/schema.org","@graph":[{"@type":"WebPage","@id":"https:\/\/ibcparts.eu\/izdelek\/izliv-koleno-n45\/","url":"https:\/\/ibcparts.eu\/izdelek\/izliv-koleno-n45\/","name":"Izliv \u2013 koleno N45 za IBC cisterno | IBCparts.eu","isPartOf":{"@id":"https:\/\/ibcparts.eu\/#website"},"primaryImageOfPage":{"@id":"https:\/\/ibcparts.eu\/izdelek\/izliv-koleno-n45\/#primaryimage"},"image":{"@id":"https:\/\/ibcparts.eu\/izdelek\/izliv-koleno-n45\/#primaryimage"},"thumbnailUrl":"https:\/\/ibcparts.eu\/wp-content\/uploads\/2025\/11\/Izliv-koleno-za-IBC-cisterno-N45.png","datePublished":"2025-11-27T10:18:25+00:00","dateModified":"2026-01-13T12:55:51+00:00","description":"Izliv N45 (koleno 45\u00b0) za IBC cisterno S60x6 (DN50) z mo\u0161kim navojem. PP izvedba s PVC tesnilom za zanesljivo tesnjenje.","breadcrumb":{"@id":"https:\/\/ibcparts.eu\/izdelek\/izliv-koleno-n45\/#breadcrumb"},"inLanguage":"de","potentialAction":[{"@type":"ReadAction","target":["https:\/\/ibcparts.eu\/izdelek\/izliv-koleno-n45\/"]}]},{"@type":"ImageObject","inLanguage":"de","@id":"https:\/\/ibcparts.eu\/izdelek\/izliv-koleno-n45\/#primaryimage","url":"https:\/\/ibcparts.eu\/wp-content\/uploads\/2025\/11\/Izliv-koleno-za-IBC-cisterno-N45.png","contentUrl":"https:\/\/ibcparts.eu\/wp-content\/uploads\/2025\/11\/Izliv-koleno-za-IBC-cisterno-N45.png","width":500,"height":500,"caption":"Izliv, koleno N45 za IBC cisterno"},{"@type":"BreadcrumbList","@id":"https:\/\/ibcparts.eu\/izdelek\/izliv-koleno-n45\/#breadcrumb","itemListElement":[{"@type":"ListItem","position":1,"name":"Home","item":"https:\/\/ibcparts.eu\/"},{"@type":"ListItem","position":2,"name":"Nakupujte","item":"https:\/\/ibcparts.eu\/nakupujte\/"},{"@type":"ListItem","position":3,"name":"Izliv \u2013 koleno N45 za IBC cisterno"}]},{"@type":"WebSite","@id":"https:\/\/ibcparts.eu\/#website","url":"https:\/\/ibcparts.eu\/","name":"IBC-Teile.eu","description":"","publisher":{"@id":"https:\/\/ibcparts.eu\/#organization"},"potentialAction":[{"@type":"SearchAction","target":{"@type":"EntryPoint","urlTemplate":"https:\/\/ibcparts.eu\/?s={search_term_string}"},"query-input":{"@type":"PropertyValueSpecification","valueRequired":true,"valueName":"search_term_string"}}],"inLanguage":"de"},{"@type":"Organization","@id":"https:\/\/ibcparts.eu\/#organization","name":"IBC-Teile","url":"https:\/\/ibcparts.eu\/","logo":{"@type":"ImageObject","inLanguage":"de","@id":"https:\/\/ibcparts.eu\/#\/schema\/logo\/image\/","url":"https:\/\/ibcparts.eu\/wp-content\/uploads\/2021\/10\/Footer-Logo.png","contentUrl":"https:\/\/ibcparts.eu\/wp-content\/uploads\/2021\/10\/Footer-Logo.png","width":1992,"height":772,"caption":"IBCparts"},"image":{"@id":"https:\/\/ibcparts.eu\/#\/schema\/logo\/image\/"}}]}},"_links":{"self":[{"href":"https:\/\/ibcparts.eu\/de\/wp-json\/wp\/v2\/product\/18443","targetHints":{"allow":["GET"]}}],"collection":[{"href":"https:\/\/ibcparts.eu\/de\/wp-json\/wp\/v2\/product"}],"about":[{"href":"https:\/\/ibcparts.eu\/de\/wp-json\/wp\/v2\/types\/product"}],"version-history":[{"count":2,"href":"https:\/\/ibcparts.eu\/de\/wp-json\/wp\/v2\/product\/18443\/revisions"}],"predecessor-version":[{"id":20164,"href":"https:\/\/ibcparts.eu\/de\/wp-json\/wp\/v2\/product\/18443\/revisions\/20164"}],"wp:featuredmedia":[{"embeddable":true,"href":"https:\/\/ibcparts.eu\/de\/wp-json\/wp\/v2\/media\/18444"}],"wp:attachment":[{"href":"https:\/\/ibcparts.eu\/de\/wp-json\/wp\/v2\/media?parent=18443"}],"wp:term":[{"taxonomy":"product_brand","embeddable":true,"href":"https:\/\/ibcparts.eu\/de\/wp-json\/wp\/v2\/product_brand?post=18443"},{"taxonomy":"product_cat","embeddable":true,"href":"https:\/\/ibcparts.eu\/de\/wp-json\/wp\/v2\/product_cat?post=18443"},{"taxonomy":"product_tag","embeddable":true,"href":"https:\/\/ibcparts.eu\/de\/wp-json\/wp\/v2\/product_tag?post=18443"}],"curies":[{"name":"wp","href":"https:\/\/api.w.org\/{rel}","templated":true}]}}