{"id":18434,"date":"2025-11-27T11:07:17","date_gmt":"2025-11-27T10:07:17","guid":{"rendered":"https:\/\/ibcparts.eu\/?post_type=product&#038;p=18434"},"modified":"2026-01-13T13:55:18","modified_gmt":"2026-01-13T12:55:18","slug":"izliv-koleno-m90","status":"publish","type":"product","link":"https:\/\/ibcparts.eu\/de\/produkt\/ibc-auslauf-winkel-m90\/","title":{"rendered":"Auslauf \u2013 M90-Winkel f\u00fcr IBC-Container"},"content":{"rendered":"<p><span style=\"font-size: large;\">Hochwertiger dreiteiliger Adapter, Winkel-Auslauf f\u00fcr Container mit Ventilgr\u00f6\u00dfe 55\u201362 mm und grobem S60x6-Gewinde (DN50). Dies ist der am h\u00e4ufigsten verwendete Ventiltyp bei IBC-Containern.<\/span><\/p>\n<ul>\n<li class=\" translation-block\"><strong>Material:<\/strong> Kunststoff (PP) \u2013 leicht, robust, wasserfest und chemikalienbest\u00e4ndig.<\/li>\n<li><strong>Farbe:<\/strong> schwarz und wei\u00df<\/li>\n<li class=\" translation-block\"><strong>Dichtung:<\/strong> Schaum (PE) \u2013 sorgt f\u00fcr eine sehr gute Abdichtung auch bei Unregelm\u00e4\u00dfigkeiten am Ventil. Ist das Ventil besch\u00e4digt und weist scharfe Kanten auf, kann auch diese Dichtung besch\u00e4digt werden.<\/li>\n<li class=\" translation-block\"><strong>Auslaufwinkel<\/strong>: 90\u00b0<\/li>\n<li><strong>L\u00e4nge: 14 cm<\/strong><\/li>\n<li class=\" translation-block\"><strong>Rohrdurchmesser<\/strong>: 4 cm<\/li>\n<\/ul>","protected":false},"excerpt":{"rendered":"<h2 data-start=\"157\" data-end=\"217\">Auslauf (Winkel) M90 f\u00fcr IBC-Container mit S60x6-Gewinde<\/h2>\n<p data-start=\"219\" data-end=\"623\" class=\" translation-block\">Der M90-Auslauf ist ein hochwertiger, dreiteiliger Adapter in Winkelbauform f\u00fcr IBC-Container mit einem Ventildurchmesser von 55\u201362 mm und grobem S60x6-Gewinde (DN50). Er wird als <strong>Adapter bzw. Anschluss f\u00fcr IBC-Container<\/strong> zur Umlenkung des Fl\u00fcssigkeitsauslaufs im 90\u00b0-Winkel verwendet. Gefertigt aus PP-Material und mit einer inneren Dichtung aus PE-Schaum ausgestattet, gew\u00e4hrleistet er <strong>eine zuverl\u00e4ssige Abdichtung auch bei kleineren Unregelm\u00e4\u00dfigkeiten am Ventil<\/strong>.<\/p>\n<p data-start=\"625\" data-end=\"646\">Technische Eigenschaften<\/p>\n<ul>\n<li data-start=\"649\" data-end=\"717\">Produkttyp: Auslauf \/ Winkel (Adapter \/ Anschluss f\u00fcr IBC-Container)<\/li>\n<li data-start=\"720\" data-end=\"771\">Gewindetyp an der Zisterne: S60x6 (DN50), Grobgewinde<\/li>\n<li data-start=\"774\" data-end=\"808\">Geeignet f\u00fcr Ventile: \u00d8 55\u201362 mm<\/li>\n<li data-start=\"811\" data-end=\"828\" class=\" translation-block\"><strong>Auslaufwinkel<\/strong>: 90\u00b0<\/li>\n<li data-start=\"831\" data-end=\"847\">L\u00e4nge: 14 cm<\/li>\n<li data-start=\"850\" data-end=\"869\" class=\" translation-block\"><strong>Rohrdurchmesser<\/strong>: 4 cm<\/li>\n<li data-start=\"872\" data-end=\"886\">Werkstoff: PP<\/li>\n<li data-start=\"889\" data-end=\"909\">Barva: \u010drna \/ bela<\/li>\n<li data-start=\"912\" data-end=\"930\">Tesnilo: PE pena<\/li>\n<\/ul>\n<p><strong>Mehr St\u00fccke, gr\u00f6\u00dferer Rabatt \u2013 Mengen verschiedener Artikel und Varianten werden zusammengerechnet!<\/strong><\/p>","protected":false},"featured_media":18438,"template":"","meta":[],"product_brand":[],"product_cat":[170,298],"product_tag":[385,384],"class_list":{"0":"post-18434","1":"product","2":"type-product","3":"status-publish","4":"has-post-thumbnail","6":"product_cat-reducirji-in-prikljucki-za-ibc","7":"product_cat-prikljucki-za-cisterno-z-navojem-s60x6","8":"product_tag-izliv-za-ibc-cisterno","9":"product_tag-koleno-za-ibc-cisterno-m90","11":"first","12":"instock","13":"shipping-taxable","14":"purchasable","15":"product-type-simple"},"yoast_head":"<!-- This site is optimized with the Yoast SEO plugin v27.1.1 - https:\/\/yoast.com\/product\/yoast-seo-wordpress\/ -->\n<title>Izliv \u2013 koleno M90 za IBC cisterno | IBCparts.eu<\/title>\n<meta name=\"description\" content=\"Izliv M90 (koleno 90\u00b0) za IBC cisterno S60x6 (DN50). Trodelen PP adapter s PE tesnilom za zanesljivo tesnjenje in usmerjen izliv.\" \/>\n<meta name=\"robots\" content=\"index, follow, max-snippet:-1, max-image-preview:large, max-video-preview:-1\" \/>\n<link rel=\"canonical\" href=\"https:\/\/ibcparts.eu\/de\/produkt\/ibc-auslauf-winkel-m90\/\" \/>\n<meta property=\"og:locale\" content=\"de_DE\" \/>\n<meta property=\"og:type\" content=\"article\" \/>\n<meta property=\"og:title\" content=\"Izliv \u2013 koleno M90 za IBC cisterno | IBCparts.eu\" \/>\n<meta property=\"og:description\" content=\"Izliv M90 (koleno 90\u00b0) za IBC cisterno S60x6 (DN50). Trodelen PP adapter s PE tesnilom za zanesljivo tesnjenje in usmerjen izliv.\" \/>\n<meta property=\"og:url\" content=\"https:\/\/ibcparts.eu\/de\/produkt\/ibc-auslauf-winkel-m90\/\" \/>\n<meta property=\"og:site_name\" content=\"IBCparts.eu\" \/>\n<meta property=\"article:modified_time\" content=\"2026-01-13T12:55:18+00:00\" \/>\n<meta property=\"og:image\" content=\"https:\/\/ibcparts.eu\/wp-content\/uploads\/2025\/11\/Izliv-koleno-za-IBC-cisterno-M90.png\" \/>\n\t<meta property=\"og:image:width\" content=\"500\" \/>\n\t<meta property=\"og:image:height\" content=\"500\" \/>\n\t<meta property=\"og:image:type\" content=\"image\/png\" \/>\n<meta name=\"twitter:card\" content=\"summary_large_image\" \/>\n<script type=\"application\/ld+json\" class=\"yoast-schema-graph\">{\"@context\":\"https:\/\/schema.org\",\"@graph\":[{\"@type\":\"WebPage\",\"@id\":\"https:\/\/ibcparts.eu\/izdelek\/izliv-koleno-m90\/\",\"url\":\"https:\/\/ibcparts.eu\/izdelek\/izliv-koleno-m90\/\",\"name\":\"Izliv \u2013 koleno M90 za IBC cisterno | IBCparts.eu\",\"isPartOf\":{\"@id\":\"https:\/\/ibcparts.eu\/#website\"},\"primaryImageOfPage\":{\"@id\":\"https:\/\/ibcparts.eu\/izdelek\/izliv-koleno-m90\/#primaryimage\"},\"image\":{\"@id\":\"https:\/\/ibcparts.eu\/izdelek\/izliv-koleno-m90\/#primaryimage\"},\"thumbnailUrl\":\"https:\/\/ibcparts.eu\/wp-content\/uploads\/2025\/11\/Izliv-koleno-za-IBC-cisterno-M90.png\",\"datePublished\":\"2025-11-27T10:07:17+00:00\",\"dateModified\":\"2026-01-13T12:55:18+00:00\",\"description\":\"Izliv M90 (koleno 90\u00b0) za IBC cisterno S60x6 (DN50). Trodelen PP adapter s PE tesnilom za zanesljivo tesnjenje in usmerjen izliv.\",\"breadcrumb\":{\"@id\":\"https:\/\/ibcparts.eu\/izdelek\/izliv-koleno-m90\/#breadcrumb\"},\"inLanguage\":\"de\",\"potentialAction\":[{\"@type\":\"ReadAction\",\"target\":[\"https:\/\/ibcparts.eu\/izdelek\/izliv-koleno-m90\/\"]}]},{\"@type\":\"ImageObject\",\"inLanguage\":\"de\",\"@id\":\"https:\/\/ibcparts.eu\/izdelek\/izliv-koleno-m90\/#primaryimage\",\"url\":\"https:\/\/ibcparts.eu\/wp-content\/uploads\/2025\/11\/Izliv-koleno-za-IBC-cisterno-M90.png\",\"contentUrl\":\"https:\/\/ibcparts.eu\/wp-content\/uploads\/2025\/11\/Izliv-koleno-za-IBC-cisterno-M90.png\",\"width\":500,\"height\":500,\"caption\":\"Izliv, koleno M90 za IBC cisterno\"},{\"@type\":\"BreadcrumbList\",\"@id\":\"https:\/\/ibcparts.eu\/izdelek\/izliv-koleno-m90\/#breadcrumb\",\"itemListElement\":[{\"@type\":\"ListItem\",\"position\":1,\"name\":\"Home\",\"item\":\"https:\/\/ibcparts.eu\/\"},{\"@type\":\"ListItem\",\"position\":2,\"name\":\"Nakupujte\",\"item\":\"https:\/\/ibcparts.eu\/nakupujte\/\"},{\"@type\":\"ListItem\",\"position\":3,\"name\":\"Izliv \u2013 koleno M90 za IBC cisterno\"}]},{\"@type\":\"WebSite\",\"@id\":\"https:\/\/ibcparts.eu\/#website\",\"url\":\"https:\/\/ibcparts.eu\/\",\"name\":\"IBCparts.eu\",\"description\":\"\",\"publisher\":{\"@id\":\"https:\/\/ibcparts.eu\/#organization\"},\"potentialAction\":[{\"@type\":\"SearchAction\",\"target\":{\"@type\":\"EntryPoint\",\"urlTemplate\":\"https:\/\/ibcparts.eu\/?s={search_term_string}\"},\"query-input\":{\"@type\":\"PropertyValueSpecification\",\"valueRequired\":true,\"valueName\":\"search_term_string\"}}],\"inLanguage\":\"de\"},{\"@type\":\"Organization\",\"@id\":\"https:\/\/ibcparts.eu\/#organization\",\"name\":\"IBCparts\",\"url\":\"https:\/\/ibcparts.eu\/\",\"logo\":{\"@type\":\"ImageObject\",\"inLanguage\":\"de\",\"@id\":\"https:\/\/ibcparts.eu\/#\/schema\/logo\/image\/\",\"url\":\"https:\/\/ibcparts.eu\/wp-content\/uploads\/2021\/10\/Footer-Logo.png\",\"contentUrl\":\"https:\/\/ibcparts.eu\/wp-content\/uploads\/2021\/10\/Footer-Logo.png\",\"width\":1992,\"height\":772,\"caption\":\"IBCparts\"},\"image\":{\"@id\":\"https:\/\/ibcparts.eu\/#\/schema\/logo\/image\/\"}}]}<\/script>\n<!-- \/ Yoast SEO plugin. -->","yoast_head_json":{"title":"Izliv \u2013 koleno M90 za IBC cisterno | IBCparts.eu","description":"Izliv M90 (koleno 90\u00b0) za IBC cisterno S60x6 (DN50). Trodelen PP adapter s PE tesnilom za zanesljivo tesnjenje in usmerjen izliv.","robots":{"index":"index","follow":"follow","max-snippet":"max-snippet:-1","max-image-preview":"max-image-preview:large","max-video-preview":"max-video-preview:-1"},"canonical":"https:\/\/ibcparts.eu\/de\/produkt\/ibc-auslauf-winkel-m90\/","og_locale":"de_DE","og_type":"article","og_title":"Izliv \u2013 koleno M90 za IBC cisterno | IBCparts.eu","og_description":"Izliv M90 (koleno 90\u00b0) za IBC cisterno S60x6 (DN50). Trodelen PP adapter s PE tesnilom za zanesljivo tesnjenje in usmerjen izliv.","og_url":"https:\/\/ibcparts.eu\/de\/produkt\/ibc-auslauf-winkel-m90\/","og_site_name":"IBCparts.eu","article_modified_time":"2026-01-13T12:55:18+00:00","og_image":[{"width":500,"height":500,"url":"https:\/\/ibcparts.eu\/wp-content\/uploads\/2025\/11\/Izliv-koleno-za-IBC-cisterno-M90.png","type":"image\/png"}],"twitter_card":"summary_large_image","schema":{"@context":"https:\/\/schema.org","@graph":[{"@type":"WebPage","@id":"https:\/\/ibcparts.eu\/izdelek\/izliv-koleno-m90\/","url":"https:\/\/ibcparts.eu\/izdelek\/izliv-koleno-m90\/","name":"Izliv \u2013 koleno M90 za IBC cisterno | IBCparts.eu","isPartOf":{"@id":"https:\/\/ibcparts.eu\/#website"},"primaryImageOfPage":{"@id":"https:\/\/ibcparts.eu\/izdelek\/izliv-koleno-m90\/#primaryimage"},"image":{"@id":"https:\/\/ibcparts.eu\/izdelek\/izliv-koleno-m90\/#primaryimage"},"thumbnailUrl":"https:\/\/ibcparts.eu\/wp-content\/uploads\/2025\/11\/Izliv-koleno-za-IBC-cisterno-M90.png","datePublished":"2025-11-27T10:07:17+00:00","dateModified":"2026-01-13T12:55:18+00:00","description":"Izliv M90 (koleno 90\u00b0) za IBC cisterno S60x6 (DN50). Trodelen PP adapter s PE tesnilom za zanesljivo tesnjenje in usmerjen izliv.","breadcrumb":{"@id":"https:\/\/ibcparts.eu\/izdelek\/izliv-koleno-m90\/#breadcrumb"},"inLanguage":"de","potentialAction":[{"@type":"ReadAction","target":["https:\/\/ibcparts.eu\/izdelek\/izliv-koleno-m90\/"]}]},{"@type":"ImageObject","inLanguage":"de","@id":"https:\/\/ibcparts.eu\/izdelek\/izliv-koleno-m90\/#primaryimage","url":"https:\/\/ibcparts.eu\/wp-content\/uploads\/2025\/11\/Izliv-koleno-za-IBC-cisterno-M90.png","contentUrl":"https:\/\/ibcparts.eu\/wp-content\/uploads\/2025\/11\/Izliv-koleno-za-IBC-cisterno-M90.png","width":500,"height":500,"caption":"Izliv, koleno M90 za IBC cisterno"},{"@type":"BreadcrumbList","@id":"https:\/\/ibcparts.eu\/izdelek\/izliv-koleno-m90\/#breadcrumb","itemListElement":[{"@type":"ListItem","position":1,"name":"Home","item":"https:\/\/ibcparts.eu\/"},{"@type":"ListItem","position":2,"name":"Nakupujte","item":"https:\/\/ibcparts.eu\/nakupujte\/"},{"@type":"ListItem","position":3,"name":"Izliv \u2013 koleno M90 za IBC cisterno"}]},{"@type":"WebSite","@id":"https:\/\/ibcparts.eu\/#website","url":"https:\/\/ibcparts.eu\/","name":"IBC-Teile.eu","description":"","publisher":{"@id":"https:\/\/ibcparts.eu\/#organization"},"potentialAction":[{"@type":"SearchAction","target":{"@type":"EntryPoint","urlTemplate":"https:\/\/ibcparts.eu\/?s={search_term_string}"},"query-input":{"@type":"PropertyValueSpecification","valueRequired":true,"valueName":"search_term_string"}}],"inLanguage":"de"},{"@type":"Organization","@id":"https:\/\/ibcparts.eu\/#organization","name":"IBC-Teile","url":"https:\/\/ibcparts.eu\/","logo":{"@type":"ImageObject","inLanguage":"de","@id":"https:\/\/ibcparts.eu\/#\/schema\/logo\/image\/","url":"https:\/\/ibcparts.eu\/wp-content\/uploads\/2021\/10\/Footer-Logo.png","contentUrl":"https:\/\/ibcparts.eu\/wp-content\/uploads\/2021\/10\/Footer-Logo.png","width":1992,"height":772,"caption":"IBCparts"},"image":{"@id":"https:\/\/ibcparts.eu\/#\/schema\/logo\/image\/"}}]}},"_links":{"self":[{"href":"https:\/\/ibcparts.eu\/de\/wp-json\/wp\/v2\/product\/18434","targetHints":{"allow":["GET"]}}],"collection":[{"href":"https:\/\/ibcparts.eu\/de\/wp-json\/wp\/v2\/product"}],"about":[{"href":"https:\/\/ibcparts.eu\/de\/wp-json\/wp\/v2\/types\/product"}],"version-history":[{"count":2,"href":"https:\/\/ibcparts.eu\/de\/wp-json\/wp\/v2\/product\/18434\/revisions"}],"predecessor-version":[{"id":20162,"href":"https:\/\/ibcparts.eu\/de\/wp-json\/wp\/v2\/product\/18434\/revisions\/20162"}],"wp:featuredmedia":[{"embeddable":true,"href":"https:\/\/ibcparts.eu\/de\/wp-json\/wp\/v2\/media\/18438"}],"wp:attachment":[{"href":"https:\/\/ibcparts.eu\/de\/wp-json\/wp\/v2\/media?parent=18434"}],"wp:term":[{"taxonomy":"product_brand","embeddable":true,"href":"https:\/\/ibcparts.eu\/de\/wp-json\/wp\/v2\/product_brand?post=18434"},{"taxonomy":"product_cat","embeddable":true,"href":"https:\/\/ibcparts.eu\/de\/wp-json\/wp\/v2\/product_cat?post=18434"},{"taxonomy":"product_tag","embeddable":true,"href":"https:\/\/ibcparts.eu\/de\/wp-json\/wp\/v2\/product_tag?post=18434"}],"curies":[{"name":"wp","href":"https:\/\/api.w.org\/{rel}","templated":true}]}}