{"id":18252,"date":"2025-11-23T18:26:52","date_gmt":"2025-11-23T17:26:52","guid":{"rendered":"https:\/\/ibcparts.eu\/?post_type=product&#038;p=18252"},"modified":"2025-11-23T19:00:13","modified_gmt":"2025-11-23T18:00:13","slug":"izolacijski-pokrov-za-200l-sod","status":"publish","type":"product","link":"https:\/\/ibcparts.eu\/de\/produkt\/insulation-cover-for-200l-drum\/","title":{"rendered":"Izolacijski pokrov za 200L sod"},"content":{"rendered":"","protected":false},"excerpt":{"rendered":"<p>Izolacijski pokrov za sod je zasnovan za izolacijo in ohranjanje temperature.<\/p>\n<ul>\n<li>Ohranjanje temperature znotraj soda.<\/li>\n<li>Lahko uporablja v kombinaciji z grelnim pla\u0161\u010dem za sod, da se pospe\u0161i proces segrevanja in\/ali upo\u010dasni proces ohlajanja, ko je grelec odklopljen.<\/li>\n<li>Dodatno za\u0161\u010dito soda.<\/li>\n<li>Varen prevoz soda.Vsi prikazani izdelki so za 200-litrske sode.<\/li>\n<li>Tudi v verziji z odprtinami za dostop.<\/li>\n<li>Material Cordura s teflonskim premazom.<\/li>\n<li>Wasserabweisend.<\/li>\n<li>Best\u00e4ndig gegen Chemikalien.<\/li>\n<li>Enostaven za namestitev.<\/li>\n<li>Hergestellt in der EU.<\/li>\n<li><strong>Der Preis f\u00fcr dieses Produkt versteht sich ohne MwSt. Der genaue Betrag der Versandkosten wird bei der Erstellung des Kostenvoranschlags berechnet.<\/strong><\/li>\n<li>Wir ber\u00fccksichtigen in der Regel einen zus\u00e4tzlichen Rabatt, insbesondere bei Mengen von 2 oder mehr.<\/li>\n<\/ul>","protected":false},"featured_media":18264,"template":"","meta":[],"product_brand":[],"product_cat":[317,262],"product_tag":[361],"class_list":{"0":"post-18252","1":"product","2":"type-product","3":"status-publish","4":"has-post-thumbnail","6":"product_cat-grelniki-zascitne-in-termoizolacijske-ponjave-za-sode-in-ibc-cisterne","7":"product_cat-zascitne-ponjave","8":"product_tag-izolacijski-pokrov-za-200l-sod","10":"first","11":"instock","12":"shipping-taxable","13":"purchasable","14":"product-type-variable"},"yoast_head":"<!-- This site is optimized with the Yoast SEO plugin v27.1.1 - https:\/\/yoast.com\/product\/yoast-seo-wordpress\/ -->\n<title>Izolacijski pokrov za 200L sod | IBCparts.eu<\/title>\n<meta name=\"description\" content=\"Izolacijski pokrov za 200L sod. Lahko uporablja v kombinaciji z grelnim pla\u0161\u010dem za sod, da se pospe\u0161i proces segrevanja in\/ali upo\u010dasni proces ohlajanja.\" \/>\n<meta name=\"robots\" content=\"index, follow, max-snippet:-1, max-image-preview:large, max-video-preview:-1\" \/>\n<link rel=\"canonical\" href=\"https:\/\/ibcparts.eu\/de\/produkt\/insulation-cover-for-200l-drum\/\" \/>\n<meta property=\"og:locale\" content=\"de_DE\" \/>\n<meta property=\"og:type\" content=\"article\" \/>\n<meta property=\"og:title\" content=\"Izolacijski pokrov za 200L sod | IBCparts.eu\" \/>\n<meta property=\"og:description\" content=\"Izolacijski pokrov za 200L sod. Lahko uporablja v kombinaciji z grelnim pla\u0161\u010dem za sod, da se pospe\u0161i proces segrevanja in\/ali upo\u010dasni proces ohlajanja.\" \/>\n<meta property=\"og:url\" content=\"https:\/\/ibcparts.eu\/de\/produkt\/insulation-cover-for-200l-drum\/\" \/>\n<meta property=\"og:site_name\" content=\"IBCparts.eu\" \/>\n<meta property=\"article:modified_time\" content=\"2025-11-23T18:00:13+00:00\" \/>\n<meta property=\"og:image\" content=\"https:\/\/ibcparts.eu\/wp-content\/uploads\/2025\/11\/Izolacijski-pokrov-za-200L-sod-min.png\" \/>\n\t<meta property=\"og:image:width\" content=\"500\" \/>\n\t<meta property=\"og:image:height\" content=\"500\" \/>\n\t<meta property=\"og:image:type\" content=\"image\/png\" \/>\n<meta name=\"twitter:card\" content=\"summary_large_image\" \/>\n<script type=\"application\/ld+json\" class=\"yoast-schema-graph\">{\"@context\":\"https:\/\/schema.org\",\"@graph\":[{\"@type\":\"WebPage\",\"@id\":\"https:\/\/ibcparts.eu\/izdelek\/izolacijski-pokrov-za-200l-sod\/\",\"url\":\"https:\/\/ibcparts.eu\/izdelek\/izolacijski-pokrov-za-200l-sod\/\",\"name\":\"Izolacijski pokrov za 200L sod | IBCparts.eu\",\"isPartOf\":{\"@id\":\"https:\/\/ibcparts.eu\/#website\"},\"primaryImageOfPage\":{\"@id\":\"https:\/\/ibcparts.eu\/izdelek\/izolacijski-pokrov-za-200l-sod\/#primaryimage\"},\"image\":{\"@id\":\"https:\/\/ibcparts.eu\/izdelek\/izolacijski-pokrov-za-200l-sod\/#primaryimage\"},\"thumbnailUrl\":\"https:\/\/ibcparts.eu\/wp-content\/uploads\/2025\/11\/Izolacijski-pokrov-za-200L-sod-min.png\",\"datePublished\":\"2025-11-23T17:26:52+00:00\",\"dateModified\":\"2025-11-23T18:00:13+00:00\",\"description\":\"Izolacijski pokrov za 200L sod. Lahko uporablja v kombinaciji z grelnim pla\u0161\u010dem za sod, da se pospe\u0161i proces segrevanja in\/ali upo\u010dasni proces ohlajanja.\",\"breadcrumb\":{\"@id\":\"https:\/\/ibcparts.eu\/izdelek\/izolacijski-pokrov-za-200l-sod\/#breadcrumb\"},\"inLanguage\":\"de\",\"potentialAction\":[{\"@type\":\"ReadAction\",\"target\":[\"https:\/\/ibcparts.eu\/izdelek\/izolacijski-pokrov-za-200l-sod\/\"]}]},{\"@type\":\"ImageObject\",\"inLanguage\":\"de\",\"@id\":\"https:\/\/ibcparts.eu\/izdelek\/izolacijski-pokrov-za-200l-sod\/#primaryimage\",\"url\":\"https:\/\/ibcparts.eu\/wp-content\/uploads\/2025\/11\/Izolacijski-pokrov-za-200L-sod-min.png\",\"contentUrl\":\"https:\/\/ibcparts.eu\/wp-content\/uploads\/2025\/11\/Izolacijski-pokrov-za-200L-sod-min.png\",\"width\":500,\"height\":500,\"caption\":\"Izolacijski pokrov za 200L sod\"},{\"@type\":\"BreadcrumbList\",\"@id\":\"https:\/\/ibcparts.eu\/izdelek\/izolacijski-pokrov-za-200l-sod\/#breadcrumb\",\"itemListElement\":[{\"@type\":\"ListItem\",\"position\":1,\"name\":\"Home\",\"item\":\"https:\/\/ibcparts.eu\/\"},{\"@type\":\"ListItem\",\"position\":2,\"name\":\"Nakupujte\",\"item\":\"https:\/\/ibcparts.eu\/nakupujte\/\"},{\"@type\":\"ListItem\",\"position\":3,\"name\":\"Izolacijski pokrov za 200L sod\"}]},{\"@type\":\"WebSite\",\"@id\":\"https:\/\/ibcparts.eu\/#website\",\"url\":\"https:\/\/ibcparts.eu\/\",\"name\":\"IBCparts.eu\",\"description\":\"\",\"publisher\":{\"@id\":\"https:\/\/ibcparts.eu\/#organization\"},\"potentialAction\":[{\"@type\":\"SearchAction\",\"target\":{\"@type\":\"EntryPoint\",\"urlTemplate\":\"https:\/\/ibcparts.eu\/?s={search_term_string}\"},\"query-input\":{\"@type\":\"PropertyValueSpecification\",\"valueRequired\":true,\"valueName\":\"search_term_string\"}}],\"inLanguage\":\"de\"},{\"@type\":\"Organization\",\"@id\":\"https:\/\/ibcparts.eu\/#organization\",\"name\":\"IBCparts\",\"url\":\"https:\/\/ibcparts.eu\/\",\"logo\":{\"@type\":\"ImageObject\",\"inLanguage\":\"de\",\"@id\":\"https:\/\/ibcparts.eu\/#\/schema\/logo\/image\/\",\"url\":\"https:\/\/ibcparts.eu\/wp-content\/uploads\/2021\/10\/Footer-Logo.png\",\"contentUrl\":\"https:\/\/ibcparts.eu\/wp-content\/uploads\/2021\/10\/Footer-Logo.png\",\"width\":1992,\"height\":772,\"caption\":\"IBCparts\"},\"image\":{\"@id\":\"https:\/\/ibcparts.eu\/#\/schema\/logo\/image\/\"}}]}<\/script>\n<!-- \/ Yoast SEO plugin. -->","yoast_head_json":{"title":"Izolacijski pokrov za 200L sod | IBCparts.eu","description":"Izolacijski pokrov za 200L sod. Lahko uporablja v kombinaciji z grelnim pla\u0161\u010dem za sod, da se pospe\u0161i proces segrevanja in\/ali upo\u010dasni proces ohlajanja.","robots":{"index":"index","follow":"follow","max-snippet":"max-snippet:-1","max-image-preview":"max-image-preview:large","max-video-preview":"max-video-preview:-1"},"canonical":"https:\/\/ibcparts.eu\/de\/produkt\/insulation-cover-for-200l-drum\/","og_locale":"de_DE","og_type":"article","og_title":"Izolacijski pokrov za 200L sod | IBCparts.eu","og_description":"Izolacijski pokrov za 200L sod. Lahko uporablja v kombinaciji z grelnim pla\u0161\u010dem za sod, da se pospe\u0161i proces segrevanja in\/ali upo\u010dasni proces ohlajanja.","og_url":"https:\/\/ibcparts.eu\/de\/produkt\/insulation-cover-for-200l-drum\/","og_site_name":"IBCparts.eu","article_modified_time":"2025-11-23T18:00:13+00:00","og_image":[{"width":500,"height":500,"url":"https:\/\/ibcparts.eu\/wp-content\/uploads\/2025\/11\/Izolacijski-pokrov-za-200L-sod-min.png","type":"image\/png"}],"twitter_card":"summary_large_image","schema":{"@context":"https:\/\/schema.org","@graph":[{"@type":"WebPage","@id":"https:\/\/ibcparts.eu\/izdelek\/izolacijski-pokrov-za-200l-sod\/","url":"https:\/\/ibcparts.eu\/izdelek\/izolacijski-pokrov-za-200l-sod\/","name":"Izolacijski pokrov za 200L sod | IBCparts.eu","isPartOf":{"@id":"https:\/\/ibcparts.eu\/#website"},"primaryImageOfPage":{"@id":"https:\/\/ibcparts.eu\/izdelek\/izolacijski-pokrov-za-200l-sod\/#primaryimage"},"image":{"@id":"https:\/\/ibcparts.eu\/izdelek\/izolacijski-pokrov-za-200l-sod\/#primaryimage"},"thumbnailUrl":"https:\/\/ibcparts.eu\/wp-content\/uploads\/2025\/11\/Izolacijski-pokrov-za-200L-sod-min.png","datePublished":"2025-11-23T17:26:52+00:00","dateModified":"2025-11-23T18:00:13+00:00","description":"Izolacijski pokrov za 200L sod. Lahko uporablja v kombinaciji z grelnim pla\u0161\u010dem za sod, da se pospe\u0161i proces segrevanja in\/ali upo\u010dasni proces ohlajanja.","breadcrumb":{"@id":"https:\/\/ibcparts.eu\/izdelek\/izolacijski-pokrov-za-200l-sod\/#breadcrumb"},"inLanguage":"de","potentialAction":[{"@type":"ReadAction","target":["https:\/\/ibcparts.eu\/izdelek\/izolacijski-pokrov-za-200l-sod\/"]}]},{"@type":"ImageObject","inLanguage":"de","@id":"https:\/\/ibcparts.eu\/izdelek\/izolacijski-pokrov-za-200l-sod\/#primaryimage","url":"https:\/\/ibcparts.eu\/wp-content\/uploads\/2025\/11\/Izolacijski-pokrov-za-200L-sod-min.png","contentUrl":"https:\/\/ibcparts.eu\/wp-content\/uploads\/2025\/11\/Izolacijski-pokrov-za-200L-sod-min.png","width":500,"height":500,"caption":"Izolacijski pokrov za 200L sod"},{"@type":"BreadcrumbList","@id":"https:\/\/ibcparts.eu\/izdelek\/izolacijski-pokrov-za-200l-sod\/#breadcrumb","itemListElement":[{"@type":"ListItem","position":1,"name":"Home","item":"https:\/\/ibcparts.eu\/"},{"@type":"ListItem","position":2,"name":"Nakupujte","item":"https:\/\/ibcparts.eu\/nakupujte\/"},{"@type":"ListItem","position":3,"name":"Izolacijski pokrov za 200L sod"}]},{"@type":"WebSite","@id":"https:\/\/ibcparts.eu\/#website","url":"https:\/\/ibcparts.eu\/","name":"IBC-Teile.eu","description":"","publisher":{"@id":"https:\/\/ibcparts.eu\/#organization"},"potentialAction":[{"@type":"SearchAction","target":{"@type":"EntryPoint","urlTemplate":"https:\/\/ibcparts.eu\/?s={search_term_string}"},"query-input":{"@type":"PropertyValueSpecification","valueRequired":true,"valueName":"search_term_string"}}],"inLanguage":"de"},{"@type":"Organization","@id":"https:\/\/ibcparts.eu\/#organization","name":"IBC-Teile","url":"https:\/\/ibcparts.eu\/","logo":{"@type":"ImageObject","inLanguage":"de","@id":"https:\/\/ibcparts.eu\/#\/schema\/logo\/image\/","url":"https:\/\/ibcparts.eu\/wp-content\/uploads\/2021\/10\/Footer-Logo.png","contentUrl":"https:\/\/ibcparts.eu\/wp-content\/uploads\/2021\/10\/Footer-Logo.png","width":1992,"height":772,"caption":"IBCparts"},"image":{"@id":"https:\/\/ibcparts.eu\/#\/schema\/logo\/image\/"}}]}},"_links":{"self":[{"href":"https:\/\/ibcparts.eu\/de\/wp-json\/wp\/v2\/product\/18252","targetHints":{"allow":["GET"]}}],"collection":[{"href":"https:\/\/ibcparts.eu\/de\/wp-json\/wp\/v2\/product"}],"about":[{"href":"https:\/\/ibcparts.eu\/de\/wp-json\/wp\/v2\/types\/product"}],"version-history":[{"count":0,"href":"https:\/\/ibcparts.eu\/de\/wp-json\/wp\/v2\/product\/18252\/revisions"}],"wp:featuredmedia":[{"embeddable":true,"href":"https:\/\/ibcparts.eu\/de\/wp-json\/wp\/v2\/media\/18264"}],"wp:attachment":[{"href":"https:\/\/ibcparts.eu\/de\/wp-json\/wp\/v2\/media?parent=18252"}],"wp:term":[{"taxonomy":"product_brand","embeddable":true,"href":"https:\/\/ibcparts.eu\/de\/wp-json\/wp\/v2\/product_brand?post=18252"},{"taxonomy":"product_cat","embeddable":true,"href":"https:\/\/ibcparts.eu\/de\/wp-json\/wp\/v2\/product_cat?post=18252"},{"taxonomy":"product_tag","embeddable":true,"href":"https:\/\/ibcparts.eu\/de\/wp-json\/wp\/v2\/product_tag?post=18252"}],"curies":[{"name":"wp","href":"https:\/\/api.w.org\/{rel}","templated":true}]}}